{"id":4267,"date":"2022-10-13T07:41:15","date_gmt":"2022-10-13T04:41:15","guid":{"rendered":"https:\/\/aidon.com\/?page_id=4267"},"modified":"2024-09-25T17:34:47","modified_gmt":"2024-09-25T14:34:47","slug":"myaidon","status":"publish","type":"page","link":"https:\/\/aidon.com\/sv\/myaidon\/","title":{"rendered":"MyAidon-kundportal"},"content":{"rendered":"<p><img loading=\"lazy\" decoding=\"async\" class=\"wp-image-15348 size-full aligncenter\" src=\"https:\/\/aidon.com\/wp-content\/uploads\/2024\/09\/MyAidon_bnr_web_no.png\" alt=\"\" width=\"600\" height=\"200\" srcset=\"https:\/\/aidon.com\/wp-content\/uploads\/2024\/09\/MyAidon_bnr_web_no.png 600w, https:\/\/aidon.com\/wp-content\/uploads\/2024\/09\/MyAidon_bnr_web_no-300x100.png 300w\" sizes=\"auto, (max-width: 600px) 100vw, 600px\" \/><\/p>\n<h2>MyAidon-kundportal<\/h2>\n<p>MyAidon samlar information om Aidons produkter och tj\u00e4nster i en gemensam portal, d\u00e4r du enkelt kan hitta aktuella beskrivningar av v\u00e5ra produkter och tj\u00e4nster. MyAidon kommer ocks\u00e5 att ge dig de senaste nyheterna fr\u00e5n Aidon som kan vara av intresse f\u00f6r dig som kund.<\/p>\n<p>Vi utvecklar st\u00e4ndigt inneh\u00e5llet och det finns m\u00e5nga goda sk\u00e4l att f\u00f6lja vad som h\u00e4nder i MyAidon.<\/p>\n<p>G\u00e5 till MyAidon-portalen:<\/p>\n<p><a class=\"cta inside\" href=\"http:\/\/www.myaidon.com\/\" target=\"_blank\" rel=\"noopener\">MyAidon portal<\/a><\/p>\n<p>Om du inte har tillg\u00e5ng till portalen \u00e4nnu kan du skicka en f\u00f6rfr\u00e5gan via den h\u00e4r l\u00e4nken:<\/p>\n<p><a class=\"cta inside\" href=\"https:\/\/aidon.com\/sv\/myaidon\/myaidon-registrering\/\" target=\"_blank\" rel=\"noopener\">Request portal access<\/a><\/p>\n<p>Om du har problem eller fr\u00e5gor om MyAidon, v\u00e4nligen kontakta <a href=\"mailto:info@aidon.com\" target=\"_blank\" rel=\"noopener\">info@aidon.com<\/a>.<\/p>\n","protected":false},"excerpt":{"rendered":"<p>MyAidon-kundportal MyAidon samlar information om Aidons produkter och tj\u00e4nster i en gemensam portal, d\u00e4r du enkelt kan hitta aktuella beskrivningar av v\u00e5ra produkter och tj\u00e4nster. MyAidon kommer ocks\u00e5 att ge dig de senaste nyheterna fr\u00e5n Aidon som kan vara av intresse f\u00f6r dig som kund. Vi utvecklar st\u00e4ndigt inneh\u00e5llet och&hellip;<\/p>\n","protected":false},"author":2,"featured_media":0,"parent":0,"menu_order":0,"comment_status":"closed","ping_status":"closed","template":"page-landingpage-with-nav.php","meta":{"_acf_changed":false,"footnotes":""},"class_list":["post-4267","page","type-page","status-publish","hentry"],"acf":[],"yoast_head":"<!-- This site is optimized with the Yoast SEO plugin v27.0 - https:\/\/yoast.com\/product\/yoast-seo-wordpress\/ -->\n<title>MyAidon-kundportal - Aidon<\/title>\n<meta name=\"robots\" content=\"noindex, nofollow\" \/>\n<meta property=\"og:locale\" content=\"sv_SE\" \/>\n<meta property=\"og:type\" content=\"article\" \/>\n<meta property=\"og:title\" content=\"MyAidon-kundportal - Aidon\" \/>\n<meta property=\"og:description\" content=\"MyAidon-kundportal MyAidon samlar information om Aidons produkter och tj\u00e4nster i en gemensam portal, d\u00e4r du enkelt kan hitta aktuella beskrivningar av v\u00e5ra produkter och tj\u00e4nster. MyAidon kommer ocks\u00e5 att ge dig de senaste nyheterna fr\u00e5n Aidon som kan vara av intresse f\u00f6r dig som kund. Vi utvecklar st\u00e4ndigt inneh\u00e5llet och&hellip;\" \/>\n<meta property=\"og:url\" content=\"https:\/\/aidon.com\/sv\/myaidon\/\" \/>\n<meta property=\"og:site_name\" content=\"Aidon\" \/>\n<meta property=\"article:modified_time\" content=\"2024-09-25T14:34:47+00:00\" \/>\n<meta property=\"og:image\" content=\"https:\/\/aidon.com\/wp-content\/uploads\/2024\/09\/MyAidon_bnr_web_no.png\" \/>\n<meta name=\"twitter:card\" content=\"summary_large_image\" \/>\n<meta name=\"twitter:label1\" content=\"Ber\u00e4knad l\u00e4stid\" \/>\n\t<meta name=\"twitter:data1\" content=\"1 minut\" \/>\n<script type=\"application\/ld+json\" class=\"yoast-schema-graph\">{\"@context\":\"https:\/\/schema.org\",\"@graph\":[{\"@type\":\"WebPage\",\"@id\":\"https:\/\/aidon.com\/sv\/myaidon\/\",\"url\":\"https:\/\/aidon.com\/sv\/myaidon\/\",\"name\":\"MyAidon-kundportal - Aidon\",\"isPartOf\":{\"@id\":\"https:\/\/aidon.com\/sv\/#website\"},\"primaryImageOfPage\":{\"@id\":\"https:\/\/aidon.com\/sv\/myaidon\/#primaryimage\"},\"image\":{\"@id\":\"https:\/\/aidon.com\/sv\/myaidon\/#primaryimage\"},\"thumbnailUrl\":\"https:\/\/aidon.com\/wp-content\/uploads\/2024\/09\/MyAidon_bnr_web_no.png\",\"datePublished\":\"2022-10-13T04:41:15+00:00\",\"dateModified\":\"2024-09-25T14:34:47+00:00\",\"inLanguage\":\"sv-SE\",\"potentialAction\":[{\"@type\":\"ReadAction\",\"target\":[\"https:\/\/aidon.com\/sv\/myaidon\/\"]}]},{\"@type\":\"ImageObject\",\"inLanguage\":\"sv-SE\",\"@id\":\"https:\/\/aidon.com\/sv\/myaidon\/#primaryimage\",\"url\":\"https:\/\/aidon.com\/wp-content\/uploads\/2024\/09\/MyAidon_bnr_web_no.png\",\"contentUrl\":\"https:\/\/aidon.com\/wp-content\/uploads\/2024\/09\/MyAidon_bnr_web_no.png\"},{\"@type\":\"WebSite\",\"@id\":\"https:\/\/aidon.com\/sv\/#website\",\"url\":\"https:\/\/aidon.com\/sv\/\",\"name\":\"Aidon\",\"description\":\"\",\"potentialAction\":[{\"@type\":\"SearchAction\",\"target\":{\"@type\":\"EntryPoint\",\"urlTemplate\":\"https:\/\/aidon.com\/sv\/?s={search_term_string}\"},\"query-input\":{\"@type\":\"PropertyValueSpecification\",\"valueRequired\":true,\"valueName\":\"search_term_string\"}}],\"inLanguage\":\"sv-SE\"}]}<\/script>\n<!-- \/ Yoast SEO plugin. -->","yoast_head_json":{"title":"MyAidon-kundportal - Aidon","robots":{"index":"noindex","follow":"nofollow"},"og_locale":"sv_SE","og_type":"article","og_title":"MyAidon-kundportal - Aidon","og_description":"MyAidon-kundportal MyAidon samlar information om Aidons produkter och tj\u00e4nster i en gemensam portal, d\u00e4r du enkelt kan hitta aktuella beskrivningar av v\u00e5ra produkter och tj\u00e4nster. MyAidon kommer ocks\u00e5 att ge dig de senaste nyheterna fr\u00e5n Aidon som kan vara av intresse f\u00f6r dig som kund. Vi utvecklar st\u00e4ndigt inneh\u00e5llet och&hellip;","og_url":"https:\/\/aidon.com\/sv\/myaidon\/","og_site_name":"Aidon","article_modified_time":"2024-09-25T14:34:47+00:00","og_image":[{"url":"https:\/\/aidon.com\/wp-content\/uploads\/2024\/09\/MyAidon_bnr_web_no.png","type":"","width":"","height":""}],"twitter_card":"summary_large_image","twitter_misc":{"Ber\u00e4knad l\u00e4stid":"1 minut"},"schema":{"@context":"https:\/\/schema.org","@graph":[{"@type":"WebPage","@id":"https:\/\/aidon.com\/sv\/myaidon\/","url":"https:\/\/aidon.com\/sv\/myaidon\/","name":"MyAidon-kundportal - Aidon","isPartOf":{"@id":"https:\/\/aidon.com\/sv\/#website"},"primaryImageOfPage":{"@id":"https:\/\/aidon.com\/sv\/myaidon\/#primaryimage"},"image":{"@id":"https:\/\/aidon.com\/sv\/myaidon\/#primaryimage"},"thumbnailUrl":"https:\/\/aidon.com\/wp-content\/uploads\/2024\/09\/MyAidon_bnr_web_no.png","datePublished":"2022-10-13T04:41:15+00:00","dateModified":"2024-09-25T14:34:47+00:00","inLanguage":"sv-SE","potentialAction":[{"@type":"ReadAction","target":["https:\/\/aidon.com\/sv\/myaidon\/"]}]},{"@type":"ImageObject","inLanguage":"sv-SE","@id":"https:\/\/aidon.com\/sv\/myaidon\/#primaryimage","url":"https:\/\/aidon.com\/wp-content\/uploads\/2024\/09\/MyAidon_bnr_web_no.png","contentUrl":"https:\/\/aidon.com\/wp-content\/uploads\/2024\/09\/MyAidon_bnr_web_no.png"},{"@type":"WebSite","@id":"https:\/\/aidon.com\/sv\/#website","url":"https:\/\/aidon.com\/sv\/","name":"Aidon","description":"","potentialAction":[{"@type":"SearchAction","target":{"@type":"EntryPoint","urlTemplate":"https:\/\/aidon.com\/sv\/?s={search_term_string}"},"query-input":{"@type":"PropertyValueSpecification","valueRequired":true,"valueName":"search_term_string"}}],"inLanguage":"sv-SE"}]}},"_links":{"self":[{"href":"https:\/\/aidon.com\/sv\/wp-json\/wp\/v2\/pages\/4267","targetHints":{"allow":["GET"]}}],"collection":[{"href":"https:\/\/aidon.com\/sv\/wp-json\/wp\/v2\/pages"}],"about":[{"href":"https:\/\/aidon.com\/sv\/wp-json\/wp\/v2\/types\/page"}],"author":[{"embeddable":true,"href":"https:\/\/aidon.com\/sv\/wp-json\/wp\/v2\/users\/2"}],"replies":[{"embeddable":true,"href":"https:\/\/aidon.com\/sv\/wp-json\/wp\/v2\/comments?post=4267"}],"version-history":[{"count":7,"href":"https:\/\/aidon.com\/sv\/wp-json\/wp\/v2\/pages\/4267\/revisions"}],"predecessor-version":[{"id":15360,"href":"https:\/\/aidon.com\/sv\/wp-json\/wp\/v2\/pages\/4267\/revisions\/15360"}],"wp:attachment":[{"href":"https:\/\/aidon.com\/sv\/wp-json\/wp\/v2\/media?parent=4267"}],"curies":[{"name":"wp","href":"https:\/\/api.w.org\/{rel}","templated":true}]}}