{"id":4016,"date":"2022-09-20T13:29:40","date_gmt":"2022-09-20T10:29:40","guid":{"rendered":"https:\/\/aidon.com\/?page_id=4016"},"modified":"2024-10-24T13:17:06","modified_gmt":"2024-10-24T10:17:06","slug":"certificat","status":"publish","type":"page","link":"https:\/\/aidon.com\/sv\/hallbarhet\/certificat\/","title":{"rendered":"Certificat"},"content":{"rendered":"<p><strong>Aidon innehar fyra certifikat och fokuserar p\u00e5 kontinuerlig f\u00f6rb\u00e4ttring av sitt operativa ledningssystem.<\/strong><\/p>\n","protected":false},"excerpt":{"rendered":"<p>Aidon innehar fyra certifikat och fokuserar p\u00e5 kontinuerlig f\u00f6rb\u00e4ttring av sitt operativa ledningssystem.<\/p>\n","protected":false},"author":2,"featured_media":856,"parent":3732,"menu_order":6,"comment_status":"closed","ping_status":"closed","template":"","meta":{"_acf_changed":false,"footnotes":""},"class_list":["post-4016","page","type-page","status-publish","has-post-thumbnail","hentry"],"acf":[],"yoast_head":"<!-- This site is optimized with the Yoast SEO plugin v27.0 - https:\/\/yoast.com\/product\/yoast-seo-wordpress\/ -->\n<title>Certificat - Aidon<\/title>\n<meta name=\"robots\" content=\"index, follow, max-snippet:-1, max-image-preview:large, max-video-preview:-1\" \/>\n<link rel=\"canonical\" href=\"https:\/\/aidon.com\/sv\/hallbarhet\/certificat\/\" \/>\n<meta property=\"og:locale\" content=\"sv_SE\" \/>\n<meta property=\"og:type\" content=\"article\" \/>\n<meta property=\"og:title\" content=\"Certificat - Aidon\" \/>\n<meta property=\"og:description\" content=\"Aidon innehar fyra certifikat och fokuserar p\u00e5 kontinuerlig f\u00f6rb\u00e4ttring av sitt operativa ledningssystem.\" \/>\n<meta property=\"og:url\" content=\"https:\/\/aidon.com\/sv\/hallbarhet\/certificat\/\" \/>\n<meta property=\"og:site_name\" content=\"Aidon\" \/>\n<meta property=\"article:modified_time\" content=\"2024-10-24T10:17:06+00:00\" \/>\n<meta property=\"og:image\" content=\"https:\/\/aidon.com\/wp-content\/uploads\/2022\/09\/Certificates_1900.jpg\" \/>\n\t<meta property=\"og:image:width\" content=\"1900\" \/>\n\t<meta property=\"og:image:height\" content=\"1267\" \/>\n\t<meta property=\"og:image:type\" content=\"image\/jpeg\" \/>\n<meta name=\"twitter:card\" content=\"summary_large_image\" \/>\n<meta name=\"twitter:label1\" content=\"Ber\u00e4knad l\u00e4stid\" \/>\n\t<meta name=\"twitter:data1\" content=\"1 minut\" \/>\n<script type=\"application\/ld+json\" class=\"yoast-schema-graph\">{\"@context\":\"https:\/\/schema.org\",\"@graph\":[{\"@type\":\"WebPage\",\"@id\":\"https:\/\/aidon.com\/sv\/hallbarhet\/certificat\/\",\"url\":\"https:\/\/aidon.com\/sv\/hallbarhet\/certificat\/\",\"name\":\"Certificat - Aidon\",\"isPartOf\":{\"@id\":\"https:\/\/aidon.com\/sv\/#website\"},\"primaryImageOfPage\":{\"@id\":\"https:\/\/aidon.com\/sv\/hallbarhet\/certificat\/#primaryimage\"},\"image\":{\"@id\":\"https:\/\/aidon.com\/sv\/hallbarhet\/certificat\/#primaryimage\"},\"thumbnailUrl\":\"https:\/\/aidon.com\/wp-content\/uploads\/2022\/09\/Certificates_1900.jpg\",\"datePublished\":\"2022-09-20T10:29:40+00:00\",\"dateModified\":\"2024-10-24T10:17:06+00:00\",\"breadcrumb\":{\"@id\":\"https:\/\/aidon.com\/sv\/hallbarhet\/certificat\/#breadcrumb\"},\"inLanguage\":\"sv-SE\",\"potentialAction\":[{\"@type\":\"ReadAction\",\"target\":[\"https:\/\/aidon.com\/sv\/hallbarhet\/certificat\/\"]}]},{\"@type\":\"ImageObject\",\"inLanguage\":\"sv-SE\",\"@id\":\"https:\/\/aidon.com\/sv\/hallbarhet\/certificat\/#primaryimage\",\"url\":\"https:\/\/aidon.com\/wp-content\/uploads\/2022\/09\/Certificates_1900.jpg\",\"contentUrl\":\"https:\/\/aidon.com\/wp-content\/uploads\/2022\/09\/Certificates_1900.jpg\",\"width\":1900,\"height\":1267},{\"@type\":\"BreadcrumbList\",\"@id\":\"https:\/\/aidon.com\/sv\/hallbarhet\/certificat\/#breadcrumb\",\"itemListElement\":[{\"@type\":\"ListItem\",\"position\":1,\"name\":\"H\u00e5llbarhet\",\"item\":\"https:\/\/aidon.com\/sv\/hallbarhet\/\"},{\"@type\":\"ListItem\",\"position\":2,\"name\":\"Certificat\"}]},{\"@type\":\"WebSite\",\"@id\":\"https:\/\/aidon.com\/sv\/#website\",\"url\":\"https:\/\/aidon.com\/sv\/\",\"name\":\"Aidon\",\"description\":\"\",\"potentialAction\":[{\"@type\":\"SearchAction\",\"target\":{\"@type\":\"EntryPoint\",\"urlTemplate\":\"https:\/\/aidon.com\/sv\/?s={search_term_string}\"},\"query-input\":{\"@type\":\"PropertyValueSpecification\",\"valueRequired\":true,\"valueName\":\"search_term_string\"}}],\"inLanguage\":\"sv-SE\"}]}<\/script>\n<!-- \/ Yoast SEO plugin. -->","yoast_head_json":{"title":"Certificat - Aidon","robots":{"index":"index","follow":"follow","max-snippet":"max-snippet:-1","max-image-preview":"max-image-preview:large","max-video-preview":"max-video-preview:-1"},"canonical":"https:\/\/aidon.com\/sv\/hallbarhet\/certificat\/","og_locale":"sv_SE","og_type":"article","og_title":"Certificat - Aidon","og_description":"Aidon innehar fyra certifikat och fokuserar p\u00e5 kontinuerlig f\u00f6rb\u00e4ttring av sitt operativa ledningssystem.","og_url":"https:\/\/aidon.com\/sv\/hallbarhet\/certificat\/","og_site_name":"Aidon","article_modified_time":"2024-10-24T10:17:06+00:00","og_image":[{"width":1900,"height":1267,"url":"https:\/\/aidon.com\/wp-content\/uploads\/2022\/09\/Certificates_1900.jpg","type":"image\/jpeg"}],"twitter_card":"summary_large_image","twitter_misc":{"Ber\u00e4knad l\u00e4stid":"1 minut"},"schema":{"@context":"https:\/\/schema.org","@graph":[{"@type":"WebPage","@id":"https:\/\/aidon.com\/sv\/hallbarhet\/certificat\/","url":"https:\/\/aidon.com\/sv\/hallbarhet\/certificat\/","name":"Certificat - Aidon","isPartOf":{"@id":"https:\/\/aidon.com\/sv\/#website"},"primaryImageOfPage":{"@id":"https:\/\/aidon.com\/sv\/hallbarhet\/certificat\/#primaryimage"},"image":{"@id":"https:\/\/aidon.com\/sv\/hallbarhet\/certificat\/#primaryimage"},"thumbnailUrl":"https:\/\/aidon.com\/wp-content\/uploads\/2022\/09\/Certificates_1900.jpg","datePublished":"2022-09-20T10:29:40+00:00","dateModified":"2024-10-24T10:17:06+00:00","breadcrumb":{"@id":"https:\/\/aidon.com\/sv\/hallbarhet\/certificat\/#breadcrumb"},"inLanguage":"sv-SE","potentialAction":[{"@type":"ReadAction","target":["https:\/\/aidon.com\/sv\/hallbarhet\/certificat\/"]}]},{"@type":"ImageObject","inLanguage":"sv-SE","@id":"https:\/\/aidon.com\/sv\/hallbarhet\/certificat\/#primaryimage","url":"https:\/\/aidon.com\/wp-content\/uploads\/2022\/09\/Certificates_1900.jpg","contentUrl":"https:\/\/aidon.com\/wp-content\/uploads\/2022\/09\/Certificates_1900.jpg","width":1900,"height":1267},{"@type":"BreadcrumbList","@id":"https:\/\/aidon.com\/sv\/hallbarhet\/certificat\/#breadcrumb","itemListElement":[{"@type":"ListItem","position":1,"name":"H\u00e5llbarhet","item":"https:\/\/aidon.com\/sv\/hallbarhet\/"},{"@type":"ListItem","position":2,"name":"Certificat"}]},{"@type":"WebSite","@id":"https:\/\/aidon.com\/sv\/#website","url":"https:\/\/aidon.com\/sv\/","name":"Aidon","description":"","potentialAction":[{"@type":"SearchAction","target":{"@type":"EntryPoint","urlTemplate":"https:\/\/aidon.com\/sv\/?s={search_term_string}"},"query-input":{"@type":"PropertyValueSpecification","valueRequired":true,"valueName":"search_term_string"}}],"inLanguage":"sv-SE"}]}},"_links":{"self":[{"href":"https:\/\/aidon.com\/sv\/wp-json\/wp\/v2\/pages\/4016","targetHints":{"allow":["GET"]}}],"collection":[{"href":"https:\/\/aidon.com\/sv\/wp-json\/wp\/v2\/pages"}],"about":[{"href":"https:\/\/aidon.com\/sv\/wp-json\/wp\/v2\/types\/page"}],"author":[{"embeddable":true,"href":"https:\/\/aidon.com\/sv\/wp-json\/wp\/v2\/users\/2"}],"replies":[{"embeddable":true,"href":"https:\/\/aidon.com\/sv\/wp-json\/wp\/v2\/comments?post=4016"}],"version-history":[{"count":9,"href":"https:\/\/aidon.com\/sv\/wp-json\/wp\/v2\/pages\/4016\/revisions"}],"predecessor-version":[{"id":15602,"href":"https:\/\/aidon.com\/sv\/wp-json\/wp\/v2\/pages\/4016\/revisions\/15602"}],"up":[{"embeddable":true,"href":"https:\/\/aidon.com\/sv\/wp-json\/wp\/v2\/pages\/3732"}],"wp:featuredmedia":[{"embeddable":true,"href":"https:\/\/aidon.com\/sv\/wp-json\/wp\/v2\/media\/856"}],"wp:attachment":[{"href":"https:\/\/aidon.com\/sv\/wp-json\/wp\/v2\/media?parent=4016"}],"curies":[{"name":"wp","href":"https:\/\/api.w.org\/{rel}","templated":true}]}}