{"id":4010,"date":"2022-09-09T09:39:36","date_gmt":"2022-09-09T06:39:36","guid":{"rendered":"https:\/\/aidon.com\/?page_id=4010"},"modified":"2025-09-18T08:23:51","modified_gmt":"2025-09-18T05:23:51","slug":"resultat-och-nyckeltal","status":"publish","type":"page","link":"https:\/\/aidon.com\/sv\/hallbarhet\/resultat-och-nyckeltal\/","title":{"rendered":"Resultat &#038; Nyckeltal"},"content":{"rendered":"<h2>Vi \u00e4r fast beslutna att agera och leverera p\u00e5 v\u00e5r ambiti\u00f6sa m\u00e5ls\u00e4ttning<\/h2>\n<p>P\u00e5 Aidon fokuserar vi p\u00e5 att fr\u00e4mja h\u00e5llbarhet i v\u00e5r verksamhet, och vi f\u00f6ljer kontinuerligt upp v\u00e5r egen prestation. Vi f\u00f6ljer upp de viktigaste nyckeltalen f\u00f6r att ha m\u00f6jlighet att minska v\u00e5rt koldioxidavtryck och bidra till ett positivt klimatavtryck.<\/p>\n<p><img loading=\"lazy\" decoding=\"async\" class=\"alignnone wp-image-17695\" src=\"https:\/\/aidon.com\/wp-content\/uploads\/2025\/09\/Sustainablity-Report-2024-KPIs-extract-for-website.png\" alt=\"\" width=\"800\" height=\"339\" srcset=\"https:\/\/aidon.com\/wp-content\/uploads\/2025\/09\/Sustainablity-Report-2024-KPIs-extract-for-website.png 1035w, https:\/\/aidon.com\/wp-content\/uploads\/2025\/09\/Sustainablity-Report-2024-KPIs-extract-for-website-300x127.png 300w, https:\/\/aidon.com\/wp-content\/uploads\/2025\/09\/Sustainablity-Report-2024-KPIs-extract-for-website-1024x434.png 1024w, https:\/\/aidon.com\/wp-content\/uploads\/2025\/09\/Sustainablity-Report-2024-KPIs-extract-for-website-768x326.png 768w\" sizes=\"auto, (max-width: 800px) 100vw, 800px\" \/><\/p>\n<p>L\u00e4s mer om nyckeltalen och resultaten i <a href=\"https:\/\/aidon.com\/wp-content\/uploads\/2025\/06\/Aidon_Sustainability_Report_2024_final_web_v2.pdf\" target=\"_blank\" rel=\"noopener\">H\u00e5llbarhetsredovisningen 2024<\/a>.<\/p>\n","protected":false},"excerpt":{"rendered":"<p>Vi \u00e4r fast beslutna att agera och leverera p\u00e5 v\u00e5r ambiti\u00f6sa m\u00e5ls\u00e4ttning P\u00e5 Aidon fokuserar vi p\u00e5 att fr\u00e4mja h\u00e5llbarhet i v\u00e5r verksamhet, och vi f\u00f6ljer kontinuerligt upp v\u00e5r egen prestation. Vi f\u00f6ljer upp de viktigaste nyckeltalen f\u00f6r att ha m\u00f6jlighet att minska v\u00e5rt koldioxidavtryck och bidra till ett positivt&hellip;<\/p>\n","protected":false},"author":2,"featured_media":864,"parent":3732,"menu_order":3,"comment_status":"closed","ping_status":"closed","template":"","meta":{"_acf_changed":false,"footnotes":""},"class_list":["post-4010","page","type-page","status-publish","has-post-thumbnail","hentry"],"acf":[],"yoast_head":"<!-- This site is optimized with the Yoast SEO plugin v27.0 - https:\/\/yoast.com\/product\/yoast-seo-wordpress\/ -->\n<title>Resultat &amp; Nyckeltal - Aidon<\/title>\n<meta name=\"robots\" content=\"index, follow, max-snippet:-1, max-image-preview:large, max-video-preview:-1\" \/>\n<link rel=\"canonical\" href=\"https:\/\/aidon.com\/sv\/hallbarhet\/resultat-och-nyckeltal\/\" \/>\n<meta property=\"og:locale\" content=\"sv_SE\" \/>\n<meta property=\"og:type\" content=\"article\" \/>\n<meta property=\"og:title\" content=\"Resultat &amp; Nyckeltal - Aidon\" \/>\n<meta property=\"og:description\" content=\"Vi \u00e4r fast beslutna att agera och leverera p\u00e5 v\u00e5r ambiti\u00f6sa m\u00e5ls\u00e4ttning P\u00e5 Aidon fokuserar vi p\u00e5 att fr\u00e4mja h\u00e5llbarhet i v\u00e5r verksamhet, och vi f\u00f6ljer kontinuerligt upp v\u00e5r egen prestation. Vi f\u00f6ljer upp de viktigaste nyckeltalen f\u00f6r att ha m\u00f6jlighet att minska v\u00e5rt koldioxidavtryck och bidra till ett positivt&hellip;\" \/>\n<meta property=\"og:url\" content=\"https:\/\/aidon.com\/sv\/hallbarhet\/resultat-och-nyckeltal\/\" \/>\n<meta property=\"og:site_name\" content=\"Aidon\" \/>\n<meta property=\"article:modified_time\" content=\"2025-09-18T05:23:51+00:00\" \/>\n<meta property=\"og:image\" content=\"https:\/\/aidon.com\/wp-content\/uploads\/2022\/09\/Achievements_KPIs_1920_vert2-1024x683.jpg\" \/>\n\t<meta property=\"og:image:width\" content=\"1024\" \/>\n\t<meta property=\"og:image:height\" content=\"683\" \/>\n\t<meta property=\"og:image:type\" content=\"image\/jpeg\" \/>\n<meta name=\"twitter:card\" content=\"summary_large_image\" \/>\n<meta name=\"twitter:label1\" content=\"Ber\u00e4knad l\u00e4stid\" \/>\n\t<meta name=\"twitter:data1\" content=\"1 minut\" \/>\n<script type=\"application\/ld+json\" class=\"yoast-schema-graph\">{\"@context\":\"https:\/\/schema.org\",\"@graph\":[{\"@type\":\"WebPage\",\"@id\":\"https:\/\/aidon.com\/sv\/hallbarhet\/resultat-och-nyckeltal\/\",\"url\":\"https:\/\/aidon.com\/sv\/hallbarhet\/resultat-och-nyckeltal\/\",\"name\":\"Resultat & Nyckeltal - Aidon\",\"isPartOf\":{\"@id\":\"https:\/\/aidon.com\/sv\/#website\"},\"primaryImageOfPage\":{\"@id\":\"https:\/\/aidon.com\/sv\/hallbarhet\/resultat-och-nyckeltal\/#primaryimage\"},\"image\":{\"@id\":\"https:\/\/aidon.com\/sv\/hallbarhet\/resultat-och-nyckeltal\/#primaryimage\"},\"thumbnailUrl\":\"https:\/\/aidon.com\/wp-content\/uploads\/2022\/09\/Achievements_KPIs_1920_vert2.jpg\",\"datePublished\":\"2022-09-09T06:39:36+00:00\",\"dateModified\":\"2025-09-18T05:23:51+00:00\",\"breadcrumb\":{\"@id\":\"https:\/\/aidon.com\/sv\/hallbarhet\/resultat-och-nyckeltal\/#breadcrumb\"},\"inLanguage\":\"sv-SE\",\"potentialAction\":[{\"@type\":\"ReadAction\",\"target\":[\"https:\/\/aidon.com\/sv\/hallbarhet\/resultat-och-nyckeltal\/\"]}]},{\"@type\":\"ImageObject\",\"inLanguage\":\"sv-SE\",\"@id\":\"https:\/\/aidon.com\/sv\/hallbarhet\/resultat-och-nyckeltal\/#primaryimage\",\"url\":\"https:\/\/aidon.com\/wp-content\/uploads\/2022\/09\/Achievements_KPIs_1920_vert2.jpg\",\"contentUrl\":\"https:\/\/aidon.com\/wp-content\/uploads\/2022\/09\/Achievements_KPIs_1920_vert2.jpg\",\"width\":1900,\"height\":1267},{\"@type\":\"BreadcrumbList\",\"@id\":\"https:\/\/aidon.com\/sv\/hallbarhet\/resultat-och-nyckeltal\/#breadcrumb\",\"itemListElement\":[{\"@type\":\"ListItem\",\"position\":1,\"name\":\"H\u00e5llbarhet\",\"item\":\"https:\/\/aidon.com\/sv\/hallbarhet\/\"},{\"@type\":\"ListItem\",\"position\":2,\"name\":\"Resultat &#038; Nyckeltal\"}]},{\"@type\":\"WebSite\",\"@id\":\"https:\/\/aidon.com\/sv\/#website\",\"url\":\"https:\/\/aidon.com\/sv\/\",\"name\":\"Aidon\",\"description\":\"\",\"potentialAction\":[{\"@type\":\"SearchAction\",\"target\":{\"@type\":\"EntryPoint\",\"urlTemplate\":\"https:\/\/aidon.com\/sv\/?s={search_term_string}\"},\"query-input\":{\"@type\":\"PropertyValueSpecification\",\"valueRequired\":true,\"valueName\":\"search_term_string\"}}],\"inLanguage\":\"sv-SE\"}]}<\/script>\n<!-- \/ Yoast SEO plugin. -->","yoast_head_json":{"title":"Resultat & Nyckeltal - Aidon","robots":{"index":"index","follow":"follow","max-snippet":"max-snippet:-1","max-image-preview":"max-image-preview:large","max-video-preview":"max-video-preview:-1"},"canonical":"https:\/\/aidon.com\/sv\/hallbarhet\/resultat-och-nyckeltal\/","og_locale":"sv_SE","og_type":"article","og_title":"Resultat & Nyckeltal - Aidon","og_description":"Vi \u00e4r fast beslutna att agera och leverera p\u00e5 v\u00e5r ambiti\u00f6sa m\u00e5ls\u00e4ttning P\u00e5 Aidon fokuserar vi p\u00e5 att fr\u00e4mja h\u00e5llbarhet i v\u00e5r verksamhet, och vi f\u00f6ljer kontinuerligt upp v\u00e5r egen prestation. Vi f\u00f6ljer upp de viktigaste nyckeltalen f\u00f6r att ha m\u00f6jlighet att minska v\u00e5rt koldioxidavtryck och bidra till ett positivt&hellip;","og_url":"https:\/\/aidon.com\/sv\/hallbarhet\/resultat-och-nyckeltal\/","og_site_name":"Aidon","article_modified_time":"2025-09-18T05:23:51+00:00","og_image":[{"width":1024,"height":683,"url":"https:\/\/aidon.com\/wp-content\/uploads\/2022\/09\/Achievements_KPIs_1920_vert2-1024x683.jpg","type":"image\/jpeg"}],"twitter_card":"summary_large_image","twitter_misc":{"Ber\u00e4knad l\u00e4stid":"1 minut"},"schema":{"@context":"https:\/\/schema.org","@graph":[{"@type":"WebPage","@id":"https:\/\/aidon.com\/sv\/hallbarhet\/resultat-och-nyckeltal\/","url":"https:\/\/aidon.com\/sv\/hallbarhet\/resultat-och-nyckeltal\/","name":"Resultat & Nyckeltal - Aidon","isPartOf":{"@id":"https:\/\/aidon.com\/sv\/#website"},"primaryImageOfPage":{"@id":"https:\/\/aidon.com\/sv\/hallbarhet\/resultat-och-nyckeltal\/#primaryimage"},"image":{"@id":"https:\/\/aidon.com\/sv\/hallbarhet\/resultat-och-nyckeltal\/#primaryimage"},"thumbnailUrl":"https:\/\/aidon.com\/wp-content\/uploads\/2022\/09\/Achievements_KPIs_1920_vert2.jpg","datePublished":"2022-09-09T06:39:36+00:00","dateModified":"2025-09-18T05:23:51+00:00","breadcrumb":{"@id":"https:\/\/aidon.com\/sv\/hallbarhet\/resultat-och-nyckeltal\/#breadcrumb"},"inLanguage":"sv-SE","potentialAction":[{"@type":"ReadAction","target":["https:\/\/aidon.com\/sv\/hallbarhet\/resultat-och-nyckeltal\/"]}]},{"@type":"ImageObject","inLanguage":"sv-SE","@id":"https:\/\/aidon.com\/sv\/hallbarhet\/resultat-och-nyckeltal\/#primaryimage","url":"https:\/\/aidon.com\/wp-content\/uploads\/2022\/09\/Achievements_KPIs_1920_vert2.jpg","contentUrl":"https:\/\/aidon.com\/wp-content\/uploads\/2022\/09\/Achievements_KPIs_1920_vert2.jpg","width":1900,"height":1267},{"@type":"BreadcrumbList","@id":"https:\/\/aidon.com\/sv\/hallbarhet\/resultat-och-nyckeltal\/#breadcrumb","itemListElement":[{"@type":"ListItem","position":1,"name":"H\u00e5llbarhet","item":"https:\/\/aidon.com\/sv\/hallbarhet\/"},{"@type":"ListItem","position":2,"name":"Resultat &#038; Nyckeltal"}]},{"@type":"WebSite","@id":"https:\/\/aidon.com\/sv\/#website","url":"https:\/\/aidon.com\/sv\/","name":"Aidon","description":"","potentialAction":[{"@type":"SearchAction","target":{"@type":"EntryPoint","urlTemplate":"https:\/\/aidon.com\/sv\/?s={search_term_string}"},"query-input":{"@type":"PropertyValueSpecification","valueRequired":true,"valueName":"search_term_string"}}],"inLanguage":"sv-SE"}]}},"_links":{"self":[{"href":"https:\/\/aidon.com\/sv\/wp-json\/wp\/v2\/pages\/4010","targetHints":{"allow":["GET"]}}],"collection":[{"href":"https:\/\/aidon.com\/sv\/wp-json\/wp\/v2\/pages"}],"about":[{"href":"https:\/\/aidon.com\/sv\/wp-json\/wp\/v2\/types\/page"}],"author":[{"embeddable":true,"href":"https:\/\/aidon.com\/sv\/wp-json\/wp\/v2\/users\/2"}],"replies":[{"embeddable":true,"href":"https:\/\/aidon.com\/sv\/wp-json\/wp\/v2\/comments?post=4010"}],"version-history":[{"count":14,"href":"https:\/\/aidon.com\/sv\/wp-json\/wp\/v2\/pages\/4010\/revisions"}],"predecessor-version":[{"id":17699,"href":"https:\/\/aidon.com\/sv\/wp-json\/wp\/v2\/pages\/4010\/revisions\/17699"}],"up":[{"embeddable":true,"href":"https:\/\/aidon.com\/sv\/wp-json\/wp\/v2\/pages\/3732"}],"wp:featuredmedia":[{"embeddable":true,"href":"https:\/\/aidon.com\/sv\/wp-json\/wp\/v2\/media\/864"}],"wp:attachment":[{"href":"https:\/\/aidon.com\/sv\/wp-json\/wp\/v2\/media?parent=4010"}],"curies":[{"name":"wp","href":"https:\/\/api.w.org\/{rel}","templated":true}]}}