{"id":4008,"date":"2022-08-27T18:47:27","date_gmt":"2022-08-27T18:47:27","guid":{"rendered":"https:\/\/aidon.com\/?page_id=4008"},"modified":"2023-02-01T22:31:44","modified_gmt":"2023-02-01T22:31:44","slug":"mal-och-strategi","status":"publish","type":"page","link":"https:\/\/aidon.com\/sv\/hallbarhet\/mal-och-strategi\/","title":{"rendered":"M\u00e5l &#038; Strategi"},"content":{"rendered":"<p><strong>\u00a0<\/strong><\/p>\n<h2>H\u00e5llbarhet \u00e4r en viktig drivkraft i v\u00e5r koncernstrategi<\/h2>\n<p>Som leverant\u00f6r av viktig teknologi som m\u00f6jligg\u00f6r ett smartare eln\u00e4t \u00e4r h\u00e5llbarhet en viktig drivkraft i v\u00e5r strategi.<\/p>\n<p>Aidons l\u00e5ngsiktiga h\u00e5llbarhetsm\u00e5l \u00e4r att bli klimatneutralt med netto-nollutsl\u00e4pp av v\u00e4xthusgaser \u00e5r 2030.<\/p>\n<p><strong>V\u00e5r h\u00e5llbarhetsstrategi bygger p\u00e5 \u00e5tta olika omr\u00e5den med v\u00e4gledande principer:<\/strong><\/p>\n<p><img loading=\"lazy\" decoding=\"async\" class=\"wp-image-5276 size-full aligncenter\" src=\"https:\/\/aidon.com\/wp-content\/uploads\/2023\/01\/Aidon_Sustainability_Strategy_2022_web_sv2.png\" alt=\"\" width=\"730\" height=\"475\" srcset=\"https:\/\/aidon.com\/wp-content\/uploads\/2023\/01\/Aidon_Sustainability_Strategy_2022_web_sv2.png 730w, https:\/\/aidon.com\/wp-content\/uploads\/2023\/01\/Aidon_Sustainability_Strategy_2022_web_sv2-300x195.png 300w\" sizes=\"auto, (max-width: 730px) 100vw, 730px\" \/><\/p>\n","protected":false},"excerpt":{"rendered":"<p>\u00a0 H\u00e5llbarhet \u00e4r en viktig drivkraft i v\u00e5r koncernstrategi Som leverant\u00f6r av viktig teknologi som m\u00f6jligg\u00f6r ett smartare eln\u00e4t \u00e4r h\u00e5llbarhet en viktig drivkraft i v\u00e5r strategi. Aidons l\u00e5ngsiktiga h\u00e5llbarhetsm\u00e5l \u00e4r att bli klimatneutralt med netto-nollutsl\u00e4pp av v\u00e4xthusgaser \u00e5r 2030. V\u00e5r h\u00e5llbarhetsstrategi bygger p\u00e5 \u00e5tta olika omr\u00e5den med v\u00e4gledande principer:<\/p>\n","protected":false},"author":2,"featured_media":868,"parent":3732,"menu_order":2,"comment_status":"closed","ping_status":"closed","template":"","meta":{"_acf_changed":false,"footnotes":""},"class_list":["post-4008","page","type-page","status-publish","has-post-thumbnail","hentry"],"acf":[],"yoast_head":"<!-- This site is optimized with the Yoast SEO plugin v27.0 - https:\/\/yoast.com\/product\/yoast-seo-wordpress\/ -->\n<title>M\u00e5l &amp; Strategi - Aidon<\/title>\n<meta name=\"robots\" content=\"index, follow, max-snippet:-1, max-image-preview:large, max-video-preview:-1\" \/>\n<link rel=\"canonical\" href=\"https:\/\/aidon.com\/sv\/hallbarhet\/mal-och-strategi\/\" \/>\n<meta property=\"og:locale\" content=\"sv_SE\" \/>\n<meta property=\"og:type\" content=\"article\" \/>\n<meta property=\"og:title\" content=\"M\u00e5l &amp; Strategi - Aidon\" \/>\n<meta property=\"og:description\" content=\"\u00a0 H\u00e5llbarhet \u00e4r en viktig drivkraft i v\u00e5r koncernstrategi Som leverant\u00f6r av viktig teknologi som m\u00f6jligg\u00f6r ett smartare eln\u00e4t \u00e4r h\u00e5llbarhet en viktig drivkraft i v\u00e5r strategi. Aidons l\u00e5ngsiktiga h\u00e5llbarhetsm\u00e5l \u00e4r att bli klimatneutralt med netto-nollutsl\u00e4pp av v\u00e4xthusgaser \u00e5r 2030. V\u00e5r h\u00e5llbarhetsstrategi bygger p\u00e5 \u00e5tta olika omr\u00e5den med v\u00e4gledande principer:\" \/>\n<meta property=\"og:url\" content=\"https:\/\/aidon.com\/sv\/hallbarhet\/mal-och-strategi\/\" \/>\n<meta property=\"og:site_name\" content=\"Aidon\" \/>\n<meta property=\"article:modified_time\" content=\"2023-02-01T22:31:44+00:00\" \/>\n<meta property=\"og:image\" content=\"https:\/\/aidon.com\/wp-content\/uploads\/2022\/09\/Sustainability_targets_Strategy_1716_vert2-scaled.jpg\" \/>\n\t<meta property=\"og:image:width\" content=\"2560\" \/>\n\t<meta property=\"og:image:height\" content=\"1440\" \/>\n\t<meta property=\"og:image:type\" content=\"image\/jpeg\" \/>\n<meta name=\"twitter:card\" content=\"summary_large_image\" \/>\n<meta name=\"twitter:label1\" content=\"Ber\u00e4knad l\u00e4stid\" \/>\n\t<meta name=\"twitter:data1\" content=\"1 minut\" \/>\n<script type=\"application\/ld+json\" class=\"yoast-schema-graph\">{\"@context\":\"https:\/\/schema.org\",\"@graph\":[{\"@type\":\"WebPage\",\"@id\":\"https:\/\/aidon.com\/sv\/hallbarhet\/mal-och-strategi\/\",\"url\":\"https:\/\/aidon.com\/sv\/hallbarhet\/mal-och-strategi\/\",\"name\":\"M\u00e5l & Strategi - Aidon\",\"isPartOf\":{\"@id\":\"https:\/\/aidon.com\/sv\/#website\"},\"primaryImageOfPage\":{\"@id\":\"https:\/\/aidon.com\/sv\/hallbarhet\/mal-och-strategi\/#primaryimage\"},\"image\":{\"@id\":\"https:\/\/aidon.com\/sv\/hallbarhet\/mal-och-strategi\/#primaryimage\"},\"thumbnailUrl\":\"https:\/\/aidon.com\/wp-content\/uploads\/2022\/09\/Sustainability_targets_Strategy_1716_vert2-scaled.jpg\",\"datePublished\":\"2022-08-27T18:47:27+00:00\",\"dateModified\":\"2023-02-01T22:31:44+00:00\",\"breadcrumb\":{\"@id\":\"https:\/\/aidon.com\/sv\/hallbarhet\/mal-och-strategi\/#breadcrumb\"},\"inLanguage\":\"sv-SE\",\"potentialAction\":[{\"@type\":\"ReadAction\",\"target\":[\"https:\/\/aidon.com\/sv\/hallbarhet\/mal-och-strategi\/\"]}]},{\"@type\":\"ImageObject\",\"inLanguage\":\"sv-SE\",\"@id\":\"https:\/\/aidon.com\/sv\/hallbarhet\/mal-och-strategi\/#primaryimage\",\"url\":\"https:\/\/aidon.com\/wp-content\/uploads\/2022\/09\/Sustainability_targets_Strategy_1716_vert2-scaled.jpg\",\"contentUrl\":\"https:\/\/aidon.com\/wp-content\/uploads\/2022\/09\/Sustainability_targets_Strategy_1716_vert2-scaled.jpg\",\"width\":2560,\"height\":1440},{\"@type\":\"BreadcrumbList\",\"@id\":\"https:\/\/aidon.com\/sv\/hallbarhet\/mal-och-strategi\/#breadcrumb\",\"itemListElement\":[{\"@type\":\"ListItem\",\"position\":1,\"name\":\"H\u00e5llbarhet\",\"item\":\"https:\/\/aidon.com\/sv\/hallbarhet\/\"},{\"@type\":\"ListItem\",\"position\":2,\"name\":\"M\u00e5l &#038; Strategi\"}]},{\"@type\":\"WebSite\",\"@id\":\"https:\/\/aidon.com\/sv\/#website\",\"url\":\"https:\/\/aidon.com\/sv\/\",\"name\":\"Aidon\",\"description\":\"\",\"potentialAction\":[{\"@type\":\"SearchAction\",\"target\":{\"@type\":\"EntryPoint\",\"urlTemplate\":\"https:\/\/aidon.com\/sv\/?s={search_term_string}\"},\"query-input\":{\"@type\":\"PropertyValueSpecification\",\"valueRequired\":true,\"valueName\":\"search_term_string\"}}],\"inLanguage\":\"sv-SE\"}]}<\/script>\n<!-- \/ Yoast SEO plugin. -->","yoast_head_json":{"title":"M\u00e5l & Strategi - Aidon","robots":{"index":"index","follow":"follow","max-snippet":"max-snippet:-1","max-image-preview":"max-image-preview:large","max-video-preview":"max-video-preview:-1"},"canonical":"https:\/\/aidon.com\/sv\/hallbarhet\/mal-och-strategi\/","og_locale":"sv_SE","og_type":"article","og_title":"M\u00e5l & Strategi - Aidon","og_description":"\u00a0 H\u00e5llbarhet \u00e4r en viktig drivkraft i v\u00e5r koncernstrategi Som leverant\u00f6r av viktig teknologi som m\u00f6jligg\u00f6r ett smartare eln\u00e4t \u00e4r h\u00e5llbarhet en viktig drivkraft i v\u00e5r strategi. Aidons l\u00e5ngsiktiga h\u00e5llbarhetsm\u00e5l \u00e4r att bli klimatneutralt med netto-nollutsl\u00e4pp av v\u00e4xthusgaser \u00e5r 2030. V\u00e5r h\u00e5llbarhetsstrategi bygger p\u00e5 \u00e5tta olika omr\u00e5den med v\u00e4gledande principer:","og_url":"https:\/\/aidon.com\/sv\/hallbarhet\/mal-och-strategi\/","og_site_name":"Aidon","article_modified_time":"2023-02-01T22:31:44+00:00","og_image":[{"width":2560,"height":1440,"url":"https:\/\/aidon.com\/wp-content\/uploads\/2022\/09\/Sustainability_targets_Strategy_1716_vert2-scaled.jpg","type":"image\/jpeg"}],"twitter_card":"summary_large_image","twitter_misc":{"Ber\u00e4knad l\u00e4stid":"1 minut"},"schema":{"@context":"https:\/\/schema.org","@graph":[{"@type":"WebPage","@id":"https:\/\/aidon.com\/sv\/hallbarhet\/mal-och-strategi\/","url":"https:\/\/aidon.com\/sv\/hallbarhet\/mal-och-strategi\/","name":"M\u00e5l & Strategi - Aidon","isPartOf":{"@id":"https:\/\/aidon.com\/sv\/#website"},"primaryImageOfPage":{"@id":"https:\/\/aidon.com\/sv\/hallbarhet\/mal-och-strategi\/#primaryimage"},"image":{"@id":"https:\/\/aidon.com\/sv\/hallbarhet\/mal-och-strategi\/#primaryimage"},"thumbnailUrl":"https:\/\/aidon.com\/wp-content\/uploads\/2022\/09\/Sustainability_targets_Strategy_1716_vert2-scaled.jpg","datePublished":"2022-08-27T18:47:27+00:00","dateModified":"2023-02-01T22:31:44+00:00","breadcrumb":{"@id":"https:\/\/aidon.com\/sv\/hallbarhet\/mal-och-strategi\/#breadcrumb"},"inLanguage":"sv-SE","potentialAction":[{"@type":"ReadAction","target":["https:\/\/aidon.com\/sv\/hallbarhet\/mal-och-strategi\/"]}]},{"@type":"ImageObject","inLanguage":"sv-SE","@id":"https:\/\/aidon.com\/sv\/hallbarhet\/mal-och-strategi\/#primaryimage","url":"https:\/\/aidon.com\/wp-content\/uploads\/2022\/09\/Sustainability_targets_Strategy_1716_vert2-scaled.jpg","contentUrl":"https:\/\/aidon.com\/wp-content\/uploads\/2022\/09\/Sustainability_targets_Strategy_1716_vert2-scaled.jpg","width":2560,"height":1440},{"@type":"BreadcrumbList","@id":"https:\/\/aidon.com\/sv\/hallbarhet\/mal-och-strategi\/#breadcrumb","itemListElement":[{"@type":"ListItem","position":1,"name":"H\u00e5llbarhet","item":"https:\/\/aidon.com\/sv\/hallbarhet\/"},{"@type":"ListItem","position":2,"name":"M\u00e5l &#038; Strategi"}]},{"@type":"WebSite","@id":"https:\/\/aidon.com\/sv\/#website","url":"https:\/\/aidon.com\/sv\/","name":"Aidon","description":"","potentialAction":[{"@type":"SearchAction","target":{"@type":"EntryPoint","urlTemplate":"https:\/\/aidon.com\/sv\/?s={search_term_string}"},"query-input":{"@type":"PropertyValueSpecification","valueRequired":true,"valueName":"search_term_string"}}],"inLanguage":"sv-SE"}]}},"_links":{"self":[{"href":"https:\/\/aidon.com\/sv\/wp-json\/wp\/v2\/pages\/4008","targetHints":{"allow":["GET"]}}],"collection":[{"href":"https:\/\/aidon.com\/sv\/wp-json\/wp\/v2\/pages"}],"about":[{"href":"https:\/\/aidon.com\/sv\/wp-json\/wp\/v2\/types\/page"}],"author":[{"embeddable":true,"href":"https:\/\/aidon.com\/sv\/wp-json\/wp\/v2\/users\/2"}],"replies":[{"embeddable":true,"href":"https:\/\/aidon.com\/sv\/wp-json\/wp\/v2\/comments?post=4008"}],"version-history":[{"count":8,"href":"https:\/\/aidon.com\/sv\/wp-json\/wp\/v2\/pages\/4008\/revisions"}],"predecessor-version":[{"id":5980,"href":"https:\/\/aidon.com\/sv\/wp-json\/wp\/v2\/pages\/4008\/revisions\/5980"}],"up":[{"embeddable":true,"href":"https:\/\/aidon.com\/sv\/wp-json\/wp\/v2\/pages\/3732"}],"wp:featuredmedia":[{"embeddable":true,"href":"https:\/\/aidon.com\/sv\/wp-json\/wp\/v2\/media\/868"}],"wp:attachment":[{"href":"https:\/\/aidon.com\/sv\/wp-json\/wp\/v2\/media?parent=4008"}],"curies":[{"name":"wp","href":"https:\/\/api.w.org\/{rel}","templated":true}]}}