{"id":4006,"date":"2022-10-20T11:02:38","date_gmt":"2022-10-20T11:02:38","guid":{"rendered":"https:\/\/aidon.com\/?page_id=4006"},"modified":"2023-01-19T11:38:03","modified_gmt":"2023-01-19T11:38:03","slug":"aidon-makes-sense","status":"publish","type":"page","link":"https:\/\/aidon.com\/sv\/om-oss\/aidon-makes-sense\/","title":{"rendered":"Aidon makes sense &#8211; Our brand story"},"content":{"rendered":"<p><strong>N\u00e4r Aidon bildades 2004 f\u00f6rv\u00e4ntade sig grundarna betydande utveckling och f\u00f6r\u00e4ndring inom energisektorn under de kommande \u00e5ren. Denna f\u00f6r\u00e4ndring skulle kr\u00e4va en betydande \u00f6kning av f\u00f6rnybar energi i energisystemet, f\u00f6rb\u00e4ttrad energieffektivitet och s\u00e4kerst\u00e4llande av stabilitet i distributionen av el till konsumenterna. F\u00f6rv\u00e4ntningarna blev verklighet och idag f\u00f6r\u00e4ndras energimarknaderna snabbare \u00e4n n\u00e5gonsin tidigare. Vi antog utmaningen och b\u00f6rjade utveckla energim\u00e4tningsl\u00f6sningar som skulle fr\u00e4mja f\u00f6rverkligandet av en ny typ av system f\u00f6r energi\u00f6verf\u00f6ring \u2013 det smarta eln\u00e4tet.<\/strong><\/p>\n<p>Aidon str\u00e4var efter att alltid ligga steget f\u00f6re utvecklingen, vilket f\u00f6rklarar v\u00e5r position som innovat\u00f6r inom smarta eln\u00e4t och smart m\u00e4tning. V\u00e5ra l\u00f6sningar och tj\u00e4nster blir meningsfulla utifr\u00e5n v\u00e5ra kunders komplexa verksamhetsmilj\u00f6. Vi arbetar i en n\u00e4ra dialog med v\u00e5ra kunder f\u00f6r att skapa en gemensam vision om den b\u00e4sta l\u00f6sningen f\u00f6r dem \u2013 att skapa en k\u00e4nsla av f\u00f6rtroende. Det kan uttryckas: &#8221;Det l\u00e5ter vettigt&#8221; eller \u201dThis makes sense\u201d &#8211; detta \u00e4r v\u00e5rt varum\u00e4rkesl\u00f6fte.<\/p>\n<p>V\u00e5r varum\u00e4rkesimage speglar v\u00e5r nordiska identitet: den \u00e4r fr\u00e4sch och tydlig, modern och dynamisk. Variationen av f\u00e4rger och nyanser i v\u00e5ra varum\u00e4rkesfoton under dygnets 24 timmar \u00e5terspeglar st\u00e4ndig f\u00f6r\u00e4ndring och tidens g\u00e5ng. Bilderna representerar elens st\u00e4ndiga n\u00e4rvaro i det moderna samh\u00e4llet d\u00e4r m\u00e4nniskor lever sina liv och \u00e4r beroende av en stabil och s\u00e4ker energif\u00f6rs\u00f6rjning.<\/p>\n<p>Aidons avancerade innovationer och teknik f\u00f6r smart m\u00e4tning m\u00f6jligg\u00f6r st\u00f6d f\u00f6r ett h\u00e5llbart samh\u00e4lle som kan fungera varje minut \u00e5ret runt.<\/p>\n<p><img loading=\"lazy\" decoding=\"async\" class=\"wp-image-2378 size-medium alignright\" src=\"https:\/\/aidon.com\/wp-content\/uploads\/2022\/10\/Aidon_slogan_RGB-300x36.png\" alt=\"\" width=\"300\" height=\"36\" srcset=\"https:\/\/aidon.com\/wp-content\/uploads\/2022\/10\/Aidon_slogan_RGB-300x36.png 300w, https:\/\/aidon.com\/wp-content\/uploads\/2022\/10\/Aidon_slogan_RGB-1024x124.png 1024w, https:\/\/aidon.com\/wp-content\/uploads\/2022\/10\/Aidon_slogan_RGB-768x93.png 768w, https:\/\/aidon.com\/wp-content\/uploads\/2022\/10\/Aidon_slogan_RGB.png 1093w\" sizes=\"auto, (max-width: 300px) 100vw, 300px\" \/><\/p>\n<div id='gallery-1' class='gallery galleryid-4006 gallery-columns-3 gallery-size-full'><figure class='gallery-item'>\n\t\t\t<div class='gallery-icon landscape'>\n\t\t\t\t<a href='https:\/\/aidon.com\/wp-content\/uploads\/2022\/09\/Aidon_Barcode_24x_v2_RGB-72.jpg' title=\"Barcode, Oslo centrum, Elvia\" data-rl_title=\"Barcode, Oslo centrum, Elvia\" class=\"rl-gallery-link\" data-rl_caption=\"Barcode, Oslo centrum, Elvia\" data-rel=\"lightbox-gallery-1\"><img loading=\"lazy\" decoding=\"async\" width=\"2000\" height=\"1300\" src=\"https:\/\/aidon.com\/wp-content\/uploads\/2022\/09\/Aidon_Barcode_24x_v2_RGB-72.jpg\" class=\"attachment-full size-full\" alt=\"\" aria-describedby=\"gallery-1-976\" srcset=\"https:\/\/aidon.com\/wp-content\/uploads\/2022\/09\/Aidon_Barcode_24x_v2_RGB-72.jpg 2000w, https:\/\/aidon.com\/wp-content\/uploads\/2022\/09\/Aidon_Barcode_24x_v2_RGB-72-300x195.jpg 300w, https:\/\/aidon.com\/wp-content\/uploads\/2022\/09\/Aidon_Barcode_24x_v2_RGB-72-1024x666.jpg 1024w, https:\/\/aidon.com\/wp-content\/uploads\/2022\/09\/Aidon_Barcode_24x_v2_RGB-72-768x499.jpg 768w, https:\/\/aidon.com\/wp-content\/uploads\/2022\/09\/Aidon_Barcode_24x_v2_RGB-72-1536x998.jpg 1536w, https:\/\/aidon.com\/wp-content\/uploads\/2022\/09\/Aidon_Barcode_24x_v2_RGB-72-1920x1248.jpg 1920w\" sizes=\"auto, (max-width: 2000px) 100vw, 2000px\" \/><\/a>\n\t\t\t<\/div>\n\t\t\t\t<figcaption class='wp-caption-text gallery-caption' id='gallery-1-976'>\n\t\t\t\tBarcode, Oslo centrum, Elvia\n\t\t\t\t<\/figcaption><\/figure><figure class='gallery-item'>\n\t\t\t<div class='gallery-icon landscape'>\n\t\t\t\t<a href='https:\/\/aidon.com\/wp-content\/uploads\/2022\/10\/Aidon_Helsinki_Toolo_24x_v2_RGB_2000.jpg' title=\"T\u00f6l\u00f6, Helsingfors centrum, Helen Eln\u00e4t\" data-rl_title=\"T\u00f6l\u00f6, Helsingfors centrum, Helen Eln\u00e4t\" class=\"rl-gallery-link\" data-rl_caption=\"T\u00f6l\u00f6, Helsingfors centrum, Helen Eln\u00e4t\" data-rel=\"lightbox-gallery-1\"><img loading=\"lazy\" decoding=\"async\" width=\"2000\" height=\"1300\" src=\"https:\/\/aidon.com\/wp-content\/uploads\/2022\/10\/Aidon_Helsinki_Toolo_24x_v2_RGB_2000.jpg\" class=\"attachment-full size-full\" alt=\"\" aria-describedby=\"gallery-1-2296\" srcset=\"https:\/\/aidon.com\/wp-content\/uploads\/2022\/10\/Aidon_Helsinki_Toolo_24x_v2_RGB_2000.jpg 2000w, https:\/\/aidon.com\/wp-content\/uploads\/2022\/10\/Aidon_Helsinki_Toolo_24x_v2_RGB_2000-300x195.jpg 300w, https:\/\/aidon.com\/wp-content\/uploads\/2022\/10\/Aidon_Helsinki_Toolo_24x_v2_RGB_2000-1024x666.jpg 1024w, https:\/\/aidon.com\/wp-content\/uploads\/2022\/10\/Aidon_Helsinki_Toolo_24x_v2_RGB_2000-768x499.jpg 768w, https:\/\/aidon.com\/wp-content\/uploads\/2022\/10\/Aidon_Helsinki_Toolo_24x_v2_RGB_2000-1536x998.jpg 1536w, https:\/\/aidon.com\/wp-content\/uploads\/2022\/10\/Aidon_Helsinki_Toolo_24x_v2_RGB_2000-1920x1248.jpg 1920w\" sizes=\"auto, (max-width: 2000px) 100vw, 2000px\" \/><\/a>\n\t\t\t<\/div>\n\t\t\t\t<figcaption class='wp-caption-text gallery-caption' id='gallery-1-2296'>\n\t\t\t\tT\u00f6l\u00f6, Helsingfors centrum, Helen Eln\u00e4t\n\t\t\t\t<\/figcaption><\/figure><figure class='gallery-item'>\n\t\t\t<div class='gallery-icon landscape'>\n\t\t\t\t<a href='https:\/\/aidon.com\/wp-content\/uploads\/2022\/10\/Aidon_Sundsvall_24X_RGB_2000.jpg' title=\"Sundsvalls centrum, Sundsvall Eln\u00e4t\" data-rl_title=\"Sundsvalls centrum, Sundsvall Eln\u00e4t\" class=\"rl-gallery-link\" data-rl_caption=\"Sundsvalls centrum, Sundsvall Eln\u00e4t\" data-rel=\"lightbox-gallery-1\"><img loading=\"lazy\" decoding=\"async\" width=\"2000\" height=\"1299\" src=\"https:\/\/aidon.com\/wp-content\/uploads\/2022\/10\/Aidon_Sundsvall_24X_RGB_2000.jpg\" class=\"attachment-full size-full\" alt=\"\" aria-describedby=\"gallery-1-2333\" srcset=\"https:\/\/aidon.com\/wp-content\/uploads\/2022\/10\/Aidon_Sundsvall_24X_RGB_2000.jpg 2000w, https:\/\/aidon.com\/wp-content\/uploads\/2022\/10\/Aidon_Sundsvall_24X_RGB_2000-300x195.jpg 300w, https:\/\/aidon.com\/wp-content\/uploads\/2022\/10\/Aidon_Sundsvall_24X_RGB_2000-1024x665.jpg 1024w, https:\/\/aidon.com\/wp-content\/uploads\/2022\/10\/Aidon_Sundsvall_24X_RGB_2000-768x499.jpg 768w, https:\/\/aidon.com\/wp-content\/uploads\/2022\/10\/Aidon_Sundsvall_24X_RGB_2000-1536x998.jpg 1536w, https:\/\/aidon.com\/wp-content\/uploads\/2022\/10\/Aidon_Sundsvall_24X_RGB_2000-1920x1247.jpg 1920w\" sizes=\"auto, (max-width: 2000px) 100vw, 2000px\" \/><\/a>\n\t\t\t<\/div>\n\t\t\t\t<figcaption class='wp-caption-text gallery-caption' id='gallery-1-2333'>\n\t\t\t\tSundsvalls centrum, Sundsvall Eln\u00e4t\n\t\t\t\t<\/figcaption><\/figure><figure class='gallery-item'>\n\t\t\t<div class='gallery-icon landscape'>\n\t\t\t\t<a href='https:\/\/aidon.com\/wp-content\/uploads\/2022\/10\/Aidon_Timelapse_JKL_24X_2000.jpg' title=\"Kuokkala bro, Jyv\u00e4skyl\u00e4, Alva S\u00e4hk\u00f6verkko\" data-rl_title=\"Kuokkala bro, Jyv\u00e4skyl\u00e4, Alva S\u00e4hk\u00f6verkko\" class=\"rl-gallery-link\" data-rl_caption=\"Kuokkala bro, Jyv\u00e4skyl\u00e4, Alva S\u00e4hk\u00f6verkko\" data-rel=\"lightbox-gallery-1\"><img loading=\"lazy\" decoding=\"async\" width=\"2000\" height=\"1333\" src=\"https:\/\/aidon.com\/wp-content\/uploads\/2022\/10\/Aidon_Timelapse_JKL_24X_2000.jpg\" class=\"attachment-full size-full\" alt=\"\" aria-describedby=\"gallery-1-2338\" srcset=\"https:\/\/aidon.com\/wp-content\/uploads\/2022\/10\/Aidon_Timelapse_JKL_24X_2000.jpg 2000w, https:\/\/aidon.com\/wp-content\/uploads\/2022\/10\/Aidon_Timelapse_JKL_24X_2000-300x200.jpg 300w, https:\/\/aidon.com\/wp-content\/uploads\/2022\/10\/Aidon_Timelapse_JKL_24X_2000-1024x682.jpg 1024w, https:\/\/aidon.com\/wp-content\/uploads\/2022\/10\/Aidon_Timelapse_JKL_24X_2000-768x512.jpg 768w, https:\/\/aidon.com\/wp-content\/uploads\/2022\/10\/Aidon_Timelapse_JKL_24X_2000-1536x1024.jpg 1536w, https:\/\/aidon.com\/wp-content\/uploads\/2022\/10\/Aidon_Timelapse_JKL_24X_2000-1920x1280.jpg 1920w\" sizes=\"auto, (max-width: 2000px) 100vw, 2000px\" \/><\/a>\n\t\t\t<\/div>\n\t\t\t\t<figcaption class='wp-caption-text gallery-caption' id='gallery-1-2338'>\n\t\t\t\tKuokkala bro, Jyv\u00e4skyl\u00e4, Alva S\u00e4hk\u00f6verkko\n\t\t\t\t<\/figcaption><\/figure><figure class='gallery-item'>\n\t\t\t<div class='gallery-icon landscape'>\n\t\t\t\t<a href='https:\/\/aidon.com\/wp-content\/uploads\/2022\/10\/Aidon_Rovaniemi_24x_v4_RGB_2000.jpg' title=\"J\u00e4tk\u00e4nkynttil\u00e4 bro, Rovaniemi, Rovaniemen Verkko\" data-rl_title=\"J\u00e4tk\u00e4nkynttil\u00e4 bro, Rovaniemi, Rovaniemen Verkko\" class=\"rl-gallery-link\" data-rl_caption=\"J\u00e4tk\u00e4nkynttil\u00e4 bro, Rovaniemi, Rovaniemen Verkko\" data-rel=\"lightbox-gallery-1\"><img loading=\"lazy\" decoding=\"async\" width=\"2000\" height=\"1299\" src=\"https:\/\/aidon.com\/wp-content\/uploads\/2022\/10\/Aidon_Rovaniemi_24x_v4_RGB_2000.jpg\" class=\"attachment-full size-full\" alt=\"\" aria-describedby=\"gallery-1-2343\" srcset=\"https:\/\/aidon.com\/wp-content\/uploads\/2022\/10\/Aidon_Rovaniemi_24x_v4_RGB_2000.jpg 2000w, https:\/\/aidon.com\/wp-content\/uploads\/2022\/10\/Aidon_Rovaniemi_24x_v4_RGB_2000-300x195.jpg 300w, https:\/\/aidon.com\/wp-content\/uploads\/2022\/10\/Aidon_Rovaniemi_24x_v4_RGB_2000-1024x665.jpg 1024w, https:\/\/aidon.com\/wp-content\/uploads\/2022\/10\/Aidon_Rovaniemi_24x_v4_RGB_2000-768x499.jpg 768w, https:\/\/aidon.com\/wp-content\/uploads\/2022\/10\/Aidon_Rovaniemi_24x_v4_RGB_2000-1536x998.jpg 1536w, https:\/\/aidon.com\/wp-content\/uploads\/2022\/10\/Aidon_Rovaniemi_24x_v4_RGB_2000-1920x1247.jpg 1920w\" sizes=\"auto, (max-width: 2000px) 100vw, 2000px\" \/><\/a>\n\t\t\t<\/div>\n\t\t\t\t<figcaption class='wp-caption-text gallery-caption' id='gallery-1-2343'>\n\t\t\t\tJ\u00e4tk\u00e4nkynttil\u00e4 bro, Rovaniemi, Rovaniemen Verkko\n\t\t\t\t<\/figcaption><\/figure><figure class='gallery-item'>\n\t\t\t<div class='gallery-icon landscape'>\n\t\t\t\t<a href='https:\/\/aidon.com\/wp-content\/uploads\/2022\/10\/aidon_opera_24x_v1_RGB_72_2000.jpg' title=\"Oslos operahus, Elvia\" data-rl_title=\"Oslos operahus, Elvia\" class=\"rl-gallery-link\" data-rl_caption=\"Oslos operahus, Elvia\" data-rel=\"lightbox-gallery-1\"><img loading=\"lazy\" decoding=\"async\" width=\"2267\" height=\"1472\" src=\"https:\/\/aidon.com\/wp-content\/uploads\/2022\/10\/aidon_opera_24x_v1_RGB_72_2000.jpg\" class=\"attachment-full size-full\" alt=\"\" aria-describedby=\"gallery-1-2325\" srcset=\"https:\/\/aidon.com\/wp-content\/uploads\/2022\/10\/aidon_opera_24x_v1_RGB_72_2000.jpg 2267w, https:\/\/aidon.com\/wp-content\/uploads\/2022\/10\/aidon_opera_24x_v1_RGB_72_2000-300x195.jpg 300w, https:\/\/aidon.com\/wp-content\/uploads\/2022\/10\/aidon_opera_24x_v1_RGB_72_2000-1024x665.jpg 1024w, https:\/\/aidon.com\/wp-content\/uploads\/2022\/10\/aidon_opera_24x_v1_RGB_72_2000-768x499.jpg 768w, https:\/\/aidon.com\/wp-content\/uploads\/2022\/10\/aidon_opera_24x_v1_RGB_72_2000-1536x997.jpg 1536w, https:\/\/aidon.com\/wp-content\/uploads\/2022\/10\/aidon_opera_24x_v1_RGB_72_2000-2048x1330.jpg 2048w, https:\/\/aidon.com\/wp-content\/uploads\/2022\/10\/aidon_opera_24x_v1_RGB_72_2000-1920x1247.jpg 1920w\" sizes=\"auto, (max-width: 2267px) 100vw, 2267px\" \/><\/a>\n\t\t\t<\/div>\n\t\t\t\t<figcaption class='wp-caption-text gallery-caption' id='gallery-1-2325'>\n\t\t\t\tOslos operahus, Elvia\n\t\t\t\t<\/figcaption><\/figure><figure class='gallery-item'>\n\t\t\t<div class='gallery-icon landscape'>\n\t\t\t\t<a href='https:\/\/aidon.com\/wp-content\/uploads\/2022\/10\/Aidon_Finland_Hauho_24x_small_RGB2.jpg' title=\"Byv\u00e4g i Hauho, Elenia\" data-rl_title=\"Byv\u00e4g i Hauho, Elenia\" class=\"rl-gallery-link\" data-rl_caption=\"Byv\u00e4g i Hauho, Elenia\" data-rel=\"lightbox-gallery-1\"><img loading=\"lazy\" decoding=\"async\" width=\"2000\" height=\"1300\" src=\"https:\/\/aidon.com\/wp-content\/uploads\/2022\/10\/Aidon_Finland_Hauho_24x_small_RGB2.jpg\" class=\"attachment-full size-full\" alt=\"\" aria-describedby=\"gallery-1-2288\" srcset=\"https:\/\/aidon.com\/wp-content\/uploads\/2022\/10\/Aidon_Finland_Hauho_24x_small_RGB2.jpg 2000w, https:\/\/aidon.com\/wp-content\/uploads\/2022\/10\/Aidon_Finland_Hauho_24x_small_RGB2-300x195.jpg 300w, https:\/\/aidon.com\/wp-content\/uploads\/2022\/10\/Aidon_Finland_Hauho_24x_small_RGB2-1024x666.jpg 1024w, https:\/\/aidon.com\/wp-content\/uploads\/2022\/10\/Aidon_Finland_Hauho_24x_small_RGB2-768x499.jpg 768w, https:\/\/aidon.com\/wp-content\/uploads\/2022\/10\/Aidon_Finland_Hauho_24x_small_RGB2-1536x998.jpg 1536w, https:\/\/aidon.com\/wp-content\/uploads\/2022\/10\/Aidon_Finland_Hauho_24x_small_RGB2-1920x1248.jpg 1920w\" sizes=\"auto, (max-width: 2000px) 100vw, 2000px\" \/><\/a>\n\t\t\t<\/div>\n\t\t\t\t<figcaption class='wp-caption-text gallery-caption' id='gallery-1-2288'>\n\t\t\t\tByv\u00e4g i Hauho, Elenia\n\t\t\t\t<\/figcaption><\/figure>\n\t\t<\/div>\n\n","protected":false},"excerpt":{"rendered":"<p>N\u00e4r Aidon bildades 2004 f\u00f6rv\u00e4ntade sig grundarna betydande utveckling och f\u00f6r\u00e4ndring inom energisektorn under de kommande \u00e5ren. Denna f\u00f6r\u00e4ndring skulle kr\u00e4va en betydande \u00f6kning av f\u00f6rnybar energi i energisystemet, f\u00f6rb\u00e4ttrad energieffektivitet och s\u00e4kerst\u00e4llande av stabilitet i distributionen av el till konsumenterna. F\u00f6rv\u00e4ntningarna blev verklighet och idag f\u00f6r\u00e4ndras energimarknaderna snabbare \u00e4n&hellip;<\/p>\n","protected":false},"author":2,"featured_media":2321,"parent":3748,"menu_order":6,"comment_status":"closed","ping_status":"closed","template":"","meta":{"_acf_changed":false,"footnotes":""},"class_list":["post-4006","page","type-page","status-publish","has-post-thumbnail","hentry"],"acf":[],"yoast_head":"<!-- This site is optimized with the Yoast SEO plugin v27.0 - https:\/\/yoast.com\/product\/yoast-seo-wordpress\/ -->\n<title>Aidon makes sense - Our brand story - Aidon<\/title>\n<meta name=\"robots\" content=\"index, follow, max-snippet:-1, max-image-preview:large, max-video-preview:-1\" \/>\n<link rel=\"canonical\" href=\"https:\/\/aidon.com\/sv\/om-oss\/aidon-makes-sense\/\" \/>\n<meta property=\"og:locale\" content=\"sv_SE\" \/>\n<meta property=\"og:type\" content=\"article\" \/>\n<meta property=\"og:title\" content=\"Aidon makes sense - Our brand story - Aidon\" \/>\n<meta property=\"og:description\" content=\"N\u00e4r Aidon bildades 2004 f\u00f6rv\u00e4ntade sig grundarna betydande utveckling och f\u00f6r\u00e4ndring inom energisektorn under de kommande \u00e5ren. Denna f\u00f6r\u00e4ndring skulle kr\u00e4va en betydande \u00f6kning av f\u00f6rnybar energi i energisystemet, f\u00f6rb\u00e4ttrad energieffektivitet och s\u00e4kerst\u00e4llande av stabilitet i distributionen av el till konsumenterna. F\u00f6rv\u00e4ntningarna blev verklighet och idag f\u00f6r\u00e4ndras energimarknaderna snabbare \u00e4n&hellip;\" \/>\n<meta property=\"og:url\" content=\"https:\/\/aidon.com\/sv\/om-oss\/aidon-makes-sense\/\" \/>\n<meta property=\"og:site_name\" content=\"Aidon\" \/>\n<meta property=\"article:modified_time\" content=\"2023-01-19T11:38:03+00:00\" \/>\n<meta property=\"og:image\" content=\"https:\/\/aidon.com\/wp-content\/uploads\/2022\/10\/Aidon_Lighthouse_24_v2_cropped_1.jpg\" \/>\n\t<meta property=\"og:image:width\" content=\"2000\" \/>\n\t<meta property=\"og:image:height\" content=\"1256\" \/>\n\t<meta property=\"og:image:type\" content=\"image\/jpeg\" \/>\n<meta name=\"twitter:card\" content=\"summary_large_image\" \/>\n<meta name=\"twitter:label1\" content=\"Ber\u00e4knad l\u00e4stid\" \/>\n\t<meta name=\"twitter:data1\" content=\"2 minuter\" \/>\n<script type=\"application\/ld+json\" class=\"yoast-schema-graph\">{\"@context\":\"https:\/\/schema.org\",\"@graph\":[{\"@type\":\"WebPage\",\"@id\":\"https:\/\/aidon.com\/sv\/om-oss\/aidon-makes-sense\/\",\"url\":\"https:\/\/aidon.com\/sv\/om-oss\/aidon-makes-sense\/\",\"name\":\"Aidon makes sense - Our brand story - Aidon\",\"isPartOf\":{\"@id\":\"https:\/\/aidon.com\/sv\/#website\"},\"primaryImageOfPage\":{\"@id\":\"https:\/\/aidon.com\/sv\/om-oss\/aidon-makes-sense\/#primaryimage\"},\"image\":{\"@id\":\"https:\/\/aidon.com\/sv\/om-oss\/aidon-makes-sense\/#primaryimage\"},\"thumbnailUrl\":\"https:\/\/aidon.com\/wp-content\/uploads\/2022\/10\/Aidon_Lighthouse_24_v2_cropped_1.jpg\",\"datePublished\":\"2022-10-20T11:02:38+00:00\",\"dateModified\":\"2023-01-19T11:38:03+00:00\",\"breadcrumb\":{\"@id\":\"https:\/\/aidon.com\/sv\/om-oss\/aidon-makes-sense\/#breadcrumb\"},\"inLanguage\":\"sv-SE\",\"potentialAction\":[{\"@type\":\"ReadAction\",\"target\":[\"https:\/\/aidon.com\/sv\/om-oss\/aidon-makes-sense\/\"]}]},{\"@type\":\"ImageObject\",\"inLanguage\":\"sv-SE\",\"@id\":\"https:\/\/aidon.com\/sv\/om-oss\/aidon-makes-sense\/#primaryimage\",\"url\":\"https:\/\/aidon.com\/wp-content\/uploads\/2022\/10\/Aidon_Lighthouse_24_v2_cropped_1.jpg\",\"contentUrl\":\"https:\/\/aidon.com\/wp-content\/uploads\/2022\/10\/Aidon_Lighthouse_24_v2_cropped_1.jpg\",\"width\":2000,\"height\":1256},{\"@type\":\"BreadcrumbList\",\"@id\":\"https:\/\/aidon.com\/sv\/om-oss\/aidon-makes-sense\/#breadcrumb\",\"itemListElement\":[{\"@type\":\"ListItem\",\"position\":1,\"name\":\"Om oss\",\"item\":\"https:\/\/aidon.com\/sv\/om-oss\/\"},{\"@type\":\"ListItem\",\"position\":2,\"name\":\"Aidon makes sense &#8211; Our brand story\"}]},{\"@type\":\"WebSite\",\"@id\":\"https:\/\/aidon.com\/sv\/#website\",\"url\":\"https:\/\/aidon.com\/sv\/\",\"name\":\"Aidon\",\"description\":\"\",\"potentialAction\":[{\"@type\":\"SearchAction\",\"target\":{\"@type\":\"EntryPoint\",\"urlTemplate\":\"https:\/\/aidon.com\/sv\/?s={search_term_string}\"},\"query-input\":{\"@type\":\"PropertyValueSpecification\",\"valueRequired\":true,\"valueName\":\"search_term_string\"}}],\"inLanguage\":\"sv-SE\"}]}<\/script>\n<!-- \/ Yoast SEO plugin. -->","yoast_head_json":{"title":"Aidon makes sense - Our brand story - Aidon","robots":{"index":"index","follow":"follow","max-snippet":"max-snippet:-1","max-image-preview":"max-image-preview:large","max-video-preview":"max-video-preview:-1"},"canonical":"https:\/\/aidon.com\/sv\/om-oss\/aidon-makes-sense\/","og_locale":"sv_SE","og_type":"article","og_title":"Aidon makes sense - Our brand story - Aidon","og_description":"N\u00e4r Aidon bildades 2004 f\u00f6rv\u00e4ntade sig grundarna betydande utveckling och f\u00f6r\u00e4ndring inom energisektorn under de kommande \u00e5ren. Denna f\u00f6r\u00e4ndring skulle kr\u00e4va en betydande \u00f6kning av f\u00f6rnybar energi i energisystemet, f\u00f6rb\u00e4ttrad energieffektivitet och s\u00e4kerst\u00e4llande av stabilitet i distributionen av el till konsumenterna. F\u00f6rv\u00e4ntningarna blev verklighet och idag f\u00f6r\u00e4ndras energimarknaderna snabbare \u00e4n&hellip;","og_url":"https:\/\/aidon.com\/sv\/om-oss\/aidon-makes-sense\/","og_site_name":"Aidon","article_modified_time":"2023-01-19T11:38:03+00:00","og_image":[{"width":2000,"height":1256,"url":"https:\/\/aidon.com\/wp-content\/uploads\/2022\/10\/Aidon_Lighthouse_24_v2_cropped_1.jpg","type":"image\/jpeg"}],"twitter_card":"summary_large_image","twitter_misc":{"Ber\u00e4knad l\u00e4stid":"2 minuter"},"schema":{"@context":"https:\/\/schema.org","@graph":[{"@type":"WebPage","@id":"https:\/\/aidon.com\/sv\/om-oss\/aidon-makes-sense\/","url":"https:\/\/aidon.com\/sv\/om-oss\/aidon-makes-sense\/","name":"Aidon makes sense - Our brand story - Aidon","isPartOf":{"@id":"https:\/\/aidon.com\/sv\/#website"},"primaryImageOfPage":{"@id":"https:\/\/aidon.com\/sv\/om-oss\/aidon-makes-sense\/#primaryimage"},"image":{"@id":"https:\/\/aidon.com\/sv\/om-oss\/aidon-makes-sense\/#primaryimage"},"thumbnailUrl":"https:\/\/aidon.com\/wp-content\/uploads\/2022\/10\/Aidon_Lighthouse_24_v2_cropped_1.jpg","datePublished":"2022-10-20T11:02:38+00:00","dateModified":"2023-01-19T11:38:03+00:00","breadcrumb":{"@id":"https:\/\/aidon.com\/sv\/om-oss\/aidon-makes-sense\/#breadcrumb"},"inLanguage":"sv-SE","potentialAction":[{"@type":"ReadAction","target":["https:\/\/aidon.com\/sv\/om-oss\/aidon-makes-sense\/"]}]},{"@type":"ImageObject","inLanguage":"sv-SE","@id":"https:\/\/aidon.com\/sv\/om-oss\/aidon-makes-sense\/#primaryimage","url":"https:\/\/aidon.com\/wp-content\/uploads\/2022\/10\/Aidon_Lighthouse_24_v2_cropped_1.jpg","contentUrl":"https:\/\/aidon.com\/wp-content\/uploads\/2022\/10\/Aidon_Lighthouse_24_v2_cropped_1.jpg","width":2000,"height":1256},{"@type":"BreadcrumbList","@id":"https:\/\/aidon.com\/sv\/om-oss\/aidon-makes-sense\/#breadcrumb","itemListElement":[{"@type":"ListItem","position":1,"name":"Om oss","item":"https:\/\/aidon.com\/sv\/om-oss\/"},{"@type":"ListItem","position":2,"name":"Aidon makes sense &#8211; Our brand story"}]},{"@type":"WebSite","@id":"https:\/\/aidon.com\/sv\/#website","url":"https:\/\/aidon.com\/sv\/","name":"Aidon","description":"","potentialAction":[{"@type":"SearchAction","target":{"@type":"EntryPoint","urlTemplate":"https:\/\/aidon.com\/sv\/?s={search_term_string}"},"query-input":{"@type":"PropertyValueSpecification","valueRequired":true,"valueName":"search_term_string"}}],"inLanguage":"sv-SE"}]}},"_links":{"self":[{"href":"https:\/\/aidon.com\/sv\/wp-json\/wp\/v2\/pages\/4006","targetHints":{"allow":["GET"]}}],"collection":[{"href":"https:\/\/aidon.com\/sv\/wp-json\/wp\/v2\/pages"}],"about":[{"href":"https:\/\/aidon.com\/sv\/wp-json\/wp\/v2\/types\/page"}],"author":[{"embeddable":true,"href":"https:\/\/aidon.com\/sv\/wp-json\/wp\/v2\/users\/2"}],"replies":[{"embeddable":true,"href":"https:\/\/aidon.com\/sv\/wp-json\/wp\/v2\/comments?post=4006"}],"version-history":[{"count":5,"href":"https:\/\/aidon.com\/sv\/wp-json\/wp\/v2\/pages\/4006\/revisions"}],"predecessor-version":[{"id":4761,"href":"https:\/\/aidon.com\/sv\/wp-json\/wp\/v2\/pages\/4006\/revisions\/4761"}],"up":[{"embeddable":true,"href":"https:\/\/aidon.com\/sv\/wp-json\/wp\/v2\/pages\/3748"}],"wp:featuredmedia":[{"embeddable":true,"href":"https:\/\/aidon.com\/sv\/wp-json\/wp\/v2\/media\/2321"}],"wp:attachment":[{"href":"https:\/\/aidon.com\/sv\/wp-json\/wp\/v2\/media?parent=4006"}],"curies":[{"name":"wp","href":"https:\/\/api.w.org\/{rel}","templated":true}]}}