{"id":4004,"date":"2022-08-15T09:57:50","date_gmt":"2022-08-15T06:57:50","guid":{"rendered":"https:\/\/aidon.com\/?page_id=4004"},"modified":"2026-01-22T13:57:46","modified_gmt":"2026-01-22T11:57:46","slug":"historia-och-milstolpar","status":"publish","type":"page","link":"https:\/\/aidon.com\/sv\/om-oss\/historia-och-milstolpar\/","title":{"rendered":"Historia &#038; Milstolpar"},"content":{"rendered":"<p>N\u00e4r Aidon grundades 2004, hade grundarna en vision om en framtid med en digitaliserad energisektor, d\u00e4r ny teknologi anv\u00e4nds f\u00f6r att effektivisera eln\u00e4tsf\u00f6retagens processer. Den visionen har f\u00f6rverkligats framg\u00e5ngsrikt genom \u00e5ren.<\/p>\n<p>&nbsp;<\/p>\n","protected":false},"excerpt":{"rendered":"<p>N\u00e4r Aidon grundades 2004, hade grundarna en vision om en framtid med en digitaliserad energisektor, d\u00e4r ny teknologi anv\u00e4nds f\u00f6r att effektivisera eln\u00e4tsf\u00f6retagens processer. Den visionen har f\u00f6rverkligats framg\u00e5ngsrikt genom \u00e5ren. &nbsp;<\/p>\n","protected":false},"author":2,"featured_media":1225,"parent":3748,"menu_order":5,"comment_status":"closed","ping_status":"closed","template":"","meta":{"_acf_changed":false,"footnotes":""},"class_list":["post-4004","page","type-page","status-publish","has-post-thumbnail","hentry"],"acf":[],"yoast_head":"<!-- This site is optimized with the Yoast SEO plugin v27.0 - https:\/\/yoast.com\/product\/yoast-seo-wordpress\/ -->\n<title>Historia &amp; Milstolpar - Aidon<\/title>\n<meta name=\"robots\" content=\"index, follow, max-snippet:-1, max-image-preview:large, max-video-preview:-1\" \/>\n<link rel=\"canonical\" href=\"https:\/\/aidon.com\/sv\/om-oss\/historia-och-milstolpar\/\" \/>\n<meta property=\"og:locale\" content=\"sv_SE\" \/>\n<meta property=\"og:type\" content=\"article\" \/>\n<meta property=\"og:title\" content=\"Historia &amp; Milstolpar - Aidon\" \/>\n<meta property=\"og:description\" content=\"N\u00e4r Aidon grundades 2004, hade grundarna en vision om en framtid med en digitaliserad energisektor, d\u00e4r ny teknologi anv\u00e4nds f\u00f6r att effektivisera eln\u00e4tsf\u00f6retagens processer. Den visionen har f\u00f6rverkligats framg\u00e5ngsrikt genom \u00e5ren. &nbsp;\" \/>\n<meta property=\"og:url\" content=\"https:\/\/aidon.com\/sv\/om-oss\/historia-och-milstolpar\/\" \/>\n<meta property=\"og:site_name\" content=\"Aidon\" \/>\n<meta property=\"article:modified_time\" content=\"2026-01-22T11:57:46+00:00\" \/>\n<meta property=\"og:image\" content=\"https:\/\/aidon.com\/wp-content\/uploads\/2022\/09\/Aidon-09-2022-598-web.jpg\" \/>\n\t<meta property=\"og:image:width\" content=\"1920\" \/>\n\t<meta property=\"og:image:height\" content=\"1080\" \/>\n\t<meta property=\"og:image:type\" content=\"image\/jpeg\" \/>\n<meta name=\"twitter:card\" content=\"summary_large_image\" \/>\n<meta name=\"twitter:label1\" content=\"Ber\u00e4knad l\u00e4stid\" \/>\n\t<meta name=\"twitter:data1\" content=\"1 minut\" \/>\n<script type=\"application\/ld+json\" class=\"yoast-schema-graph\">{\"@context\":\"https:\/\/schema.org\",\"@graph\":[{\"@type\":\"WebPage\",\"@id\":\"https:\/\/aidon.com\/sv\/om-oss\/historia-och-milstolpar\/\",\"url\":\"https:\/\/aidon.com\/sv\/om-oss\/historia-och-milstolpar\/\",\"name\":\"Historia & Milstolpar - Aidon\",\"isPartOf\":{\"@id\":\"https:\/\/aidon.com\/sv\/#website\"},\"primaryImageOfPage\":{\"@id\":\"https:\/\/aidon.com\/sv\/om-oss\/historia-och-milstolpar\/#primaryimage\"},\"image\":{\"@id\":\"https:\/\/aidon.com\/sv\/om-oss\/historia-och-milstolpar\/#primaryimage\"},\"thumbnailUrl\":\"https:\/\/aidon.com\/wp-content\/uploads\/2022\/09\/Aidon-09-2022-598-web.jpg\",\"datePublished\":\"2022-08-15T06:57:50+00:00\",\"dateModified\":\"2026-01-22T11:57:46+00:00\",\"breadcrumb\":{\"@id\":\"https:\/\/aidon.com\/sv\/om-oss\/historia-och-milstolpar\/#breadcrumb\"},\"inLanguage\":\"sv-SE\",\"potentialAction\":[{\"@type\":\"ReadAction\",\"target\":[\"https:\/\/aidon.com\/sv\/om-oss\/historia-och-milstolpar\/\"]}]},{\"@type\":\"ImageObject\",\"inLanguage\":\"sv-SE\",\"@id\":\"https:\/\/aidon.com\/sv\/om-oss\/historia-och-milstolpar\/#primaryimage\",\"url\":\"https:\/\/aidon.com\/wp-content\/uploads\/2022\/09\/Aidon-09-2022-598-web.jpg\",\"contentUrl\":\"https:\/\/aidon.com\/wp-content\/uploads\/2022\/09\/Aidon-09-2022-598-web.jpg\",\"width\":1920,\"height\":1080},{\"@type\":\"BreadcrumbList\",\"@id\":\"https:\/\/aidon.com\/sv\/om-oss\/historia-och-milstolpar\/#breadcrumb\",\"itemListElement\":[{\"@type\":\"ListItem\",\"position\":1,\"name\":\"Om oss\",\"item\":\"https:\/\/aidon.com\/sv\/om-oss\/\"},{\"@type\":\"ListItem\",\"position\":2,\"name\":\"Historia &#038; Milstolpar\"}]},{\"@type\":\"WebSite\",\"@id\":\"https:\/\/aidon.com\/sv\/#website\",\"url\":\"https:\/\/aidon.com\/sv\/\",\"name\":\"Aidon\",\"description\":\"\",\"potentialAction\":[{\"@type\":\"SearchAction\",\"target\":{\"@type\":\"EntryPoint\",\"urlTemplate\":\"https:\/\/aidon.com\/sv\/?s={search_term_string}\"},\"query-input\":{\"@type\":\"PropertyValueSpecification\",\"valueRequired\":true,\"valueName\":\"search_term_string\"}}],\"inLanguage\":\"sv-SE\"}]}<\/script>\n<!-- \/ Yoast SEO plugin. -->","yoast_head_json":{"title":"Historia & Milstolpar - Aidon","robots":{"index":"index","follow":"follow","max-snippet":"max-snippet:-1","max-image-preview":"max-image-preview:large","max-video-preview":"max-video-preview:-1"},"canonical":"https:\/\/aidon.com\/sv\/om-oss\/historia-och-milstolpar\/","og_locale":"sv_SE","og_type":"article","og_title":"Historia & Milstolpar - Aidon","og_description":"N\u00e4r Aidon grundades 2004, hade grundarna en vision om en framtid med en digitaliserad energisektor, d\u00e4r ny teknologi anv\u00e4nds f\u00f6r att effektivisera eln\u00e4tsf\u00f6retagens processer. Den visionen har f\u00f6rverkligats framg\u00e5ngsrikt genom \u00e5ren. &nbsp;","og_url":"https:\/\/aidon.com\/sv\/om-oss\/historia-och-milstolpar\/","og_site_name":"Aidon","article_modified_time":"2026-01-22T11:57:46+00:00","og_image":[{"width":1920,"height":1080,"url":"https:\/\/aidon.com\/wp-content\/uploads\/2022\/09\/Aidon-09-2022-598-web.jpg","type":"image\/jpeg"}],"twitter_card":"summary_large_image","twitter_misc":{"Ber\u00e4knad l\u00e4stid":"1 minut"},"schema":{"@context":"https:\/\/schema.org","@graph":[{"@type":"WebPage","@id":"https:\/\/aidon.com\/sv\/om-oss\/historia-och-milstolpar\/","url":"https:\/\/aidon.com\/sv\/om-oss\/historia-och-milstolpar\/","name":"Historia & Milstolpar - Aidon","isPartOf":{"@id":"https:\/\/aidon.com\/sv\/#website"},"primaryImageOfPage":{"@id":"https:\/\/aidon.com\/sv\/om-oss\/historia-och-milstolpar\/#primaryimage"},"image":{"@id":"https:\/\/aidon.com\/sv\/om-oss\/historia-och-milstolpar\/#primaryimage"},"thumbnailUrl":"https:\/\/aidon.com\/wp-content\/uploads\/2022\/09\/Aidon-09-2022-598-web.jpg","datePublished":"2022-08-15T06:57:50+00:00","dateModified":"2026-01-22T11:57:46+00:00","breadcrumb":{"@id":"https:\/\/aidon.com\/sv\/om-oss\/historia-och-milstolpar\/#breadcrumb"},"inLanguage":"sv-SE","potentialAction":[{"@type":"ReadAction","target":["https:\/\/aidon.com\/sv\/om-oss\/historia-och-milstolpar\/"]}]},{"@type":"ImageObject","inLanguage":"sv-SE","@id":"https:\/\/aidon.com\/sv\/om-oss\/historia-och-milstolpar\/#primaryimage","url":"https:\/\/aidon.com\/wp-content\/uploads\/2022\/09\/Aidon-09-2022-598-web.jpg","contentUrl":"https:\/\/aidon.com\/wp-content\/uploads\/2022\/09\/Aidon-09-2022-598-web.jpg","width":1920,"height":1080},{"@type":"BreadcrumbList","@id":"https:\/\/aidon.com\/sv\/om-oss\/historia-och-milstolpar\/#breadcrumb","itemListElement":[{"@type":"ListItem","position":1,"name":"Om oss","item":"https:\/\/aidon.com\/sv\/om-oss\/"},{"@type":"ListItem","position":2,"name":"Historia &#038; Milstolpar"}]},{"@type":"WebSite","@id":"https:\/\/aidon.com\/sv\/#website","url":"https:\/\/aidon.com\/sv\/","name":"Aidon","description":"","potentialAction":[{"@type":"SearchAction","target":{"@type":"EntryPoint","urlTemplate":"https:\/\/aidon.com\/sv\/?s={search_term_string}"},"query-input":{"@type":"PropertyValueSpecification","valueRequired":true,"valueName":"search_term_string"}}],"inLanguage":"sv-SE"}]}},"_links":{"self":[{"href":"https:\/\/aidon.com\/sv\/wp-json\/wp\/v2\/pages\/4004","targetHints":{"allow":["GET"]}}],"collection":[{"href":"https:\/\/aidon.com\/sv\/wp-json\/wp\/v2\/pages"}],"about":[{"href":"https:\/\/aidon.com\/sv\/wp-json\/wp\/v2\/types\/page"}],"author":[{"embeddable":true,"href":"https:\/\/aidon.com\/sv\/wp-json\/wp\/v2\/users\/2"}],"replies":[{"embeddable":true,"href":"https:\/\/aidon.com\/sv\/wp-json\/wp\/v2\/comments?post=4004"}],"version-history":[{"count":17,"href":"https:\/\/aidon.com\/sv\/wp-json\/wp\/v2\/pages\/4004\/revisions"}],"predecessor-version":[{"id":18440,"href":"https:\/\/aidon.com\/sv\/wp-json\/wp\/v2\/pages\/4004\/revisions\/18440"}],"up":[{"embeddable":true,"href":"https:\/\/aidon.com\/sv\/wp-json\/wp\/v2\/pages\/3748"}],"wp:featuredmedia":[{"embeddable":true,"href":"https:\/\/aidon.com\/sv\/wp-json\/wp\/v2\/media\/1225"}],"wp:attachment":[{"href":"https:\/\/aidon.com\/sv\/wp-json\/wp\/v2\/media?parent=4004"}],"curies":[{"name":"wp","href":"https:\/\/api.w.org\/{rel}","templated":true}]}}