{"id":4000,"date":"2022-08-15T09:55:52","date_gmt":"2022-08-15T09:55:52","guid":{"rendered":"https:\/\/aidon.com\/?page_id=4000"},"modified":"2023-11-16T10:31:59","modified_gmt":"2023-11-16T10:31:59","slug":"marknad-och-kunder","status":"publish","type":"page","link":"https:\/\/aidon.com\/sv\/om-oss\/marknad-och-kunder\/","title":{"rendered":"Marknad &#038; Kunder"},"content":{"rendered":"<p><strong>Som marknadsledare p\u00e5 sin huvudmarknad \u2013 Norden \u2013 hj\u00e4lper Aidon idag \u00f6ver 140 eln\u00e4tsf\u00f6retag med avancerade l\u00f6sningar f\u00f6r m\u00e4tning, n\u00e4t\u00f6vervakning och styrningsl\u00f6sningar. V\u00e5r kundbas \u00e4r mycket diversifierad och stabil \u2013 fr\u00e5n stora regionala eln\u00e4tsf\u00f6retag till lokala kommunala bolag.<\/strong><\/p>\n<p>V\u00e5r position \u00e4r ett resultat av ett systematiskt och l\u00e5ngsiktigt arbete med att skapa kunddrivna innovationer som m\u00f6jligg\u00f6rs av en n\u00e4ra dialog med kunden och v\u00e5rt engagerade och kompetenta team. Vi gillar att samarbeta med kunder och partners som \u00e4r villiga att utnyttja m\u00f6jligheterna med ny teknologi f\u00f6r att skapa h\u00e5llbara l\u00f6sningar som \u00e4r vettiga.<\/p>\n","protected":false},"excerpt":{"rendered":"<p>Som marknadsledare p\u00e5 sin huvudmarknad \u2013 Norden \u2013 hj\u00e4lper Aidon idag \u00f6ver 140 eln\u00e4tsf\u00f6retag med avancerade l\u00f6sningar f\u00f6r m\u00e4tning, n\u00e4t\u00f6vervakning och styrningsl\u00f6sningar. V\u00e5r kundbas \u00e4r mycket diversifierad och stabil \u2013 fr\u00e5n stora regionala eln\u00e4tsf\u00f6retag till lokala kommunala bolag. V\u00e5r position \u00e4r ett resultat av ett systematiskt och l\u00e5ngsiktigt arbete med&hellip;<\/p>\n","protected":false},"author":2,"featured_media":2936,"parent":3748,"menu_order":2,"comment_status":"closed","ping_status":"closed","template":"","meta":{"_acf_changed":false,"footnotes":""},"class_list":["post-4000","page","type-page","status-publish","has-post-thumbnail","hentry"],"acf":[],"yoast_head":"<!-- This site is optimized with the Yoast SEO plugin v27.0 - https:\/\/yoast.com\/product\/yoast-seo-wordpress\/ -->\n<title>Marknad &amp; Kunder - Aidon<\/title>\n<meta name=\"robots\" content=\"index, follow, max-snippet:-1, max-image-preview:large, max-video-preview:-1\" \/>\n<link rel=\"canonical\" href=\"https:\/\/aidon.com\/sv\/om-oss\/marknad-och-kunder\/\" \/>\n<meta property=\"og:locale\" content=\"sv_SE\" \/>\n<meta property=\"og:type\" content=\"article\" \/>\n<meta property=\"og:title\" content=\"Marknad &amp; Kunder - Aidon\" \/>\n<meta property=\"og:description\" content=\"Som marknadsledare p\u00e5 sin huvudmarknad \u2013 Norden \u2013 hj\u00e4lper Aidon idag \u00f6ver 140 eln\u00e4tsf\u00f6retag med avancerade l\u00f6sningar f\u00f6r m\u00e4tning, n\u00e4t\u00f6vervakning och styrningsl\u00f6sningar. V\u00e5r kundbas \u00e4r mycket diversifierad och stabil \u2013 fr\u00e5n stora regionala eln\u00e4tsf\u00f6retag till lokala kommunala bolag. V\u00e5r position \u00e4r ett resultat av ett systematiskt och l\u00e5ngsiktigt arbete med&hellip;\" \/>\n<meta property=\"og:url\" content=\"https:\/\/aidon.com\/sv\/om-oss\/marknad-och-kunder\/\" \/>\n<meta property=\"og:site_name\" content=\"Aidon\" \/>\n<meta property=\"article:modified_time\" content=\"2023-11-16T10:31:59+00:00\" \/>\n<meta property=\"og:image\" content=\"https:\/\/aidon.com\/wp-content\/uploads\/2022\/12\/Markets_and_Customers_map_80_2.jpg\" \/>\n\t<meta property=\"og:image:width\" content=\"1920\" \/>\n\t<meta property=\"og:image:height\" content=\"1080\" \/>\n\t<meta property=\"og:image:type\" content=\"image\/jpeg\" \/>\n<meta name=\"twitter:card\" content=\"summary_large_image\" \/>\n<meta name=\"twitter:label1\" content=\"Ber\u00e4knad l\u00e4stid\" \/>\n\t<meta name=\"twitter:data1\" content=\"1 minut\" \/>\n<script type=\"application\/ld+json\" class=\"yoast-schema-graph\">{\"@context\":\"https:\/\/schema.org\",\"@graph\":[{\"@type\":\"WebPage\",\"@id\":\"https:\/\/aidon.com\/sv\/om-oss\/marknad-och-kunder\/\",\"url\":\"https:\/\/aidon.com\/sv\/om-oss\/marknad-och-kunder\/\",\"name\":\"Marknad & Kunder - Aidon\",\"isPartOf\":{\"@id\":\"https:\/\/aidon.com\/sv\/#website\"},\"primaryImageOfPage\":{\"@id\":\"https:\/\/aidon.com\/sv\/om-oss\/marknad-och-kunder\/#primaryimage\"},\"image\":{\"@id\":\"https:\/\/aidon.com\/sv\/om-oss\/marknad-och-kunder\/#primaryimage\"},\"thumbnailUrl\":\"https:\/\/aidon.com\/wp-content\/uploads\/2022\/12\/Markets_and_Customers_map_80_2.jpg\",\"datePublished\":\"2022-08-15T09:55:52+00:00\",\"dateModified\":\"2023-11-16T10:31:59+00:00\",\"breadcrumb\":{\"@id\":\"https:\/\/aidon.com\/sv\/om-oss\/marknad-och-kunder\/#breadcrumb\"},\"inLanguage\":\"sv-SE\",\"potentialAction\":[{\"@type\":\"ReadAction\",\"target\":[\"https:\/\/aidon.com\/sv\/om-oss\/marknad-och-kunder\/\"]}]},{\"@type\":\"ImageObject\",\"inLanguage\":\"sv-SE\",\"@id\":\"https:\/\/aidon.com\/sv\/om-oss\/marknad-och-kunder\/#primaryimage\",\"url\":\"https:\/\/aidon.com\/wp-content\/uploads\/2022\/12\/Markets_and_Customers_map_80_2.jpg\",\"contentUrl\":\"https:\/\/aidon.com\/wp-content\/uploads\/2022\/12\/Markets_and_Customers_map_80_2.jpg\",\"width\":1920,\"height\":1080},{\"@type\":\"BreadcrumbList\",\"@id\":\"https:\/\/aidon.com\/sv\/om-oss\/marknad-och-kunder\/#breadcrumb\",\"itemListElement\":[{\"@type\":\"ListItem\",\"position\":1,\"name\":\"Om oss\",\"item\":\"https:\/\/aidon.com\/sv\/om-oss\/\"},{\"@type\":\"ListItem\",\"position\":2,\"name\":\"Marknad &#038; Kunder\"}]},{\"@type\":\"WebSite\",\"@id\":\"https:\/\/aidon.com\/sv\/#website\",\"url\":\"https:\/\/aidon.com\/sv\/\",\"name\":\"Aidon\",\"description\":\"\",\"potentialAction\":[{\"@type\":\"SearchAction\",\"target\":{\"@type\":\"EntryPoint\",\"urlTemplate\":\"https:\/\/aidon.com\/sv\/?s={search_term_string}\"},\"query-input\":{\"@type\":\"PropertyValueSpecification\",\"valueRequired\":true,\"valueName\":\"search_term_string\"}}],\"inLanguage\":\"sv-SE\"}]}<\/script>\n<!-- \/ Yoast SEO plugin. -->","yoast_head_json":{"title":"Marknad & Kunder - Aidon","robots":{"index":"index","follow":"follow","max-snippet":"max-snippet:-1","max-image-preview":"max-image-preview:large","max-video-preview":"max-video-preview:-1"},"canonical":"https:\/\/aidon.com\/sv\/om-oss\/marknad-och-kunder\/","og_locale":"sv_SE","og_type":"article","og_title":"Marknad & Kunder - Aidon","og_description":"Som marknadsledare p\u00e5 sin huvudmarknad \u2013 Norden \u2013 hj\u00e4lper Aidon idag \u00f6ver 140 eln\u00e4tsf\u00f6retag med avancerade l\u00f6sningar f\u00f6r m\u00e4tning, n\u00e4t\u00f6vervakning och styrningsl\u00f6sningar. V\u00e5r kundbas \u00e4r mycket diversifierad och stabil \u2013 fr\u00e5n stora regionala eln\u00e4tsf\u00f6retag till lokala kommunala bolag. V\u00e5r position \u00e4r ett resultat av ett systematiskt och l\u00e5ngsiktigt arbete med&hellip;","og_url":"https:\/\/aidon.com\/sv\/om-oss\/marknad-och-kunder\/","og_site_name":"Aidon","article_modified_time":"2023-11-16T10:31:59+00:00","og_image":[{"width":1920,"height":1080,"url":"https:\/\/aidon.com\/wp-content\/uploads\/2022\/12\/Markets_and_Customers_map_80_2.jpg","type":"image\/jpeg"}],"twitter_card":"summary_large_image","twitter_misc":{"Ber\u00e4knad l\u00e4stid":"1 minut"},"schema":{"@context":"https:\/\/schema.org","@graph":[{"@type":"WebPage","@id":"https:\/\/aidon.com\/sv\/om-oss\/marknad-och-kunder\/","url":"https:\/\/aidon.com\/sv\/om-oss\/marknad-och-kunder\/","name":"Marknad & Kunder - Aidon","isPartOf":{"@id":"https:\/\/aidon.com\/sv\/#website"},"primaryImageOfPage":{"@id":"https:\/\/aidon.com\/sv\/om-oss\/marknad-och-kunder\/#primaryimage"},"image":{"@id":"https:\/\/aidon.com\/sv\/om-oss\/marknad-och-kunder\/#primaryimage"},"thumbnailUrl":"https:\/\/aidon.com\/wp-content\/uploads\/2022\/12\/Markets_and_Customers_map_80_2.jpg","datePublished":"2022-08-15T09:55:52+00:00","dateModified":"2023-11-16T10:31:59+00:00","breadcrumb":{"@id":"https:\/\/aidon.com\/sv\/om-oss\/marknad-och-kunder\/#breadcrumb"},"inLanguage":"sv-SE","potentialAction":[{"@type":"ReadAction","target":["https:\/\/aidon.com\/sv\/om-oss\/marknad-och-kunder\/"]}]},{"@type":"ImageObject","inLanguage":"sv-SE","@id":"https:\/\/aidon.com\/sv\/om-oss\/marknad-och-kunder\/#primaryimage","url":"https:\/\/aidon.com\/wp-content\/uploads\/2022\/12\/Markets_and_Customers_map_80_2.jpg","contentUrl":"https:\/\/aidon.com\/wp-content\/uploads\/2022\/12\/Markets_and_Customers_map_80_2.jpg","width":1920,"height":1080},{"@type":"BreadcrumbList","@id":"https:\/\/aidon.com\/sv\/om-oss\/marknad-och-kunder\/#breadcrumb","itemListElement":[{"@type":"ListItem","position":1,"name":"Om oss","item":"https:\/\/aidon.com\/sv\/om-oss\/"},{"@type":"ListItem","position":2,"name":"Marknad &#038; Kunder"}]},{"@type":"WebSite","@id":"https:\/\/aidon.com\/sv\/#website","url":"https:\/\/aidon.com\/sv\/","name":"Aidon","description":"","potentialAction":[{"@type":"SearchAction","target":{"@type":"EntryPoint","urlTemplate":"https:\/\/aidon.com\/sv\/?s={search_term_string}"},"query-input":{"@type":"PropertyValueSpecification","valueRequired":true,"valueName":"search_term_string"}}],"inLanguage":"sv-SE"}]}},"_links":{"self":[{"href":"https:\/\/aidon.com\/sv\/wp-json\/wp\/v2\/pages\/4000","targetHints":{"allow":["GET"]}}],"collection":[{"href":"https:\/\/aidon.com\/sv\/wp-json\/wp\/v2\/pages"}],"about":[{"href":"https:\/\/aidon.com\/sv\/wp-json\/wp\/v2\/types\/page"}],"author":[{"embeddable":true,"href":"https:\/\/aidon.com\/sv\/wp-json\/wp\/v2\/users\/2"}],"replies":[{"embeddable":true,"href":"https:\/\/aidon.com\/sv\/wp-json\/wp\/v2\/comments?post=4000"}],"version-history":[{"count":8,"href":"https:\/\/aidon.com\/sv\/wp-json\/wp\/v2\/pages\/4000\/revisions"}],"predecessor-version":[{"id":12369,"href":"https:\/\/aidon.com\/sv\/wp-json\/wp\/v2\/pages\/4000\/revisions\/12369"}],"up":[{"embeddable":true,"href":"https:\/\/aidon.com\/sv\/wp-json\/wp\/v2\/pages\/3748"}],"wp:featuredmedia":[{"embeddable":true,"href":"https:\/\/aidon.com\/sv\/wp-json\/wp\/v2\/media\/2936"}],"wp:attachment":[{"href":"https:\/\/aidon.com\/sv\/wp-json\/wp\/v2\/media?parent=4000"}],"curies":[{"name":"wp","href":"https:\/\/api.w.org\/{rel}","templated":true}]}}