{"id":3998,"date":"2022-08-15T09:54:10","date_gmt":"2022-08-15T06:54:10","guid":{"rendered":"https:\/\/aidon.com\/?page_id=3998"},"modified":"2026-01-26T11:32:39","modified_gmt":"2026-01-26T09:32:39","slug":"vision-och-varderingar","status":"publish","type":"page","link":"https:\/\/aidon.com\/sv\/om-oss\/vision-och-varderingar\/","title":{"rendered":"Vision &#038; V\u00e4rderingar"},"content":{"rendered":"<p><strong>V\u00e5r vision <\/strong>\u00e4r att bli erk\u00e4nda som en p\u00e5litlig r\u00e5dgivare och ansedd som den b\u00e4sta leverant\u00f6ren av industriell internet- och smart m\u00e4tteknik och tj\u00e4nster i v\u00e4rlden.<\/p>\n<p><strong>V\u00e5rt uppdrag<\/strong> \u00e4r att tillhandah\u00e5lla smarta eln\u00e4tsl\u00f6sningar f\u00f6r en effektiv energianv\u00e4ndning i v\u00e5rt samh\u00e4lle. Visionen \u00e4r kompassen f\u00f6r att s\u00e4tta och genomf\u00f6ra v\u00e5r strategi.<\/p>\n<p>V\u00e5r framg\u00e5ng bygger p\u00e5 v\u00e5r kultur, som \u00e5terspeglas i <strong>v\u00e5ra v\u00e4rderingar<\/strong>.<\/p>\n","protected":false},"excerpt":{"rendered":"<p>V\u00e5r vision \u00e4r att bli erk\u00e4nda som en p\u00e5litlig r\u00e5dgivare och ansedd som den b\u00e4sta leverant\u00f6ren av industriell internet- och smart m\u00e4tteknik och tj\u00e4nster i v\u00e4rlden. V\u00e5rt uppdrag \u00e4r att tillhandah\u00e5lla smarta eln\u00e4tsl\u00f6sningar f\u00f6r en effektiv energianv\u00e4ndning i v\u00e5rt samh\u00e4lle. Visionen \u00e4r kompassen f\u00f6r att s\u00e4tta och genomf\u00f6ra v\u00e5r strategi.&hellip;<\/p>\n","protected":false},"author":2,"featured_media":1525,"parent":3748,"menu_order":1,"comment_status":"closed","ping_status":"closed","template":"","meta":{"_acf_changed":false,"footnotes":""},"class_list":["post-3998","page","type-page","status-publish","has-post-thumbnail","hentry"],"acf":[],"yoast_head":"<!-- This site is optimized with the Yoast SEO plugin v27.0 - https:\/\/yoast.com\/product\/yoast-seo-wordpress\/ -->\n<title>Vision &amp; V\u00e4rderingar - Aidon<\/title>\n<meta name=\"robots\" content=\"index, follow, max-snippet:-1, max-image-preview:large, max-video-preview:-1\" \/>\n<link rel=\"canonical\" href=\"https:\/\/aidon.com\/sv\/om-oss\/vision-och-varderingar\/\" \/>\n<meta property=\"og:locale\" content=\"sv_SE\" \/>\n<meta property=\"og:type\" content=\"article\" \/>\n<meta property=\"og:title\" content=\"Vision &amp; V\u00e4rderingar - Aidon\" \/>\n<meta property=\"og:description\" content=\"V\u00e5r vision \u00e4r att bli erk\u00e4nda som en p\u00e5litlig r\u00e5dgivare och ansedd som den b\u00e4sta leverant\u00f6ren av industriell internet- och smart m\u00e4tteknik och tj\u00e4nster i v\u00e4rlden. V\u00e5rt uppdrag \u00e4r att tillhandah\u00e5lla smarta eln\u00e4tsl\u00f6sningar f\u00f6r en effektiv energianv\u00e4ndning i v\u00e5rt samh\u00e4lle. Visionen \u00e4r kompassen f\u00f6r att s\u00e4tta och genomf\u00f6ra v\u00e5r strategi.&hellip;\" \/>\n<meta property=\"og:url\" content=\"https:\/\/aidon.com\/sv\/om-oss\/vision-och-varderingar\/\" \/>\n<meta property=\"og:site_name\" content=\"Aidon\" \/>\n<meta property=\"article:modified_time\" content=\"2026-01-26T09:32:39+00:00\" \/>\n<meta property=\"og:image\" content=\"https:\/\/aidon.com\/wp-content\/uploads\/2022\/10\/Vision_and_values_web_2022_cropped_and_cl-1024x576.jpg\" \/>\n\t<meta property=\"og:image:width\" content=\"1024\" \/>\n\t<meta property=\"og:image:height\" content=\"576\" \/>\n\t<meta property=\"og:image:type\" content=\"image\/jpeg\" \/>\n<meta name=\"twitter:card\" content=\"summary_large_image\" \/>\n<meta name=\"twitter:label1\" content=\"Ber\u00e4knad l\u00e4stid\" \/>\n\t<meta name=\"twitter:data1\" content=\"1 minut\" \/>\n<script type=\"application\/ld+json\" class=\"yoast-schema-graph\">{\"@context\":\"https:\/\/schema.org\",\"@graph\":[{\"@type\":\"WebPage\",\"@id\":\"https:\/\/aidon.com\/sv\/om-oss\/vision-och-varderingar\/\",\"url\":\"https:\/\/aidon.com\/sv\/om-oss\/vision-och-varderingar\/\",\"name\":\"Vision & V\u00e4rderingar - Aidon\",\"isPartOf\":{\"@id\":\"https:\/\/aidon.com\/sv\/#website\"},\"primaryImageOfPage\":{\"@id\":\"https:\/\/aidon.com\/sv\/om-oss\/vision-och-varderingar\/#primaryimage\"},\"image\":{\"@id\":\"https:\/\/aidon.com\/sv\/om-oss\/vision-och-varderingar\/#primaryimage\"},\"thumbnailUrl\":\"https:\/\/aidon.com\/wp-content\/uploads\/2022\/10\/Vision_and_values_web_2022_cropped_and_cl.jpg\",\"datePublished\":\"2022-08-15T06:54:10+00:00\",\"dateModified\":\"2026-01-26T09:32:39+00:00\",\"breadcrumb\":{\"@id\":\"https:\/\/aidon.com\/sv\/om-oss\/vision-och-varderingar\/#breadcrumb\"},\"inLanguage\":\"sv-SE\",\"potentialAction\":[{\"@type\":\"ReadAction\",\"target\":[\"https:\/\/aidon.com\/sv\/om-oss\/vision-och-varderingar\/\"]}]},{\"@type\":\"ImageObject\",\"inLanguage\":\"sv-SE\",\"@id\":\"https:\/\/aidon.com\/sv\/om-oss\/vision-och-varderingar\/#primaryimage\",\"url\":\"https:\/\/aidon.com\/wp-content\/uploads\/2022\/10\/Vision_and_values_web_2022_cropped_and_cl.jpg\",\"contentUrl\":\"https:\/\/aidon.com\/wp-content\/uploads\/2022\/10\/Vision_and_values_web_2022_cropped_and_cl.jpg\",\"width\":1920,\"height\":1080},{\"@type\":\"BreadcrumbList\",\"@id\":\"https:\/\/aidon.com\/sv\/om-oss\/vision-och-varderingar\/#breadcrumb\",\"itemListElement\":[{\"@type\":\"ListItem\",\"position\":1,\"name\":\"Om oss\",\"item\":\"https:\/\/aidon.com\/sv\/om-oss\/\"},{\"@type\":\"ListItem\",\"position\":2,\"name\":\"Vision &#038; V\u00e4rderingar\"}]},{\"@type\":\"WebSite\",\"@id\":\"https:\/\/aidon.com\/sv\/#website\",\"url\":\"https:\/\/aidon.com\/sv\/\",\"name\":\"Aidon\",\"description\":\"\",\"potentialAction\":[{\"@type\":\"SearchAction\",\"target\":{\"@type\":\"EntryPoint\",\"urlTemplate\":\"https:\/\/aidon.com\/sv\/?s={search_term_string}\"},\"query-input\":{\"@type\":\"PropertyValueSpecification\",\"valueRequired\":true,\"valueName\":\"search_term_string\"}}],\"inLanguage\":\"sv-SE\"}]}<\/script>\n<!-- \/ Yoast SEO plugin. -->","yoast_head_json":{"title":"Vision & V\u00e4rderingar - Aidon","robots":{"index":"index","follow":"follow","max-snippet":"max-snippet:-1","max-image-preview":"max-image-preview:large","max-video-preview":"max-video-preview:-1"},"canonical":"https:\/\/aidon.com\/sv\/om-oss\/vision-och-varderingar\/","og_locale":"sv_SE","og_type":"article","og_title":"Vision & V\u00e4rderingar - Aidon","og_description":"V\u00e5r vision \u00e4r att bli erk\u00e4nda som en p\u00e5litlig r\u00e5dgivare och ansedd som den b\u00e4sta leverant\u00f6ren av industriell internet- och smart m\u00e4tteknik och tj\u00e4nster i v\u00e4rlden. V\u00e5rt uppdrag \u00e4r att tillhandah\u00e5lla smarta eln\u00e4tsl\u00f6sningar f\u00f6r en effektiv energianv\u00e4ndning i v\u00e5rt samh\u00e4lle. Visionen \u00e4r kompassen f\u00f6r att s\u00e4tta och genomf\u00f6ra v\u00e5r strategi.&hellip;","og_url":"https:\/\/aidon.com\/sv\/om-oss\/vision-och-varderingar\/","og_site_name":"Aidon","article_modified_time":"2026-01-26T09:32:39+00:00","og_image":[{"width":1024,"height":576,"url":"https:\/\/aidon.com\/wp-content\/uploads\/2022\/10\/Vision_and_values_web_2022_cropped_and_cl-1024x576.jpg","type":"image\/jpeg"}],"twitter_card":"summary_large_image","twitter_misc":{"Ber\u00e4knad l\u00e4stid":"1 minut"},"schema":{"@context":"https:\/\/schema.org","@graph":[{"@type":"WebPage","@id":"https:\/\/aidon.com\/sv\/om-oss\/vision-och-varderingar\/","url":"https:\/\/aidon.com\/sv\/om-oss\/vision-och-varderingar\/","name":"Vision & V\u00e4rderingar - Aidon","isPartOf":{"@id":"https:\/\/aidon.com\/sv\/#website"},"primaryImageOfPage":{"@id":"https:\/\/aidon.com\/sv\/om-oss\/vision-och-varderingar\/#primaryimage"},"image":{"@id":"https:\/\/aidon.com\/sv\/om-oss\/vision-och-varderingar\/#primaryimage"},"thumbnailUrl":"https:\/\/aidon.com\/wp-content\/uploads\/2022\/10\/Vision_and_values_web_2022_cropped_and_cl.jpg","datePublished":"2022-08-15T06:54:10+00:00","dateModified":"2026-01-26T09:32:39+00:00","breadcrumb":{"@id":"https:\/\/aidon.com\/sv\/om-oss\/vision-och-varderingar\/#breadcrumb"},"inLanguage":"sv-SE","potentialAction":[{"@type":"ReadAction","target":["https:\/\/aidon.com\/sv\/om-oss\/vision-och-varderingar\/"]}]},{"@type":"ImageObject","inLanguage":"sv-SE","@id":"https:\/\/aidon.com\/sv\/om-oss\/vision-och-varderingar\/#primaryimage","url":"https:\/\/aidon.com\/wp-content\/uploads\/2022\/10\/Vision_and_values_web_2022_cropped_and_cl.jpg","contentUrl":"https:\/\/aidon.com\/wp-content\/uploads\/2022\/10\/Vision_and_values_web_2022_cropped_and_cl.jpg","width":1920,"height":1080},{"@type":"BreadcrumbList","@id":"https:\/\/aidon.com\/sv\/om-oss\/vision-och-varderingar\/#breadcrumb","itemListElement":[{"@type":"ListItem","position":1,"name":"Om oss","item":"https:\/\/aidon.com\/sv\/om-oss\/"},{"@type":"ListItem","position":2,"name":"Vision &#038; V\u00e4rderingar"}]},{"@type":"WebSite","@id":"https:\/\/aidon.com\/sv\/#website","url":"https:\/\/aidon.com\/sv\/","name":"Aidon","description":"","potentialAction":[{"@type":"SearchAction","target":{"@type":"EntryPoint","urlTemplate":"https:\/\/aidon.com\/sv\/?s={search_term_string}"},"query-input":{"@type":"PropertyValueSpecification","valueRequired":true,"valueName":"search_term_string"}}],"inLanguage":"sv-SE"}]}},"_links":{"self":[{"href":"https:\/\/aidon.com\/sv\/wp-json\/wp\/v2\/pages\/3998","targetHints":{"allow":["GET"]}}],"collection":[{"href":"https:\/\/aidon.com\/sv\/wp-json\/wp\/v2\/pages"}],"about":[{"href":"https:\/\/aidon.com\/sv\/wp-json\/wp\/v2\/types\/page"}],"author":[{"embeddable":true,"href":"https:\/\/aidon.com\/sv\/wp-json\/wp\/v2\/users\/2"}],"replies":[{"embeddable":true,"href":"https:\/\/aidon.com\/sv\/wp-json\/wp\/v2\/comments?post=3998"}],"version-history":[{"count":9,"href":"https:\/\/aidon.com\/sv\/wp-json\/wp\/v2\/pages\/3998\/revisions"}],"predecessor-version":[{"id":18474,"href":"https:\/\/aidon.com\/sv\/wp-json\/wp\/v2\/pages\/3998\/revisions\/18474"}],"up":[{"embeddable":true,"href":"https:\/\/aidon.com\/sv\/wp-json\/wp\/v2\/pages\/3748"}],"wp:featuredmedia":[{"embeddable":true,"href":"https:\/\/aidon.com\/sv\/wp-json\/wp\/v2\/media\/1525"}],"wp:attachment":[{"href":"https:\/\/aidon.com\/sv\/wp-json\/wp\/v2\/media?parent=3998"}],"curies":[{"name":"wp","href":"https:\/\/api.w.org\/{rel}","templated":true}]}}