{"id":3996,"date":"2022-08-26T12:43:06","date_gmt":"2022-08-26T09:43:06","guid":{"rendered":"https:\/\/aidon.com\/?page_id=3996"},"modified":"2025-09-18T08:35:18","modified_gmt":"2025-09-18T05:35:18","slug":"vart-engagemang","status":"publish","type":"page","link":"https:\/\/aidon.com\/sv\/hallbarhet\/vart-engagemang\/","title":{"rendered":"V\u00e5rt engagemang"},"content":{"rendered":"<h2>V\u00e5rt ambition \u00e4r att hj\u00e4lpa v\u00e5ra kunder att n\u00e5 sina h\u00e5llbarhetsm\u00e5l<\/h2>\n<p>Aidons uppdrag \u00e4r att tillhandah\u00e5lla smarta eln\u00e4tsl\u00f6sningar f\u00f6r att m\u00f6jligg\u00f6ra en effektiv energianv\u00e4ndning och en h\u00e5llbar livsstil i v\u00e5rt samh\u00e4lle. Med l\u00f6sningarna kan v\u00e5ra kunder \u2013eln\u00e4tsf\u00f6retagen \u2013 hantera sina eln\u00e4t effektivt samtidigt som de kan integrera utsl\u00e4ppsfria energik\u00e4llor som varierar i effekt i eln\u00e4tet. Detta skapar ocks\u00e5 f\u00f6rdelar f\u00f6r elkonsumenterna.<\/p>\n<p>Vi har \u00e5tagit oss att bidra till Agenda 2030 och FN:s h\u00e5llbarhetsm\u00e5l \u2013 mer specifikt till dessa sju omr\u00e5den:<\/p>\n<p><img loading=\"lazy\" decoding=\"async\" class=\"alignnone wp-image-6140 size-full\" src=\"https:\/\/aidon.com\/wp-content\/uploads\/2023\/02\/UN_Goals_new_web_2023.png\" alt=\"\" width=\"829\" height=\"411\" srcset=\"https:\/\/aidon.com\/wp-content\/uploads\/2023\/02\/UN_Goals_new_web_2023.png 829w, https:\/\/aidon.com\/wp-content\/uploads\/2023\/02\/UN_Goals_new_web_2023-300x149.png 300w, https:\/\/aidon.com\/wp-content\/uploads\/2023\/02\/UN_Goals_new_web_2023-768x381.png 768w\" sizes=\"auto, (max-width: 829px) 100vw, 829px\" \/><\/p>\n<p>L\u00e4s mer om FN:s m\u00e5l och v\u00e5r relaterade verksamhet i <a href=\"https:\/\/aidon.com\/wp-content\/uploads\/2025\/06\/Aidon_Sustainability_Report_2024_final_web_v2.pdf\">H\u00e5llbarhetsredovisningen 2024<\/a>.<\/p>\n","protected":false},"excerpt":{"rendered":"<p>V\u00e5rt ambition \u00e4r att hj\u00e4lpa v\u00e5ra kunder att n\u00e5 sina h\u00e5llbarhetsm\u00e5l Aidons uppdrag \u00e4r att tillhandah\u00e5lla smarta eln\u00e4tsl\u00f6sningar f\u00f6r att m\u00f6jligg\u00f6ra en effektiv energianv\u00e4ndning och en h\u00e5llbar livsstil i v\u00e5rt samh\u00e4lle. Med l\u00f6sningarna kan v\u00e5ra kunder \u2013eln\u00e4tsf\u00f6retagen \u2013 hantera sina eln\u00e4t effektivt samtidigt som de kan integrera utsl\u00e4ppsfria energik\u00e4llor som&hellip;<\/p>\n","protected":false},"author":2,"featured_media":838,"parent":3732,"menu_order":1,"comment_status":"closed","ping_status":"closed","template":"","meta":{"_acf_changed":false,"footnotes":""},"class_list":["post-3996","page","type-page","status-publish","has-post-thumbnail","hentry"],"acf":[],"yoast_head":"<!-- This site is optimized with the Yoast SEO plugin v27.0 - https:\/\/yoast.com\/product\/yoast-seo-wordpress\/ -->\n<title>V\u00e5rt engagemang - Aidon<\/title>\n<meta name=\"robots\" content=\"index, follow, max-snippet:-1, max-image-preview:large, max-video-preview:-1\" \/>\n<link rel=\"canonical\" href=\"https:\/\/aidon.com\/sv\/hallbarhet\/vart-engagemang\/\" \/>\n<meta property=\"og:locale\" content=\"sv_SE\" \/>\n<meta property=\"og:type\" content=\"article\" \/>\n<meta property=\"og:title\" content=\"V\u00e5rt engagemang - Aidon\" \/>\n<meta property=\"og:description\" content=\"V\u00e5rt ambition \u00e4r att hj\u00e4lpa v\u00e5ra kunder att n\u00e5 sina h\u00e5llbarhetsm\u00e5l Aidons uppdrag \u00e4r att tillhandah\u00e5lla smarta eln\u00e4tsl\u00f6sningar f\u00f6r att m\u00f6jligg\u00f6ra en effektiv energianv\u00e4ndning och en h\u00e5llbar livsstil i v\u00e5rt samh\u00e4lle. Med l\u00f6sningarna kan v\u00e5ra kunder \u2013eln\u00e4tsf\u00f6retagen \u2013 hantera sina eln\u00e4t effektivt samtidigt som de kan integrera utsl\u00e4ppsfria energik\u00e4llor som&hellip;\" \/>\n<meta property=\"og:url\" content=\"https:\/\/aidon.com\/sv\/hallbarhet\/vart-engagemang\/\" \/>\n<meta property=\"og:site_name\" content=\"Aidon\" \/>\n<meta property=\"article:modified_time\" content=\"2025-09-18T05:35:18+00:00\" \/>\n<meta property=\"og:image\" content=\"https:\/\/aidon.com\/wp-content\/uploads\/2022\/09\/Our_commitment_1900.jpg\" \/>\n\t<meta property=\"og:image:width\" content=\"1900\" \/>\n\t<meta property=\"og:image:height\" content=\"1267\" \/>\n\t<meta property=\"og:image:type\" content=\"image\/jpeg\" \/>\n<meta name=\"twitter:card\" content=\"summary_large_image\" \/>\n<meta name=\"twitter:label1\" content=\"Ber\u00e4knad l\u00e4stid\" \/>\n\t<meta name=\"twitter:data1\" content=\"1 minut\" \/>\n<script type=\"application\/ld+json\" class=\"yoast-schema-graph\">{\"@context\":\"https:\/\/schema.org\",\"@graph\":[{\"@type\":\"WebPage\",\"@id\":\"https:\/\/aidon.com\/sv\/hallbarhet\/vart-engagemang\/\",\"url\":\"https:\/\/aidon.com\/sv\/hallbarhet\/vart-engagemang\/\",\"name\":\"V\u00e5rt engagemang - Aidon\",\"isPartOf\":{\"@id\":\"https:\/\/aidon.com\/sv\/#website\"},\"primaryImageOfPage\":{\"@id\":\"https:\/\/aidon.com\/sv\/hallbarhet\/vart-engagemang\/#primaryimage\"},\"image\":{\"@id\":\"https:\/\/aidon.com\/sv\/hallbarhet\/vart-engagemang\/#primaryimage\"},\"thumbnailUrl\":\"https:\/\/aidon.com\/wp-content\/uploads\/2022\/09\/Our_commitment_1900.jpg\",\"datePublished\":\"2022-08-26T09:43:06+00:00\",\"dateModified\":\"2025-09-18T05:35:18+00:00\",\"breadcrumb\":{\"@id\":\"https:\/\/aidon.com\/sv\/hallbarhet\/vart-engagemang\/#breadcrumb\"},\"inLanguage\":\"sv-SE\",\"potentialAction\":[{\"@type\":\"ReadAction\",\"target\":[\"https:\/\/aidon.com\/sv\/hallbarhet\/vart-engagemang\/\"]}]},{\"@type\":\"ImageObject\",\"inLanguage\":\"sv-SE\",\"@id\":\"https:\/\/aidon.com\/sv\/hallbarhet\/vart-engagemang\/#primaryimage\",\"url\":\"https:\/\/aidon.com\/wp-content\/uploads\/2022\/09\/Our_commitment_1900.jpg\",\"contentUrl\":\"https:\/\/aidon.com\/wp-content\/uploads\/2022\/09\/Our_commitment_1900.jpg\",\"width\":1900,\"height\":1267},{\"@type\":\"BreadcrumbList\",\"@id\":\"https:\/\/aidon.com\/sv\/hallbarhet\/vart-engagemang\/#breadcrumb\",\"itemListElement\":[{\"@type\":\"ListItem\",\"position\":1,\"name\":\"H\u00e5llbarhet\",\"item\":\"https:\/\/aidon.com\/sv\/hallbarhet\/\"},{\"@type\":\"ListItem\",\"position\":2,\"name\":\"V\u00e5rt engagemang\"}]},{\"@type\":\"WebSite\",\"@id\":\"https:\/\/aidon.com\/sv\/#website\",\"url\":\"https:\/\/aidon.com\/sv\/\",\"name\":\"Aidon\",\"description\":\"\",\"potentialAction\":[{\"@type\":\"SearchAction\",\"target\":{\"@type\":\"EntryPoint\",\"urlTemplate\":\"https:\/\/aidon.com\/sv\/?s={search_term_string}\"},\"query-input\":{\"@type\":\"PropertyValueSpecification\",\"valueRequired\":true,\"valueName\":\"search_term_string\"}}],\"inLanguage\":\"sv-SE\"}]}<\/script>\n<!-- \/ Yoast SEO plugin. -->","yoast_head_json":{"title":"V\u00e5rt engagemang - Aidon","robots":{"index":"index","follow":"follow","max-snippet":"max-snippet:-1","max-image-preview":"max-image-preview:large","max-video-preview":"max-video-preview:-1"},"canonical":"https:\/\/aidon.com\/sv\/hallbarhet\/vart-engagemang\/","og_locale":"sv_SE","og_type":"article","og_title":"V\u00e5rt engagemang - Aidon","og_description":"V\u00e5rt ambition \u00e4r att hj\u00e4lpa v\u00e5ra kunder att n\u00e5 sina h\u00e5llbarhetsm\u00e5l Aidons uppdrag \u00e4r att tillhandah\u00e5lla smarta eln\u00e4tsl\u00f6sningar f\u00f6r att m\u00f6jligg\u00f6ra en effektiv energianv\u00e4ndning och en h\u00e5llbar livsstil i v\u00e5rt samh\u00e4lle. Med l\u00f6sningarna kan v\u00e5ra kunder \u2013eln\u00e4tsf\u00f6retagen \u2013 hantera sina eln\u00e4t effektivt samtidigt som de kan integrera utsl\u00e4ppsfria energik\u00e4llor som&hellip;","og_url":"https:\/\/aidon.com\/sv\/hallbarhet\/vart-engagemang\/","og_site_name":"Aidon","article_modified_time":"2025-09-18T05:35:18+00:00","og_image":[{"width":1900,"height":1267,"url":"https:\/\/aidon.com\/wp-content\/uploads\/2022\/09\/Our_commitment_1900.jpg","type":"image\/jpeg"}],"twitter_card":"summary_large_image","twitter_misc":{"Ber\u00e4knad l\u00e4stid":"1 minut"},"schema":{"@context":"https:\/\/schema.org","@graph":[{"@type":"WebPage","@id":"https:\/\/aidon.com\/sv\/hallbarhet\/vart-engagemang\/","url":"https:\/\/aidon.com\/sv\/hallbarhet\/vart-engagemang\/","name":"V\u00e5rt engagemang - Aidon","isPartOf":{"@id":"https:\/\/aidon.com\/sv\/#website"},"primaryImageOfPage":{"@id":"https:\/\/aidon.com\/sv\/hallbarhet\/vart-engagemang\/#primaryimage"},"image":{"@id":"https:\/\/aidon.com\/sv\/hallbarhet\/vart-engagemang\/#primaryimage"},"thumbnailUrl":"https:\/\/aidon.com\/wp-content\/uploads\/2022\/09\/Our_commitment_1900.jpg","datePublished":"2022-08-26T09:43:06+00:00","dateModified":"2025-09-18T05:35:18+00:00","breadcrumb":{"@id":"https:\/\/aidon.com\/sv\/hallbarhet\/vart-engagemang\/#breadcrumb"},"inLanguage":"sv-SE","potentialAction":[{"@type":"ReadAction","target":["https:\/\/aidon.com\/sv\/hallbarhet\/vart-engagemang\/"]}]},{"@type":"ImageObject","inLanguage":"sv-SE","@id":"https:\/\/aidon.com\/sv\/hallbarhet\/vart-engagemang\/#primaryimage","url":"https:\/\/aidon.com\/wp-content\/uploads\/2022\/09\/Our_commitment_1900.jpg","contentUrl":"https:\/\/aidon.com\/wp-content\/uploads\/2022\/09\/Our_commitment_1900.jpg","width":1900,"height":1267},{"@type":"BreadcrumbList","@id":"https:\/\/aidon.com\/sv\/hallbarhet\/vart-engagemang\/#breadcrumb","itemListElement":[{"@type":"ListItem","position":1,"name":"H\u00e5llbarhet","item":"https:\/\/aidon.com\/sv\/hallbarhet\/"},{"@type":"ListItem","position":2,"name":"V\u00e5rt engagemang"}]},{"@type":"WebSite","@id":"https:\/\/aidon.com\/sv\/#website","url":"https:\/\/aidon.com\/sv\/","name":"Aidon","description":"","potentialAction":[{"@type":"SearchAction","target":{"@type":"EntryPoint","urlTemplate":"https:\/\/aidon.com\/sv\/?s={search_term_string}"},"query-input":{"@type":"PropertyValueSpecification","valueRequired":true,"valueName":"search_term_string"}}],"inLanguage":"sv-SE"}]}},"_links":{"self":[{"href":"https:\/\/aidon.com\/sv\/wp-json\/wp\/v2\/pages\/3996","targetHints":{"allow":["GET"]}}],"collection":[{"href":"https:\/\/aidon.com\/sv\/wp-json\/wp\/v2\/pages"}],"about":[{"href":"https:\/\/aidon.com\/sv\/wp-json\/wp\/v2\/types\/page"}],"author":[{"embeddable":true,"href":"https:\/\/aidon.com\/sv\/wp-json\/wp\/v2\/users\/2"}],"replies":[{"embeddable":true,"href":"https:\/\/aidon.com\/sv\/wp-json\/wp\/v2\/comments?post=3996"}],"version-history":[{"count":7,"href":"https:\/\/aidon.com\/sv\/wp-json\/wp\/v2\/pages\/3996\/revisions"}],"predecessor-version":[{"id":17701,"href":"https:\/\/aidon.com\/sv\/wp-json\/wp\/v2\/pages\/3996\/revisions\/17701"}],"up":[{"embeddable":true,"href":"https:\/\/aidon.com\/sv\/wp-json\/wp\/v2\/pages\/3732"}],"wp:featuredmedia":[{"embeddable":true,"href":"https:\/\/aidon.com\/sv\/wp-json\/wp\/v2\/media\/838"}],"wp:attachment":[{"href":"https:\/\/aidon.com\/sv\/wp-json\/wp\/v2\/media?parent=3996"}],"curies":[{"name":"wp","href":"https:\/\/api.w.org\/{rel}","templated":true}]}}