{"id":3994,"date":"2022-08-15T09:56:51","date_gmt":"2022-08-15T09:56:51","guid":{"rendered":"https:\/\/aidon.com\/?page_id=3994"},"modified":"2023-04-25T11:02:46","modified_gmt":"2023-04-25T11:02:46","slug":"partner","status":"publish","type":"page","link":"https:\/\/aidon.com\/sv\/om-oss\/partner\/","title":{"rendered":"Partner"},"content":{"rendered":"<p><strong>Vi vill driva utvecklingen av smart och s\u00e4ker energiinfrastruktur i samarbete med v\u00e5ra kunder och partners och andra viktiga intressenter som forskningsinstitut och nationella myndigheter.<\/strong><\/p>\n<p>Aidons verksamhet bygger p\u00e5 en stor egen expertkunskap och stabila l\u00e5ngsiktiga partnerskap med f\u00f6retag som \u00e4r de b\u00e4sta specialisterna inom sina strategiska kompetensomr\u00e5den. Denna modell g\u00f6r det m\u00f6jligt f\u00f6r oss att fokusera p\u00e5 v\u00e5ra k\u00e4rnkompetenser och kundbehov, medan v\u00e5ra v\u00e4lrenommerade partner tillf\u00f6r h\u00f6g kompetens, flexibilitet och skalbarhet till v\u00e5rt l\u00f6sningserbjudande och v\u00e5r verksamhet. V\u00e5rt krav \u00e4r att av v\u00e5ra partner har samma engagemang f\u00f6r att fr\u00e4mja h\u00e5llbar utveckling och skapa v\u00e4rde f\u00f6r kunden som vi kr\u00e4ver av oss sj\u00e4lva.<\/p>\n<p>I v\u00e5rt stora n\u00e4tverk av partner finns b\u00e5de globala och lokala f\u00f6retag som specialiserat sig p\u00e5 olika kompetensomr\u00e5den.<\/p>\n<p>N\u00e5gra av v\u00e5ra viktigaste partner inkluderar f\u00f6retag inom teknik, utveckling, tillverkning, informationss\u00e4kerhet och utrullning av m\u00e4tare och installationer.<\/p>\n","protected":false},"excerpt":{"rendered":"<p>Vi vill driva utvecklingen av smart och s\u00e4ker energiinfrastruktur i samarbete med v\u00e5ra kunder och partners och andra viktiga intressenter som forskningsinstitut och nationella myndigheter. Aidons verksamhet bygger p\u00e5 en stor egen expertkunskap och stabila l\u00e5ngsiktiga partnerskap med f\u00f6retag som \u00e4r de b\u00e4sta specialisterna inom sina strategiska kompetensomr\u00e5den. Denna modell&hellip;<\/p>\n","protected":false},"author":2,"featured_media":1213,"parent":3748,"menu_order":4,"comment_status":"closed","ping_status":"closed","template":"","meta":{"_acf_changed":false,"footnotes":""},"class_list":["post-3994","page","type-page","status-publish","has-post-thumbnail","hentry"],"acf":[],"yoast_head":"<!-- This site is optimized with the Yoast SEO plugin v27.0 - https:\/\/yoast.com\/product\/yoast-seo-wordpress\/ -->\n<title>Partner - Aidon<\/title>\n<meta name=\"robots\" content=\"index, follow, max-snippet:-1, max-image-preview:large, max-video-preview:-1\" \/>\n<link rel=\"canonical\" href=\"https:\/\/aidon.com\/sv\/om-oss\/partner\/\" \/>\n<meta property=\"og:locale\" content=\"sv_SE\" \/>\n<meta property=\"og:type\" content=\"article\" \/>\n<meta property=\"og:title\" content=\"Partner - Aidon\" \/>\n<meta property=\"og:description\" content=\"Vi vill driva utvecklingen av smart och s\u00e4ker energiinfrastruktur i samarbete med v\u00e5ra kunder och partners och andra viktiga intressenter som forskningsinstitut och nationella myndigheter. Aidons verksamhet bygger p\u00e5 en stor egen expertkunskap och stabila l\u00e5ngsiktiga partnerskap med f\u00f6retag som \u00e4r de b\u00e4sta specialisterna inom sina strategiska kompetensomr\u00e5den. Denna modell&hellip;\" \/>\n<meta property=\"og:url\" content=\"https:\/\/aidon.com\/sv\/om-oss\/partner\/\" \/>\n<meta property=\"og:site_name\" content=\"Aidon\" \/>\n<meta property=\"article:modified_time\" content=\"2023-04-25T11:02:46+00:00\" \/>\n<meta property=\"og:image\" content=\"https:\/\/aidon.com\/wp-content\/uploads\/2022\/09\/Aidon-Brandikuva-106-web-1024x576.jpg\" \/>\n\t<meta property=\"og:image:width\" content=\"1024\" \/>\n\t<meta property=\"og:image:height\" content=\"576\" \/>\n\t<meta property=\"og:image:type\" content=\"image\/jpeg\" \/>\n<meta name=\"twitter:card\" content=\"summary_large_image\" \/>\n<meta name=\"twitter:label1\" content=\"Ber\u00e4knad l\u00e4stid\" \/>\n\t<meta name=\"twitter:data1\" content=\"1 minut\" \/>\n<script type=\"application\/ld+json\" class=\"yoast-schema-graph\">{\"@context\":\"https:\/\/schema.org\",\"@graph\":[{\"@type\":\"WebPage\",\"@id\":\"https:\/\/aidon.com\/sv\/om-oss\/partner\/\",\"url\":\"https:\/\/aidon.com\/sv\/om-oss\/partner\/\",\"name\":\"Partner - Aidon\",\"isPartOf\":{\"@id\":\"https:\/\/aidon.com\/sv\/#website\"},\"primaryImageOfPage\":{\"@id\":\"https:\/\/aidon.com\/sv\/om-oss\/partner\/#primaryimage\"},\"image\":{\"@id\":\"https:\/\/aidon.com\/sv\/om-oss\/partner\/#primaryimage\"},\"thumbnailUrl\":\"https:\/\/aidon.com\/wp-content\/uploads\/2022\/09\/Aidon-Brandikuva-106-web.jpg\",\"datePublished\":\"2022-08-15T09:56:51+00:00\",\"dateModified\":\"2023-04-25T11:02:46+00:00\",\"breadcrumb\":{\"@id\":\"https:\/\/aidon.com\/sv\/om-oss\/partner\/#breadcrumb\"},\"inLanguage\":\"sv-SE\",\"potentialAction\":[{\"@type\":\"ReadAction\",\"target\":[\"https:\/\/aidon.com\/sv\/om-oss\/partner\/\"]}]},{\"@type\":\"ImageObject\",\"inLanguage\":\"sv-SE\",\"@id\":\"https:\/\/aidon.com\/sv\/om-oss\/partner\/#primaryimage\",\"url\":\"https:\/\/aidon.com\/wp-content\/uploads\/2022\/09\/Aidon-Brandikuva-106-web.jpg\",\"contentUrl\":\"https:\/\/aidon.com\/wp-content\/uploads\/2022\/09\/Aidon-Brandikuva-106-web.jpg\",\"width\":1920,\"height\":1080},{\"@type\":\"BreadcrumbList\",\"@id\":\"https:\/\/aidon.com\/sv\/om-oss\/partner\/#breadcrumb\",\"itemListElement\":[{\"@type\":\"ListItem\",\"position\":1,\"name\":\"Om oss\",\"item\":\"https:\/\/aidon.com\/sv\/om-oss\/\"},{\"@type\":\"ListItem\",\"position\":2,\"name\":\"Partner\"}]},{\"@type\":\"WebSite\",\"@id\":\"https:\/\/aidon.com\/sv\/#website\",\"url\":\"https:\/\/aidon.com\/sv\/\",\"name\":\"Aidon\",\"description\":\"\",\"potentialAction\":[{\"@type\":\"SearchAction\",\"target\":{\"@type\":\"EntryPoint\",\"urlTemplate\":\"https:\/\/aidon.com\/sv\/?s={search_term_string}\"},\"query-input\":{\"@type\":\"PropertyValueSpecification\",\"valueRequired\":true,\"valueName\":\"search_term_string\"}}],\"inLanguage\":\"sv-SE\"}]}<\/script>\n<!-- \/ Yoast SEO plugin. -->","yoast_head_json":{"title":"Partner - Aidon","robots":{"index":"index","follow":"follow","max-snippet":"max-snippet:-1","max-image-preview":"max-image-preview:large","max-video-preview":"max-video-preview:-1"},"canonical":"https:\/\/aidon.com\/sv\/om-oss\/partner\/","og_locale":"sv_SE","og_type":"article","og_title":"Partner - Aidon","og_description":"Vi vill driva utvecklingen av smart och s\u00e4ker energiinfrastruktur i samarbete med v\u00e5ra kunder och partners och andra viktiga intressenter som forskningsinstitut och nationella myndigheter. Aidons verksamhet bygger p\u00e5 en stor egen expertkunskap och stabila l\u00e5ngsiktiga partnerskap med f\u00f6retag som \u00e4r de b\u00e4sta specialisterna inom sina strategiska kompetensomr\u00e5den. Denna modell&hellip;","og_url":"https:\/\/aidon.com\/sv\/om-oss\/partner\/","og_site_name":"Aidon","article_modified_time":"2023-04-25T11:02:46+00:00","og_image":[{"width":1024,"height":576,"url":"https:\/\/aidon.com\/wp-content\/uploads\/2022\/09\/Aidon-Brandikuva-106-web-1024x576.jpg","type":"image\/jpeg"}],"twitter_card":"summary_large_image","twitter_misc":{"Ber\u00e4knad l\u00e4stid":"1 minut"},"schema":{"@context":"https:\/\/schema.org","@graph":[{"@type":"WebPage","@id":"https:\/\/aidon.com\/sv\/om-oss\/partner\/","url":"https:\/\/aidon.com\/sv\/om-oss\/partner\/","name":"Partner - Aidon","isPartOf":{"@id":"https:\/\/aidon.com\/sv\/#website"},"primaryImageOfPage":{"@id":"https:\/\/aidon.com\/sv\/om-oss\/partner\/#primaryimage"},"image":{"@id":"https:\/\/aidon.com\/sv\/om-oss\/partner\/#primaryimage"},"thumbnailUrl":"https:\/\/aidon.com\/wp-content\/uploads\/2022\/09\/Aidon-Brandikuva-106-web.jpg","datePublished":"2022-08-15T09:56:51+00:00","dateModified":"2023-04-25T11:02:46+00:00","breadcrumb":{"@id":"https:\/\/aidon.com\/sv\/om-oss\/partner\/#breadcrumb"},"inLanguage":"sv-SE","potentialAction":[{"@type":"ReadAction","target":["https:\/\/aidon.com\/sv\/om-oss\/partner\/"]}]},{"@type":"ImageObject","inLanguage":"sv-SE","@id":"https:\/\/aidon.com\/sv\/om-oss\/partner\/#primaryimage","url":"https:\/\/aidon.com\/wp-content\/uploads\/2022\/09\/Aidon-Brandikuva-106-web.jpg","contentUrl":"https:\/\/aidon.com\/wp-content\/uploads\/2022\/09\/Aidon-Brandikuva-106-web.jpg","width":1920,"height":1080},{"@type":"BreadcrumbList","@id":"https:\/\/aidon.com\/sv\/om-oss\/partner\/#breadcrumb","itemListElement":[{"@type":"ListItem","position":1,"name":"Om oss","item":"https:\/\/aidon.com\/sv\/om-oss\/"},{"@type":"ListItem","position":2,"name":"Partner"}]},{"@type":"WebSite","@id":"https:\/\/aidon.com\/sv\/#website","url":"https:\/\/aidon.com\/sv\/","name":"Aidon","description":"","potentialAction":[{"@type":"SearchAction","target":{"@type":"EntryPoint","urlTemplate":"https:\/\/aidon.com\/sv\/?s={search_term_string}"},"query-input":{"@type":"PropertyValueSpecification","valueRequired":true,"valueName":"search_term_string"}}],"inLanguage":"sv-SE"}]}},"_links":{"self":[{"href":"https:\/\/aidon.com\/sv\/wp-json\/wp\/v2\/pages\/3994","targetHints":{"allow":["GET"]}}],"collection":[{"href":"https:\/\/aidon.com\/sv\/wp-json\/wp\/v2\/pages"}],"about":[{"href":"https:\/\/aidon.com\/sv\/wp-json\/wp\/v2\/types\/page"}],"author":[{"embeddable":true,"href":"https:\/\/aidon.com\/sv\/wp-json\/wp\/v2\/users\/2"}],"replies":[{"embeddable":true,"href":"https:\/\/aidon.com\/sv\/wp-json\/wp\/v2\/comments?post=3994"}],"version-history":[{"count":10,"href":"https:\/\/aidon.com\/sv\/wp-json\/wp\/v2\/pages\/3994\/revisions"}],"predecessor-version":[{"id":9787,"href":"https:\/\/aidon.com\/sv\/wp-json\/wp\/v2\/pages\/3994\/revisions\/9787"}],"up":[{"embeddable":true,"href":"https:\/\/aidon.com\/sv\/wp-json\/wp\/v2\/pages\/3748"}],"wp:featuredmedia":[{"embeddable":true,"href":"https:\/\/aidon.com\/sv\/wp-json\/wp\/v2\/media\/1213"}],"wp:attachment":[{"href":"https:\/\/aidon.com\/sv\/wp-json\/wp\/v2\/media?parent=3994"}],"curies":[{"name":"wp","href":"https:\/\/api.w.org\/{rel}","templated":true}]}}