{"id":3754,"date":"2022-08-23T11:24:48","date_gmt":"2022-08-23T08:24:48","guid":{"rendered":"https:\/\/aidon.com\/?page_id=3754"},"modified":"2026-01-27T11:32:50","modified_gmt":"2026-01-27T09:32:50","slug":"kontakt","status":"publish","type":"page","link":"https:\/\/aidon.com\/sv\/kontakt\/","title":{"rendered":"Kontakt"},"content":{"rendered":"<h2>Hur kan vi hj\u00e4lpa dig?<\/h2>\n<p>\u00c4r du intresserad av v\u00e5ra l\u00f6sningar, eller vill du kontakta oss av n\u00e5gon annan anledning? V\u00e4nligen anv\u00e4nda formul\u00e4ret via l\u00e4nken nedan f\u00f6r att l\u00e4mna dina kontaktuppgifter och ange syftet med din f\u00f6rfr\u00e5gan.<\/p>\n<p>Om du har en Aidon-m\u00e4tare i bruk och har fr\u00e5gor om dess funktion eller egenskaper, till exempel HAN-gr\u00e4nssnittet, kontakta d\u00e5 ditt eln\u00e4tsbolags kundtj\u00e4nst eller tekniska support. Aidon besvarar tyv\u00e4rr inte f\u00f6rfr\u00e5gningar direkt fr\u00e5n eln\u00e4tsf\u00f6retagens slutkunder.<\/p>\n<p><a class=\"cta inside\" href=\"https:\/\/aidon.com\/sv\/kontaktformular\/\" target=\"_blank\" rel=\"noopener\">Kontakta oss!<\/a><\/p>\n<p>&nbsp;<\/p>\n","protected":false},"excerpt":{"rendered":"<p>Hur kan vi hj\u00e4lpa dig? \u00c4r du intresserad av v\u00e5ra l\u00f6sningar, eller vill du kontakta oss av n\u00e5gon annan anledning? V\u00e4nligen anv\u00e4nda formul\u00e4ret via l\u00e4nken nedan f\u00f6r att l\u00e4mna dina kontaktuppgifter och ange syftet med din f\u00f6rfr\u00e5gan. Om du har en Aidon-m\u00e4tare i bruk och har fr\u00e5gor om dess funktion&hellip;<\/p>\n","protected":false},"author":2,"featured_media":487,"parent":0,"menu_order":0,"comment_status":"closed","ping_status":"closed","template":"","meta":{"_acf_changed":false,"footnotes":""},"class_list":["post-3754","page","type-page","status-publish","has-post-thumbnail","hentry"],"acf":[],"yoast_head":"<!-- This site is optimized with the Yoast SEO plugin v27.0 - https:\/\/yoast.com\/product\/yoast-seo-wordpress\/ -->\n<title>Kontakt - Aidon<\/title>\n<meta name=\"robots\" content=\"index, follow, max-snippet:-1, max-image-preview:large, max-video-preview:-1\" \/>\n<link rel=\"canonical\" href=\"https:\/\/aidon.com\/sv\/kontakt\/\" \/>\n<meta property=\"og:locale\" content=\"sv_SE\" \/>\n<meta property=\"og:type\" content=\"article\" \/>\n<meta property=\"og:title\" content=\"Kontakt - Aidon\" \/>\n<meta property=\"og:description\" content=\"Hur kan vi hj\u00e4lpa dig? \u00c4r du intresserad av v\u00e5ra l\u00f6sningar, eller vill du kontakta oss av n\u00e5gon annan anledning? V\u00e4nligen anv\u00e4nda formul\u00e4ret via l\u00e4nken nedan f\u00f6r att l\u00e4mna dina kontaktuppgifter och ange syftet med din f\u00f6rfr\u00e5gan. Om du har en Aidon-m\u00e4tare i bruk och har fr\u00e5gor om dess funktion&hellip;\" \/>\n<meta property=\"og:url\" content=\"https:\/\/aidon.com\/sv\/kontakt\/\" \/>\n<meta property=\"og:site_name\" content=\"Aidon\" \/>\n<meta property=\"article:modified_time\" content=\"2026-01-27T09:32:50+00:00\" \/>\n<meta property=\"og:image\" content=\"https:\/\/aidon.com\/wp-content\/uploads\/2022\/08\/AidonCom_Contact_Desktop.jpg\" \/>\n\t<meta property=\"og:image:width\" content=\"1920\" \/>\n\t<meta property=\"og:image:height\" content=\"768\" \/>\n\t<meta property=\"og:image:type\" content=\"image\/jpeg\" \/>\n<meta name=\"twitter:card\" content=\"summary_large_image\" \/>\n<meta name=\"twitter:label1\" content=\"Ber\u00e4knad l\u00e4stid\" \/>\n\t<meta name=\"twitter:data1\" content=\"1 minut\" \/>\n<script type=\"application\/ld+json\" class=\"yoast-schema-graph\">{\"@context\":\"https:\/\/schema.org\",\"@graph\":[{\"@type\":\"WebPage\",\"@id\":\"https:\/\/aidon.com\/sv\/kontakt\/\",\"url\":\"https:\/\/aidon.com\/sv\/kontakt\/\",\"name\":\"Kontakt - Aidon\",\"isPartOf\":{\"@id\":\"https:\/\/aidon.com\/sv\/#website\"},\"primaryImageOfPage\":{\"@id\":\"https:\/\/aidon.com\/sv\/kontakt\/#primaryimage\"},\"image\":{\"@id\":\"https:\/\/aidon.com\/sv\/kontakt\/#primaryimage\"},\"thumbnailUrl\":\"https:\/\/aidon.com\/wp-content\/uploads\/2022\/08\/AidonCom_Contact_Desktop.jpg\",\"datePublished\":\"2022-08-23T08:24:48+00:00\",\"dateModified\":\"2026-01-27T09:32:50+00:00\",\"inLanguage\":\"sv-SE\",\"potentialAction\":[{\"@type\":\"ReadAction\",\"target\":[\"https:\/\/aidon.com\/sv\/kontakt\/\"]}]},{\"@type\":\"ImageObject\",\"inLanguage\":\"sv-SE\",\"@id\":\"https:\/\/aidon.com\/sv\/kontakt\/#primaryimage\",\"url\":\"https:\/\/aidon.com\/wp-content\/uploads\/2022\/08\/AidonCom_Contact_Desktop.jpg\",\"contentUrl\":\"https:\/\/aidon.com\/wp-content\/uploads\/2022\/08\/AidonCom_Contact_Desktop.jpg\",\"width\":1920,\"height\":768},{\"@type\":\"WebSite\",\"@id\":\"https:\/\/aidon.com\/sv\/#website\",\"url\":\"https:\/\/aidon.com\/sv\/\",\"name\":\"Aidon\",\"description\":\"\",\"potentialAction\":[{\"@type\":\"SearchAction\",\"target\":{\"@type\":\"EntryPoint\",\"urlTemplate\":\"https:\/\/aidon.com\/sv\/?s={search_term_string}\"},\"query-input\":{\"@type\":\"PropertyValueSpecification\",\"valueRequired\":true,\"valueName\":\"search_term_string\"}}],\"inLanguage\":\"sv-SE\"}]}<\/script>\n<!-- \/ Yoast SEO plugin. -->","yoast_head_json":{"title":"Kontakt - Aidon","robots":{"index":"index","follow":"follow","max-snippet":"max-snippet:-1","max-image-preview":"max-image-preview:large","max-video-preview":"max-video-preview:-1"},"canonical":"https:\/\/aidon.com\/sv\/kontakt\/","og_locale":"sv_SE","og_type":"article","og_title":"Kontakt - Aidon","og_description":"Hur kan vi hj\u00e4lpa dig? \u00c4r du intresserad av v\u00e5ra l\u00f6sningar, eller vill du kontakta oss av n\u00e5gon annan anledning? V\u00e4nligen anv\u00e4nda formul\u00e4ret via l\u00e4nken nedan f\u00f6r att l\u00e4mna dina kontaktuppgifter och ange syftet med din f\u00f6rfr\u00e5gan. Om du har en Aidon-m\u00e4tare i bruk och har fr\u00e5gor om dess funktion&hellip;","og_url":"https:\/\/aidon.com\/sv\/kontakt\/","og_site_name":"Aidon","article_modified_time":"2026-01-27T09:32:50+00:00","og_image":[{"width":1920,"height":768,"url":"https:\/\/aidon.com\/wp-content\/uploads\/2022\/08\/AidonCom_Contact_Desktop.jpg","type":"image\/jpeg"}],"twitter_card":"summary_large_image","twitter_misc":{"Ber\u00e4knad l\u00e4stid":"1 minut"},"schema":{"@context":"https:\/\/schema.org","@graph":[{"@type":"WebPage","@id":"https:\/\/aidon.com\/sv\/kontakt\/","url":"https:\/\/aidon.com\/sv\/kontakt\/","name":"Kontakt - Aidon","isPartOf":{"@id":"https:\/\/aidon.com\/sv\/#website"},"primaryImageOfPage":{"@id":"https:\/\/aidon.com\/sv\/kontakt\/#primaryimage"},"image":{"@id":"https:\/\/aidon.com\/sv\/kontakt\/#primaryimage"},"thumbnailUrl":"https:\/\/aidon.com\/wp-content\/uploads\/2022\/08\/AidonCom_Contact_Desktop.jpg","datePublished":"2022-08-23T08:24:48+00:00","dateModified":"2026-01-27T09:32:50+00:00","inLanguage":"sv-SE","potentialAction":[{"@type":"ReadAction","target":["https:\/\/aidon.com\/sv\/kontakt\/"]}]},{"@type":"ImageObject","inLanguage":"sv-SE","@id":"https:\/\/aidon.com\/sv\/kontakt\/#primaryimage","url":"https:\/\/aidon.com\/wp-content\/uploads\/2022\/08\/AidonCom_Contact_Desktop.jpg","contentUrl":"https:\/\/aidon.com\/wp-content\/uploads\/2022\/08\/AidonCom_Contact_Desktop.jpg","width":1920,"height":768},{"@type":"WebSite","@id":"https:\/\/aidon.com\/sv\/#website","url":"https:\/\/aidon.com\/sv\/","name":"Aidon","description":"","potentialAction":[{"@type":"SearchAction","target":{"@type":"EntryPoint","urlTemplate":"https:\/\/aidon.com\/sv\/?s={search_term_string}"},"query-input":{"@type":"PropertyValueSpecification","valueRequired":true,"valueName":"search_term_string"}}],"inLanguage":"sv-SE"}]}},"_links":{"self":[{"href":"https:\/\/aidon.com\/sv\/wp-json\/wp\/v2\/pages\/3754","targetHints":{"allow":["GET"]}}],"collection":[{"href":"https:\/\/aidon.com\/sv\/wp-json\/wp\/v2\/pages"}],"about":[{"href":"https:\/\/aidon.com\/sv\/wp-json\/wp\/v2\/types\/page"}],"author":[{"embeddable":true,"href":"https:\/\/aidon.com\/sv\/wp-json\/wp\/v2\/users\/2"}],"replies":[{"embeddable":true,"href":"https:\/\/aidon.com\/sv\/wp-json\/wp\/v2\/comments?post=3754"}],"version-history":[{"count":52,"href":"https:\/\/aidon.com\/sv\/wp-json\/wp\/v2\/pages\/3754\/revisions"}],"predecessor-version":[{"id":18496,"href":"https:\/\/aidon.com\/sv\/wp-json\/wp\/v2\/pages\/3754\/revisions\/18496"}],"wp:featuredmedia":[{"embeddable":true,"href":"https:\/\/aidon.com\/sv\/wp-json\/wp\/v2\/media\/487"}],"wp:attachment":[{"href":"https:\/\/aidon.com\/sv\/wp-json\/wp\/v2\/media?parent=3754"}],"curies":[{"name":"wp","href":"https:\/\/api.w.org\/{rel}","templated":true}]}}