{"id":3748,"date":"2022-08-15T09:51:54","date_gmt":"2022-08-15T06:51:54","guid":{"rendered":"https:\/\/aidon.com\/?page_id=3748"},"modified":"2023-11-20T09:30:55","modified_gmt":"2023-11-20T09:30:55","slug":"om-oss","status":"publish","type":"page","link":"https:\/\/aidon.com\/sv\/om-oss\/","title":{"rendered":"Om oss"},"content":{"rendered":"<h2>Aidon \u2013 m\u00f6jligg\u00f6r en energismart livsstil<\/h2>\n<p><strong>Aidon \u00e4r en ledande leverant\u00f6r av toppmoderna l\u00f6sningar f\u00f6r smart m\u00e4tning och smarta eln\u00e4t f\u00f6r eln\u00e4tsf\u00f6retag. Med v\u00e5ra innovationer st\u00f6der vi v\u00e5ra kunder i deras \u00f6verg\u00e5ng till ett koldioxidneutralt energisystem.<\/strong><\/p>\n<p>En viktig utmaning f\u00f6r energiomst\u00e4llningen \u00e4r den \u00f6kande andelen produktion fr\u00e5n f\u00f6rnybara energik\u00e4llor i eln\u00e4ten. Anv\u00e4ndningen av fossila br\u00e4nslen beh\u00f6ver upph\u00f6ra vilket g\u00f6r att \u00f6verg\u00e5ngen mot elektrifiering av olika sektorer inneb\u00e4r att elanv\u00e4ndningen \u00f6kar snabbt.<\/p>\n<p>Att balansera olika produktionsk\u00e4llor som varierar, beroende p\u00e5 tillg\u00e5ng som till exempel vindkraft, med den \u00f6kande efterfr\u00e5gan p\u00e5 el, kr\u00e4ver nya insikter och en \u00f6kad flexibilitet vid \u00f6verf\u00f6ringen av el i n\u00e4ten.<\/p>\n<p>Vi ger v\u00e5ra kunder dessa insikter genom anv\u00e4ndningen av ny teknologi f\u00f6r att samla in detaljerade m\u00e4tdata fr\u00e5n smarta m\u00e4tare och enheter och till\u00e4mpa avancerad analys. Vi hj\u00e4lper v\u00e5ra kunder att digitalisera sina processer och \u00f6ka effektiviteten av n\u00e4tverksamheten.<\/p>\n<p>Idag \u00e4r Aidons produkter och relaterade mjukvarusysteml\u00f6sningar nyckeln till att skapa ett mer tillf\u00f6rlitligt n\u00e4t och \u00f6ka energieffektiviteten f\u00f6r mer \u00e4n 140 eln\u00e4tsf\u00f6retag i Norden.<\/p>\n","protected":false},"excerpt":{"rendered":"<p>Aidon \u2013 m\u00f6jligg\u00f6r en energismart livsstil Aidon \u00e4r en ledande leverant\u00f6r av toppmoderna l\u00f6sningar f\u00f6r smart m\u00e4tning och smarta eln\u00e4t f\u00f6r eln\u00e4tsf\u00f6retag. Med v\u00e5ra innovationer st\u00f6der vi v\u00e5ra kunder i deras \u00f6verg\u00e5ng till ett koldioxidneutralt energisystem. En viktig utmaning f\u00f6r energiomst\u00e4llningen \u00e4r den \u00f6kande andelen produktion fr\u00e5n f\u00f6rnybara energik\u00e4llor i&hellip;<\/p>\n","protected":false},"author":2,"featured_media":972,"parent":0,"menu_order":0,"comment_status":"closed","ping_status":"closed","template":"page-about.php","meta":{"_acf_changed":false,"footnotes":""},"class_list":["post-3748","page","type-page","status-publish","has-post-thumbnail","hentry"],"acf":[],"yoast_head":"<!-- This site is optimized with the Yoast SEO plugin v27.0 - https:\/\/yoast.com\/product\/yoast-seo-wordpress\/ -->\n<title>Om oss - Aidon<\/title>\n<meta name=\"robots\" content=\"index, follow, max-snippet:-1, max-image-preview:large, max-video-preview:-1\" \/>\n<link rel=\"canonical\" href=\"https:\/\/aidon.com\/sv\/om-oss\/\" \/>\n<meta property=\"og:locale\" content=\"sv_SE\" \/>\n<meta property=\"og:type\" content=\"article\" \/>\n<meta property=\"og:title\" content=\"Om oss - Aidon\" \/>\n<meta property=\"og:description\" content=\"Aidon \u2013 m\u00f6jligg\u00f6r en energismart livsstil Aidon \u00e4r en ledande leverant\u00f6r av toppmoderna l\u00f6sningar f\u00f6r smart m\u00e4tning och smarta eln\u00e4t f\u00f6r eln\u00e4tsf\u00f6retag. Med v\u00e5ra innovationer st\u00f6der vi v\u00e5ra kunder i deras \u00f6verg\u00e5ng till ett koldioxidneutralt energisystem. En viktig utmaning f\u00f6r energiomst\u00e4llningen \u00e4r den \u00f6kande andelen produktion fr\u00e5n f\u00f6rnybara energik\u00e4llor i&hellip;\" \/>\n<meta property=\"og:url\" content=\"https:\/\/aidon.com\/sv\/om-oss\/\" \/>\n<meta property=\"og:site_name\" content=\"Aidon\" \/>\n<meta property=\"article:modified_time\" content=\"2023-11-20T09:30:55+00:00\" \/>\n<meta property=\"og:image\" content=\"https:\/\/aidon.com\/wp-content\/uploads\/2022\/09\/Aidon_Timelapse_JKL_24X-4-100-5.jpg\" \/>\n\t<meta property=\"og:image:width\" content=\"2268\" \/>\n\t<meta property=\"og:image:height\" content=\"1064\" \/>\n\t<meta property=\"og:image:type\" content=\"image\/jpeg\" \/>\n<meta name=\"twitter:card\" content=\"summary_large_image\" \/>\n<meta name=\"twitter:label1\" content=\"Ber\u00e4knad l\u00e4stid\" \/>\n\t<meta name=\"twitter:data1\" content=\"1 minut\" \/>\n<script type=\"application\/ld+json\" class=\"yoast-schema-graph\">{\"@context\":\"https:\/\/schema.org\",\"@graph\":[{\"@type\":\"WebPage\",\"@id\":\"https:\/\/aidon.com\/sv\/om-oss\/\",\"url\":\"https:\/\/aidon.com\/sv\/om-oss\/\",\"name\":\"Om oss - Aidon\",\"isPartOf\":{\"@id\":\"https:\/\/aidon.com\/sv\/#website\"},\"primaryImageOfPage\":{\"@id\":\"https:\/\/aidon.com\/sv\/om-oss\/#primaryimage\"},\"image\":{\"@id\":\"https:\/\/aidon.com\/sv\/om-oss\/#primaryimage\"},\"thumbnailUrl\":\"https:\/\/aidon.com\/wp-content\/uploads\/2022\/09\/Aidon_Timelapse_JKL_24X-4-100-5.jpg\",\"datePublished\":\"2022-08-15T06:51:54+00:00\",\"dateModified\":\"2023-11-20T09:30:55+00:00\",\"inLanguage\":\"sv-SE\",\"potentialAction\":[{\"@type\":\"ReadAction\",\"target\":[\"https:\/\/aidon.com\/sv\/om-oss\/\"]}]},{\"@type\":\"ImageObject\",\"inLanguage\":\"sv-SE\",\"@id\":\"https:\/\/aidon.com\/sv\/om-oss\/#primaryimage\",\"url\":\"https:\/\/aidon.com\/wp-content\/uploads\/2022\/09\/Aidon_Timelapse_JKL_24X-4-100-5.jpg\",\"contentUrl\":\"https:\/\/aidon.com\/wp-content\/uploads\/2022\/09\/Aidon_Timelapse_JKL_24X-4-100-5.jpg\",\"width\":2268,\"height\":1064},{\"@type\":\"WebSite\",\"@id\":\"https:\/\/aidon.com\/sv\/#website\",\"url\":\"https:\/\/aidon.com\/sv\/\",\"name\":\"Aidon\",\"description\":\"\",\"potentialAction\":[{\"@type\":\"SearchAction\",\"target\":{\"@type\":\"EntryPoint\",\"urlTemplate\":\"https:\/\/aidon.com\/sv\/?s={search_term_string}\"},\"query-input\":{\"@type\":\"PropertyValueSpecification\",\"valueRequired\":true,\"valueName\":\"search_term_string\"}}],\"inLanguage\":\"sv-SE\"}]}<\/script>\n<!-- \/ Yoast SEO plugin. -->","yoast_head_json":{"title":"Om oss - Aidon","robots":{"index":"index","follow":"follow","max-snippet":"max-snippet:-1","max-image-preview":"max-image-preview:large","max-video-preview":"max-video-preview:-1"},"canonical":"https:\/\/aidon.com\/sv\/om-oss\/","og_locale":"sv_SE","og_type":"article","og_title":"Om oss - Aidon","og_description":"Aidon \u2013 m\u00f6jligg\u00f6r en energismart livsstil Aidon \u00e4r en ledande leverant\u00f6r av toppmoderna l\u00f6sningar f\u00f6r smart m\u00e4tning och smarta eln\u00e4t f\u00f6r eln\u00e4tsf\u00f6retag. Med v\u00e5ra innovationer st\u00f6der vi v\u00e5ra kunder i deras \u00f6verg\u00e5ng till ett koldioxidneutralt energisystem. En viktig utmaning f\u00f6r energiomst\u00e4llningen \u00e4r den \u00f6kande andelen produktion fr\u00e5n f\u00f6rnybara energik\u00e4llor i&hellip;","og_url":"https:\/\/aidon.com\/sv\/om-oss\/","og_site_name":"Aidon","article_modified_time":"2023-11-20T09:30:55+00:00","og_image":[{"width":2268,"height":1064,"url":"https:\/\/aidon.com\/wp-content\/uploads\/2022\/09\/Aidon_Timelapse_JKL_24X-4-100-5.jpg","type":"image\/jpeg"}],"twitter_card":"summary_large_image","twitter_misc":{"Ber\u00e4knad l\u00e4stid":"1 minut"},"schema":{"@context":"https:\/\/schema.org","@graph":[{"@type":"WebPage","@id":"https:\/\/aidon.com\/sv\/om-oss\/","url":"https:\/\/aidon.com\/sv\/om-oss\/","name":"Om oss - Aidon","isPartOf":{"@id":"https:\/\/aidon.com\/sv\/#website"},"primaryImageOfPage":{"@id":"https:\/\/aidon.com\/sv\/om-oss\/#primaryimage"},"image":{"@id":"https:\/\/aidon.com\/sv\/om-oss\/#primaryimage"},"thumbnailUrl":"https:\/\/aidon.com\/wp-content\/uploads\/2022\/09\/Aidon_Timelapse_JKL_24X-4-100-5.jpg","datePublished":"2022-08-15T06:51:54+00:00","dateModified":"2023-11-20T09:30:55+00:00","inLanguage":"sv-SE","potentialAction":[{"@type":"ReadAction","target":["https:\/\/aidon.com\/sv\/om-oss\/"]}]},{"@type":"ImageObject","inLanguage":"sv-SE","@id":"https:\/\/aidon.com\/sv\/om-oss\/#primaryimage","url":"https:\/\/aidon.com\/wp-content\/uploads\/2022\/09\/Aidon_Timelapse_JKL_24X-4-100-5.jpg","contentUrl":"https:\/\/aidon.com\/wp-content\/uploads\/2022\/09\/Aidon_Timelapse_JKL_24X-4-100-5.jpg","width":2268,"height":1064},{"@type":"WebSite","@id":"https:\/\/aidon.com\/sv\/#website","url":"https:\/\/aidon.com\/sv\/","name":"Aidon","description":"","potentialAction":[{"@type":"SearchAction","target":{"@type":"EntryPoint","urlTemplate":"https:\/\/aidon.com\/sv\/?s={search_term_string}"},"query-input":{"@type":"PropertyValueSpecification","valueRequired":true,"valueName":"search_term_string"}}],"inLanguage":"sv-SE"}]}},"_links":{"self":[{"href":"https:\/\/aidon.com\/sv\/wp-json\/wp\/v2\/pages\/3748","targetHints":{"allow":["GET"]}}],"collection":[{"href":"https:\/\/aidon.com\/sv\/wp-json\/wp\/v2\/pages"}],"about":[{"href":"https:\/\/aidon.com\/sv\/wp-json\/wp\/v2\/types\/page"}],"author":[{"embeddable":true,"href":"https:\/\/aidon.com\/sv\/wp-json\/wp\/v2\/users\/2"}],"replies":[{"embeddable":true,"href":"https:\/\/aidon.com\/sv\/wp-json\/wp\/v2\/comments?post=3748"}],"version-history":[{"count":3,"href":"https:\/\/aidon.com\/sv\/wp-json\/wp\/v2\/pages\/3748\/revisions"}],"predecessor-version":[{"id":12381,"href":"https:\/\/aidon.com\/sv\/wp-json\/wp\/v2\/pages\/3748\/revisions\/12381"}],"wp:featuredmedia":[{"embeddable":true,"href":"https:\/\/aidon.com\/sv\/wp-json\/wp\/v2\/media\/972"}],"wp:attachment":[{"href":"https:\/\/aidon.com\/sv\/wp-json\/wp\/v2\/media?parent=3748"}],"curies":[{"name":"wp","href":"https:\/\/api.w.org\/{rel}","templated":true}]}}