{"id":3746,"date":"2022-08-12T12:06:09","date_gmt":"2022-08-12T12:06:09","guid":{"rendered":"https:\/\/aidon.com\/?page_id=3746"},"modified":"2023-03-06T15:20:14","modified_gmt":"2023-03-06T15:20:14","slug":"aidon-one","status":"publish","type":"page","link":"https:\/\/aidon.com\/sv\/losningar\/aidon-one\/","title":{"rendered":"L\u00f6sning f\u00f6r hantering av f\u00e4ltarbets&shy;processer"},"content":{"rendered":"<h3><img loading=\"lazy\" decoding=\"async\" class=\"alignnone wp-image-6504 size-full\" src=\"https:\/\/aidon.com\/wp-content\/uploads\/2023\/02\/Aidon_com_Aidon_One_solution_web_900_5.png\" alt=\"\" width=\"900\" height=\"341\" srcset=\"https:\/\/aidon.com\/wp-content\/uploads\/2023\/02\/Aidon_com_Aidon_One_solution_web_900_5.png 900w, https:\/\/aidon.com\/wp-content\/uploads\/2023\/02\/Aidon_com_Aidon_One_solution_web_900_5-300x114.png 300w, https:\/\/aidon.com\/wp-content\/uploads\/2023\/02\/Aidon_com_Aidon_One_solution_web_900_5-768x291.png 768w\" sizes=\"auto, (max-width: 900px) 100vw, 900px\" \/><\/h3>\n<h3>Aidon One &#8211; en komplett l\u00f6sning f\u00f6r eln\u00e4tsf\u00f6retagens behov<\/h3>\n<p>Aidon One \u00e4r en effektiv och anv\u00e4ndarv\u00e4nlig SaaS-l\u00f6sning f\u00f6r f\u00e4ltarbete, eln\u00e4tshantering, AMM-m\u00e4tpunkter och anslutningar samt kundservice. L\u00f6sningen \u00e4r utformad och optimerad f\u00f6r eln\u00e4tsf\u00f6retagens behov men passar ocks\u00e5 bra f\u00f6r andra verksamheter som har behov av en s\u00f6ml\u00f6s hantering av f\u00e4ltarbetsprocesser, till exempel olika installations- och servicef\u00f6retag. Aidon One \u00e4r designad f\u00f6r mobil anv\u00e4ndning med ett kartbaserat anv\u00e4ndargr\u00e4nssnitt och \u00e4r d\u00e4rf\u00f6r perfekt f\u00f6r arbete i f\u00e4lt.<\/p>\n<h4>En s\u00e4ker molnbaserad l\u00f6sning med modult\u00e4nk<\/h4>\n<p>Aidon erbjuder Aidon One som en s\u00e4ker molnbaserad tj\u00e4nst och ansvarar f\u00f6r tillg\u00e4nglighet och informationss\u00e4kerhet, vilket g\u00f6r installationer och driften enkel f\u00f6r kunden.<\/p>\n<p>Aidon One bygger p\u00e5 moduler som \u00e4r designade f\u00f6r olika typer av aktiviteter. Modulerna omfattar hantering av arbetsorder och eln\u00e4t, kundservice, underh\u00e5ll och AMI-anslutning. Kunden kan v\u00e4lja moduler och kombinera dem efter sina behov. Funktionaliteten hos Aidon One kan enkelt uppgraderas n\u00e4r kundens behov f\u00f6r\u00e4ndras.<\/p>\n<p>Den b\u00e4rande id\u00e9n med Aidon One \u00e4r att h\u00e4mta och kombinera data fr\u00e5n olika system och presentera dem i en kartbaserad vy f\u00f6r att m\u00f6jligg\u00f6ra s\u00f6ml\u00f6sa arbetsfl\u00f6den och informationsdelning mellan m\u00e4nniskor, team och system. Arbetet f\u00f6r installat\u00f6rer och servicepersonal blir mycket effektivare j\u00e4mf\u00f6rt med att anv\u00e4nda m\u00e5nga separata parallella system.<\/p>\n<h4>Flexibel och kundanpassad<\/h4>\n<p>Aidon Ones stora m\u00f6jligheter till kundanpassningar g\u00f6r att tj\u00e4nsten kan anv\u00e4ndas av olika interna team men ocks\u00e5 externa partner. M\u00e5nga av funktionerna, som till exempel arbetsorder och underh\u00e5llsmoduler, \u00e4r baserade p\u00e5 redigeringsbara formul\u00e4r, vilket g\u00f6r det enkelt att skr\u00e4ddarsy dem och skapa nya vid behov.<\/p>\n<p>V\u00e4lj Aidon One n\u00e4r du vill ha en l\u00f6sning f\u00f6r s\u00f6ml\u00f6sa arbetsfl\u00f6den och realtidsinformation f\u00f6r f\u00f6ljande omr\u00e5den:<\/p>\n<ul>\n<li>styra f\u00e4ltarbetet<\/li>\n<li>\u00f6vervaka den dagliga statusen f\u00f6r AMM-avl\u00e4sningar i varje m\u00e4tpunkt<\/li>\n<li>\u00f6vervaka statusen f\u00f6r AMM-anslutningarna och utf\u00f6ra effektiv fels\u00f6kning<\/li>\n<li>ta emot larm fr\u00e5n fel och h\u00e4ndelser i l\u00e5gsp\u00e4nningsn\u00e4tet<\/li>\n<li>utf\u00f6ra och rapportera inspektioner och underh\u00e5llsuppgifter i f\u00e4lt<\/li>\n<li>schemal\u00e4gga lagstadgade inspektioner av eln\u00e4ten och f\u00f6rbereda inspektionsrapporter<\/li>\n<li>h\u00e5lla dina kunder uppdaterade om planerad och p\u00e5g\u00e5ende service som inneb\u00e4r elavbrott<\/li>\n<li>engagera dina kunder i att rapportera fel och andra observationer online<\/li>\n<\/ul>\n<p>&nbsp;<\/p>\n<hr \/>\n<p>&nbsp;<\/p>\n<h4>L\u00e4s hur Aidon One hj\u00e4lper v\u00e5ra kunder att effektivisera sina arbetsfl\u00f6d<\/h4>\n<p>Helen Eln\u00e4t valde Aidon One f\u00f6r sitt f\u00e4ltarbete<br \/>\n<a href=\"https:\/\/aidon.com\/sv\/helen-elnat-valde-aidon-one-for-sitt-faltarbete\/\" target=\"_blank\" rel=\"noopener\">L\u00e4s kundcase<\/a><\/p>\n<p>Vanda Energi Eln\u00e4t: Aidon One f\u00f6rnyade f\u00e4ltarbetet och effektiviserade teknikernas arbetsrutiner<br \/>\n<a href=\"https:\/\/aidon.com\/sv\/aidon-one-fornyade-faltarbetet-och-effektiviserade-teknikernas-arbetsrutiner\/\" target=\"_blank\" rel=\"noopener\">L\u00e4s kundcase<\/a><\/p>\n<p>Borg\u00e5 Eln\u00e4t halverade antalet mont\u00f6rsbes\u00f6k<br \/>\n<a href=\"https:\/\/aidon.com\/sv\/borga-elnat-halverade-antalet-montorsbesok\/\" target=\"_blank\" rel=\"noopener\">L\u00e4s kundcase<\/a><\/p>\n","protected":false},"excerpt":{"rendered":"<p>Aidon One &#8211; en komplett l\u00f6sning f\u00f6r eln\u00e4tsf\u00f6retagens behov Aidon One \u00e4r en effektiv och anv\u00e4ndarv\u00e4nlig SaaS-l\u00f6sning f\u00f6r f\u00e4ltarbete, eln\u00e4tshantering, AMM-m\u00e4tpunkter och anslutningar samt kundservice. L\u00f6sningen \u00e4r utformad och optimerad f\u00f6r eln\u00e4tsf\u00f6retagens behov men passar ocks\u00e5 bra f\u00f6r andra verksamheter som har behov av en s\u00f6ml\u00f6s hantering av f\u00e4ltarbetsprocesser, till&hellip;<\/p>\n","protected":false},"author":2,"featured_media":442,"parent":3227,"menu_order":0,"comment_status":"closed","ping_status":"closed","template":"page-single-solutions.php","meta":{"_acf_changed":false,"footnotes":""},"class_list":["post-3746","page","type-page","status-publish","has-post-thumbnail","hentry"],"acf":[],"yoast_head":"<!-- This site is optimized with the Yoast SEO plugin v27.0 - https:\/\/yoast.com\/product\/yoast-seo-wordpress\/ -->\n<title>L\u00f6sning f\u00f6r hantering av f\u00e4ltarbets&shy;processer - Aidon<\/title>\n<meta name=\"robots\" content=\"index, follow, max-snippet:-1, max-image-preview:large, max-video-preview:-1\" \/>\n<link rel=\"canonical\" href=\"https:\/\/aidon.com\/sv\/losningar\/aidon-one\/\" \/>\n<meta property=\"og:locale\" content=\"sv_SE\" \/>\n<meta property=\"og:type\" content=\"article\" \/>\n<meta property=\"og:title\" content=\"L\u00f6sning f\u00f6r hantering av f\u00e4ltarbets&shy;processer - Aidon\" \/>\n<meta property=\"og:description\" content=\"Aidon One &#8211; en komplett l\u00f6sning f\u00f6r eln\u00e4tsf\u00f6retagens behov Aidon One \u00e4r en effektiv och anv\u00e4ndarv\u00e4nlig SaaS-l\u00f6sning f\u00f6r f\u00e4ltarbete, eln\u00e4tshantering, AMM-m\u00e4tpunkter och anslutningar samt kundservice. L\u00f6sningen \u00e4r utformad och optimerad f\u00f6r eln\u00e4tsf\u00f6retagens behov men passar ocks\u00e5 bra f\u00f6r andra verksamheter som har behov av en s\u00f6ml\u00f6s hantering av f\u00e4ltarbetsprocesser, till&hellip;\" \/>\n<meta property=\"og:url\" content=\"https:\/\/aidon.com\/sv\/losningar\/aidon-one\/\" \/>\n<meta property=\"og:site_name\" content=\"Aidon\" \/>\n<meta property=\"article:modified_time\" content=\"2023-03-06T15:20:14+00:00\" \/>\n<meta property=\"og:image\" content=\"https:\/\/aidon.com\/wp-content\/uploads\/2022\/08\/aidonone-1.png\" \/>\n\t<meta property=\"og:image:width\" content=\"397\" \/>\n\t<meta property=\"og:image:height\" content=\"397\" \/>\n\t<meta property=\"og:image:type\" content=\"image\/png\" \/>\n<meta name=\"twitter:card\" content=\"summary_large_image\" \/>\n<meta name=\"twitter:label1\" content=\"Ber\u00e4knad l\u00e4stid\" \/>\n\t<meta name=\"twitter:data1\" content=\"2 minuter\" \/>\n<script type=\"application\/ld+json\" class=\"yoast-schema-graph\">{\"@context\":\"https:\/\/schema.org\",\"@graph\":[{\"@type\":\"WebPage\",\"@id\":\"https:\/\/aidon.com\/sv\/losningar\/aidon-one\/\",\"url\":\"https:\/\/aidon.com\/sv\/losningar\/aidon-one\/\",\"name\":\"L\u00f6sning f\u00f6r hantering av f\u00e4ltarbets&shy;processer - Aidon\",\"isPartOf\":{\"@id\":\"https:\/\/aidon.com\/sv\/#website\"},\"primaryImageOfPage\":{\"@id\":\"https:\/\/aidon.com\/sv\/losningar\/aidon-one\/#primaryimage\"},\"image\":{\"@id\":\"https:\/\/aidon.com\/sv\/losningar\/aidon-one\/#primaryimage\"},\"thumbnailUrl\":\"https:\/\/aidon.com\/wp-content\/uploads\/2022\/08\/aidonone-1.png\",\"datePublished\":\"2022-08-12T12:06:09+00:00\",\"dateModified\":\"2023-03-06T15:20:14+00:00\",\"breadcrumb\":{\"@id\":\"https:\/\/aidon.com\/sv\/losningar\/aidon-one\/#breadcrumb\"},\"inLanguage\":\"sv-SE\",\"potentialAction\":[{\"@type\":\"ReadAction\",\"target\":[\"https:\/\/aidon.com\/sv\/losningar\/aidon-one\/\"]}]},{\"@type\":\"ImageObject\",\"inLanguage\":\"sv-SE\",\"@id\":\"https:\/\/aidon.com\/sv\/losningar\/aidon-one\/#primaryimage\",\"url\":\"https:\/\/aidon.com\/wp-content\/uploads\/2022\/08\/aidonone-1.png\",\"contentUrl\":\"https:\/\/aidon.com\/wp-content\/uploads\/2022\/08\/aidonone-1.png\",\"width\":397,\"height\":397},{\"@type\":\"BreadcrumbList\",\"@id\":\"https:\/\/aidon.com\/sv\/losningar\/aidon-one\/#breadcrumb\",\"itemListElement\":[{\"@type\":\"ListItem\",\"position\":1,\"name\":\"L\u00f6sningar\",\"item\":\"https:\/\/aidon.com\/sv\/losningar\/\"},{\"@type\":\"ListItem\",\"position\":2,\"name\":\"L\u00f6sning f\u00f6r hantering av f\u00e4ltarbets&shy;processer\"}]},{\"@type\":\"WebSite\",\"@id\":\"https:\/\/aidon.com\/sv\/#website\",\"url\":\"https:\/\/aidon.com\/sv\/\",\"name\":\"Aidon\",\"description\":\"\",\"potentialAction\":[{\"@type\":\"SearchAction\",\"target\":{\"@type\":\"EntryPoint\",\"urlTemplate\":\"https:\/\/aidon.com\/sv\/?s={search_term_string}\"},\"query-input\":{\"@type\":\"PropertyValueSpecification\",\"valueRequired\":true,\"valueName\":\"search_term_string\"}}],\"inLanguage\":\"sv-SE\"}]}<\/script>\n<!-- \/ Yoast SEO plugin. -->","yoast_head_json":{"title":"L\u00f6sning f\u00f6r hantering av f\u00e4ltarbets&shy;processer - Aidon","robots":{"index":"index","follow":"follow","max-snippet":"max-snippet:-1","max-image-preview":"max-image-preview:large","max-video-preview":"max-video-preview:-1"},"canonical":"https:\/\/aidon.com\/sv\/losningar\/aidon-one\/","og_locale":"sv_SE","og_type":"article","og_title":"L\u00f6sning f\u00f6r hantering av f\u00e4ltarbets&shy;processer - Aidon","og_description":"Aidon One &#8211; en komplett l\u00f6sning f\u00f6r eln\u00e4tsf\u00f6retagens behov Aidon One \u00e4r en effektiv och anv\u00e4ndarv\u00e4nlig SaaS-l\u00f6sning f\u00f6r f\u00e4ltarbete, eln\u00e4tshantering, AMM-m\u00e4tpunkter och anslutningar samt kundservice. L\u00f6sningen \u00e4r utformad och optimerad f\u00f6r eln\u00e4tsf\u00f6retagens behov men passar ocks\u00e5 bra f\u00f6r andra verksamheter som har behov av en s\u00f6ml\u00f6s hantering av f\u00e4ltarbetsprocesser, till&hellip;","og_url":"https:\/\/aidon.com\/sv\/losningar\/aidon-one\/","og_site_name":"Aidon","article_modified_time":"2023-03-06T15:20:14+00:00","og_image":[{"width":397,"height":397,"url":"https:\/\/aidon.com\/wp-content\/uploads\/2022\/08\/aidonone-1.png","type":"image\/png"}],"twitter_card":"summary_large_image","twitter_misc":{"Ber\u00e4knad l\u00e4stid":"2 minuter"},"schema":{"@context":"https:\/\/schema.org","@graph":[{"@type":"WebPage","@id":"https:\/\/aidon.com\/sv\/losningar\/aidon-one\/","url":"https:\/\/aidon.com\/sv\/losningar\/aidon-one\/","name":"L\u00f6sning f\u00f6r hantering av f\u00e4ltarbets&shy;processer - Aidon","isPartOf":{"@id":"https:\/\/aidon.com\/sv\/#website"},"primaryImageOfPage":{"@id":"https:\/\/aidon.com\/sv\/losningar\/aidon-one\/#primaryimage"},"image":{"@id":"https:\/\/aidon.com\/sv\/losningar\/aidon-one\/#primaryimage"},"thumbnailUrl":"https:\/\/aidon.com\/wp-content\/uploads\/2022\/08\/aidonone-1.png","datePublished":"2022-08-12T12:06:09+00:00","dateModified":"2023-03-06T15:20:14+00:00","breadcrumb":{"@id":"https:\/\/aidon.com\/sv\/losningar\/aidon-one\/#breadcrumb"},"inLanguage":"sv-SE","potentialAction":[{"@type":"ReadAction","target":["https:\/\/aidon.com\/sv\/losningar\/aidon-one\/"]}]},{"@type":"ImageObject","inLanguage":"sv-SE","@id":"https:\/\/aidon.com\/sv\/losningar\/aidon-one\/#primaryimage","url":"https:\/\/aidon.com\/wp-content\/uploads\/2022\/08\/aidonone-1.png","contentUrl":"https:\/\/aidon.com\/wp-content\/uploads\/2022\/08\/aidonone-1.png","width":397,"height":397},{"@type":"BreadcrumbList","@id":"https:\/\/aidon.com\/sv\/losningar\/aidon-one\/#breadcrumb","itemListElement":[{"@type":"ListItem","position":1,"name":"L\u00f6sningar","item":"https:\/\/aidon.com\/sv\/losningar\/"},{"@type":"ListItem","position":2,"name":"L\u00f6sning f\u00f6r hantering av f\u00e4ltarbets&shy;processer"}]},{"@type":"WebSite","@id":"https:\/\/aidon.com\/sv\/#website","url":"https:\/\/aidon.com\/sv\/","name":"Aidon","description":"","potentialAction":[{"@type":"SearchAction","target":{"@type":"EntryPoint","urlTemplate":"https:\/\/aidon.com\/sv\/?s={search_term_string}"},"query-input":{"@type":"PropertyValueSpecification","valueRequired":true,"valueName":"search_term_string"}}],"inLanguage":"sv-SE"}]}},"_links":{"self":[{"href":"https:\/\/aidon.com\/sv\/wp-json\/wp\/v2\/pages\/3746","targetHints":{"allow":["GET"]}}],"collection":[{"href":"https:\/\/aidon.com\/sv\/wp-json\/wp\/v2\/pages"}],"about":[{"href":"https:\/\/aidon.com\/sv\/wp-json\/wp\/v2\/types\/page"}],"author":[{"embeddable":true,"href":"https:\/\/aidon.com\/sv\/wp-json\/wp\/v2\/users\/2"}],"replies":[{"embeddable":true,"href":"https:\/\/aidon.com\/sv\/wp-json\/wp\/v2\/comments?post=3746"}],"version-history":[{"count":14,"href":"https:\/\/aidon.com\/sv\/wp-json\/wp\/v2\/pages\/3746\/revisions"}],"predecessor-version":[{"id":6982,"href":"https:\/\/aidon.com\/sv\/wp-json\/wp\/v2\/pages\/3746\/revisions\/6982"}],"up":[{"embeddable":true,"href":"https:\/\/aidon.com\/sv\/wp-json\/wp\/v2\/pages\/3227"}],"wp:featuredmedia":[{"embeddable":true,"href":"https:\/\/aidon.com\/sv\/wp-json\/wp\/v2\/media\/442"}],"wp:attachment":[{"href":"https:\/\/aidon.com\/sv\/wp-json\/wp\/v2\/media?parent=3746"}],"curies":[{"name":"wp","href":"https:\/\/api.w.org\/{rel}","templated":true}]}}