{"id":3744,"date":"2022-08-12T12:05:47","date_gmt":"2022-08-12T09:05:47","guid":{"rendered":"https:\/\/aidon.com\/?page_id=3744"},"modified":"2025-08-20T17:22:32","modified_gmt":"2025-08-20T14:22:32","slug":"smart-grid-intelligence","status":"publish","type":"page","link":"https:\/\/aidon.com\/sv\/losningar\/smart-grid-intelligence\/","title":{"rendered":"Smart Grid intelligence"},"content":{"rendered":"<p><img loading=\"lazy\" decoding=\"async\" class=\"alignnone wp-image-6439 size-full\" src=\"https:\/\/aidon.com\/wp-content\/uploads\/2023\/02\/Aidon_Smart_Grid_Intelligence_web_900.png\" alt=\"\" width=\"900\" height=\"368\" srcset=\"https:\/\/aidon.com\/wp-content\/uploads\/2023\/02\/Aidon_Smart_Grid_Intelligence_web_900.png 900w, https:\/\/aidon.com\/wp-content\/uploads\/2023\/02\/Aidon_Smart_Grid_Intelligence_web_900-300x123.png 300w, https:\/\/aidon.com\/wp-content\/uploads\/2023\/02\/Aidon_Smart_Grid_Intelligence_web_900-768x314.png 768w\" sizes=\"auto, (max-width: 900px) 100vw, 900px\" \/><\/p>\n<p><strong>Det prim\u00e4ra ansvaret f\u00f6r eln\u00e4tsbolagen \u00e4r att s\u00e4kerst\u00e4lla felfri leverans av el till slutanv\u00e4ndarna. Smart Grid Intelligence-l\u00f6sningar, baserade p\u00e5 Aidon AMM, ger ett unikt och kostnadseffektivt st\u00f6d f\u00f6r detta. Genom att anv\u00e4nda l\u00f6sningarna f\u00e5r eln\u00e4tsbolagen en korrekt bild av eln\u00e4tets tillst\u00e5nd vilket hj\u00e4lper dem i arbetet med styrning av eln\u00e4ten, som till exempel planering av underh\u00e5ll.<\/strong><\/p>\n<p>Smart Grid Intelligence kan till\u00e4mpas p\u00e5 tre niv\u00e5er:<\/p>\n<ol>\n<li>Proaktiv \u00f6vervakning: sp\u00e4nningskvalitet och f\u00f6rebyggande underh\u00e5ll<\/li>\n<li>Reaktiv \u00f6vervakning: realtidslarm f\u00f6r omedelbar \u00e5tg\u00e4rd<\/li>\n<li>Analys: detaljerad information f\u00f6r analys och probleml\u00f6sning<\/li>\n<\/ol>\n<p>Dessa ger tillsammans en helt\u00e4ckande l\u00f6sning f\u00f6r hantering av eln\u00e4ten som utnyttjar <strong>m\u00e4tenheternas h\u00f6ga provtagningsfrekvens, intelligenta n\u00e4thanteringsalgoritmer<\/strong> och <strong>den senaste tekniken f\u00f6r IoT-anslutningar<\/strong>.<\/p>\n<h4>Intelligenta sensorer i hush\u00e5llen<\/h4>\n<p>AMM smarta m\u00e4tare som installeras i varje hush\u00e5ll fungerar som intelligenta sensorer och ger information om tillst\u00e5ndet i anslutningspunkten. Exempel p\u00e5 s\u00e5dan information \u00e4r variationer i sp\u00e4nningskvaliteten samt uppgifter om fel eller st\u00f6rningar som kan orsakas av bristande funktion i eldistributionen eller felaktiga installationer. De intelligenta n\u00e4thanteringsalgoritmer som finns i varje sensor anv\u00e4nder data som samlas in vid h\u00f6ga hastigheter f\u00f6r att ge en detaljerad bild av leveranssituationen. Dessa edge-algoritmer kan uppt\u00e4cka och skicka automatiska meddelanden n\u00e4r problem uppst\u00e5r eller sannolikt kommer att uppst\u00e5. Det ger eln\u00e4tsbolagens serviceteam m\u00f6jlighet att snabbt hitta problemet, och vidta \u00e5tg\u00e4rder f\u00f6r att f\u00f6rhindra eventuella olyckor och minimera ytterligare skador.<\/p>\n<h4>B\u00e4ttre \u00f6versikt med \u00f6vervakning av transformatorstationer<\/h4>\n<p>Med v\u00e5r avancerade \u00f6vervakningsl\u00f6sning f\u00f6r transformatorstationer f\u00e5r eln\u00e4tsbolagen en b\u00e4ttre bild \u00f6ver hela l\u00e5gsp\u00e4nningsn\u00e4tet. Aidons sensorer vid transformatorstationen ger inte bara statusinformation fr\u00e5n stationen utan har ocks\u00e5 en dubbel funktion f\u00f6r m\u00e4t- och analys\u00e4ndam\u00e5l. Sensorerna hj\u00e4lper till att hantera n\u00e4tets tillst\u00e5nd avseende kvalitet, kvantitet och kostnad f\u00f6r \u00f6verf\u00f6ring av el i l\u00e5gsp\u00e4nningsn\u00e4tet. Hanteringen av den st\u00e4ndigt \u00f6kande mikroproduktionen fr\u00e5n f\u00f6rnyelsebara energik\u00e4llor, som vind- och solkraft, st\u00e4ller till exempel nya krav p\u00e5 eln\u00e4tets kapacitet p\u00e5 transformatorniv\u00e5. Genom att kombinera och f\u00f6rfina data fr\u00e5n b\u00e5de enskilda anslutningspunkter hos kund och transformatorstationer kan eln\u00e4tsbolagen hantera sitt eln\u00e4t mer effektivt, b\u00e5de i det dagliga arbetet och \u00f6ver tid.<\/p>\n<p>L\u00e4s ocks\u00e5: <strong><a href=\"https:\/\/aidon.com\/sv\/solutions\/smart-energy-devices\/#fmd\">Aidon Feeder Line Measurement Device<\/a><\/strong><\/p>\n<p>Se ocks\u00e5 denna video: <a href=\"https:\/\/aidon.com\/sv\/aidon-trafo-losning-nasta-niva-av-lagspanningsovervakning\/\" rel=\"noopener\"><strong>Aidon TRAFO-l\u00f6sning \u2013 N\u00e4sta niv\u00e5 av l\u00e5gsp\u00e4nnings\u00f6vervakning<\/strong><\/a><\/p>\n<h4>Kostnadsbesparingar i den dagliga verksamheten<\/h4>\n<p>F\u00f6rdelarna med Smart Grid Intelligence kan direkt ses i form av kostnadsbesparingar i bolagets kundservice. Verksamheten f\u00f6r att f\u00f6rebygga och \u00e5tg\u00e4rda fel samt ta hand om st\u00f6rningar i eln\u00e4tet blir betydligt effektivare, eftersom det beh\u00f6vs mindre tid f\u00f6r fels\u00f6knings- och reparationsarbeten. L\u00f6sningen hj\u00e4lper dessutom eln\u00e4tsbolagen att f\u00f6rhindra att fel uppst\u00e5r fr\u00e5n b\u00f6rjan genom tidiga varningslarm och statistiska analysfunktioner. Den senaste teknologin f\u00f6r IoT-anslutningar, som anv\u00e4nds f\u00f6r l\u00f6sningen, garanterar tillf\u00f6rlitlig och snabb leverans av \u00f6vervakningsdata som i b\u00e4sta fall inneb\u00e4r att ett fel i eln\u00e4tet eller hos en ansluten kund aldrig intr\u00e4ffar eller kan \u00e5tg\u00e4rdas innan kunden ens m\u00e4rker det. F\u00e4rre elavbrott inneb\u00e4r ocks\u00e5 betydande besparingar av utbetalning av ers\u00e4ttningar till kunderna.<\/p>\n<h4>F\u00f6rb\u00e4ttrad effektivitet p\u00e5 l\u00e5ng sikt<\/h4>\n<p>Ur effektivitetssynpunkt \u00e4r det n\u00f6dv\u00e4ndigt med en god \u00f6verblick \u00f6ver resurserna f\u00f6r eln\u00e4ten. \u00d6vervakning av sp\u00e4nningsniv\u00e5er och andra parametrar vid en transformatorstation, genom hela ledningen fram till den sista anslutningspunkten hos kunden avsl\u00f6jar eventuella kvalitetsavvikelser i leveransen och k\u00e4llan till avvikelsen, utan separata och dyra kvalitetsm\u00e4tningsenheter.<\/p>\n<p>\u00d6vervakning av transformatorstationen ger dessutom information om eventuell \u00f6verbelastning av eln\u00e4tet, vilket utan \u00e5tg\u00e4rd leder till f\u00f6r tidigt slitage och \u00f6kande antal fel p\u00e5 eln\u00e4tsutrustningen. Den information som erh\u00e5lls, b\u00e5de fr\u00e5n \u00f6vervakning av transformatorstationer och intelligenta sensorer i hush\u00e5llen, \u00e4r en hj\u00e4lp vid planering av underh\u00e5llsarbete och f\u00f6r att f\u00f6rdela nya investeringar i eln\u00e4ten, samtidigt som den \u00f6vergripande prestandan och s\u00e4kerheten i eln\u00e4ten f\u00f6rb\u00e4ttras.<\/p>\n<p>Hantering av energif\u00f6rluster m\u00f6jligg\u00f6rs genom m\u00e4tning vid transformatorn och i hush\u00e5llen. M\u00e4tningen ger en tydlig bild av hur mycket av den tillf\u00f6rda energin som g\u00e5r f\u00f6rlorad under distributionen. Varje f\u00f6rlust som inte kan faktureras till kunderna inneb\u00e4r f\u00f6rlorad inkomst f\u00f6r eln\u00e4tsbolaget. Att hitta och eliminera grundorsakerna till f\u00f6rluster, oavsett om det handlar om ett anslutningsfel, st\u00f6ld eller n\u00e5got annat, inneb\u00e4r s\u00e5ledes kostnadsbesparingar.<\/p>\n<h4>Utforska detaljerna om Aidon TRAFO-l\u00f6sningen genom denna interaktiva demo<\/h4>\n<!-- imagelinks begin -->\n<div id=\"imgl-10-mhnef\" class=\"imgl-map imgl-map-10 \"data-json-src=\"https:\/\/aidon.com\/wp-content\/uploads\/imagelinks\/10\/config.json?ver=1757425068\" data-item-id=\"10\" style=\"display:none;\" >\n<div class=\"imgl-store\">\n<div class=\"imgl-pin imgl-pin-1\" data-id=\"1\">\n<div class=\"imgl-pin-pulse\"><\/div>\n<div class=\"imgl-pin-data\">\n<\/div>\n<\/div>\n<div class=\"imgl-pin imgl-pin-2\" data-id=\"2\">\n<div class=\"imgl-pin-pulse\"><\/div>\n<div class=\"imgl-pin-data\">\n<\/div>\n<\/div>\n<div class=\"imgl-pin imgl-pin-3\" data-id=\"3\">\n<div class=\"imgl-pin-pulse\"><\/div>\n<div class=\"imgl-pin-data\">\n<\/div>\n<\/div>\n<div class=\"imgl-pin imgl-pin-4\" data-id=\"4\">\n<div class=\"imgl-pin-pulse\"><\/div>\n<div class=\"imgl-pin-data\">\n<\/div>\n<\/div>\n<div class=\"imgl-pin imgl-pin-5\" data-id=\"5\">\n<div class=\"imgl-pin-pulse\"><\/div>\n<div class=\"imgl-pin-data\">\n<\/div>\n<\/div>\n<div class=\"imgl-pin imgl-pin-6\" data-id=\"6\">\n<div class=\"imgl-pin-pulse\"><\/div>\n<div class=\"imgl-pin-data\">\n<\/div>\n<\/div>\n<div class=\"imgl-pin imgl-pin-7\" data-id=\"7\">\n<div class=\"imgl-pin-pulse\"><\/div>\n<div class=\"imgl-pin-data\">\n<\/div>\n<\/div>\n<div class=\"imgl-pin imgl-pin-8\" data-id=\"8\">\n<div class=\"imgl-pin-pulse\"><\/div>\n<div class=\"imgl-pin-data\">\n<\/div>\n<\/div>\n<div class=\"imgl-pin imgl-pin-9\" data-id=\"9\">\n<div class=\"imgl-pin-pulse\"><\/div>\n<div class=\"imgl-pin-data\">\n<\/div>\n<\/div>\n<div class=\"imgl-pin imgl-pin-10\" data-id=\"10\">\n<div class=\"imgl-pin-pulse\"><\/div>\n<div class=\"imgl-pin-data\">\n<\/div>\n<\/div>\n<div class=\"imgl-pin imgl-pin-11\" data-id=\"11\">\n<div class=\"imgl-pin-pulse\"><\/div>\n<div class=\"imgl-pin-data\">\n<\/div>\n<\/div>\n<div class=\"imgl-pin imgl-pin-12\" data-id=\"12\">\n<div class=\"imgl-pin-pulse\"><\/div>\n<div class=\"imgl-pin-data\">\n<\/div>\n<\/div>\n<div class=\"imgl-pin imgl-pin-13\" data-id=\"13\">\n<div class=\"imgl-pin-pulse\"><\/div>\n<div class=\"imgl-pin-data\">\n<\/div>\n<\/div>\n<div class=\"imgl-pin imgl-pin-14\" data-id=\"14\">\n<div class=\"imgl-pin-pulse\"><\/div>\n<div class=\"imgl-pin-data\">\n<\/div>\n<\/div>\n<div class=\"imgl-pin imgl-pin-15\" data-id=\"15\">\n<div class=\"imgl-pin-pulse\"><\/div>\n<div class=\"imgl-pin-data\">\n<\/div>\n<\/div>\n<div class=\"imgl-pin imgl-pin-16\" data-id=\"16\">\n<div class=\"imgl-pin-pulse\"><\/div>\n<div class=\"imgl-pin-data\">\n<\/div>\n<\/div>\n<div class=\"imgl-pin imgl-pin-17\" data-id=\"17\">\n<div class=\"imgl-pin-pulse\"><\/div>\n<div class=\"imgl-pin-data\">\n<\/div>\n<\/div>\n<div class=\"imgl-pin imgl-pin-18\" data-id=\"18\">\n<div class=\"imgl-pin-pulse\"><\/div>\n<div class=\"imgl-pin-data\">\n<\/div>\n<\/div>\n<div class=\"imgl-pin imgl-pin-19\" data-id=\"19\">\n<div class=\"imgl-pin-pulse\"><\/div>\n<div class=\"imgl-pin-data\">\n<\/div>\n<\/div>\n<div class=\"imgl-tt imgl-tt-1\" data-id=\"1\" >\n<p class=\"boksi-teksti-wrapper\"><span class=\"boksi-teksti\">Planera \u00e5tg\u00e4rder och f\u00e4ltarbete baserat p\u00e5 larm och elkvalitetsdata i realtid<\/span><\/p><\/div>\n<div class=\"imgl-tt imgl-tt-2\" data-id=\"2\" >\n<p class=\"boksi-teksti-wrapper\"><span class=\"boksi-teksti\">4-kvadrant energim\u00e4tning per fas samt totalenergi - per utg\u00e5ende fack\/grupp<\/span><\/p><\/div>\n<div class=\"imgl-tt imgl-tt-3\" data-id=\"3\" >\n<p class=\"boksi-teksti-wrapper\"><span class=\"boksi-teksti\">Str\u00f6mm\u00e4tning (A) per fas samt nollstr\u00f6m<\/span><\/p><\/div>\n<div class=\"imgl-tt imgl-tt-4\" data-id=\"4\" >\n<p class=\"boksi-teksti-wrapper\"><span class=\"boksi-teksti\">Modul\u00e4r FMD-m\u00e4tenhet f\u00f6r str\u00f6mtrafom\u00e4tning, f\u00f6r upp till 18 utg\u00e5ende fack\/grupper<\/span><\/p><\/div>\n<div class=\"imgl-tt imgl-tt-5\" data-id=\"5\" >\n<p class=\"boksi-teksti-wrapper\"><span class=\"boksi-teksti\">Felindikering<\/span><\/p><\/div>\n<div class=\"imgl-tt imgl-tt-6\" data-id=\"6\" >\n<p class=\"boksi-teksti-wrapper\"><span class=\"boksi-teksti\">N\u00e4tstationsm\u00e4tare med summam\u00e4tning<\/span><\/p><\/div>\n<div class=\"imgl-tt imgl-tt-7\" data-id=\"7\" >\n<p class=\"boksi-teksti-wrapper\"><span class=\"boksi-teksti\">LSP n\u00e4t\u00f6vervakning<\/span><\/p><\/div>\n<div class=\"imgl-tt imgl-tt-8\" data-id=\"8\" >\n<p class=\"boksi-teksti-wrapper\"><span class=\"boksi-teksti\">RS-485 kommunikation till trafom\u00e4tarens Gateway<\/span><\/p><\/div>\n<div class=\"imgl-tt imgl-tt-9\" data-id=\"9\" >\n<p class=\"boksi-teksti-wrapper\"><span class=\"boksi-teksti\">Sensor - tempgivare<\/span><\/p><\/div>\n<div class=\"imgl-tt imgl-tt-10\" data-id=\"10\" >\n<p class=\"boksi-teksti-wrapper\"><span class=\"boksi-teksti\">ESD (trafom\u00e4tare) med 4-kvadrant energim\u00e4tning per fas samt totalenergi<\/span><\/p><\/div>\n<div class=\"imgl-tt imgl-tt-11\" data-id=\"11\" >\n<p class=\"boksi-teksti-wrapper\"><span class=\"boksi-teksti\">Elkvalitet, larm, statistik (sp\u00e4nning, str\u00f6m, THD, \u00f6vertoner m.m.)<\/span><\/p><\/div>\n<div class=\"imgl-tt imgl-tt-12\" data-id=\"12\" >\n<p class=\"boksi-teksti-wrapper\"><span class=\"boksi-teksti\">2G\/4G Gateway f\u00f6r s\u00e4ker kommunikation med Aidon Gateware<\/span><\/p><\/div>\n<div class=\"imgl-tt imgl-tt-13\" data-id=\"13\" >\n<p class=\"boksi-teksti-wrapper\"><span class=\"boksi-teksti\">Aidon IO -adapter f\u00f6r anslutning av sensorer f\u00f6r trafomonitorering<\/span><\/p><\/div>\n<div class=\"imgl-tt imgl-tt-14\" data-id=\"14\" >\n<p class=\"boksi-teksti-wrapper\"><span class=\"boksi-teksti\">8 digitala ing\u00e5ngar samt ing\u00e5ng f\u00f6r PT100 tempgivare<\/span><\/p><\/div>\n<div class=\"imgl-tt imgl-tt-15\" data-id=\"15\" >\n<p class=\"boksi-teksti-wrapper\"><span class=\"boksi-teksti\">Sensor f\u00f6r vattenniv\u00e5<\/span><\/p><\/div>\n<div class=\"imgl-tt imgl-tt-16\" data-id=\"16\" >\n<p class=\"boksi-teksti-wrapper\"><span class=\"boksi-teksti\">Kapacitetsplanering och n\u00e4toptimering<\/span><\/p><\/div>\n<div class=\"imgl-tt imgl-tt-17\" data-id=\"17\" >\n<p class=\"boksi-teksti-wrapper\"><span class=\"boksi-teksti\">Monitorering av transformatorbelastning<\/span><\/p><\/div>\n<div class=\"imgl-tt imgl-tt-18\" data-id=\"18\" >\n<p class=\"boksi-teksti-wrapper\"><span class=\"boksi-teksti\">Monitorering av transformatorstatus<\/span><\/p><\/div>\n<div class=\"imgl-tt imgl-tt-19\" data-id=\"19\" >\n<p class=\"boksi-teksti-wrapper\"><span class=\"boksi-teksti\">Sensor vid d\u00f6rr<\/span><\/p><\/div>\n<\/div>\n<\/div>\n<!-- imagelinks end -->\n\n<p><img loading=\"lazy\" decoding=\"async\" class=\"wp-image-5884 alignright\" src=\"https:\/\/aidon.com\/wp-content\/uploads\/2023\/02\/Aidon_solutions_legend_SWE_final.png\" alt=\"\" width=\"350\" height=\"109\" srcset=\"https:\/\/aidon.com\/wp-content\/uploads\/2023\/02\/Aidon_solutions_legend_SWE_final.png 450w, https:\/\/aidon.com\/wp-content\/uploads\/2023\/02\/Aidon_solutions_legend_SWE_final-300x93.png 300w\" sizes=\"auto, (max-width: 350px) 100vw, 350px\" \/><\/p>\n","protected":false},"excerpt":{"rendered":"<p>Det prim\u00e4ra ansvaret f\u00f6r eln\u00e4tsbolagen \u00e4r att s\u00e4kerst\u00e4lla felfri leverans av el till slutanv\u00e4ndarna. Smart Grid Intelligence-l\u00f6sningar, baserade p\u00e5 Aidon AMM, ger ett unikt och kostnadseffektivt st\u00f6d f\u00f6r detta. Genom att anv\u00e4nda l\u00f6sningarna f\u00e5r eln\u00e4tsbolagen en korrekt bild av eln\u00e4tets tillst\u00e5nd vilket hj\u00e4lper dem i arbetet med styrning av eln\u00e4ten,&hellip;<\/p>\n","protected":false},"author":2,"featured_media":1054,"parent":3227,"menu_order":0,"comment_status":"closed","ping_status":"closed","template":"page-single-solutions.php","meta":{"_acf_changed":false,"footnotes":""},"class_list":["post-3744","page","type-page","status-publish","has-post-thumbnail","hentry"],"acf":[],"yoast_head":"<!-- This site is optimized with the Yoast SEO plugin v27.0 - https:\/\/yoast.com\/product\/yoast-seo-wordpress\/ -->\n<title>Smart Grid intelligence - Aidon<\/title>\n<meta name=\"robots\" content=\"index, follow, max-snippet:-1, max-image-preview:large, max-video-preview:-1\" \/>\n<link rel=\"canonical\" href=\"https:\/\/aidon.com\/sv\/losningar\/smart-grid-intelligence\/\" \/>\n<meta property=\"og:locale\" content=\"sv_SE\" \/>\n<meta property=\"og:type\" content=\"article\" \/>\n<meta property=\"og:title\" content=\"Smart Grid intelligence - Aidon\" \/>\n<meta property=\"og:description\" content=\"Det prim\u00e4ra ansvaret f\u00f6r eln\u00e4tsbolagen \u00e4r att s\u00e4kerst\u00e4lla felfri leverans av el till slutanv\u00e4ndarna. Smart Grid Intelligence-l\u00f6sningar, baserade p\u00e5 Aidon AMM, ger ett unikt och kostnadseffektivt st\u00f6d f\u00f6r detta. Genom att anv\u00e4nda l\u00f6sningarna f\u00e5r eln\u00e4tsbolagen en korrekt bild av eln\u00e4tets tillst\u00e5nd vilket hj\u00e4lper dem i arbetet med styrning av eln\u00e4ten,&hellip;\" \/>\n<meta property=\"og:url\" content=\"https:\/\/aidon.com\/sv\/losningar\/smart-grid-intelligence\/\" \/>\n<meta property=\"og:site_name\" content=\"Aidon\" \/>\n<meta property=\"article:modified_time\" content=\"2025-08-20T14:22:32+00:00\" \/>\n<meta property=\"og:image\" content=\"https:\/\/aidon.com\/wp-content\/uploads\/2022\/09\/smartgrid.png\" \/>\n\t<meta property=\"og:image:width\" content=\"528\" \/>\n\t<meta property=\"og:image:height\" content=\"528\" \/>\n\t<meta property=\"og:image:type\" content=\"image\/png\" \/>\n<meta name=\"twitter:card\" content=\"summary_large_image\" \/>\n<meta name=\"twitter:label1\" content=\"Ber\u00e4knad l\u00e4stid\" \/>\n\t<meta name=\"twitter:data1\" content=\"4 minuter\" \/>\n<script type=\"application\/ld+json\" class=\"yoast-schema-graph\">{\"@context\":\"https:\/\/schema.org\",\"@graph\":[{\"@type\":\"WebPage\",\"@id\":\"https:\/\/aidon.com\/sv\/losningar\/smart-grid-intelligence\/\",\"url\":\"https:\/\/aidon.com\/sv\/losningar\/smart-grid-intelligence\/\",\"name\":\"Smart Grid intelligence - Aidon\",\"isPartOf\":{\"@id\":\"https:\/\/aidon.com\/sv\/#website\"},\"primaryImageOfPage\":{\"@id\":\"https:\/\/aidon.com\/sv\/losningar\/smart-grid-intelligence\/#primaryimage\"},\"image\":{\"@id\":\"https:\/\/aidon.com\/sv\/losningar\/smart-grid-intelligence\/#primaryimage\"},\"thumbnailUrl\":\"https:\/\/aidon.com\/wp-content\/uploads\/2022\/09\/smartgrid.png\",\"datePublished\":\"2022-08-12T09:05:47+00:00\",\"dateModified\":\"2025-08-20T14:22:32+00:00\",\"breadcrumb\":{\"@id\":\"https:\/\/aidon.com\/sv\/losningar\/smart-grid-intelligence\/#breadcrumb\"},\"inLanguage\":\"sv-SE\",\"potentialAction\":[{\"@type\":\"ReadAction\",\"target\":[\"https:\/\/aidon.com\/sv\/losningar\/smart-grid-intelligence\/\"]}]},{\"@type\":\"ImageObject\",\"inLanguage\":\"sv-SE\",\"@id\":\"https:\/\/aidon.com\/sv\/losningar\/smart-grid-intelligence\/#primaryimage\",\"url\":\"https:\/\/aidon.com\/wp-content\/uploads\/2022\/09\/smartgrid.png\",\"contentUrl\":\"https:\/\/aidon.com\/wp-content\/uploads\/2022\/09\/smartgrid.png\",\"width\":528,\"height\":528},{\"@type\":\"BreadcrumbList\",\"@id\":\"https:\/\/aidon.com\/sv\/losningar\/smart-grid-intelligence\/#breadcrumb\",\"itemListElement\":[{\"@type\":\"ListItem\",\"position\":1,\"name\":\"L\u00f6sningar\",\"item\":\"https:\/\/aidon.com\/sv\/losningar\/\"},{\"@type\":\"ListItem\",\"position\":2,\"name\":\"Smart Grid intelligence\"}]},{\"@type\":\"WebSite\",\"@id\":\"https:\/\/aidon.com\/sv\/#website\",\"url\":\"https:\/\/aidon.com\/sv\/\",\"name\":\"Aidon\",\"description\":\"\",\"potentialAction\":[{\"@type\":\"SearchAction\",\"target\":{\"@type\":\"EntryPoint\",\"urlTemplate\":\"https:\/\/aidon.com\/sv\/?s={search_term_string}\"},\"query-input\":{\"@type\":\"PropertyValueSpecification\",\"valueRequired\":true,\"valueName\":\"search_term_string\"}}],\"inLanguage\":\"sv-SE\"}]}<\/script>\n<!-- \/ Yoast SEO plugin. -->","yoast_head_json":{"title":"Smart Grid intelligence - Aidon","robots":{"index":"index","follow":"follow","max-snippet":"max-snippet:-1","max-image-preview":"max-image-preview:large","max-video-preview":"max-video-preview:-1"},"canonical":"https:\/\/aidon.com\/sv\/losningar\/smart-grid-intelligence\/","og_locale":"sv_SE","og_type":"article","og_title":"Smart Grid intelligence - Aidon","og_description":"Det prim\u00e4ra ansvaret f\u00f6r eln\u00e4tsbolagen \u00e4r att s\u00e4kerst\u00e4lla felfri leverans av el till slutanv\u00e4ndarna. Smart Grid Intelligence-l\u00f6sningar, baserade p\u00e5 Aidon AMM, ger ett unikt och kostnadseffektivt st\u00f6d f\u00f6r detta. Genom att anv\u00e4nda l\u00f6sningarna f\u00e5r eln\u00e4tsbolagen en korrekt bild av eln\u00e4tets tillst\u00e5nd vilket hj\u00e4lper dem i arbetet med styrning av eln\u00e4ten,&hellip;","og_url":"https:\/\/aidon.com\/sv\/losningar\/smart-grid-intelligence\/","og_site_name":"Aidon","article_modified_time":"2025-08-20T14:22:32+00:00","og_image":[{"width":528,"height":528,"url":"https:\/\/aidon.com\/wp-content\/uploads\/2022\/09\/smartgrid.png","type":"image\/png"}],"twitter_card":"summary_large_image","twitter_misc":{"Ber\u00e4knad l\u00e4stid":"4 minuter"},"schema":{"@context":"https:\/\/schema.org","@graph":[{"@type":"WebPage","@id":"https:\/\/aidon.com\/sv\/losningar\/smart-grid-intelligence\/","url":"https:\/\/aidon.com\/sv\/losningar\/smart-grid-intelligence\/","name":"Smart Grid intelligence - Aidon","isPartOf":{"@id":"https:\/\/aidon.com\/sv\/#website"},"primaryImageOfPage":{"@id":"https:\/\/aidon.com\/sv\/losningar\/smart-grid-intelligence\/#primaryimage"},"image":{"@id":"https:\/\/aidon.com\/sv\/losningar\/smart-grid-intelligence\/#primaryimage"},"thumbnailUrl":"https:\/\/aidon.com\/wp-content\/uploads\/2022\/09\/smartgrid.png","datePublished":"2022-08-12T09:05:47+00:00","dateModified":"2025-08-20T14:22:32+00:00","breadcrumb":{"@id":"https:\/\/aidon.com\/sv\/losningar\/smart-grid-intelligence\/#breadcrumb"},"inLanguage":"sv-SE","potentialAction":[{"@type":"ReadAction","target":["https:\/\/aidon.com\/sv\/losningar\/smart-grid-intelligence\/"]}]},{"@type":"ImageObject","inLanguage":"sv-SE","@id":"https:\/\/aidon.com\/sv\/losningar\/smart-grid-intelligence\/#primaryimage","url":"https:\/\/aidon.com\/wp-content\/uploads\/2022\/09\/smartgrid.png","contentUrl":"https:\/\/aidon.com\/wp-content\/uploads\/2022\/09\/smartgrid.png","width":528,"height":528},{"@type":"BreadcrumbList","@id":"https:\/\/aidon.com\/sv\/losningar\/smart-grid-intelligence\/#breadcrumb","itemListElement":[{"@type":"ListItem","position":1,"name":"L\u00f6sningar","item":"https:\/\/aidon.com\/sv\/losningar\/"},{"@type":"ListItem","position":2,"name":"Smart Grid intelligence"}]},{"@type":"WebSite","@id":"https:\/\/aidon.com\/sv\/#website","url":"https:\/\/aidon.com\/sv\/","name":"Aidon","description":"","potentialAction":[{"@type":"SearchAction","target":{"@type":"EntryPoint","urlTemplate":"https:\/\/aidon.com\/sv\/?s={search_term_string}"},"query-input":{"@type":"PropertyValueSpecification","valueRequired":true,"valueName":"search_term_string"}}],"inLanguage":"sv-SE"}]}},"_links":{"self":[{"href":"https:\/\/aidon.com\/sv\/wp-json\/wp\/v2\/pages\/3744","targetHints":{"allow":["GET"]}}],"collection":[{"href":"https:\/\/aidon.com\/sv\/wp-json\/wp\/v2\/pages"}],"about":[{"href":"https:\/\/aidon.com\/sv\/wp-json\/wp\/v2\/types\/page"}],"author":[{"embeddable":true,"href":"https:\/\/aidon.com\/sv\/wp-json\/wp\/v2\/users\/2"}],"replies":[{"embeddable":true,"href":"https:\/\/aidon.com\/sv\/wp-json\/wp\/v2\/comments?post=3744"}],"version-history":[{"count":12,"href":"https:\/\/aidon.com\/sv\/wp-json\/wp\/v2\/pages\/3744\/revisions"}],"predecessor-version":[{"id":17359,"href":"https:\/\/aidon.com\/sv\/wp-json\/wp\/v2\/pages\/3744\/revisions\/17359"}],"up":[{"embeddable":true,"href":"https:\/\/aidon.com\/sv\/wp-json\/wp\/v2\/pages\/3227"}],"wp:featuredmedia":[{"embeddable":true,"href":"https:\/\/aidon.com\/sv\/wp-json\/wp\/v2\/media\/1054"}],"wp:attachment":[{"href":"https:\/\/aidon.com\/sv\/wp-json\/wp\/v2\/media?parent=3744"}],"curies":[{"name":"wp","href":"https:\/\/api.w.org\/{rel}","templated":true}]}}