{"id":3742,"date":"2022-08-12T12:05:16","date_gmt":"2022-08-12T12:05:16","guid":{"rendered":"https:\/\/aidon.com\/?page_id=3742"},"modified":"2023-02-06T13:02:15","modified_gmt":"2023-02-06T13:02:15","slug":"experttjanster","status":"publish","type":"page","link":"https:\/\/aidon.com\/sv\/losningar\/experttjanster\/","title":{"rendered":"Experttj\u00e4nster"},"content":{"rendered":"<p><img loading=\"lazy\" decoding=\"async\" class=\"alignnone wp-image-6434 size-full\" src=\"https:\/\/aidon.com\/wp-content\/uploads\/2023\/02\/Aidon_Expert_services_web_900.png\" alt=\"\" width=\"900\" height=\"249\" srcset=\"https:\/\/aidon.com\/wp-content\/uploads\/2023\/02\/Aidon_Expert_services_web_900.png 900w, https:\/\/aidon.com\/wp-content\/uploads\/2023\/02\/Aidon_Expert_services_web_900-300x83.png 300w, https:\/\/aidon.com\/wp-content\/uploads\/2023\/02\/Aidon_Expert_services_web_900-768x212.png 768w\" sizes=\"auto, (max-width: 900px) 100vw, 900px\" \/><\/p>\n<p><strong>V\u00e5ra specialister st\u00f6der v\u00e5ra kunder vid anv\u00e4ndning och underh\u00e5ll av v\u00e5ra produkter samt med probleml\u00f6sning under hela livsl\u00e4ngden.<\/strong><\/p>\n<h4>Service Desk \u2013 f\u00f6r dagligt st\u00f6d<\/h4>\n<p>Service Desk hj\u00e4lper v\u00e5ra kunder med deras fr\u00e5gor och probleml\u00f6sning. Med stark kunskap om Aidons produkter och l\u00f6sningar samt olika kundsystemmilj\u00f6er erbjuder Service Desk professionell och effektiv hj\u00e4lp i enlighet med kundserviceavtalet.<\/p>\n<h4>Utbildning \u2013 f\u00f6r att vara uppdaterad<\/h4>\n<p>V\u00e5ra utbildningar ger kunderna den hj\u00e4lp de beh\u00f6ver f\u00f6r att kunna anv\u00e4nda och underh\u00e5lla sina Aidon-l\u00f6sningar. Utbudet omfattar utbildningar med fokus p\u00e5 system- och m\u00e4tarenheter som \u00e4r \u00f6ppna f\u00f6r alla kunder, samt skr\u00e4ddarsydda utbildningar f\u00f6r kunder som har behov av det.<\/p>\n<h4>Projektledning och r\u00e5dgivning \u2013 flexibla l\u00f6sningar<\/h4>\n<p>V\u00e5ra erfarna experter finns till hands f\u00f6r v\u00e5ra kunder utifr\u00e5n en gemensam \u00f6verenskommelse om omfattning. Tj\u00e4nsterna \u00e4r tillg\u00e4ngliga f\u00f6r storskaliga roll-out- och systemimplementeringsprojekt, mindre uppgraderings- eller integrationsprojekt, samt uppdrag som kr\u00e4ver s\u00e4rskild expertkunskap.<\/p>\n<p>&nbsp;<\/p>\n","protected":false},"excerpt":{"rendered":"<p>V\u00e5ra specialister st\u00f6der v\u00e5ra kunder vid anv\u00e4ndning och underh\u00e5ll av v\u00e5ra produkter samt med probleml\u00f6sning under hela livsl\u00e4ngden. Service Desk \u2013 f\u00f6r dagligt st\u00f6d Service Desk hj\u00e4lper v\u00e5ra kunder med deras fr\u00e5gor och probleml\u00f6sning. Med stark kunskap om Aidons produkter och l\u00f6sningar samt olika kundsystemmilj\u00f6er erbjuder Service Desk professionell och&hellip;<\/p>\n","protected":false},"author":2,"featured_media":433,"parent":3227,"menu_order":0,"comment_status":"closed","ping_status":"closed","template":"page-single-solutions.php","meta":{"_acf_changed":false,"footnotes":""},"class_list":["post-3742","page","type-page","status-publish","has-post-thumbnail","hentry"],"acf":[],"yoast_head":"<!-- This site is optimized with the Yoast SEO plugin v27.0 - https:\/\/yoast.com\/product\/yoast-seo-wordpress\/ -->\n<title>Experttj\u00e4nster - Aidon<\/title>\n<meta name=\"robots\" content=\"index, follow, max-snippet:-1, max-image-preview:large, max-video-preview:-1\" \/>\n<link rel=\"canonical\" href=\"https:\/\/aidon.com\/sv\/losningar\/experttjanster\/\" \/>\n<meta property=\"og:locale\" content=\"sv_SE\" \/>\n<meta property=\"og:type\" content=\"article\" \/>\n<meta property=\"og:title\" content=\"Experttj\u00e4nster - Aidon\" \/>\n<meta property=\"og:description\" content=\"V\u00e5ra specialister st\u00f6der v\u00e5ra kunder vid anv\u00e4ndning och underh\u00e5ll av v\u00e5ra produkter samt med probleml\u00f6sning under hela livsl\u00e4ngden. Service Desk \u2013 f\u00f6r dagligt st\u00f6d Service Desk hj\u00e4lper v\u00e5ra kunder med deras fr\u00e5gor och probleml\u00f6sning. Med stark kunskap om Aidons produkter och l\u00f6sningar samt olika kundsystemmilj\u00f6er erbjuder Service Desk professionell och&hellip;\" \/>\n<meta property=\"og:url\" content=\"https:\/\/aidon.com\/sv\/losningar\/experttjanster\/\" \/>\n<meta property=\"og:site_name\" content=\"Aidon\" \/>\n<meta property=\"article:modified_time\" content=\"2023-02-06T13:02:15+00:00\" \/>\n<meta property=\"og:image\" content=\"https:\/\/aidon.com\/wp-content\/uploads\/2022\/08\/expert.png\" \/>\n\t<meta property=\"og:image:width\" content=\"397\" \/>\n\t<meta property=\"og:image:height\" content=\"397\" \/>\n\t<meta property=\"og:image:type\" content=\"image\/png\" \/>\n<meta name=\"twitter:card\" content=\"summary_large_image\" \/>\n<meta name=\"twitter:label1\" content=\"Ber\u00e4knad l\u00e4stid\" \/>\n\t<meta name=\"twitter:data1\" content=\"1 minut\" \/>\n<script type=\"application\/ld+json\" class=\"yoast-schema-graph\">{\"@context\":\"https:\/\/schema.org\",\"@graph\":[{\"@type\":\"WebPage\",\"@id\":\"https:\/\/aidon.com\/sv\/losningar\/experttjanster\/\",\"url\":\"https:\/\/aidon.com\/sv\/losningar\/experttjanster\/\",\"name\":\"Experttj\u00e4nster - Aidon\",\"isPartOf\":{\"@id\":\"https:\/\/aidon.com\/sv\/#website\"},\"primaryImageOfPage\":{\"@id\":\"https:\/\/aidon.com\/sv\/losningar\/experttjanster\/#primaryimage\"},\"image\":{\"@id\":\"https:\/\/aidon.com\/sv\/losningar\/experttjanster\/#primaryimage\"},\"thumbnailUrl\":\"https:\/\/aidon.com\/wp-content\/uploads\/2022\/08\/expert.png\",\"datePublished\":\"2022-08-12T12:05:16+00:00\",\"dateModified\":\"2023-02-06T13:02:15+00:00\",\"breadcrumb\":{\"@id\":\"https:\/\/aidon.com\/sv\/losningar\/experttjanster\/#breadcrumb\"},\"inLanguage\":\"sv-SE\",\"potentialAction\":[{\"@type\":\"ReadAction\",\"target\":[\"https:\/\/aidon.com\/sv\/losningar\/experttjanster\/\"]}]},{\"@type\":\"ImageObject\",\"inLanguage\":\"sv-SE\",\"@id\":\"https:\/\/aidon.com\/sv\/losningar\/experttjanster\/#primaryimage\",\"url\":\"https:\/\/aidon.com\/wp-content\/uploads\/2022\/08\/expert.png\",\"contentUrl\":\"https:\/\/aidon.com\/wp-content\/uploads\/2022\/08\/expert.png\",\"width\":397,\"height\":397},{\"@type\":\"BreadcrumbList\",\"@id\":\"https:\/\/aidon.com\/sv\/losningar\/experttjanster\/#breadcrumb\",\"itemListElement\":[{\"@type\":\"ListItem\",\"position\":1,\"name\":\"L\u00f6sningar\",\"item\":\"https:\/\/aidon.com\/sv\/losningar\/\"},{\"@type\":\"ListItem\",\"position\":2,\"name\":\"Experttj\u00e4nster\"}]},{\"@type\":\"WebSite\",\"@id\":\"https:\/\/aidon.com\/sv\/#website\",\"url\":\"https:\/\/aidon.com\/sv\/\",\"name\":\"Aidon\",\"description\":\"\",\"potentialAction\":[{\"@type\":\"SearchAction\",\"target\":{\"@type\":\"EntryPoint\",\"urlTemplate\":\"https:\/\/aidon.com\/sv\/?s={search_term_string}\"},\"query-input\":{\"@type\":\"PropertyValueSpecification\",\"valueRequired\":true,\"valueName\":\"search_term_string\"}}],\"inLanguage\":\"sv-SE\"}]}<\/script>\n<!-- \/ Yoast SEO plugin. -->","yoast_head_json":{"title":"Experttj\u00e4nster - Aidon","robots":{"index":"index","follow":"follow","max-snippet":"max-snippet:-1","max-image-preview":"max-image-preview:large","max-video-preview":"max-video-preview:-1"},"canonical":"https:\/\/aidon.com\/sv\/losningar\/experttjanster\/","og_locale":"sv_SE","og_type":"article","og_title":"Experttj\u00e4nster - Aidon","og_description":"V\u00e5ra specialister st\u00f6der v\u00e5ra kunder vid anv\u00e4ndning och underh\u00e5ll av v\u00e5ra produkter samt med probleml\u00f6sning under hela livsl\u00e4ngden. Service Desk \u2013 f\u00f6r dagligt st\u00f6d Service Desk hj\u00e4lper v\u00e5ra kunder med deras fr\u00e5gor och probleml\u00f6sning. Med stark kunskap om Aidons produkter och l\u00f6sningar samt olika kundsystemmilj\u00f6er erbjuder Service Desk professionell och&hellip;","og_url":"https:\/\/aidon.com\/sv\/losningar\/experttjanster\/","og_site_name":"Aidon","article_modified_time":"2023-02-06T13:02:15+00:00","og_image":[{"width":397,"height":397,"url":"https:\/\/aidon.com\/wp-content\/uploads\/2022\/08\/expert.png","type":"image\/png"}],"twitter_card":"summary_large_image","twitter_misc":{"Ber\u00e4knad l\u00e4stid":"1 minut"},"schema":{"@context":"https:\/\/schema.org","@graph":[{"@type":"WebPage","@id":"https:\/\/aidon.com\/sv\/losningar\/experttjanster\/","url":"https:\/\/aidon.com\/sv\/losningar\/experttjanster\/","name":"Experttj\u00e4nster - Aidon","isPartOf":{"@id":"https:\/\/aidon.com\/sv\/#website"},"primaryImageOfPage":{"@id":"https:\/\/aidon.com\/sv\/losningar\/experttjanster\/#primaryimage"},"image":{"@id":"https:\/\/aidon.com\/sv\/losningar\/experttjanster\/#primaryimage"},"thumbnailUrl":"https:\/\/aidon.com\/wp-content\/uploads\/2022\/08\/expert.png","datePublished":"2022-08-12T12:05:16+00:00","dateModified":"2023-02-06T13:02:15+00:00","breadcrumb":{"@id":"https:\/\/aidon.com\/sv\/losningar\/experttjanster\/#breadcrumb"},"inLanguage":"sv-SE","potentialAction":[{"@type":"ReadAction","target":["https:\/\/aidon.com\/sv\/losningar\/experttjanster\/"]}]},{"@type":"ImageObject","inLanguage":"sv-SE","@id":"https:\/\/aidon.com\/sv\/losningar\/experttjanster\/#primaryimage","url":"https:\/\/aidon.com\/wp-content\/uploads\/2022\/08\/expert.png","contentUrl":"https:\/\/aidon.com\/wp-content\/uploads\/2022\/08\/expert.png","width":397,"height":397},{"@type":"BreadcrumbList","@id":"https:\/\/aidon.com\/sv\/losningar\/experttjanster\/#breadcrumb","itemListElement":[{"@type":"ListItem","position":1,"name":"L\u00f6sningar","item":"https:\/\/aidon.com\/sv\/losningar\/"},{"@type":"ListItem","position":2,"name":"Experttj\u00e4nster"}]},{"@type":"WebSite","@id":"https:\/\/aidon.com\/sv\/#website","url":"https:\/\/aidon.com\/sv\/","name":"Aidon","description":"","potentialAction":[{"@type":"SearchAction","target":{"@type":"EntryPoint","urlTemplate":"https:\/\/aidon.com\/sv\/?s={search_term_string}"},"query-input":{"@type":"PropertyValueSpecification","valueRequired":true,"valueName":"search_term_string"}}],"inLanguage":"sv-SE"}]}},"_links":{"self":[{"href":"https:\/\/aidon.com\/sv\/wp-json\/wp\/v2\/pages\/3742","targetHints":{"allow":["GET"]}}],"collection":[{"href":"https:\/\/aidon.com\/sv\/wp-json\/wp\/v2\/pages"}],"about":[{"href":"https:\/\/aidon.com\/sv\/wp-json\/wp\/v2\/types\/page"}],"author":[{"embeddable":true,"href":"https:\/\/aidon.com\/sv\/wp-json\/wp\/v2\/users\/2"}],"replies":[{"embeddable":true,"href":"https:\/\/aidon.com\/sv\/wp-json\/wp\/v2\/comments?post=3742"}],"version-history":[{"count":8,"href":"https:\/\/aidon.com\/sv\/wp-json\/wp\/v2\/pages\/3742\/revisions"}],"predecessor-version":[{"id":6472,"href":"https:\/\/aidon.com\/sv\/wp-json\/wp\/v2\/pages\/3742\/revisions\/6472"}],"up":[{"embeddable":true,"href":"https:\/\/aidon.com\/sv\/wp-json\/wp\/v2\/pages\/3227"}],"wp:featuredmedia":[{"embeddable":true,"href":"https:\/\/aidon.com\/sv\/wp-json\/wp\/v2\/media\/433"}],"wp:attachment":[{"href":"https:\/\/aidon.com\/sv\/wp-json\/wp\/v2\/media?parent=3742"}],"curies":[{"name":"wp","href":"https:\/\/api.w.org\/{rel}","templated":true}]}}