{"id":3740,"date":"2022-08-12T12:04:38","date_gmt":"2022-08-12T09:04:38","guid":{"rendered":"https:\/\/aidon.com\/?page_id=3740"},"modified":"2025-09-30T15:19:14","modified_gmt":"2025-09-30T12:19:14","slug":"smarta-matare","status":"publish","type":"page","link":"https:\/\/aidon.com\/sv\/losningar\/smarta-matare\/","title":{"rendered":"Smarta m\u00e4tare"},"content":{"rendered":"<p><img loading=\"lazy\" decoding=\"async\" class=\"alignnone wp-image-6429 size-full\" src=\"https:\/\/aidon.com\/wp-content\/uploads\/2023\/02\/Aidon_Smart_Energy_Service_Devices_web_900_2.png\" alt=\"\" width=\"900\" height=\"430\" srcset=\"https:\/\/aidon.com\/wp-content\/uploads\/2023\/02\/Aidon_Smart_Energy_Service_Devices_web_900_2.png 900w, https:\/\/aidon.com\/wp-content\/uploads\/2023\/02\/Aidon_Smart_Energy_Service_Devices_web_900_2-300x143.png 300w, https:\/\/aidon.com\/wp-content\/uploads\/2023\/02\/Aidon_Smart_Energy_Service_Devices_web_900_2-768x367.png 768w\" sizes=\"auto, (max-width: 900px) 100vw, 900px\" \/><\/p>\n<h3>Aidons smarta m\u00e4tarenheter<\/h3>\n<p><strong>Aidons 6000- och 7000-serie smarta m\u00e4tarenheter kombinerar en m\u00e4tare, anslutning, m\u00e5ngsidiga sensorer och gr\u00e4nssnitt med h\u00f6g prestanda. Plattformen \u00e4r drifts\u00e4ker och utformad f\u00f6r att uppfylla de nordiska eln\u00e4tf\u00f6retagens specifikationer och h\u00e5rda krav.<\/strong><\/p>\n<h4>Flera f\u00f6rdelar<\/h4>\n<p>M\u00e4tarenheten har en tydlig design, en robust struktur och den \u00e4r l\u00e4tt att installera. Fj\u00e4rruppgradering m\u00f6jligg\u00f6r distribution av nya applikationer och aktivering av nya funktioner under enhetens livscykel.<\/p>\n<h4>7000 serien med innovativa funktioner<\/h4>\n<p>De nya enheterna i 7000-serien har unika funktioner som h\u00f6ghastighetsgr\u00e4nssnittet f\u00f6r datainsamling med extremt exakt provtagningskapacitet f\u00f6r m\u00e5ngsidiga kontroller och diagnostiska applikationer i realtid.<\/p>\n<h4>System modul \u2013 f\u00f6r s\u00f6ml\u00f6s uppgradering<\/h4>\n<p>Den smarta m\u00e4tarenheten best\u00e5r av en elm\u00e4tare och en systemmodul. Systemmodulen tar hand om data\u00f6verf\u00f6ringen fr\u00e5n den smarta m\u00e4tarenheten och modulens typ v\u00e4ljs utifr\u00e5n den kommunikationsteknologi som anv\u00e4nds. En systemmodul som \u00e4r separerad fr\u00e5n m\u00e4taren g\u00f6r det m\u00f6jligt att tillf\u00f6ra ny kommunikationsteknologi under systemets livscykel utan att byta m\u00e4tare.<\/p>\n<h4>S\u00e5 fungerar det<\/h4>\n<p>M\u00e4taren m\u00e4ter energif\u00f6rbrukningen och producerar information baserat p\u00e5 angivna intervall, till exempel 15 eller 60 minuter.\u00a0Systemmodulen styr m\u00e4taren och m\u00f6jligg\u00f6r kommunikation av tidsst\u00e4mplade registerv\u00e4rden, kontroll av belastningen, \u00f6vervakning av elkvalitet, registrering av str\u00f6mavbrott och felinformation samt avl\u00e4sning av extern statusinformation<\/p>\n<h4>HAN-gr\u00e4nssnitt<\/h4>\n<p>HAN-gr\u00e4nssnittet p\u00e5 Aidon Energi Service Device enheten tillhandah\u00e5ller kunden information om deras energif\u00f6rbrukning n\u00e4stan i realtid. Den tekniska beskrivningen av HAN-gr\u00e4nssnittet hittar du h\u00e4r:<\/p>\n<p style=\"padding-left: 40px;\"><a href=\"https:\/\/aidon.com\/wp-content\/uploads\/2023\/06\/AIDONFD_RJ12_HAN_Interface_SV.pdf\" target=\"_blank\" rel=\"noopener\">Beskrivning av Aidon HAN RJ12-gr\u00e4nssnitt<\/a><\/p>\n<p style=\"padding-left: 40px;\"><a href=\"https:\/\/aidon.com\/wp-content\/uploads\/2023\/07\/AIDONFD_RJ45_HAN_Interface_SV.pdf\" target=\"_blank\" rel=\"noopener\">Beskrivning av Aidon HAN RJ45-gr\u00e4nssnitt<\/a><\/p>\n<p>Om du har Aidon Energy Service Device enheten installerat i ditt hush\u00e5ll och vill ha information om implementeringen av HAN-gr\u00e4nssnittet, v\u00e4nligen kontakta ditt eln\u00e4tsbolag.<\/p>\n<h4>Aidon 7000-serie smarta m\u00e4tarenheter<\/h4>\n<div id='gallery-1' class='gallery galleryid-3740 gallery-columns-2 gallery-size-medium'><figure class='gallery-item'>\n\t\t\t<div class='gallery-icon portrait'>\n\t\t\t\t<a href='https:\/\/aidon.com\/wp-content\/uploads\/2022\/10\/Aidon-7534-front-right-web-1.jpg' title=\"Aidon 7534 \u2013 Trefas kWh-m\u00e4tare f\u00f6r hush\u00e5llsbruk\" data-rl_title=\"Aidon 7534 \u2013 Trefas kWh-m\u00e4tare f\u00f6r hush\u00e5llsbruk\" class=\"rl-gallery-link\" data-rl_caption=\"Aidon 7534 \u2013 Trefas kWh-m\u00e4tare f\u00f6r hush\u00e5llsbruk\" data-rel=\"lightbox-gallery-1\"><img loading=\"lazy\" decoding=\"async\" width=\"223\" height=\"300\" src=\"https:\/\/aidon.com\/wp-content\/uploads\/2022\/10\/Aidon-7534-front-right-web-1-223x300.jpg\" class=\"attachment-medium size-medium\" alt=\"\" aria-describedby=\"gallery-1-2401\" srcset=\"https:\/\/aidon.com\/wp-content\/uploads\/2022\/10\/Aidon-7534-front-right-web-1-223x300.jpg 223w, https:\/\/aidon.com\/wp-content\/uploads\/2022\/10\/Aidon-7534-front-right-web-1-760x1024.jpg 760w, https:\/\/aidon.com\/wp-content\/uploads\/2022\/10\/Aidon-7534-front-right-web-1-768x1035.jpg 768w, https:\/\/aidon.com\/wp-content\/uploads\/2022\/10\/Aidon-7534-front-right-web-1.jpg 1104w\" sizes=\"auto, (max-width: 223px) 100vw, 223px\" \/><\/a>\n\t\t\t<\/div>\n\t\t\t\t<figcaption class='wp-caption-text gallery-caption' id='gallery-1-2401'>\n\t\t\t\tAidon 7534 \u2013 Trefas kWh-m\u00e4tare f\u00f6r hush\u00e5llsbruk\n\t\t\t\t<\/figcaption><\/figure><figure class='gallery-item'>\n\t\t\t<div class='gallery-icon portrait'>\n\t\t\t\t<a href='https:\/\/aidon.com\/wp-content\/uploads\/2022\/12\/Aidon-7550-front-right-web.jpg' title=\"Aidon 7550 \u2013 Trefas str\u00f6mstransformator&shy;m\u00e4tare f\u00f6r industriellt bruk (CT)\" data-rl_title=\"Aidon 7550 \u2013 Trefas str\u00f6mstransformator&shy;m\u00e4tare f\u00f6r industriellt bruk (CT)\" class=\"rl-gallery-link\" data-rl_caption=\"Aidon 7550 \u2013 Trefas str\u00f6mstransformator&shy;m\u00e4tare f\u00f6r industriellt bruk (CT)\" data-rel=\"lightbox-gallery-1\"><img loading=\"lazy\" decoding=\"async\" width=\"223\" height=\"300\" src=\"https:\/\/aidon.com\/wp-content\/uploads\/2022\/12\/Aidon-7550-front-right-web-223x300.jpg\" class=\"attachment-medium size-medium\" alt=\"\" aria-describedby=\"gallery-1-2986\" srcset=\"https:\/\/aidon.com\/wp-content\/uploads\/2022\/12\/Aidon-7550-front-right-web-223x300.jpg 223w, https:\/\/aidon.com\/wp-content\/uploads\/2022\/12\/Aidon-7550-front-right-web-760x1024.jpg 760w, https:\/\/aidon.com\/wp-content\/uploads\/2022\/12\/Aidon-7550-front-right-web-768x1035.jpg 768w, https:\/\/aidon.com\/wp-content\/uploads\/2022\/12\/Aidon-7550-front-right-web.jpg 1104w\" sizes=\"auto, (max-width: 223px) 100vw, 223px\" \/><\/a>\n\t\t\t<\/div>\n\t\t\t\t<figcaption class='wp-caption-text gallery-caption' id='gallery-1-2986'>\n\t\t\t\tAidon 7550 \u2013 Trefas str\u00f6mstransformator&shy;m\u00e4tare f\u00f6r industriellt bruk (CT)\n\t\t\t\t<\/figcaption><\/figure><figure class='gallery-item'>\n\t\t\t<div class='gallery-icon portrait'>\n\t\t\t\t<a href='https:\/\/aidon.com\/wp-content\/uploads\/2022\/12\/Aidon-7560-front-right-web.jpg' title=\"Aidon 7560 \u2013 Trefas str\u00f6mstransformator&shy;m\u00e4tare f\u00f6r industriellt bruk (CT\/VT)\" data-rl_title=\"Aidon 7560 \u2013 Trefas str\u00f6mstransformator&shy;m\u00e4tare f\u00f6r industriellt bruk (CT\/VT)\" class=\"rl-gallery-link\" data-rl_caption=\"Aidon 7560 \u2013 Trefas str\u00f6mstransformator&shy;m\u00e4tare f\u00f6r industriellt bruk (CT\/VT)\" data-rel=\"lightbox-gallery-1\"><img loading=\"lazy\" decoding=\"async\" width=\"222\" height=\"300\" src=\"https:\/\/aidon.com\/wp-content\/uploads\/2022\/12\/Aidon-7560-front-right-web-222x300.jpg\" class=\"attachment-medium size-medium\" alt=\"\" aria-describedby=\"gallery-1-2991\" srcset=\"https:\/\/aidon.com\/wp-content\/uploads\/2022\/12\/Aidon-7560-front-right-web-222x300.jpg 222w, https:\/\/aidon.com\/wp-content\/uploads\/2022\/12\/Aidon-7560-front-right-web-759x1024.jpg 759w, https:\/\/aidon.com\/wp-content\/uploads\/2022\/12\/Aidon-7560-front-right-web-768x1037.jpg 768w, https:\/\/aidon.com\/wp-content\/uploads\/2022\/12\/Aidon-7560-front-right-web-1138x1536.jpg 1138w, https:\/\/aidon.com\/wp-content\/uploads\/2022\/12\/Aidon-7560-front-right-web.jpg 1280w\" sizes=\"auto, (max-width: 222px) 100vw, 222px\" \/><\/a>\n\t\t\t<\/div>\n\t\t\t\t<figcaption class='wp-caption-text gallery-caption' id='gallery-1-2991'>\n\t\t\t\tAidon 7560 \u2013 Trefas str\u00f6mstransformator&shy;m\u00e4tare f\u00f6r industriellt bruk (CT\/VT)\n\t\t\t\t<\/figcaption><\/figure>\n\t\t<\/div>\n\n<h4>Aidon 6000-serie smarta m\u00e4tarenheter<\/h4>\n<div id='gallery-2' class='gallery galleryid-3740 gallery-columns-2 gallery-size-medium'><figure class='gallery-item'>\n\t\t\t<div class='gallery-icon portrait'>\n\t\t\t\t<a href='https:\/\/aidon.com\/wp-content\/uploads\/2022\/10\/Aidon-6511-front-right-small-72.jpg' title=\"Aidon 6511 \u2013 Enfas kWh-m\u00e4tare f\u00f6r hush\u00e5llsbruk\" data-rl_title=\"Aidon 6511 \u2013 Enfas kWh-m\u00e4tare f\u00f6r hush\u00e5llsbruk\" class=\"rl-gallery-link\" data-rl_caption=\"Aidon 6511 \u2013 Enfas kWh-m\u00e4tare f\u00f6r hush\u00e5llsbruk\" data-rel=\"lightbox-gallery-2\"><img loading=\"lazy\" decoding=\"async\" width=\"223\" height=\"300\" src=\"https:\/\/aidon.com\/wp-content\/uploads\/2022\/10\/Aidon-6511-front-right-small-72-223x300.jpg\" class=\"attachment-medium size-medium\" alt=\"\" aria-describedby=\"gallery-2-2391\" srcset=\"https:\/\/aidon.com\/wp-content\/uploads\/2022\/10\/Aidon-6511-front-right-small-72-223x300.jpg 223w, https:\/\/aidon.com\/wp-content\/uploads\/2022\/10\/Aidon-6511-front-right-small-72-760x1024.jpg 760w, https:\/\/aidon.com\/wp-content\/uploads\/2022\/10\/Aidon-6511-front-right-small-72-768x1035.jpg 768w, https:\/\/aidon.com\/wp-content\/uploads\/2022\/10\/Aidon-6511-front-right-small-72-1140x1536.jpg 1140w, https:\/\/aidon.com\/wp-content\/uploads\/2022\/10\/Aidon-6511-front-right-small-72-1520x2048.jpg 1520w, https:\/\/aidon.com\/wp-content\/uploads\/2022\/10\/Aidon-6511-front-right-small-72-1425x1920.jpg 1425w, https:\/\/aidon.com\/wp-content\/uploads\/2022\/10\/Aidon-6511-front-right-small-72.jpg 1855w\" sizes=\"auto, (max-width: 223px) 100vw, 223px\" \/><\/a>\n\t\t\t<\/div>\n\t\t\t\t<figcaption class='wp-caption-text gallery-caption' id='gallery-2-2391'>\n\t\t\t\tAidon 6511 \u2013 Enfas kWh-m\u00e4tare f\u00f6r hush\u00e5llsbruk\n\t\t\t\t<\/figcaption><\/figure><figure class='gallery-item'>\n\t\t\t<div class='gallery-icon portrait'>\n\t\t\t\t<a href='https:\/\/aidon.com\/wp-content\/uploads\/2022\/10\/Aidon-6534-front-right-small-72.jpg' title=\"Aidon 6534 \u2013 Trefas kWh-m\u00e4tare f\u00f6r hush\u00e5llsbruk\" data-rl_title=\"Aidon 6534 \u2013 Trefas kWh-m\u00e4tare f\u00f6r hush\u00e5llsbruk\" class=\"rl-gallery-link\" data-rl_caption=\"Aidon 6534 \u2013 Trefas kWh-m\u00e4tare f\u00f6r hush\u00e5llsbruk\" data-rel=\"lightbox-gallery-2\"><img loading=\"lazy\" decoding=\"async\" width=\"223\" height=\"300\" src=\"https:\/\/aidon.com\/wp-content\/uploads\/2022\/10\/Aidon-6534-front-right-small-72-223x300.jpg\" class=\"attachment-medium size-medium\" alt=\"\" aria-describedby=\"gallery-2-2406\" srcset=\"https:\/\/aidon.com\/wp-content\/uploads\/2022\/10\/Aidon-6534-front-right-small-72-223x300.jpg 223w, https:\/\/aidon.com\/wp-content\/uploads\/2022\/10\/Aidon-6534-front-right-small-72-760x1024.jpg 760w, https:\/\/aidon.com\/wp-content\/uploads\/2022\/10\/Aidon-6534-front-right-small-72-768x1035.jpg 768w, https:\/\/aidon.com\/wp-content\/uploads\/2022\/10\/Aidon-6534-front-right-small-72.jpg 1104w\" sizes=\"auto, (max-width: 223px) 100vw, 223px\" \/><\/a>\n\t\t\t<\/div>\n\t\t\t\t<figcaption class='wp-caption-text gallery-caption' id='gallery-2-2406'>\n\t\t\t\tAidon 6534 \u2013 Trefas kWh-m\u00e4tare f\u00f6r hush\u00e5llsbruk\n\t\t\t\t<\/figcaption><\/figure><figure class='gallery-item'>\n\t\t\t<div class='gallery-icon portrait'>\n\t\t\t\t<a href='https:\/\/aidon.com\/wp-content\/uploads\/2023\/02\/Aidon-6550-front-right-white-background-small-72.jpg' title=\"Aidon 6550 - Trefas str\u00f6mstransformator&shy;m\u00e4tare f\u00f6r industriellt bruk\" data-rl_title=\"Aidon 6550 - Trefas str\u00f6mstransformator&shy;m\u00e4tare f\u00f6r industriellt bruk\" class=\"rl-gallery-link\" data-rl_caption=\"Aidon 6550 - Trefas str\u00f6mstransformator&shy;m\u00e4tare f\u00f6r industriellt bruk\" data-rel=\"lightbox-gallery-2\"><img loading=\"lazy\" decoding=\"async\" width=\"223\" height=\"300\" src=\"https:\/\/aidon.com\/wp-content\/uploads\/2023\/02\/Aidon-6550-front-right-white-background-small-72-223x300.jpg\" class=\"attachment-medium size-medium\" alt=\"\" aria-describedby=\"gallery-2-6283\" srcset=\"https:\/\/aidon.com\/wp-content\/uploads\/2023\/02\/Aidon-6550-front-right-white-background-small-72-223x300.jpg 223w, https:\/\/aidon.com\/wp-content\/uploads\/2023\/02\/Aidon-6550-front-right-white-background-small-72-760x1024.jpg 760w, https:\/\/aidon.com\/wp-content\/uploads\/2023\/02\/Aidon-6550-front-right-white-background-small-72-768x1035.jpg 768w, https:\/\/aidon.com\/wp-content\/uploads\/2023\/02\/Aidon-6550-front-right-white-background-small-72.jpg 1104w\" sizes=\"auto, (max-width: 223px) 100vw, 223px\" \/><\/a>\n\t\t\t<\/div>\n\t\t\t\t<figcaption class='wp-caption-text gallery-caption' id='gallery-2-6283'>\n\t\t\t\tAidon 6550 &#8211; Trefas str\u00f6mstransformator&shy;m\u00e4tare f\u00f6r industriellt bruk\n\t\t\t\t<\/figcaption><\/figure><figure class='gallery-item'>\n\t\t\t<div class='gallery-icon portrait'>\n\t\t\t\t<a href='https:\/\/aidon.com\/wp-content\/uploads\/2023\/02\/Aidon-6560-front-right-white-background-small-72.jpg' title=\"Aidon 6560 - Trefas str\u00f6mstransformator&shy;m\u00e4tare f\u00f6r industriellt bruk (CT\/VT)\" data-rl_title=\"Aidon 6560 - Trefas str\u00f6mstransformator&shy;m\u00e4tare f\u00f6r industriellt bruk (CT\/VT)\" class=\"rl-gallery-link\" data-rl_caption=\"Aidon 6560 - Trefas str\u00f6mstransformator&shy;m\u00e4tare f\u00f6r industriellt bruk (CT\/VT)\" data-rel=\"lightbox-gallery-2\"><img loading=\"lazy\" decoding=\"async\" width=\"223\" height=\"300\" src=\"https:\/\/aidon.com\/wp-content\/uploads\/2023\/02\/Aidon-6560-front-right-white-background-small-72-223x300.jpg\" class=\"attachment-medium size-medium\" alt=\"\" aria-describedby=\"gallery-2-6287\" srcset=\"https:\/\/aidon.com\/wp-content\/uploads\/2023\/02\/Aidon-6560-front-right-white-background-small-72-223x300.jpg 223w, https:\/\/aidon.com\/wp-content\/uploads\/2023\/02\/Aidon-6560-front-right-white-background-small-72-760x1024.jpg 760w, https:\/\/aidon.com\/wp-content\/uploads\/2023\/02\/Aidon-6560-front-right-white-background-small-72-768x1035.jpg 768w, https:\/\/aidon.com\/wp-content\/uploads\/2023\/02\/Aidon-6560-front-right-white-background-small-72.jpg 1104w\" sizes=\"auto, (max-width: 223px) 100vw, 223px\" \/><\/a>\n\t\t\t<\/div>\n\t\t\t\t<figcaption class='wp-caption-text gallery-caption' id='gallery-2-6287'>\n\t\t\t\tAidon 6560 &#8211; Trefas str\u00f6mstransformator&shy;m\u00e4tare f\u00f6r industriellt bruk (CT\/VT)\n\t\t\t\t<\/figcaption><\/figure>\n\t\t<\/div>\n\n<p>&nbsp;<\/p>\n<h4 id=\"fmd\"><\/h4>\n<p>&nbsp;<\/p>\n<h3>Aidon Feeder Line Measurement Device<\/h3>\n<p><strong>Aidons Feeder Line Measurement Device (FMD) \u00e4r ett tillskott till Aidons l\u00f6sning f\u00f6r \u00f6vervakning av transformatorstationer. Den m\u00f6jligg\u00f6r m\u00e4tning av belastning och andra egenskaper fr\u00e5n varje utg\u00e5ende grupp som \u00e4r ansluten till transformatorstationen. FMD ansluten till Aidons CT-m\u00e4tare (delbara trafos) ger en komplett l\u00f6sning f\u00f6r \u00f6vervakning av n\u00e4tstationer och l\u00e5gsp\u00e4nningsn\u00e4tet.<\/strong><\/p>\n<p>Tack vare sin modul\u00e4ra design kan flera FMD-enheter kopplas ihop f\u00f6r att st\u00f6dja det antal utg\u00e5ende grupper som beh\u00f6vs vid en n\u00e4tstation. Den \u00e4r optimerad f\u00f6r installation i efterhand p\u00e5 befintliga stationer som saknar trafom\u00e4tning, och \u00e4r enkel och smidig att installera av n\u00e4tbolagets egen personal.<\/p>\n<p>Se ocks\u00e5: <a href=\"https:\/\/aidon.com\/sv\/losningar\/smart-grid-intelligence\/\"><strong>Smart Grid Intelligence<\/strong><\/a><\/p>\n<p>Se ocks\u00e5 denna video: <a href=\"https:\/\/aidon.com\/sv\/aidon-trafo-losning-nasta-niva-av-lagspanningsovervakning\/\" rel=\"noopener\"><strong>Aidon TRAFO-l\u00f6sning \u2013 N\u00e4sta niv\u00e5 av l\u00e5gsp\u00e4nnings\u00f6vervakning<\/strong><\/a><\/p>\n<h4>Aidon Feeder Line Measurement Device<\/h4>\n<div id='gallery-3' class='gallery galleryid-3740 gallery-columns-1 gallery-size-medium'><figure class='gallery-item'>\n\t\t\t<div class='gallery-icon landscape'>\n\t\t\t\t<a href='https:\/\/aidon.com\/wp-content\/uploads\/2024\/11\/Aidon-7571-FMD-Mains-Unit-with-LEDs.jpg' title=\"Aidon 7571 FMD\" data-rl_title=\"Aidon 7571 FMD\" class=\"rl-gallery-link\" data-rl_caption=\"Aidon 7571 FMD\" data-rel=\"lightbox-gallery-3\"><img loading=\"lazy\" decoding=\"async\" width=\"300\" height=\"240\" src=\"https:\/\/aidon.com\/wp-content\/uploads\/2024\/11\/Aidon-7571-FMD-Mains-Unit-with-LEDs-300x240.jpg\" class=\"attachment-medium size-medium\" alt=\"\" aria-describedby=\"gallery-3-15763\" srcset=\"https:\/\/aidon.com\/wp-content\/uploads\/2024\/11\/Aidon-7571-FMD-Mains-Unit-with-LEDs-300x240.jpg 300w, https:\/\/aidon.com\/wp-content\/uploads\/2024\/11\/Aidon-7571-FMD-Mains-Unit-with-LEDs-1024x820.jpg 1024w, https:\/\/aidon.com\/wp-content\/uploads\/2024\/11\/Aidon-7571-FMD-Mains-Unit-with-LEDs-768x615.jpg 768w, https:\/\/aidon.com\/wp-content\/uploads\/2024\/11\/Aidon-7571-FMD-Mains-Unit-with-LEDs-1536x1231.jpg 1536w, https:\/\/aidon.com\/wp-content\/uploads\/2024\/11\/Aidon-7571-FMD-Mains-Unit-with-LEDs-2048x1641.jpg 2048w, https:\/\/aidon.com\/wp-content\/uploads\/2024\/11\/Aidon-7571-FMD-Mains-Unit-with-LEDs-1920x1538.jpg 1920w\" sizes=\"auto, (max-width: 300px) 100vw, 300px\" \/><\/a>\n\t\t\t<\/div>\n\t\t\t\t<figcaption class='wp-caption-text gallery-caption' id='gallery-3-15763'>\n\t\t\t\tAidon 7571 FMD\n\t\t\t\t<\/figcaption><\/figure>\n\t\t<\/div>\n\n","protected":false},"excerpt":{"rendered":"<p>Aidons smarta m\u00e4tarenheter Aidons 6000- och 7000-serie smarta m\u00e4tarenheter kombinerar en m\u00e4tare, anslutning, m\u00e5ngsidiga sensorer och gr\u00e4nssnitt med h\u00f6g prestanda. Plattformen \u00e4r drifts\u00e4ker och utformad f\u00f6r att uppfylla de nordiska eln\u00e4tf\u00f6retagens specifikationer och h\u00e5rda krav. Flera f\u00f6rdelar M\u00e4tarenheten har en tydlig design, en robust struktur och den \u00e4r l\u00e4tt att&hellip;<\/p>\n","protected":false},"author":2,"featured_media":430,"parent":3227,"menu_order":0,"comment_status":"closed","ping_status":"closed","template":"page-single-solutions.php","meta":{"_acf_changed":false,"footnotes":""},"class_list":["post-3740","page","type-page","status-publish","has-post-thumbnail","hentry"],"acf":[],"yoast_head":"<!-- This site is optimized with the Yoast SEO plugin v27.0 - https:\/\/yoast.com\/product\/yoast-seo-wordpress\/ -->\n<title>Smarta m\u00e4tare - Aidon<\/title>\n<meta name=\"robots\" content=\"index, follow, max-snippet:-1, max-image-preview:large, max-video-preview:-1\" \/>\n<link rel=\"canonical\" href=\"https:\/\/aidon.com\/sv\/losningar\/smarta-matare\/\" \/>\n<meta property=\"og:locale\" content=\"sv_SE\" \/>\n<meta property=\"og:type\" content=\"article\" \/>\n<meta property=\"og:title\" content=\"Smarta m\u00e4tare - Aidon\" \/>\n<meta property=\"og:description\" content=\"Aidons smarta m\u00e4tarenheter Aidons 6000- och 7000-serie smarta m\u00e4tarenheter kombinerar en m\u00e4tare, anslutning, m\u00e5ngsidiga sensorer och gr\u00e4nssnitt med h\u00f6g prestanda. Plattformen \u00e4r drifts\u00e4ker och utformad f\u00f6r att uppfylla de nordiska eln\u00e4tf\u00f6retagens specifikationer och h\u00e5rda krav. Flera f\u00f6rdelar M\u00e4tarenheten har en tydlig design, en robust struktur och den \u00e4r l\u00e4tt att&hellip;\" \/>\n<meta property=\"og:url\" content=\"https:\/\/aidon.com\/sv\/losningar\/smarta-matare\/\" \/>\n<meta property=\"og:site_name\" content=\"Aidon\" \/>\n<meta property=\"article:modified_time\" content=\"2025-09-30T12:19:14+00:00\" \/>\n<meta property=\"og:image\" content=\"https:\/\/aidon.com\/wp-content\/uploads\/2022\/08\/smartenergy-1.png\" \/>\n\t<meta property=\"og:image:width\" content=\"397\" \/>\n\t<meta property=\"og:image:height\" content=\"397\" \/>\n\t<meta property=\"og:image:type\" content=\"image\/png\" \/>\n<meta name=\"twitter:card\" content=\"summary_large_image\" \/>\n<meta name=\"twitter:label1\" content=\"Ber\u00e4knad l\u00e4stid\" \/>\n\t<meta name=\"twitter:data1\" content=\"3 minuter\" \/>\n<script type=\"application\/ld+json\" class=\"yoast-schema-graph\">{\"@context\":\"https:\/\/schema.org\",\"@graph\":[{\"@type\":\"WebPage\",\"@id\":\"https:\/\/aidon.com\/sv\/losningar\/smarta-matare\/\",\"url\":\"https:\/\/aidon.com\/sv\/losningar\/smarta-matare\/\",\"name\":\"Smarta m\u00e4tare - Aidon\",\"isPartOf\":{\"@id\":\"https:\/\/aidon.com\/sv\/#website\"},\"primaryImageOfPage\":{\"@id\":\"https:\/\/aidon.com\/sv\/losningar\/smarta-matare\/#primaryimage\"},\"image\":{\"@id\":\"https:\/\/aidon.com\/sv\/losningar\/smarta-matare\/#primaryimage\"},\"thumbnailUrl\":\"https:\/\/aidon.com\/wp-content\/uploads\/2022\/08\/smartenergy-1.png\",\"datePublished\":\"2022-08-12T09:04:38+00:00\",\"dateModified\":\"2025-09-30T12:19:14+00:00\",\"breadcrumb\":{\"@id\":\"https:\/\/aidon.com\/sv\/losningar\/smarta-matare\/#breadcrumb\"},\"inLanguage\":\"sv-SE\",\"potentialAction\":[{\"@type\":\"ReadAction\",\"target\":[\"https:\/\/aidon.com\/sv\/losningar\/smarta-matare\/\"]}]},{\"@type\":\"ImageObject\",\"inLanguage\":\"sv-SE\",\"@id\":\"https:\/\/aidon.com\/sv\/losningar\/smarta-matare\/#primaryimage\",\"url\":\"https:\/\/aidon.com\/wp-content\/uploads\/2022\/08\/smartenergy-1.png\",\"contentUrl\":\"https:\/\/aidon.com\/wp-content\/uploads\/2022\/08\/smartenergy-1.png\",\"width\":397,\"height\":397},{\"@type\":\"BreadcrumbList\",\"@id\":\"https:\/\/aidon.com\/sv\/losningar\/smarta-matare\/#breadcrumb\",\"itemListElement\":[{\"@type\":\"ListItem\",\"position\":1,\"name\":\"L\u00f6sningar\",\"item\":\"https:\/\/aidon.com\/sv\/losningar\/\"},{\"@type\":\"ListItem\",\"position\":2,\"name\":\"Smarta m\u00e4tare\"}]},{\"@type\":\"WebSite\",\"@id\":\"https:\/\/aidon.com\/sv\/#website\",\"url\":\"https:\/\/aidon.com\/sv\/\",\"name\":\"Aidon\",\"description\":\"\",\"potentialAction\":[{\"@type\":\"SearchAction\",\"target\":{\"@type\":\"EntryPoint\",\"urlTemplate\":\"https:\/\/aidon.com\/sv\/?s={search_term_string}\"},\"query-input\":{\"@type\":\"PropertyValueSpecification\",\"valueRequired\":true,\"valueName\":\"search_term_string\"}}],\"inLanguage\":\"sv-SE\"}]}<\/script>\n<!-- \/ Yoast SEO plugin. -->","yoast_head_json":{"title":"Smarta m\u00e4tare - Aidon","robots":{"index":"index","follow":"follow","max-snippet":"max-snippet:-1","max-image-preview":"max-image-preview:large","max-video-preview":"max-video-preview:-1"},"canonical":"https:\/\/aidon.com\/sv\/losningar\/smarta-matare\/","og_locale":"sv_SE","og_type":"article","og_title":"Smarta m\u00e4tare - Aidon","og_description":"Aidons smarta m\u00e4tarenheter Aidons 6000- och 7000-serie smarta m\u00e4tarenheter kombinerar en m\u00e4tare, anslutning, m\u00e5ngsidiga sensorer och gr\u00e4nssnitt med h\u00f6g prestanda. Plattformen \u00e4r drifts\u00e4ker och utformad f\u00f6r att uppfylla de nordiska eln\u00e4tf\u00f6retagens specifikationer och h\u00e5rda krav. Flera f\u00f6rdelar M\u00e4tarenheten har en tydlig design, en robust struktur och den \u00e4r l\u00e4tt att&hellip;","og_url":"https:\/\/aidon.com\/sv\/losningar\/smarta-matare\/","og_site_name":"Aidon","article_modified_time":"2025-09-30T12:19:14+00:00","og_image":[{"width":397,"height":397,"url":"https:\/\/aidon.com\/wp-content\/uploads\/2022\/08\/smartenergy-1.png","type":"image\/png"}],"twitter_card":"summary_large_image","twitter_misc":{"Ber\u00e4knad l\u00e4stid":"3 minuter"},"schema":{"@context":"https:\/\/schema.org","@graph":[{"@type":"WebPage","@id":"https:\/\/aidon.com\/sv\/losningar\/smarta-matare\/","url":"https:\/\/aidon.com\/sv\/losningar\/smarta-matare\/","name":"Smarta m\u00e4tare - Aidon","isPartOf":{"@id":"https:\/\/aidon.com\/sv\/#website"},"primaryImageOfPage":{"@id":"https:\/\/aidon.com\/sv\/losningar\/smarta-matare\/#primaryimage"},"image":{"@id":"https:\/\/aidon.com\/sv\/losningar\/smarta-matare\/#primaryimage"},"thumbnailUrl":"https:\/\/aidon.com\/wp-content\/uploads\/2022\/08\/smartenergy-1.png","datePublished":"2022-08-12T09:04:38+00:00","dateModified":"2025-09-30T12:19:14+00:00","breadcrumb":{"@id":"https:\/\/aidon.com\/sv\/losningar\/smarta-matare\/#breadcrumb"},"inLanguage":"sv-SE","potentialAction":[{"@type":"ReadAction","target":["https:\/\/aidon.com\/sv\/losningar\/smarta-matare\/"]}]},{"@type":"ImageObject","inLanguage":"sv-SE","@id":"https:\/\/aidon.com\/sv\/losningar\/smarta-matare\/#primaryimage","url":"https:\/\/aidon.com\/wp-content\/uploads\/2022\/08\/smartenergy-1.png","contentUrl":"https:\/\/aidon.com\/wp-content\/uploads\/2022\/08\/smartenergy-1.png","width":397,"height":397},{"@type":"BreadcrumbList","@id":"https:\/\/aidon.com\/sv\/losningar\/smarta-matare\/#breadcrumb","itemListElement":[{"@type":"ListItem","position":1,"name":"L\u00f6sningar","item":"https:\/\/aidon.com\/sv\/losningar\/"},{"@type":"ListItem","position":2,"name":"Smarta m\u00e4tare"}]},{"@type":"WebSite","@id":"https:\/\/aidon.com\/sv\/#website","url":"https:\/\/aidon.com\/sv\/","name":"Aidon","description":"","potentialAction":[{"@type":"SearchAction","target":{"@type":"EntryPoint","urlTemplate":"https:\/\/aidon.com\/sv\/?s={search_term_string}"},"query-input":{"@type":"PropertyValueSpecification","valueRequired":true,"valueName":"search_term_string"}}],"inLanguage":"sv-SE"}]}},"_links":{"self":[{"href":"https:\/\/aidon.com\/sv\/wp-json\/wp\/v2\/pages\/3740","targetHints":{"allow":["GET"]}}],"collection":[{"href":"https:\/\/aidon.com\/sv\/wp-json\/wp\/v2\/pages"}],"about":[{"href":"https:\/\/aidon.com\/sv\/wp-json\/wp\/v2\/types\/page"}],"author":[{"embeddable":true,"href":"https:\/\/aidon.com\/sv\/wp-json\/wp\/v2\/users\/2"}],"replies":[{"embeddable":true,"href":"https:\/\/aidon.com\/sv\/wp-json\/wp\/v2\/comments?post=3740"}],"version-history":[{"count":27,"href":"https:\/\/aidon.com\/sv\/wp-json\/wp\/v2\/pages\/3740\/revisions"}],"predecessor-version":[{"id":17753,"href":"https:\/\/aidon.com\/sv\/wp-json\/wp\/v2\/pages\/3740\/revisions\/17753"}],"up":[{"embeddable":true,"href":"https:\/\/aidon.com\/sv\/wp-json\/wp\/v2\/pages\/3227"}],"wp:featuredmedia":[{"embeddable":true,"href":"https:\/\/aidon.com\/sv\/wp-json\/wp\/v2\/media\/430"}],"wp:attachment":[{"href":"https:\/\/aidon.com\/sv\/wp-json\/wp\/v2\/media?parent=3740"}],"curies":[{"name":"wp","href":"https:\/\/api.w.org\/{rel}","templated":true}]}}