{"id":3736,"date":"2022-08-10T12:52:49","date_gmt":"2022-08-10T09:52:49","guid":{"rendered":"https:\/\/aidon.com\/?page_id=3736"},"modified":"2026-01-22T16:14:30","modified_gmt":"2026-01-22T14:14:30","slug":"mattjanster-och-system","status":"publish","type":"page","link":"https:\/\/aidon.com\/sv\/losningar\/mattjanster-och-system\/","title":{"rendered":"M\u00e4ttj\u00e4nster och system"},"content":{"rendered":"<p><img loading=\"lazy\" decoding=\"async\" class=\"alignnone wp-image-6414 size-full\" src=\"https:\/\/aidon.com\/wp-content\/uploads\/2023\/02\/Aidon_Metering_Services_and_Systems_web_900.png\" alt=\"\" width=\"900\" height=\"369\" srcset=\"https:\/\/aidon.com\/wp-content\/uploads\/2023\/02\/Aidon_Metering_Services_and_Systems_web_900.png 900w, https:\/\/aidon.com\/wp-content\/uploads\/2023\/02\/Aidon_Metering_Services_and_Systems_web_900-300x123.png 300w, https:\/\/aidon.com\/wp-content\/uploads\/2023\/02\/Aidon_Metering_Services_and_Systems_web_900-768x315.png 768w\" sizes=\"auto, (max-width: 900px) 100vw, 900px\" \/><\/p>\n<p><strong>AMI (Advanced Metering Infrastructure), en viktig del av energidistributionssystemet, ger n\u00f6dv\u00e4ndiga uppgifter f\u00f6r fakturering, samtidigt som energidistribution och processen f\u00f6r underh\u00e5ll av eln\u00e4ten s\u00e4kras.<\/strong><\/p>\n<p>Aidon erbjuder funktionalitet f\u00f6r m\u00e4tning i tre alternativa modeller, fr\u00e5n vilka eln\u00e4tsbolaget kan v\u00e4lja det alternativ som passar den egna driftsmodellen b\u00e4st.<\/p>\n<h4>Metering as a Service (MaaS)<\/h4>\n<p>En helt\u00e4ckande tj\u00e4nst d\u00e4r Aidon ansvarar f\u00f6r kundens m\u00e4tning fr\u00e5n b\u00f6rjan till slut &#8211; fr\u00e5n de enskilda elm\u00e4tarna till n\u00e4tbolagets aff\u00e4rssystem. Denna l\u00f6sning baseras p\u00e5 den moderna tj\u00e4nsteplattformen som utvecklats av Aidon. F\u00f6rdelen med plattformen \u00e4r en h\u00f6g grad av automatisering i kombination med enkel integration med kundens system.<\/p>\n<h4>Aidon ACloud, Software as a Service (SaaS)<\/h4>\n<p>Aidon tar hand om installationen av systemmilj\u00f6n s\u00e5v\u00e4l som drift, underh\u00e5ll under livsl\u00e4ngden och s\u00e4kerhetsuppdateringar. Kunderna hanterar det molnbaserade systemet via ett webbaserat anv\u00e4ndargr\u00e4nssnitt och\/eller ett integrationsgr\u00e4nssnitt.<\/p>\n<h4>Aidon Gateware, hanteras av kunden<\/h4>\n<p>Ett lokalt m\u00e4tsystem som k\u00f6rs i en IT-milj\u00f6 som hanteras och underh\u00e5lls av kunden. Kunden ansvarar f\u00f6r den dagliga driften av systemet. Gateware har ett anv\u00e4ndarv\u00e4nligt, webbaserat gr\u00e4nssnitt som \u00e4r utformat f\u00f6r s\u00f6ml\u00f6s kontroll av verksamheten. Systemet erbjuder moderna och m\u00e5ngsidiga integrationsgr\u00e4nssnitt med kundens \u00f6vriga system.<\/p>\n<p>&nbsp;<\/p>\n<hr \/>\n<p>&nbsp;<\/p>\n<h4>L\u00e4s mer om Aidon MaaS:<\/h4>\n<p>Over 1 million energy metering points in Aidon\u2019s Metering Service<br \/>\n<a href=\"https:\/\/aidon.com\/sv\/over-1-million-energy-metering-points-in-aidons-metering-service\/\" target=\"_blank\" rel=\"noopener\">L\u00e4s pressmeddelandet h\u00e4r<\/a><\/p>\n<p>Aidon erbjuder fj\u00e4rravl\u00e4sningstj\u00e4nst f\u00f6r 170\u00a0000 m\u00e4tpunkter i Helen Eln\u00e4t<br \/>\n<a href=\"https:\/\/aidon.com\/sv\/aidon-erbjuder-fjarravlasningstjanst-for-170-000-matpunkter-i-helen-elnat\/\" target=\"_blank\" rel=\"noopener\">L\u00e4s nyhetartikeln h\u00e4r<\/a><\/p>\n<p>Tv\u00e5 heta \u00e4mnen: chiliodling och m\u00e4tning som tj\u00e4nst<br \/>\n<a href=\"https:\/\/aidon.com\/sv\/tva-heta-amnen-chiliodling-och-matning-som-tjanst\/\" target=\"_blank\" rel=\"noopener\">L\u00e4s h\u00e4r Juha J\u00e4rvenp\u00e4\u00e4s reklektioner<\/a><\/p>\n<p>&nbsp;<\/p>\n","protected":false},"excerpt":{"rendered":"<p>AMI (Advanced Metering Infrastructure), en viktig del av energidistributionssystemet, ger n\u00f6dv\u00e4ndiga uppgifter f\u00f6r fakturering, samtidigt som energidistribution och processen f\u00f6r underh\u00e5ll av eln\u00e4ten s\u00e4kras. Aidon erbjuder funktionalitet f\u00f6r m\u00e4tning i tre alternativa modeller, fr\u00e5n vilka eln\u00e4tsbolaget kan v\u00e4lja det alternativ som passar den egna driftsmodellen b\u00e4st. Metering as a Service&hellip;<\/p>\n","protected":false},"author":2,"featured_media":439,"parent":3227,"menu_order":0,"comment_status":"closed","ping_status":"closed","template":"page-single-solutions.php","meta":{"_acf_changed":false,"footnotes":""},"class_list":["post-3736","page","type-page","status-publish","has-post-thumbnail","hentry"],"acf":[],"yoast_head":"<!-- This site is optimized with the Yoast SEO plugin v27.0 - https:\/\/yoast.com\/product\/yoast-seo-wordpress\/ -->\n<title>M\u00e4ttj\u00e4nster och system - Aidon<\/title>\n<meta name=\"robots\" content=\"index, follow, max-snippet:-1, max-image-preview:large, max-video-preview:-1\" \/>\n<link rel=\"canonical\" href=\"https:\/\/aidon.com\/sv\/losningar\/mattjanster-och-system\/\" \/>\n<meta property=\"og:locale\" content=\"sv_SE\" \/>\n<meta property=\"og:type\" content=\"article\" \/>\n<meta property=\"og:title\" content=\"M\u00e4ttj\u00e4nster och system - Aidon\" \/>\n<meta property=\"og:description\" content=\"AMI (Advanced Metering Infrastructure), en viktig del av energidistributionssystemet, ger n\u00f6dv\u00e4ndiga uppgifter f\u00f6r fakturering, samtidigt som energidistribution och processen f\u00f6r underh\u00e5ll av eln\u00e4ten s\u00e4kras. Aidon erbjuder funktionalitet f\u00f6r m\u00e4tning i tre alternativa modeller, fr\u00e5n vilka eln\u00e4tsbolaget kan v\u00e4lja det alternativ som passar den egna driftsmodellen b\u00e4st. Metering as a Service&hellip;\" \/>\n<meta property=\"og:url\" content=\"https:\/\/aidon.com\/sv\/losningar\/mattjanster-och-system\/\" \/>\n<meta property=\"og:site_name\" content=\"Aidon\" \/>\n<meta property=\"article:modified_time\" content=\"2026-01-22T14:14:30+00:00\" \/>\n<meta property=\"og:image\" content=\"https:\/\/aidon.com\/wp-content\/uploads\/2022\/08\/metering-2.png\" \/>\n\t<meta property=\"og:image:width\" content=\"397\" \/>\n\t<meta property=\"og:image:height\" content=\"397\" \/>\n\t<meta property=\"og:image:type\" content=\"image\/png\" \/>\n<meta name=\"twitter:card\" content=\"summary_large_image\" \/>\n<meta name=\"twitter:label1\" content=\"Ber\u00e4knad l\u00e4stid\" \/>\n\t<meta name=\"twitter:data1\" content=\"2 minuter\" \/>\n<script type=\"application\/ld+json\" class=\"yoast-schema-graph\">{\"@context\":\"https:\/\/schema.org\",\"@graph\":[{\"@type\":\"WebPage\",\"@id\":\"https:\/\/aidon.com\/sv\/losningar\/mattjanster-och-system\/\",\"url\":\"https:\/\/aidon.com\/sv\/losningar\/mattjanster-och-system\/\",\"name\":\"M\u00e4ttj\u00e4nster och system - Aidon\",\"isPartOf\":{\"@id\":\"https:\/\/aidon.com\/sv\/#website\"},\"primaryImageOfPage\":{\"@id\":\"https:\/\/aidon.com\/sv\/losningar\/mattjanster-och-system\/#primaryimage\"},\"image\":{\"@id\":\"https:\/\/aidon.com\/sv\/losningar\/mattjanster-och-system\/#primaryimage\"},\"thumbnailUrl\":\"https:\/\/aidon.com\/wp-content\/uploads\/2022\/08\/metering-2.png\",\"datePublished\":\"2022-08-10T09:52:49+00:00\",\"dateModified\":\"2026-01-22T14:14:30+00:00\",\"breadcrumb\":{\"@id\":\"https:\/\/aidon.com\/sv\/losningar\/mattjanster-och-system\/#breadcrumb\"},\"inLanguage\":\"sv-SE\",\"potentialAction\":[{\"@type\":\"ReadAction\",\"target\":[\"https:\/\/aidon.com\/sv\/losningar\/mattjanster-och-system\/\"]}]},{\"@type\":\"ImageObject\",\"inLanguage\":\"sv-SE\",\"@id\":\"https:\/\/aidon.com\/sv\/losningar\/mattjanster-och-system\/#primaryimage\",\"url\":\"https:\/\/aidon.com\/wp-content\/uploads\/2022\/08\/metering-2.png\",\"contentUrl\":\"https:\/\/aidon.com\/wp-content\/uploads\/2022\/08\/metering-2.png\",\"width\":397,\"height\":397},{\"@type\":\"BreadcrumbList\",\"@id\":\"https:\/\/aidon.com\/sv\/losningar\/mattjanster-och-system\/#breadcrumb\",\"itemListElement\":[{\"@type\":\"ListItem\",\"position\":1,\"name\":\"L\u00f6sningar\",\"item\":\"https:\/\/aidon.com\/sv\/losningar\/\"},{\"@type\":\"ListItem\",\"position\":2,\"name\":\"M\u00e4ttj\u00e4nster och system\"}]},{\"@type\":\"WebSite\",\"@id\":\"https:\/\/aidon.com\/sv\/#website\",\"url\":\"https:\/\/aidon.com\/sv\/\",\"name\":\"Aidon\",\"description\":\"\",\"potentialAction\":[{\"@type\":\"SearchAction\",\"target\":{\"@type\":\"EntryPoint\",\"urlTemplate\":\"https:\/\/aidon.com\/sv\/?s={search_term_string}\"},\"query-input\":{\"@type\":\"PropertyValueSpecification\",\"valueRequired\":true,\"valueName\":\"search_term_string\"}}],\"inLanguage\":\"sv-SE\"}]}<\/script>\n<!-- \/ Yoast SEO plugin. -->","yoast_head_json":{"title":"M\u00e4ttj\u00e4nster och system - Aidon","robots":{"index":"index","follow":"follow","max-snippet":"max-snippet:-1","max-image-preview":"max-image-preview:large","max-video-preview":"max-video-preview:-1"},"canonical":"https:\/\/aidon.com\/sv\/losningar\/mattjanster-och-system\/","og_locale":"sv_SE","og_type":"article","og_title":"M\u00e4ttj\u00e4nster och system - Aidon","og_description":"AMI (Advanced Metering Infrastructure), en viktig del av energidistributionssystemet, ger n\u00f6dv\u00e4ndiga uppgifter f\u00f6r fakturering, samtidigt som energidistribution och processen f\u00f6r underh\u00e5ll av eln\u00e4ten s\u00e4kras. Aidon erbjuder funktionalitet f\u00f6r m\u00e4tning i tre alternativa modeller, fr\u00e5n vilka eln\u00e4tsbolaget kan v\u00e4lja det alternativ som passar den egna driftsmodellen b\u00e4st. Metering as a Service&hellip;","og_url":"https:\/\/aidon.com\/sv\/losningar\/mattjanster-och-system\/","og_site_name":"Aidon","article_modified_time":"2026-01-22T14:14:30+00:00","og_image":[{"width":397,"height":397,"url":"https:\/\/aidon.com\/wp-content\/uploads\/2022\/08\/metering-2.png","type":"image\/png"}],"twitter_card":"summary_large_image","twitter_misc":{"Ber\u00e4knad l\u00e4stid":"2 minuter"},"schema":{"@context":"https:\/\/schema.org","@graph":[{"@type":"WebPage","@id":"https:\/\/aidon.com\/sv\/losningar\/mattjanster-och-system\/","url":"https:\/\/aidon.com\/sv\/losningar\/mattjanster-och-system\/","name":"M\u00e4ttj\u00e4nster och system - Aidon","isPartOf":{"@id":"https:\/\/aidon.com\/sv\/#website"},"primaryImageOfPage":{"@id":"https:\/\/aidon.com\/sv\/losningar\/mattjanster-och-system\/#primaryimage"},"image":{"@id":"https:\/\/aidon.com\/sv\/losningar\/mattjanster-och-system\/#primaryimage"},"thumbnailUrl":"https:\/\/aidon.com\/wp-content\/uploads\/2022\/08\/metering-2.png","datePublished":"2022-08-10T09:52:49+00:00","dateModified":"2026-01-22T14:14:30+00:00","breadcrumb":{"@id":"https:\/\/aidon.com\/sv\/losningar\/mattjanster-och-system\/#breadcrumb"},"inLanguage":"sv-SE","potentialAction":[{"@type":"ReadAction","target":["https:\/\/aidon.com\/sv\/losningar\/mattjanster-och-system\/"]}]},{"@type":"ImageObject","inLanguage":"sv-SE","@id":"https:\/\/aidon.com\/sv\/losningar\/mattjanster-och-system\/#primaryimage","url":"https:\/\/aidon.com\/wp-content\/uploads\/2022\/08\/metering-2.png","contentUrl":"https:\/\/aidon.com\/wp-content\/uploads\/2022\/08\/metering-2.png","width":397,"height":397},{"@type":"BreadcrumbList","@id":"https:\/\/aidon.com\/sv\/losningar\/mattjanster-och-system\/#breadcrumb","itemListElement":[{"@type":"ListItem","position":1,"name":"L\u00f6sningar","item":"https:\/\/aidon.com\/sv\/losningar\/"},{"@type":"ListItem","position":2,"name":"M\u00e4ttj\u00e4nster och system"}]},{"@type":"WebSite","@id":"https:\/\/aidon.com\/sv\/#website","url":"https:\/\/aidon.com\/sv\/","name":"Aidon","description":"","potentialAction":[{"@type":"SearchAction","target":{"@type":"EntryPoint","urlTemplate":"https:\/\/aidon.com\/sv\/?s={search_term_string}"},"query-input":{"@type":"PropertyValueSpecification","valueRequired":true,"valueName":"search_term_string"}}],"inLanguage":"sv-SE"}]}},"_links":{"self":[{"href":"https:\/\/aidon.com\/sv\/wp-json\/wp\/v2\/pages\/3736","targetHints":{"allow":["GET"]}}],"collection":[{"href":"https:\/\/aidon.com\/sv\/wp-json\/wp\/v2\/pages"}],"about":[{"href":"https:\/\/aidon.com\/sv\/wp-json\/wp\/v2\/types\/page"}],"author":[{"embeddable":true,"href":"https:\/\/aidon.com\/sv\/wp-json\/wp\/v2\/users\/2"}],"replies":[{"embeddable":true,"href":"https:\/\/aidon.com\/sv\/wp-json\/wp\/v2\/comments?post=3736"}],"version-history":[{"count":14,"href":"https:\/\/aidon.com\/sv\/wp-json\/wp\/v2\/pages\/3736\/revisions"}],"predecessor-version":[{"id":18442,"href":"https:\/\/aidon.com\/sv\/wp-json\/wp\/v2\/pages\/3736\/revisions\/18442"}],"up":[{"embeddable":true,"href":"https:\/\/aidon.com\/sv\/wp-json\/wp\/v2\/pages\/3227"}],"wp:featuredmedia":[{"embeddable":true,"href":"https:\/\/aidon.com\/sv\/wp-json\/wp\/v2\/media\/439"}],"wp:attachment":[{"href":"https:\/\/aidon.com\/sv\/wp-json\/wp\/v2\/media?parent=3736"}],"curies":[{"name":"wp","href":"https:\/\/api.w.org\/{rel}","templated":true}]}}