{"id":3732,"date":"2022-08-26T12:40:40","date_gmt":"2022-08-26T09:40:40","guid":{"rendered":"https:\/\/aidon.com\/?page_id=3732"},"modified":"2023-01-19T11:23:48","modified_gmt":"2023-01-19T11:23:48","slug":"hallbarhet","status":"publish","type":"page","link":"https:\/\/aidon.com\/sv\/hallbarhet\/","title":{"rendered":"H\u00e5llbarhet"},"content":{"rendered":"<h2>H\u00e5llbarhet ligger i k\u00e4rnan av Aidons aff\u00e4r<\/h2>\n<p><strong>Vi har ett starkt engagemang att bidra till en h\u00e5llbar utveckling hos v\u00e5ra kunder och i samh\u00e4llet i stort.<\/strong><\/p>\n<p>V\u00e5ra l\u00f6sningar \u00e4r utvecklade f\u00f6r att st\u00f6dja omst\u00e4llningen av energisystemet och f\u00f6r att skapa v\u00e4rde f\u00f6r v\u00e5ra kunder och konsumenterna. D\u00e4rf\u00f6r finns h\u00e5llbarhet i k\u00e4rnan av hela v\u00e5r verksamhet.<\/p>\n<p>F\u00f6r oss inneb\u00e4r h\u00e5llbarhet fr\u00e5gor kring milj\u00f6, samh\u00e4llsansvar och bolagsstyrning. Det f\u00e5ngas i v\u00e5r tagline: <strong>&#8221;Enabling Smart Energy Lifestyles&#8221;<\/strong>.<\/p>\n","protected":false},"excerpt":{"rendered":"<p>Vi skapar h\u00e5llbara l\u00f6sningar f\u00f6r en energismart livsstil.<\/p>\n","protected":false},"author":2,"featured_media":1493,"parent":0,"menu_order":0,"comment_status":"closed","ping_status":"closed","template":"","meta":{"_acf_changed":false,"footnotes":""},"class_list":["post-3732","page","type-page","status-publish","has-post-thumbnail","hentry"],"acf":[],"yoast_head":"<!-- This site is optimized with the Yoast SEO plugin v27.0 - https:\/\/yoast.com\/product\/yoast-seo-wordpress\/ -->\n<title>H\u00e5llbarhet - Aidon<\/title>\n<meta name=\"robots\" content=\"index, follow, max-snippet:-1, max-image-preview:large, max-video-preview:-1\" \/>\n<link rel=\"canonical\" href=\"https:\/\/aidon.com\/sv\/hallbarhet\/\" \/>\n<meta property=\"og:locale\" content=\"sv_SE\" \/>\n<meta property=\"og:type\" content=\"article\" \/>\n<meta property=\"og:title\" content=\"H\u00e5llbarhet - Aidon\" \/>\n<meta property=\"og:description\" content=\"Vi skapar h\u00e5llbara l\u00f6sningar f\u00f6r en energismart livsstil.\" \/>\n<meta property=\"og:url\" content=\"https:\/\/aidon.com\/sv\/hallbarhet\/\" \/>\n<meta property=\"og:site_name\" content=\"Aidon\" \/>\n<meta property=\"article:modified_time\" content=\"2023-01-19T11:23:48+00:00\" \/>\n<meta property=\"og:image\" content=\"https:\/\/aidon.com\/wp-content\/uploads\/2022\/10\/Aidon_Sundsvall_24X_RGB_1920x1080_2.jpg\" \/>\n\t<meta property=\"og:image:width\" content=\"1920\" \/>\n\t<meta property=\"og:image:height\" content=\"1080\" \/>\n\t<meta property=\"og:image:type\" content=\"image\/jpeg\" \/>\n<meta name=\"twitter:card\" content=\"summary_large_image\" \/>\n<meta name=\"twitter:label1\" content=\"Ber\u00e4knad l\u00e4stid\" \/>\n\t<meta name=\"twitter:data1\" content=\"1 minut\" \/>\n<script type=\"application\/ld+json\" class=\"yoast-schema-graph\">{\"@context\":\"https:\/\/schema.org\",\"@graph\":[{\"@type\":\"WebPage\",\"@id\":\"https:\/\/aidon.com\/sv\/hallbarhet\/\",\"url\":\"https:\/\/aidon.com\/sv\/hallbarhet\/\",\"name\":\"H\u00e5llbarhet - Aidon\",\"isPartOf\":{\"@id\":\"https:\/\/aidon.com\/sv\/#website\"},\"primaryImageOfPage\":{\"@id\":\"https:\/\/aidon.com\/sv\/hallbarhet\/#primaryimage\"},\"image\":{\"@id\":\"https:\/\/aidon.com\/sv\/hallbarhet\/#primaryimage\"},\"thumbnailUrl\":\"https:\/\/aidon.com\/wp-content\/uploads\/2022\/10\/Aidon_Sundsvall_24X_RGB_1920x1080_2.jpg\",\"datePublished\":\"2022-08-26T09:40:40+00:00\",\"dateModified\":\"2023-01-19T11:23:48+00:00\",\"inLanguage\":\"sv-SE\",\"potentialAction\":[{\"@type\":\"ReadAction\",\"target\":[\"https:\/\/aidon.com\/sv\/hallbarhet\/\"]}]},{\"@type\":\"ImageObject\",\"inLanguage\":\"sv-SE\",\"@id\":\"https:\/\/aidon.com\/sv\/hallbarhet\/#primaryimage\",\"url\":\"https:\/\/aidon.com\/wp-content\/uploads\/2022\/10\/Aidon_Sundsvall_24X_RGB_1920x1080_2.jpg\",\"contentUrl\":\"https:\/\/aidon.com\/wp-content\/uploads\/2022\/10\/Aidon_Sundsvall_24X_RGB_1920x1080_2.jpg\",\"width\":1920,\"height\":1080},{\"@type\":\"WebSite\",\"@id\":\"https:\/\/aidon.com\/sv\/#website\",\"url\":\"https:\/\/aidon.com\/sv\/\",\"name\":\"Aidon\",\"description\":\"\",\"potentialAction\":[{\"@type\":\"SearchAction\",\"target\":{\"@type\":\"EntryPoint\",\"urlTemplate\":\"https:\/\/aidon.com\/sv\/?s={search_term_string}\"},\"query-input\":{\"@type\":\"PropertyValueSpecification\",\"valueRequired\":true,\"valueName\":\"search_term_string\"}}],\"inLanguage\":\"sv-SE\"}]}<\/script>\n<!-- \/ Yoast SEO plugin. -->","yoast_head_json":{"title":"H\u00e5llbarhet - Aidon","robots":{"index":"index","follow":"follow","max-snippet":"max-snippet:-1","max-image-preview":"max-image-preview:large","max-video-preview":"max-video-preview:-1"},"canonical":"https:\/\/aidon.com\/sv\/hallbarhet\/","og_locale":"sv_SE","og_type":"article","og_title":"H\u00e5llbarhet - Aidon","og_description":"Vi skapar h\u00e5llbara l\u00f6sningar f\u00f6r en energismart livsstil.","og_url":"https:\/\/aidon.com\/sv\/hallbarhet\/","og_site_name":"Aidon","article_modified_time":"2023-01-19T11:23:48+00:00","og_image":[{"width":1920,"height":1080,"url":"https:\/\/aidon.com\/wp-content\/uploads\/2022\/10\/Aidon_Sundsvall_24X_RGB_1920x1080_2.jpg","type":"image\/jpeg"}],"twitter_card":"summary_large_image","twitter_misc":{"Ber\u00e4knad l\u00e4stid":"1 minut"},"schema":{"@context":"https:\/\/schema.org","@graph":[{"@type":"WebPage","@id":"https:\/\/aidon.com\/sv\/hallbarhet\/","url":"https:\/\/aidon.com\/sv\/hallbarhet\/","name":"H\u00e5llbarhet - Aidon","isPartOf":{"@id":"https:\/\/aidon.com\/sv\/#website"},"primaryImageOfPage":{"@id":"https:\/\/aidon.com\/sv\/hallbarhet\/#primaryimage"},"image":{"@id":"https:\/\/aidon.com\/sv\/hallbarhet\/#primaryimage"},"thumbnailUrl":"https:\/\/aidon.com\/wp-content\/uploads\/2022\/10\/Aidon_Sundsvall_24X_RGB_1920x1080_2.jpg","datePublished":"2022-08-26T09:40:40+00:00","dateModified":"2023-01-19T11:23:48+00:00","inLanguage":"sv-SE","potentialAction":[{"@type":"ReadAction","target":["https:\/\/aidon.com\/sv\/hallbarhet\/"]}]},{"@type":"ImageObject","inLanguage":"sv-SE","@id":"https:\/\/aidon.com\/sv\/hallbarhet\/#primaryimage","url":"https:\/\/aidon.com\/wp-content\/uploads\/2022\/10\/Aidon_Sundsvall_24X_RGB_1920x1080_2.jpg","contentUrl":"https:\/\/aidon.com\/wp-content\/uploads\/2022\/10\/Aidon_Sundsvall_24X_RGB_1920x1080_2.jpg","width":1920,"height":1080},{"@type":"WebSite","@id":"https:\/\/aidon.com\/sv\/#website","url":"https:\/\/aidon.com\/sv\/","name":"Aidon","description":"","potentialAction":[{"@type":"SearchAction","target":{"@type":"EntryPoint","urlTemplate":"https:\/\/aidon.com\/sv\/?s={search_term_string}"},"query-input":{"@type":"PropertyValueSpecification","valueRequired":true,"valueName":"search_term_string"}}],"inLanguage":"sv-SE"}]}},"_links":{"self":[{"href":"https:\/\/aidon.com\/sv\/wp-json\/wp\/v2\/pages\/3732","targetHints":{"allow":["GET"]}}],"collection":[{"href":"https:\/\/aidon.com\/sv\/wp-json\/wp\/v2\/pages"}],"about":[{"href":"https:\/\/aidon.com\/sv\/wp-json\/wp\/v2\/types\/page"}],"author":[{"embeddable":true,"href":"https:\/\/aidon.com\/sv\/wp-json\/wp\/v2\/users\/2"}],"replies":[{"embeddable":true,"href":"https:\/\/aidon.com\/sv\/wp-json\/wp\/v2\/comments?post=3732"}],"version-history":[{"count":5,"href":"https:\/\/aidon.com\/sv\/wp-json\/wp\/v2\/pages\/3732\/revisions"}],"predecessor-version":[{"id":4832,"href":"https:\/\/aidon.com\/sv\/wp-json\/wp\/v2\/pages\/3732\/revisions\/4832"}],"wp:featuredmedia":[{"embeddable":true,"href":"https:\/\/aidon.com\/sv\/wp-json\/wp\/v2\/media\/1493"}],"wp:attachment":[{"href":"https:\/\/aidon.com\/sv\/wp-json\/wp\/v2\/media?parent=3732"}],"curies":[{"name":"wp","href":"https:\/\/api.w.org\/{rel}","templated":true}]}}