{"id":3229,"date":"2022-08-24T09:45:26","date_gmt":"2022-08-24T09:45:26","guid":{"rendered":"https:\/\/aidon.com\/?page_id=3229"},"modified":"2023-02-02T15:49:43","modified_gmt":"2023-02-02T15:49:43","slug":"kunder","status":"publish","type":"page","link":"https:\/\/aidon.com\/sv\/kunder\/","title":{"rendered":"Kunder"},"content":{"rendered":"<h2>Vi vill skapa l\u00e5ngsiktigt v\u00e4rde f\u00f6r v\u00e5ra kunder<\/h2>\n<p><strong>Alltsedan starten 2004 har vi hj\u00e4lpt v\u00e5ra kunder, eln\u00e4tsf\u00f6retagen, att \u00f6ka tillf\u00f6rlitligheten i eldistributionen och hantera de stora f\u00f6r\u00e4ndringar som p\u00e5g\u00e5r inom energisektorn. Aidons kunder \u00e4r stora regionala eln\u00e4tsf\u00f6retag s\u00e5v\u00e4l som mindre lokala energibolag.<\/strong><\/p>\n<p>Genom att anv\u00e4nda den senaste teknologin, i kombination med en l\u00f6pande dialog med v\u00e5ra kunder hj\u00e4lper vi dem att uppfylla sitt ansvar: att s\u00e4kerst\u00e4lla en felfri leverans av el till slutkund. Med v\u00e5ra l\u00f6sningar bidrar vi samtidigt till \u00f6kad resurseffektivitet, att kunna hantera f\u00f6rnybar energi i systemet och l\u00e5ngsiktigt h\u00e5llbara investeringar.<\/p>\n<p>L\u00e4s mer i v\u00e5ra kundcase och nyheter nedan.<\/p>\n<p>&nbsp;<\/p>\n","protected":false},"excerpt":{"rendered":"<p>Vi vill skapa l\u00e5ngsiktigt v\u00e4rde f\u00f6r v\u00e5ra kunder Alltsedan starten 2004 har vi hj\u00e4lpt v\u00e5ra kunder, eln\u00e4tsf\u00f6retagen, att \u00f6ka tillf\u00f6rlitligheten i eldistributionen och hantera de stora f\u00f6r\u00e4ndringar som p\u00e5g\u00e5r inom energisektorn. Aidons kunder \u00e4r stora regionala eln\u00e4tsf\u00f6retag s\u00e5v\u00e4l som mindre lokala energibolag. Genom att anv\u00e4nda den senaste teknologin, i kombination&hellip;<\/p>\n","protected":false},"author":2,"featured_media":952,"parent":0,"menu_order":0,"comment_status":"closed","ping_status":"closed","template":"page-customers.php","meta":{"_acf_changed":false,"footnotes":""},"class_list":["post-3229","page","type-page","status-publish","has-post-thumbnail","hentry"],"acf":[],"yoast_head":"<!-- This site is optimized with the Yoast SEO plugin v27.0 - https:\/\/yoast.com\/product\/yoast-seo-wordpress\/ -->\n<title>Kunder - Aidon<\/title>\n<meta name=\"robots\" content=\"index, follow, max-snippet:-1, max-image-preview:large, max-video-preview:-1\" \/>\n<link rel=\"canonical\" href=\"https:\/\/aidon.com\/sv\/kunder\/\" \/>\n<meta property=\"og:locale\" content=\"sv_SE\" \/>\n<meta property=\"og:type\" content=\"article\" \/>\n<meta property=\"og:title\" content=\"Kunder - Aidon\" \/>\n<meta property=\"og:description\" content=\"Vi vill skapa l\u00e5ngsiktigt v\u00e4rde f\u00f6r v\u00e5ra kunder Alltsedan starten 2004 har vi hj\u00e4lpt v\u00e5ra kunder, eln\u00e4tsf\u00f6retagen, att \u00f6ka tillf\u00f6rlitligheten i eldistributionen och hantera de stora f\u00f6r\u00e4ndringar som p\u00e5g\u00e5r inom energisektorn. Aidons kunder \u00e4r stora regionala eln\u00e4tsf\u00f6retag s\u00e5v\u00e4l som mindre lokala energibolag. Genom att anv\u00e4nda den senaste teknologin, i kombination&hellip;\" \/>\n<meta property=\"og:url\" content=\"https:\/\/aidon.com\/sv\/kunder\/\" \/>\n<meta property=\"og:site_name\" content=\"Aidon\" \/>\n<meta property=\"article:modified_time\" content=\"2023-02-02T15:49:43+00:00\" \/>\n<meta property=\"og:image\" content=\"https:\/\/aidon.com\/wp-content\/uploads\/2022\/09\/Aidon_Helsinki_Toolo_24x_small_RGB2.jpg\" \/>\n\t<meta property=\"og:image:width\" content=\"2000\" \/>\n\t<meta property=\"og:image:height\" content=\"1300\" \/>\n\t<meta property=\"og:image:type\" content=\"image\/jpeg\" \/>\n<meta name=\"twitter:card\" content=\"summary_large_image\" \/>\n<meta name=\"twitter:label1\" content=\"Ber\u00e4knad l\u00e4stid\" \/>\n\t<meta name=\"twitter:data1\" content=\"1 minut\" \/>\n<script type=\"application\/ld+json\" class=\"yoast-schema-graph\">{\"@context\":\"https:\/\/schema.org\",\"@graph\":[{\"@type\":\"WebPage\",\"@id\":\"https:\/\/aidon.com\/sv\/kunder\/\",\"url\":\"https:\/\/aidon.com\/sv\/kunder\/\",\"name\":\"Kunder - Aidon\",\"isPartOf\":{\"@id\":\"https:\/\/aidon.com\/sv\/#website\"},\"primaryImageOfPage\":{\"@id\":\"https:\/\/aidon.com\/sv\/kunder\/#primaryimage\"},\"image\":{\"@id\":\"https:\/\/aidon.com\/sv\/kunder\/#primaryimage\"},\"thumbnailUrl\":\"https:\/\/aidon.com\/wp-content\/uploads\/2022\/09\/Aidon_Helsinki_Toolo_24x_small_RGB2.jpg\",\"datePublished\":\"2022-08-24T09:45:26+00:00\",\"dateModified\":\"2023-02-02T15:49:43+00:00\",\"inLanguage\":\"sv-SE\",\"potentialAction\":[{\"@type\":\"ReadAction\",\"target\":[\"https:\/\/aidon.com\/sv\/kunder\/\"]}]},{\"@type\":\"ImageObject\",\"inLanguage\":\"sv-SE\",\"@id\":\"https:\/\/aidon.com\/sv\/kunder\/#primaryimage\",\"url\":\"https:\/\/aidon.com\/wp-content\/uploads\/2022\/09\/Aidon_Helsinki_Toolo_24x_small_RGB2.jpg\",\"contentUrl\":\"https:\/\/aidon.com\/wp-content\/uploads\/2022\/09\/Aidon_Helsinki_Toolo_24x_small_RGB2.jpg\",\"width\":2000,\"height\":1300},{\"@type\":\"WebSite\",\"@id\":\"https:\/\/aidon.com\/sv\/#website\",\"url\":\"https:\/\/aidon.com\/sv\/\",\"name\":\"Aidon\",\"description\":\"\",\"potentialAction\":[{\"@type\":\"SearchAction\",\"target\":{\"@type\":\"EntryPoint\",\"urlTemplate\":\"https:\/\/aidon.com\/sv\/?s={search_term_string}\"},\"query-input\":{\"@type\":\"PropertyValueSpecification\",\"valueRequired\":true,\"valueName\":\"search_term_string\"}}],\"inLanguage\":\"sv-SE\"}]}<\/script>\n<!-- \/ Yoast SEO plugin. -->","yoast_head_json":{"title":"Kunder - Aidon","robots":{"index":"index","follow":"follow","max-snippet":"max-snippet:-1","max-image-preview":"max-image-preview:large","max-video-preview":"max-video-preview:-1"},"canonical":"https:\/\/aidon.com\/sv\/kunder\/","og_locale":"sv_SE","og_type":"article","og_title":"Kunder - Aidon","og_description":"Vi vill skapa l\u00e5ngsiktigt v\u00e4rde f\u00f6r v\u00e5ra kunder Alltsedan starten 2004 har vi hj\u00e4lpt v\u00e5ra kunder, eln\u00e4tsf\u00f6retagen, att \u00f6ka tillf\u00f6rlitligheten i eldistributionen och hantera de stora f\u00f6r\u00e4ndringar som p\u00e5g\u00e5r inom energisektorn. Aidons kunder \u00e4r stora regionala eln\u00e4tsf\u00f6retag s\u00e5v\u00e4l som mindre lokala energibolag. Genom att anv\u00e4nda den senaste teknologin, i kombination&hellip;","og_url":"https:\/\/aidon.com\/sv\/kunder\/","og_site_name":"Aidon","article_modified_time":"2023-02-02T15:49:43+00:00","og_image":[{"width":2000,"height":1300,"url":"https:\/\/aidon.com\/wp-content\/uploads\/2022\/09\/Aidon_Helsinki_Toolo_24x_small_RGB2.jpg","type":"image\/jpeg"}],"twitter_card":"summary_large_image","twitter_misc":{"Ber\u00e4knad l\u00e4stid":"1 minut"},"schema":{"@context":"https:\/\/schema.org","@graph":[{"@type":"WebPage","@id":"https:\/\/aidon.com\/sv\/kunder\/","url":"https:\/\/aidon.com\/sv\/kunder\/","name":"Kunder - Aidon","isPartOf":{"@id":"https:\/\/aidon.com\/sv\/#website"},"primaryImageOfPage":{"@id":"https:\/\/aidon.com\/sv\/kunder\/#primaryimage"},"image":{"@id":"https:\/\/aidon.com\/sv\/kunder\/#primaryimage"},"thumbnailUrl":"https:\/\/aidon.com\/wp-content\/uploads\/2022\/09\/Aidon_Helsinki_Toolo_24x_small_RGB2.jpg","datePublished":"2022-08-24T09:45:26+00:00","dateModified":"2023-02-02T15:49:43+00:00","inLanguage":"sv-SE","potentialAction":[{"@type":"ReadAction","target":["https:\/\/aidon.com\/sv\/kunder\/"]}]},{"@type":"ImageObject","inLanguage":"sv-SE","@id":"https:\/\/aidon.com\/sv\/kunder\/#primaryimage","url":"https:\/\/aidon.com\/wp-content\/uploads\/2022\/09\/Aidon_Helsinki_Toolo_24x_small_RGB2.jpg","contentUrl":"https:\/\/aidon.com\/wp-content\/uploads\/2022\/09\/Aidon_Helsinki_Toolo_24x_small_RGB2.jpg","width":2000,"height":1300},{"@type":"WebSite","@id":"https:\/\/aidon.com\/sv\/#website","url":"https:\/\/aidon.com\/sv\/","name":"Aidon","description":"","potentialAction":[{"@type":"SearchAction","target":{"@type":"EntryPoint","urlTemplate":"https:\/\/aidon.com\/sv\/?s={search_term_string}"},"query-input":{"@type":"PropertyValueSpecification","valueRequired":true,"valueName":"search_term_string"}}],"inLanguage":"sv-SE"}]}},"_links":{"self":[{"href":"https:\/\/aidon.com\/sv\/wp-json\/wp\/v2\/pages\/3229","targetHints":{"allow":["GET"]}}],"collection":[{"href":"https:\/\/aidon.com\/sv\/wp-json\/wp\/v2\/pages"}],"about":[{"href":"https:\/\/aidon.com\/sv\/wp-json\/wp\/v2\/types\/page"}],"author":[{"embeddable":true,"href":"https:\/\/aidon.com\/sv\/wp-json\/wp\/v2\/users\/2"}],"replies":[{"embeddable":true,"href":"https:\/\/aidon.com\/sv\/wp-json\/wp\/v2\/comments?post=3229"}],"version-history":[{"count":4,"href":"https:\/\/aidon.com\/sv\/wp-json\/wp\/v2\/pages\/3229\/revisions"}],"predecessor-version":[{"id":6152,"href":"https:\/\/aidon.com\/sv\/wp-json\/wp\/v2\/pages\/3229\/revisions\/6152"}],"wp:featuredmedia":[{"embeddable":true,"href":"https:\/\/aidon.com\/sv\/wp-json\/wp\/v2\/media\/952"}],"wp:attachment":[{"href":"https:\/\/aidon.com\/sv\/wp-json\/wp\/v2\/media?parent=3229"}],"curies":[{"name":"wp","href":"https:\/\/api.w.org\/{rel}","templated":true}]}}