{"id":3227,"date":"2022-08-10T11:48:41","date_gmt":"2022-08-10T08:48:41","guid":{"rendered":"https:\/\/aidon.com\/?page_id=3227"},"modified":"2023-02-09T07:54:28","modified_gmt":"2023-02-09T07:54:28","slug":"losningar","status":"publish","type":"page","link":"https:\/\/aidon.com\/sv\/losningar\/","title":{"rendered":"L\u00f6sningar"},"content":{"rendered":"<h2>Utnyttja m\u00f6jligheterna i det smarta eln\u00e4tet med v\u00e5ra l\u00f6sningar<\/h2>\n<p><strong>Aidons erfarenhet inom energiomr\u00e5det, kundinsikt och s\u00e4tt att samarbeta \u00e4r avg\u00f6rande f\u00f6r att skapa v\u00e4rde f\u00f6r dig som kund. V\u00e5ra framtidss\u00e4kra l\u00f6sningar \u00e4r utformade f\u00f6r att ge h\u00f6g prestanda, skalbarhet och s\u00e4kerhet under hela deras livstid.<\/strong><\/p>\n<p>Vi har genom \u00e5ren visat mycket goda resultat med att snabbt f\u00e5 ut banbrytande innovationer p\u00e5 marknaden. Innovationer som utvecklas utifr\u00e5n v\u00e5ra kunders behov. V\u00e5rt m\u00e5l \u00e4r att utveckla l\u00f6sningar som ger l\u00e5ngsiktigt v\u00e4rde f\u00f6r alla v\u00e5ra kunder och samtidigt f\u00f6rnya branschens etablerade verksamhetsmodeller. <a href=\"https:\/\/aidon.com\/sv\/about-us\/innovations\/\">L\u00e4s mer om v\u00e5ra innovationer h\u00e4r.<\/a><\/p>\n<p>&nbsp;<\/p>\n<h4 style=\"text-align: left;\">M\u00f6jligg\u00f6r en energismart livsstil och tillf\u00f6rlitlig energidistribution<\/h4>\n<p>Smart m\u00e4tning \u00e4r k\u00e4rnan i smarta eln\u00e4t. Den l\u00e4nkar samman anv\u00e4ndarna av el med energidistributionssystemet. I bilden nedan hittar du de olika delarna i Aidons erbjudande som anv\u00e4nds idag.<\/p>\n<p><img loading=\"lazy\" decoding=\"async\" class=\"alignnone wp-image-5884\" src=\"https:\/\/aidon.com\/wp-content\/uploads\/2023\/02\/Aidon_solutions_legend_SWE_final.png\" alt=\"\" width=\"350\" height=\"109\" srcset=\"https:\/\/aidon.com\/wp-content\/uploads\/2023\/02\/Aidon_solutions_legend_SWE_final.png 450w, https:\/\/aidon.com\/wp-content\/uploads\/2023\/02\/Aidon_solutions_legend_SWE_final-300x93.png 300w\" sizes=\"auto, (max-width: 350px) 100vw, 350px\" \/><\/p>\n<!-- imagelinks begin -->\n<div id=\"imgl-3-uhg9c\" class=\"imgl-map imgl-map-3 \"data-json-src=\"https:\/\/aidon.com\/wp-content\/uploads\/imagelinks\/3\/config.json?ver=1675838790\" data-item-id=\"3\" style=\"display:none;\" >\n<div class=\"imgl-store\">\n<div class=\"imgl-pin imgl-pin-1\" data-id=\"1\">\n<div class=\"imgl-pin-pulse\"><\/div>\n<div class=\"imgl-pin-data\">\n<\/div>\n<\/div>\n<div class=\"imgl-pin imgl-pin-2\" data-id=\"2\">\n<div class=\"imgl-pin-pulse\"><\/div>\n<div class=\"imgl-pin-data\">\n<\/div>\n<\/div>\n<div class=\"imgl-pin imgl-pin-3\" data-id=\"3\">\n<div class=\"imgl-pin-pulse\"><\/div>\n<div class=\"imgl-pin-data\">\n<\/div>\n<\/div>\n<div class=\"imgl-pin imgl-pin-4\" data-id=\"4\">\n<div class=\"imgl-pin-pulse\"><\/div>\n<div class=\"imgl-pin-data\">\n<\/div>\n<\/div>\n<div class=\"imgl-pin imgl-pin-5\" data-id=\"5\">\n<div class=\"imgl-pin-pulse\"><\/div>\n<div class=\"imgl-pin-data\">\n<\/div>\n<\/div>\n<div class=\"imgl-pin imgl-pin-6\" data-id=\"6\">\n<div class=\"imgl-pin-pulse\"><\/div>\n<div class=\"imgl-pin-data\">\n<\/div>\n<\/div>\n<div class=\"imgl-pin imgl-pin-7\" data-id=\"7\">\n<div class=\"imgl-pin-pulse\"><\/div>\n<div class=\"imgl-pin-data\">\n<\/div>\n<\/div>\n<div class=\"imgl-pin imgl-pin-8\" data-id=\"8\">\n<div class=\"imgl-pin-pulse\"><\/div>\n<div class=\"imgl-pin-data\">\n<\/div>\n<\/div>\n<div class=\"imgl-pin imgl-pin-9\" data-id=\"9\">\n<div class=\"imgl-pin-pulse\"><\/div>\n<div class=\"imgl-pin-data\">\n<\/div>\n<\/div>\n<div class=\"imgl-pin imgl-pin-10\" data-id=\"10\">\n<div class=\"imgl-pin-pulse\"><\/div>\n<div class=\"imgl-pin-data\">\n<\/div>\n<\/div>\n<div class=\"imgl-pin imgl-pin-11\" data-id=\"11\">\n<div class=\"imgl-pin-pulse\"><\/div>\n<div class=\"imgl-pin-data\">\n<\/div>\n<\/div>\n<div class=\"imgl-tt imgl-tt-1\" data-id=\"1\" >\n<p class=\"boksi-teksti-wrapper\"><span class=\"boksi-teksti\">Brett utbud av smarta m\u00e4tare f\u00f6r hush\u00e5ll och industriellt bruk (CT och CT\/VT) <\/span><\/p><\/div>\n<div class=\"imgl-tt imgl-tt-2\" data-id=\"2\" >\n<p class=\"boksi-teksti-wrapper\"><span class=\"boksi-teksti\">\u00d6vervakning av transformator\u00adstationens kondition<\/span><\/p><\/div>\n<div class=\"imgl-tt imgl-tt-3\" data-id=\"3\" >\n<p class=\"boksi-teksti-wrapper\"><span class=\"boksi-teksti\">\u00d6vervakning av l\u00e5gsp\u00e4nningsn\u00e4tet genom smarta m\u00e4tare<\/span><\/p><\/div>\n<div class=\"imgl-tt imgl-tt-4\" data-id=\"4\" >\n<p class=\"boksi-teksti-wrapper\"><span class=\"boksi-teksti\">Detaljerad \u00f6versikt \u00f6ver distributionsn\u00e4tet i realtid och hantering av h\u00e4ndelsera<\/span><\/p><\/div>\n<div class=\"imgl-tt imgl-tt-5\" data-id=\"5\" >\n<p class=\"boksi-teksti-wrapper\"><span class=\"boksi-teksti\">Tidig planering och hantering av f\u00e4ltarbete som m\u00f6jligg\u00f6r h\u00f6g kvalitet p\u00e5 kundservice<\/span><\/p><\/div>\n<div class=\"imgl-tt imgl-tt-6\" data-id=\"6\" >\n<p class=\"boksi-teksti-wrapper\"><span class=\"boksi-teksti\">Smart m\u00e4tning i hemmen m\u00f6jligg\u00f6r fakturering av slutkonsument och energismarta livsstilar<\/span><\/p><\/div>\n<div class=\"imgl-tt imgl-tt-7\" data-id=\"7\" >\n<p class=\"boksi-teksti-wrapper\"><span class=\"boksi-teksti\">Effektiva applikationer f\u00f6r att hantera och utf\u00f6ra f\u00e4ltarbete<\/span><\/p><\/div>\n<div class=\"imgl-tt imgl-tt-8\" data-id=\"8\" >\n<p class=\"boksi-teksti-wrapper\"><span class=\"boksi-teksti\">Skalbar och anpassningsbar tv\u00e5v\u00e4gs IoT-anslutning optimerad f\u00f6r smart m\u00e4tning b\u00e5de i st\u00e4der och p\u00e5 landsbygden<\/span><\/p><\/div>\n<div class=\"imgl-tt imgl-tt-9\" data-id=\"9\" >\n<p class=\"boksi-teksti-wrapper\" style=\"text-align: center;\"><span class=\"boksi-teksti\">Voff!<\/span><\/p><\/div>\n<div class=\"imgl-tt imgl-tt-10\" data-id=\"10\" >\n<p class=\"boksi-teksti-wrapper\"><span class=\"boksi-teksti\">Anpassningsbar mobilapplikation f\u00f6r proaktiv inspektion och underh\u00e5ll av distributionsn\u00e4tet<\/span><\/p><\/div>\n<div class=\"imgl-tt imgl-tt-11\" data-id=\"11\" >\n<p class=\"boksi-teksti-wrapper\"><span class=\"boksi-teksti\">Effektiva smarta m\u00e4tnings\u00adl\u00f6sningar och tj\u00e4nster f\u00f6r fakturering av el och optimering av distributionsn\u00e4tet<\/span><\/p><\/div>\n<\/div>\n<\/div>\n<!-- imagelinks end -->\n\n<h4><\/h4>\n<p style=\"text-align: center;\">\n","protected":false},"excerpt":{"rendered":"<p>Utnyttja m\u00f6jligheterna i det smarta eln\u00e4tet med v\u00e5ra l\u00f6sningar.<\/p>\n","protected":false},"author":2,"featured_media":976,"parent":0,"menu_order":0,"comment_status":"closed","ping_status":"closed","template":"page-solutions.php","meta":{"_acf_changed":false,"footnotes":""},"class_list":["post-3227","page","type-page","status-publish","has-post-thumbnail","hentry"],"acf":[],"yoast_head":"<!-- This site is optimized with the Yoast SEO plugin v27.0 - https:\/\/yoast.com\/product\/yoast-seo-wordpress\/ -->\n<title>L\u00f6sningar - Aidon<\/title>\n<meta name=\"robots\" content=\"index, follow, max-snippet:-1, max-image-preview:large, max-video-preview:-1\" \/>\n<link rel=\"canonical\" href=\"https:\/\/aidon.com\/sv\/losningar\/\" \/>\n<meta property=\"og:locale\" content=\"sv_SE\" \/>\n<meta property=\"og:type\" content=\"article\" \/>\n<meta property=\"og:title\" content=\"L\u00f6sningar - Aidon\" \/>\n<meta property=\"og:description\" content=\"Utnyttja m\u00f6jligheterna i det smarta eln\u00e4tet med v\u00e5ra l\u00f6sningar.\" \/>\n<meta property=\"og:url\" content=\"https:\/\/aidon.com\/sv\/losningar\/\" \/>\n<meta property=\"og:site_name\" content=\"Aidon\" \/>\n<meta property=\"article:modified_time\" content=\"2023-02-09T07:54:28+00:00\" \/>\n<meta property=\"og:image\" content=\"https:\/\/aidon.com\/wp-content\/uploads\/2022\/09\/Aidon_Barcode_24x_v2_RGB-72.jpg\" \/>\n\t<meta property=\"og:image:width\" content=\"2000\" \/>\n\t<meta property=\"og:image:height\" content=\"1300\" \/>\n\t<meta property=\"og:image:type\" content=\"image\/jpeg\" \/>\n<meta name=\"twitter:card\" content=\"summary_large_image\" \/>\n<meta name=\"twitter:label1\" content=\"Ber\u00e4knad l\u00e4stid\" \/>\n\t<meta name=\"twitter:data1\" content=\"1 minut\" \/>\n<script type=\"application\/ld+json\" class=\"yoast-schema-graph\">{\"@context\":\"https:\/\/schema.org\",\"@graph\":[{\"@type\":\"WebPage\",\"@id\":\"https:\/\/aidon.com\/sv\/losningar\/\",\"url\":\"https:\/\/aidon.com\/sv\/losningar\/\",\"name\":\"L\u00f6sningar - Aidon\",\"isPartOf\":{\"@id\":\"https:\/\/aidon.com\/sv\/#website\"},\"primaryImageOfPage\":{\"@id\":\"https:\/\/aidon.com\/sv\/losningar\/#primaryimage\"},\"image\":{\"@id\":\"https:\/\/aidon.com\/sv\/losningar\/#primaryimage\"},\"thumbnailUrl\":\"https:\/\/aidon.com\/wp-content\/uploads\/2022\/09\/Aidon_Barcode_24x_v2_RGB-72.jpg\",\"datePublished\":\"2022-08-10T08:48:41+00:00\",\"dateModified\":\"2023-02-09T07:54:28+00:00\",\"inLanguage\":\"sv-SE\",\"potentialAction\":[{\"@type\":\"ReadAction\",\"target\":[\"https:\/\/aidon.com\/sv\/losningar\/\"]}]},{\"@type\":\"ImageObject\",\"inLanguage\":\"sv-SE\",\"@id\":\"https:\/\/aidon.com\/sv\/losningar\/#primaryimage\",\"url\":\"https:\/\/aidon.com\/wp-content\/uploads\/2022\/09\/Aidon_Barcode_24x_v2_RGB-72.jpg\",\"contentUrl\":\"https:\/\/aidon.com\/wp-content\/uploads\/2022\/09\/Aidon_Barcode_24x_v2_RGB-72.jpg\",\"width\":2000,\"height\":1300,\"caption\":\"Barcode, Oslo centrum, Elvia\"},{\"@type\":\"WebSite\",\"@id\":\"https:\/\/aidon.com\/sv\/#website\",\"url\":\"https:\/\/aidon.com\/sv\/\",\"name\":\"Aidon\",\"description\":\"\",\"potentialAction\":[{\"@type\":\"SearchAction\",\"target\":{\"@type\":\"EntryPoint\",\"urlTemplate\":\"https:\/\/aidon.com\/sv\/?s={search_term_string}\"},\"query-input\":{\"@type\":\"PropertyValueSpecification\",\"valueRequired\":true,\"valueName\":\"search_term_string\"}}],\"inLanguage\":\"sv-SE\"}]}<\/script>\n<!-- \/ Yoast SEO plugin. -->","yoast_head_json":{"title":"L\u00f6sningar - Aidon","robots":{"index":"index","follow":"follow","max-snippet":"max-snippet:-1","max-image-preview":"max-image-preview:large","max-video-preview":"max-video-preview:-1"},"canonical":"https:\/\/aidon.com\/sv\/losningar\/","og_locale":"sv_SE","og_type":"article","og_title":"L\u00f6sningar - Aidon","og_description":"Utnyttja m\u00f6jligheterna i det smarta eln\u00e4tet med v\u00e5ra l\u00f6sningar.","og_url":"https:\/\/aidon.com\/sv\/losningar\/","og_site_name":"Aidon","article_modified_time":"2023-02-09T07:54:28+00:00","og_image":[{"width":2000,"height":1300,"url":"https:\/\/aidon.com\/wp-content\/uploads\/2022\/09\/Aidon_Barcode_24x_v2_RGB-72.jpg","type":"image\/jpeg"}],"twitter_card":"summary_large_image","twitter_misc":{"Ber\u00e4knad l\u00e4stid":"1 minut"},"schema":{"@context":"https:\/\/schema.org","@graph":[{"@type":"WebPage","@id":"https:\/\/aidon.com\/sv\/losningar\/","url":"https:\/\/aidon.com\/sv\/losningar\/","name":"L\u00f6sningar - Aidon","isPartOf":{"@id":"https:\/\/aidon.com\/sv\/#website"},"primaryImageOfPage":{"@id":"https:\/\/aidon.com\/sv\/losningar\/#primaryimage"},"image":{"@id":"https:\/\/aidon.com\/sv\/losningar\/#primaryimage"},"thumbnailUrl":"https:\/\/aidon.com\/wp-content\/uploads\/2022\/09\/Aidon_Barcode_24x_v2_RGB-72.jpg","datePublished":"2022-08-10T08:48:41+00:00","dateModified":"2023-02-09T07:54:28+00:00","inLanguage":"sv-SE","potentialAction":[{"@type":"ReadAction","target":["https:\/\/aidon.com\/sv\/losningar\/"]}]},{"@type":"ImageObject","inLanguage":"sv-SE","@id":"https:\/\/aidon.com\/sv\/losningar\/#primaryimage","url":"https:\/\/aidon.com\/wp-content\/uploads\/2022\/09\/Aidon_Barcode_24x_v2_RGB-72.jpg","contentUrl":"https:\/\/aidon.com\/wp-content\/uploads\/2022\/09\/Aidon_Barcode_24x_v2_RGB-72.jpg","width":2000,"height":1300,"caption":"Barcode, Oslo centrum, Elvia"},{"@type":"WebSite","@id":"https:\/\/aidon.com\/sv\/#website","url":"https:\/\/aidon.com\/sv\/","name":"Aidon","description":"","potentialAction":[{"@type":"SearchAction","target":{"@type":"EntryPoint","urlTemplate":"https:\/\/aidon.com\/sv\/?s={search_term_string}"},"query-input":{"@type":"PropertyValueSpecification","valueRequired":true,"valueName":"search_term_string"}}],"inLanguage":"sv-SE"}]}},"_links":{"self":[{"href":"https:\/\/aidon.com\/sv\/wp-json\/wp\/v2\/pages\/3227","targetHints":{"allow":["GET"]}}],"collection":[{"href":"https:\/\/aidon.com\/sv\/wp-json\/wp\/v2\/pages"}],"about":[{"href":"https:\/\/aidon.com\/sv\/wp-json\/wp\/v2\/types\/page"}],"author":[{"embeddable":true,"href":"https:\/\/aidon.com\/sv\/wp-json\/wp\/v2\/users\/2"}],"replies":[{"embeddable":true,"href":"https:\/\/aidon.com\/sv\/wp-json\/wp\/v2\/comments?post=3227"}],"version-history":[{"count":26,"href":"https:\/\/aidon.com\/sv\/wp-json\/wp\/v2\/pages\/3227\/revisions"}],"predecessor-version":[{"id":6850,"href":"https:\/\/aidon.com\/sv\/wp-json\/wp\/v2\/pages\/3227\/revisions\/6850"}],"wp:featuredmedia":[{"embeddable":true,"href":"https:\/\/aidon.com\/sv\/wp-json\/wp\/v2\/media\/976"}],"wp:attachment":[{"href":"https:\/\/aidon.com\/sv\/wp-json\/wp\/v2\/media?parent=3227"}],"curies":[{"name":"wp","href":"https:\/\/api.w.org\/{rel}","templated":true}]}}