{"id":17534,"date":"2025-09-09T14:46:30","date_gmt":"2025-09-09T11:46:30","guid":{"rendered":"https:\/\/aidon.com\/?page_id=17534"},"modified":"2025-09-09T14:48:47","modified_gmt":"2025-09-09T11:48:47","slug":"trafo-interaktive-demo","status":"publish","type":"page","link":"https:\/\/aidon.com\/sv\/trafo-losning\/trafo-interaktive-demo\/","title":{"rendered":"TRAFO interaktive demo"},"content":{"rendered":"<h2>Utforska detaljerna om Aidon TRAFO-l\u00f6sningen genom denna interaktiva demo<\/h2>\n<!-- imagelinks begin -->\n<div id=\"imgl-10-3igsl\" class=\"imgl-map imgl-map-10 \"data-json-src=\"https:\/\/aidon.com\/wp-content\/uploads\/imagelinks\/10\/config.json?ver=1757425068\" data-item-id=\"10\" style=\"display:none;\" >\n<div class=\"imgl-store\">\n<div class=\"imgl-pin imgl-pin-1\" data-id=\"1\">\n<div class=\"imgl-pin-pulse\"><\/div>\n<div class=\"imgl-pin-data\">\n<\/div>\n<\/div>\n<div class=\"imgl-pin imgl-pin-2\" data-id=\"2\">\n<div class=\"imgl-pin-pulse\"><\/div>\n<div class=\"imgl-pin-data\">\n<\/div>\n<\/div>\n<div class=\"imgl-pin imgl-pin-3\" data-id=\"3\">\n<div class=\"imgl-pin-pulse\"><\/div>\n<div class=\"imgl-pin-data\">\n<\/div>\n<\/div>\n<div class=\"imgl-pin imgl-pin-4\" data-id=\"4\">\n<div class=\"imgl-pin-pulse\"><\/div>\n<div class=\"imgl-pin-data\">\n<\/div>\n<\/div>\n<div class=\"imgl-pin imgl-pin-5\" data-id=\"5\">\n<div class=\"imgl-pin-pulse\"><\/div>\n<div class=\"imgl-pin-data\">\n<\/div>\n<\/div>\n<div class=\"imgl-pin imgl-pin-6\" data-id=\"6\">\n<div class=\"imgl-pin-pulse\"><\/div>\n<div class=\"imgl-pin-data\">\n<\/div>\n<\/div>\n<div class=\"imgl-pin imgl-pin-7\" data-id=\"7\">\n<div class=\"imgl-pin-pulse\"><\/div>\n<div class=\"imgl-pin-data\">\n<\/div>\n<\/div>\n<div class=\"imgl-pin imgl-pin-8\" data-id=\"8\">\n<div class=\"imgl-pin-pulse\"><\/div>\n<div class=\"imgl-pin-data\">\n<\/div>\n<\/div>\n<div class=\"imgl-pin imgl-pin-9\" data-id=\"9\">\n<div class=\"imgl-pin-pulse\"><\/div>\n<div class=\"imgl-pin-data\">\n<\/div>\n<\/div>\n<div class=\"imgl-pin imgl-pin-10\" data-id=\"10\">\n<div class=\"imgl-pin-pulse\"><\/div>\n<div class=\"imgl-pin-data\">\n<\/div>\n<\/div>\n<div class=\"imgl-pin imgl-pin-11\" data-id=\"11\">\n<div class=\"imgl-pin-pulse\"><\/div>\n<div class=\"imgl-pin-data\">\n<\/div>\n<\/div>\n<div class=\"imgl-pin imgl-pin-12\" data-id=\"12\">\n<div class=\"imgl-pin-pulse\"><\/div>\n<div class=\"imgl-pin-data\">\n<\/div>\n<\/div>\n<div class=\"imgl-pin imgl-pin-13\" data-id=\"13\">\n<div class=\"imgl-pin-pulse\"><\/div>\n<div class=\"imgl-pin-data\">\n<\/div>\n<\/div>\n<div class=\"imgl-pin imgl-pin-14\" data-id=\"14\">\n<div class=\"imgl-pin-pulse\"><\/div>\n<div class=\"imgl-pin-data\">\n<\/div>\n<\/div>\n<div class=\"imgl-pin imgl-pin-15\" data-id=\"15\">\n<div class=\"imgl-pin-pulse\"><\/div>\n<div class=\"imgl-pin-data\">\n<\/div>\n<\/div>\n<div class=\"imgl-pin imgl-pin-16\" data-id=\"16\">\n<div class=\"imgl-pin-pulse\"><\/div>\n<div class=\"imgl-pin-data\">\n<\/div>\n<\/div>\n<div class=\"imgl-pin imgl-pin-17\" data-id=\"17\">\n<div class=\"imgl-pin-pulse\"><\/div>\n<div class=\"imgl-pin-data\">\n<\/div>\n<\/div>\n<div class=\"imgl-pin imgl-pin-18\" data-id=\"18\">\n<div class=\"imgl-pin-pulse\"><\/div>\n<div class=\"imgl-pin-data\">\n<\/div>\n<\/div>\n<div class=\"imgl-pin imgl-pin-19\" data-id=\"19\">\n<div class=\"imgl-pin-pulse\"><\/div>\n<div class=\"imgl-pin-data\">\n<\/div>\n<\/div>\n<div class=\"imgl-tt imgl-tt-1\" data-id=\"1\" >\n<p class=\"boksi-teksti-wrapper\"><span class=\"boksi-teksti\">Planera \u00e5tg\u00e4rder och f\u00e4ltarbete baserat p\u00e5 larm och elkvalitetsdata i realtid<\/span><\/p><\/div>\n<div class=\"imgl-tt imgl-tt-2\" data-id=\"2\" >\n<p class=\"boksi-teksti-wrapper\"><span class=\"boksi-teksti\">4-kvadrant energim\u00e4tning per fas samt totalenergi - per utg\u00e5ende fack\/grupp<\/span><\/p><\/div>\n<div class=\"imgl-tt imgl-tt-3\" data-id=\"3\" >\n<p class=\"boksi-teksti-wrapper\"><span class=\"boksi-teksti\">Str\u00f6mm\u00e4tning (A) per fas samt nollstr\u00f6m<\/span><\/p><\/div>\n<div class=\"imgl-tt imgl-tt-4\" data-id=\"4\" >\n<p class=\"boksi-teksti-wrapper\"><span class=\"boksi-teksti\">Modul\u00e4r FMD-m\u00e4tenhet f\u00f6r str\u00f6mtrafom\u00e4tning, f\u00f6r upp till 18 utg\u00e5ende fack\/grupper<\/span><\/p><\/div>\n<div class=\"imgl-tt imgl-tt-5\" data-id=\"5\" >\n<p class=\"boksi-teksti-wrapper\"><span class=\"boksi-teksti\">Felindikering<\/span><\/p><\/div>\n<div class=\"imgl-tt imgl-tt-6\" data-id=\"6\" >\n<p class=\"boksi-teksti-wrapper\"><span class=\"boksi-teksti\">N\u00e4tstationsm\u00e4tare med summam\u00e4tning<\/span><\/p><\/div>\n<div class=\"imgl-tt imgl-tt-7\" data-id=\"7\" >\n<p class=\"boksi-teksti-wrapper\"><span class=\"boksi-teksti\">LSP n\u00e4t\u00f6vervakning<\/span><\/p><\/div>\n<div class=\"imgl-tt imgl-tt-8\" data-id=\"8\" >\n<p class=\"boksi-teksti-wrapper\"><span class=\"boksi-teksti\">RS-485 kommunikation till trafom\u00e4tarens Gateway<\/span><\/p><\/div>\n<div class=\"imgl-tt imgl-tt-9\" data-id=\"9\" >\n<p class=\"boksi-teksti-wrapper\"><span class=\"boksi-teksti\">Sensor - tempgivare<\/span><\/p><\/div>\n<div class=\"imgl-tt imgl-tt-10\" data-id=\"10\" >\n<p class=\"boksi-teksti-wrapper\"><span class=\"boksi-teksti\">ESD (trafom\u00e4tare) med 4-kvadrant energim\u00e4tning per fas samt totalenergi<\/span><\/p><\/div>\n<div class=\"imgl-tt imgl-tt-11\" data-id=\"11\" >\n<p class=\"boksi-teksti-wrapper\"><span class=\"boksi-teksti\">Elkvalitet, larm, statistik (sp\u00e4nning, str\u00f6m, THD, \u00f6vertoner m.m.)<\/span><\/p><\/div>\n<div class=\"imgl-tt imgl-tt-12\" data-id=\"12\" >\n<p class=\"boksi-teksti-wrapper\"><span class=\"boksi-teksti\">2G\/4G Gateway f\u00f6r s\u00e4ker kommunikation med Aidon Gateware<\/span><\/p><\/div>\n<div class=\"imgl-tt imgl-tt-13\" data-id=\"13\" >\n<p class=\"boksi-teksti-wrapper\"><span class=\"boksi-teksti\">Aidon IO -adapter f\u00f6r anslutning av sensorer f\u00f6r trafomonitorering<\/span><\/p><\/div>\n<div class=\"imgl-tt imgl-tt-14\" data-id=\"14\" >\n<p class=\"boksi-teksti-wrapper\"><span class=\"boksi-teksti\">8 digitala ing\u00e5ngar samt ing\u00e5ng f\u00f6r PT100 tempgivare<\/span><\/p><\/div>\n<div class=\"imgl-tt imgl-tt-15\" data-id=\"15\" >\n<p class=\"boksi-teksti-wrapper\"><span class=\"boksi-teksti\">Sensor f\u00f6r vattenniv\u00e5<\/span><\/p><\/div>\n<div class=\"imgl-tt imgl-tt-16\" data-id=\"16\" >\n<p class=\"boksi-teksti-wrapper\"><span class=\"boksi-teksti\">Kapacitetsplanering och n\u00e4toptimering<\/span><\/p><\/div>\n<div class=\"imgl-tt imgl-tt-17\" data-id=\"17\" >\n<p class=\"boksi-teksti-wrapper\"><span class=\"boksi-teksti\">Monitorering av transformatorbelastning<\/span><\/p><\/div>\n<div class=\"imgl-tt imgl-tt-18\" data-id=\"18\" >\n<p class=\"boksi-teksti-wrapper\"><span class=\"boksi-teksti\">Monitorering av transformatorstatus<\/span><\/p><\/div>\n<div class=\"imgl-tt imgl-tt-19\" data-id=\"19\" >\n<p class=\"boksi-teksti-wrapper\"><span class=\"boksi-teksti\">Sensor vid d\u00f6rr<\/span><\/p><\/div>\n<\/div>\n<\/div>\n<!-- imagelinks end -->\n\n<p><img loading=\"lazy\" decoding=\"async\" class=\"wp-image-5884 alignright\" src=\"https:\/\/aidon.com\/wp-content\/uploads\/2023\/02\/Aidon_solutions_legend_SWE_final.png\" alt=\"\" width=\"350\" height=\"109\" srcset=\"https:\/\/aidon.com\/wp-content\/uploads\/2023\/02\/Aidon_solutions_legend_SWE_final.png 450w, https:\/\/aidon.com\/wp-content\/uploads\/2023\/02\/Aidon_solutions_legend_SWE_final-300x93.png 300w\" sizes=\"auto, (max-width: 350px) 100vw, 350px\" \/><\/p>\n","protected":false},"excerpt":{"rendered":"<p>Utforska detaljerna om Aidon TRAFO-l\u00f6sningen genom denna interaktiva demo<\/p>\n","protected":false},"author":2,"featured_media":0,"parent":17372,"menu_order":0,"comment_status":"closed","ping_status":"closed","template":"page-landingpage.php","meta":{"_acf_changed":false,"footnotes":""},"class_list":["post-17534","page","type-page","status-publish","hentry"],"acf":[],"yoast_head":"<!-- This site is optimized with the Yoast SEO plugin v27.0 - https:\/\/yoast.com\/product\/yoast-seo-wordpress\/ -->\n<title>TRAFO interaktive demo - Aidon<\/title>\n<meta name=\"robots\" content=\"index, follow, max-snippet:-1, max-image-preview:large, max-video-preview:-1\" \/>\n<link rel=\"canonical\" href=\"https:\/\/aidon.com\/sv\/trafo-losning\/trafo-interaktive-demo\/\" \/>\n<meta property=\"og:locale\" content=\"sv_SE\" \/>\n<meta property=\"og:type\" content=\"article\" \/>\n<meta property=\"og:title\" content=\"TRAFO interaktive demo - Aidon\" \/>\n<meta property=\"og:description\" content=\"Utforska detaljerna om Aidon TRAFO-l\u00f6sningen genom denna interaktiva demo\" \/>\n<meta property=\"og:url\" content=\"https:\/\/aidon.com\/sv\/trafo-losning\/trafo-interaktive-demo\/\" \/>\n<meta property=\"og:site_name\" content=\"Aidon\" \/>\n<meta property=\"article:modified_time\" content=\"2025-09-09T11:48:47+00:00\" \/>\n<meta property=\"og:image\" content=\"https:\/\/aidon.com\/wp-content\/uploads\/2023\/02\/Aidon_solutions_legend_SWE_final.png\" \/>\n\t<meta property=\"og:image:width\" content=\"450\" \/>\n\t<meta property=\"og:image:height\" content=\"140\" \/>\n\t<meta property=\"og:image:type\" content=\"image\/png\" \/>\n<meta name=\"twitter:card\" content=\"summary_large_image\" \/>\n<meta name=\"twitter:label1\" content=\"Ber\u00e4knad l\u00e4stid\" \/>\n\t<meta name=\"twitter:data1\" content=\"1 minut\" \/>\n<script type=\"application\/ld+json\" class=\"yoast-schema-graph\">{\"@context\":\"https:\/\/schema.org\",\"@graph\":[{\"@type\":\"WebPage\",\"@id\":\"https:\/\/aidon.com\/sv\/trafo-losning\/trafo-interaktive-demo\/\",\"url\":\"https:\/\/aidon.com\/sv\/trafo-losning\/trafo-interaktive-demo\/\",\"name\":\"TRAFO interaktive demo - Aidon\",\"isPartOf\":{\"@id\":\"https:\/\/aidon.com\/sv\/#website\"},\"primaryImageOfPage\":{\"@id\":\"https:\/\/aidon.com\/sv\/trafo-losning\/trafo-interaktive-demo\/#primaryimage\"},\"image\":{\"@id\":\"https:\/\/aidon.com\/sv\/trafo-losning\/trafo-interaktive-demo\/#primaryimage\"},\"thumbnailUrl\":\"https:\/\/aidon.com\/wp-content\/uploads\/2023\/02\/Aidon_solutions_legend_SWE_final.png\",\"datePublished\":\"2025-09-09T11:46:30+00:00\",\"dateModified\":\"2025-09-09T11:48:47+00:00\",\"breadcrumb\":{\"@id\":\"https:\/\/aidon.com\/sv\/trafo-losning\/trafo-interaktive-demo\/#breadcrumb\"},\"inLanguage\":\"sv-SE\",\"potentialAction\":[{\"@type\":\"ReadAction\",\"target\":[\"https:\/\/aidon.com\/sv\/trafo-losning\/trafo-interaktive-demo\/\"]}]},{\"@type\":\"ImageObject\",\"inLanguage\":\"sv-SE\",\"@id\":\"https:\/\/aidon.com\/sv\/trafo-losning\/trafo-interaktive-demo\/#primaryimage\",\"url\":\"https:\/\/aidon.com\/wp-content\/uploads\/2023\/02\/Aidon_solutions_legend_SWE_final.png\",\"contentUrl\":\"https:\/\/aidon.com\/wp-content\/uploads\/2023\/02\/Aidon_solutions_legend_SWE_final.png\"},{\"@type\":\"BreadcrumbList\",\"@id\":\"https:\/\/aidon.com\/sv\/trafo-losning\/trafo-interaktive-demo\/#breadcrumb\",\"itemListElement\":[{\"@type\":\"ListItem\",\"position\":1,\"name\":\"TRAFO-l\u00f6sning\",\"item\":\"https:\/\/aidon.com\/sv\/trafo-losning\/\"},{\"@type\":\"ListItem\",\"position\":2,\"name\":\"TRAFO interaktive demo\"}]},{\"@type\":\"WebSite\",\"@id\":\"https:\/\/aidon.com\/sv\/#website\",\"url\":\"https:\/\/aidon.com\/sv\/\",\"name\":\"Aidon\",\"description\":\"\",\"potentialAction\":[{\"@type\":\"SearchAction\",\"target\":{\"@type\":\"EntryPoint\",\"urlTemplate\":\"https:\/\/aidon.com\/sv\/?s={search_term_string}\"},\"query-input\":{\"@type\":\"PropertyValueSpecification\",\"valueRequired\":true,\"valueName\":\"search_term_string\"}}],\"inLanguage\":\"sv-SE\"}]}<\/script>\n<!-- \/ Yoast SEO plugin. -->","yoast_head_json":{"title":"TRAFO interaktive demo - Aidon","robots":{"index":"index","follow":"follow","max-snippet":"max-snippet:-1","max-image-preview":"max-image-preview:large","max-video-preview":"max-video-preview:-1"},"canonical":"https:\/\/aidon.com\/sv\/trafo-losning\/trafo-interaktive-demo\/","og_locale":"sv_SE","og_type":"article","og_title":"TRAFO interaktive demo - Aidon","og_description":"Utforska detaljerna om Aidon TRAFO-l\u00f6sningen genom denna interaktiva demo","og_url":"https:\/\/aidon.com\/sv\/trafo-losning\/trafo-interaktive-demo\/","og_site_name":"Aidon","article_modified_time":"2025-09-09T11:48:47+00:00","og_image":[{"width":450,"height":140,"url":"https:\/\/aidon.com\/wp-content\/uploads\/2023\/02\/Aidon_solutions_legend_SWE_final.png","type":"image\/png"}],"twitter_card":"summary_large_image","twitter_misc":{"Ber\u00e4knad l\u00e4stid":"1 minut"},"schema":{"@context":"https:\/\/schema.org","@graph":[{"@type":"WebPage","@id":"https:\/\/aidon.com\/sv\/trafo-losning\/trafo-interaktive-demo\/","url":"https:\/\/aidon.com\/sv\/trafo-losning\/trafo-interaktive-demo\/","name":"TRAFO interaktive demo - Aidon","isPartOf":{"@id":"https:\/\/aidon.com\/sv\/#website"},"primaryImageOfPage":{"@id":"https:\/\/aidon.com\/sv\/trafo-losning\/trafo-interaktive-demo\/#primaryimage"},"image":{"@id":"https:\/\/aidon.com\/sv\/trafo-losning\/trafo-interaktive-demo\/#primaryimage"},"thumbnailUrl":"https:\/\/aidon.com\/wp-content\/uploads\/2023\/02\/Aidon_solutions_legend_SWE_final.png","datePublished":"2025-09-09T11:46:30+00:00","dateModified":"2025-09-09T11:48:47+00:00","breadcrumb":{"@id":"https:\/\/aidon.com\/sv\/trafo-losning\/trafo-interaktive-demo\/#breadcrumb"},"inLanguage":"sv-SE","potentialAction":[{"@type":"ReadAction","target":["https:\/\/aidon.com\/sv\/trafo-losning\/trafo-interaktive-demo\/"]}]},{"@type":"ImageObject","inLanguage":"sv-SE","@id":"https:\/\/aidon.com\/sv\/trafo-losning\/trafo-interaktive-demo\/#primaryimage","url":"https:\/\/aidon.com\/wp-content\/uploads\/2023\/02\/Aidon_solutions_legend_SWE_final.png","contentUrl":"https:\/\/aidon.com\/wp-content\/uploads\/2023\/02\/Aidon_solutions_legend_SWE_final.png"},{"@type":"BreadcrumbList","@id":"https:\/\/aidon.com\/sv\/trafo-losning\/trafo-interaktive-demo\/#breadcrumb","itemListElement":[{"@type":"ListItem","position":1,"name":"TRAFO-l\u00f6sning","item":"https:\/\/aidon.com\/sv\/trafo-losning\/"},{"@type":"ListItem","position":2,"name":"TRAFO interaktive demo"}]},{"@type":"WebSite","@id":"https:\/\/aidon.com\/sv\/#website","url":"https:\/\/aidon.com\/sv\/","name":"Aidon","description":"","potentialAction":[{"@type":"SearchAction","target":{"@type":"EntryPoint","urlTemplate":"https:\/\/aidon.com\/sv\/?s={search_term_string}"},"query-input":{"@type":"PropertyValueSpecification","valueRequired":true,"valueName":"search_term_string"}}],"inLanguage":"sv-SE"}]}},"_links":{"self":[{"href":"https:\/\/aidon.com\/sv\/wp-json\/wp\/v2\/pages\/17534","targetHints":{"allow":["GET"]}}],"collection":[{"href":"https:\/\/aidon.com\/sv\/wp-json\/wp\/v2\/pages"}],"about":[{"href":"https:\/\/aidon.com\/sv\/wp-json\/wp\/v2\/types\/page"}],"author":[{"embeddable":true,"href":"https:\/\/aidon.com\/sv\/wp-json\/wp\/v2\/users\/2"}],"replies":[{"embeddable":true,"href":"https:\/\/aidon.com\/sv\/wp-json\/wp\/v2\/comments?post=17534"}],"version-history":[{"count":6,"href":"https:\/\/aidon.com\/sv\/wp-json\/wp\/v2\/pages\/17534\/revisions"}],"predecessor-version":[{"id":17540,"href":"https:\/\/aidon.com\/sv\/wp-json\/wp\/v2\/pages\/17534\/revisions\/17540"}],"up":[{"embeddable":true,"href":"https:\/\/aidon.com\/sv\/wp-json\/wp\/v2\/pages\/17372"}],"wp:attachment":[{"href":"https:\/\/aidon.com\/sv\/wp-json\/wp\/v2\/media?parent=17534"}],"curies":[{"name":"wp","href":"https:\/\/api.w.org\/{rel}","templated":true}]}}