{"id":4794,"date":"2022-08-12T12:06:09","date_gmt":"2022-08-12T12:06:09","guid":{"rendered":"https:\/\/aidon.com\/?page_id=4794"},"modified":"2023-02-21T09:55:33","modified_gmt":"2023-02-21T09:55:33","slug":"aidon-one","status":"publish","type":"page","link":"https:\/\/aidon.com\/no\/losninger\/aidon-one\/","title":{"rendered":"L\u00f8sning for styring av feltarbeids&shy;prosesser"},"content":{"rendered":"<p><img loading=\"lazy\" decoding=\"async\" class=\"alignnone wp-image-6503 size-full\" src=\"https:\/\/aidon.com\/wp-content\/uploads\/2023\/02\/Aidon_com_Aidon_One_solution_web_900_5.png\" alt=\"\" width=\"900\" height=\"341\" srcset=\"https:\/\/aidon.com\/wp-content\/uploads\/2023\/02\/Aidon_com_Aidon_One_solution_web_900_5.png 900w, https:\/\/aidon.com\/wp-content\/uploads\/2023\/02\/Aidon_com_Aidon_One_solution_web_900_5-300x114.png 300w, https:\/\/aidon.com\/wp-content\/uploads\/2023\/02\/Aidon_com_Aidon_One_solution_web_900_5-768x291.png 768w\" sizes=\"auto, (max-width: 900px) 100vw, 900px\" \/><\/p>\n<p><strong>Aidon One er en effektiv og brukervennlig skybasert tjeneste for styring av feltarbeid og str\u00f8mnett, AMM-m\u00e5lepunkter og tilkobling, samt kundeservice. Aidon One er utformet og optimalisert for behovene til nettselskapene. Det passer ogs\u00e5 godt til andre virksomheter som har behov for en s\u00f8ml\u00f8s styring av feltarbeidsprosesser, som ulike installasjons- og servicebedrifter. Utformet for mobilbruk og med et kartbasert brukergrensesnitt, er Aidon One et ideelt verkt\u00f8y for feltpersonell, for bruk i felt med en mobil enhet.<\/strong><\/p>\n<p>Aidon leverer Aidon One som en sikker skybasert tjeneste og er ansvarlig for tilgjengeligheten og informasjonssikkerheten, noe som gj\u00f8r utplasseringen og driften enkel for kundebedriften.<\/p>\n<h4>Modularitet gir kunden fleksibilitet<\/h4>\n<p>Aidon One er bygget av moduler som er utformet for ulike typer oppgaver og form\u00e5l. Disse inkluderer styring av arbeidsordre og str\u00f8mnett, kundeservice, vedlikehold og AMI-tilkobling. Takket v\u00e6re dens modularitet kan kunden velge og kombinere modulene for sine behov. N\u00e5r behovene endrer seg, kan funksjonaliteten til Aidon One enkelt oppgraderes.<\/p>\n<h4>Kombinerer data fra ulike systemer til en tjeneste<\/h4>\n<p>Grunnideen bak Aidon One er \u00e5 kombinere data fra ulike systemer til \u00e9n kartbasert visning og \u00e5 tillate s\u00f8ml\u00f8se arbeidsflyter og informasjonsdeling mellom mennesker, team og systemer. Dette gj\u00f8r for eksempel installat\u00f8rers eller vedlikeholds personells arbeid mer effektivt sammenlignet med \u00e5 bruke mange separate systemer parallelt.<\/p>\n<h4>Brede tilpasningsmuligheter<strong><br \/>\n<\/strong><\/h4>\n<p>De omfattende tilpasningsmulighetene til Aidon One gj\u00f8r at tjenesten kan brukes av ulike team som ogs\u00e5 kan best\u00e5 av eksterne virksomheter. Videre er mange av funksjonene som for eksempel arbeidsordrer og vedlikeholds moduler basert p\u00e5 redigerbare skjema-maler, noe som gj\u00f8r det enkelt \u00e5 skreddersy skjemaene og lage nye ved behov.<\/p>\n<p>Ta Aidon One i bruk n\u00e5r du \u00f8nsker \u00e5 gi organisasjonen din en l\u00f8sning for s\u00f8ml\u00f8se arbeidsflyter og sanntidsinformasjon i f\u00f8lgende aktiviteter:<\/p>\n<ul>\n<li>styre feltarbeidet<\/li>\n<li>overv\u00e5king av den daglige statusen til AMM-avlesninger i hvert m\u00e5lepunkt<\/li>\n<li>overv\u00e5ke statusen til AMM-tilkoblingen og i tilfelle problemer, utf\u00f8re effektiv feils\u00f8king<\/li>\n<li>f\u00e5 alarmer fra feil og hendelser i lavspentnettet<\/li>\n<li>utf\u00f8re og rapportere inspeksjoner og vedlikeholdsoppgaver p\u00e5 stedet<\/li>\n<li>planlegge lovp\u00e5lagte inspeksjoner p\u00e5 nettverksstedet og utarbeide inspeksjonsrapporter<\/li>\n<li>holde kundene oppdatert om planlagte og p\u00e5g\u00e5ende tjenesteavbrudd<\/li>\n<li>engasjere kundene til \u00e5 rapportere feil og andre observasjoner p\u00e5 nettet<\/li>\n<\/ul>\n<p>&nbsp;<\/p>\n<hr \/>\n<h4>Les om hvordan Aidon One hjelper v\u00e5re kunder \u00e5 effektivisere arbeidsflyten<\/h4>\n<p>Helen Electricity Network overf\u00f8rte m\u00e5lingsoppgaver til Aidon One<br \/>\n<a href=\"https:\/\/aidon.com\/no\/helen-electricity-network-overforte-malingsoppgaver-til-aidon-one\/\" target=\"_blank\" rel=\"noopener\">Les casehistorien<\/a><\/p>\n<p>Vantaa Energy: Aidon One forbedret styringen av feltarbeidet og str\u00f8mlinjeformet installat\u00f8renes arbeidsflyt<br \/>\n<a href=\"https:\/\/aidon.com\/no\/aidon-one-forbedret-styringen-av-feltarbeidet-og-stromlinjeformet-installatorenes-arbeidsflyt\/\" target=\"_blank\" rel=\"noopener\">Les casehistorien<\/a><\/p>\n<p>Borg\u00e5 Eln\u00e4t halverte antall installat\u00f8rbes\u00f8k<br \/>\n<a href=\"https:\/\/aidon.com\/no\/borga-elnat-halverte-antall-installatorbesok\/\" target=\"_blank\" rel=\"noopener\">Les casehistorien<\/a><\/p>\n","protected":false},"excerpt":{"rendered":"<p>Aidon One er en effektiv og brukervennlig skybasert tjeneste for styring av feltarbeid og str\u00f8mnett, AMM-m\u00e5lepunkter og tilkobling, samt kundeservice. Aidon One er utformet og optimalisert for behovene til nettselskapene. Det passer ogs\u00e5 godt til andre virksomheter som har behov for en s\u00f8ml\u00f8s styring av feltarbeidsprosesser, som ulike installasjons- og&hellip;<\/p>\n","protected":false},"author":2,"featured_media":441,"parent":4740,"menu_order":0,"comment_status":"closed","ping_status":"closed","template":"page-single-solutions.php","meta":{"_acf_changed":false,"footnotes":""},"class_list":["post-4794","page","type-page","status-publish","has-post-thumbnail","hentry"],"acf":[],"yoast_head":"<!-- This site is optimized with the Yoast SEO plugin v27.0 - https:\/\/yoast.com\/product\/yoast-seo-wordpress\/ -->\n<title>L\u00f8sning for styring av feltarbeids&shy;prosesser - Aidon<\/title>\n<meta name=\"robots\" content=\"index, follow, max-snippet:-1, max-image-preview:large, max-video-preview:-1\" \/>\n<link rel=\"canonical\" href=\"https:\/\/aidon.com\/no\/losninger\/aidon-one\/\" \/>\n<meta property=\"og:locale\" content=\"nb_NO\" \/>\n<meta property=\"og:type\" content=\"article\" \/>\n<meta property=\"og:title\" content=\"L\u00f8sning for styring av feltarbeids&shy;prosesser - Aidon\" \/>\n<meta property=\"og:description\" content=\"Aidon One er en effektiv og brukervennlig skybasert tjeneste for styring av feltarbeid og str\u00f8mnett, AMM-m\u00e5lepunkter og tilkobling, samt kundeservice. Aidon One er utformet og optimalisert for behovene til nettselskapene. Det passer ogs\u00e5 godt til andre virksomheter som har behov for en s\u00f8ml\u00f8s styring av feltarbeidsprosesser, som ulike installasjons- og&hellip;\" \/>\n<meta property=\"og:url\" content=\"https:\/\/aidon.com\/no\/losninger\/aidon-one\/\" \/>\n<meta property=\"og:site_name\" content=\"Aidon\" \/>\n<meta property=\"article:modified_time\" content=\"2023-02-21T09:55:33+00:00\" \/>\n<meta property=\"og:image\" content=\"https:\/\/aidon.com\/wp-content\/uploads\/2022\/08\/aidonone-1.png\" \/>\n\t<meta property=\"og:image:width\" content=\"397\" \/>\n\t<meta property=\"og:image:height\" content=\"397\" \/>\n\t<meta property=\"og:image:type\" content=\"image\/png\" \/>\n<meta name=\"twitter:card\" content=\"summary_large_image\" \/>\n<meta name=\"twitter:label1\" content=\"Ansl. lesetid\" \/>\n\t<meta name=\"twitter:data1\" content=\"2 minutter\" \/>\n<script type=\"application\/ld+json\" class=\"yoast-schema-graph\">{\"@context\":\"https:\/\/schema.org\",\"@graph\":[{\"@type\":\"WebPage\",\"@id\":\"https:\/\/aidon.com\/no\/losninger\/aidon-one\/\",\"url\":\"https:\/\/aidon.com\/no\/losninger\/aidon-one\/\",\"name\":\"L\u00f8sning for styring av feltarbeids&shy;prosesser - Aidon\",\"isPartOf\":{\"@id\":\"https:\/\/aidon.com\/no\/#website\"},\"primaryImageOfPage\":{\"@id\":\"https:\/\/aidon.com\/no\/losninger\/aidon-one\/#primaryimage\"},\"image\":{\"@id\":\"https:\/\/aidon.com\/no\/losninger\/aidon-one\/#primaryimage\"},\"thumbnailUrl\":\"https:\/\/aidon.com\/wp-content\/uploads\/2022\/08\/aidonone-1.png\",\"datePublished\":\"2022-08-12T12:06:09+00:00\",\"dateModified\":\"2023-02-21T09:55:33+00:00\",\"breadcrumb\":{\"@id\":\"https:\/\/aidon.com\/no\/losninger\/aidon-one\/#breadcrumb\"},\"inLanguage\":\"nb-NO\",\"potentialAction\":[{\"@type\":\"ReadAction\",\"target\":[\"https:\/\/aidon.com\/no\/losninger\/aidon-one\/\"]}]},{\"@type\":\"ImageObject\",\"inLanguage\":\"nb-NO\",\"@id\":\"https:\/\/aidon.com\/no\/losninger\/aidon-one\/#primaryimage\",\"url\":\"https:\/\/aidon.com\/wp-content\/uploads\/2022\/08\/aidonone-1.png\",\"contentUrl\":\"https:\/\/aidon.com\/wp-content\/uploads\/2022\/08\/aidonone-1.png\",\"width\":397,\"height\":397},{\"@type\":\"BreadcrumbList\",\"@id\":\"https:\/\/aidon.com\/no\/losninger\/aidon-one\/#breadcrumb\",\"itemListElement\":[{\"@type\":\"ListItem\",\"position\":1,\"name\":\"L\u00f8sninger\",\"item\":\"https:\/\/aidon.com\/no\/losninger\/\"},{\"@type\":\"ListItem\",\"position\":2,\"name\":\"L\u00f8sning for styring av feltarbeids&shy;prosesser\"}]},{\"@type\":\"WebSite\",\"@id\":\"https:\/\/aidon.com\/no\/#website\",\"url\":\"https:\/\/aidon.com\/no\/\",\"name\":\"Aidon\",\"description\":\"\",\"potentialAction\":[{\"@type\":\"SearchAction\",\"target\":{\"@type\":\"EntryPoint\",\"urlTemplate\":\"https:\/\/aidon.com\/no\/?s={search_term_string}\"},\"query-input\":{\"@type\":\"PropertyValueSpecification\",\"valueRequired\":true,\"valueName\":\"search_term_string\"}}],\"inLanguage\":\"nb-NO\"}]}<\/script>\n<!-- \/ Yoast SEO plugin. -->","yoast_head_json":{"title":"L\u00f8sning for styring av feltarbeids&shy;prosesser - Aidon","robots":{"index":"index","follow":"follow","max-snippet":"max-snippet:-1","max-image-preview":"max-image-preview:large","max-video-preview":"max-video-preview:-1"},"canonical":"https:\/\/aidon.com\/no\/losninger\/aidon-one\/","og_locale":"nb_NO","og_type":"article","og_title":"L\u00f8sning for styring av feltarbeids&shy;prosesser - Aidon","og_description":"Aidon One er en effektiv og brukervennlig skybasert tjeneste for styring av feltarbeid og str\u00f8mnett, AMM-m\u00e5lepunkter og tilkobling, samt kundeservice. Aidon One er utformet og optimalisert for behovene til nettselskapene. Det passer ogs\u00e5 godt til andre virksomheter som har behov for en s\u00f8ml\u00f8s styring av feltarbeidsprosesser, som ulike installasjons- og&hellip;","og_url":"https:\/\/aidon.com\/no\/losninger\/aidon-one\/","og_site_name":"Aidon","article_modified_time":"2023-02-21T09:55:33+00:00","og_image":[{"width":397,"height":397,"url":"https:\/\/aidon.com\/wp-content\/uploads\/2022\/08\/aidonone-1.png","type":"image\/png"}],"twitter_card":"summary_large_image","twitter_misc":{"Ansl. lesetid":"2 minutter"},"schema":{"@context":"https:\/\/schema.org","@graph":[{"@type":"WebPage","@id":"https:\/\/aidon.com\/no\/losninger\/aidon-one\/","url":"https:\/\/aidon.com\/no\/losninger\/aidon-one\/","name":"L\u00f8sning for styring av feltarbeids&shy;prosesser - Aidon","isPartOf":{"@id":"https:\/\/aidon.com\/no\/#website"},"primaryImageOfPage":{"@id":"https:\/\/aidon.com\/no\/losninger\/aidon-one\/#primaryimage"},"image":{"@id":"https:\/\/aidon.com\/no\/losninger\/aidon-one\/#primaryimage"},"thumbnailUrl":"https:\/\/aidon.com\/wp-content\/uploads\/2022\/08\/aidonone-1.png","datePublished":"2022-08-12T12:06:09+00:00","dateModified":"2023-02-21T09:55:33+00:00","breadcrumb":{"@id":"https:\/\/aidon.com\/no\/losninger\/aidon-one\/#breadcrumb"},"inLanguage":"nb-NO","potentialAction":[{"@type":"ReadAction","target":["https:\/\/aidon.com\/no\/losninger\/aidon-one\/"]}]},{"@type":"ImageObject","inLanguage":"nb-NO","@id":"https:\/\/aidon.com\/no\/losninger\/aidon-one\/#primaryimage","url":"https:\/\/aidon.com\/wp-content\/uploads\/2022\/08\/aidonone-1.png","contentUrl":"https:\/\/aidon.com\/wp-content\/uploads\/2022\/08\/aidonone-1.png","width":397,"height":397},{"@type":"BreadcrumbList","@id":"https:\/\/aidon.com\/no\/losninger\/aidon-one\/#breadcrumb","itemListElement":[{"@type":"ListItem","position":1,"name":"L\u00f8sninger","item":"https:\/\/aidon.com\/no\/losninger\/"},{"@type":"ListItem","position":2,"name":"L\u00f8sning for styring av feltarbeids&shy;prosesser"}]},{"@type":"WebSite","@id":"https:\/\/aidon.com\/no\/#website","url":"https:\/\/aidon.com\/no\/","name":"Aidon","description":"","potentialAction":[{"@type":"SearchAction","target":{"@type":"EntryPoint","urlTemplate":"https:\/\/aidon.com\/no\/?s={search_term_string}"},"query-input":{"@type":"PropertyValueSpecification","valueRequired":true,"valueName":"search_term_string"}}],"inLanguage":"nb-NO"}]}},"_links":{"self":[{"href":"https:\/\/aidon.com\/no\/wp-json\/wp\/v2\/pages\/4794","targetHints":{"allow":["GET"]}}],"collection":[{"href":"https:\/\/aidon.com\/no\/wp-json\/wp\/v2\/pages"}],"about":[{"href":"https:\/\/aidon.com\/no\/wp-json\/wp\/v2\/types\/page"}],"author":[{"embeddable":true,"href":"https:\/\/aidon.com\/no\/wp-json\/wp\/v2\/users\/2"}],"replies":[{"embeddable":true,"href":"https:\/\/aidon.com\/no\/wp-json\/wp\/v2\/comments?post=4794"}],"version-history":[{"count":16,"href":"https:\/\/aidon.com\/no\/wp-json\/wp\/v2\/pages\/4794\/revisions"}],"predecessor-version":[{"id":6947,"href":"https:\/\/aidon.com\/no\/wp-json\/wp\/v2\/pages\/4794\/revisions\/6947"}],"up":[{"embeddable":true,"href":"https:\/\/aidon.com\/no\/wp-json\/wp\/v2\/pages\/4740"}],"wp:featuredmedia":[{"embeddable":true,"href":"https:\/\/aidon.com\/no\/wp-json\/wp\/v2\/media\/441"}],"wp:attachment":[{"href":"https:\/\/aidon.com\/no\/wp-json\/wp\/v2\/media?parent=4794"}],"curies":[{"name":"wp","href":"https:\/\/api.w.org\/{rel}","templated":true}]}}