{"id":4792,"date":"2022-08-12T12:05:47","date_gmt":"2022-08-12T09:05:47","guid":{"rendered":"https:\/\/aidon.com\/?page_id=4792"},"modified":"2023-02-08T19:23:31","modified_gmt":"2023-02-08T19:23:31","slug":"smart-grid-intelligence","status":"publish","type":"page","link":"https:\/\/aidon.com\/no\/losninger\/smart-grid-intelligence\/","title":{"rendered":"Smart Grid intelligence"},"content":{"rendered":"<p><img loading=\"lazy\" decoding=\"async\" class=\"alignnone wp-image-6438 size-full\" src=\"https:\/\/aidon.com\/wp-content\/uploads\/2023\/02\/Aidon_Smart_Grid_Intelligence_web_900.png\" alt=\"\" width=\"900\" height=\"368\" srcset=\"https:\/\/aidon.com\/wp-content\/uploads\/2023\/02\/Aidon_Smart_Grid_Intelligence_web_900.png 900w, https:\/\/aidon.com\/wp-content\/uploads\/2023\/02\/Aidon_Smart_Grid_Intelligence_web_900-300x123.png 300w, https:\/\/aidon.com\/wp-content\/uploads\/2023\/02\/Aidon_Smart_Grid_Intelligence_web_900-768x314.png 768w\" sizes=\"auto, (max-width: 900px) 100vw, 900px\" \/><\/p>\n<p><strong>Hovedansvaret til nettselskapene er \u00e5 sikre feilfri str\u00f8mlevering til sluttbrukere. Smarte nettl\u00f8sninger, basert p\u00e5 Aidon\u2019s AMS teknologi gir et unikt og kostnadseffektivt verkt\u00f8y for \u00e5 ivareta dette ansvaret. Verkt\u00f8yet gir nettselskapene et n\u00f8yaktig bilde av tilstanden til distribusjonsnettet og bidrar til effektiv nettadministrasjon og planlegging av vedlikeholdsoppgaver. Vi kaller det \u00abSmart Grid Intelligence\u00bb.<\/strong><\/p>\n<p>Smart Grid Intelligence kan brukes p\u00e5 tre m\u00e5ter:<\/p>\n<ol>\n<li>Proaktiv overv\u00e5king: spenningskvalitet og forebyggende vedlikehold<\/li>\n<li>Reaktiv overv\u00e5king: sanntidsalarmer for umiddelbar handling<\/li>\n<li>Analyse: detaljert informasjon for analyse og probleml\u00f8sning<\/li>\n<\/ol>\n<p>Sammen gir disse en omfattende nettadministrasjonsl\u00f8sning som utnytter <strong>m\u00e5leenhetenes h\u00f8ye samplingsfrekvens, intelligente algoritmer for nettadministrasjon og den mest moderne IoT-tilkoblingsteknologien.<\/strong><\/p>\n<h4>Intelligente sensorer i husholdningene<\/h4>\n<p>AMS-m\u00e5lerne som er installert i hvert hus fungerer som intelligente sensorer, som produserer informasjon om forbrukspunktets tilstand. Eksempler p\u00e5 slik informasjon er variasjoner i spenningskvalitet, detaljer om feil eller forstyrrelser som kan v\u00e6re for\u00e5rsaket av feil i den elektriske forsyningen eller informasjon om feilinstallasjoner. Intelligente nettstyringsalgoritmer som finnes i hver sensor, bruker dataene i beregningsalgoritmer som lager en detaljert oversikt over leveringssituasjonen. Algoritmene oppdager feil og kan utl\u00f8se automatiske meldinger n\u00e5r problemet oppst\u00e5r eller n\u00e5r det sannsynligvis vil oppst\u00e5, noe som gir nettselskapenes serviceteam muligheten til raskt \u00e5 lokalisere problemet. Korrigerende tiltak kan s\u00e5 iverksettes for \u00e5 forhindre eventuelle ulykker og minimere ytterligere skade.<\/p>\n<h4>Effektiv overv\u00e5kning av transformatorstasjoner<\/h4>\n<p>Med v\u00e5r avanserte overv\u00e5kingsl\u00f8sning for transformatorstasjoner vil nettselskapet f\u00e5 et bredere oversikt over hele lavspentnettet. Aidon-sensorer ved transformatorstasjonen gir ikke bare statusinformasjon fra stasjonen, men kan ogs\u00e5 inneha en dobbelfunksjon for m\u00e5le- og analyseform\u00e5l. Dette hjelper til med \u00e5 administrere den generelle tilstanden med hensyn til kvalitet, kvantitet og kostnadene for elektrisitetsdistribusjon i lavspentnettet. For eksempel setter styring av den stadig \u00f8kende mikroproduksjonen ved fornybare energikilder som vind- og solkraft nye krav til distribusjonsnettets evner p\u00e5 transformatorniv\u00e5. Ved \u00e5 kombinere og foredle dataene fra b\u00e5de individuelle forbrukspunkter og nettstasjoner kan nettselskapene styre nettet mer effektivt, b\u00e5de i det daglige arbeidet og over lengre tid.<\/p>\n<h4>Kostnadsbesparelser i daglig drift<\/h4>\n<p>Fordelene ved Smart Grid Intelligence kan umiddelbart sees p\u00e5 som kostnadsbesparelser i forsyningsselskapets kundeservice. Operasjonene knyttet til feilforebygging og feilretting samt reaksjonene p\u00e5 forstyrrelser i nettet blir mer effektive og det trengs mindre tid p\u00e5 feils\u00f8king og reparasjonsarbeid. Tidlige varslingsalarmer og statistiske analysefunksjoner hjelper dessuten nettselskapene med \u00e5 forhindre at noen av feilene i det hele tatt skjer.. De nyeste IoT-tilkoblingsteknologiene som brukes av l\u00f8sningen garanterer p\u00e5litelig og rettidig levering av overv\u00e5kede data, og p\u00e5 sitt beste oppst\u00e5r det aldri feil p\u00e5 nettet eller p\u00e5 en kundes destinasjon, eller det kan fikses f\u00f8r kunden i det hele tatt legger merke til det. F\u00e6rre nettverksavbrudd betyr ogs\u00e5 betydelige besparelser i kundekompensasjoner og KILE.<\/p>\n<p><strong>Forbedret effektivitet p\u00e5 lang sikt<\/strong><\/p>\n<p>Fra et netteffektivitetssynspunkt er det n\u00f8dvendig med en god oversikt over nettverksressursene. Overv\u00e5king av spenningsniv\u00e5ene og andre parametere ved en transformatorstasjon og gjennom distribusjonsnettet frem til siste forbrukspunkt avsl\u00f8rer eventuelle avvik ved leveringskvaliteten og deres opprinnelse uten separate og kostbare kvalitetsm\u00e5leanordninger. I tillegg gir overv\u00e5king av transformatorstasjoner informasjon om mulig nettverksoverbelastning som uten inngrep kan f\u00f8re til for tidlig slitasje og svikt i nettkomponentene. Informasjonen innhentet b\u00e5de fra overv\u00e5king av transformatorstasjoner og intelligente sensorer i husholdningene hjelper til med planlegging av vedlikeholdsarbeid og nye nettverksinvesteringer, samtidig som den forbedrer generell nettytelse og sikkerhet.<\/p>\n<p>Tapsh\u00e5ndtering muliggjort gjennom m\u00e5ling ved transformator og i husholdningene gir en klar oversikt over hvor mye av den overf\u00f8rte energien som g\u00e5r tapt under distribusjonen. Ethvert tap som ikke kan faktureres kunder betyr tapt inntekt for forsyningsselskapet. \u00c5 finne og eliminere grunnleggende taps\u00e5rsaker, enten det er snakk om tilkoblingssvikt, tyveri eller annet, gir kostnadsbesparelser for netteier.<\/p>\n","protected":false},"excerpt":{"rendered":"<p>Hovedansvaret til nettselskapene er \u00e5 sikre feilfri str\u00f8mlevering til sluttbrukere. Smarte nettl\u00f8sninger, basert p\u00e5 Aidon\u2019s AMS teknologi gir et unikt og kostnadseffektivt verkt\u00f8y for \u00e5 ivareta dette ansvaret. Verkt\u00f8yet gir nettselskapene et n\u00f8yaktig bilde av tilstanden til distribusjonsnettet og bidrar til effektiv nettadministrasjon og planlegging av vedlikeholdsoppgaver. Vi kaller det&hellip;<\/p>\n","protected":false},"author":2,"featured_media":1053,"parent":4740,"menu_order":0,"comment_status":"closed","ping_status":"closed","template":"page-single-solutions.php","meta":{"_acf_changed":false,"footnotes":""},"class_list":["post-4792","page","type-page","status-publish","has-post-thumbnail","hentry"],"acf":[],"yoast_head":"<!-- This site is optimized with the Yoast SEO plugin v27.5 - https:\/\/yoast.com\/product\/yoast-seo-wordpress\/ -->\n<title>Smart Grid intelligence - Aidon<\/title>\n<meta name=\"robots\" content=\"index, follow, max-snippet:-1, max-image-preview:large, max-video-preview:-1\" \/>\n<link rel=\"canonical\" href=\"https:\/\/aidon.com\/no\/losninger\/smart-grid-intelligence\/\" \/>\n<meta property=\"og:locale\" content=\"nb_NO\" \/>\n<meta property=\"og:type\" content=\"article\" \/>\n<meta property=\"og:title\" content=\"Smart Grid intelligence - Aidon\" \/>\n<meta property=\"og:description\" content=\"Hovedansvaret til nettselskapene er \u00e5 sikre feilfri str\u00f8mlevering til sluttbrukere. Smarte nettl\u00f8sninger, basert p\u00e5 Aidon\u2019s AMS teknologi gir et unikt og kostnadseffektivt verkt\u00f8y for \u00e5 ivareta dette ansvaret. Verkt\u00f8yet gir nettselskapene et n\u00f8yaktig bilde av tilstanden til distribusjonsnettet og bidrar til effektiv nettadministrasjon og planlegging av vedlikeholdsoppgaver. Vi kaller det&hellip;\" \/>\n<meta property=\"og:url\" content=\"https:\/\/aidon.com\/no\/losninger\/smart-grid-intelligence\/\" \/>\n<meta property=\"og:site_name\" content=\"Aidon\" \/>\n<meta property=\"article:modified_time\" content=\"2023-02-08T19:23:31+00:00\" \/>\n<meta property=\"og:image\" content=\"https:\/\/aidon.com\/wp-content\/uploads\/2022\/09\/smartgrid.png\" \/>\n\t<meta property=\"og:image:width\" content=\"528\" \/>\n\t<meta property=\"og:image:height\" content=\"528\" \/>\n\t<meta property=\"og:image:type\" content=\"image\/png\" \/>\n<meta name=\"twitter:card\" content=\"summary_large_image\" \/>\n<meta name=\"twitter:label1\" content=\"Ansl. lesetid\" \/>\n\t<meta name=\"twitter:data1\" content=\"3 minutter\" \/>\n<script type=\"application\/ld+json\" class=\"yoast-schema-graph\">{\"@context\":\"https:\\\/\\\/schema.org\",\"@graph\":[{\"@type\":\"WebPage\",\"@id\":\"https:\\\/\\\/aidon.com\\\/no\\\/losninger\\\/smart-grid-intelligence\\\/\",\"url\":\"https:\\\/\\\/aidon.com\\\/no\\\/losninger\\\/smart-grid-intelligence\\\/\",\"name\":\"Smart Grid intelligence - Aidon\",\"isPartOf\":{\"@id\":\"https:\\\/\\\/aidon.com\\\/no\\\/#website\"},\"primaryImageOfPage\":{\"@id\":\"https:\\\/\\\/aidon.com\\\/no\\\/losninger\\\/smart-grid-intelligence\\\/#primaryimage\"},\"image\":{\"@id\":\"https:\\\/\\\/aidon.com\\\/no\\\/losninger\\\/smart-grid-intelligence\\\/#primaryimage\"},\"thumbnailUrl\":\"https:\\\/\\\/aidon.com\\\/wp-content\\\/uploads\\\/2022\\\/09\\\/smartgrid.png\",\"datePublished\":\"2022-08-12T09:05:47+00:00\",\"dateModified\":\"2023-02-08T19:23:31+00:00\",\"breadcrumb\":{\"@id\":\"https:\\\/\\\/aidon.com\\\/no\\\/losninger\\\/smart-grid-intelligence\\\/#breadcrumb\"},\"inLanguage\":\"nb-NO\",\"potentialAction\":[{\"@type\":\"ReadAction\",\"target\":[\"https:\\\/\\\/aidon.com\\\/no\\\/losninger\\\/smart-grid-intelligence\\\/\"]}]},{\"@type\":\"ImageObject\",\"inLanguage\":\"nb-NO\",\"@id\":\"https:\\\/\\\/aidon.com\\\/no\\\/losninger\\\/smart-grid-intelligence\\\/#primaryimage\",\"url\":\"https:\\\/\\\/aidon.com\\\/wp-content\\\/uploads\\\/2022\\\/09\\\/smartgrid.png\",\"contentUrl\":\"https:\\\/\\\/aidon.com\\\/wp-content\\\/uploads\\\/2022\\\/09\\\/smartgrid.png\",\"width\":528,\"height\":528},{\"@type\":\"BreadcrumbList\",\"@id\":\"https:\\\/\\\/aidon.com\\\/no\\\/losninger\\\/smart-grid-intelligence\\\/#breadcrumb\",\"itemListElement\":[{\"@type\":\"ListItem\",\"position\":1,\"name\":\"L\u00f8sninger\",\"item\":\"https:\\\/\\\/aidon.com\\\/no\\\/losninger\\\/\"},{\"@type\":\"ListItem\",\"position\":2,\"name\":\"Smart Grid intelligence\"}]},{\"@type\":\"WebSite\",\"@id\":\"https:\\\/\\\/aidon.com\\\/no\\\/#website\",\"url\":\"https:\\\/\\\/aidon.com\\\/no\\\/\",\"name\":\"Aidon\",\"description\":\"\",\"potentialAction\":[{\"@type\":\"SearchAction\",\"target\":{\"@type\":\"EntryPoint\",\"urlTemplate\":\"https:\\\/\\\/aidon.com\\\/no\\\/?s={search_term_string}\"},\"query-input\":{\"@type\":\"PropertyValueSpecification\",\"valueRequired\":true,\"valueName\":\"search_term_string\"}}],\"inLanguage\":\"nb-NO\"}]}<\/script>\n<!-- \/ Yoast SEO plugin. -->","yoast_head_json":{"title":"Smart Grid intelligence - Aidon","robots":{"index":"index","follow":"follow","max-snippet":"max-snippet:-1","max-image-preview":"max-image-preview:large","max-video-preview":"max-video-preview:-1"},"canonical":"https:\/\/aidon.com\/no\/losninger\/smart-grid-intelligence\/","og_locale":"nb_NO","og_type":"article","og_title":"Smart Grid intelligence - Aidon","og_description":"Hovedansvaret til nettselskapene er \u00e5 sikre feilfri str\u00f8mlevering til sluttbrukere. Smarte nettl\u00f8sninger, basert p\u00e5 Aidon\u2019s AMS teknologi gir et unikt og kostnadseffektivt verkt\u00f8y for \u00e5 ivareta dette ansvaret. Verkt\u00f8yet gir nettselskapene et n\u00f8yaktig bilde av tilstanden til distribusjonsnettet og bidrar til effektiv nettadministrasjon og planlegging av vedlikeholdsoppgaver. Vi kaller det&hellip;","og_url":"https:\/\/aidon.com\/no\/losninger\/smart-grid-intelligence\/","og_site_name":"Aidon","article_modified_time":"2023-02-08T19:23:31+00:00","og_image":[{"width":528,"height":528,"url":"https:\/\/aidon.com\/wp-content\/uploads\/2022\/09\/smartgrid.png","type":"image\/png"}],"twitter_card":"summary_large_image","twitter_misc":{"Ansl. lesetid":"3 minutter"},"schema":{"@context":"https:\/\/schema.org","@graph":[{"@type":"WebPage","@id":"https:\/\/aidon.com\/no\/losninger\/smart-grid-intelligence\/","url":"https:\/\/aidon.com\/no\/losninger\/smart-grid-intelligence\/","name":"Smart Grid intelligence - Aidon","isPartOf":{"@id":"https:\/\/aidon.com\/no\/#website"},"primaryImageOfPage":{"@id":"https:\/\/aidon.com\/no\/losninger\/smart-grid-intelligence\/#primaryimage"},"image":{"@id":"https:\/\/aidon.com\/no\/losninger\/smart-grid-intelligence\/#primaryimage"},"thumbnailUrl":"https:\/\/aidon.com\/wp-content\/uploads\/2022\/09\/smartgrid.png","datePublished":"2022-08-12T09:05:47+00:00","dateModified":"2023-02-08T19:23:31+00:00","breadcrumb":{"@id":"https:\/\/aidon.com\/no\/losninger\/smart-grid-intelligence\/#breadcrumb"},"inLanguage":"nb-NO","potentialAction":[{"@type":"ReadAction","target":["https:\/\/aidon.com\/no\/losninger\/smart-grid-intelligence\/"]}]},{"@type":"ImageObject","inLanguage":"nb-NO","@id":"https:\/\/aidon.com\/no\/losninger\/smart-grid-intelligence\/#primaryimage","url":"https:\/\/aidon.com\/wp-content\/uploads\/2022\/09\/smartgrid.png","contentUrl":"https:\/\/aidon.com\/wp-content\/uploads\/2022\/09\/smartgrid.png","width":528,"height":528},{"@type":"BreadcrumbList","@id":"https:\/\/aidon.com\/no\/losninger\/smart-grid-intelligence\/#breadcrumb","itemListElement":[{"@type":"ListItem","position":1,"name":"L\u00f8sninger","item":"https:\/\/aidon.com\/no\/losninger\/"},{"@type":"ListItem","position":2,"name":"Smart Grid intelligence"}]},{"@type":"WebSite","@id":"https:\/\/aidon.com\/no\/#website","url":"https:\/\/aidon.com\/no\/","name":"Aidon","description":"","potentialAction":[{"@type":"SearchAction","target":{"@type":"EntryPoint","urlTemplate":"https:\/\/aidon.com\/no\/?s={search_term_string}"},"query-input":{"@type":"PropertyValueSpecification","valueRequired":true,"valueName":"search_term_string"}}],"inLanguage":"nb-NO"}]}},"_links":{"self":[{"href":"https:\/\/aidon.com\/no\/wp-json\/wp\/v2\/pages\/4792","targetHints":{"allow":["GET"]}}],"collection":[{"href":"https:\/\/aidon.com\/no\/wp-json\/wp\/v2\/pages"}],"about":[{"href":"https:\/\/aidon.com\/no\/wp-json\/wp\/v2\/types\/page"}],"author":[{"embeddable":true,"href":"https:\/\/aidon.com\/no\/wp-json\/wp\/v2\/users\/2"}],"replies":[{"embeddable":true,"href":"https:\/\/aidon.com\/no\/wp-json\/wp\/v2\/comments?post=4792"}],"version-history":[{"count":6,"href":"https:\/\/aidon.com\/no\/wp-json\/wp\/v2\/pages\/4792\/revisions"}],"predecessor-version":[{"id":6839,"href":"https:\/\/aidon.com\/no\/wp-json\/wp\/v2\/pages\/4792\/revisions\/6839"}],"up":[{"embeddable":true,"href":"https:\/\/aidon.com\/no\/wp-json\/wp\/v2\/pages\/4740"}],"wp:featuredmedia":[{"embeddable":true,"href":"https:\/\/aidon.com\/no\/wp-json\/wp\/v2\/media\/1053"}],"wp:attachment":[{"href":"https:\/\/aidon.com\/no\/wp-json\/wp\/v2\/media?parent=4792"}],"curies":[{"name":"wp","href":"https:\/\/api.w.org\/{rel}","templated":true}]}}