{"id":4790,"date":"2022-08-12T12:05:16","date_gmt":"2022-08-12T12:05:16","guid":{"rendered":"https:\/\/aidon.com\/?page_id=4790"},"modified":"2023-02-06T13:13:13","modified_gmt":"2023-02-06T13:13:13","slug":"expert-services","status":"publish","type":"page","link":"https:\/\/aidon.com\/no\/losninger\/expert-services\/","title":{"rendered":"Eksperttjenester"},"content":{"rendered":"<p><img loading=\"lazy\" decoding=\"async\" class=\"alignnone wp-image-6433 size-full\" src=\"https:\/\/aidon.com\/wp-content\/uploads\/2023\/02\/Aidon_Expert_services_web_900.png\" alt=\"\" width=\"900\" height=\"249\" srcset=\"https:\/\/aidon.com\/wp-content\/uploads\/2023\/02\/Aidon_Expert_services_web_900.png 900w, https:\/\/aidon.com\/wp-content\/uploads\/2023\/02\/Aidon_Expert_services_web_900-300x83.png 300w, https:\/\/aidon.com\/wp-content\/uploads\/2023\/02\/Aidon_Expert_services_web_900-768x212.png 768w\" sizes=\"auto, (max-width: 900px) 100vw, 900px\" \/><\/p>\n<p><strong>V\u00e5re eksperttjenester st\u00f8tter kundene i bruk og vedlikehold av produktene v\u00e5re samt i probleml\u00f8sning gjennom hele levetiden.<\/strong><\/p>\n<h4>Service Desk \u2013 for daglige behov<\/h4>\n<p>Service Desk hjelper kundene v\u00e5re med daglige sp\u00f8rsm\u00e5l og probleml\u00f8sning. Med godkjennskap til Aidons produkter og l\u00f8sninger samt ulike kundesystemmilj\u00f8er, gir Service Desk profesjonell og effektiv bistand i henhold til kundeserviceavtalen.<\/p>\n<h4>Oppl\u00e6ring &#8211; for \u00e5 holde deg oppdatert<\/h4>\n<p>Oppl\u00e6ringen gir v\u00e5re kunder den ekspertisen de trenger for \u00e5 bruke og vedlikeholde Aidon-l\u00f8sningene sine. Oppl\u00e6ringstilbudet inkluderer system- og m\u00e5lerfokusert oppl\u00e6ring som er \u00e5pen for alle kunder, samt skreddersydde oppl\u00e6ringer for kunder som har behov for det.<\/p>\n<h4>Prosjektledelse og r\u00e5dgivning \u2013 fleksibel l\u00f8sning<\/h4>\n<p>V\u00e5re erfarne fagfolk bringer sin ekspertise til v\u00e5re kunder og tjenesten omfatter roll-out- og systemimplementering, mindre oppgraderings- eller integrasjonsprosjekter, samt oppdrag som krever spesialkompetanse.<\/p>\n","protected":false},"excerpt":{"rendered":"<p>V\u00e5re eksperttjenester st\u00f8tter kundene i bruk og vedlikehold av produktene v\u00e5re samt i probleml\u00f8sning gjennom hele levetiden. Service Desk \u2013 for daglige behov Service Desk hjelper kundene v\u00e5re med daglige sp\u00f8rsm\u00e5l og probleml\u00f8sning. Med godkjennskap til Aidons produkter og l\u00f8sninger samt ulike kundesystemmilj\u00f8er, gir Service Desk profesjonell og effektiv bistand&hellip;<\/p>\n","protected":false},"author":2,"featured_media":432,"parent":4740,"menu_order":0,"comment_status":"closed","ping_status":"closed","template":"page-single-solutions.php","meta":{"_acf_changed":false,"footnotes":""},"class_list":["post-4790","page","type-page","status-publish","has-post-thumbnail","hentry"],"acf":[],"yoast_head":"<!-- This site is optimized with the Yoast SEO plugin v27.5 - https:\/\/yoast.com\/product\/yoast-seo-wordpress\/ -->\n<title>Eksperttjenester - Aidon<\/title>\n<meta name=\"robots\" content=\"index, follow, max-snippet:-1, max-image-preview:large, max-video-preview:-1\" \/>\n<link rel=\"canonical\" href=\"https:\/\/aidon.com\/no\/losninger\/expert-services\/\" \/>\n<meta property=\"og:locale\" content=\"nb_NO\" \/>\n<meta property=\"og:type\" content=\"article\" \/>\n<meta property=\"og:title\" content=\"Eksperttjenester - Aidon\" \/>\n<meta property=\"og:description\" content=\"V\u00e5re eksperttjenester st\u00f8tter kundene i bruk og vedlikehold av produktene v\u00e5re samt i probleml\u00f8sning gjennom hele levetiden. Service Desk \u2013 for daglige behov Service Desk hjelper kundene v\u00e5re med daglige sp\u00f8rsm\u00e5l og probleml\u00f8sning. Med godkjennskap til Aidons produkter og l\u00f8sninger samt ulike kundesystemmilj\u00f8er, gir Service Desk profesjonell og effektiv bistand&hellip;\" \/>\n<meta property=\"og:url\" content=\"https:\/\/aidon.com\/no\/losninger\/expert-services\/\" \/>\n<meta property=\"og:site_name\" content=\"Aidon\" \/>\n<meta property=\"article:modified_time\" content=\"2023-02-06T13:13:13+00:00\" \/>\n<meta property=\"og:image\" content=\"https:\/\/aidon.com\/wp-content\/uploads\/2022\/08\/expert.png\" \/>\n\t<meta property=\"og:image:width\" content=\"397\" \/>\n\t<meta property=\"og:image:height\" content=\"397\" \/>\n\t<meta property=\"og:image:type\" content=\"image\/png\" \/>\n<meta name=\"twitter:card\" content=\"summary_large_image\" \/>\n<meta name=\"twitter:label1\" content=\"Ansl. lesetid\" \/>\n\t<meta name=\"twitter:data1\" content=\"1 minutt\" \/>\n<script type=\"application\/ld+json\" class=\"yoast-schema-graph\">{\"@context\":\"https:\\\/\\\/schema.org\",\"@graph\":[{\"@type\":\"WebPage\",\"@id\":\"https:\\\/\\\/aidon.com\\\/no\\\/losninger\\\/expert-services\\\/\",\"url\":\"https:\\\/\\\/aidon.com\\\/no\\\/losninger\\\/expert-services\\\/\",\"name\":\"Eksperttjenester - Aidon\",\"isPartOf\":{\"@id\":\"https:\\\/\\\/aidon.com\\\/no\\\/#website\"},\"primaryImageOfPage\":{\"@id\":\"https:\\\/\\\/aidon.com\\\/no\\\/losninger\\\/expert-services\\\/#primaryimage\"},\"image\":{\"@id\":\"https:\\\/\\\/aidon.com\\\/no\\\/losninger\\\/expert-services\\\/#primaryimage\"},\"thumbnailUrl\":\"https:\\\/\\\/aidon.com\\\/wp-content\\\/uploads\\\/2022\\\/08\\\/expert.png\",\"datePublished\":\"2022-08-12T12:05:16+00:00\",\"dateModified\":\"2023-02-06T13:13:13+00:00\",\"breadcrumb\":{\"@id\":\"https:\\\/\\\/aidon.com\\\/no\\\/losninger\\\/expert-services\\\/#breadcrumb\"},\"inLanguage\":\"nb-NO\",\"potentialAction\":[{\"@type\":\"ReadAction\",\"target\":[\"https:\\\/\\\/aidon.com\\\/no\\\/losninger\\\/expert-services\\\/\"]}]},{\"@type\":\"ImageObject\",\"inLanguage\":\"nb-NO\",\"@id\":\"https:\\\/\\\/aidon.com\\\/no\\\/losninger\\\/expert-services\\\/#primaryimage\",\"url\":\"https:\\\/\\\/aidon.com\\\/wp-content\\\/uploads\\\/2022\\\/08\\\/expert.png\",\"contentUrl\":\"https:\\\/\\\/aidon.com\\\/wp-content\\\/uploads\\\/2022\\\/08\\\/expert.png\",\"width\":397,\"height\":397},{\"@type\":\"BreadcrumbList\",\"@id\":\"https:\\\/\\\/aidon.com\\\/no\\\/losninger\\\/expert-services\\\/#breadcrumb\",\"itemListElement\":[{\"@type\":\"ListItem\",\"position\":1,\"name\":\"L\u00f8sninger\",\"item\":\"https:\\\/\\\/aidon.com\\\/no\\\/losninger\\\/\"},{\"@type\":\"ListItem\",\"position\":2,\"name\":\"Eksperttjenester\"}]},{\"@type\":\"WebSite\",\"@id\":\"https:\\\/\\\/aidon.com\\\/no\\\/#website\",\"url\":\"https:\\\/\\\/aidon.com\\\/no\\\/\",\"name\":\"Aidon\",\"description\":\"\",\"potentialAction\":[{\"@type\":\"SearchAction\",\"target\":{\"@type\":\"EntryPoint\",\"urlTemplate\":\"https:\\\/\\\/aidon.com\\\/no\\\/?s={search_term_string}\"},\"query-input\":{\"@type\":\"PropertyValueSpecification\",\"valueRequired\":true,\"valueName\":\"search_term_string\"}}],\"inLanguage\":\"nb-NO\"}]}<\/script>\n<!-- \/ Yoast SEO plugin. -->","yoast_head_json":{"title":"Eksperttjenester - Aidon","robots":{"index":"index","follow":"follow","max-snippet":"max-snippet:-1","max-image-preview":"max-image-preview:large","max-video-preview":"max-video-preview:-1"},"canonical":"https:\/\/aidon.com\/no\/losninger\/expert-services\/","og_locale":"nb_NO","og_type":"article","og_title":"Eksperttjenester - Aidon","og_description":"V\u00e5re eksperttjenester st\u00f8tter kundene i bruk og vedlikehold av produktene v\u00e5re samt i probleml\u00f8sning gjennom hele levetiden. Service Desk \u2013 for daglige behov Service Desk hjelper kundene v\u00e5re med daglige sp\u00f8rsm\u00e5l og probleml\u00f8sning. Med godkjennskap til Aidons produkter og l\u00f8sninger samt ulike kundesystemmilj\u00f8er, gir Service Desk profesjonell og effektiv bistand&hellip;","og_url":"https:\/\/aidon.com\/no\/losninger\/expert-services\/","og_site_name":"Aidon","article_modified_time":"2023-02-06T13:13:13+00:00","og_image":[{"width":397,"height":397,"url":"https:\/\/aidon.com\/wp-content\/uploads\/2022\/08\/expert.png","type":"image\/png"}],"twitter_card":"summary_large_image","twitter_misc":{"Ansl. lesetid":"1 minutt"},"schema":{"@context":"https:\/\/schema.org","@graph":[{"@type":"WebPage","@id":"https:\/\/aidon.com\/no\/losninger\/expert-services\/","url":"https:\/\/aidon.com\/no\/losninger\/expert-services\/","name":"Eksperttjenester - Aidon","isPartOf":{"@id":"https:\/\/aidon.com\/no\/#website"},"primaryImageOfPage":{"@id":"https:\/\/aidon.com\/no\/losninger\/expert-services\/#primaryimage"},"image":{"@id":"https:\/\/aidon.com\/no\/losninger\/expert-services\/#primaryimage"},"thumbnailUrl":"https:\/\/aidon.com\/wp-content\/uploads\/2022\/08\/expert.png","datePublished":"2022-08-12T12:05:16+00:00","dateModified":"2023-02-06T13:13:13+00:00","breadcrumb":{"@id":"https:\/\/aidon.com\/no\/losninger\/expert-services\/#breadcrumb"},"inLanguage":"nb-NO","potentialAction":[{"@type":"ReadAction","target":["https:\/\/aidon.com\/no\/losninger\/expert-services\/"]}]},{"@type":"ImageObject","inLanguage":"nb-NO","@id":"https:\/\/aidon.com\/no\/losninger\/expert-services\/#primaryimage","url":"https:\/\/aidon.com\/wp-content\/uploads\/2022\/08\/expert.png","contentUrl":"https:\/\/aidon.com\/wp-content\/uploads\/2022\/08\/expert.png","width":397,"height":397},{"@type":"BreadcrumbList","@id":"https:\/\/aidon.com\/no\/losninger\/expert-services\/#breadcrumb","itemListElement":[{"@type":"ListItem","position":1,"name":"L\u00f8sninger","item":"https:\/\/aidon.com\/no\/losninger\/"},{"@type":"ListItem","position":2,"name":"Eksperttjenester"}]},{"@type":"WebSite","@id":"https:\/\/aidon.com\/no\/#website","url":"https:\/\/aidon.com\/no\/","name":"Aidon","description":"","potentialAction":[{"@type":"SearchAction","target":{"@type":"EntryPoint","urlTemplate":"https:\/\/aidon.com\/no\/?s={search_term_string}"},"query-input":{"@type":"PropertyValueSpecification","valueRequired":true,"valueName":"search_term_string"}}],"inLanguage":"nb-NO"}]}},"_links":{"self":[{"href":"https:\/\/aidon.com\/no\/wp-json\/wp\/v2\/pages\/4790","targetHints":{"allow":["GET"]}}],"collection":[{"href":"https:\/\/aidon.com\/no\/wp-json\/wp\/v2\/pages"}],"about":[{"href":"https:\/\/aidon.com\/no\/wp-json\/wp\/v2\/types\/page"}],"author":[{"embeddable":true,"href":"https:\/\/aidon.com\/no\/wp-json\/wp\/v2\/users\/2"}],"replies":[{"embeddable":true,"href":"https:\/\/aidon.com\/no\/wp-json\/wp\/v2\/comments?post=4790"}],"version-history":[{"count":9,"href":"https:\/\/aidon.com\/no\/wp-json\/wp\/v2\/pages\/4790\/revisions"}],"predecessor-version":[{"id":6481,"href":"https:\/\/aidon.com\/no\/wp-json\/wp\/v2\/pages\/4790\/revisions\/6481"}],"up":[{"embeddable":true,"href":"https:\/\/aidon.com\/no\/wp-json\/wp\/v2\/pages\/4740"}],"wp:featuredmedia":[{"embeddable":true,"href":"https:\/\/aidon.com\/no\/wp-json\/wp\/v2\/media\/432"}],"wp:attachment":[{"href":"https:\/\/aidon.com\/no\/wp-json\/wp\/v2\/media?parent=4790"}],"curies":[{"name":"wp","href":"https:\/\/api.w.org\/{rel}","templated":true}]}}