{"id":4788,"date":"2022-08-12T12:04:38","date_gmt":"2022-08-12T09:04:38","guid":{"rendered":"https:\/\/aidon.com\/?page_id=4788"},"modified":"2025-12-02T13:05:29","modified_gmt":"2025-12-02T11:05:29","slug":"smarte-malere","status":"publish","type":"page","link":"https:\/\/aidon.com\/no\/losninger\/smarte-malere\/","title":{"rendered":"Smarte m\u00e5lere"},"content":{"rendered":"<h4><img loading=\"lazy\" decoding=\"async\" class=\"alignnone wp-image-18132\" src=\"https:\/\/aidon.com\/wp-content\/uploads\/2025\/11\/Aidon-meters-6000-7000-8000-web.jpg\" alt=\"\" width=\"700\" height=\"338\" srcset=\"https:\/\/aidon.com\/wp-content\/uploads\/2025\/11\/Aidon-meters-6000-7000-8000-web.jpg 1013w, https:\/\/aidon.com\/wp-content\/uploads\/2025\/11\/Aidon-meters-6000-7000-8000-web-300x145.jpg 300w, https:\/\/aidon.com\/wp-content\/uploads\/2025\/11\/Aidon-meters-6000-7000-8000-web-768x371.jpg 768w\" sizes=\"auto, (max-width: 700px) 100vw, 700px\" \/><\/h4>\n<h4>Aidon 8000-serie m\u00e5ler<\/h4>\n<p><strong>Aidon 8000-serie m\u00e5lere er designet for dagens og fremtidens distribusjonsnett og kombinerer et kompakt design med innovative funksjoner som st\u00f8tter avanserte smarte nett. M\u00e5ler-familien inkluderer DC-, CT- og CT\/VT-modeller for applikasjoner som spenner fra husholdningsm\u00e5ling til m\u00e5linger med krav til h\u00f8y n\u00f8yaktighet.<\/strong><\/p>\n<h4>Ultrakompakt design<\/h4>\n<p>Aidon 8000-serien kombinerer ergonomisk komfort med en kompakt form. Et enkelt mekanisk konsept fungerer for b\u00e5de 3-fase og 1-fase m\u00e5lere. Dette reduserer antall varianter, noe som forenkler monteringsprosedyrer og logistikk.<\/p>\n<h4>\u00abBest i klassen m\u00e5ling\u00bb &#8211; med et brukervennlig grensesnitt<\/h4>\n<p>Intuitive visningsmenyer og en tre-knapps oppsett gj\u00f8r m\u00e5lerinformasjon lett tilgjengelig for installat\u00f8rer og kunde. Funksjoner inkluderer fasebasert- og total energim\u00e5ling i 4 kvadranter, tariffer, tidsstemplede lastprofiler, lastkontroll og registrering av str\u00f8mbrudd. Fjernoppgradering gj\u00f8r det mulig \u00e5 oppdatere m\u00e5lefunksjonene uten bes\u00f8k p\u00e5 stedet.<\/p>\n<h4>Enkel og sikker installasjon<\/h4>\n<p>Aidon 8000-serie m\u00e5lere er utformet for rask, effektiv og sikker installasjon. H\u00e5ndtering og plassering av enheten er enkel. Dekselet til skyveskruen sikrer at alle tilkoblinger er riktig strammet. Displayets guidede installasjonssekvens varsler deg umiddelbart om eventuelle avvik og bekrefter vellykket installasjon.<\/p>\n<h4>Avanserte smart grid funksjoner<\/h4>\n<p>Omfattende m\u00e5lemuligheter og forbedret feildiagnostikk st\u00f8tter overv\u00e5king og styring av nettet, inkludert feilposisjonering, h\u00e5ndtering av str\u00f8mbrudd, leveringskvalitet, ettersp\u00f8rselsrespons og kundesikkerhet. Edge-computing muliggj\u00f8r rask databehandling for sanntidskontroll og diagnostikk.<\/p>\n<h4>P\u00e5litelig ytelse, fleksibel tilkobling<\/h4>\n<p>Felt-testede RF-, NB-IoT- og LTE-M-teknologier sikrer p\u00e5litelig kommunikasjon under alle forhold. \u00c5 kombinere ulike teknologier for \u00e5 skape en hybridl\u00f8sning utnytter styrkene til hver enkelt teknologi i en felles l\u00f8sning. Fjernstyrt eSIM garanterer sikker, fleksibel og operat\u00f8ruavhengig IoT-tilkobling gjennom hele m\u00e5lerens livssyklus.<\/p>\n<h4>Aidon 8000-serie m\u00e5ler<\/h4>\n<div id='gallery-1' class='gallery galleryid-4788 gallery-columns-3 gallery-size-large'><figure class='gallery-item'>\n\t\t\t<div class='gallery-icon portrait'>\n\t\t\t\t<a href='https:\/\/aidon.com\/wp-content\/uploads\/2025\/11\/Aidon-8000-Series-left-3.jpg' title=\"Aidon 8000-serie m\u00e5ler\" data-rl_title=\"Aidon 8000-serie m\u00e5ler\" class=\"rl-gallery-link\" data-rl_caption=\"Aidon 8000-serie m\u00e5ler\" data-rel=\"lightbox-gallery-1\"><img loading=\"lazy\" decoding=\"async\" width=\"618\" height=\"864\" src=\"https:\/\/aidon.com\/wp-content\/uploads\/2025\/11\/Aidon-8000-Series-left-3.jpg\" class=\"attachment-large size-large\" alt=\"\" aria-describedby=\"gallery-1-18110\" srcset=\"https:\/\/aidon.com\/wp-content\/uploads\/2025\/11\/Aidon-8000-Series-left-3.jpg 618w, https:\/\/aidon.com\/wp-content\/uploads\/2025\/11\/Aidon-8000-Series-left-3-215x300.jpg 215w\" sizes=\"auto, (max-width: 618px) 100vw, 618px\" \/><\/a>\n\t\t\t<\/div>\n\t\t\t\t<figcaption class='wp-caption-text gallery-caption' id='gallery-1-18110'>\n\t\t\t\tAidon 8000-serie m\u00e5ler\n\t\t\t\t<\/figcaption><\/figure><figure class='gallery-item'>\n\t\t\t<div class='gallery-icon portrait'>\n\t\t\t\t<a href='https:\/\/aidon.com\/wp-content\/uploads\/2025\/11\/Aidon-8000-Series-front-picture.jpg' title=\"Aidon 8000-serie m\u00e5ler\" data-rl_title=\"Aidon 8000-serie m\u00e5ler\" class=\"rl-gallery-link\" data-rl_caption=\"Aidon 8000-serie m\u00e5ler\" data-rel=\"lightbox-gallery-1\"><img loading=\"lazy\" decoding=\"async\" width=\"600\" height=\"840\" src=\"https:\/\/aidon.com\/wp-content\/uploads\/2025\/11\/Aidon-8000-Series-front-picture.jpg\" class=\"attachment-large size-large\" alt=\"\" aria-describedby=\"gallery-1-18084\" srcset=\"https:\/\/aidon.com\/wp-content\/uploads\/2025\/11\/Aidon-8000-Series-front-picture.jpg 600w, https:\/\/aidon.com\/wp-content\/uploads\/2025\/11\/Aidon-8000-Series-front-picture-214x300.jpg 214w\" sizes=\"auto, (max-width: 600px) 100vw, 600px\" \/><\/a>\n\t\t\t<\/div>\n\t\t\t\t<figcaption class='wp-caption-text gallery-caption' id='gallery-1-18084'>\n\t\t\t\tAidon 8000-serie m\u00e5ler\n\t\t\t\t<\/figcaption><\/figure>\n\t\t<\/div>\n\n<h4>Aidons 6000- og 7000-serie Energy Service Devices (ESD)<\/h4>\n<p><strong>Aidons 6000- og 7000-serie Energy Service Devices (ESD) er en kombinasjon av m\u00e5ler, tilkoblingsmuligheter, allsidige sensorer og grensesnitt med h\u00f8y ytelse. Den p\u00e5litelige enheten er utformet for \u00e5 m\u00f8te de nordiske nettselskapenes krav og for \u00e5 kunne fungere under krevende forhold.<\/strong><\/p>\n<h4>Flere fordeler<\/h4>\n<p>Enheten har et funksjonelt design, en robust struktur, og er enkel \u00e5 installere. Ekstern oppgradering av enheten muliggj\u00f8r distribusjon av nye programvarer og aktivering av ny funksjonalitet i l\u00f8pet av enhetens livssyklus.<\/p>\n<h4>7000-serien med innovative funksjoner<\/h4>\n<p>De nye enhetene i 7000-serien kommer med nye funksjoner som bl.a. High-Speed Data Collection-grensesnittet (HSDC) med ekstremt n\u00f8yaktig samplingsevne. Den muliggj\u00f8r allsidige og sanntidsfunksoner og har diagnostisk programvare.<\/p>\n<h4>Systemmodul \u2013 for s\u00f8ml\u00f8se oppgraderinger<\/h4>\n<p>M\u00e5lerenheten\u00a0 best\u00e5r av en str\u00f8mm\u00e5ler og en systemmodul. Systemmodulen tar seg av dataoverf\u00f8ringen fra str\u00f8mm\u00e5leren, og type modul velges i henhold til den kommunikasjonsteknologi som \u00f8nskes. Da systemmodulen er en adskilt del av enheten kan man introdusere ny tilkoblingsteknologi i l\u00f8pet av systemets livssyklus uten \u00e5 endre koble fra eller endre selve str\u00f8m-m\u00e5leren.<\/p>\n<h4>Hvordan det virker<\/h4>\n<p>M\u00e5leren m\u00e5ler energiforbruket og produserer informasjon med spesifiserte intervaller, for eksempel 15 eller 60 minutter. Systemmodulen styrer m\u00e5leren og muliggj\u00f8r levering av tidsstemplede registerverdier, kontroll av belastninger, overv\u00e5king av str\u00f8mkvalitet, registrering av str\u00f8mbrudd og feilinformasjon, samt avlesing av ekstern statusinformasjon.<\/p>\n<h4>HAN-grensesnitt<\/h4>\n<p>HAN-grensesnittet til Aidon Energi Service Device-enheten gir kunden informasjon om energiforbruket i nesten sanntid. Den tekniske beskrivelsen av HAN-grensesnittet finner du her: <strong><a href=\"https:\/\/aidon.com\/wp-content\/uploads\/2023\/06\/AIDONFD_RJ45_HAN_Interface_EN.pdf\" target=\"_blank\" rel=\"noopener\">Beskrivelse av Aidon HAN RJ45-grensesnittet (EN)<\/a><\/strong><\/p>\n<p>Hvis du har Aidon Energy Service Device installert i husholdningen din og \u00f8nsker informasjon om implementeringen av HAN-grensesnittet, kan du kontakte nettselskapet ditt.<\/p>\n<h4>Aidons 6000-serie Energy Service Devices<\/h4>\n<div id='gallery-2' class='gallery galleryid-4788 gallery-columns-2 gallery-size-medium'><figure class='gallery-item'>\n\t\t\t<div class='gallery-icon portrait'>\n\t\t\t\t<a href='https:\/\/aidon.com\/wp-content\/uploads\/2023\/02\/Aidon-6515-front-right-white-background-small-72.png' title=\"Aidon 6515 \u2013 Enfaset KWh-m\u00e5ler til husholdning\" data-rl_title=\"Aidon 6515 \u2013 Enfaset KWh-m\u00e5ler til husholdning\" class=\"rl-gallery-link\" data-rl_caption=\"Aidon 6515 \u2013 Enfaset KWh-m\u00e5ler til husholdning\" data-rel=\"lightbox-gallery-2\"><img loading=\"lazy\" decoding=\"async\" width=\"223\" height=\"300\" src=\"https:\/\/aidon.com\/wp-content\/uploads\/2023\/02\/Aidon-6515-front-right-white-background-small-72-223x300.png\" class=\"attachment-medium size-medium\" alt=\"\" aria-describedby=\"gallery-2-6301\" srcset=\"https:\/\/aidon.com\/wp-content\/uploads\/2023\/02\/Aidon-6515-front-right-white-background-small-72-223x300.png 223w, https:\/\/aidon.com\/wp-content\/uploads\/2023\/02\/Aidon-6515-front-right-white-background-small-72-760x1024.png 760w, https:\/\/aidon.com\/wp-content\/uploads\/2023\/02\/Aidon-6515-front-right-white-background-small-72-768x1035.png 768w, https:\/\/aidon.com\/wp-content\/uploads\/2023\/02\/Aidon-6515-front-right-white-background-small-72.png 1104w\" sizes=\"auto, (max-width: 223px) 100vw, 223px\" \/><\/a>\n\t\t\t<\/div>\n\t\t\t\t<figcaption class='wp-caption-text gallery-caption' id='gallery-2-6301'>\n\t\t\t\tAidon 6515 \u2013 Enfaset KWh-m\u00e5ler til husholdning\n\t\t\t\t<\/figcaption><\/figure><figure class='gallery-item'>\n\t\t\t<div class='gallery-icon portrait'>\n\t\t\t\t<a href='https:\/\/aidon.com\/wp-content\/uploads\/2023\/02\/Aidon-6525-front-right-white-background-small-72.png' title=\"Aidon 6525 \u2013 Trefaset KWh-m\u00e5ler til husholdning\" data-rl_title=\"Aidon 6525 \u2013 Trefaset KWh-m\u00e5ler til husholdning\" class=\"rl-gallery-link\" data-rl_caption=\"Aidon 6525 \u2013 Trefaset KWh-m\u00e5ler til husholdning\" data-rel=\"lightbox-gallery-2\"><img loading=\"lazy\" decoding=\"async\" width=\"223\" height=\"300\" src=\"https:\/\/aidon.com\/wp-content\/uploads\/2023\/02\/Aidon-6525-front-right-white-background-small-72-223x300.png\" class=\"attachment-medium size-medium\" alt=\"\" aria-describedby=\"gallery-2-6309\" srcset=\"https:\/\/aidon.com\/wp-content\/uploads\/2023\/02\/Aidon-6525-front-right-white-background-small-72-223x300.png 223w, https:\/\/aidon.com\/wp-content\/uploads\/2023\/02\/Aidon-6525-front-right-white-background-small-72-760x1024.png 760w, https:\/\/aidon.com\/wp-content\/uploads\/2023\/02\/Aidon-6525-front-right-white-background-small-72-768x1035.png 768w, https:\/\/aidon.com\/wp-content\/uploads\/2023\/02\/Aidon-6525-front-right-white-background-small-72.png 1104w\" sizes=\"auto, (max-width: 223px) 100vw, 223px\" \/><\/a>\n\t\t\t<\/div>\n\t\t\t\t<figcaption class='wp-caption-text gallery-caption' id='gallery-2-6309'>\n\t\t\t\tAidon 6525 \u2013 Trefaset KWh-m\u00e5ler til husholdning\n\t\t\t\t<\/figcaption><\/figure><figure class='gallery-item'>\n\t\t\t<div class='gallery-icon portrait'>\n\t\t\t\t<a href='https:\/\/aidon.com\/wp-content\/uploads\/2022\/10\/Aidon-6534-front-right-small-72.jpg' title=\"Aidon 6534 \u2013 Trefaset KWh-m\u00e5ler til husholdning\" data-rl_title=\"Aidon 6534 \u2013 Trefaset KWh-m\u00e5ler til husholdning\" class=\"rl-gallery-link\" data-rl_caption=\"Aidon 6534 \u2013 Trefaset KWh-m\u00e5ler til husholdning\" data-rel=\"lightbox-gallery-2\"><img loading=\"lazy\" decoding=\"async\" width=\"223\" height=\"300\" src=\"https:\/\/aidon.com\/wp-content\/uploads\/2022\/10\/Aidon-6534-front-right-small-72-223x300.jpg\" class=\"attachment-medium size-medium\" alt=\"\" aria-describedby=\"gallery-2-2405\" srcset=\"https:\/\/aidon.com\/wp-content\/uploads\/2022\/10\/Aidon-6534-front-right-small-72-223x300.jpg 223w, https:\/\/aidon.com\/wp-content\/uploads\/2022\/10\/Aidon-6534-front-right-small-72-760x1024.jpg 760w, https:\/\/aidon.com\/wp-content\/uploads\/2022\/10\/Aidon-6534-front-right-small-72-768x1035.jpg 768w, https:\/\/aidon.com\/wp-content\/uploads\/2022\/10\/Aidon-6534-front-right-small-72.jpg 1104w\" sizes=\"auto, (max-width: 223px) 100vw, 223px\" \/><\/a>\n\t\t\t<\/div>\n\t\t\t\t<figcaption class='wp-caption-text gallery-caption' id='gallery-2-2405'>\n\t\t\t\tAidon 6534 \u2013 Trefaset KWh-m\u00e5ler til husholdning\n\t\t\t\t<\/figcaption><\/figure><figure class='gallery-item'>\n\t\t\t<div class='gallery-icon portrait'>\n\t\t\t\t<a href='https:\/\/aidon.com\/wp-content\/uploads\/2023\/02\/Aidon-6540-front-right-white-background-small-72.png' title=\"Aidon 6540 \u2013 Trefaset KWh-m\u00e5ler til husholdning\" data-rl_title=\"Aidon 6540 \u2013 Trefaset KWh-m\u00e5ler til husholdning\" class=\"rl-gallery-link\" data-rl_caption=\"Aidon 6540 \u2013 Trefaset KWh-m\u00e5ler til husholdning\" data-rel=\"lightbox-gallery-2\"><img loading=\"lazy\" decoding=\"async\" width=\"223\" height=\"300\" src=\"https:\/\/aidon.com\/wp-content\/uploads\/2023\/02\/Aidon-6540-front-right-white-background-small-72-223x300.png\" class=\"attachment-medium size-medium\" alt=\"\" aria-describedby=\"gallery-2-6305\" srcset=\"https:\/\/aidon.com\/wp-content\/uploads\/2023\/02\/Aidon-6540-front-right-white-background-small-72-223x300.png 223w, https:\/\/aidon.com\/wp-content\/uploads\/2023\/02\/Aidon-6540-front-right-white-background-small-72-760x1024.png 760w, https:\/\/aidon.com\/wp-content\/uploads\/2023\/02\/Aidon-6540-front-right-white-background-small-72-768x1035.png 768w, https:\/\/aidon.com\/wp-content\/uploads\/2023\/02\/Aidon-6540-front-right-white-background-small-72.png 1104w\" sizes=\"auto, (max-width: 223px) 100vw, 223px\" \/><\/a>\n\t\t\t<\/div>\n\t\t\t\t<figcaption class='wp-caption-text gallery-caption' id='gallery-2-6305'>\n\t\t\t\tAidon 6540 \u2013 Trefaset KWh-m\u00e5ler til husholdning\n\t\t\t\t<\/figcaption><\/figure><figure class='gallery-item'>\n\t\t\t<div class='gallery-icon portrait'>\n\t\t\t\t<a href='https:\/\/aidon.com\/wp-content\/uploads\/2023\/02\/Aidon-6550-front-right-white-background-small-72.jpg' title=\"Aidon 6550 - Trefaset str\u00f8mtransformator&shy;m\u00e5ler til industrielt bruk (CT)\" data-rl_title=\"Aidon 6550 - Trefaset str\u00f8mtransformator&shy;m\u00e5ler til industrielt bruk (CT)\" class=\"rl-gallery-link\" data-rl_caption=\"Aidon 6550 - Trefaset str\u00f8mtransformator&shy;m\u00e5ler til industrielt bruk (CT)\" data-rel=\"lightbox-gallery-2\"><img loading=\"lazy\" decoding=\"async\" width=\"223\" height=\"300\" src=\"https:\/\/aidon.com\/wp-content\/uploads\/2023\/02\/Aidon-6550-front-right-white-background-small-72-223x300.jpg\" class=\"attachment-medium size-medium\" alt=\"\" aria-describedby=\"gallery-2-6282\" srcset=\"https:\/\/aidon.com\/wp-content\/uploads\/2023\/02\/Aidon-6550-front-right-white-background-small-72-223x300.jpg 223w, https:\/\/aidon.com\/wp-content\/uploads\/2023\/02\/Aidon-6550-front-right-white-background-small-72-760x1024.jpg 760w, https:\/\/aidon.com\/wp-content\/uploads\/2023\/02\/Aidon-6550-front-right-white-background-small-72-768x1035.jpg 768w, https:\/\/aidon.com\/wp-content\/uploads\/2023\/02\/Aidon-6550-front-right-white-background-small-72.jpg 1104w\" sizes=\"auto, (max-width: 223px) 100vw, 223px\" \/><\/a>\n\t\t\t<\/div>\n\t\t\t\t<figcaption class='wp-caption-text gallery-caption' id='gallery-2-6282'>\n\t\t\t\tAidon 6550 &#8211; Trefaset str\u00f8mtransformator&shy;m\u00e5ler til industrielt bruk (CT)\n\t\t\t\t<\/figcaption><\/figure><figure class='gallery-item'>\n\t\t\t<div class='gallery-icon portrait'>\n\t\t\t\t<a href='https:\/\/aidon.com\/wp-content\/uploads\/2023\/02\/Aidon-6560-front-right-white-background-small-72.jpg' title=\"Aidon 6560 - Trefaset str\u00f8mtransformator&shy;m\u00e5ler til industrielt bruk (CT\/VT)\" data-rl_title=\"Aidon 6560 - Trefaset str\u00f8mtransformator&shy;m\u00e5ler til industrielt bruk (CT\/VT)\" class=\"rl-gallery-link\" data-rl_caption=\"Aidon 6560 - Trefaset str\u00f8mtransformator&shy;m\u00e5ler til industrielt bruk (CT\/VT)\" data-rel=\"lightbox-gallery-2\"><img loading=\"lazy\" decoding=\"async\" width=\"223\" height=\"300\" src=\"https:\/\/aidon.com\/wp-content\/uploads\/2023\/02\/Aidon-6560-front-right-white-background-small-72-223x300.jpg\" class=\"attachment-medium size-medium\" alt=\"\" aria-describedby=\"gallery-2-6286\" srcset=\"https:\/\/aidon.com\/wp-content\/uploads\/2023\/02\/Aidon-6560-front-right-white-background-small-72-223x300.jpg 223w, https:\/\/aidon.com\/wp-content\/uploads\/2023\/02\/Aidon-6560-front-right-white-background-small-72-760x1024.jpg 760w, https:\/\/aidon.com\/wp-content\/uploads\/2023\/02\/Aidon-6560-front-right-white-background-small-72-768x1035.jpg 768w, https:\/\/aidon.com\/wp-content\/uploads\/2023\/02\/Aidon-6560-front-right-white-background-small-72.jpg 1104w\" sizes=\"auto, (max-width: 223px) 100vw, 223px\" \/><\/a>\n\t\t\t<\/div>\n\t\t\t\t<figcaption class='wp-caption-text gallery-caption' id='gallery-2-6286'>\n\t\t\t\tAidon 6560 &#8211; Trefaset str\u00f8mtransformator&shy;m\u00e5ler til industrielt bruk (CT\/VT)\n\t\t\t\t<\/figcaption><\/figure>\n\t\t<\/div>\n\n","protected":false},"excerpt":{"rendered":"<p>Aidon 8000-serie m\u00e5ler Aidon 8000-serie m\u00e5lere er designet for dagens og fremtidens distribusjonsnett og kombinerer et kompakt design med innovative funksjoner som st\u00f8tter avanserte smarte nett. M\u00e5ler-familien inkluderer DC-, CT- og CT\/VT-modeller for applikasjoner som spenner fra husholdningsm\u00e5ling til m\u00e5linger med krav til h\u00f8y n\u00f8yaktighet. Ultrakompakt design Aidon 8000-serien kombinerer&hellip;<\/p>\n","protected":false},"author":2,"featured_media":429,"parent":4740,"menu_order":0,"comment_status":"closed","ping_status":"closed","template":"page-single-solutions.php","meta":{"_acf_changed":false,"footnotes":""},"class_list":["post-4788","page","type-page","status-publish","has-post-thumbnail","hentry"],"acf":[],"yoast_head":"<!-- This site is optimized with the Yoast SEO plugin v27.0 - https:\/\/yoast.com\/product\/yoast-seo-wordpress\/ -->\n<title>Smarte m\u00e5lere - Aidon<\/title>\n<meta name=\"robots\" content=\"index, follow, max-snippet:-1, max-image-preview:large, max-video-preview:-1\" \/>\n<link rel=\"canonical\" href=\"https:\/\/aidon.com\/no\/losninger\/smarte-malere\/\" \/>\n<meta property=\"og:locale\" content=\"nb_NO\" \/>\n<meta property=\"og:type\" content=\"article\" \/>\n<meta property=\"og:title\" content=\"Smarte m\u00e5lere - Aidon\" \/>\n<meta property=\"og:description\" content=\"Aidon 8000-serie m\u00e5ler Aidon 8000-serie m\u00e5lere er designet for dagens og fremtidens distribusjonsnett og kombinerer et kompakt design med innovative funksjoner som st\u00f8tter avanserte smarte nett. M\u00e5ler-familien inkluderer DC-, CT- og CT\/VT-modeller for applikasjoner som spenner fra husholdningsm\u00e5ling til m\u00e5linger med krav til h\u00f8y n\u00f8yaktighet. Ultrakompakt design Aidon 8000-serien kombinerer&hellip;\" \/>\n<meta property=\"og:url\" content=\"https:\/\/aidon.com\/no\/losninger\/smarte-malere\/\" \/>\n<meta property=\"og:site_name\" content=\"Aidon\" \/>\n<meta property=\"article:modified_time\" content=\"2025-12-02T11:05:29+00:00\" \/>\n<meta property=\"og:image\" content=\"https:\/\/aidon.com\/wp-content\/uploads\/2022\/08\/smartenergy-1.png\" \/>\n\t<meta property=\"og:image:width\" content=\"397\" \/>\n\t<meta property=\"og:image:height\" content=\"397\" \/>\n\t<meta property=\"og:image:type\" content=\"image\/png\" \/>\n<meta name=\"twitter:card\" content=\"summary_large_image\" \/>\n<meta name=\"twitter:label1\" content=\"Ansl. lesetid\" \/>\n\t<meta name=\"twitter:data1\" content=\"3 minutter\" \/>\n<script type=\"application\/ld+json\" class=\"yoast-schema-graph\">{\"@context\":\"https:\/\/schema.org\",\"@graph\":[{\"@type\":\"WebPage\",\"@id\":\"https:\/\/aidon.com\/no\/losninger\/smarte-malere\/\",\"url\":\"https:\/\/aidon.com\/no\/losninger\/smarte-malere\/\",\"name\":\"Smarte m\u00e5lere - Aidon\",\"isPartOf\":{\"@id\":\"https:\/\/aidon.com\/no\/#website\"},\"primaryImageOfPage\":{\"@id\":\"https:\/\/aidon.com\/no\/losninger\/smarte-malere\/#primaryimage\"},\"image\":{\"@id\":\"https:\/\/aidon.com\/no\/losninger\/smarte-malere\/#primaryimage\"},\"thumbnailUrl\":\"https:\/\/aidon.com\/wp-content\/uploads\/2022\/08\/smartenergy-1.png\",\"datePublished\":\"2022-08-12T09:04:38+00:00\",\"dateModified\":\"2025-12-02T11:05:29+00:00\",\"breadcrumb\":{\"@id\":\"https:\/\/aidon.com\/no\/losninger\/smarte-malere\/#breadcrumb\"},\"inLanguage\":\"nb-NO\",\"potentialAction\":[{\"@type\":\"ReadAction\",\"target\":[\"https:\/\/aidon.com\/no\/losninger\/smarte-malere\/\"]}]},{\"@type\":\"ImageObject\",\"inLanguage\":\"nb-NO\",\"@id\":\"https:\/\/aidon.com\/no\/losninger\/smarte-malere\/#primaryimage\",\"url\":\"https:\/\/aidon.com\/wp-content\/uploads\/2022\/08\/smartenergy-1.png\",\"contentUrl\":\"https:\/\/aidon.com\/wp-content\/uploads\/2022\/08\/smartenergy-1.png\",\"width\":397,\"height\":397},{\"@type\":\"BreadcrumbList\",\"@id\":\"https:\/\/aidon.com\/no\/losninger\/smarte-malere\/#breadcrumb\",\"itemListElement\":[{\"@type\":\"ListItem\",\"position\":1,\"name\":\"L\u00f8sninger\",\"item\":\"https:\/\/aidon.com\/no\/losninger\/\"},{\"@type\":\"ListItem\",\"position\":2,\"name\":\"Smarte m\u00e5lere\"}]},{\"@type\":\"WebSite\",\"@id\":\"https:\/\/aidon.com\/no\/#website\",\"url\":\"https:\/\/aidon.com\/no\/\",\"name\":\"Aidon\",\"description\":\"\",\"potentialAction\":[{\"@type\":\"SearchAction\",\"target\":{\"@type\":\"EntryPoint\",\"urlTemplate\":\"https:\/\/aidon.com\/no\/?s={search_term_string}\"},\"query-input\":{\"@type\":\"PropertyValueSpecification\",\"valueRequired\":true,\"valueName\":\"search_term_string\"}}],\"inLanguage\":\"nb-NO\"}]}<\/script>\n<!-- \/ Yoast SEO plugin. -->","yoast_head_json":{"title":"Smarte m\u00e5lere - Aidon","robots":{"index":"index","follow":"follow","max-snippet":"max-snippet:-1","max-image-preview":"max-image-preview:large","max-video-preview":"max-video-preview:-1"},"canonical":"https:\/\/aidon.com\/no\/losninger\/smarte-malere\/","og_locale":"nb_NO","og_type":"article","og_title":"Smarte m\u00e5lere - Aidon","og_description":"Aidon 8000-serie m\u00e5ler Aidon 8000-serie m\u00e5lere er designet for dagens og fremtidens distribusjonsnett og kombinerer et kompakt design med innovative funksjoner som st\u00f8tter avanserte smarte nett. M\u00e5ler-familien inkluderer DC-, CT- og CT\/VT-modeller for applikasjoner som spenner fra husholdningsm\u00e5ling til m\u00e5linger med krav til h\u00f8y n\u00f8yaktighet. Ultrakompakt design Aidon 8000-serien kombinerer&hellip;","og_url":"https:\/\/aidon.com\/no\/losninger\/smarte-malere\/","og_site_name":"Aidon","article_modified_time":"2025-12-02T11:05:29+00:00","og_image":[{"width":397,"height":397,"url":"https:\/\/aidon.com\/wp-content\/uploads\/2022\/08\/smartenergy-1.png","type":"image\/png"}],"twitter_card":"summary_large_image","twitter_misc":{"Ansl. lesetid":"3 minutter"},"schema":{"@context":"https:\/\/schema.org","@graph":[{"@type":"WebPage","@id":"https:\/\/aidon.com\/no\/losninger\/smarte-malere\/","url":"https:\/\/aidon.com\/no\/losninger\/smarte-malere\/","name":"Smarte m\u00e5lere - Aidon","isPartOf":{"@id":"https:\/\/aidon.com\/no\/#website"},"primaryImageOfPage":{"@id":"https:\/\/aidon.com\/no\/losninger\/smarte-malere\/#primaryimage"},"image":{"@id":"https:\/\/aidon.com\/no\/losninger\/smarte-malere\/#primaryimage"},"thumbnailUrl":"https:\/\/aidon.com\/wp-content\/uploads\/2022\/08\/smartenergy-1.png","datePublished":"2022-08-12T09:04:38+00:00","dateModified":"2025-12-02T11:05:29+00:00","breadcrumb":{"@id":"https:\/\/aidon.com\/no\/losninger\/smarte-malere\/#breadcrumb"},"inLanguage":"nb-NO","potentialAction":[{"@type":"ReadAction","target":["https:\/\/aidon.com\/no\/losninger\/smarte-malere\/"]}]},{"@type":"ImageObject","inLanguage":"nb-NO","@id":"https:\/\/aidon.com\/no\/losninger\/smarte-malere\/#primaryimage","url":"https:\/\/aidon.com\/wp-content\/uploads\/2022\/08\/smartenergy-1.png","contentUrl":"https:\/\/aidon.com\/wp-content\/uploads\/2022\/08\/smartenergy-1.png","width":397,"height":397},{"@type":"BreadcrumbList","@id":"https:\/\/aidon.com\/no\/losninger\/smarte-malere\/#breadcrumb","itemListElement":[{"@type":"ListItem","position":1,"name":"L\u00f8sninger","item":"https:\/\/aidon.com\/no\/losninger\/"},{"@type":"ListItem","position":2,"name":"Smarte m\u00e5lere"}]},{"@type":"WebSite","@id":"https:\/\/aidon.com\/no\/#website","url":"https:\/\/aidon.com\/no\/","name":"Aidon","description":"","potentialAction":[{"@type":"SearchAction","target":{"@type":"EntryPoint","urlTemplate":"https:\/\/aidon.com\/no\/?s={search_term_string}"},"query-input":{"@type":"PropertyValueSpecification","valueRequired":true,"valueName":"search_term_string"}}],"inLanguage":"nb-NO"}]}},"_links":{"self":[{"href":"https:\/\/aidon.com\/no\/wp-json\/wp\/v2\/pages\/4788","targetHints":{"allow":["GET"]}}],"collection":[{"href":"https:\/\/aidon.com\/no\/wp-json\/wp\/v2\/pages"}],"about":[{"href":"https:\/\/aidon.com\/no\/wp-json\/wp\/v2\/types\/page"}],"author":[{"embeddable":true,"href":"https:\/\/aidon.com\/no\/wp-json\/wp\/v2\/users\/2"}],"replies":[{"embeddable":true,"href":"https:\/\/aidon.com\/no\/wp-json\/wp\/v2\/comments?post=4788"}],"version-history":[{"count":24,"href":"https:\/\/aidon.com\/no\/wp-json\/wp\/v2\/pages\/4788\/revisions"}],"predecessor-version":[{"id":18148,"href":"https:\/\/aidon.com\/no\/wp-json\/wp\/v2\/pages\/4788\/revisions\/18148"}],"up":[{"embeddable":true,"href":"https:\/\/aidon.com\/no\/wp-json\/wp\/v2\/pages\/4740"}],"wp:featuredmedia":[{"embeddable":true,"href":"https:\/\/aidon.com\/no\/wp-json\/wp\/v2\/media\/429"}],"wp:attachment":[{"href":"https:\/\/aidon.com\/no\/wp-json\/wp\/v2\/media?parent=4788"}],"curies":[{"name":"wp","href":"https:\/\/api.w.org\/{rel}","templated":true}]}}