{"id":4786,"date":"2022-08-12T11:43:09","date_gmt":"2022-08-12T08:43:09","guid":{"rendered":"https:\/\/aidon.com\/?page_id=4786"},"modified":"2024-01-23T12:15:11","modified_gmt":"2024-01-23T10:15:11","slug":"iot-connectivity","status":"publish","type":"page","link":"https:\/\/aidon.com\/no\/losninger\/iot-connectivity\/","title":{"rendered":"IoT-tilkobling"},"content":{"rendered":"<p><img loading=\"lazy\" decoding=\"async\" class=\"alignnone wp-image-6418 size-full\" src=\"https:\/\/aidon.com\/wp-content\/uploads\/2023\/02\/Aidon_IoT_connectivity_web_900.png\" alt=\"\" width=\"900\" height=\"342\" srcset=\"https:\/\/aidon.com\/wp-content\/uploads\/2023\/02\/Aidon_IoT_connectivity_web_900.png 900w, https:\/\/aidon.com\/wp-content\/uploads\/2023\/02\/Aidon_IoT_connectivity_web_900-300x114.png 300w, https:\/\/aidon.com\/wp-content\/uploads\/2023\/02\/Aidon_IoT_connectivity_web_900-768x292.png 768w\" sizes=\"auto, (max-width: 900px) 100vw, 900px\" \/><\/p>\n<p><strong>Valget av kommunikasjonsteknologi spiller en n\u00f8kkelrolle i ytelsen og p\u00e5liteligheten til AMM-systemet. Aidon tilbyr tilkoblingsteknologier for ulike behov og forhold, og de kan kombineres for \u00e5 levere den beste l\u00f8sningen for kunden. Tilkoblingen kan ogs\u00e5 leveres som en tjeneste fra oss.<\/strong><\/p>\n<h4>Flere faktorer p\u00e5virker valget av tilkoblingsl\u00f8sning<\/h4>\n<p>Det er flere faktorer som p\u00e5virker valget av den best egnede tilkoblingsl\u00f8sningen. Disse inkluderer:<\/p>\n<ul>\n<li>Mengde og tetthet av m\u00e5lepunkt<\/li>\n<li>Geografisk topologi<\/li>\n<li>Teknologiske og operasjonelle krav, som datamengden og behovet for datatilgjengelighet i sanntid<\/li>\n<li>Tilgjengelighet av egnede IoT-nettverk og dets kapasitet<\/li>\n<li>Startinvesteringer og livssykluskostnader<\/li>\n<li>Tidsplan for utrulling og overgangsfase inn i den nye l\u00f8sningen<\/li>\n<li>Riktig tilkoblingsteknologi p\u00e5 rett sted<\/li>\n<\/ul>\n<p>Behovene for innsamlingsnett varierer fra bedrift til bedrift. Innenfor samme distribusjonsomr\u00e5de kan det v\u00e6re omr\u00e5der med sv\u00e6rt ulik forbruksprofil, befolkning og geografi. Derfor vil en kombinasjon av ulike teknologier til en hybridl\u00f8sning kunne utnytte \u00a0de teknologiske fordelene i ulike deler av \u00a0innsamlingsnettet.<\/p>\n<p>Aidons tilkoblingstilbud er basert p\u00e5 to alternativer for tilkoblingsteknologi som kan kombineres i en hybridl\u00f8sning:<\/p>\n<h6>Radiobasert RF Mesh-nettverk \u2013 for by- og forstadsomr\u00e5der<\/h6>\n<p>M\u00e5lernes kommunikasjonsmodul bruker hverandre til \u00e5 bygge maske-nettverk som omdirigerer automatisk ved feil p\u00e5 en enkeltforbindelse. I denne l\u00f8sningen overf\u00f8rer slaveenhetene data via andre enheter eller direkte til masterenheten. Masterenheter bruker 2G\/4G-tilkobling for \u00e5 kommunisere med innsamlingssystemet (HES). Alternativt kan verkt\u00f8yets egen ethernet-tilkobling brukes. RF-l\u00f8sningen er spesielt egnet for by- og forstadsomr\u00e5der der m\u00e5lepunktene er n\u00e6rme nok hverandre til \u00e5 skape et maskenettverk.<\/p>\n<h6>Point-to-Point (P2P) \u2013 for fjerntliggende steder og industri<\/h6>\n<p>I punkt-til-punkt-l\u00f8sningen er m\u00e5leenhetene i direkte tilknytning til head-end-systemet via LTE-M\/NB-IoT-nettverk, ved bruk av eget IoT-abonnement. Med tanke p\u00e5 tilgjengelighet, kapasitet og kostnad er denne l\u00f8sningen best egnet for m\u00e5lere som er langt fra hverandre, og til m\u00e5lepunkter med h\u00f8yt forbruk, som industrikunder.<\/p>\n<p>Aidon hjelper kundene med \u00e5 utforme den beste l\u00f8sningen for hvert form\u00e5l. Dette sikrer fleksibilitet og skalerbarhet av tilkoblingen under installasjoner og gjennom hele systemets livssyklus, for eksempel i tilfelle den overf\u00f8rte datamengden \u00f8ker eller operat\u00f8rtjenester utvikles.<\/p>\n<h4>Fleksibel tjenestepakke<\/h4>\n<p>For kunder som foretrekker tilkobling som en totaltjeneste til fast pris, er alternativet Aidons <strong>Connectivity as a Service<\/strong>-tilbud. I denne tjenesten er Aidon ansvarlig for tilkoblingen mellom enhetene og systemet i henhold til avtalt serviceniv\u00e5. Tjenesten inkluderer valg av den best egnede IoT-operat\u00f8rtjenesten med dataabonnement, samt en tjenesteavtale med valgt operat\u00f8r, levert av Aidon. Aidons teknologiekspertise er tilgjengelig for kunden som en del av tjenesten. Takket v\u00e6re dette trenger ikke kunden \u00e5 bruke sine egne ressurser p\u00e5 \u00e5 administrere, overv\u00e5ke og vedlikeholde mobiltilkobling for AMI.<\/p>\n<h4>eSIM for garantert serviceniv\u00e5 gjennom hele livssyklusen<\/h4>\n<p>I tillegg kan kunden dra nytte av v\u00e5r eSIM-tjeneste, som garanterer en p\u00e5litelig, fleksibel og operat\u00f8ruavhengig IoT-tilkobling gjennom hele systemets livssyklus. Enheter utstyrt med en eSIM-l\u00f8sning kan automatisk eller p\u00e5 en kontrollert m\u00e5te overf\u00f8res til en annen operat\u00f8rs tjeneste for \u00e5 sikre for eksempel n\u00f8dvendig tjenesteniv\u00e5 eller konkurransedyktige priser.<\/p>\n","protected":false},"excerpt":{"rendered":"<p>Valget av kommunikasjonsteknologi spiller en n\u00f8kkelrolle i ytelsen og p\u00e5liteligheten til AMM-systemet. Aidon tilbyr tilkoblingsteknologier for ulike behov og forhold, og de kan kombineres for \u00e5 levere den beste l\u00f8sningen for kunden. Tilkoblingen kan ogs\u00e5 leveres som en tjeneste fra oss. Flere faktorer p\u00e5virker valget av tilkoblingsl\u00f8sning Det er flere&hellip;<\/p>\n","protected":false},"author":2,"featured_media":426,"parent":4740,"menu_order":0,"comment_status":"closed","ping_status":"closed","template":"page-single-solutions.php","meta":{"_acf_changed":false,"footnotes":""},"class_list":["post-4786","page","type-page","status-publish","has-post-thumbnail","hentry"],"acf":[],"yoast_head":"<!-- This site is optimized with the Yoast SEO plugin v27.5 - https:\/\/yoast.com\/product\/yoast-seo-wordpress\/ -->\n<title>IoT-tilkobling - Aidon<\/title>\n<meta name=\"robots\" content=\"index, follow, max-snippet:-1, max-image-preview:large, max-video-preview:-1\" \/>\n<link rel=\"canonical\" href=\"https:\/\/aidon.com\/no\/losninger\/iot-connectivity\/\" \/>\n<meta property=\"og:locale\" content=\"nb_NO\" \/>\n<meta property=\"og:type\" content=\"article\" \/>\n<meta property=\"og:title\" content=\"IoT-tilkobling - Aidon\" \/>\n<meta property=\"og:description\" content=\"Valget av kommunikasjonsteknologi spiller en n\u00f8kkelrolle i ytelsen og p\u00e5liteligheten til AMM-systemet. Aidon tilbyr tilkoblingsteknologier for ulike behov og forhold, og de kan kombineres for \u00e5 levere den beste l\u00f8sningen for kunden. Tilkoblingen kan ogs\u00e5 leveres som en tjeneste fra oss. Flere faktorer p\u00e5virker valget av tilkoblingsl\u00f8sning Det er flere&hellip;\" \/>\n<meta property=\"og:url\" content=\"https:\/\/aidon.com\/no\/losninger\/iot-connectivity\/\" \/>\n<meta property=\"og:site_name\" content=\"Aidon\" \/>\n<meta property=\"article:modified_time\" content=\"2024-01-23T10:15:11+00:00\" \/>\n<meta property=\"og:image\" content=\"https:\/\/aidon.com\/wp-content\/uploads\/2022\/08\/iot-1.png\" \/>\n\t<meta property=\"og:image:width\" content=\"397\" \/>\n\t<meta property=\"og:image:height\" content=\"397\" \/>\n\t<meta property=\"og:image:type\" content=\"image\/png\" \/>\n<meta name=\"twitter:card\" content=\"summary_large_image\" \/>\n<meta name=\"twitter:label1\" content=\"Ansl. lesetid\" \/>\n\t<meta name=\"twitter:data1\" content=\"3 minutter\" \/>\n<script type=\"application\/ld+json\" class=\"yoast-schema-graph\">{\"@context\":\"https:\\\/\\\/schema.org\",\"@graph\":[{\"@type\":\"WebPage\",\"@id\":\"https:\\\/\\\/aidon.com\\\/no\\\/losninger\\\/iot-connectivity\\\/\",\"url\":\"https:\\\/\\\/aidon.com\\\/no\\\/losninger\\\/iot-connectivity\\\/\",\"name\":\"IoT-tilkobling - Aidon\",\"isPartOf\":{\"@id\":\"https:\\\/\\\/aidon.com\\\/no\\\/#website\"},\"primaryImageOfPage\":{\"@id\":\"https:\\\/\\\/aidon.com\\\/no\\\/losninger\\\/iot-connectivity\\\/#primaryimage\"},\"image\":{\"@id\":\"https:\\\/\\\/aidon.com\\\/no\\\/losninger\\\/iot-connectivity\\\/#primaryimage\"},\"thumbnailUrl\":\"https:\\\/\\\/aidon.com\\\/wp-content\\\/uploads\\\/2022\\\/08\\\/iot-1.png\",\"datePublished\":\"2022-08-12T08:43:09+00:00\",\"dateModified\":\"2024-01-23T10:15:11+00:00\",\"breadcrumb\":{\"@id\":\"https:\\\/\\\/aidon.com\\\/no\\\/losninger\\\/iot-connectivity\\\/#breadcrumb\"},\"inLanguage\":\"nb-NO\",\"potentialAction\":[{\"@type\":\"ReadAction\",\"target\":[\"https:\\\/\\\/aidon.com\\\/no\\\/losninger\\\/iot-connectivity\\\/\"]}]},{\"@type\":\"ImageObject\",\"inLanguage\":\"nb-NO\",\"@id\":\"https:\\\/\\\/aidon.com\\\/no\\\/losninger\\\/iot-connectivity\\\/#primaryimage\",\"url\":\"https:\\\/\\\/aidon.com\\\/wp-content\\\/uploads\\\/2022\\\/08\\\/iot-1.png\",\"contentUrl\":\"https:\\\/\\\/aidon.com\\\/wp-content\\\/uploads\\\/2022\\\/08\\\/iot-1.png\",\"width\":397,\"height\":397},{\"@type\":\"BreadcrumbList\",\"@id\":\"https:\\\/\\\/aidon.com\\\/no\\\/losninger\\\/iot-connectivity\\\/#breadcrumb\",\"itemListElement\":[{\"@type\":\"ListItem\",\"position\":1,\"name\":\"L\u00f8sninger\",\"item\":\"https:\\\/\\\/aidon.com\\\/no\\\/losninger\\\/\"},{\"@type\":\"ListItem\",\"position\":2,\"name\":\"IoT-tilkobling\"}]},{\"@type\":\"WebSite\",\"@id\":\"https:\\\/\\\/aidon.com\\\/no\\\/#website\",\"url\":\"https:\\\/\\\/aidon.com\\\/no\\\/\",\"name\":\"Aidon\",\"description\":\"\",\"potentialAction\":[{\"@type\":\"SearchAction\",\"target\":{\"@type\":\"EntryPoint\",\"urlTemplate\":\"https:\\\/\\\/aidon.com\\\/no\\\/?s={search_term_string}\"},\"query-input\":{\"@type\":\"PropertyValueSpecification\",\"valueRequired\":true,\"valueName\":\"search_term_string\"}}],\"inLanguage\":\"nb-NO\"}]}<\/script>\n<!-- \/ Yoast SEO plugin. -->","yoast_head_json":{"title":"IoT-tilkobling - Aidon","robots":{"index":"index","follow":"follow","max-snippet":"max-snippet:-1","max-image-preview":"max-image-preview:large","max-video-preview":"max-video-preview:-1"},"canonical":"https:\/\/aidon.com\/no\/losninger\/iot-connectivity\/","og_locale":"nb_NO","og_type":"article","og_title":"IoT-tilkobling - Aidon","og_description":"Valget av kommunikasjonsteknologi spiller en n\u00f8kkelrolle i ytelsen og p\u00e5liteligheten til AMM-systemet. Aidon tilbyr tilkoblingsteknologier for ulike behov og forhold, og de kan kombineres for \u00e5 levere den beste l\u00f8sningen for kunden. Tilkoblingen kan ogs\u00e5 leveres som en tjeneste fra oss. Flere faktorer p\u00e5virker valget av tilkoblingsl\u00f8sning Det er flere&hellip;","og_url":"https:\/\/aidon.com\/no\/losninger\/iot-connectivity\/","og_site_name":"Aidon","article_modified_time":"2024-01-23T10:15:11+00:00","og_image":[{"width":397,"height":397,"url":"https:\/\/aidon.com\/wp-content\/uploads\/2022\/08\/iot-1.png","type":"image\/png"}],"twitter_card":"summary_large_image","twitter_misc":{"Ansl. lesetid":"3 minutter"},"schema":{"@context":"https:\/\/schema.org","@graph":[{"@type":"WebPage","@id":"https:\/\/aidon.com\/no\/losninger\/iot-connectivity\/","url":"https:\/\/aidon.com\/no\/losninger\/iot-connectivity\/","name":"IoT-tilkobling - Aidon","isPartOf":{"@id":"https:\/\/aidon.com\/no\/#website"},"primaryImageOfPage":{"@id":"https:\/\/aidon.com\/no\/losninger\/iot-connectivity\/#primaryimage"},"image":{"@id":"https:\/\/aidon.com\/no\/losninger\/iot-connectivity\/#primaryimage"},"thumbnailUrl":"https:\/\/aidon.com\/wp-content\/uploads\/2022\/08\/iot-1.png","datePublished":"2022-08-12T08:43:09+00:00","dateModified":"2024-01-23T10:15:11+00:00","breadcrumb":{"@id":"https:\/\/aidon.com\/no\/losninger\/iot-connectivity\/#breadcrumb"},"inLanguage":"nb-NO","potentialAction":[{"@type":"ReadAction","target":["https:\/\/aidon.com\/no\/losninger\/iot-connectivity\/"]}]},{"@type":"ImageObject","inLanguage":"nb-NO","@id":"https:\/\/aidon.com\/no\/losninger\/iot-connectivity\/#primaryimage","url":"https:\/\/aidon.com\/wp-content\/uploads\/2022\/08\/iot-1.png","contentUrl":"https:\/\/aidon.com\/wp-content\/uploads\/2022\/08\/iot-1.png","width":397,"height":397},{"@type":"BreadcrumbList","@id":"https:\/\/aidon.com\/no\/losninger\/iot-connectivity\/#breadcrumb","itemListElement":[{"@type":"ListItem","position":1,"name":"L\u00f8sninger","item":"https:\/\/aidon.com\/no\/losninger\/"},{"@type":"ListItem","position":2,"name":"IoT-tilkobling"}]},{"@type":"WebSite","@id":"https:\/\/aidon.com\/no\/#website","url":"https:\/\/aidon.com\/no\/","name":"Aidon","description":"","potentialAction":[{"@type":"SearchAction","target":{"@type":"EntryPoint","urlTemplate":"https:\/\/aidon.com\/no\/?s={search_term_string}"},"query-input":{"@type":"PropertyValueSpecification","valueRequired":true,"valueName":"search_term_string"}}],"inLanguage":"nb-NO"}]}},"_links":{"self":[{"href":"https:\/\/aidon.com\/no\/wp-json\/wp\/v2\/pages\/4786","targetHints":{"allow":["GET"]}}],"collection":[{"href":"https:\/\/aidon.com\/no\/wp-json\/wp\/v2\/pages"}],"about":[{"href":"https:\/\/aidon.com\/no\/wp-json\/wp\/v2\/types\/page"}],"author":[{"embeddable":true,"href":"https:\/\/aidon.com\/no\/wp-json\/wp\/v2\/users\/2"}],"replies":[{"embeddable":true,"href":"https:\/\/aidon.com\/no\/wp-json\/wp\/v2\/comments?post=4786"}],"version-history":[{"count":11,"href":"https:\/\/aidon.com\/no\/wp-json\/wp\/v2\/pages\/4786\/revisions"}],"predecessor-version":[{"id":12703,"href":"https:\/\/aidon.com\/no\/wp-json\/wp\/v2\/pages\/4786\/revisions\/12703"}],"up":[{"embeddable":true,"href":"https:\/\/aidon.com\/no\/wp-json\/wp\/v2\/pages\/4740"}],"wp:featuredmedia":[{"embeddable":true,"href":"https:\/\/aidon.com\/no\/wp-json\/wp\/v2\/media\/426"}],"wp:attachment":[{"href":"https:\/\/aidon.com\/no\/wp-json\/wp\/v2\/media?parent=4786"}],"curies":[{"name":"wp","href":"https:\/\/api.w.org\/{rel}","templated":true}]}}