{"id":4784,"date":"2022-08-10T12:52:49","date_gmt":"2022-08-10T09:52:49","guid":{"rendered":"https:\/\/aidon.com\/?page_id=4784"},"modified":"2026-01-22T16:15:00","modified_gmt":"2026-01-22T14:15:00","slug":"metering-services-and-systems","status":"publish","type":"page","link":"https:\/\/aidon.com\/no\/losninger\/metering-services-and-systems\/","title":{"rendered":"M\u00e5letjenester og systemer"},"content":{"rendered":"<p><img loading=\"lazy\" decoding=\"async\" class=\"alignnone wp-image-6413 size-full\" src=\"https:\/\/aidon.com\/wp-content\/uploads\/2023\/02\/Aidon_Metering_Services_and_Systems_web_900.png\" alt=\"\" width=\"900\" height=\"369\" srcset=\"https:\/\/aidon.com\/wp-content\/uploads\/2023\/02\/Aidon_Metering_Services_and_Systems_web_900.png 900w, https:\/\/aidon.com\/wp-content\/uploads\/2023\/02\/Aidon_Metering_Services_and_Systems_web_900-300x123.png 300w, https:\/\/aidon.com\/wp-content\/uploads\/2023\/02\/Aidon_Metering_Services_and_Systems_web_900-768x315.png 768w\" sizes=\"auto, (max-width: 900px) 100vw, 900px\" \/><\/p>\n<p><strong>AMI (Advanced Metering Infrastructure) er en avgj\u00f8rende del av energidistribusjonssystemet: det gir n\u00f8dvendige data for fakturering, samtidig som det sikrer energidistribusjon og vedlikeholdsprosesser i distribusjonsnettet.<\/strong><\/p>\n<p>Aidon tilbyr m\u00e5lefunksjonaliteten i tre alternative l\u00f8sningsmodeller, hvorfra systemansvarlig kan velge det alternativet som passer best for egen driftsmodell.<\/p>\n<h4>M\u00e5ling som tjeneste (MaaS)<\/h4>\n<p>En omfattende tjeneste der Aidon er ansvarlig for kundens m\u00e5leoperasjoner ende-ende, fra m\u00e5lerne ute i felt til nettoperat\u00f8rens forretningssystemer. Denne tjenesten er basert p\u00e5 en moderne plattform for tjenesteleveranse utviklet av Aidon, med h\u00f8y grad av automatisering og enkel integrasjon med kundens systemer.<\/p>\n<h4>Aidon ACloud, programvare som tjeneste (SaaS)<\/h4>\n<p>Aidon tar ansvar for oppsettet av systemmilj\u00f8et samt systemdrift, lvedlikehold og sikkerhetsoppdateringer over systemets levetid. Kundene styrer selv det skybaserte systemet via et web basert brukergrensesnitt og\/eller det tilbudte integrasjonsgrensesnittet.<\/p>\n<h4>Aidon Gateware, styrt av kunden<\/h4>\n<p>Et lokalt m\u00e5lesystem som kj\u00f8rer i et IT-milj\u00f8 styrt og vedlikeholdt av kunden. Kunden er ansvarlig for den daglige systemdriften. Gateware har et brukerorientert, web basert brukergrensesnitt som er utformet for s\u00f8ml\u00f8s kontroll av operasjoner. Systemet tilbyr moderne og allsidige integrasjonsgrensesnitt med kundens \u00f8vrige systemer.<\/p>\n<p>&nbsp;<\/p>\n<hr \/>\n<h4>Les mer om Aidon MaaS:<\/h4>\n<p>Over 1 million energy metering points in Aidon\u2019s Metering Service<br \/>\n<a href=\"https:\/\/aidon.com\/no\/over-1-million-energy-metering-points-in-aidons-metering-service\/\" target=\"_blank\" rel=\"noopener\">Les pressemeldingen her<\/a><\/p>\n<p>Aidon tilbyr fjernavlesing for Helen Electricity Networks 170 000 m\u00e5lepunkter<br \/>\n<a href=\"https:\/\/aidon.com\/no\/aidon-tilbyr-fjernavlesing-for-helen-electricity-networks-170-000-malepunkter\/\" target=\"_blank\" rel=\"noopener\">Les nyhetsartikkelen her<\/a><\/p>\n<p>To \u00abhotte\u00bb temaer: chilidyrking og m\u00e5ledata som tjeneste<br \/>\n<a href=\"https:\/\/aidon.com\/no\/to-hotte-temaer-chilidyrking-og-maledata-som-tjeneste\/\" target=\"_blank\" rel=\"noopener\">Les her Juha J\u00e4rvenp\u00e4\u00e4s refleksjoner<\/a><\/p>\n","protected":false},"excerpt":{"rendered":"<p>AMI (Advanced Metering Infrastructure) er en avgj\u00f8rende del av energidistribusjonssystemet: det gir n\u00f8dvendige data for fakturering, samtidig som det sikrer energidistribusjon og vedlikeholdsprosesser i distribusjonsnettet. Aidon tilbyr m\u00e5lefunksjonaliteten i tre alternative l\u00f8sningsmodeller, hvorfra systemansvarlig kan velge det alternativet som passer best for egen driftsmodell. M\u00e5ling som tjeneste (MaaS) En omfattende&hellip;<\/p>\n","protected":false},"author":2,"featured_media":438,"parent":4740,"menu_order":0,"comment_status":"closed","ping_status":"closed","template":"page-single-solutions.php","meta":{"_acf_changed":false,"footnotes":""},"class_list":["post-4784","page","type-page","status-publish","has-post-thumbnail","hentry"],"acf":[],"yoast_head":"<!-- This site is optimized with the Yoast SEO plugin v27.5 - https:\/\/yoast.com\/product\/yoast-seo-wordpress\/ -->\n<title>M\u00e5letjenester og systemer - Aidon<\/title>\n<meta name=\"robots\" content=\"index, follow, max-snippet:-1, max-image-preview:large, max-video-preview:-1\" \/>\n<link rel=\"canonical\" href=\"https:\/\/aidon.com\/no\/losninger\/metering-services-and-systems\/\" \/>\n<meta property=\"og:locale\" content=\"nb_NO\" \/>\n<meta property=\"og:type\" content=\"article\" \/>\n<meta property=\"og:title\" content=\"M\u00e5letjenester og systemer - Aidon\" \/>\n<meta property=\"og:description\" content=\"AMI (Advanced Metering Infrastructure) er en avgj\u00f8rende del av energidistribusjonssystemet: det gir n\u00f8dvendige data for fakturering, samtidig som det sikrer energidistribusjon og vedlikeholdsprosesser i distribusjonsnettet. Aidon tilbyr m\u00e5lefunksjonaliteten i tre alternative l\u00f8sningsmodeller, hvorfra systemansvarlig kan velge det alternativet som passer best for egen driftsmodell. M\u00e5ling som tjeneste (MaaS) En omfattende&hellip;\" \/>\n<meta property=\"og:url\" content=\"https:\/\/aidon.com\/no\/losninger\/metering-services-and-systems\/\" \/>\n<meta property=\"og:site_name\" content=\"Aidon\" \/>\n<meta property=\"article:modified_time\" content=\"2026-01-22T14:15:00+00:00\" \/>\n<meta property=\"og:image\" content=\"https:\/\/aidon.com\/wp-content\/uploads\/2022\/08\/metering-2.png\" \/>\n\t<meta property=\"og:image:width\" content=\"397\" \/>\n\t<meta property=\"og:image:height\" content=\"397\" \/>\n\t<meta property=\"og:image:type\" content=\"image\/png\" \/>\n<meta name=\"twitter:card\" content=\"summary_large_image\" \/>\n<meta name=\"twitter:label1\" content=\"Ansl. lesetid\" \/>\n\t<meta name=\"twitter:data1\" content=\"2 minutter\" \/>\n<script type=\"application\/ld+json\" class=\"yoast-schema-graph\">{\"@context\":\"https:\\\/\\\/schema.org\",\"@graph\":[{\"@type\":\"WebPage\",\"@id\":\"https:\\\/\\\/aidon.com\\\/no\\\/losninger\\\/metering-services-and-systems\\\/\",\"url\":\"https:\\\/\\\/aidon.com\\\/no\\\/losninger\\\/metering-services-and-systems\\\/\",\"name\":\"M\u00e5letjenester og systemer - Aidon\",\"isPartOf\":{\"@id\":\"https:\\\/\\\/aidon.com\\\/no\\\/#website\"},\"primaryImageOfPage\":{\"@id\":\"https:\\\/\\\/aidon.com\\\/no\\\/losninger\\\/metering-services-and-systems\\\/#primaryimage\"},\"image\":{\"@id\":\"https:\\\/\\\/aidon.com\\\/no\\\/losninger\\\/metering-services-and-systems\\\/#primaryimage\"},\"thumbnailUrl\":\"https:\\\/\\\/aidon.com\\\/wp-content\\\/uploads\\\/2022\\\/08\\\/metering-2.png\",\"datePublished\":\"2022-08-10T09:52:49+00:00\",\"dateModified\":\"2026-01-22T14:15:00+00:00\",\"breadcrumb\":{\"@id\":\"https:\\\/\\\/aidon.com\\\/no\\\/losninger\\\/metering-services-and-systems\\\/#breadcrumb\"},\"inLanguage\":\"nb-NO\",\"potentialAction\":[{\"@type\":\"ReadAction\",\"target\":[\"https:\\\/\\\/aidon.com\\\/no\\\/losninger\\\/metering-services-and-systems\\\/\"]}]},{\"@type\":\"ImageObject\",\"inLanguage\":\"nb-NO\",\"@id\":\"https:\\\/\\\/aidon.com\\\/no\\\/losninger\\\/metering-services-and-systems\\\/#primaryimage\",\"url\":\"https:\\\/\\\/aidon.com\\\/wp-content\\\/uploads\\\/2022\\\/08\\\/metering-2.png\",\"contentUrl\":\"https:\\\/\\\/aidon.com\\\/wp-content\\\/uploads\\\/2022\\\/08\\\/metering-2.png\",\"width\":397,\"height\":397},{\"@type\":\"BreadcrumbList\",\"@id\":\"https:\\\/\\\/aidon.com\\\/no\\\/losninger\\\/metering-services-and-systems\\\/#breadcrumb\",\"itemListElement\":[{\"@type\":\"ListItem\",\"position\":1,\"name\":\"L\u00f8sninger\",\"item\":\"https:\\\/\\\/aidon.com\\\/no\\\/losninger\\\/\"},{\"@type\":\"ListItem\",\"position\":2,\"name\":\"M\u00e5letjenester og systemer\"}]},{\"@type\":\"WebSite\",\"@id\":\"https:\\\/\\\/aidon.com\\\/no\\\/#website\",\"url\":\"https:\\\/\\\/aidon.com\\\/no\\\/\",\"name\":\"Aidon\",\"description\":\"\",\"potentialAction\":[{\"@type\":\"SearchAction\",\"target\":{\"@type\":\"EntryPoint\",\"urlTemplate\":\"https:\\\/\\\/aidon.com\\\/no\\\/?s={search_term_string}\"},\"query-input\":{\"@type\":\"PropertyValueSpecification\",\"valueRequired\":true,\"valueName\":\"search_term_string\"}}],\"inLanguage\":\"nb-NO\"}]}<\/script>\n<!-- \/ Yoast SEO plugin. -->","yoast_head_json":{"title":"M\u00e5letjenester og systemer - Aidon","robots":{"index":"index","follow":"follow","max-snippet":"max-snippet:-1","max-image-preview":"max-image-preview:large","max-video-preview":"max-video-preview:-1"},"canonical":"https:\/\/aidon.com\/no\/losninger\/metering-services-and-systems\/","og_locale":"nb_NO","og_type":"article","og_title":"M\u00e5letjenester og systemer - Aidon","og_description":"AMI (Advanced Metering Infrastructure) er en avgj\u00f8rende del av energidistribusjonssystemet: det gir n\u00f8dvendige data for fakturering, samtidig som det sikrer energidistribusjon og vedlikeholdsprosesser i distribusjonsnettet. Aidon tilbyr m\u00e5lefunksjonaliteten i tre alternative l\u00f8sningsmodeller, hvorfra systemansvarlig kan velge det alternativet som passer best for egen driftsmodell. M\u00e5ling som tjeneste (MaaS) En omfattende&hellip;","og_url":"https:\/\/aidon.com\/no\/losninger\/metering-services-and-systems\/","og_site_name":"Aidon","article_modified_time":"2026-01-22T14:15:00+00:00","og_image":[{"width":397,"height":397,"url":"https:\/\/aidon.com\/wp-content\/uploads\/2022\/08\/metering-2.png","type":"image\/png"}],"twitter_card":"summary_large_image","twitter_misc":{"Ansl. lesetid":"2 minutter"},"schema":{"@context":"https:\/\/schema.org","@graph":[{"@type":"WebPage","@id":"https:\/\/aidon.com\/no\/losninger\/metering-services-and-systems\/","url":"https:\/\/aidon.com\/no\/losninger\/metering-services-and-systems\/","name":"M\u00e5letjenester og systemer - Aidon","isPartOf":{"@id":"https:\/\/aidon.com\/no\/#website"},"primaryImageOfPage":{"@id":"https:\/\/aidon.com\/no\/losninger\/metering-services-and-systems\/#primaryimage"},"image":{"@id":"https:\/\/aidon.com\/no\/losninger\/metering-services-and-systems\/#primaryimage"},"thumbnailUrl":"https:\/\/aidon.com\/wp-content\/uploads\/2022\/08\/metering-2.png","datePublished":"2022-08-10T09:52:49+00:00","dateModified":"2026-01-22T14:15:00+00:00","breadcrumb":{"@id":"https:\/\/aidon.com\/no\/losninger\/metering-services-and-systems\/#breadcrumb"},"inLanguage":"nb-NO","potentialAction":[{"@type":"ReadAction","target":["https:\/\/aidon.com\/no\/losninger\/metering-services-and-systems\/"]}]},{"@type":"ImageObject","inLanguage":"nb-NO","@id":"https:\/\/aidon.com\/no\/losninger\/metering-services-and-systems\/#primaryimage","url":"https:\/\/aidon.com\/wp-content\/uploads\/2022\/08\/metering-2.png","contentUrl":"https:\/\/aidon.com\/wp-content\/uploads\/2022\/08\/metering-2.png","width":397,"height":397},{"@type":"BreadcrumbList","@id":"https:\/\/aidon.com\/no\/losninger\/metering-services-and-systems\/#breadcrumb","itemListElement":[{"@type":"ListItem","position":1,"name":"L\u00f8sninger","item":"https:\/\/aidon.com\/no\/losninger\/"},{"@type":"ListItem","position":2,"name":"M\u00e5letjenester og systemer"}]},{"@type":"WebSite","@id":"https:\/\/aidon.com\/no\/#website","url":"https:\/\/aidon.com\/no\/","name":"Aidon","description":"","potentialAction":[{"@type":"SearchAction","target":{"@type":"EntryPoint","urlTemplate":"https:\/\/aidon.com\/no\/?s={search_term_string}"},"query-input":{"@type":"PropertyValueSpecification","valueRequired":true,"valueName":"search_term_string"}}],"inLanguage":"nb-NO"}]}},"_links":{"self":[{"href":"https:\/\/aidon.com\/no\/wp-json\/wp\/v2\/pages\/4784","targetHints":{"allow":["GET"]}}],"collection":[{"href":"https:\/\/aidon.com\/no\/wp-json\/wp\/v2\/pages"}],"about":[{"href":"https:\/\/aidon.com\/no\/wp-json\/wp\/v2\/types\/page"}],"author":[{"embeddable":true,"href":"https:\/\/aidon.com\/no\/wp-json\/wp\/v2\/users\/2"}],"replies":[{"embeddable":true,"href":"https:\/\/aidon.com\/no\/wp-json\/wp\/v2\/comments?post=4784"}],"version-history":[{"count":12,"href":"https:\/\/aidon.com\/no\/wp-json\/wp\/v2\/pages\/4784\/revisions"}],"predecessor-version":[{"id":18443,"href":"https:\/\/aidon.com\/no\/wp-json\/wp\/v2\/pages\/4784\/revisions\/18443"}],"up":[{"embeddable":true,"href":"https:\/\/aidon.com\/no\/wp-json\/wp\/v2\/pages\/4740"}],"wp:featuredmedia":[{"embeddable":true,"href":"https:\/\/aidon.com\/no\/wp-json\/wp\/v2\/media\/438"}],"wp:attachment":[{"href":"https:\/\/aidon.com\/no\/wp-json\/wp\/v2\/media?parent=4784"}],"curies":[{"name":"wp","href":"https:\/\/api.w.org\/{rel}","templated":true}]}}