{"id":4752,"date":"2022-08-23T11:24:48","date_gmt":"2022-08-23T08:24:48","guid":{"rendered":"https:\/\/aidon.com\/?page_id=4752"},"modified":"2026-01-27T11:31:43","modified_gmt":"2026-01-27T09:31:43","slug":"kontakt","status":"publish","type":"page","link":"https:\/\/aidon.com\/no\/kontakt\/","title":{"rendered":"Kontakt"},"content":{"rendered":"<h2>Hvordan kan vi hjelpe deg?<\/h2>\n<p>Er du interessert i l\u00f8sningene v\u00e5re, eller \u00f8nsker du \u00e5 kontakte oss av andre \u00e5rsaker? Du kan ogs\u00e5 bruke skjemaet via lenken nedenfor for \u00e5 oppgi dine kontaktopplysninger og angi hva henvendelsen gjelder.<\/p>\n<p>Hvis du har en Aidon-m\u00e5ler i bruk og har sp\u00f8rsm\u00e5l om dens funksjon eller egenskaper, for eksempel HAN-grensesnittet, vennligst kontakt ditt nettselskaps kundeservice eller tekniske support. Aidon besvarer dessverre ikke henvendelser direkte fra nettselskapenes sluttkunder.<\/p>\n<p><a class=\"cta inside\" href=\"https:\/\/aidon.com\/no\/kontaktskjema\/\" target=\"_blank\" rel=\"noopener\">Kontakt oss!<\/a><\/p>\n<p>&nbsp;<\/p>\n","protected":false},"excerpt":{"rendered":"<p>Hvordan kan vi hjelpe deg? Er du interessert i l\u00f8sningene v\u00e5re, eller \u00f8nsker du \u00e5 kontakte oss av andre \u00e5rsaker? Du kan ogs\u00e5 bruke skjemaet via lenken nedenfor for \u00e5 oppgi dine kontaktopplysninger og angi hva henvendelsen gjelder. Hvis du har en Aidon-m\u00e5ler i bruk og har sp\u00f8rsm\u00e5l om dens&hellip;<\/p>\n","protected":false},"author":2,"featured_media":486,"parent":0,"menu_order":0,"comment_status":"closed","ping_status":"closed","template":"","meta":{"_acf_changed":false,"footnotes":""},"class_list":["post-4752","page","type-page","status-publish","has-post-thumbnail","hentry"],"acf":[],"yoast_head":"<!-- This site is optimized with the Yoast SEO plugin v27.0 - https:\/\/yoast.com\/product\/yoast-seo-wordpress\/ -->\n<title>Kontakt - Aidon<\/title>\n<meta name=\"robots\" content=\"index, follow, max-snippet:-1, max-image-preview:large, max-video-preview:-1\" \/>\n<link rel=\"canonical\" href=\"https:\/\/aidon.com\/no\/kontakt\/\" \/>\n<meta property=\"og:locale\" content=\"nb_NO\" \/>\n<meta property=\"og:type\" content=\"article\" \/>\n<meta property=\"og:title\" content=\"Kontakt - Aidon\" \/>\n<meta property=\"og:description\" content=\"Hvordan kan vi hjelpe deg? Er du interessert i l\u00f8sningene v\u00e5re, eller \u00f8nsker du \u00e5 kontakte oss av andre \u00e5rsaker? Du kan ogs\u00e5 bruke skjemaet via lenken nedenfor for \u00e5 oppgi dine kontaktopplysninger og angi hva henvendelsen gjelder. Hvis du har en Aidon-m\u00e5ler i bruk og har sp\u00f8rsm\u00e5l om dens&hellip;\" \/>\n<meta property=\"og:url\" content=\"https:\/\/aidon.com\/no\/kontakt\/\" \/>\n<meta property=\"og:site_name\" content=\"Aidon\" \/>\n<meta property=\"article:modified_time\" content=\"2026-01-27T09:31:43+00:00\" \/>\n<meta property=\"og:image\" content=\"https:\/\/aidon.com\/wp-content\/uploads\/2022\/08\/AidonCom_Contact_Desktop.jpg\" \/>\n\t<meta property=\"og:image:width\" content=\"1920\" \/>\n\t<meta property=\"og:image:height\" content=\"768\" \/>\n\t<meta property=\"og:image:type\" content=\"image\/jpeg\" \/>\n<meta name=\"twitter:card\" content=\"summary_large_image\" \/>\n<meta name=\"twitter:label1\" content=\"Ansl. lesetid\" \/>\n\t<meta name=\"twitter:data1\" content=\"1 minutt\" \/>\n<script type=\"application\/ld+json\" class=\"yoast-schema-graph\">{\"@context\":\"https:\/\/schema.org\",\"@graph\":[{\"@type\":\"WebPage\",\"@id\":\"https:\/\/aidon.com\/no\/kontakt\/\",\"url\":\"https:\/\/aidon.com\/no\/kontakt\/\",\"name\":\"Kontakt - Aidon\",\"isPartOf\":{\"@id\":\"https:\/\/aidon.com\/no\/#website\"},\"primaryImageOfPage\":{\"@id\":\"https:\/\/aidon.com\/no\/kontakt\/#primaryimage\"},\"image\":{\"@id\":\"https:\/\/aidon.com\/no\/kontakt\/#primaryimage\"},\"thumbnailUrl\":\"https:\/\/aidon.com\/wp-content\/uploads\/2022\/08\/AidonCom_Contact_Desktop.jpg\",\"datePublished\":\"2022-08-23T08:24:48+00:00\",\"dateModified\":\"2026-01-27T09:31:43+00:00\",\"inLanguage\":\"nb-NO\",\"potentialAction\":[{\"@type\":\"ReadAction\",\"target\":[\"https:\/\/aidon.com\/no\/kontakt\/\"]}]},{\"@type\":\"ImageObject\",\"inLanguage\":\"nb-NO\",\"@id\":\"https:\/\/aidon.com\/no\/kontakt\/#primaryimage\",\"url\":\"https:\/\/aidon.com\/wp-content\/uploads\/2022\/08\/AidonCom_Contact_Desktop.jpg\",\"contentUrl\":\"https:\/\/aidon.com\/wp-content\/uploads\/2022\/08\/AidonCom_Contact_Desktop.jpg\",\"width\":1920,\"height\":768},{\"@type\":\"WebSite\",\"@id\":\"https:\/\/aidon.com\/no\/#website\",\"url\":\"https:\/\/aidon.com\/no\/\",\"name\":\"Aidon\",\"description\":\"\",\"potentialAction\":[{\"@type\":\"SearchAction\",\"target\":{\"@type\":\"EntryPoint\",\"urlTemplate\":\"https:\/\/aidon.com\/no\/?s={search_term_string}\"},\"query-input\":{\"@type\":\"PropertyValueSpecification\",\"valueRequired\":true,\"valueName\":\"search_term_string\"}}],\"inLanguage\":\"nb-NO\"}]}<\/script>\n<!-- \/ Yoast SEO plugin. -->","yoast_head_json":{"title":"Kontakt - Aidon","robots":{"index":"index","follow":"follow","max-snippet":"max-snippet:-1","max-image-preview":"max-image-preview:large","max-video-preview":"max-video-preview:-1"},"canonical":"https:\/\/aidon.com\/no\/kontakt\/","og_locale":"nb_NO","og_type":"article","og_title":"Kontakt - Aidon","og_description":"Hvordan kan vi hjelpe deg? Er du interessert i l\u00f8sningene v\u00e5re, eller \u00f8nsker du \u00e5 kontakte oss av andre \u00e5rsaker? Du kan ogs\u00e5 bruke skjemaet via lenken nedenfor for \u00e5 oppgi dine kontaktopplysninger og angi hva henvendelsen gjelder. Hvis du har en Aidon-m\u00e5ler i bruk og har sp\u00f8rsm\u00e5l om dens&hellip;","og_url":"https:\/\/aidon.com\/no\/kontakt\/","og_site_name":"Aidon","article_modified_time":"2026-01-27T09:31:43+00:00","og_image":[{"width":1920,"height":768,"url":"https:\/\/aidon.com\/wp-content\/uploads\/2022\/08\/AidonCom_Contact_Desktop.jpg","type":"image\/jpeg"}],"twitter_card":"summary_large_image","twitter_misc":{"Ansl. lesetid":"1 minutt"},"schema":{"@context":"https:\/\/schema.org","@graph":[{"@type":"WebPage","@id":"https:\/\/aidon.com\/no\/kontakt\/","url":"https:\/\/aidon.com\/no\/kontakt\/","name":"Kontakt - Aidon","isPartOf":{"@id":"https:\/\/aidon.com\/no\/#website"},"primaryImageOfPage":{"@id":"https:\/\/aidon.com\/no\/kontakt\/#primaryimage"},"image":{"@id":"https:\/\/aidon.com\/no\/kontakt\/#primaryimage"},"thumbnailUrl":"https:\/\/aidon.com\/wp-content\/uploads\/2022\/08\/AidonCom_Contact_Desktop.jpg","datePublished":"2022-08-23T08:24:48+00:00","dateModified":"2026-01-27T09:31:43+00:00","inLanguage":"nb-NO","potentialAction":[{"@type":"ReadAction","target":["https:\/\/aidon.com\/no\/kontakt\/"]}]},{"@type":"ImageObject","inLanguage":"nb-NO","@id":"https:\/\/aidon.com\/no\/kontakt\/#primaryimage","url":"https:\/\/aidon.com\/wp-content\/uploads\/2022\/08\/AidonCom_Contact_Desktop.jpg","contentUrl":"https:\/\/aidon.com\/wp-content\/uploads\/2022\/08\/AidonCom_Contact_Desktop.jpg","width":1920,"height":768},{"@type":"WebSite","@id":"https:\/\/aidon.com\/no\/#website","url":"https:\/\/aidon.com\/no\/","name":"Aidon","description":"","potentialAction":[{"@type":"SearchAction","target":{"@type":"EntryPoint","urlTemplate":"https:\/\/aidon.com\/no\/?s={search_term_string}"},"query-input":{"@type":"PropertyValueSpecification","valueRequired":true,"valueName":"search_term_string"}}],"inLanguage":"nb-NO"}]}},"_links":{"self":[{"href":"https:\/\/aidon.com\/no\/wp-json\/wp\/v2\/pages\/4752","targetHints":{"allow":["GET"]}}],"collection":[{"href":"https:\/\/aidon.com\/no\/wp-json\/wp\/v2\/pages"}],"about":[{"href":"https:\/\/aidon.com\/no\/wp-json\/wp\/v2\/types\/page"}],"author":[{"embeddable":true,"href":"https:\/\/aidon.com\/no\/wp-json\/wp\/v2\/users\/2"}],"replies":[{"embeddable":true,"href":"https:\/\/aidon.com\/no\/wp-json\/wp\/v2\/comments?post=4752"}],"version-history":[{"count":38,"href":"https:\/\/aidon.com\/no\/wp-json\/wp\/v2\/pages\/4752\/revisions"}],"predecessor-version":[{"id":18495,"href":"https:\/\/aidon.com\/no\/wp-json\/wp\/v2\/pages\/4752\/revisions\/18495"}],"wp:featuredmedia":[{"embeddable":true,"href":"https:\/\/aidon.com\/no\/wp-json\/wp\/v2\/media\/486"}],"wp:attachment":[{"href":"https:\/\/aidon.com\/no\/wp-json\/wp\/v2\/media?parent=4752"}],"curies":[{"name":"wp","href":"https:\/\/api.w.org\/{rel}","templated":true}]}}