{"id":4746,"date":"2022-08-15T09:51:54","date_gmt":"2022-08-15T06:51:54","guid":{"rendered":"https:\/\/aidon.com\/?page_id=4746"},"modified":"2025-06-27T15:09:39","modified_gmt":"2025-06-27T12:09:39","slug":"om-oss","status":"publish","type":"page","link":"https:\/\/aidon.com\/no\/om-oss\/","title":{"rendered":"Om oss"},"content":{"rendered":"<h2>Aidon \u2013 muliggj\u00f8r Smart Energy Lifestyles<\/h2>\n<p>Aidon er en ledende leverand\u00f8r av moderne smartm\u00e5lere og smarte nettl\u00f8sninger for str\u00f8mnettselskapene. V\u00e5re innovasjoner st\u00f8tter kunden i deres skifte mot et karbonn\u00f8ytralt energisystem.<\/p>\n<p>En sentral utfordring for energiskiftet er \u00f8kningen i distribuerte produksjonen av fornybar energi. Samtidig \u00f8ker str\u00f8mforbruket raskt, ved at vi m\u00e5 slutte \u00e5 bruke fossilt brensel som energikilde.<\/p>\n<p>\u00c5 balansere ulike, varierende produksjonskilder med \u00f8kende ettersp\u00f8rsel etter elektrisitet krever ny innsikt og ny fleksibilitet fra energidistribusjonsnettet.<\/p>\n<p>Ved \u00e5 bruke ny teknologi for \u00e5 samle inn detaljerte sensordata fra smarte m\u00e5lere og enheter og bruke avansert analyse og kunnskap hjelper vi v\u00e5re kunder med \u00e5 digitalisere prosessene og effektivisere nettdriften.<\/p>\n<p>I dag er Aidons utstyr og tilh\u00f8rende l\u00f8sninger for programvaresystemer n\u00f8kkelen til \u00e5 skape et mer p\u00e5litelig nett og drive energieffektivitet for mer enn 140 nettoperat\u00f8rer i Norden.<\/p>\n<a href=\"\/about-us\"><strong>Read more about us on our global website (in English) \u00bb<\/strong><\/a>\n<p>&nbsp;<\/p>\n<a href=\"\/about-us\"><img loading=\"lazy\" decoding=\"async\" class=\"alignnone wp-image-17057 size-full\" src=\"https:\/\/aidon.com\/wp-content\/uploads\/2025\/06\/About-us-thumbnails-en-2025.jpg\" alt=\"\" width=\"500\" height=\"337\" srcset=\"https:\/\/aidon.com\/wp-content\/uploads\/2025\/06\/About-us-thumbnails-en-2025.jpg 500w, https:\/\/aidon.com\/wp-content\/uploads\/2025\/06\/About-us-thumbnails-en-2025-300x202.jpg 300w\" sizes=\"auto, (max-width: 500px) 100vw, 500px\" \/><\/a>\n","protected":false},"excerpt":{"rendered":"<p>Aidon \u2013 muliggj\u00f8r Smart Energy Lifestyles Aidon er en ledende leverand\u00f8r av moderne smartm\u00e5lere og smarte nettl\u00f8sninger for str\u00f8mnettselskapene. V\u00e5re innovasjoner st\u00f8tter kunden i deres skifte mot et karbonn\u00f8ytralt energisystem. En sentral utfordring for energiskiftet er \u00f8kningen i distribuerte produksjonen av fornybar energi. Samtidig \u00f8ker str\u00f8mforbruket raskt, ved at vi&hellip;<\/p>\n","protected":false},"author":2,"featured_media":971,"parent":0,"menu_order":0,"comment_status":"closed","ping_status":"closed","template":"page-about.php","meta":{"_acf_changed":false,"footnotes":""},"class_list":["post-4746","page","type-page","status-publish","has-post-thumbnail","hentry"],"acf":[],"yoast_head":"<!-- This site is optimized with the Yoast SEO plugin v27.0 - https:\/\/yoast.com\/product\/yoast-seo-wordpress\/ -->\n<title>Om oss - Aidon<\/title>\n<meta name=\"robots\" content=\"index, follow, max-snippet:-1, max-image-preview:large, max-video-preview:-1\" \/>\n<link rel=\"canonical\" href=\"https:\/\/aidon.com\/no\/om-oss\/\" \/>\n<meta property=\"og:locale\" content=\"nb_NO\" \/>\n<meta property=\"og:type\" content=\"article\" \/>\n<meta property=\"og:title\" content=\"Om oss - Aidon\" \/>\n<meta property=\"og:description\" content=\"Aidon \u2013 muliggj\u00f8r Smart Energy Lifestyles Aidon er en ledende leverand\u00f8r av moderne smartm\u00e5lere og smarte nettl\u00f8sninger for str\u00f8mnettselskapene. V\u00e5re innovasjoner st\u00f8tter kunden i deres skifte mot et karbonn\u00f8ytralt energisystem. En sentral utfordring for energiskiftet er \u00f8kningen i distribuerte produksjonen av fornybar energi. Samtidig \u00f8ker str\u00f8mforbruket raskt, ved at vi&hellip;\" \/>\n<meta property=\"og:url\" content=\"https:\/\/aidon.com\/no\/om-oss\/\" \/>\n<meta property=\"og:site_name\" content=\"Aidon\" \/>\n<meta property=\"article:modified_time\" content=\"2025-06-27T12:09:39+00:00\" \/>\n<meta property=\"og:image\" content=\"https:\/\/aidon.com\/wp-content\/uploads\/2022\/09\/Aidon_Timelapse_JKL_24X-4-100-5.jpg\" \/>\n\t<meta property=\"og:image:width\" content=\"2268\" \/>\n\t<meta property=\"og:image:height\" content=\"1064\" \/>\n\t<meta property=\"og:image:type\" content=\"image\/jpeg\" \/>\n<meta name=\"twitter:card\" content=\"summary_large_image\" \/>\n<meta name=\"twitter:label1\" content=\"Ansl. lesetid\" \/>\n\t<meta name=\"twitter:data1\" content=\"2 minutter\" \/>\n<script type=\"application\/ld+json\" class=\"yoast-schema-graph\">{\"@context\":\"https:\/\/schema.org\",\"@graph\":[{\"@type\":\"WebPage\",\"@id\":\"https:\/\/aidon.com\/no\/om-oss\/\",\"url\":\"https:\/\/aidon.com\/no\/om-oss\/\",\"name\":\"Om oss - Aidon\",\"isPartOf\":{\"@id\":\"https:\/\/aidon.com\/no\/#website\"},\"primaryImageOfPage\":{\"@id\":\"https:\/\/aidon.com\/no\/om-oss\/#primaryimage\"},\"image\":{\"@id\":\"https:\/\/aidon.com\/no\/om-oss\/#primaryimage\"},\"thumbnailUrl\":\"https:\/\/aidon.com\/wp-content\/uploads\/2022\/09\/Aidon_Timelapse_JKL_24X-4-100-5.jpg\",\"datePublished\":\"2022-08-15T06:51:54+00:00\",\"dateModified\":\"2025-06-27T12:09:39+00:00\",\"inLanguage\":\"nb-NO\",\"potentialAction\":[{\"@type\":\"ReadAction\",\"target\":[\"https:\/\/aidon.com\/no\/om-oss\/\"]}]},{\"@type\":\"ImageObject\",\"inLanguage\":\"nb-NO\",\"@id\":\"https:\/\/aidon.com\/no\/om-oss\/#primaryimage\",\"url\":\"https:\/\/aidon.com\/wp-content\/uploads\/2022\/09\/Aidon_Timelapse_JKL_24X-4-100-5.jpg\",\"contentUrl\":\"https:\/\/aidon.com\/wp-content\/uploads\/2022\/09\/Aidon_Timelapse_JKL_24X-4-100-5.jpg\",\"width\":2268,\"height\":1064},{\"@type\":\"WebSite\",\"@id\":\"https:\/\/aidon.com\/no\/#website\",\"url\":\"https:\/\/aidon.com\/no\/\",\"name\":\"Aidon\",\"description\":\"\",\"potentialAction\":[{\"@type\":\"SearchAction\",\"target\":{\"@type\":\"EntryPoint\",\"urlTemplate\":\"https:\/\/aidon.com\/no\/?s={search_term_string}\"},\"query-input\":{\"@type\":\"PropertyValueSpecification\",\"valueRequired\":true,\"valueName\":\"search_term_string\"}}],\"inLanguage\":\"nb-NO\"}]}<\/script>\n<!-- \/ Yoast SEO plugin. -->","yoast_head_json":{"title":"Om oss - Aidon","robots":{"index":"index","follow":"follow","max-snippet":"max-snippet:-1","max-image-preview":"max-image-preview:large","max-video-preview":"max-video-preview:-1"},"canonical":"https:\/\/aidon.com\/no\/om-oss\/","og_locale":"nb_NO","og_type":"article","og_title":"Om oss - Aidon","og_description":"Aidon \u2013 muliggj\u00f8r Smart Energy Lifestyles Aidon er en ledende leverand\u00f8r av moderne smartm\u00e5lere og smarte nettl\u00f8sninger for str\u00f8mnettselskapene. V\u00e5re innovasjoner st\u00f8tter kunden i deres skifte mot et karbonn\u00f8ytralt energisystem. En sentral utfordring for energiskiftet er \u00f8kningen i distribuerte produksjonen av fornybar energi. Samtidig \u00f8ker str\u00f8mforbruket raskt, ved at vi&hellip;","og_url":"https:\/\/aidon.com\/no\/om-oss\/","og_site_name":"Aidon","article_modified_time":"2025-06-27T12:09:39+00:00","og_image":[{"width":2268,"height":1064,"url":"https:\/\/aidon.com\/wp-content\/uploads\/2022\/09\/Aidon_Timelapse_JKL_24X-4-100-5.jpg","type":"image\/jpeg"}],"twitter_card":"summary_large_image","twitter_misc":{"Ansl. lesetid":"2 minutter"},"schema":{"@context":"https:\/\/schema.org","@graph":[{"@type":"WebPage","@id":"https:\/\/aidon.com\/no\/om-oss\/","url":"https:\/\/aidon.com\/no\/om-oss\/","name":"Om oss - Aidon","isPartOf":{"@id":"https:\/\/aidon.com\/no\/#website"},"primaryImageOfPage":{"@id":"https:\/\/aidon.com\/no\/om-oss\/#primaryimage"},"image":{"@id":"https:\/\/aidon.com\/no\/om-oss\/#primaryimage"},"thumbnailUrl":"https:\/\/aidon.com\/wp-content\/uploads\/2022\/09\/Aidon_Timelapse_JKL_24X-4-100-5.jpg","datePublished":"2022-08-15T06:51:54+00:00","dateModified":"2025-06-27T12:09:39+00:00","inLanguage":"nb-NO","potentialAction":[{"@type":"ReadAction","target":["https:\/\/aidon.com\/no\/om-oss\/"]}]},{"@type":"ImageObject","inLanguage":"nb-NO","@id":"https:\/\/aidon.com\/no\/om-oss\/#primaryimage","url":"https:\/\/aidon.com\/wp-content\/uploads\/2022\/09\/Aidon_Timelapse_JKL_24X-4-100-5.jpg","contentUrl":"https:\/\/aidon.com\/wp-content\/uploads\/2022\/09\/Aidon_Timelapse_JKL_24X-4-100-5.jpg","width":2268,"height":1064},{"@type":"WebSite","@id":"https:\/\/aidon.com\/no\/#website","url":"https:\/\/aidon.com\/no\/","name":"Aidon","description":"","potentialAction":[{"@type":"SearchAction","target":{"@type":"EntryPoint","urlTemplate":"https:\/\/aidon.com\/no\/?s={search_term_string}"},"query-input":{"@type":"PropertyValueSpecification","valueRequired":true,"valueName":"search_term_string"}}],"inLanguage":"nb-NO"}]}},"_links":{"self":[{"href":"https:\/\/aidon.com\/no\/wp-json\/wp\/v2\/pages\/4746","targetHints":{"allow":["GET"]}}],"collection":[{"href":"https:\/\/aidon.com\/no\/wp-json\/wp\/v2\/pages"}],"about":[{"href":"https:\/\/aidon.com\/no\/wp-json\/wp\/v2\/types\/page"}],"author":[{"embeddable":true,"href":"https:\/\/aidon.com\/no\/wp-json\/wp\/v2\/users\/2"}],"replies":[{"embeddable":true,"href":"https:\/\/aidon.com\/no\/wp-json\/wp\/v2\/comments?post=4746"}],"version-history":[{"count":47,"href":"https:\/\/aidon.com\/no\/wp-json\/wp\/v2\/pages\/4746\/revisions"}],"predecessor-version":[{"id":17099,"href":"https:\/\/aidon.com\/no\/wp-json\/wp\/v2\/pages\/4746\/revisions\/17099"}],"wp:featuredmedia":[{"embeddable":true,"href":"https:\/\/aidon.com\/no\/wp-json\/wp\/v2\/media\/971"}],"wp:attachment":[{"href":"https:\/\/aidon.com\/no\/wp-json\/wp\/v2\/media?parent=4746"}],"curies":[{"name":"wp","href":"https:\/\/api.w.org\/{rel}","templated":true}]}}