{"id":4742,"date":"2022-08-24T09:45:26","date_gmt":"2022-08-24T09:45:26","guid":{"rendered":"https:\/\/aidon.com\/?page_id=4742"},"modified":"2023-04-11T14:33:38","modified_gmt":"2023-04-11T14:33:38","slug":"kunder","status":"publish","type":"page","link":"https:\/\/aidon.com\/no\/kunder\/","title":{"rendered":"Kunder"},"content":{"rendered":"<h2>Vi forplikter oss til \u00e5 skape langsiktig verdi for kundene<\/h2>\n<p><strong>Fra starten i 2004 og frem til i dag har vi hjulpet v\u00e5re kunder, nettselskapene (DSO-er), med \u00e5 \u00f8ke distribusjonensnettets p\u00e5litelighet og h\u00e5ndtere de store endringene som p\u00e5g\u00e5r \u00a0i energisektoren. Aidons kunder er store nasjonale nett-operat\u00f8rer s\u00e5 vel som mindre lokale forsyningsselskaper.<\/strong><\/p>\n<p>Ved \u00e5 bruke den nyeste teknologien og kombinere dette \u00a0en kontinuerlig dialog med kundene, hjelper vi dem \u00e5 oppfylle sitt hovedansvar: sikre feilfri str\u00f8mlevering til sluttbrukere. V\u00e5re l\u00f8sninger bidrar til \u00f8kt ressurseffektivitet, fornybar energistyring og langsiktige b\u00e6rekraftige investeringer.<\/p>\n<p>Les mer i kundenes casehistorier og nyhetene nedenfor.<\/p>\n<p>&nbsp;<\/p>\n","protected":false},"excerpt":{"rendered":"<p>Vi forplikter oss til \u00e5 skape langsiktig verdi for kundene Fra starten i 2004 og frem til i dag har vi hjulpet v\u00e5re kunder, nettselskapene (DSO-er), med \u00e5 \u00f8ke distribusjonensnettets p\u00e5litelighet og h\u00e5ndtere de store endringene som p\u00e5g\u00e5r \u00a0i energisektoren. Aidons kunder er store nasjonale nett-operat\u00f8rer s\u00e5 vel som mindre&hellip;<\/p>\n","protected":false},"author":2,"featured_media":951,"parent":0,"menu_order":0,"comment_status":"closed","ping_status":"closed","template":"page-customers.php","meta":{"_acf_changed":false,"footnotes":""},"class_list":["post-4742","page","type-page","status-publish","has-post-thumbnail","hentry"],"acf":[],"yoast_head":"<!-- This site is optimized with the Yoast SEO plugin v27.0 - https:\/\/yoast.com\/product\/yoast-seo-wordpress\/ -->\n<title>Kunder - Aidon<\/title>\n<meta name=\"robots\" content=\"index, follow, max-snippet:-1, max-image-preview:large, max-video-preview:-1\" \/>\n<link rel=\"canonical\" href=\"https:\/\/aidon.com\/no\/kunder\/\" \/>\n<meta property=\"og:locale\" content=\"nb_NO\" \/>\n<meta property=\"og:type\" content=\"article\" \/>\n<meta property=\"og:title\" content=\"Kunder - Aidon\" \/>\n<meta property=\"og:description\" content=\"Vi forplikter oss til \u00e5 skape langsiktig verdi for kundene Fra starten i 2004 og frem til i dag har vi hjulpet v\u00e5re kunder, nettselskapene (DSO-er), med \u00e5 \u00f8ke distribusjonensnettets p\u00e5litelighet og h\u00e5ndtere de store endringene som p\u00e5g\u00e5r \u00a0i energisektoren. Aidons kunder er store nasjonale nett-operat\u00f8rer s\u00e5 vel som mindre&hellip;\" \/>\n<meta property=\"og:url\" content=\"https:\/\/aidon.com\/no\/kunder\/\" \/>\n<meta property=\"og:site_name\" content=\"Aidon\" \/>\n<meta property=\"article:modified_time\" content=\"2023-04-11T14:33:38+00:00\" \/>\n<meta property=\"og:image\" content=\"https:\/\/aidon.com\/wp-content\/uploads\/2022\/09\/Aidon_Helsinki_Toolo_24x_small_RGB2.jpg\" \/>\n\t<meta property=\"og:image:width\" content=\"2000\" \/>\n\t<meta property=\"og:image:height\" content=\"1300\" \/>\n\t<meta property=\"og:image:type\" content=\"image\/jpeg\" \/>\n<meta name=\"twitter:card\" content=\"summary_large_image\" \/>\n<meta name=\"twitter:label1\" content=\"Ansl. lesetid\" \/>\n\t<meta name=\"twitter:data1\" content=\"1 minutt\" \/>\n<script type=\"application\/ld+json\" class=\"yoast-schema-graph\">{\"@context\":\"https:\/\/schema.org\",\"@graph\":[{\"@type\":\"WebPage\",\"@id\":\"https:\/\/aidon.com\/no\/kunder\/\",\"url\":\"https:\/\/aidon.com\/no\/kunder\/\",\"name\":\"Kunder - Aidon\",\"isPartOf\":{\"@id\":\"https:\/\/aidon.com\/no\/#website\"},\"primaryImageOfPage\":{\"@id\":\"https:\/\/aidon.com\/no\/kunder\/#primaryimage\"},\"image\":{\"@id\":\"https:\/\/aidon.com\/no\/kunder\/#primaryimage\"},\"thumbnailUrl\":\"https:\/\/aidon.com\/wp-content\/uploads\/2022\/09\/Aidon_Helsinki_Toolo_24x_small_RGB2.jpg\",\"datePublished\":\"2022-08-24T09:45:26+00:00\",\"dateModified\":\"2023-04-11T14:33:38+00:00\",\"inLanguage\":\"nb-NO\",\"potentialAction\":[{\"@type\":\"ReadAction\",\"target\":[\"https:\/\/aidon.com\/no\/kunder\/\"]}]},{\"@type\":\"ImageObject\",\"inLanguage\":\"nb-NO\",\"@id\":\"https:\/\/aidon.com\/no\/kunder\/#primaryimage\",\"url\":\"https:\/\/aidon.com\/wp-content\/uploads\/2022\/09\/Aidon_Helsinki_Toolo_24x_small_RGB2.jpg\",\"contentUrl\":\"https:\/\/aidon.com\/wp-content\/uploads\/2022\/09\/Aidon_Helsinki_Toolo_24x_small_RGB2.jpg\",\"width\":2000,\"height\":1300},{\"@type\":\"WebSite\",\"@id\":\"https:\/\/aidon.com\/no\/#website\",\"url\":\"https:\/\/aidon.com\/no\/\",\"name\":\"Aidon\",\"description\":\"\",\"potentialAction\":[{\"@type\":\"SearchAction\",\"target\":{\"@type\":\"EntryPoint\",\"urlTemplate\":\"https:\/\/aidon.com\/no\/?s={search_term_string}\"},\"query-input\":{\"@type\":\"PropertyValueSpecification\",\"valueRequired\":true,\"valueName\":\"search_term_string\"}}],\"inLanguage\":\"nb-NO\"}]}<\/script>\n<!-- \/ Yoast SEO plugin. -->","yoast_head_json":{"title":"Kunder - Aidon","robots":{"index":"index","follow":"follow","max-snippet":"max-snippet:-1","max-image-preview":"max-image-preview:large","max-video-preview":"max-video-preview:-1"},"canonical":"https:\/\/aidon.com\/no\/kunder\/","og_locale":"nb_NO","og_type":"article","og_title":"Kunder - Aidon","og_description":"Vi forplikter oss til \u00e5 skape langsiktig verdi for kundene Fra starten i 2004 og frem til i dag har vi hjulpet v\u00e5re kunder, nettselskapene (DSO-er), med \u00e5 \u00f8ke distribusjonensnettets p\u00e5litelighet og h\u00e5ndtere de store endringene som p\u00e5g\u00e5r \u00a0i energisektoren. Aidons kunder er store nasjonale nett-operat\u00f8rer s\u00e5 vel som mindre&hellip;","og_url":"https:\/\/aidon.com\/no\/kunder\/","og_site_name":"Aidon","article_modified_time":"2023-04-11T14:33:38+00:00","og_image":[{"width":2000,"height":1300,"url":"https:\/\/aidon.com\/wp-content\/uploads\/2022\/09\/Aidon_Helsinki_Toolo_24x_small_RGB2.jpg","type":"image\/jpeg"}],"twitter_card":"summary_large_image","twitter_misc":{"Ansl. lesetid":"1 minutt"},"schema":{"@context":"https:\/\/schema.org","@graph":[{"@type":"WebPage","@id":"https:\/\/aidon.com\/no\/kunder\/","url":"https:\/\/aidon.com\/no\/kunder\/","name":"Kunder - Aidon","isPartOf":{"@id":"https:\/\/aidon.com\/no\/#website"},"primaryImageOfPage":{"@id":"https:\/\/aidon.com\/no\/kunder\/#primaryimage"},"image":{"@id":"https:\/\/aidon.com\/no\/kunder\/#primaryimage"},"thumbnailUrl":"https:\/\/aidon.com\/wp-content\/uploads\/2022\/09\/Aidon_Helsinki_Toolo_24x_small_RGB2.jpg","datePublished":"2022-08-24T09:45:26+00:00","dateModified":"2023-04-11T14:33:38+00:00","inLanguage":"nb-NO","potentialAction":[{"@type":"ReadAction","target":["https:\/\/aidon.com\/no\/kunder\/"]}]},{"@type":"ImageObject","inLanguage":"nb-NO","@id":"https:\/\/aidon.com\/no\/kunder\/#primaryimage","url":"https:\/\/aidon.com\/wp-content\/uploads\/2022\/09\/Aidon_Helsinki_Toolo_24x_small_RGB2.jpg","contentUrl":"https:\/\/aidon.com\/wp-content\/uploads\/2022\/09\/Aidon_Helsinki_Toolo_24x_small_RGB2.jpg","width":2000,"height":1300},{"@type":"WebSite","@id":"https:\/\/aidon.com\/no\/#website","url":"https:\/\/aidon.com\/no\/","name":"Aidon","description":"","potentialAction":[{"@type":"SearchAction","target":{"@type":"EntryPoint","urlTemplate":"https:\/\/aidon.com\/no\/?s={search_term_string}"},"query-input":{"@type":"PropertyValueSpecification","valueRequired":true,"valueName":"search_term_string"}}],"inLanguage":"nb-NO"}]}},"_links":{"self":[{"href":"https:\/\/aidon.com\/no\/wp-json\/wp\/v2\/pages\/4742","targetHints":{"allow":["GET"]}}],"collection":[{"href":"https:\/\/aidon.com\/no\/wp-json\/wp\/v2\/pages"}],"about":[{"href":"https:\/\/aidon.com\/no\/wp-json\/wp\/v2\/types\/page"}],"author":[{"embeddable":true,"href":"https:\/\/aidon.com\/no\/wp-json\/wp\/v2\/users\/2"}],"replies":[{"embeddable":true,"href":"https:\/\/aidon.com\/no\/wp-json\/wp\/v2\/comments?post=4742"}],"version-history":[{"count":6,"href":"https:\/\/aidon.com\/no\/wp-json\/wp\/v2\/pages\/4742\/revisions"}],"predecessor-version":[{"id":9673,"href":"https:\/\/aidon.com\/no\/wp-json\/wp\/v2\/pages\/4742\/revisions\/9673"}],"wp:featuredmedia":[{"embeddable":true,"href":"https:\/\/aidon.com\/no\/wp-json\/wp\/v2\/media\/951"}],"wp:attachment":[{"href":"https:\/\/aidon.com\/no\/wp-json\/wp\/v2\/media?parent=4742"}],"curies":[{"name":"wp","href":"https:\/\/api.w.org\/{rel}","templated":true}]}}