{"id":4740,"date":"2022-08-10T11:48:41","date_gmt":"2022-08-10T08:48:41","guid":{"rendered":"https:\/\/aidon.com\/?page_id=4740"},"modified":"2023-04-11T08:09:42","modified_gmt":"2023-04-11T08:09:42","slug":"losninger","status":"publish","type":"page","link":"https:\/\/aidon.com\/no\/losninger\/","title":{"rendered":"L\u00f8sninger"},"content":{"rendered":"<h2>Utnytt mulighetene til det smarte nettet med v\u00e5re l\u00f8sninger<\/h2>\n<p>Aidons domenekompetanse, kundeforst\u00e5else og m\u00e5te \u00e5 samarbeide p\u00e5 er avgj\u00f8rende for \u00e5 skape verdi for deg som kunde. V\u00e5re fremtidssikre l\u00f8sninger er utformet for \u00e5 gi h\u00f8y ytelse, skalerbarhet og sikkerhet gjennom hele levetiden.<\/p>\n<p>Vi har en sterk merittliste innen det \u00e5 bringe banebrytende innovasjoner til markedet raskt. Disse innovasjonene blir skapt ut fra kundenes virksomhet. M\u00e5let v\u00e5rt er \u00e5 utvikle l\u00f8sninger som gir langsiktig verdi til v\u00e5re kunder og samtidig redefinerer bransjens etablerte driftsmodeller. <a href=\"https:\/\/aidon.com\/about-us\/innovations\/\" target=\"_blank\" rel=\"noopener\"><strong>Les mer om innovasjonene v\u00e5re her (in English) \u00bb<\/strong><\/a><\/p>\n<p>&nbsp;<\/p>\n<h4 style=\"text-align: left;\">Muliggj\u00f8r smartere bruk av energi og en mer p\u00e5litelig energidistribusjon<\/h4>\n<p>Smart m\u00e5ling er kjernen i smartnettet. Den forbinder forbrukerne \u00a0med energidistribusjonssystemet. Sjekk hvordan Aidons l\u00f8sningskomponenter brukes til ulike form\u00e5l.<\/p>\n<p><img loading=\"lazy\" decoding=\"async\" class=\"alignnone wp-image-5878\" src=\"https:\/\/aidon.com\/wp-content\/uploads\/2023\/02\/Aidon_solutions_legend_NOR_final.png\" alt=\"\" width=\"350\" height=\"109\" srcset=\"https:\/\/aidon.com\/wp-content\/uploads\/2023\/02\/Aidon_solutions_legend_NOR_final.png 450w, https:\/\/aidon.com\/wp-content\/uploads\/2023\/02\/Aidon_solutions_legend_NOR_final-300x93.png 300w\" sizes=\"auto, (max-width: 350px) 100vw, 350px\" \/><\/p>\n<!-- imagelinks begin -->\n<div id=\"imgl-4-7fvqm\" class=\"imgl-map imgl-map-4 \"data-json-src=\"https:\/\/aidon.com\/wp-content\/uploads\/imagelinks\/4\/config.json?ver=1675838794\" data-item-id=\"4\" style=\"display:none;\" >\n<div class=\"imgl-store\">\n<div class=\"imgl-pin imgl-pin-1\" data-id=\"1\">\n<div class=\"imgl-pin-pulse\"><\/div>\n<div class=\"imgl-pin-data\">\n<\/div>\n<\/div>\n<div class=\"imgl-pin imgl-pin-2\" data-id=\"2\">\n<div class=\"imgl-pin-pulse\"><\/div>\n<div class=\"imgl-pin-data\">\n<\/div>\n<\/div>\n<div class=\"imgl-pin imgl-pin-3\" data-id=\"3\">\n<div class=\"imgl-pin-pulse\"><\/div>\n<div class=\"imgl-pin-data\">\n<\/div>\n<\/div>\n<div class=\"imgl-pin imgl-pin-4\" data-id=\"4\">\n<div class=\"imgl-pin-pulse\"><\/div>\n<div class=\"imgl-pin-data\">\n<\/div>\n<\/div>\n<div class=\"imgl-pin imgl-pin-5\" data-id=\"5\">\n<div class=\"imgl-pin-pulse\"><\/div>\n<div class=\"imgl-pin-data\">\n<\/div>\n<\/div>\n<div class=\"imgl-pin imgl-pin-6\" data-id=\"6\">\n<div class=\"imgl-pin-pulse\"><\/div>\n<div class=\"imgl-pin-data\">\n<\/div>\n<\/div>\n<div class=\"imgl-pin imgl-pin-7\" data-id=\"7\">\n<div class=\"imgl-pin-pulse\"><\/div>\n<div class=\"imgl-pin-data\">\n<\/div>\n<\/div>\n<div class=\"imgl-pin imgl-pin-8\" data-id=\"8\">\n<div class=\"imgl-pin-pulse\"><\/div>\n<div class=\"imgl-pin-data\">\n<\/div>\n<\/div>\n<div class=\"imgl-pin imgl-pin-9\" data-id=\"9\">\n<div class=\"imgl-pin-pulse\"><\/div>\n<div class=\"imgl-pin-data\">\n<\/div>\n<\/div>\n<div class=\"imgl-pin imgl-pin-10\" data-id=\"10\">\n<div class=\"imgl-pin-pulse\"><\/div>\n<div class=\"imgl-pin-data\">\n<\/div>\n<\/div>\n<div class=\"imgl-pin imgl-pin-11\" data-id=\"11\">\n<div class=\"imgl-pin-pulse\"><\/div>\n<div class=\"imgl-pin-data\">\n<\/div>\n<\/div>\n<div class=\"imgl-tt imgl-tt-1\" data-id=\"1\" >\n<p class=\"boksi-teksti-wrapper\"><span class=\"boksi-teksti\">Stort utvalg av smarte m\u00e5lere for husholdninger og industribruk (CT og CT\/VT) <\/span><\/p><\/div>\n<div class=\"imgl-tt imgl-tt-2\" data-id=\"2\" >\n<p class=\"boksi-teksti-wrapper\"><span class=\"boksi-teksti\">Overv\u00e5king av transformator\u00adstasjonens tilstand<\/span><\/p><\/div>\n<div class=\"imgl-tt imgl-tt-3\" data-id=\"3\" >\n<p class=\"boksi-teksti-wrapper\"><span class=\"boksi-teksti\">Overv\u00e5king av lavspentnettverk basert p\u00e5 smarte m\u00e5lere<\/span><\/p><\/div>\n<div class=\"imgl-tt imgl-tt-4\" data-id=\"4\" >\n<p class=\"boksi-teksti-wrapper\"><span class=\"boksi-teksti\">Detaljert sanntidsoversikt over distribusjonsnett og hendelser i nettet<\/span><\/p><\/div>\n<div class=\"imgl-tt imgl-tt-5\" data-id=\"5\" >\n<p class=\"boksi-teksti-wrapper\"><span class=\"boksi-teksti\">N\u00f8yaktig planlegging og ledelse av feltarbeid gir kundeservice av h\u00f8y kvalitet<\/span><\/p><\/div>\n<div class=\"imgl-tt imgl-tt-6\" data-id=\"6\" >\n<p class=\"boksi-teksti-wrapper\"><span class=\"boksi-teksti\">Smarte m\u00e5lere i husholdninger muliggj\u00f8r smartere bruk av energi<\/span><\/p><\/div>\n<div class=\"imgl-tt imgl-tt-7\" data-id=\"7\" >\n<p class=\"boksi-teksti-wrapper\"><span class=\"boksi-teksti\">Effektive applikasjoner for \u00e5 administrere og utf\u00f8re feltarbeid <\/span><\/p><\/div>\n<div class=\"imgl-tt imgl-tt-8\" data-id=\"8\" >\n<p class=\"boksi-teksti-wrapper\"><span class=\"boksi-teksti\">Skalerbar og adaptiv toveis IoT-tilkobling er optimalisert for smart m\u00e5ling b\u00e5de i byer og landlige omr\u00e5der<\/span><\/p><\/div>\n<div class=\"imgl-tt imgl-tt-9\" data-id=\"9\" >\n<p class=\"boksi-teksti-wrapper\" style=\"text-align: center;\"><span class=\"boksi-teksti\">Woof!<\/span><\/p><\/div>\n<div class=\"imgl-tt imgl-tt-10\" data-id=\"10\" >\n<p class=\"boksi-teksti-wrapper\"><span class=\"boksi-teksti\">Kundetilpasset mobil\u00adprogramvare for proaktiv inspeksjon og vedlikehold av distribusjonsnett <\/span><\/p><\/div>\n<div class=\"imgl-tt imgl-tt-11\" data-id=\"11\" >\n<p class=\"boksi-teksti-wrapper\"><span class=\"boksi-teksti\">Effektive smarte m\u00e5lel\u00f8sninger og tjenester for str\u00f8mfakturering og optimalisering av distribusjons\u00adnettet<\/span><\/p><\/div>\n<\/div>\n<\/div>\n<!-- imagelinks end -->\n\n<p><strong>\u00a0<\/strong><\/p>\n<h4><\/h4>\n<p style=\"text-align: center;\">\n","protected":false},"excerpt":{"rendered":"<p>Utnytt mulighetene for et smartere nett med v\u00e5re l\u00f8sninger.<\/p>\n","protected":false},"author":2,"featured_media":975,"parent":0,"menu_order":0,"comment_status":"closed","ping_status":"closed","template":"page-solutions.php","meta":{"_acf_changed":false,"footnotes":""},"class_list":["post-4740","page","type-page","status-publish","has-post-thumbnail","hentry"],"acf":[],"yoast_head":"<!-- This site is optimized with the Yoast SEO plugin v27.0 - https:\/\/yoast.com\/product\/yoast-seo-wordpress\/ -->\n<title>L\u00f8sninger - Aidon<\/title>\n<meta name=\"robots\" content=\"index, follow, max-snippet:-1, max-image-preview:large, max-video-preview:-1\" \/>\n<link rel=\"canonical\" href=\"https:\/\/aidon.com\/no\/losninger\/\" \/>\n<meta property=\"og:locale\" content=\"nb_NO\" \/>\n<meta property=\"og:type\" content=\"article\" \/>\n<meta property=\"og:title\" content=\"L\u00f8sninger - Aidon\" \/>\n<meta property=\"og:description\" content=\"Utnytt mulighetene for et smartere nett med v\u00e5re l\u00f8sninger.\" \/>\n<meta property=\"og:url\" content=\"https:\/\/aidon.com\/no\/losninger\/\" \/>\n<meta property=\"og:site_name\" content=\"Aidon\" \/>\n<meta property=\"article:modified_time\" content=\"2023-04-11T08:09:42+00:00\" \/>\n<meta property=\"og:image\" content=\"https:\/\/aidon.com\/wp-content\/uploads\/2022\/09\/Aidon_Barcode_24x_v2_RGB-72.jpg\" \/>\n\t<meta property=\"og:image:width\" content=\"2000\" \/>\n\t<meta property=\"og:image:height\" content=\"1300\" \/>\n\t<meta property=\"og:image:type\" content=\"image\/jpeg\" \/>\n<meta name=\"twitter:card\" content=\"summary_large_image\" \/>\n<meta name=\"twitter:label1\" content=\"Ansl. lesetid\" \/>\n\t<meta name=\"twitter:data1\" content=\"1 minutt\" \/>\n<script type=\"application\/ld+json\" class=\"yoast-schema-graph\">{\"@context\":\"https:\/\/schema.org\",\"@graph\":[{\"@type\":\"WebPage\",\"@id\":\"https:\/\/aidon.com\/no\/losninger\/\",\"url\":\"https:\/\/aidon.com\/no\/losninger\/\",\"name\":\"L\u00f8sninger - Aidon\",\"isPartOf\":{\"@id\":\"https:\/\/aidon.com\/no\/#website\"},\"primaryImageOfPage\":{\"@id\":\"https:\/\/aidon.com\/no\/losninger\/#primaryimage\"},\"image\":{\"@id\":\"https:\/\/aidon.com\/no\/losninger\/#primaryimage\"},\"thumbnailUrl\":\"https:\/\/aidon.com\/wp-content\/uploads\/2022\/09\/Aidon_Barcode_24x_v2_RGB-72.jpg\",\"datePublished\":\"2022-08-10T08:48:41+00:00\",\"dateModified\":\"2023-04-11T08:09:42+00:00\",\"inLanguage\":\"nb-NO\",\"potentialAction\":[{\"@type\":\"ReadAction\",\"target\":[\"https:\/\/aidon.com\/no\/losninger\/\"]}]},{\"@type\":\"ImageObject\",\"inLanguage\":\"nb-NO\",\"@id\":\"https:\/\/aidon.com\/no\/losninger\/#primaryimage\",\"url\":\"https:\/\/aidon.com\/wp-content\/uploads\/2022\/09\/Aidon_Barcode_24x_v2_RGB-72.jpg\",\"contentUrl\":\"https:\/\/aidon.com\/wp-content\/uploads\/2022\/09\/Aidon_Barcode_24x_v2_RGB-72.jpg\",\"width\":2000,\"height\":1300,\"caption\":\"Barcode, Oslo city center, Elvia\"},{\"@type\":\"WebSite\",\"@id\":\"https:\/\/aidon.com\/no\/#website\",\"url\":\"https:\/\/aidon.com\/no\/\",\"name\":\"Aidon\",\"description\":\"\",\"potentialAction\":[{\"@type\":\"SearchAction\",\"target\":{\"@type\":\"EntryPoint\",\"urlTemplate\":\"https:\/\/aidon.com\/no\/?s={search_term_string}\"},\"query-input\":{\"@type\":\"PropertyValueSpecification\",\"valueRequired\":true,\"valueName\":\"search_term_string\"}}],\"inLanguage\":\"nb-NO\"}]}<\/script>\n<!-- \/ Yoast SEO plugin. -->","yoast_head_json":{"title":"L\u00f8sninger - Aidon","robots":{"index":"index","follow":"follow","max-snippet":"max-snippet:-1","max-image-preview":"max-image-preview:large","max-video-preview":"max-video-preview:-1"},"canonical":"https:\/\/aidon.com\/no\/losninger\/","og_locale":"nb_NO","og_type":"article","og_title":"L\u00f8sninger - Aidon","og_description":"Utnytt mulighetene for et smartere nett med v\u00e5re l\u00f8sninger.","og_url":"https:\/\/aidon.com\/no\/losninger\/","og_site_name":"Aidon","article_modified_time":"2023-04-11T08:09:42+00:00","og_image":[{"width":2000,"height":1300,"url":"https:\/\/aidon.com\/wp-content\/uploads\/2022\/09\/Aidon_Barcode_24x_v2_RGB-72.jpg","type":"image\/jpeg"}],"twitter_card":"summary_large_image","twitter_misc":{"Ansl. lesetid":"1 minutt"},"schema":{"@context":"https:\/\/schema.org","@graph":[{"@type":"WebPage","@id":"https:\/\/aidon.com\/no\/losninger\/","url":"https:\/\/aidon.com\/no\/losninger\/","name":"L\u00f8sninger - Aidon","isPartOf":{"@id":"https:\/\/aidon.com\/no\/#website"},"primaryImageOfPage":{"@id":"https:\/\/aidon.com\/no\/losninger\/#primaryimage"},"image":{"@id":"https:\/\/aidon.com\/no\/losninger\/#primaryimage"},"thumbnailUrl":"https:\/\/aidon.com\/wp-content\/uploads\/2022\/09\/Aidon_Barcode_24x_v2_RGB-72.jpg","datePublished":"2022-08-10T08:48:41+00:00","dateModified":"2023-04-11T08:09:42+00:00","inLanguage":"nb-NO","potentialAction":[{"@type":"ReadAction","target":["https:\/\/aidon.com\/no\/losninger\/"]}]},{"@type":"ImageObject","inLanguage":"nb-NO","@id":"https:\/\/aidon.com\/no\/losninger\/#primaryimage","url":"https:\/\/aidon.com\/wp-content\/uploads\/2022\/09\/Aidon_Barcode_24x_v2_RGB-72.jpg","contentUrl":"https:\/\/aidon.com\/wp-content\/uploads\/2022\/09\/Aidon_Barcode_24x_v2_RGB-72.jpg","width":2000,"height":1300,"caption":"Barcode, Oslo city center, Elvia"},{"@type":"WebSite","@id":"https:\/\/aidon.com\/no\/#website","url":"https:\/\/aidon.com\/no\/","name":"Aidon","description":"","potentialAction":[{"@type":"SearchAction","target":{"@type":"EntryPoint","urlTemplate":"https:\/\/aidon.com\/no\/?s={search_term_string}"},"query-input":{"@type":"PropertyValueSpecification","valueRequired":true,"valueName":"search_term_string"}}],"inLanguage":"nb-NO"}]}},"_links":{"self":[{"href":"https:\/\/aidon.com\/no\/wp-json\/wp\/v2\/pages\/4740","targetHints":{"allow":["GET"]}}],"collection":[{"href":"https:\/\/aidon.com\/no\/wp-json\/wp\/v2\/pages"}],"about":[{"href":"https:\/\/aidon.com\/no\/wp-json\/wp\/v2\/types\/page"}],"author":[{"embeddable":true,"href":"https:\/\/aidon.com\/no\/wp-json\/wp\/v2\/users\/2"}],"replies":[{"embeddable":true,"href":"https:\/\/aidon.com\/no\/wp-json\/wp\/v2\/comments?post=4740"}],"version-history":[{"count":18,"href":"https:\/\/aidon.com\/no\/wp-json\/wp\/v2\/pages\/4740\/revisions"}],"predecessor-version":[{"id":9631,"href":"https:\/\/aidon.com\/no\/wp-json\/wp\/v2\/pages\/4740\/revisions\/9631"}],"wp:featuredmedia":[{"embeddable":true,"href":"https:\/\/aidon.com\/no\/wp-json\/wp\/v2\/media\/975"}],"wp:attachment":[{"href":"https:\/\/aidon.com\/no\/wp-json\/wp\/v2\/media?parent=4740"}],"curies":[{"name":"wp","href":"https:\/\/api.w.org\/{rel}","templated":true}]}}