{"id":614,"date":"2022-08-15T09:56:51","date_gmt":"2022-08-15T09:56:51","guid":{"rendered":"https:\/\/aidon.com\/meista\/business-model\/"},"modified":"2023-04-25T11:01:39","modified_gmt":"2023-04-25T11:01:39","slug":"kumppanit","status":"publish","type":"page","link":"https:\/\/aidon.com\/fi\/meista\/kumppanit\/","title":{"rendered":"Kumppanit"},"content":{"rendered":"<p><strong>Haluamme edist\u00e4\u00e4 \u00e4lykk\u00e4\u00e4n ja turvallisen energiainfrastruktuurin kehitt\u00e4mist\u00e4 yhteisty\u00f6ss\u00e4 asiakkaidemme ja kumppaneidemme sek\u00e4 muiden t\u00e4rkeiden sidosryhmien, kuten tutkimuslaitosten ja kansallisten viranomaisten kanssa.<\/strong><\/p>\n<p>Liiketoimintamme perustana ovat vahva oma ammattitaitomme sek\u00e4 pitk\u00e4aikaiset strategiset kumppanuudet omien alojensa parhaiden asiantuntijayritysten kanssa. T\u00e4m\u00e4 malli mahdollistaa meille keskittymisen asiakastarpeisiin ja omiin ydinosaamisalueisiimme, kun taas luotetut kumppanit tuovat ratkaisutarjontaamme ja toimintaamme korkeatasoista asiantuntemusta, joustavuutta ja skaalautuvuutta. Edellyt\u00e4mme kumppaneiltamme yht\u00e4 vahvaa sitoutumista kest\u00e4v\u00e4n kehityksen edist\u00e4miseen ja asiakasarvon luomiseen kuin mihin itse olemme sitoutuneet.<\/p>\n<p>Laajassa kumppaniverkostossamme on sek\u00e4 globaalisti ett\u00e4 paikallisesti toimivia erikoisalojen osaajia. T\u00e4rkeimpiin kumppaneihimme kuuluu mm. teknologia-, tuotekehitys-, valmistus-, tietoturva- sek\u00e4 laiteasennusyhti\u00f6it\u00e4.<\/p>\n","protected":false},"excerpt":{"rendered":"<p>Haluamme edist\u00e4\u00e4 \u00e4lykk\u00e4\u00e4n ja turvallisen energiainfrastruktuurin kehitt\u00e4mist\u00e4 yhteisty\u00f6ss\u00e4 asiakkaidemme ja kumppaneidemme sek\u00e4 muiden t\u00e4rkeiden sidosryhmien, kuten tutkimuslaitosten ja kansallisten viranomaisten kanssa. Liiketoimintamme perustana ovat vahva oma ammattitaitomme sek\u00e4 pitk\u00e4aikaiset strategiset kumppanuudet omien alojensa parhaiden asiantuntijayritysten kanssa. T\u00e4m\u00e4 malli mahdollistaa meille keskittymisen asiakastarpeisiin ja omiin ydinosaamisalueisiimme, kun taas luotetut kumppanit tuovat&hellip;<\/p>\n","protected":false},"author":1,"featured_media":1211,"parent":610,"menu_order":4,"comment_status":"closed","ping_status":"closed","template":"","meta":{"_acf_changed":false,"footnotes":""},"class_list":["post-614","page","type-page","status-publish","has-post-thumbnail","hentry"],"acf":[],"yoast_head":"<!-- This site is optimized with the Yoast SEO plugin v27.0 - https:\/\/yoast.com\/product\/yoast-seo-wordpress\/ -->\n<title>Kumppanit - Aidon<\/title>\n<meta name=\"robots\" content=\"index, follow, max-snippet:-1, max-image-preview:large, max-video-preview:-1\" \/>\n<link rel=\"canonical\" href=\"https:\/\/aidon.com\/fi\/meista\/kumppanit\/\" \/>\n<meta property=\"og:locale\" content=\"fi_FI\" \/>\n<meta property=\"og:type\" content=\"article\" \/>\n<meta property=\"og:title\" content=\"Kumppanit - Aidon\" \/>\n<meta property=\"og:description\" content=\"Haluamme edist\u00e4\u00e4 \u00e4lykk\u00e4\u00e4n ja turvallisen energiainfrastruktuurin kehitt\u00e4mist\u00e4 yhteisty\u00f6ss\u00e4 asiakkaidemme ja kumppaneidemme sek\u00e4 muiden t\u00e4rkeiden sidosryhmien, kuten tutkimuslaitosten ja kansallisten viranomaisten kanssa. Liiketoimintamme perustana ovat vahva oma ammattitaitomme sek\u00e4 pitk\u00e4aikaiset strategiset kumppanuudet omien alojensa parhaiden asiantuntijayritysten kanssa. T\u00e4m\u00e4 malli mahdollistaa meille keskittymisen asiakastarpeisiin ja omiin ydinosaamisalueisiimme, kun taas luotetut kumppanit tuovat&hellip;\" \/>\n<meta property=\"og:url\" content=\"https:\/\/aidon.com\/fi\/meista\/kumppanit\/\" \/>\n<meta property=\"og:site_name\" content=\"Aidon\" \/>\n<meta property=\"article:modified_time\" content=\"2023-04-25T11:01:39+00:00\" \/>\n<meta property=\"og:image\" content=\"https:\/\/aidon.com\/wp-content\/uploads\/2022\/09\/Aidon-Brandikuva-106-web-1024x576.jpg\" \/>\n\t<meta property=\"og:image:width\" content=\"1024\" \/>\n\t<meta property=\"og:image:height\" content=\"576\" \/>\n\t<meta property=\"og:image:type\" content=\"image\/jpeg\" \/>\n<meta name=\"twitter:card\" content=\"summary_large_image\" \/>\n<meta name=\"twitter:label1\" content=\"Arvioitu lukuaika\" \/>\n\t<meta name=\"twitter:data1\" content=\"1 minuutti\" \/>\n<script type=\"application\/ld+json\" class=\"yoast-schema-graph\">{\"@context\":\"https:\/\/schema.org\",\"@graph\":[{\"@type\":\"WebPage\",\"@id\":\"https:\/\/aidon.com\/fi\/meista\/kumppanit\/\",\"url\":\"https:\/\/aidon.com\/fi\/meista\/kumppanit\/\",\"name\":\"Kumppanit - Aidon\",\"isPartOf\":{\"@id\":\"https:\/\/aidon.com\/fi\/#website\"},\"primaryImageOfPage\":{\"@id\":\"https:\/\/aidon.com\/fi\/meista\/kumppanit\/#primaryimage\"},\"image\":{\"@id\":\"https:\/\/aidon.com\/fi\/meista\/kumppanit\/#primaryimage\"},\"thumbnailUrl\":\"https:\/\/aidon.com\/wp-content\/uploads\/2022\/09\/Aidon-Brandikuva-106-web.jpg\",\"datePublished\":\"2022-08-15T09:56:51+00:00\",\"dateModified\":\"2023-04-25T11:01:39+00:00\",\"breadcrumb\":{\"@id\":\"https:\/\/aidon.com\/fi\/meista\/kumppanit\/#breadcrumb\"},\"inLanguage\":\"fi\",\"potentialAction\":[{\"@type\":\"ReadAction\",\"target\":[\"https:\/\/aidon.com\/fi\/meista\/kumppanit\/\"]}]},{\"@type\":\"ImageObject\",\"inLanguage\":\"fi\",\"@id\":\"https:\/\/aidon.com\/fi\/meista\/kumppanit\/#primaryimage\",\"url\":\"https:\/\/aidon.com\/wp-content\/uploads\/2022\/09\/Aidon-Brandikuva-106-web.jpg\",\"contentUrl\":\"https:\/\/aidon.com\/wp-content\/uploads\/2022\/09\/Aidon-Brandikuva-106-web.jpg\",\"width\":1920,\"height\":1080},{\"@type\":\"BreadcrumbList\",\"@id\":\"https:\/\/aidon.com\/fi\/meista\/kumppanit\/#breadcrumb\",\"itemListElement\":[{\"@type\":\"ListItem\",\"position\":1,\"name\":\"Meist\u00e4\",\"item\":\"https:\/\/aidon.com\/fi\/meista\/\"},{\"@type\":\"ListItem\",\"position\":2,\"name\":\"Kumppanit\"}]},{\"@type\":\"WebSite\",\"@id\":\"https:\/\/aidon.com\/fi\/#website\",\"url\":\"https:\/\/aidon.com\/fi\/\",\"name\":\"Aidon\",\"description\":\"\",\"potentialAction\":[{\"@type\":\"SearchAction\",\"target\":{\"@type\":\"EntryPoint\",\"urlTemplate\":\"https:\/\/aidon.com\/fi\/?s={search_term_string}\"},\"query-input\":{\"@type\":\"PropertyValueSpecification\",\"valueRequired\":true,\"valueName\":\"search_term_string\"}}],\"inLanguage\":\"fi\"}]}<\/script>\n<!-- \/ Yoast SEO plugin. -->","yoast_head_json":{"title":"Kumppanit - Aidon","robots":{"index":"index","follow":"follow","max-snippet":"max-snippet:-1","max-image-preview":"max-image-preview:large","max-video-preview":"max-video-preview:-1"},"canonical":"https:\/\/aidon.com\/fi\/meista\/kumppanit\/","og_locale":"fi_FI","og_type":"article","og_title":"Kumppanit - Aidon","og_description":"Haluamme edist\u00e4\u00e4 \u00e4lykk\u00e4\u00e4n ja turvallisen energiainfrastruktuurin kehitt\u00e4mist\u00e4 yhteisty\u00f6ss\u00e4 asiakkaidemme ja kumppaneidemme sek\u00e4 muiden t\u00e4rkeiden sidosryhmien, kuten tutkimuslaitosten ja kansallisten viranomaisten kanssa. Liiketoimintamme perustana ovat vahva oma ammattitaitomme sek\u00e4 pitk\u00e4aikaiset strategiset kumppanuudet omien alojensa parhaiden asiantuntijayritysten kanssa. T\u00e4m\u00e4 malli mahdollistaa meille keskittymisen asiakastarpeisiin ja omiin ydinosaamisalueisiimme, kun taas luotetut kumppanit tuovat&hellip;","og_url":"https:\/\/aidon.com\/fi\/meista\/kumppanit\/","og_site_name":"Aidon","article_modified_time":"2023-04-25T11:01:39+00:00","og_image":[{"width":1024,"height":576,"url":"https:\/\/aidon.com\/wp-content\/uploads\/2022\/09\/Aidon-Brandikuva-106-web-1024x576.jpg","type":"image\/jpeg"}],"twitter_card":"summary_large_image","twitter_misc":{"Arvioitu lukuaika":"1 minuutti"},"schema":{"@context":"https:\/\/schema.org","@graph":[{"@type":"WebPage","@id":"https:\/\/aidon.com\/fi\/meista\/kumppanit\/","url":"https:\/\/aidon.com\/fi\/meista\/kumppanit\/","name":"Kumppanit - Aidon","isPartOf":{"@id":"https:\/\/aidon.com\/fi\/#website"},"primaryImageOfPage":{"@id":"https:\/\/aidon.com\/fi\/meista\/kumppanit\/#primaryimage"},"image":{"@id":"https:\/\/aidon.com\/fi\/meista\/kumppanit\/#primaryimage"},"thumbnailUrl":"https:\/\/aidon.com\/wp-content\/uploads\/2022\/09\/Aidon-Brandikuva-106-web.jpg","datePublished":"2022-08-15T09:56:51+00:00","dateModified":"2023-04-25T11:01:39+00:00","breadcrumb":{"@id":"https:\/\/aidon.com\/fi\/meista\/kumppanit\/#breadcrumb"},"inLanguage":"fi","potentialAction":[{"@type":"ReadAction","target":["https:\/\/aidon.com\/fi\/meista\/kumppanit\/"]}]},{"@type":"ImageObject","inLanguage":"fi","@id":"https:\/\/aidon.com\/fi\/meista\/kumppanit\/#primaryimage","url":"https:\/\/aidon.com\/wp-content\/uploads\/2022\/09\/Aidon-Brandikuva-106-web.jpg","contentUrl":"https:\/\/aidon.com\/wp-content\/uploads\/2022\/09\/Aidon-Brandikuva-106-web.jpg","width":1920,"height":1080},{"@type":"BreadcrumbList","@id":"https:\/\/aidon.com\/fi\/meista\/kumppanit\/#breadcrumb","itemListElement":[{"@type":"ListItem","position":1,"name":"Meist\u00e4","item":"https:\/\/aidon.com\/fi\/meista\/"},{"@type":"ListItem","position":2,"name":"Kumppanit"}]},{"@type":"WebSite","@id":"https:\/\/aidon.com\/fi\/#website","url":"https:\/\/aidon.com\/fi\/","name":"Aidon","description":"","potentialAction":[{"@type":"SearchAction","target":{"@type":"EntryPoint","urlTemplate":"https:\/\/aidon.com\/fi\/?s={search_term_string}"},"query-input":{"@type":"PropertyValueSpecification","valueRequired":true,"valueName":"search_term_string"}}],"inLanguage":"fi"}]}},"_links":{"self":[{"href":"https:\/\/aidon.com\/fi\/wp-json\/wp\/v2\/pages\/614","targetHints":{"allow":["GET"]}}],"collection":[{"href":"https:\/\/aidon.com\/fi\/wp-json\/wp\/v2\/pages"}],"about":[{"href":"https:\/\/aidon.com\/fi\/wp-json\/wp\/v2\/types\/page"}],"author":[{"embeddable":true,"href":"https:\/\/aidon.com\/fi\/wp-json\/wp\/v2\/users\/1"}],"replies":[{"embeddable":true,"href":"https:\/\/aidon.com\/fi\/wp-json\/wp\/v2\/comments?post=614"}],"version-history":[{"count":12,"href":"https:\/\/aidon.com\/fi\/wp-json\/wp\/v2\/pages\/614\/revisions"}],"predecessor-version":[{"id":9786,"href":"https:\/\/aidon.com\/fi\/wp-json\/wp\/v2\/pages\/614\/revisions\/9786"}],"up":[{"embeddable":true,"href":"https:\/\/aidon.com\/fi\/wp-json\/wp\/v2\/pages\/610"}],"wp:featuredmedia":[{"embeddable":true,"href":"https:\/\/aidon.com\/fi\/wp-json\/wp\/v2\/media\/1211"}],"wp:attachment":[{"href":"https:\/\/aidon.com\/fi\/wp-json\/wp\/v2\/media?parent=614"}],"curies":[{"name":"wp","href":"https:\/\/api.w.org\/{rel}","templated":true}]}}