{"id":610,"date":"2022-08-15T09:51:54","date_gmt":"2022-08-15T06:51:54","guid":{"rendered":"https:\/\/aidon.com\/about\/"},"modified":"2023-11-20T09:30:25","modified_gmt":"2023-11-20T09:30:25","slug":"meista","status":"publish","type":"page","link":"https:\/\/aidon.com\/fi\/meista\/","title":{"rendered":"Meist\u00e4"},"content":{"rendered":"<h2>Aidon \u2013 energiaviisaan el\u00e4m\u00e4ntavan mahdollistaja<\/h2>\n<p><strong>Olemme alamme johtava, uusimpia teknologioita hy\u00f6dynt\u00e4vien energianmittaus- ja \u00e4lyverkkoratkaisujen toimittaja. Asiakkaitamme ovat s\u00e4hk\u00f6n jakeluverkkoyhti\u00f6t. Innovaatioillamme tuemme asiakkaidemme siirtymist\u00e4 hiilineutraaliin energiaj\u00e4rjestelm\u00e4\u00e4n.<\/strong><\/p>\n<p>P\u00e4\u00e4st\u00f6tt\u00f6m\u00e4\u00e4n energiaj\u00e4rjestelm\u00e4\u00e4n siirrytt\u00e4ess\u00e4 uusiutuvan energian tuotanto lis\u00e4\u00e4ntyy ja s\u00e4hk\u00f6ntuotanto hajautuu. S\u00e4hk\u00f6nkulutus kasvaa, kun fossiilisten polttoaineiden k\u00e4yt\u00f6st\u00e4 energial\u00e4hteen\u00e4 luovutaan. Erilaisten, mm. s\u00e4\u00e4st\u00e4 riippuvien energianl\u00e4hteiden tuotannon tasapainottaminen kasvavan energian kysynn\u00e4n kanssa vaatii entist\u00e4 tehokkaampaa jakeluverkon hallintaa ja uudenlaista joustavuutta.<\/p>\n<p>N\u00e4ihin haasteisiin kehit\u00e4mme ja toimitamme laitteita, ohjelmistoratkaisuja ja palveluja jo yli 140 pohjoismaiselle jakeluverkkoyhti\u00f6lle. Hy\u00f6dynt\u00e4m\u00e4ll\u00e4 \u00e4lymittareiden jakeluverkosta ker\u00e4\u00e4m\u00e4\u00e4 tietoa ja soveltamalla kehittyneit\u00e4 laskenta- ja analytiikkateknologiota autamme asiakkaitamme digitalisoimaan prosessejaan ja tehostamaan verkkotoimintojaan.<\/p>\n","protected":false},"excerpt":{"rendered":"<p>Aidon \u2013 energiaviisaan el\u00e4m\u00e4ntavan mahdollistaja Olemme alamme johtava, uusimpia teknologioita hy\u00f6dynt\u00e4vien energianmittaus- ja \u00e4lyverkkoratkaisujen toimittaja. Asiakkaitamme ovat s\u00e4hk\u00f6n jakeluverkkoyhti\u00f6t. Innovaatioillamme tuemme asiakkaidemme siirtymist\u00e4 hiilineutraaliin energiaj\u00e4rjestelm\u00e4\u00e4n. P\u00e4\u00e4st\u00f6tt\u00f6m\u00e4\u00e4n energiaj\u00e4rjestelm\u00e4\u00e4n siirrytt\u00e4ess\u00e4 uusiutuvan energian tuotanto lis\u00e4\u00e4ntyy ja s\u00e4hk\u00f6ntuotanto hajautuu. S\u00e4hk\u00f6nkulutus kasvaa, kun fossiilisten polttoaineiden k\u00e4yt\u00f6st\u00e4 energial\u00e4hteen\u00e4 luovutaan. Erilaisten, mm. s\u00e4\u00e4st\u00e4 riippuvien energianl\u00e4hteiden tuotannon tasapainottaminen&hellip;<\/p>\n","protected":false},"author":1,"featured_media":970,"parent":0,"menu_order":0,"comment_status":"closed","ping_status":"closed","template":"page-about.php","meta":{"_acf_changed":false,"footnotes":""},"class_list":["post-610","page","type-page","status-publish","has-post-thumbnail","hentry"],"acf":[],"yoast_head":"<!-- This site is optimized with the Yoast SEO plugin v27.5 - https:\/\/yoast.com\/product\/yoast-seo-wordpress\/ -->\n<title>Meist\u00e4 - Aidon<\/title>\n<meta name=\"robots\" content=\"index, follow, max-snippet:-1, max-image-preview:large, max-video-preview:-1\" \/>\n<link rel=\"canonical\" href=\"https:\/\/aidon.com\/fi\/meista\/\" \/>\n<meta property=\"og:locale\" content=\"fi_FI\" \/>\n<meta property=\"og:type\" content=\"article\" \/>\n<meta property=\"og:title\" content=\"Meist\u00e4 - Aidon\" \/>\n<meta property=\"og:description\" content=\"Aidon \u2013 energiaviisaan el\u00e4m\u00e4ntavan mahdollistaja Olemme alamme johtava, uusimpia teknologioita hy\u00f6dynt\u00e4vien energianmittaus- ja \u00e4lyverkkoratkaisujen toimittaja. Asiakkaitamme ovat s\u00e4hk\u00f6n jakeluverkkoyhti\u00f6t. Innovaatioillamme tuemme asiakkaidemme siirtymist\u00e4 hiilineutraaliin energiaj\u00e4rjestelm\u00e4\u00e4n. P\u00e4\u00e4st\u00f6tt\u00f6m\u00e4\u00e4n energiaj\u00e4rjestelm\u00e4\u00e4n siirrytt\u00e4ess\u00e4 uusiutuvan energian tuotanto lis\u00e4\u00e4ntyy ja s\u00e4hk\u00f6ntuotanto hajautuu. S\u00e4hk\u00f6nkulutus kasvaa, kun fossiilisten polttoaineiden k\u00e4yt\u00f6st\u00e4 energial\u00e4hteen\u00e4 luovutaan. Erilaisten, mm. s\u00e4\u00e4st\u00e4 riippuvien energianl\u00e4hteiden tuotannon tasapainottaminen&hellip;\" \/>\n<meta property=\"og:url\" content=\"https:\/\/aidon.com\/fi\/meista\/\" \/>\n<meta property=\"og:site_name\" content=\"Aidon\" \/>\n<meta property=\"article:modified_time\" content=\"2023-11-20T09:30:25+00:00\" \/>\n<meta property=\"og:image\" content=\"https:\/\/aidon.com\/wp-content\/uploads\/2022\/09\/Aidon_Timelapse_JKL_24X-4-100-5.jpg\" \/>\n\t<meta property=\"og:image:width\" content=\"2268\" \/>\n\t<meta property=\"og:image:height\" content=\"1064\" \/>\n\t<meta property=\"og:image:type\" content=\"image\/jpeg\" \/>\n<meta name=\"twitter:card\" content=\"summary_large_image\" \/>\n<meta name=\"twitter:label1\" content=\"Arvioitu lukuaika\" \/>\n\t<meta name=\"twitter:data1\" content=\"1 minuutti\" \/>\n<script type=\"application\/ld+json\" class=\"yoast-schema-graph\">{\"@context\":\"https:\\\/\\\/schema.org\",\"@graph\":[{\"@type\":\"WebPage\",\"@id\":\"https:\\\/\\\/aidon.com\\\/fi\\\/meista\\\/\",\"url\":\"https:\\\/\\\/aidon.com\\\/fi\\\/meista\\\/\",\"name\":\"Meist\u00e4 - Aidon\",\"isPartOf\":{\"@id\":\"https:\\\/\\\/aidon.com\\\/fi\\\/#website\"},\"primaryImageOfPage\":{\"@id\":\"https:\\\/\\\/aidon.com\\\/fi\\\/meista\\\/#primaryimage\"},\"image\":{\"@id\":\"https:\\\/\\\/aidon.com\\\/fi\\\/meista\\\/#primaryimage\"},\"thumbnailUrl\":\"https:\\\/\\\/aidon.com\\\/wp-content\\\/uploads\\\/2022\\\/09\\\/Aidon_Timelapse_JKL_24X-4-100-5.jpg\",\"datePublished\":\"2022-08-15T06:51:54+00:00\",\"dateModified\":\"2023-11-20T09:30:25+00:00\",\"inLanguage\":\"fi\",\"potentialAction\":[{\"@type\":\"ReadAction\",\"target\":[\"https:\\\/\\\/aidon.com\\\/fi\\\/meista\\\/\"]}]},{\"@type\":\"ImageObject\",\"inLanguage\":\"fi\",\"@id\":\"https:\\\/\\\/aidon.com\\\/fi\\\/meista\\\/#primaryimage\",\"url\":\"https:\\\/\\\/aidon.com\\\/wp-content\\\/uploads\\\/2022\\\/09\\\/Aidon_Timelapse_JKL_24X-4-100-5.jpg\",\"contentUrl\":\"https:\\\/\\\/aidon.com\\\/wp-content\\\/uploads\\\/2022\\\/09\\\/Aidon_Timelapse_JKL_24X-4-100-5.jpg\",\"width\":2268,\"height\":1064},{\"@type\":\"WebSite\",\"@id\":\"https:\\\/\\\/aidon.com\\\/fi\\\/#website\",\"url\":\"https:\\\/\\\/aidon.com\\\/fi\\\/\",\"name\":\"Aidon\",\"description\":\"\",\"potentialAction\":[{\"@type\":\"SearchAction\",\"target\":{\"@type\":\"EntryPoint\",\"urlTemplate\":\"https:\\\/\\\/aidon.com\\\/fi\\\/?s={search_term_string}\"},\"query-input\":{\"@type\":\"PropertyValueSpecification\",\"valueRequired\":true,\"valueName\":\"search_term_string\"}}],\"inLanguage\":\"fi\"}]}<\/script>\n<!-- \/ Yoast SEO plugin. -->","yoast_head_json":{"title":"Meist\u00e4 - Aidon","robots":{"index":"index","follow":"follow","max-snippet":"max-snippet:-1","max-image-preview":"max-image-preview:large","max-video-preview":"max-video-preview:-1"},"canonical":"https:\/\/aidon.com\/fi\/meista\/","og_locale":"fi_FI","og_type":"article","og_title":"Meist\u00e4 - Aidon","og_description":"Aidon \u2013 energiaviisaan el\u00e4m\u00e4ntavan mahdollistaja Olemme alamme johtava, uusimpia teknologioita hy\u00f6dynt\u00e4vien energianmittaus- ja \u00e4lyverkkoratkaisujen toimittaja. Asiakkaitamme ovat s\u00e4hk\u00f6n jakeluverkkoyhti\u00f6t. Innovaatioillamme tuemme asiakkaidemme siirtymist\u00e4 hiilineutraaliin energiaj\u00e4rjestelm\u00e4\u00e4n. P\u00e4\u00e4st\u00f6tt\u00f6m\u00e4\u00e4n energiaj\u00e4rjestelm\u00e4\u00e4n siirrytt\u00e4ess\u00e4 uusiutuvan energian tuotanto lis\u00e4\u00e4ntyy ja s\u00e4hk\u00f6ntuotanto hajautuu. S\u00e4hk\u00f6nkulutus kasvaa, kun fossiilisten polttoaineiden k\u00e4yt\u00f6st\u00e4 energial\u00e4hteen\u00e4 luovutaan. Erilaisten, mm. s\u00e4\u00e4st\u00e4 riippuvien energianl\u00e4hteiden tuotannon tasapainottaminen&hellip;","og_url":"https:\/\/aidon.com\/fi\/meista\/","og_site_name":"Aidon","article_modified_time":"2023-11-20T09:30:25+00:00","og_image":[{"width":2268,"height":1064,"url":"https:\/\/aidon.com\/wp-content\/uploads\/2022\/09\/Aidon_Timelapse_JKL_24X-4-100-5.jpg","type":"image\/jpeg"}],"twitter_card":"summary_large_image","twitter_misc":{"Arvioitu lukuaika":"1 minuutti"},"schema":{"@context":"https:\/\/schema.org","@graph":[{"@type":"WebPage","@id":"https:\/\/aidon.com\/fi\/meista\/","url":"https:\/\/aidon.com\/fi\/meista\/","name":"Meist\u00e4 - Aidon","isPartOf":{"@id":"https:\/\/aidon.com\/fi\/#website"},"primaryImageOfPage":{"@id":"https:\/\/aidon.com\/fi\/meista\/#primaryimage"},"image":{"@id":"https:\/\/aidon.com\/fi\/meista\/#primaryimage"},"thumbnailUrl":"https:\/\/aidon.com\/wp-content\/uploads\/2022\/09\/Aidon_Timelapse_JKL_24X-4-100-5.jpg","datePublished":"2022-08-15T06:51:54+00:00","dateModified":"2023-11-20T09:30:25+00:00","inLanguage":"fi","potentialAction":[{"@type":"ReadAction","target":["https:\/\/aidon.com\/fi\/meista\/"]}]},{"@type":"ImageObject","inLanguage":"fi","@id":"https:\/\/aidon.com\/fi\/meista\/#primaryimage","url":"https:\/\/aidon.com\/wp-content\/uploads\/2022\/09\/Aidon_Timelapse_JKL_24X-4-100-5.jpg","contentUrl":"https:\/\/aidon.com\/wp-content\/uploads\/2022\/09\/Aidon_Timelapse_JKL_24X-4-100-5.jpg","width":2268,"height":1064},{"@type":"WebSite","@id":"https:\/\/aidon.com\/fi\/#website","url":"https:\/\/aidon.com\/fi\/","name":"Aidon","description":"","potentialAction":[{"@type":"SearchAction","target":{"@type":"EntryPoint","urlTemplate":"https:\/\/aidon.com\/fi\/?s={search_term_string}"},"query-input":{"@type":"PropertyValueSpecification","valueRequired":true,"valueName":"search_term_string"}}],"inLanguage":"fi"}]}},"_links":{"self":[{"href":"https:\/\/aidon.com\/fi\/wp-json\/wp\/v2\/pages\/610","targetHints":{"allow":["GET"]}}],"collection":[{"href":"https:\/\/aidon.com\/fi\/wp-json\/wp\/v2\/pages"}],"about":[{"href":"https:\/\/aidon.com\/fi\/wp-json\/wp\/v2\/types\/page"}],"author":[{"embeddable":true,"href":"https:\/\/aidon.com\/fi\/wp-json\/wp\/v2\/users\/1"}],"replies":[{"embeddable":true,"href":"https:\/\/aidon.com\/fi\/wp-json\/wp\/v2\/comments?post=610"}],"version-history":[{"count":8,"href":"https:\/\/aidon.com\/fi\/wp-json\/wp\/v2\/pages\/610\/revisions"}],"predecessor-version":[{"id":12379,"href":"https:\/\/aidon.com\/fi\/wp-json\/wp\/v2\/pages\/610\/revisions\/12379"}],"wp:featuredmedia":[{"embeddable":true,"href":"https:\/\/aidon.com\/fi\/wp-json\/wp\/v2\/media\/970"}],"wp:attachment":[{"href":"https:\/\/aidon.com\/fi\/wp-json\/wp\/v2\/media?parent=610"}],"curies":[{"name":"wp","href":"https:\/\/api.w.org\/{rel}","templated":true}]}}