{"id":590,"date":"2022-08-10T11:48:41","date_gmt":"2022-08-10T08:48:41","guid":{"rendered":"https:\/\/aidon.com\/solutions\/"},"modified":"2023-09-13T14:44:52","modified_gmt":"2023-09-13T14:44:52","slug":"ratkaisut","status":"publish","type":"page","link":"https:\/\/aidon.com\/fi\/ratkaisut\/","title":{"rendered":"Ratkaisut"},"content":{"rendered":"<h2>Hy\u00f6dynn\u00e4 \u00e4lykk\u00e4\u00e4n s\u00e4hk\u00f6verkon mahdollisuudet ratkaisujemme avulla<\/h2>\n<p>Energiatoimialan tunteminen, asiakkaidemme liiketoiminnan ymm\u00e4rt\u00e4minen ja yhteisty\u00f6h\u00f6n perustuva tapamme toimia luovat perustan innovatiivisille ratkaisuillemme. Ne on suunniteltu turvallisiksi, skaalautuviksi ja suorituskyvylt\u00e4\u00e4n vahvoiksi, niin ett\u00e4 ne tuottavat arvoa asiakkaillemme koko elinkaarensa ajan.\u00a0<a href=\"https:\/\/aidon.com\/fi\/meista\/innovations\/\">Lue lis\u00e4\u00e4 innovaatioistamme t\u00e4\u00e4ll\u00e4.<\/a><\/p>\n<h4 style=\"text-align: left;\">J\u00e4rkev\u00e4n s\u00e4hk\u00f6nkulutuksen ja luotettavan energianjakelun asialla<\/h4>\n<p>\u00c4lyk\u00e4s mittaus on \u00e4lykk\u00e4\u00e4n s\u00e4hk\u00f6verkon syd\u00e4n. Se yhdist\u00e4\u00e4 s\u00e4hk\u00f6nk\u00e4ytt\u00e4j\u00e4t ja s\u00e4hk\u00f6njakeluj\u00e4rjestelm\u00e4n. Tutustu alla olevassa kuvassa Aidonin ratkaisun osiin ja niiden k\u00e4ytt\u00f6tarkoituksiin.<\/p>\n<p><img loading=\"lazy\" decoding=\"async\" class=\"alignnone wp-image-5815\" src=\"https:\/\/aidon.com\/wp-content\/uploads\/2023\/02\/Aidon_solutions_legend_FIN.png\" alt=\"\" width=\"327\" height=\"107\" srcset=\"https:\/\/aidon.com\/wp-content\/uploads\/2023\/02\/Aidon_solutions_legend_FIN.png 427w, https:\/\/aidon.com\/wp-content\/uploads\/2023\/02\/Aidon_solutions_legend_FIN-300x98.png 300w\" sizes=\"auto, (max-width: 327px) 100vw, 327px\" \/><\/p>\n<!-- imagelinks begin -->\n<div id=\"imgl-2-mmc4w\" class=\"imgl-map imgl-map-2 \"data-json-src=\"https:\/\/aidon.com\/wp-content\/uploads\/imagelinks\/2\/config.json?ver=\" data-item-id=\"2\" style=\"display:none;\" >\n<div class=\"imgl-store\">\n<div class=\"imgl-pin imgl-pin-1\" data-id=\"1\">\n<div class=\"imgl-pin-pulse\"><\/div>\n<div class=\"imgl-pin-data\">\n<\/div>\n<\/div>\n<div class=\"imgl-pin imgl-pin-2\" data-id=\"2\">\n<div class=\"imgl-pin-pulse\"><\/div>\n<div class=\"imgl-pin-data\">\n<\/div>\n<\/div>\n<div class=\"imgl-pin imgl-pin-3\" data-id=\"3\">\n<div class=\"imgl-pin-pulse\"><\/div>\n<div class=\"imgl-pin-data\">\n<\/div>\n<\/div>\n<div class=\"imgl-pin imgl-pin-4\" data-id=\"4\">\n<div class=\"imgl-pin-pulse\"><\/div>\n<div class=\"imgl-pin-data\">\n<\/div>\n<\/div>\n<div class=\"imgl-pin imgl-pin-5\" data-id=\"5\">\n<div class=\"imgl-pin-pulse\"><\/div>\n<div class=\"imgl-pin-data\">\n<\/div>\n<\/div>\n<div class=\"imgl-pin imgl-pin-6\" data-id=\"6\">\n<div class=\"imgl-pin-pulse\"><\/div>\n<div class=\"imgl-pin-data\">\n<\/div>\n<\/div>\n<div class=\"imgl-pin imgl-pin-7\" data-id=\"7\">\n<div class=\"imgl-pin-pulse\"><\/div>\n<div class=\"imgl-pin-data\">\n<\/div>\n<\/div>\n<div class=\"imgl-pin imgl-pin-8\" data-id=\"8\">\n<div class=\"imgl-pin-pulse\"><\/div>\n<div class=\"imgl-pin-data\">\n<\/div>\n<\/div>\n<div class=\"imgl-pin imgl-pin-9\" data-id=\"9\">\n<div class=\"imgl-pin-pulse\"><\/div>\n<div class=\"imgl-pin-data\">\n<\/div>\n<\/div>\n<div class=\"imgl-pin imgl-pin-10\" data-id=\"10\">\n<div class=\"imgl-pin-pulse\"><\/div>\n<div class=\"imgl-pin-data\">\n<\/div>\n<\/div>\n<div class=\"imgl-pin imgl-pin-11\" data-id=\"11\">\n<div class=\"imgl-pin-pulse\"><\/div>\n<div class=\"imgl-pin-data\">\n<\/div>\n<\/div>\n<div class=\"imgl-tt imgl-tt-1\" data-id=\"1\" >\n<p class=\"boksi-teksti-wrapper\"><span class=\"boksi-teksti\">Laaja valikoima \u00e4lymittareita kotitalous- ja teollisuus\u00adk\u00e4ytt\u00f6\u00f6n (CT ja CT\/VT)<\/span><\/p><\/div>\n<div class=\"imgl-tt imgl-tt-2\" data-id=\"2\" >\n<p class=\"boksi-teksti-wrapper\"><span class=\"boksi-teksti\">Muuntamotilan kunnon valvonta<\/span><\/p><\/div>\n<div class=\"imgl-tt imgl-tt-3\" data-id=\"3\" >\n<p class=\"boksi-teksti-wrapper\"><span class=\"boksi-teksti\">\u00c4lymittareihin perustuva pienj\u00e4nnite\u00adverkon valvonta<\/span><\/p><\/div>\n<div class=\"imgl-tt imgl-tt-4\" data-id=\"4\" >\n<p class=\"boksi-teksti-wrapper\"><span class=\"boksi-teksti\">Tarkka, reaaliaikainen jakeluverkon tilannekuva ja sen tapahtumien hallinta<\/span><\/p><\/div>\n<div class=\"imgl-tt imgl-tt-5\" data-id=\"5\" >\n<p class=\"boksi-teksti-wrapper\"><span class=\"boksi-teksti\">Ajantasainen, korkealaatuisen asiakaspalvelun mahdollistava kentt\u00e4t\u00f6iden suunnittelu ja hallinta<\/span><\/p><\/div>\n<div class=\"imgl-tt imgl-tt-6\" data-id=\"6\" >\n<p class=\"boksi-teksti-wrapper\"><span class=\"boksi-teksti\">\u00c4lyk\u00e4s energian\u00adkulutuksen mittaus kotitalouksissa - mahdollistaa laskutuksen ja oman kulutuksen hallinnan <\/span><\/p><\/div>\n<div class=\"imgl-tt imgl-tt-7\" data-id=\"7\" >\n<p class=\"boksi-teksti-wrapper\"><span class=\"boksi-teksti\">Tehokkaat sovellukset kentt\u00e4t\u00f6iden hallintaan ja suorittamiseen<\/span><\/p><\/div>\n<div class=\"imgl-tt imgl-tt-8\" data-id=\"8\" >\n<p class=\"boksi-teksti-wrapper\"><span class=\"boksi-teksti\">Skaalautuva ja joustava mittareiden v\u00e4liseen tiedonsiirtoon optimoitu kaksisuuntainen IoT-tietoliikenne\u00adratkaisu, joka sopii sek\u00e4 kaupunki- ett\u00e4 maaseutu\u00adalueille<\/span><\/p><\/div>\n<div class=\"imgl-tt imgl-tt-9\" data-id=\"9\" >\n<p class=\"boksi-teksti-wrapper\" style=\"text-align: center;\"><span class=\"boksi-teksti\">Vuh!<\/span><\/p><\/div>\n<div class=\"imgl-tt imgl-tt-10\" data-id=\"10\" >\n<p class=\"boksi-teksti-wrapper\"><span class=\"boksi-teksti\">Asiakasyrityksen tarpeiden mukaan muokattavissa oleva mobiilisovellus jakeluverkon tarkastuksiin ja ennakoivaan kunnossapitoon<\/span><\/p><\/div>\n<div class=\"imgl-tt imgl-tt-11\" data-id=\"11\" >\n<p class=\"boksi-teksti-wrapper\"><span class=\"boksi-teksti\">Tehokkaat mittausratkaisut ja palvelut s\u00e4hk\u00f6n laskutusta ja jakeluverkon optimointia varten<\/span><\/p><\/div>\n<\/div>\n<\/div>\n<!-- imagelinks end -->\n\n<p>&nbsp;<\/p>\n","protected":false},"excerpt":{"rendered":"<p>Hy\u00f6dynn\u00e4 \u00e4lykk\u00e4\u00e4n s\u00e4hk\u00f6verkon mahdollisuudet ratkaisujemme avulla.<\/p>\n","protected":false},"author":1,"featured_media":974,"parent":0,"menu_order":0,"comment_status":"closed","ping_status":"closed","template":"page-solutions.php","meta":{"_acf_changed":false,"footnotes":""},"class_list":["post-590","page","type-page","status-publish","has-post-thumbnail","hentry"],"acf":[],"yoast_head":"<!-- This site is optimized with the Yoast SEO plugin v27.0 - https:\/\/yoast.com\/product\/yoast-seo-wordpress\/ -->\n<title>Ratkaisut - Aidon<\/title>\n<meta name=\"robots\" content=\"index, follow, max-snippet:-1, max-image-preview:large, max-video-preview:-1\" \/>\n<link rel=\"canonical\" href=\"https:\/\/aidon.com\/fi\/ratkaisut\/\" \/>\n<meta property=\"og:locale\" content=\"fi_FI\" \/>\n<meta property=\"og:type\" content=\"article\" \/>\n<meta property=\"og:title\" content=\"Ratkaisut - Aidon\" \/>\n<meta property=\"og:description\" content=\"Hy\u00f6dynn\u00e4 \u00e4lykk\u00e4\u00e4n s\u00e4hk\u00f6verkon mahdollisuudet ratkaisujemme avulla.\" \/>\n<meta property=\"og:url\" content=\"https:\/\/aidon.com\/fi\/ratkaisut\/\" \/>\n<meta property=\"og:site_name\" content=\"Aidon\" \/>\n<meta property=\"article:modified_time\" content=\"2023-09-13T14:44:52+00:00\" \/>\n<meta property=\"og:image\" content=\"https:\/\/aidon.com\/wp-content\/uploads\/2022\/09\/Aidon_Barcode_24x_v2_RGB-72.jpg\" \/>\n\t<meta property=\"og:image:width\" content=\"2000\" \/>\n\t<meta property=\"og:image:height\" content=\"1300\" \/>\n\t<meta property=\"og:image:type\" content=\"image\/jpeg\" \/>\n<meta name=\"twitter:card\" content=\"summary_large_image\" \/>\n<meta name=\"twitter:label1\" content=\"Arvioitu lukuaika\" \/>\n\t<meta name=\"twitter:data1\" content=\"1 minuutti\" \/>\n<script type=\"application\/ld+json\" class=\"yoast-schema-graph\">{\"@context\":\"https:\/\/schema.org\",\"@graph\":[{\"@type\":\"WebPage\",\"@id\":\"https:\/\/aidon.com\/fi\/ratkaisut\/\",\"url\":\"https:\/\/aidon.com\/fi\/ratkaisut\/\",\"name\":\"Ratkaisut - Aidon\",\"isPartOf\":{\"@id\":\"https:\/\/aidon.com\/fi\/#website\"},\"primaryImageOfPage\":{\"@id\":\"https:\/\/aidon.com\/fi\/ratkaisut\/#primaryimage\"},\"image\":{\"@id\":\"https:\/\/aidon.com\/fi\/ratkaisut\/#primaryimage\"},\"thumbnailUrl\":\"https:\/\/aidon.com\/wp-content\/uploads\/2022\/09\/Aidon_Barcode_24x_v2_RGB-72.jpg\",\"datePublished\":\"2022-08-10T08:48:41+00:00\",\"dateModified\":\"2023-09-13T14:44:52+00:00\",\"inLanguage\":\"fi\",\"potentialAction\":[{\"@type\":\"ReadAction\",\"target\":[\"https:\/\/aidon.com\/fi\/ratkaisut\/\"]}]},{\"@type\":\"ImageObject\",\"inLanguage\":\"fi\",\"@id\":\"https:\/\/aidon.com\/fi\/ratkaisut\/#primaryimage\",\"url\":\"https:\/\/aidon.com\/wp-content\/uploads\/2022\/09\/Aidon_Barcode_24x_v2_RGB-72.jpg\",\"contentUrl\":\"https:\/\/aidon.com\/wp-content\/uploads\/2022\/09\/Aidon_Barcode_24x_v2_RGB-72.jpg\",\"width\":2000,\"height\":1300,\"caption\":\"Barcode, Oslon keskusta, Elvia\"},{\"@type\":\"WebSite\",\"@id\":\"https:\/\/aidon.com\/fi\/#website\",\"url\":\"https:\/\/aidon.com\/fi\/\",\"name\":\"Aidon\",\"description\":\"\",\"potentialAction\":[{\"@type\":\"SearchAction\",\"target\":{\"@type\":\"EntryPoint\",\"urlTemplate\":\"https:\/\/aidon.com\/fi\/?s={search_term_string}\"},\"query-input\":{\"@type\":\"PropertyValueSpecification\",\"valueRequired\":true,\"valueName\":\"search_term_string\"}}],\"inLanguage\":\"fi\"}]}<\/script>\n<!-- \/ Yoast SEO plugin. -->","yoast_head_json":{"title":"Ratkaisut - Aidon","robots":{"index":"index","follow":"follow","max-snippet":"max-snippet:-1","max-image-preview":"max-image-preview:large","max-video-preview":"max-video-preview:-1"},"canonical":"https:\/\/aidon.com\/fi\/ratkaisut\/","og_locale":"fi_FI","og_type":"article","og_title":"Ratkaisut - Aidon","og_description":"Hy\u00f6dynn\u00e4 \u00e4lykk\u00e4\u00e4n s\u00e4hk\u00f6verkon mahdollisuudet ratkaisujemme avulla.","og_url":"https:\/\/aidon.com\/fi\/ratkaisut\/","og_site_name":"Aidon","article_modified_time":"2023-09-13T14:44:52+00:00","og_image":[{"width":2000,"height":1300,"url":"https:\/\/aidon.com\/wp-content\/uploads\/2022\/09\/Aidon_Barcode_24x_v2_RGB-72.jpg","type":"image\/jpeg"}],"twitter_card":"summary_large_image","twitter_misc":{"Arvioitu lukuaika":"1 minuutti"},"schema":{"@context":"https:\/\/schema.org","@graph":[{"@type":"WebPage","@id":"https:\/\/aidon.com\/fi\/ratkaisut\/","url":"https:\/\/aidon.com\/fi\/ratkaisut\/","name":"Ratkaisut - Aidon","isPartOf":{"@id":"https:\/\/aidon.com\/fi\/#website"},"primaryImageOfPage":{"@id":"https:\/\/aidon.com\/fi\/ratkaisut\/#primaryimage"},"image":{"@id":"https:\/\/aidon.com\/fi\/ratkaisut\/#primaryimage"},"thumbnailUrl":"https:\/\/aidon.com\/wp-content\/uploads\/2022\/09\/Aidon_Barcode_24x_v2_RGB-72.jpg","datePublished":"2022-08-10T08:48:41+00:00","dateModified":"2023-09-13T14:44:52+00:00","inLanguage":"fi","potentialAction":[{"@type":"ReadAction","target":["https:\/\/aidon.com\/fi\/ratkaisut\/"]}]},{"@type":"ImageObject","inLanguage":"fi","@id":"https:\/\/aidon.com\/fi\/ratkaisut\/#primaryimage","url":"https:\/\/aidon.com\/wp-content\/uploads\/2022\/09\/Aidon_Barcode_24x_v2_RGB-72.jpg","contentUrl":"https:\/\/aidon.com\/wp-content\/uploads\/2022\/09\/Aidon_Barcode_24x_v2_RGB-72.jpg","width":2000,"height":1300,"caption":"Barcode, Oslon keskusta, Elvia"},{"@type":"WebSite","@id":"https:\/\/aidon.com\/fi\/#website","url":"https:\/\/aidon.com\/fi\/","name":"Aidon","description":"","potentialAction":[{"@type":"SearchAction","target":{"@type":"EntryPoint","urlTemplate":"https:\/\/aidon.com\/fi\/?s={search_term_string}"},"query-input":{"@type":"PropertyValueSpecification","valueRequired":true,"valueName":"search_term_string"}}],"inLanguage":"fi"}]}},"_links":{"self":[{"href":"https:\/\/aidon.com\/fi\/wp-json\/wp\/v2\/pages\/590","targetHints":{"allow":["GET"]}}],"collection":[{"href":"https:\/\/aidon.com\/fi\/wp-json\/wp\/v2\/pages"}],"about":[{"href":"https:\/\/aidon.com\/fi\/wp-json\/wp\/v2\/types\/page"}],"author":[{"embeddable":true,"href":"https:\/\/aidon.com\/fi\/wp-json\/wp\/v2\/users\/1"}],"replies":[{"embeddable":true,"href":"https:\/\/aidon.com\/fi\/wp-json\/wp\/v2\/comments?post=590"}],"version-history":[{"count":53,"href":"https:\/\/aidon.com\/fi\/wp-json\/wp\/v2\/pages\/590\/revisions"}],"predecessor-version":[{"id":11793,"href":"https:\/\/aidon.com\/fi\/wp-json\/wp\/v2\/pages\/590\/revisions\/11793"}],"wp:featuredmedia":[{"embeddable":true,"href":"https:\/\/aidon.com\/fi\/wp-json\/wp\/v2\/media\/974"}],"wp:attachment":[{"href":"https:\/\/aidon.com\/fi\/wp-json\/wp\/v2\/media?parent=590"}],"curies":[{"name":"wp","href":"https:\/\/api.w.org\/{rel}","templated":true}]}}