{"id":586,"date":"2022-08-26T12:40:40","date_gmt":"2022-08-26T09:40:40","guid":{"rendered":"https:\/\/aidon.com\/sustainability\/"},"modified":"2023-01-19T11:24:46","modified_gmt":"2023-01-19T11:24:46","slug":"vastuullisuus","status":"publish","type":"page","link":"https:\/\/aidon.com\/fi\/vastuullisuus\/","title":{"rendered":"Vastuullisuus"},"content":{"rendered":"<h2>Vastuullisuus on Aidonin liiketoiminnan ytimess\u00e4<\/h2>\n<p>Aidon on vahvasti sitoutunut edist\u00e4m\u00e4\u00e4n asiakkaidemme ja koko yhteiskunnan kest\u00e4v\u00e4\u00e4 kehityst\u00e4.<\/p>\n<p>Ratkaisumme on kehitetty tukemaan energiaj\u00e4rjestelm\u00e4n muutosta ja luomaan lis\u00e4arvoa asiakkaillemme ja s\u00e4hk\u00f6nk\u00e4ytt\u00e4jille. Siksi kest\u00e4v\u00e4 kehitys on koko liiketoimintamme ytimess\u00e4.<\/p>\n<p>Yritysvastuu merkitsee meille ymp\u00e4rist\u00f6vaikutteisia, sosiaalisia ja hallinnollisia asioita. Se on kiteytetty tunnuslauseeseemme: Energiaviisaan el\u00e4m\u00e4ntavan mahdollistaminen \u2013 Enabling Smart Energy Lifestyles.<\/p>\n","protected":false},"excerpt":{"rendered":"<p>Kehit\u00e4mme vastuullisia ratkaisuja energiaviisaan el\u00e4m\u00e4ntyylin tueksi.<\/p>\n","protected":false},"author":1,"featured_media":1491,"parent":0,"menu_order":0,"comment_status":"closed","ping_status":"closed","template":"","meta":{"_acf_changed":false,"footnotes":""},"class_list":["post-586","page","type-page","status-publish","has-post-thumbnail","hentry"],"acf":[],"yoast_head":"<!-- This site is optimized with the Yoast SEO plugin v27.0 - https:\/\/yoast.com\/product\/yoast-seo-wordpress\/ -->\n<title>Vastuullisuus - Aidon<\/title>\n<meta name=\"robots\" content=\"index, follow, max-snippet:-1, max-image-preview:large, max-video-preview:-1\" \/>\n<link rel=\"canonical\" href=\"https:\/\/aidon.com\/fi\/vastuullisuus\/\" \/>\n<meta property=\"og:locale\" content=\"fi_FI\" \/>\n<meta property=\"og:type\" content=\"article\" \/>\n<meta property=\"og:title\" content=\"Vastuullisuus - Aidon\" \/>\n<meta property=\"og:description\" content=\"Kehit\u00e4mme vastuullisia ratkaisuja energiaviisaan el\u00e4m\u00e4ntyylin tueksi.\" \/>\n<meta property=\"og:url\" content=\"https:\/\/aidon.com\/fi\/vastuullisuus\/\" \/>\n<meta property=\"og:site_name\" content=\"Aidon\" \/>\n<meta property=\"article:modified_time\" content=\"2023-01-19T11:24:46+00:00\" \/>\n<meta property=\"og:image\" content=\"https:\/\/aidon.com\/wp-content\/uploads\/2022\/10\/Aidon_Sundsvall_24X_RGB_1920x1080_2.jpg\" \/>\n\t<meta property=\"og:image:width\" content=\"1920\" \/>\n\t<meta property=\"og:image:height\" content=\"1080\" \/>\n\t<meta property=\"og:image:type\" content=\"image\/jpeg\" \/>\n<meta name=\"twitter:card\" content=\"summary_large_image\" \/>\n<meta name=\"twitter:label1\" content=\"Arvioitu lukuaika\" \/>\n\t<meta name=\"twitter:data1\" content=\"1 minuutti\" \/>\n<script type=\"application\/ld+json\" class=\"yoast-schema-graph\">{\"@context\":\"https:\/\/schema.org\",\"@graph\":[{\"@type\":\"WebPage\",\"@id\":\"https:\/\/aidon.com\/fi\/vastuullisuus\/\",\"url\":\"https:\/\/aidon.com\/fi\/vastuullisuus\/\",\"name\":\"Vastuullisuus - Aidon\",\"isPartOf\":{\"@id\":\"https:\/\/aidon.com\/fi\/#website\"},\"primaryImageOfPage\":{\"@id\":\"https:\/\/aidon.com\/fi\/vastuullisuus\/#primaryimage\"},\"image\":{\"@id\":\"https:\/\/aidon.com\/fi\/vastuullisuus\/#primaryimage\"},\"thumbnailUrl\":\"https:\/\/aidon.com\/wp-content\/uploads\/2022\/10\/Aidon_Sundsvall_24X_RGB_1920x1080_2.jpg\",\"datePublished\":\"2022-08-26T09:40:40+00:00\",\"dateModified\":\"2023-01-19T11:24:46+00:00\",\"inLanguage\":\"fi\",\"potentialAction\":[{\"@type\":\"ReadAction\",\"target\":[\"https:\/\/aidon.com\/fi\/vastuullisuus\/\"]}]},{\"@type\":\"ImageObject\",\"inLanguage\":\"fi\",\"@id\":\"https:\/\/aidon.com\/fi\/vastuullisuus\/#primaryimage\",\"url\":\"https:\/\/aidon.com\/wp-content\/uploads\/2022\/10\/Aidon_Sundsvall_24X_RGB_1920x1080_2.jpg\",\"contentUrl\":\"https:\/\/aidon.com\/wp-content\/uploads\/2022\/10\/Aidon_Sundsvall_24X_RGB_1920x1080_2.jpg\",\"width\":1920,\"height\":1080},{\"@type\":\"WebSite\",\"@id\":\"https:\/\/aidon.com\/fi\/#website\",\"url\":\"https:\/\/aidon.com\/fi\/\",\"name\":\"Aidon\",\"description\":\"\",\"potentialAction\":[{\"@type\":\"SearchAction\",\"target\":{\"@type\":\"EntryPoint\",\"urlTemplate\":\"https:\/\/aidon.com\/fi\/?s={search_term_string}\"},\"query-input\":{\"@type\":\"PropertyValueSpecification\",\"valueRequired\":true,\"valueName\":\"search_term_string\"}}],\"inLanguage\":\"fi\"}]}<\/script>\n<!-- \/ Yoast SEO plugin. -->","yoast_head_json":{"title":"Vastuullisuus - Aidon","robots":{"index":"index","follow":"follow","max-snippet":"max-snippet:-1","max-image-preview":"max-image-preview:large","max-video-preview":"max-video-preview:-1"},"canonical":"https:\/\/aidon.com\/fi\/vastuullisuus\/","og_locale":"fi_FI","og_type":"article","og_title":"Vastuullisuus - Aidon","og_description":"Kehit\u00e4mme vastuullisia ratkaisuja energiaviisaan el\u00e4m\u00e4ntyylin tueksi.","og_url":"https:\/\/aidon.com\/fi\/vastuullisuus\/","og_site_name":"Aidon","article_modified_time":"2023-01-19T11:24:46+00:00","og_image":[{"width":1920,"height":1080,"url":"https:\/\/aidon.com\/wp-content\/uploads\/2022\/10\/Aidon_Sundsvall_24X_RGB_1920x1080_2.jpg","type":"image\/jpeg"}],"twitter_card":"summary_large_image","twitter_misc":{"Arvioitu lukuaika":"1 minuutti"},"schema":{"@context":"https:\/\/schema.org","@graph":[{"@type":"WebPage","@id":"https:\/\/aidon.com\/fi\/vastuullisuus\/","url":"https:\/\/aidon.com\/fi\/vastuullisuus\/","name":"Vastuullisuus - Aidon","isPartOf":{"@id":"https:\/\/aidon.com\/fi\/#website"},"primaryImageOfPage":{"@id":"https:\/\/aidon.com\/fi\/vastuullisuus\/#primaryimage"},"image":{"@id":"https:\/\/aidon.com\/fi\/vastuullisuus\/#primaryimage"},"thumbnailUrl":"https:\/\/aidon.com\/wp-content\/uploads\/2022\/10\/Aidon_Sundsvall_24X_RGB_1920x1080_2.jpg","datePublished":"2022-08-26T09:40:40+00:00","dateModified":"2023-01-19T11:24:46+00:00","inLanguage":"fi","potentialAction":[{"@type":"ReadAction","target":["https:\/\/aidon.com\/fi\/vastuullisuus\/"]}]},{"@type":"ImageObject","inLanguage":"fi","@id":"https:\/\/aidon.com\/fi\/vastuullisuus\/#primaryimage","url":"https:\/\/aidon.com\/wp-content\/uploads\/2022\/10\/Aidon_Sundsvall_24X_RGB_1920x1080_2.jpg","contentUrl":"https:\/\/aidon.com\/wp-content\/uploads\/2022\/10\/Aidon_Sundsvall_24X_RGB_1920x1080_2.jpg","width":1920,"height":1080},{"@type":"WebSite","@id":"https:\/\/aidon.com\/fi\/#website","url":"https:\/\/aidon.com\/fi\/","name":"Aidon","description":"","potentialAction":[{"@type":"SearchAction","target":{"@type":"EntryPoint","urlTemplate":"https:\/\/aidon.com\/fi\/?s={search_term_string}"},"query-input":{"@type":"PropertyValueSpecification","valueRequired":true,"valueName":"search_term_string"}}],"inLanguage":"fi"}]}},"_links":{"self":[{"href":"https:\/\/aidon.com\/fi\/wp-json\/wp\/v2\/pages\/586","targetHints":{"allow":["GET"]}}],"collection":[{"href":"https:\/\/aidon.com\/fi\/wp-json\/wp\/v2\/pages"}],"about":[{"href":"https:\/\/aidon.com\/fi\/wp-json\/wp\/v2\/types\/page"}],"author":[{"embeddable":true,"href":"https:\/\/aidon.com\/fi\/wp-json\/wp\/v2\/users\/1"}],"replies":[{"embeddable":true,"href":"https:\/\/aidon.com\/fi\/wp-json\/wp\/v2\/comments?post=586"}],"version-history":[{"count":9,"href":"https:\/\/aidon.com\/fi\/wp-json\/wp\/v2\/pages\/586\/revisions"}],"predecessor-version":[{"id":3887,"href":"https:\/\/aidon.com\/fi\/wp-json\/wp\/v2\/pages\/586\/revisions\/3887"}],"wp:featuredmedia":[{"embeddable":true,"href":"https:\/\/aidon.com\/fi\/wp-json\/wp\/v2\/media\/1491"}],"wp:attachment":[{"href":"https:\/\/aidon.com\/fi\/wp-json\/wp\/v2\/media?parent=586"}],"curies":[{"name":"wp","href":"https:\/\/api.w.org\/{rel}","templated":true}]}}