{"id":3231,"date":"2022-10-13T07:41:15","date_gmt":"2022-10-13T04:41:15","guid":{"rendered":"https:\/\/aidon.com\/?page_id=3231"},"modified":"2024-09-25T17:28:19","modified_gmt":"2024-09-25T14:28:19","slug":"myaidon","status":"publish","type":"page","link":"https:\/\/aidon.com\/fi\/myaidon\/","title":{"rendered":"MyAidon"},"content":{"rendered":"<p>&nbsp;<\/p>\n<p><img loading=\"lazy\" decoding=\"async\" class=\"alignnone wp-image-15333 size-full\" src=\"https:\/\/aidon.com\/wp-content\/uploads\/2024\/09\/MyAidon_bnr_web_fi.png\" alt=\"\" width=\"600\" height=\"200\" srcset=\"https:\/\/aidon.com\/wp-content\/uploads\/2024\/09\/MyAidon_bnr_web_fi.png 600w, https:\/\/aidon.com\/wp-content\/uploads\/2024\/09\/MyAidon_bnr_web_fi-300x100.png 300w\" sizes=\"auto, (max-width: 600px) 100vw, 600px\" \/><\/p>\n<h2>MyAidon-asiakasportaali<\/h2>\n<p>MyAidon kokoaa Aidonin tuote- ja palvelutarjonnan yhdeksi kokonaisuudeksi asiakkaidemme saataville. MyAidon\u2013portaalista l\u00f6yd\u00e4t viimeisimm\u00e4t tuotedokumentit ja palvelukuvaukset ja se toimii my\u00f6s Aidonin ja asiakkaidemme v\u00e4lisen\u00e4 uutiskanavana.<\/p>\n<p>Kehit\u00e4mme MyAidonin sis\u00e4lt\u00f6\u00e4 jatkuvasti ja tuomme sinne uusia palveluja k\u00e4ytt\u00f6\u00f6si. Sinulla on siis monta hyv\u00e4\u00e4 syyt\u00e4 ottaa MyAidon p\u00e4ivitt\u00e4iseen k\u00e4ytt\u00f6\u00f6n.<\/p>\n<p>T\u00e4st\u00e4 p\u00e4\u00e4set MyAidon -portaaliin:<\/p>\n<p><a class=\"cta inside\" href=\"http:\/\/www.myaidon.com\/fi\/\" target=\"_blank\" rel=\"noopener\">MyAidon-portaaliin<\/a><\/p>\n<p>Jos sinulla ei ole viel\u00e4 portaalitunnuksia, t\u00e4st\u00e4 voit tilata ne:<\/p>\n<p><a class=\"cta inside\" href=\"https:\/\/aidon.com\/fi\/myaidon\/myaidon-tunnukset\/\" target=\"_blank\" rel=\"noopener\">Haluan tunnukset portaaliin<\/a><\/p>\n<p>Jos sinulla on ongelmia tai kysymyksi\u00e4 liittyen MyAidon-portaaliin, laita s\u00e4hk\u00f6postia osoitteeseen <a href=\"mailto:info@aidon.com\" target=\"_blank\" rel=\"noopener\">info@aidon.com<\/a>.<\/p>\n","protected":false},"excerpt":{"rendered":"<p>&nbsp; MyAidon-asiakasportaali MyAidon kokoaa Aidonin tuote- ja palvelutarjonnan yhdeksi kokonaisuudeksi asiakkaidemme saataville. MyAidon\u2013portaalista l\u00f6yd\u00e4t viimeisimm\u00e4t tuotedokumentit ja palvelukuvaukset ja se toimii my\u00f6s Aidonin ja asiakkaidemme v\u00e4lisen\u00e4 uutiskanavana. Kehit\u00e4mme MyAidonin sis\u00e4lt\u00f6\u00e4 jatkuvasti ja tuomme sinne uusia palveluja k\u00e4ytt\u00f6\u00f6si. Sinulla on siis monta hyv\u00e4\u00e4 syyt\u00e4 ottaa MyAidon p\u00e4ivitt\u00e4iseen k\u00e4ytt\u00f6\u00f6n. T\u00e4st\u00e4 p\u00e4\u00e4set MyAidon&hellip;<\/p>\n","protected":false},"author":2,"featured_media":0,"parent":0,"menu_order":0,"comment_status":"closed","ping_status":"closed","template":"page-landingpage-with-nav.php","meta":{"_acf_changed":false,"footnotes":""},"class_list":["post-3231","page","type-page","status-publish","hentry"],"acf":[],"yoast_head":"<!-- This site is optimized with the Yoast SEO plugin v27.0 - https:\/\/yoast.com\/product\/yoast-seo-wordpress\/ -->\n<title>MyAidon - Aidon<\/title>\n<meta name=\"robots\" content=\"noindex, nofollow\" \/>\n<meta property=\"og:locale\" content=\"fi_FI\" \/>\n<meta property=\"og:type\" content=\"article\" \/>\n<meta property=\"og:title\" content=\"MyAidon - Aidon\" \/>\n<meta property=\"og:description\" content=\"&nbsp; MyAidon-asiakasportaali MyAidon kokoaa Aidonin tuote- ja palvelutarjonnan yhdeksi kokonaisuudeksi asiakkaidemme saataville. MyAidon\u2013portaalista l\u00f6yd\u00e4t viimeisimm\u00e4t tuotedokumentit ja palvelukuvaukset ja se toimii my\u00f6s Aidonin ja asiakkaidemme v\u00e4lisen\u00e4 uutiskanavana. Kehit\u00e4mme MyAidonin sis\u00e4lt\u00f6\u00e4 jatkuvasti ja tuomme sinne uusia palveluja k\u00e4ytt\u00f6\u00f6si. Sinulla on siis monta hyv\u00e4\u00e4 syyt\u00e4 ottaa MyAidon p\u00e4ivitt\u00e4iseen k\u00e4ytt\u00f6\u00f6n. T\u00e4st\u00e4 p\u00e4\u00e4set MyAidon&hellip;\" \/>\n<meta property=\"og:url\" content=\"https:\/\/aidon.com\/fi\/myaidon\/\" \/>\n<meta property=\"og:site_name\" content=\"Aidon\" \/>\n<meta property=\"article:modified_time\" content=\"2024-09-25T14:28:19+00:00\" \/>\n<meta property=\"og:image\" content=\"https:\/\/aidon.com\/wp-content\/uploads\/2024\/09\/MyAidon_bnr_web_fi.png\" \/>\n<meta name=\"twitter:card\" content=\"summary_large_image\" \/>\n<meta name=\"twitter:label1\" content=\"Arvioitu lukuaika\" \/>\n\t<meta name=\"twitter:data1\" content=\"1 minuutti\" \/>\n<script type=\"application\/ld+json\" class=\"yoast-schema-graph\">{\"@context\":\"https:\/\/schema.org\",\"@graph\":[{\"@type\":\"WebPage\",\"@id\":\"https:\/\/aidon.com\/fi\/myaidon\/\",\"url\":\"https:\/\/aidon.com\/fi\/myaidon\/\",\"name\":\"MyAidon - Aidon\",\"isPartOf\":{\"@id\":\"https:\/\/aidon.com\/fi\/#website\"},\"primaryImageOfPage\":{\"@id\":\"https:\/\/aidon.com\/fi\/myaidon\/#primaryimage\"},\"image\":{\"@id\":\"https:\/\/aidon.com\/fi\/myaidon\/#primaryimage\"},\"thumbnailUrl\":\"https:\/\/aidon.com\/wp-content\/uploads\/2024\/09\/MyAidon_bnr_web_fi.png\",\"datePublished\":\"2022-10-13T04:41:15+00:00\",\"dateModified\":\"2024-09-25T14:28:19+00:00\",\"inLanguage\":\"fi\",\"potentialAction\":[{\"@type\":\"ReadAction\",\"target\":[\"https:\/\/aidon.com\/fi\/myaidon\/\"]}]},{\"@type\":\"ImageObject\",\"inLanguage\":\"fi\",\"@id\":\"https:\/\/aidon.com\/fi\/myaidon\/#primaryimage\",\"url\":\"https:\/\/aidon.com\/wp-content\/uploads\/2024\/09\/MyAidon_bnr_web_fi.png\",\"contentUrl\":\"https:\/\/aidon.com\/wp-content\/uploads\/2024\/09\/MyAidon_bnr_web_fi.png\"},{\"@type\":\"WebSite\",\"@id\":\"https:\/\/aidon.com\/fi\/#website\",\"url\":\"https:\/\/aidon.com\/fi\/\",\"name\":\"Aidon\",\"description\":\"\",\"potentialAction\":[{\"@type\":\"SearchAction\",\"target\":{\"@type\":\"EntryPoint\",\"urlTemplate\":\"https:\/\/aidon.com\/fi\/?s={search_term_string}\"},\"query-input\":{\"@type\":\"PropertyValueSpecification\",\"valueRequired\":true,\"valueName\":\"search_term_string\"}}],\"inLanguage\":\"fi\"}]}<\/script>\n<!-- \/ Yoast SEO plugin. -->","yoast_head_json":{"title":"MyAidon - Aidon","robots":{"index":"noindex","follow":"nofollow"},"og_locale":"fi_FI","og_type":"article","og_title":"MyAidon - Aidon","og_description":"&nbsp; MyAidon-asiakasportaali MyAidon kokoaa Aidonin tuote- ja palvelutarjonnan yhdeksi kokonaisuudeksi asiakkaidemme saataville. MyAidon\u2013portaalista l\u00f6yd\u00e4t viimeisimm\u00e4t tuotedokumentit ja palvelukuvaukset ja se toimii my\u00f6s Aidonin ja asiakkaidemme v\u00e4lisen\u00e4 uutiskanavana. Kehit\u00e4mme MyAidonin sis\u00e4lt\u00f6\u00e4 jatkuvasti ja tuomme sinne uusia palveluja k\u00e4ytt\u00f6\u00f6si. Sinulla on siis monta hyv\u00e4\u00e4 syyt\u00e4 ottaa MyAidon p\u00e4ivitt\u00e4iseen k\u00e4ytt\u00f6\u00f6n. T\u00e4st\u00e4 p\u00e4\u00e4set MyAidon&hellip;","og_url":"https:\/\/aidon.com\/fi\/myaidon\/","og_site_name":"Aidon","article_modified_time":"2024-09-25T14:28:19+00:00","og_image":[{"url":"https:\/\/aidon.com\/wp-content\/uploads\/2024\/09\/MyAidon_bnr_web_fi.png","type":"","width":"","height":""}],"twitter_card":"summary_large_image","twitter_misc":{"Arvioitu lukuaika":"1 minuutti"},"schema":{"@context":"https:\/\/schema.org","@graph":[{"@type":"WebPage","@id":"https:\/\/aidon.com\/fi\/myaidon\/","url":"https:\/\/aidon.com\/fi\/myaidon\/","name":"MyAidon - Aidon","isPartOf":{"@id":"https:\/\/aidon.com\/fi\/#website"},"primaryImageOfPage":{"@id":"https:\/\/aidon.com\/fi\/myaidon\/#primaryimage"},"image":{"@id":"https:\/\/aidon.com\/fi\/myaidon\/#primaryimage"},"thumbnailUrl":"https:\/\/aidon.com\/wp-content\/uploads\/2024\/09\/MyAidon_bnr_web_fi.png","datePublished":"2022-10-13T04:41:15+00:00","dateModified":"2024-09-25T14:28:19+00:00","inLanguage":"fi","potentialAction":[{"@type":"ReadAction","target":["https:\/\/aidon.com\/fi\/myaidon\/"]}]},{"@type":"ImageObject","inLanguage":"fi","@id":"https:\/\/aidon.com\/fi\/myaidon\/#primaryimage","url":"https:\/\/aidon.com\/wp-content\/uploads\/2024\/09\/MyAidon_bnr_web_fi.png","contentUrl":"https:\/\/aidon.com\/wp-content\/uploads\/2024\/09\/MyAidon_bnr_web_fi.png"},{"@type":"WebSite","@id":"https:\/\/aidon.com\/fi\/#website","url":"https:\/\/aidon.com\/fi\/","name":"Aidon","description":"","potentialAction":[{"@type":"SearchAction","target":{"@type":"EntryPoint","urlTemplate":"https:\/\/aidon.com\/fi\/?s={search_term_string}"},"query-input":{"@type":"PropertyValueSpecification","valueRequired":true,"valueName":"search_term_string"}}],"inLanguage":"fi"}]}},"_links":{"self":[{"href":"https:\/\/aidon.com\/fi\/wp-json\/wp\/v2\/pages\/3231","targetHints":{"allow":["GET"]}}],"collection":[{"href":"https:\/\/aidon.com\/fi\/wp-json\/wp\/v2\/pages"}],"about":[{"href":"https:\/\/aidon.com\/fi\/wp-json\/wp\/v2\/types\/page"}],"author":[{"embeddable":true,"href":"https:\/\/aidon.com\/fi\/wp-json\/wp\/v2\/users\/2"}],"replies":[{"embeddable":true,"href":"https:\/\/aidon.com\/fi\/wp-json\/wp\/v2\/comments?post=3231"}],"version-history":[{"count":8,"href":"https:\/\/aidon.com\/fi\/wp-json\/wp\/v2\/pages\/3231\/revisions"}],"predecessor-version":[{"id":15339,"href":"https:\/\/aidon.com\/fi\/wp-json\/wp\/v2\/pages\/3231\/revisions\/15339"}],"wp:attachment":[{"href":"https:\/\/aidon.com\/fi\/wp-json\/wp\/v2\/media?parent=3231"}],"curies":[{"name":"wp","href":"https:\/\/api.w.org\/{rel}","templated":true}]}}