{"id":2616,"date":"2022-10-20T11:02:38","date_gmt":"2022-10-20T11:02:38","guid":{"rendered":"https:\/\/aidon.com\/?page_id=2616"},"modified":"2023-01-19T11:31:42","modified_gmt":"2023-01-19T11:31:42","slug":"aidon-makes-sense","status":"publish","type":"page","link":"https:\/\/aidon.com\/fi\/meista\/aidon-makes-sense\/","title":{"rendered":"Aidon makes sense &#8211; Br\u00e4ndimme tarina"},"content":{"rendered":"<p><strong>Kun Aidon aloitti toimintansa vuonna 2004, perustajamme ennakoivat energiainfrastruktuurin muuttuvan merkitt\u00e4v\u00e4sti tulevina vuosina. T\u00e4m\u00e4 muutos tarkoittaisi uusiutuvan energian osuuden merkitt\u00e4v\u00e4\u00e4 kasvua, parempaa energiatehokkuutta ja s\u00e4hk\u00f6njakelun luotettavuuden kehitt\u00e4mist\u00e4. Ennakko-odotukset toteutuvat, ja energiamarkkinoiden muutosvauhti on nyt kovempi kuin koskaan ennen. Tartuimme tuolloin haasteeseen ja aloimme suunnitella sellaisia energianmittauksen ratkaisuja, jotka edist\u00e4isiv\u00e4t uudenlaisen energiaj\u00e4rjestelm\u00e4n \u2013 \u00e4lyverkon \u2013 toteutumista.<\/strong><\/p>\n<p>Pyrimme olemaan jatkuvasti kehityksen edell\u00e4k\u00e4vij\u00e4 toimimalla tiiviiss\u00e4 yhteisty\u00f6ss\u00e4 sellaisten jakeluverkonhaltijoiden kanssa, jotka katsovat rohkeasti tulevaisuuteen ja joilla on kunnianhimoiset tavoitteet \u00e4lyverkon kehitt\u00e4miseen. Pyrimme aina luomaan asiakkaidemme kanssa yhteisen vision heille parhaiten sopivasta ratkaisusta, jonka suorituskyky ja mukautuvuus tulevaisuuden tarpeisiin vastaa heid\u00e4n tavoitteitaan. Toimintatapamme on tehnyt meist\u00e4 toimialamme johtavan innovaattorin, joka tuottaa asiakkaidemme moninaisiin toimintaymp\u00e4rist\u00f6ihin sopivia j\u00e4rkevi\u00e4 ratkaisuja. Br\u00e4ndilupauksemme on <strong>\u2018Makes sense\u2019<\/strong>.<\/p>\n<p>Br\u00e4ndi-ilmeemme kuvastaa pohjoismaista identiteetti\u00e4mme: se on raikas ja selke\u00e4, moderni ja dynaaminen. Br\u00e4ndikuviemme v\u00e4rien ja s\u00e4vyjen vaihtelu vuorokauden 24 tunnin aikana kuvaa muutosta ja ajan kulumista. Kuvat ilment\u00e4v\u00e4t s\u00e4hk\u00f6n jatkuvaa l\u00e4sn\u00e4oloa kaikkialla, miss\u00e4 ihmiset el\u00e4v\u00e4t el\u00e4m\u00e4\u00e4ns\u00e4 ja luottavat varmaan ja vakaaseen energiahuoltoon. Aidonin edistykselliset \u00e4lyverkko- ja mittausratkaisut ovat osa kest\u00e4v\u00e4\u00e4 ja reaaliaikasta yhteiskuntaa, joka toimii luotettavasti kaikkina hetkin\u00e4 ymp\u00e4ri vuoden.<\/p>\n<p>Br\u00e4ndikuvamme n\u00e4kym\u00e4t esitt\u00e4v\u00e4t asiakkaidemme todellisia toimintaymp\u00e4rist\u00f6j\u00e4\u00ad\u00ad. Kaikki kuvat on otettu paikoista, joissa on k\u00e4yt\u00f6ss\u00e4 Aidonin ratkaisut.<\/p>\n<p><img loading=\"lazy\" decoding=\"async\" class=\"wp-image-2379 size-medium alignright\" src=\"https:\/\/aidon.com\/wp-content\/uploads\/2022\/10\/Aidon_slogan_RGB-300x36.png\" alt=\"\" width=\"300\" height=\"36\" srcset=\"https:\/\/aidon.com\/wp-content\/uploads\/2022\/10\/Aidon_slogan_RGB-300x36.png 300w, https:\/\/aidon.com\/wp-content\/uploads\/2022\/10\/Aidon_slogan_RGB-1024x124.png 1024w, https:\/\/aidon.com\/wp-content\/uploads\/2022\/10\/Aidon_slogan_RGB-768x93.png 768w, https:\/\/aidon.com\/wp-content\/uploads\/2022\/10\/Aidon_slogan_RGB.png 1093w\" sizes=\"auto, (max-width: 300px) 100vw, 300px\" \/><\/p>\n<div id='gallery-1' class='gallery galleryid-2616 gallery-columns-3 gallery-size-full'><figure class='gallery-item'>\n\t\t\t<div class='gallery-icon landscape'>\n\t\t\t\t<a href='https:\/\/aidon.com\/wp-content\/uploads\/2022\/09\/Aidon_Barcode_24x_v2_RGB-72.jpg' title=\"Barcode, Oslon keskusta, Elvia\" data-rl_title=\"Barcode, Oslon keskusta, Elvia\" class=\"rl-gallery-link\" data-rl_caption=\"Barcode, Oslon keskusta, Elvia\" data-rel=\"lightbox-gallery-1\"><img loading=\"lazy\" decoding=\"async\" width=\"2000\" height=\"1300\" src=\"https:\/\/aidon.com\/wp-content\/uploads\/2022\/09\/Aidon_Barcode_24x_v2_RGB-72.jpg\" class=\"attachment-full size-full\" alt=\"\" aria-describedby=\"gallery-1-974\" srcset=\"https:\/\/aidon.com\/wp-content\/uploads\/2022\/09\/Aidon_Barcode_24x_v2_RGB-72.jpg 2000w, https:\/\/aidon.com\/wp-content\/uploads\/2022\/09\/Aidon_Barcode_24x_v2_RGB-72-300x195.jpg 300w, https:\/\/aidon.com\/wp-content\/uploads\/2022\/09\/Aidon_Barcode_24x_v2_RGB-72-1024x666.jpg 1024w, https:\/\/aidon.com\/wp-content\/uploads\/2022\/09\/Aidon_Barcode_24x_v2_RGB-72-768x499.jpg 768w, https:\/\/aidon.com\/wp-content\/uploads\/2022\/09\/Aidon_Barcode_24x_v2_RGB-72-1536x998.jpg 1536w, https:\/\/aidon.com\/wp-content\/uploads\/2022\/09\/Aidon_Barcode_24x_v2_RGB-72-1920x1248.jpg 1920w\" sizes=\"auto, (max-width: 2000px) 100vw, 2000px\" \/><\/a>\n\t\t\t<\/div>\n\t\t\t\t<figcaption class='wp-caption-text gallery-caption' id='gallery-1-974'>\n\t\t\t\tBarcode, Oslon keskusta, Elvia\n\t\t\t\t<\/figcaption><\/figure><figure class='gallery-item'>\n\t\t\t<div class='gallery-icon landscape'>\n\t\t\t\t<a href='https:\/\/aidon.com\/wp-content\/uploads\/2022\/10\/Aidon_Helsinki_Toolo_24x_v2_RGB_2000.jpg' title=\"T\u00f6\u00f6l\u00f6, Helsingin keskusta, Helen S\u00e4hk\u00f6verkko\" data-rl_title=\"T\u00f6\u00f6l\u00f6, Helsingin keskusta, Helen S\u00e4hk\u00f6verkko\" class=\"rl-gallery-link\" data-rl_caption=\"T\u00f6\u00f6l\u00f6, Helsingin keskusta, Helen S\u00e4hk\u00f6verkko\" data-rel=\"lightbox-gallery-1\"><img loading=\"lazy\" decoding=\"async\" width=\"2000\" height=\"1300\" src=\"https:\/\/aidon.com\/wp-content\/uploads\/2022\/10\/Aidon_Helsinki_Toolo_24x_v2_RGB_2000.jpg\" class=\"attachment-full size-full\" alt=\"\" aria-describedby=\"gallery-1-2294\" srcset=\"https:\/\/aidon.com\/wp-content\/uploads\/2022\/10\/Aidon_Helsinki_Toolo_24x_v2_RGB_2000.jpg 2000w, https:\/\/aidon.com\/wp-content\/uploads\/2022\/10\/Aidon_Helsinki_Toolo_24x_v2_RGB_2000-300x195.jpg 300w, https:\/\/aidon.com\/wp-content\/uploads\/2022\/10\/Aidon_Helsinki_Toolo_24x_v2_RGB_2000-1024x666.jpg 1024w, https:\/\/aidon.com\/wp-content\/uploads\/2022\/10\/Aidon_Helsinki_Toolo_24x_v2_RGB_2000-768x499.jpg 768w, https:\/\/aidon.com\/wp-content\/uploads\/2022\/10\/Aidon_Helsinki_Toolo_24x_v2_RGB_2000-1536x998.jpg 1536w, https:\/\/aidon.com\/wp-content\/uploads\/2022\/10\/Aidon_Helsinki_Toolo_24x_v2_RGB_2000-1920x1248.jpg 1920w\" sizes=\"auto, (max-width: 2000px) 100vw, 2000px\" \/><\/a>\n\t\t\t<\/div>\n\t\t\t\t<figcaption class='wp-caption-text gallery-caption' id='gallery-1-2294'>\n\t\t\t\tT\u00f6\u00f6l\u00f6, Helsingin keskusta, Helen S\u00e4hk\u00f6verkko\n\t\t\t\t<\/figcaption><\/figure><figure class='gallery-item'>\n\t\t\t<div class='gallery-icon landscape'>\n\t\t\t\t<a href='https:\/\/aidon.com\/wp-content\/uploads\/2022\/10\/Aidon_Sundsvall_24X_RGB_2000.jpg' title=\"N\u00e4kym\u00e4 Sundsvallin keskustaan, Sundsvall Energi Eln\u00e4t\" data-rl_title=\"N\u00e4kym\u00e4 Sundsvallin keskustaan, Sundsvall Energi Eln\u00e4t\" class=\"rl-gallery-link\" data-rl_caption=\"N\u00e4kym\u00e4 Sundsvallin keskustaan, Sundsvall Energi Eln\u00e4t\" data-rel=\"lightbox-gallery-1\"><img loading=\"lazy\" decoding=\"async\" width=\"2000\" height=\"1299\" src=\"https:\/\/aidon.com\/wp-content\/uploads\/2022\/10\/Aidon_Sundsvall_24X_RGB_2000.jpg\" class=\"attachment-full size-full\" alt=\"\" aria-describedby=\"gallery-1-2331\" srcset=\"https:\/\/aidon.com\/wp-content\/uploads\/2022\/10\/Aidon_Sundsvall_24X_RGB_2000.jpg 2000w, https:\/\/aidon.com\/wp-content\/uploads\/2022\/10\/Aidon_Sundsvall_24X_RGB_2000-300x195.jpg 300w, https:\/\/aidon.com\/wp-content\/uploads\/2022\/10\/Aidon_Sundsvall_24X_RGB_2000-1024x665.jpg 1024w, https:\/\/aidon.com\/wp-content\/uploads\/2022\/10\/Aidon_Sundsvall_24X_RGB_2000-768x499.jpg 768w, https:\/\/aidon.com\/wp-content\/uploads\/2022\/10\/Aidon_Sundsvall_24X_RGB_2000-1536x998.jpg 1536w, https:\/\/aidon.com\/wp-content\/uploads\/2022\/10\/Aidon_Sundsvall_24X_RGB_2000-1920x1247.jpg 1920w\" sizes=\"auto, (max-width: 2000px) 100vw, 2000px\" \/><\/a>\n\t\t\t<\/div>\n\t\t\t\t<figcaption class='wp-caption-text gallery-caption' id='gallery-1-2331'>\n\t\t\t\tN\u00e4kym\u00e4 Sundsvallin keskustaan, Sundsvall Energi Eln\u00e4t\n\t\t\t\t<\/figcaption><\/figure><figure class='gallery-item'>\n\t\t\t<div class='gallery-icon landscape'>\n\t\t\t\t<a href='https:\/\/aidon.com\/wp-content\/uploads\/2022\/10\/Aidon_Timelapse_JKL_24X_2000.jpg' title=\"Kuokkalan silta, Jyv\u00e4skyl\u00e4, Alva S\u00e4hk\u00f6verkko\" data-rl_title=\"Kuokkalan silta, Jyv\u00e4skyl\u00e4, Alva S\u00e4hk\u00f6verkko\" class=\"rl-gallery-link\" data-rl_caption=\"Kuokkalan silta, Jyv\u00e4skyl\u00e4, Alva S\u00e4hk\u00f6verkko\" data-rel=\"lightbox-gallery-1\"><img loading=\"lazy\" decoding=\"async\" width=\"2000\" height=\"1333\" src=\"https:\/\/aidon.com\/wp-content\/uploads\/2022\/10\/Aidon_Timelapse_JKL_24X_2000.jpg\" class=\"attachment-full size-full\" alt=\"\" aria-describedby=\"gallery-1-2336\" srcset=\"https:\/\/aidon.com\/wp-content\/uploads\/2022\/10\/Aidon_Timelapse_JKL_24X_2000.jpg 2000w, https:\/\/aidon.com\/wp-content\/uploads\/2022\/10\/Aidon_Timelapse_JKL_24X_2000-300x200.jpg 300w, https:\/\/aidon.com\/wp-content\/uploads\/2022\/10\/Aidon_Timelapse_JKL_24X_2000-1024x682.jpg 1024w, https:\/\/aidon.com\/wp-content\/uploads\/2022\/10\/Aidon_Timelapse_JKL_24X_2000-768x512.jpg 768w, https:\/\/aidon.com\/wp-content\/uploads\/2022\/10\/Aidon_Timelapse_JKL_24X_2000-1536x1024.jpg 1536w, https:\/\/aidon.com\/wp-content\/uploads\/2022\/10\/Aidon_Timelapse_JKL_24X_2000-1920x1280.jpg 1920w\" sizes=\"auto, (max-width: 2000px) 100vw, 2000px\" \/><\/a>\n\t\t\t<\/div>\n\t\t\t\t<figcaption class='wp-caption-text gallery-caption' id='gallery-1-2336'>\n\t\t\t\tKuokkalan silta, Jyv\u00e4skyl\u00e4, Alva S\u00e4hk\u00f6verkko\n\t\t\t\t<\/figcaption><\/figure><figure class='gallery-item'>\n\t\t\t<div class='gallery-icon landscape'>\n\t\t\t\t<a href='https:\/\/aidon.com\/wp-content\/uploads\/2022\/10\/Aidon_Rovaniemi_24x_v4_RGB_2000.jpg' title=\"J\u00e4tk\u00e4nkynttil\u00e4-silta, Rovaniemi, Rovaniemen Verkko\" data-rl_title=\"J\u00e4tk\u00e4nkynttil\u00e4-silta, Rovaniemi, Rovaniemen Verkko\" class=\"rl-gallery-link\" data-rl_caption=\"J\u00e4tk\u00e4nkynttil\u00e4-silta, Rovaniemi, Rovaniemen Verkko\" data-rel=\"lightbox-gallery-1\"><img loading=\"lazy\" decoding=\"async\" width=\"2000\" height=\"1299\" src=\"https:\/\/aidon.com\/wp-content\/uploads\/2022\/10\/Aidon_Rovaniemi_24x_v4_RGB_2000.jpg\" class=\"attachment-full size-full\" alt=\"\" aria-describedby=\"gallery-1-2341\" srcset=\"https:\/\/aidon.com\/wp-content\/uploads\/2022\/10\/Aidon_Rovaniemi_24x_v4_RGB_2000.jpg 2000w, https:\/\/aidon.com\/wp-content\/uploads\/2022\/10\/Aidon_Rovaniemi_24x_v4_RGB_2000-300x195.jpg 300w, https:\/\/aidon.com\/wp-content\/uploads\/2022\/10\/Aidon_Rovaniemi_24x_v4_RGB_2000-1024x665.jpg 1024w, https:\/\/aidon.com\/wp-content\/uploads\/2022\/10\/Aidon_Rovaniemi_24x_v4_RGB_2000-768x499.jpg 768w, https:\/\/aidon.com\/wp-content\/uploads\/2022\/10\/Aidon_Rovaniemi_24x_v4_RGB_2000-1536x998.jpg 1536w, https:\/\/aidon.com\/wp-content\/uploads\/2022\/10\/Aidon_Rovaniemi_24x_v4_RGB_2000-1920x1247.jpg 1920w\" sizes=\"auto, (max-width: 2000px) 100vw, 2000px\" \/><\/a>\n\t\t\t<\/div>\n\t\t\t\t<figcaption class='wp-caption-text gallery-caption' id='gallery-1-2341'>\n\t\t\t\tJ\u00e4tk\u00e4nkynttil\u00e4-silta, Rovaniemi, Rovaniemen Verkko\n\t\t\t\t<\/figcaption><\/figure><figure class='gallery-item'>\n\t\t\t<div class='gallery-icon landscape'>\n\t\t\t\t<a href='https:\/\/aidon.com\/wp-content\/uploads\/2022\/10\/aidon_opera_24x_v1_RGB_72_2000.jpg' title=\"Oslon oopperatalo, Elvia\" data-rl_title=\"Oslon oopperatalo, Elvia\" class=\"rl-gallery-link\" data-rl_caption=\"Oslon oopperatalo, Elvia\" data-rel=\"lightbox-gallery-1\"><img loading=\"lazy\" decoding=\"async\" width=\"2267\" height=\"1472\" src=\"https:\/\/aidon.com\/wp-content\/uploads\/2022\/10\/aidon_opera_24x_v1_RGB_72_2000.jpg\" class=\"attachment-full size-full\" alt=\"\" aria-describedby=\"gallery-1-2323\" srcset=\"https:\/\/aidon.com\/wp-content\/uploads\/2022\/10\/aidon_opera_24x_v1_RGB_72_2000.jpg 2267w, https:\/\/aidon.com\/wp-content\/uploads\/2022\/10\/aidon_opera_24x_v1_RGB_72_2000-300x195.jpg 300w, https:\/\/aidon.com\/wp-content\/uploads\/2022\/10\/aidon_opera_24x_v1_RGB_72_2000-1024x665.jpg 1024w, https:\/\/aidon.com\/wp-content\/uploads\/2022\/10\/aidon_opera_24x_v1_RGB_72_2000-768x499.jpg 768w, https:\/\/aidon.com\/wp-content\/uploads\/2022\/10\/aidon_opera_24x_v1_RGB_72_2000-1536x997.jpg 1536w, https:\/\/aidon.com\/wp-content\/uploads\/2022\/10\/aidon_opera_24x_v1_RGB_72_2000-2048x1330.jpg 2048w, https:\/\/aidon.com\/wp-content\/uploads\/2022\/10\/aidon_opera_24x_v1_RGB_72_2000-1920x1247.jpg 1920w\" sizes=\"auto, (max-width: 2267px) 100vw, 2267px\" \/><\/a>\n\t\t\t<\/div>\n\t\t\t\t<figcaption class='wp-caption-text gallery-caption' id='gallery-1-2323'>\n\t\t\t\tOslon oopperatalo, Elvia\n\t\t\t\t<\/figcaption><\/figure><figure class='gallery-item'>\n\t\t\t<div class='gallery-icon landscape'>\n\t\t\t\t<a href='https:\/\/aidon.com\/wp-content\/uploads\/2022\/10\/Aidon_Finland_Hauho_24x_small_RGB2.jpg' title=\"Kyl\u00e4tie Hauholla, Elenia\" data-rl_title=\"Kyl\u00e4tie Hauholla, Elenia\" class=\"rl-gallery-link\" data-rl_caption=\"Kyl\u00e4tie Hauholla, Elenia\" data-rel=\"lightbox-gallery-1\"><img loading=\"lazy\" decoding=\"async\" width=\"2000\" height=\"1300\" src=\"https:\/\/aidon.com\/wp-content\/uploads\/2022\/10\/Aidon_Finland_Hauho_24x_small_RGB2.jpg\" class=\"attachment-full size-full\" alt=\"\" aria-describedby=\"gallery-1-2286\" srcset=\"https:\/\/aidon.com\/wp-content\/uploads\/2022\/10\/Aidon_Finland_Hauho_24x_small_RGB2.jpg 2000w, https:\/\/aidon.com\/wp-content\/uploads\/2022\/10\/Aidon_Finland_Hauho_24x_small_RGB2-300x195.jpg 300w, https:\/\/aidon.com\/wp-content\/uploads\/2022\/10\/Aidon_Finland_Hauho_24x_small_RGB2-1024x666.jpg 1024w, https:\/\/aidon.com\/wp-content\/uploads\/2022\/10\/Aidon_Finland_Hauho_24x_small_RGB2-768x499.jpg 768w, https:\/\/aidon.com\/wp-content\/uploads\/2022\/10\/Aidon_Finland_Hauho_24x_small_RGB2-1536x998.jpg 1536w, https:\/\/aidon.com\/wp-content\/uploads\/2022\/10\/Aidon_Finland_Hauho_24x_small_RGB2-1920x1248.jpg 1920w\" sizes=\"auto, (max-width: 2000px) 100vw, 2000px\" \/><\/a>\n\t\t\t<\/div>\n\t\t\t\t<figcaption class='wp-caption-text gallery-caption' id='gallery-1-2286'>\n\t\t\t\tKyl\u00e4tie Hauholla, Elenia\n\t\t\t\t<\/figcaption><\/figure>\n\t\t<\/div>\n\n","protected":false},"excerpt":{"rendered":"<p>Kun Aidon aloitti toimintansa vuonna 2004, perustajamme ennakoivat energiainfrastruktuurin muuttuvan merkitt\u00e4v\u00e4sti tulevina vuosina. T\u00e4m\u00e4 muutos tarkoittaisi uusiutuvan energian osuuden merkitt\u00e4v\u00e4\u00e4 kasvua, parempaa energiatehokkuutta ja s\u00e4hk\u00f6njakelun luotettavuuden kehitt\u00e4mist\u00e4. Ennakko-odotukset toteutuvat, ja energiamarkkinoiden muutosvauhti on nyt kovempi kuin koskaan ennen. Tartuimme tuolloin haasteeseen ja aloimme suunnitella sellaisia energianmittauksen ratkaisuja, jotka edist\u00e4isiv\u00e4t uudenlaisen&hellip;<\/p>\n","protected":false},"author":2,"featured_media":2319,"parent":610,"menu_order":6,"comment_status":"closed","ping_status":"closed","template":"","meta":{"_acf_changed":false,"footnotes":""},"class_list":["post-2616","page","type-page","status-publish","has-post-thumbnail","hentry"],"acf":[],"yoast_head":"<!-- This site is optimized with the Yoast SEO plugin v27.0 - https:\/\/yoast.com\/product\/yoast-seo-wordpress\/ -->\n<title>Aidon makes sense - Br\u00e4ndimme tarina - Aidon<\/title>\n<meta name=\"robots\" content=\"index, follow, max-snippet:-1, max-image-preview:large, max-video-preview:-1\" \/>\n<link rel=\"canonical\" href=\"https:\/\/aidon.com\/fi\/meista\/aidon-makes-sense\/\" \/>\n<meta property=\"og:locale\" content=\"fi_FI\" \/>\n<meta property=\"og:type\" content=\"article\" \/>\n<meta property=\"og:title\" content=\"Aidon makes sense - Br\u00e4ndimme tarina - Aidon\" \/>\n<meta property=\"og:description\" content=\"Kun Aidon aloitti toimintansa vuonna 2004, perustajamme ennakoivat energiainfrastruktuurin muuttuvan merkitt\u00e4v\u00e4sti tulevina vuosina. T\u00e4m\u00e4 muutos tarkoittaisi uusiutuvan energian osuuden merkitt\u00e4v\u00e4\u00e4 kasvua, parempaa energiatehokkuutta ja s\u00e4hk\u00f6njakelun luotettavuuden kehitt\u00e4mist\u00e4. Ennakko-odotukset toteutuvat, ja energiamarkkinoiden muutosvauhti on nyt kovempi kuin koskaan ennen. Tartuimme tuolloin haasteeseen ja aloimme suunnitella sellaisia energianmittauksen ratkaisuja, jotka edist\u00e4isiv\u00e4t uudenlaisen&hellip;\" \/>\n<meta property=\"og:url\" content=\"https:\/\/aidon.com\/fi\/meista\/aidon-makes-sense\/\" \/>\n<meta property=\"og:site_name\" content=\"Aidon\" \/>\n<meta property=\"article:modified_time\" content=\"2023-01-19T11:31:42+00:00\" \/>\n<meta property=\"og:image\" content=\"https:\/\/aidon.com\/wp-content\/uploads\/2022\/10\/Aidon_Lighthouse_24_v2_cropped_1.jpg\" \/>\n\t<meta property=\"og:image:width\" content=\"2000\" \/>\n\t<meta property=\"og:image:height\" content=\"1256\" \/>\n\t<meta property=\"og:image:type\" content=\"image\/jpeg\" \/>\n<meta name=\"twitter:card\" content=\"summary_large_image\" \/>\n<meta name=\"twitter:label1\" content=\"Arvioitu lukuaika\" \/>\n\t<meta name=\"twitter:data1\" content=\"2 minuuttia\" \/>\n<script type=\"application\/ld+json\" class=\"yoast-schema-graph\">{\"@context\":\"https:\/\/schema.org\",\"@graph\":[{\"@type\":\"WebPage\",\"@id\":\"https:\/\/aidon.com\/fi\/meista\/aidon-makes-sense\/\",\"url\":\"https:\/\/aidon.com\/fi\/meista\/aidon-makes-sense\/\",\"name\":\"Aidon makes sense - Br\u00e4ndimme tarina - Aidon\",\"isPartOf\":{\"@id\":\"https:\/\/aidon.com\/fi\/#website\"},\"primaryImageOfPage\":{\"@id\":\"https:\/\/aidon.com\/fi\/meista\/aidon-makes-sense\/#primaryimage\"},\"image\":{\"@id\":\"https:\/\/aidon.com\/fi\/meista\/aidon-makes-sense\/#primaryimage\"},\"thumbnailUrl\":\"https:\/\/aidon.com\/wp-content\/uploads\/2022\/10\/Aidon_Lighthouse_24_v2_cropped_1.jpg\",\"datePublished\":\"2022-10-20T11:02:38+00:00\",\"dateModified\":\"2023-01-19T11:31:42+00:00\",\"breadcrumb\":{\"@id\":\"https:\/\/aidon.com\/fi\/meista\/aidon-makes-sense\/#breadcrumb\"},\"inLanguage\":\"fi\",\"potentialAction\":[{\"@type\":\"ReadAction\",\"target\":[\"https:\/\/aidon.com\/fi\/meista\/aidon-makes-sense\/\"]}]},{\"@type\":\"ImageObject\",\"inLanguage\":\"fi\",\"@id\":\"https:\/\/aidon.com\/fi\/meista\/aidon-makes-sense\/#primaryimage\",\"url\":\"https:\/\/aidon.com\/wp-content\/uploads\/2022\/10\/Aidon_Lighthouse_24_v2_cropped_1.jpg\",\"contentUrl\":\"https:\/\/aidon.com\/wp-content\/uploads\/2022\/10\/Aidon_Lighthouse_24_v2_cropped_1.jpg\",\"width\":2000,\"height\":1256},{\"@type\":\"BreadcrumbList\",\"@id\":\"https:\/\/aidon.com\/fi\/meista\/aidon-makes-sense\/#breadcrumb\",\"itemListElement\":[{\"@type\":\"ListItem\",\"position\":1,\"name\":\"Meist\u00e4\",\"item\":\"https:\/\/aidon.com\/fi\/meista\/\"},{\"@type\":\"ListItem\",\"position\":2,\"name\":\"Aidon makes sense &#8211; Br\u00e4ndimme tarina\"}]},{\"@type\":\"WebSite\",\"@id\":\"https:\/\/aidon.com\/fi\/#website\",\"url\":\"https:\/\/aidon.com\/fi\/\",\"name\":\"Aidon\",\"description\":\"\",\"potentialAction\":[{\"@type\":\"SearchAction\",\"target\":{\"@type\":\"EntryPoint\",\"urlTemplate\":\"https:\/\/aidon.com\/fi\/?s={search_term_string}\"},\"query-input\":{\"@type\":\"PropertyValueSpecification\",\"valueRequired\":true,\"valueName\":\"search_term_string\"}}],\"inLanguage\":\"fi\"}]}<\/script>\n<!-- \/ Yoast SEO plugin. -->","yoast_head_json":{"title":"Aidon makes sense - Br\u00e4ndimme tarina - Aidon","robots":{"index":"index","follow":"follow","max-snippet":"max-snippet:-1","max-image-preview":"max-image-preview:large","max-video-preview":"max-video-preview:-1"},"canonical":"https:\/\/aidon.com\/fi\/meista\/aidon-makes-sense\/","og_locale":"fi_FI","og_type":"article","og_title":"Aidon makes sense - Br\u00e4ndimme tarina - Aidon","og_description":"Kun Aidon aloitti toimintansa vuonna 2004, perustajamme ennakoivat energiainfrastruktuurin muuttuvan merkitt\u00e4v\u00e4sti tulevina vuosina. T\u00e4m\u00e4 muutos tarkoittaisi uusiutuvan energian osuuden merkitt\u00e4v\u00e4\u00e4 kasvua, parempaa energiatehokkuutta ja s\u00e4hk\u00f6njakelun luotettavuuden kehitt\u00e4mist\u00e4. Ennakko-odotukset toteutuvat, ja energiamarkkinoiden muutosvauhti on nyt kovempi kuin koskaan ennen. Tartuimme tuolloin haasteeseen ja aloimme suunnitella sellaisia energianmittauksen ratkaisuja, jotka edist\u00e4isiv\u00e4t uudenlaisen&hellip;","og_url":"https:\/\/aidon.com\/fi\/meista\/aidon-makes-sense\/","og_site_name":"Aidon","article_modified_time":"2023-01-19T11:31:42+00:00","og_image":[{"width":2000,"height":1256,"url":"https:\/\/aidon.com\/wp-content\/uploads\/2022\/10\/Aidon_Lighthouse_24_v2_cropped_1.jpg","type":"image\/jpeg"}],"twitter_card":"summary_large_image","twitter_misc":{"Arvioitu lukuaika":"2 minuuttia"},"schema":{"@context":"https:\/\/schema.org","@graph":[{"@type":"WebPage","@id":"https:\/\/aidon.com\/fi\/meista\/aidon-makes-sense\/","url":"https:\/\/aidon.com\/fi\/meista\/aidon-makes-sense\/","name":"Aidon makes sense - Br\u00e4ndimme tarina - Aidon","isPartOf":{"@id":"https:\/\/aidon.com\/fi\/#website"},"primaryImageOfPage":{"@id":"https:\/\/aidon.com\/fi\/meista\/aidon-makes-sense\/#primaryimage"},"image":{"@id":"https:\/\/aidon.com\/fi\/meista\/aidon-makes-sense\/#primaryimage"},"thumbnailUrl":"https:\/\/aidon.com\/wp-content\/uploads\/2022\/10\/Aidon_Lighthouse_24_v2_cropped_1.jpg","datePublished":"2022-10-20T11:02:38+00:00","dateModified":"2023-01-19T11:31:42+00:00","breadcrumb":{"@id":"https:\/\/aidon.com\/fi\/meista\/aidon-makes-sense\/#breadcrumb"},"inLanguage":"fi","potentialAction":[{"@type":"ReadAction","target":["https:\/\/aidon.com\/fi\/meista\/aidon-makes-sense\/"]}]},{"@type":"ImageObject","inLanguage":"fi","@id":"https:\/\/aidon.com\/fi\/meista\/aidon-makes-sense\/#primaryimage","url":"https:\/\/aidon.com\/wp-content\/uploads\/2022\/10\/Aidon_Lighthouse_24_v2_cropped_1.jpg","contentUrl":"https:\/\/aidon.com\/wp-content\/uploads\/2022\/10\/Aidon_Lighthouse_24_v2_cropped_1.jpg","width":2000,"height":1256},{"@type":"BreadcrumbList","@id":"https:\/\/aidon.com\/fi\/meista\/aidon-makes-sense\/#breadcrumb","itemListElement":[{"@type":"ListItem","position":1,"name":"Meist\u00e4","item":"https:\/\/aidon.com\/fi\/meista\/"},{"@type":"ListItem","position":2,"name":"Aidon makes sense &#8211; Br\u00e4ndimme tarina"}]},{"@type":"WebSite","@id":"https:\/\/aidon.com\/fi\/#website","url":"https:\/\/aidon.com\/fi\/","name":"Aidon","description":"","potentialAction":[{"@type":"SearchAction","target":{"@type":"EntryPoint","urlTemplate":"https:\/\/aidon.com\/fi\/?s={search_term_string}"},"query-input":{"@type":"PropertyValueSpecification","valueRequired":true,"valueName":"search_term_string"}}],"inLanguage":"fi"}]}},"_links":{"self":[{"href":"https:\/\/aidon.com\/fi\/wp-json\/wp\/v2\/pages\/2616","targetHints":{"allow":["GET"]}}],"collection":[{"href":"https:\/\/aidon.com\/fi\/wp-json\/wp\/v2\/pages"}],"about":[{"href":"https:\/\/aidon.com\/fi\/wp-json\/wp\/v2\/types\/page"}],"author":[{"embeddable":true,"href":"https:\/\/aidon.com\/fi\/wp-json\/wp\/v2\/users\/2"}],"replies":[{"embeddable":true,"href":"https:\/\/aidon.com\/fi\/wp-json\/wp\/v2\/comments?post=2616"}],"version-history":[{"count":11,"href":"https:\/\/aidon.com\/fi\/wp-json\/wp\/v2\/pages\/2616\/revisions"}],"predecessor-version":[{"id":3929,"href":"https:\/\/aidon.com\/fi\/wp-json\/wp\/v2\/pages\/2616\/revisions\/3929"}],"up":[{"embeddable":true,"href":"https:\/\/aidon.com\/fi\/wp-json\/wp\/v2\/pages\/610"}],"wp:featuredmedia":[{"embeddable":true,"href":"https:\/\/aidon.com\/fi\/wp-json\/wp\/v2\/media\/2319"}],"wp:attachment":[{"href":"https:\/\/aidon.com\/fi\/wp-json\/wp\/v2\/media?parent=2616"}],"curies":[{"name":"wp","href":"https:\/\/api.w.org\/{rel}","templated":true}]}}