{"id":2614,"date":"2022-08-15T09:57:50","date_gmt":"2022-08-15T06:57:50","guid":{"rendered":"https:\/\/aidon.com\/?page_id=2614"},"modified":"2026-01-22T13:56:28","modified_gmt":"2026-01-22T11:56:28","slug":"historia","status":"publish","type":"page","link":"https:\/\/aidon.com\/fi\/meista\/historia\/","title":{"rendered":"Historia &#038; T\u00e4rkeimm\u00e4t virstanpylv\u00e4\u00e4t"},"content":{"rendered":"<p>Kun Aidon perustettiin vuonna 2004, yrityksen perustajilla oli visio tulevaisuuden energiatoimialasta, jossa jakeluverkkoyhti\u00f6iden prosessit on digitalisoitu uusia teknologioita hy\u00f6dynt\u00e4en. Vuosien aikana visio on toteutunut menestyksekk\u00e4\u00e4sti.<\/p>\n<p>&nbsp;<\/p>\n","protected":false},"excerpt":{"rendered":"<p>Kun Aidon perustettiin vuonna 2004, yrityksen perustajilla oli visio tulevaisuuden energiatoimialasta, jossa jakeluverkkoyhti\u00f6iden prosessit on digitalisoitu uusia teknologioita hy\u00f6dynt\u00e4en. Vuosien aikana visio on toteutunut menestyksekk\u00e4\u00e4sti. &nbsp;<\/p>\n","protected":false},"author":2,"featured_media":1223,"parent":610,"menu_order":5,"comment_status":"closed","ping_status":"closed","template":"","meta":{"_acf_changed":false,"footnotes":""},"class_list":["post-2614","page","type-page","status-publish","has-post-thumbnail","hentry"],"acf":[],"yoast_head":"<!-- This site is optimized with the Yoast SEO plugin v27.0 - https:\/\/yoast.com\/product\/yoast-seo-wordpress\/ -->\n<title>Historia &amp; T\u00e4rkeimm\u00e4t virstanpylv\u00e4\u00e4t - Aidon<\/title>\n<meta name=\"robots\" content=\"index, follow, max-snippet:-1, max-image-preview:large, max-video-preview:-1\" \/>\n<link rel=\"canonical\" href=\"https:\/\/aidon.com\/fi\/meista\/historia\/\" \/>\n<meta property=\"og:locale\" content=\"fi_FI\" \/>\n<meta property=\"og:type\" content=\"article\" \/>\n<meta property=\"og:title\" content=\"Historia &amp; T\u00e4rkeimm\u00e4t virstanpylv\u00e4\u00e4t - Aidon\" \/>\n<meta property=\"og:description\" content=\"Kun Aidon perustettiin vuonna 2004, yrityksen perustajilla oli visio tulevaisuuden energiatoimialasta, jossa jakeluverkkoyhti\u00f6iden prosessit on digitalisoitu uusia teknologioita hy\u00f6dynt\u00e4en. Vuosien aikana visio on toteutunut menestyksekk\u00e4\u00e4sti. &nbsp;\" \/>\n<meta property=\"og:url\" content=\"https:\/\/aidon.com\/fi\/meista\/historia\/\" \/>\n<meta property=\"og:site_name\" content=\"Aidon\" \/>\n<meta property=\"article:modified_time\" content=\"2026-01-22T11:56:28+00:00\" \/>\n<meta property=\"og:image\" content=\"https:\/\/aidon.com\/wp-content\/uploads\/2022\/09\/Aidon-09-2022-598-web.jpg\" \/>\n\t<meta property=\"og:image:width\" content=\"1920\" \/>\n\t<meta property=\"og:image:height\" content=\"1080\" \/>\n\t<meta property=\"og:image:type\" content=\"image\/jpeg\" \/>\n<meta name=\"twitter:card\" content=\"summary_large_image\" \/>\n<meta name=\"twitter:label1\" content=\"Arvioitu lukuaika\" \/>\n\t<meta name=\"twitter:data1\" content=\"1 minuutti\" \/>\n<script type=\"application\/ld+json\" class=\"yoast-schema-graph\">{\"@context\":\"https:\/\/schema.org\",\"@graph\":[{\"@type\":\"WebPage\",\"@id\":\"https:\/\/aidon.com\/fi\/meista\/historia\/\",\"url\":\"https:\/\/aidon.com\/fi\/meista\/historia\/\",\"name\":\"Historia & T\u00e4rkeimm\u00e4t virstanpylv\u00e4\u00e4t - Aidon\",\"isPartOf\":{\"@id\":\"https:\/\/aidon.com\/fi\/#website\"},\"primaryImageOfPage\":{\"@id\":\"https:\/\/aidon.com\/fi\/meista\/historia\/#primaryimage\"},\"image\":{\"@id\":\"https:\/\/aidon.com\/fi\/meista\/historia\/#primaryimage\"},\"thumbnailUrl\":\"https:\/\/aidon.com\/wp-content\/uploads\/2022\/09\/Aidon-09-2022-598-web.jpg\",\"datePublished\":\"2022-08-15T06:57:50+00:00\",\"dateModified\":\"2026-01-22T11:56:28+00:00\",\"breadcrumb\":{\"@id\":\"https:\/\/aidon.com\/fi\/meista\/historia\/#breadcrumb\"},\"inLanguage\":\"fi\",\"potentialAction\":[{\"@type\":\"ReadAction\",\"target\":[\"https:\/\/aidon.com\/fi\/meista\/historia\/\"]}]},{\"@type\":\"ImageObject\",\"inLanguage\":\"fi\",\"@id\":\"https:\/\/aidon.com\/fi\/meista\/historia\/#primaryimage\",\"url\":\"https:\/\/aidon.com\/wp-content\/uploads\/2022\/09\/Aidon-09-2022-598-web.jpg\",\"contentUrl\":\"https:\/\/aidon.com\/wp-content\/uploads\/2022\/09\/Aidon-09-2022-598-web.jpg\",\"width\":1920,\"height\":1080},{\"@type\":\"BreadcrumbList\",\"@id\":\"https:\/\/aidon.com\/fi\/meista\/historia\/#breadcrumb\",\"itemListElement\":[{\"@type\":\"ListItem\",\"position\":1,\"name\":\"Meist\u00e4\",\"item\":\"https:\/\/aidon.com\/fi\/meista\/\"},{\"@type\":\"ListItem\",\"position\":2,\"name\":\"Historia &#038; T\u00e4rkeimm\u00e4t virstanpylv\u00e4\u00e4t\"}]},{\"@type\":\"WebSite\",\"@id\":\"https:\/\/aidon.com\/fi\/#website\",\"url\":\"https:\/\/aidon.com\/fi\/\",\"name\":\"Aidon\",\"description\":\"\",\"potentialAction\":[{\"@type\":\"SearchAction\",\"target\":{\"@type\":\"EntryPoint\",\"urlTemplate\":\"https:\/\/aidon.com\/fi\/?s={search_term_string}\"},\"query-input\":{\"@type\":\"PropertyValueSpecification\",\"valueRequired\":true,\"valueName\":\"search_term_string\"}}],\"inLanguage\":\"fi\"}]}<\/script>\n<!-- \/ Yoast SEO plugin. -->","yoast_head_json":{"title":"Historia & T\u00e4rkeimm\u00e4t virstanpylv\u00e4\u00e4t - Aidon","robots":{"index":"index","follow":"follow","max-snippet":"max-snippet:-1","max-image-preview":"max-image-preview:large","max-video-preview":"max-video-preview:-1"},"canonical":"https:\/\/aidon.com\/fi\/meista\/historia\/","og_locale":"fi_FI","og_type":"article","og_title":"Historia & T\u00e4rkeimm\u00e4t virstanpylv\u00e4\u00e4t - Aidon","og_description":"Kun Aidon perustettiin vuonna 2004, yrityksen perustajilla oli visio tulevaisuuden energiatoimialasta, jossa jakeluverkkoyhti\u00f6iden prosessit on digitalisoitu uusia teknologioita hy\u00f6dynt\u00e4en. Vuosien aikana visio on toteutunut menestyksekk\u00e4\u00e4sti. &nbsp;","og_url":"https:\/\/aidon.com\/fi\/meista\/historia\/","og_site_name":"Aidon","article_modified_time":"2026-01-22T11:56:28+00:00","og_image":[{"width":1920,"height":1080,"url":"https:\/\/aidon.com\/wp-content\/uploads\/2022\/09\/Aidon-09-2022-598-web.jpg","type":"image\/jpeg"}],"twitter_card":"summary_large_image","twitter_misc":{"Arvioitu lukuaika":"1 minuutti"},"schema":{"@context":"https:\/\/schema.org","@graph":[{"@type":"WebPage","@id":"https:\/\/aidon.com\/fi\/meista\/historia\/","url":"https:\/\/aidon.com\/fi\/meista\/historia\/","name":"Historia & T\u00e4rkeimm\u00e4t virstanpylv\u00e4\u00e4t - Aidon","isPartOf":{"@id":"https:\/\/aidon.com\/fi\/#website"},"primaryImageOfPage":{"@id":"https:\/\/aidon.com\/fi\/meista\/historia\/#primaryimage"},"image":{"@id":"https:\/\/aidon.com\/fi\/meista\/historia\/#primaryimage"},"thumbnailUrl":"https:\/\/aidon.com\/wp-content\/uploads\/2022\/09\/Aidon-09-2022-598-web.jpg","datePublished":"2022-08-15T06:57:50+00:00","dateModified":"2026-01-22T11:56:28+00:00","breadcrumb":{"@id":"https:\/\/aidon.com\/fi\/meista\/historia\/#breadcrumb"},"inLanguage":"fi","potentialAction":[{"@type":"ReadAction","target":["https:\/\/aidon.com\/fi\/meista\/historia\/"]}]},{"@type":"ImageObject","inLanguage":"fi","@id":"https:\/\/aidon.com\/fi\/meista\/historia\/#primaryimage","url":"https:\/\/aidon.com\/wp-content\/uploads\/2022\/09\/Aidon-09-2022-598-web.jpg","contentUrl":"https:\/\/aidon.com\/wp-content\/uploads\/2022\/09\/Aidon-09-2022-598-web.jpg","width":1920,"height":1080},{"@type":"BreadcrumbList","@id":"https:\/\/aidon.com\/fi\/meista\/historia\/#breadcrumb","itemListElement":[{"@type":"ListItem","position":1,"name":"Meist\u00e4","item":"https:\/\/aidon.com\/fi\/meista\/"},{"@type":"ListItem","position":2,"name":"Historia &#038; T\u00e4rkeimm\u00e4t virstanpylv\u00e4\u00e4t"}]},{"@type":"WebSite","@id":"https:\/\/aidon.com\/fi\/#website","url":"https:\/\/aidon.com\/fi\/","name":"Aidon","description":"","potentialAction":[{"@type":"SearchAction","target":{"@type":"EntryPoint","urlTemplate":"https:\/\/aidon.com\/fi\/?s={search_term_string}"},"query-input":{"@type":"PropertyValueSpecification","valueRequired":true,"valueName":"search_term_string"}}],"inLanguage":"fi"}]}},"_links":{"self":[{"href":"https:\/\/aidon.com\/fi\/wp-json\/wp\/v2\/pages\/2614","targetHints":{"allow":["GET"]}}],"collection":[{"href":"https:\/\/aidon.com\/fi\/wp-json\/wp\/v2\/pages"}],"about":[{"href":"https:\/\/aidon.com\/fi\/wp-json\/wp\/v2\/types\/page"}],"author":[{"embeddable":true,"href":"https:\/\/aidon.com\/fi\/wp-json\/wp\/v2\/users\/2"}],"replies":[{"embeddable":true,"href":"https:\/\/aidon.com\/fi\/wp-json\/wp\/v2\/comments?post=2614"}],"version-history":[{"count":41,"href":"https:\/\/aidon.com\/fi\/wp-json\/wp\/v2\/pages\/2614\/revisions"}],"predecessor-version":[{"id":18439,"href":"https:\/\/aidon.com\/fi\/wp-json\/wp\/v2\/pages\/2614\/revisions\/18439"}],"up":[{"embeddable":true,"href":"https:\/\/aidon.com\/fi\/wp-json\/wp\/v2\/pages\/610"}],"wp:featuredmedia":[{"embeddable":true,"href":"https:\/\/aidon.com\/fi\/wp-json\/wp\/v2\/media\/1223"}],"wp:attachment":[{"href":"https:\/\/aidon.com\/fi\/wp-json\/wp\/v2\/media?parent=2614"}],"curies":[{"name":"wp","href":"https:\/\/api.w.org\/{rel}","templated":true}]}}