{"id":2610,"date":"2022-08-15T09:55:52","date_gmt":"2022-08-15T09:55:52","guid":{"rendered":"https:\/\/aidon.com\/?page_id=2610"},"modified":"2023-11-16T10:31:37","modified_gmt":"2023-11-16T10:31:37","slug":"markkinat-ja-asiakkaat","status":"publish","type":"page","link":"https:\/\/aidon.com\/fi\/meista\/markkinat-ja-asiakkaat\/","title":{"rendered":"Markkinat &#038; Asiakkaat"},"content":{"rendered":"<p><strong>Olemme markkinajohtaja kotimarkkinoillamme Pohjoismaissa. Asiakkainamme on yli 140 jakeluverkkoyhti\u00f6t\u00e4, joille toimitamme edistyksellisi\u00e4 ratkaisuja mittaukseen sek\u00e4 jakeluverkon valvontaan ja hallintaan. Meill\u00e4 on erityypisi\u00e4, pitk\u00e4kestoisia asiakkuuksia, joihin kuuluu sek\u00e4 suuria alueellisia jakeluverkonhaltijoita ett\u00e4 pienempi\u00e4 paikallisia yhti\u00f6it\u00e4.<\/strong><\/p>\n","protected":false},"excerpt":{"rendered":"<p>Olemme markkinajohtaja kotimarkkinoillamme Pohjoismaissa. Asiakkainamme on yli 140 jakeluverkkoyhti\u00f6t\u00e4, joille toimitamme edistyksellisi\u00e4 ratkaisuja mittaukseen sek\u00e4 jakeluverkon valvontaan ja hallintaan. Meill\u00e4 on erityypisi\u00e4, pitk\u00e4kestoisia asiakkuuksia, joihin kuuluu sek\u00e4 suuria alueellisia jakeluverkonhaltijoita ett\u00e4 pienempi\u00e4 paikallisia yhti\u00f6it\u00e4.<\/p>\n","protected":false},"author":2,"featured_media":2934,"parent":610,"menu_order":2,"comment_status":"closed","ping_status":"closed","template":"","meta":{"_acf_changed":false,"footnotes":""},"class_list":["post-2610","page","type-page","status-publish","has-post-thumbnail","hentry"],"acf":[],"yoast_head":"<!-- This site is optimized with the Yoast SEO plugin v27.0 - https:\/\/yoast.com\/product\/yoast-seo-wordpress\/ -->\n<title>Markkinat &amp; Asiakkaat - Aidon<\/title>\n<meta name=\"robots\" content=\"index, follow, max-snippet:-1, max-image-preview:large, max-video-preview:-1\" \/>\n<link rel=\"canonical\" href=\"https:\/\/aidon.com\/fi\/meista\/markkinat-ja-asiakkaat\/\" \/>\n<meta property=\"og:locale\" content=\"fi_FI\" \/>\n<meta property=\"og:type\" content=\"article\" \/>\n<meta property=\"og:title\" content=\"Markkinat &amp; Asiakkaat - Aidon\" \/>\n<meta property=\"og:description\" content=\"Olemme markkinajohtaja kotimarkkinoillamme Pohjoismaissa. Asiakkainamme on yli 140 jakeluverkkoyhti\u00f6t\u00e4, joille toimitamme edistyksellisi\u00e4 ratkaisuja mittaukseen sek\u00e4 jakeluverkon valvontaan ja hallintaan. Meill\u00e4 on erityypisi\u00e4, pitk\u00e4kestoisia asiakkuuksia, joihin kuuluu sek\u00e4 suuria alueellisia jakeluverkonhaltijoita ett\u00e4 pienempi\u00e4 paikallisia yhti\u00f6it\u00e4.\" \/>\n<meta property=\"og:url\" content=\"https:\/\/aidon.com\/fi\/meista\/markkinat-ja-asiakkaat\/\" \/>\n<meta property=\"og:site_name\" content=\"Aidon\" \/>\n<meta property=\"article:modified_time\" content=\"2023-11-16T10:31:37+00:00\" \/>\n<meta property=\"og:image\" content=\"https:\/\/aidon.com\/wp-content\/uploads\/2022\/12\/Markets_and_Customers_map_80_2.jpg\" \/>\n\t<meta property=\"og:image:width\" content=\"1920\" \/>\n\t<meta property=\"og:image:height\" content=\"1080\" \/>\n\t<meta property=\"og:image:type\" content=\"image\/jpeg\" \/>\n<meta name=\"twitter:card\" content=\"summary_large_image\" \/>\n<meta name=\"twitter:label1\" content=\"Arvioitu lukuaika\" \/>\n\t<meta name=\"twitter:data1\" content=\"1 minuutti\" \/>\n<script type=\"application\/ld+json\" class=\"yoast-schema-graph\">{\"@context\":\"https:\/\/schema.org\",\"@graph\":[{\"@type\":\"WebPage\",\"@id\":\"https:\/\/aidon.com\/fi\/meista\/markkinat-ja-asiakkaat\/\",\"url\":\"https:\/\/aidon.com\/fi\/meista\/markkinat-ja-asiakkaat\/\",\"name\":\"Markkinat & Asiakkaat - Aidon\",\"isPartOf\":{\"@id\":\"https:\/\/aidon.com\/fi\/#website\"},\"primaryImageOfPage\":{\"@id\":\"https:\/\/aidon.com\/fi\/meista\/markkinat-ja-asiakkaat\/#primaryimage\"},\"image\":{\"@id\":\"https:\/\/aidon.com\/fi\/meista\/markkinat-ja-asiakkaat\/#primaryimage\"},\"thumbnailUrl\":\"https:\/\/aidon.com\/wp-content\/uploads\/2022\/12\/Markets_and_Customers_map_80_2.jpg\",\"datePublished\":\"2022-08-15T09:55:52+00:00\",\"dateModified\":\"2023-11-16T10:31:37+00:00\",\"breadcrumb\":{\"@id\":\"https:\/\/aidon.com\/fi\/meista\/markkinat-ja-asiakkaat\/#breadcrumb\"},\"inLanguage\":\"fi\",\"potentialAction\":[{\"@type\":\"ReadAction\",\"target\":[\"https:\/\/aidon.com\/fi\/meista\/markkinat-ja-asiakkaat\/\"]}]},{\"@type\":\"ImageObject\",\"inLanguage\":\"fi\",\"@id\":\"https:\/\/aidon.com\/fi\/meista\/markkinat-ja-asiakkaat\/#primaryimage\",\"url\":\"https:\/\/aidon.com\/wp-content\/uploads\/2022\/12\/Markets_and_Customers_map_80_2.jpg\",\"contentUrl\":\"https:\/\/aidon.com\/wp-content\/uploads\/2022\/12\/Markets_and_Customers_map_80_2.jpg\",\"width\":1920,\"height\":1080},{\"@type\":\"BreadcrumbList\",\"@id\":\"https:\/\/aidon.com\/fi\/meista\/markkinat-ja-asiakkaat\/#breadcrumb\",\"itemListElement\":[{\"@type\":\"ListItem\",\"position\":1,\"name\":\"Meist\u00e4\",\"item\":\"https:\/\/aidon.com\/fi\/meista\/\"},{\"@type\":\"ListItem\",\"position\":2,\"name\":\"Markkinat &#038; Asiakkaat\"}]},{\"@type\":\"WebSite\",\"@id\":\"https:\/\/aidon.com\/fi\/#website\",\"url\":\"https:\/\/aidon.com\/fi\/\",\"name\":\"Aidon\",\"description\":\"\",\"potentialAction\":[{\"@type\":\"SearchAction\",\"target\":{\"@type\":\"EntryPoint\",\"urlTemplate\":\"https:\/\/aidon.com\/fi\/?s={search_term_string}\"},\"query-input\":{\"@type\":\"PropertyValueSpecification\",\"valueRequired\":true,\"valueName\":\"search_term_string\"}}],\"inLanguage\":\"fi\"}]}<\/script>\n<!-- \/ Yoast SEO plugin. -->","yoast_head_json":{"title":"Markkinat & Asiakkaat - Aidon","robots":{"index":"index","follow":"follow","max-snippet":"max-snippet:-1","max-image-preview":"max-image-preview:large","max-video-preview":"max-video-preview:-1"},"canonical":"https:\/\/aidon.com\/fi\/meista\/markkinat-ja-asiakkaat\/","og_locale":"fi_FI","og_type":"article","og_title":"Markkinat & Asiakkaat - Aidon","og_description":"Olemme markkinajohtaja kotimarkkinoillamme Pohjoismaissa. Asiakkainamme on yli 140 jakeluverkkoyhti\u00f6t\u00e4, joille toimitamme edistyksellisi\u00e4 ratkaisuja mittaukseen sek\u00e4 jakeluverkon valvontaan ja hallintaan. Meill\u00e4 on erityypisi\u00e4, pitk\u00e4kestoisia asiakkuuksia, joihin kuuluu sek\u00e4 suuria alueellisia jakeluverkonhaltijoita ett\u00e4 pienempi\u00e4 paikallisia yhti\u00f6it\u00e4.","og_url":"https:\/\/aidon.com\/fi\/meista\/markkinat-ja-asiakkaat\/","og_site_name":"Aidon","article_modified_time":"2023-11-16T10:31:37+00:00","og_image":[{"width":1920,"height":1080,"url":"https:\/\/aidon.com\/wp-content\/uploads\/2022\/12\/Markets_and_Customers_map_80_2.jpg","type":"image\/jpeg"}],"twitter_card":"summary_large_image","twitter_misc":{"Arvioitu lukuaika":"1 minuutti"},"schema":{"@context":"https:\/\/schema.org","@graph":[{"@type":"WebPage","@id":"https:\/\/aidon.com\/fi\/meista\/markkinat-ja-asiakkaat\/","url":"https:\/\/aidon.com\/fi\/meista\/markkinat-ja-asiakkaat\/","name":"Markkinat & Asiakkaat - Aidon","isPartOf":{"@id":"https:\/\/aidon.com\/fi\/#website"},"primaryImageOfPage":{"@id":"https:\/\/aidon.com\/fi\/meista\/markkinat-ja-asiakkaat\/#primaryimage"},"image":{"@id":"https:\/\/aidon.com\/fi\/meista\/markkinat-ja-asiakkaat\/#primaryimage"},"thumbnailUrl":"https:\/\/aidon.com\/wp-content\/uploads\/2022\/12\/Markets_and_Customers_map_80_2.jpg","datePublished":"2022-08-15T09:55:52+00:00","dateModified":"2023-11-16T10:31:37+00:00","breadcrumb":{"@id":"https:\/\/aidon.com\/fi\/meista\/markkinat-ja-asiakkaat\/#breadcrumb"},"inLanguage":"fi","potentialAction":[{"@type":"ReadAction","target":["https:\/\/aidon.com\/fi\/meista\/markkinat-ja-asiakkaat\/"]}]},{"@type":"ImageObject","inLanguage":"fi","@id":"https:\/\/aidon.com\/fi\/meista\/markkinat-ja-asiakkaat\/#primaryimage","url":"https:\/\/aidon.com\/wp-content\/uploads\/2022\/12\/Markets_and_Customers_map_80_2.jpg","contentUrl":"https:\/\/aidon.com\/wp-content\/uploads\/2022\/12\/Markets_and_Customers_map_80_2.jpg","width":1920,"height":1080},{"@type":"BreadcrumbList","@id":"https:\/\/aidon.com\/fi\/meista\/markkinat-ja-asiakkaat\/#breadcrumb","itemListElement":[{"@type":"ListItem","position":1,"name":"Meist\u00e4","item":"https:\/\/aidon.com\/fi\/meista\/"},{"@type":"ListItem","position":2,"name":"Markkinat &#038; Asiakkaat"}]},{"@type":"WebSite","@id":"https:\/\/aidon.com\/fi\/#website","url":"https:\/\/aidon.com\/fi\/","name":"Aidon","description":"","potentialAction":[{"@type":"SearchAction","target":{"@type":"EntryPoint","urlTemplate":"https:\/\/aidon.com\/fi\/?s={search_term_string}"},"query-input":{"@type":"PropertyValueSpecification","valueRequired":true,"valueName":"search_term_string"}}],"inLanguage":"fi"}]}},"_links":{"self":[{"href":"https:\/\/aidon.com\/fi\/wp-json\/wp\/v2\/pages\/2610","targetHints":{"allow":["GET"]}}],"collection":[{"href":"https:\/\/aidon.com\/fi\/wp-json\/wp\/v2\/pages"}],"about":[{"href":"https:\/\/aidon.com\/fi\/wp-json\/wp\/v2\/types\/page"}],"author":[{"embeddable":true,"href":"https:\/\/aidon.com\/fi\/wp-json\/wp\/v2\/users\/2"}],"replies":[{"embeddable":true,"href":"https:\/\/aidon.com\/fi\/wp-json\/wp\/v2\/comments?post=2610"}],"version-history":[{"count":14,"href":"https:\/\/aidon.com\/fi\/wp-json\/wp\/v2\/pages\/2610\/revisions"}],"predecessor-version":[{"id":12355,"href":"https:\/\/aidon.com\/fi\/wp-json\/wp\/v2\/pages\/2610\/revisions\/12355"}],"up":[{"embeddable":true,"href":"https:\/\/aidon.com\/fi\/wp-json\/wp\/v2\/pages\/610"}],"wp:featuredmedia":[{"embeddable":true,"href":"https:\/\/aidon.com\/fi\/wp-json\/wp\/v2\/media\/2934"}],"wp:attachment":[{"href":"https:\/\/aidon.com\/fi\/wp-json\/wp\/v2\/media?parent=2610"}],"curies":[{"name":"wp","href":"https:\/\/api.w.org\/{rel}","templated":true}]}}