{"id":2602,"date":"2022-09-09T09:39:36","date_gmt":"2022-09-09T06:39:36","guid":{"rendered":"https:\/\/aidon.com\/?page_id=2602"},"modified":"2025-09-18T08:21:49","modified_gmt":"2025-09-18T05:21:49","slug":"saavutuksemme-ja-suorituskykymittarimme","status":"publish","type":"page","link":"https:\/\/aidon.com\/fi\/vastuullisuus\/saavutuksemme-ja-suorituskykymittarimme\/","title":{"rendered":"Saavutuksemme &#038; Suorituskykymittarimme"},"content":{"rendered":"<h2>Toimimme m\u00e4\u00e4r\u00e4tietoisesti saavuttaaksemme korkean tavoitetason<\/h2>\n<p>Me Aidonilla keskitymme kest\u00e4v\u00e4n kehityksen edist\u00e4miseen liiketoiminnassamme ja seuraamme jatkuvasti omia saavutuksiamme. Seuraamme keskeisi\u00e4 suorituskykymittareitamme hiilijalanj\u00e4lkemme pient\u00e4miseksi ja positiivisen k\u00e4denj\u00e4lkemme vahvistamiseksi.<\/p>\n<p><img loading=\"lazy\" decoding=\"async\" class=\"alignnone wp-image-17690\" src=\"https:\/\/aidon.com\/wp-content\/uploads\/2025\/09\/Sustainablity-Report-2024-KPIs-extract-for-website.png\" alt=\"\" width=\"800\" height=\"339\" srcset=\"https:\/\/aidon.com\/wp-content\/uploads\/2025\/09\/Sustainablity-Report-2024-KPIs-extract-for-website.png 1035w, https:\/\/aidon.com\/wp-content\/uploads\/2025\/09\/Sustainablity-Report-2024-KPIs-extract-for-website-300x127.png 300w, https:\/\/aidon.com\/wp-content\/uploads\/2025\/09\/Sustainablity-Report-2024-KPIs-extract-for-website-1024x434.png 1024w, https:\/\/aidon.com\/wp-content\/uploads\/2025\/09\/Sustainablity-Report-2024-KPIs-extract-for-website-768x326.png 768w\" sizes=\"auto, (max-width: 800px) 100vw, 800px\" \/><\/p>\n<p>Lue lis\u00e4\u00e4 suorituskykymittareistamme ja saavutuksistamme <a href=\"https:\/\/aidon.com\/wp-content\/uploads\/2025\/06\/Aidon_Sustainability_Report_2024_final_web_v2.pdf\" target=\"_blank\" rel=\"noopener\">vuoden 2024 vastuullisuusraportistamme<\/a>.<\/p>\n","protected":false},"excerpt":{"rendered":"<p>Toimimme m\u00e4\u00e4r\u00e4tietoisesti saavuttaaksemme korkean tavoitetason Me Aidonilla keskitymme kest\u00e4v\u00e4n kehityksen edist\u00e4miseen liiketoiminnassamme ja seuraamme jatkuvasti omia saavutuksiamme. Seuraamme keskeisi\u00e4 suorituskykymittareitamme hiilijalanj\u00e4lkemme pient\u00e4miseksi ja positiivisen k\u00e4denj\u00e4lkemme vahvistamiseksi. Lue lis\u00e4\u00e4 suorituskykymittareistamme ja saavutuksistamme vuoden 2024 vastuullisuusraportistamme.<\/p>\n","protected":false},"author":2,"featured_media":862,"parent":586,"menu_order":3,"comment_status":"closed","ping_status":"closed","template":"","meta":{"_acf_changed":false,"footnotes":""},"class_list":["post-2602","page","type-page","status-publish","has-post-thumbnail","hentry"],"acf":[],"yoast_head":"<!-- This site is optimized with the Yoast SEO plugin v27.0 - https:\/\/yoast.com\/product\/yoast-seo-wordpress\/ -->\n<title>Saavutuksemme &amp; Suorituskykymittarimme - Aidon<\/title>\n<meta name=\"robots\" content=\"index, follow, max-snippet:-1, max-image-preview:large, max-video-preview:-1\" \/>\n<link rel=\"canonical\" href=\"https:\/\/aidon.com\/fi\/vastuullisuus\/saavutuksemme-ja-suorituskykymittarimme\/\" \/>\n<meta property=\"og:locale\" content=\"fi_FI\" \/>\n<meta property=\"og:type\" content=\"article\" \/>\n<meta property=\"og:title\" content=\"Saavutuksemme &amp; Suorituskykymittarimme - Aidon\" \/>\n<meta property=\"og:description\" content=\"Toimimme m\u00e4\u00e4r\u00e4tietoisesti saavuttaaksemme korkean tavoitetason Me Aidonilla keskitymme kest\u00e4v\u00e4n kehityksen edist\u00e4miseen liiketoiminnassamme ja seuraamme jatkuvasti omia saavutuksiamme. Seuraamme keskeisi\u00e4 suorituskykymittareitamme hiilijalanj\u00e4lkemme pient\u00e4miseksi ja positiivisen k\u00e4denj\u00e4lkemme vahvistamiseksi. Lue lis\u00e4\u00e4 suorituskykymittareistamme ja saavutuksistamme vuoden 2024 vastuullisuusraportistamme.\" \/>\n<meta property=\"og:url\" content=\"https:\/\/aidon.com\/fi\/vastuullisuus\/saavutuksemme-ja-suorituskykymittarimme\/\" \/>\n<meta property=\"og:site_name\" content=\"Aidon\" \/>\n<meta property=\"article:modified_time\" content=\"2025-09-18T05:21:49+00:00\" \/>\n<meta property=\"og:image\" content=\"https:\/\/aidon.com\/wp-content\/uploads\/2022\/09\/Achievements_KPIs_1920_vert2-1024x683.jpg\" \/>\n\t<meta property=\"og:image:width\" content=\"1024\" \/>\n\t<meta property=\"og:image:height\" content=\"683\" \/>\n\t<meta property=\"og:image:type\" content=\"image\/jpeg\" \/>\n<meta name=\"twitter:card\" content=\"summary_large_image\" \/>\n<meta name=\"twitter:label1\" content=\"Arvioitu lukuaika\" \/>\n\t<meta name=\"twitter:data1\" content=\"1 minuutti\" \/>\n<script type=\"application\/ld+json\" class=\"yoast-schema-graph\">{\"@context\":\"https:\/\/schema.org\",\"@graph\":[{\"@type\":\"WebPage\",\"@id\":\"https:\/\/aidon.com\/fi\/vastuullisuus\/saavutuksemme-ja-suorituskykymittarimme\/\",\"url\":\"https:\/\/aidon.com\/fi\/vastuullisuus\/saavutuksemme-ja-suorituskykymittarimme\/\",\"name\":\"Saavutuksemme & Suorituskykymittarimme - Aidon\",\"isPartOf\":{\"@id\":\"https:\/\/aidon.com\/fi\/#website\"},\"primaryImageOfPage\":{\"@id\":\"https:\/\/aidon.com\/fi\/vastuullisuus\/saavutuksemme-ja-suorituskykymittarimme\/#primaryimage\"},\"image\":{\"@id\":\"https:\/\/aidon.com\/fi\/vastuullisuus\/saavutuksemme-ja-suorituskykymittarimme\/#primaryimage\"},\"thumbnailUrl\":\"https:\/\/aidon.com\/wp-content\/uploads\/2022\/09\/Achievements_KPIs_1920_vert2.jpg\",\"datePublished\":\"2022-09-09T06:39:36+00:00\",\"dateModified\":\"2025-09-18T05:21:49+00:00\",\"breadcrumb\":{\"@id\":\"https:\/\/aidon.com\/fi\/vastuullisuus\/saavutuksemme-ja-suorituskykymittarimme\/#breadcrumb\"},\"inLanguage\":\"fi\",\"potentialAction\":[{\"@type\":\"ReadAction\",\"target\":[\"https:\/\/aidon.com\/fi\/vastuullisuus\/saavutuksemme-ja-suorituskykymittarimme\/\"]}]},{\"@type\":\"ImageObject\",\"inLanguage\":\"fi\",\"@id\":\"https:\/\/aidon.com\/fi\/vastuullisuus\/saavutuksemme-ja-suorituskykymittarimme\/#primaryimage\",\"url\":\"https:\/\/aidon.com\/wp-content\/uploads\/2022\/09\/Achievements_KPIs_1920_vert2.jpg\",\"contentUrl\":\"https:\/\/aidon.com\/wp-content\/uploads\/2022\/09\/Achievements_KPIs_1920_vert2.jpg\",\"width\":1900,\"height\":1267},{\"@type\":\"BreadcrumbList\",\"@id\":\"https:\/\/aidon.com\/fi\/vastuullisuus\/saavutuksemme-ja-suorituskykymittarimme\/#breadcrumb\",\"itemListElement\":[{\"@type\":\"ListItem\",\"position\":1,\"name\":\"Vastuullisuus\",\"item\":\"https:\/\/aidon.com\/fi\/vastuullisuus\/\"},{\"@type\":\"ListItem\",\"position\":2,\"name\":\"Saavutuksemme &#038; Suorituskykymittarimme\"}]},{\"@type\":\"WebSite\",\"@id\":\"https:\/\/aidon.com\/fi\/#website\",\"url\":\"https:\/\/aidon.com\/fi\/\",\"name\":\"Aidon\",\"description\":\"\",\"potentialAction\":[{\"@type\":\"SearchAction\",\"target\":{\"@type\":\"EntryPoint\",\"urlTemplate\":\"https:\/\/aidon.com\/fi\/?s={search_term_string}\"},\"query-input\":{\"@type\":\"PropertyValueSpecification\",\"valueRequired\":true,\"valueName\":\"search_term_string\"}}],\"inLanguage\":\"fi\"}]}<\/script>\n<!-- \/ Yoast SEO plugin. -->","yoast_head_json":{"title":"Saavutuksemme & Suorituskykymittarimme - Aidon","robots":{"index":"index","follow":"follow","max-snippet":"max-snippet:-1","max-image-preview":"max-image-preview:large","max-video-preview":"max-video-preview:-1"},"canonical":"https:\/\/aidon.com\/fi\/vastuullisuus\/saavutuksemme-ja-suorituskykymittarimme\/","og_locale":"fi_FI","og_type":"article","og_title":"Saavutuksemme & Suorituskykymittarimme - Aidon","og_description":"Toimimme m\u00e4\u00e4r\u00e4tietoisesti saavuttaaksemme korkean tavoitetason Me Aidonilla keskitymme kest\u00e4v\u00e4n kehityksen edist\u00e4miseen liiketoiminnassamme ja seuraamme jatkuvasti omia saavutuksiamme. Seuraamme keskeisi\u00e4 suorituskykymittareitamme hiilijalanj\u00e4lkemme pient\u00e4miseksi ja positiivisen k\u00e4denj\u00e4lkemme vahvistamiseksi. Lue lis\u00e4\u00e4 suorituskykymittareistamme ja saavutuksistamme vuoden 2024 vastuullisuusraportistamme.","og_url":"https:\/\/aidon.com\/fi\/vastuullisuus\/saavutuksemme-ja-suorituskykymittarimme\/","og_site_name":"Aidon","article_modified_time":"2025-09-18T05:21:49+00:00","og_image":[{"width":1024,"height":683,"url":"https:\/\/aidon.com\/wp-content\/uploads\/2022\/09\/Achievements_KPIs_1920_vert2-1024x683.jpg","type":"image\/jpeg"}],"twitter_card":"summary_large_image","twitter_misc":{"Arvioitu lukuaika":"1 minuutti"},"schema":{"@context":"https:\/\/schema.org","@graph":[{"@type":"WebPage","@id":"https:\/\/aidon.com\/fi\/vastuullisuus\/saavutuksemme-ja-suorituskykymittarimme\/","url":"https:\/\/aidon.com\/fi\/vastuullisuus\/saavutuksemme-ja-suorituskykymittarimme\/","name":"Saavutuksemme & Suorituskykymittarimme - Aidon","isPartOf":{"@id":"https:\/\/aidon.com\/fi\/#website"},"primaryImageOfPage":{"@id":"https:\/\/aidon.com\/fi\/vastuullisuus\/saavutuksemme-ja-suorituskykymittarimme\/#primaryimage"},"image":{"@id":"https:\/\/aidon.com\/fi\/vastuullisuus\/saavutuksemme-ja-suorituskykymittarimme\/#primaryimage"},"thumbnailUrl":"https:\/\/aidon.com\/wp-content\/uploads\/2022\/09\/Achievements_KPIs_1920_vert2.jpg","datePublished":"2022-09-09T06:39:36+00:00","dateModified":"2025-09-18T05:21:49+00:00","breadcrumb":{"@id":"https:\/\/aidon.com\/fi\/vastuullisuus\/saavutuksemme-ja-suorituskykymittarimme\/#breadcrumb"},"inLanguage":"fi","potentialAction":[{"@type":"ReadAction","target":["https:\/\/aidon.com\/fi\/vastuullisuus\/saavutuksemme-ja-suorituskykymittarimme\/"]}]},{"@type":"ImageObject","inLanguage":"fi","@id":"https:\/\/aidon.com\/fi\/vastuullisuus\/saavutuksemme-ja-suorituskykymittarimme\/#primaryimage","url":"https:\/\/aidon.com\/wp-content\/uploads\/2022\/09\/Achievements_KPIs_1920_vert2.jpg","contentUrl":"https:\/\/aidon.com\/wp-content\/uploads\/2022\/09\/Achievements_KPIs_1920_vert2.jpg","width":1900,"height":1267},{"@type":"BreadcrumbList","@id":"https:\/\/aidon.com\/fi\/vastuullisuus\/saavutuksemme-ja-suorituskykymittarimme\/#breadcrumb","itemListElement":[{"@type":"ListItem","position":1,"name":"Vastuullisuus","item":"https:\/\/aidon.com\/fi\/vastuullisuus\/"},{"@type":"ListItem","position":2,"name":"Saavutuksemme &#038; Suorituskykymittarimme"}]},{"@type":"WebSite","@id":"https:\/\/aidon.com\/fi\/#website","url":"https:\/\/aidon.com\/fi\/","name":"Aidon","description":"","potentialAction":[{"@type":"SearchAction","target":{"@type":"EntryPoint","urlTemplate":"https:\/\/aidon.com\/fi\/?s={search_term_string}"},"query-input":{"@type":"PropertyValueSpecification","valueRequired":true,"valueName":"search_term_string"}}],"inLanguage":"fi"}]}},"_links":{"self":[{"href":"https:\/\/aidon.com\/fi\/wp-json\/wp\/v2\/pages\/2602","targetHints":{"allow":["GET"]}}],"collection":[{"href":"https:\/\/aidon.com\/fi\/wp-json\/wp\/v2\/pages"}],"about":[{"href":"https:\/\/aidon.com\/fi\/wp-json\/wp\/v2\/types\/page"}],"author":[{"embeddable":true,"href":"https:\/\/aidon.com\/fi\/wp-json\/wp\/v2\/users\/2"}],"replies":[{"embeddable":true,"href":"https:\/\/aidon.com\/fi\/wp-json\/wp\/v2\/comments?post=2602"}],"version-history":[{"count":23,"href":"https:\/\/aidon.com\/fi\/wp-json\/wp\/v2\/pages\/2602\/revisions"}],"predecessor-version":[{"id":17697,"href":"https:\/\/aidon.com\/fi\/wp-json\/wp\/v2\/pages\/2602\/revisions\/17697"}],"up":[{"embeddable":true,"href":"https:\/\/aidon.com\/fi\/wp-json\/wp\/v2\/pages\/586"}],"wp:featuredmedia":[{"embeddable":true,"href":"https:\/\/aidon.com\/fi\/wp-json\/wp\/v2\/media\/862"}],"wp:attachment":[{"href":"https:\/\/aidon.com\/fi\/wp-json\/wp\/v2\/media?parent=2602"}],"curies":[{"name":"wp","href":"https:\/\/api.w.org\/{rel}","templated":true}]}}