{"id":2598,"date":"2022-08-12T12:06:09","date_gmt":"2022-08-12T12:06:09","guid":{"rendered":"https:\/\/aidon.com\/?page_id=2598"},"modified":"2023-02-08T19:00:32","modified_gmt":"2023-02-08T19:00:32","slug":"aidon-one","status":"publish","type":"page","link":"https:\/\/aidon.com\/fi\/ratkaisut\/aidon-one\/","title":{"rendered":"Kentt\u00e4ty\u00f6&shy;prosessien hallintaratkaisu"},"content":{"rendered":"<p><img loading=\"lazy\" decoding=\"async\" class=\"alignnone wp-image-6502 size-full\" src=\"https:\/\/aidon.com\/wp-content\/uploads\/2023\/02\/Aidon_com_Aidon_One_solution_web_900_5.png\" alt=\"\" width=\"900\" height=\"341\" srcset=\"https:\/\/aidon.com\/wp-content\/uploads\/2023\/02\/Aidon_com_Aidon_One_solution_web_900_5.png 900w, https:\/\/aidon.com\/wp-content\/uploads\/2023\/02\/Aidon_com_Aidon_One_solution_web_900_5-300x114.png 300w, https:\/\/aidon.com\/wp-content\/uploads\/2023\/02\/Aidon_com_Aidon_One_solution_web_900_5-768x291.png 768w\" sizes=\"auto, (max-width: 900px) 100vw, 900px\" \/><\/p>\n<p><strong>Aidon One on tehokas ja helppok\u00e4ytt\u00f6inen SaaS-ratkaisu kentt\u00e4t\u00f6iden, s\u00e4hk\u00f6verkon, AMM-k\u00e4ytt\u00f6paikkojen ja kommunikaatioyhteyksien sek\u00e4 asiakaspalvelun hallintaan. Aidon One on suunniteltu ja optimoitu energianjakeluyhti\u00f6iden tarpeisiin. Se sopii hyvin my\u00f6s muille yrityksille, joilla on tarve kentt\u00e4ty\u00f6prosessien saumattomaan hallintaan, kuten asennus- ja huoltoyhti\u00f6ille. Mobiilik\u00e4ytt\u00f6\u00f6n suunniteltu karttapohjaisella k\u00e4ytt\u00f6liittym\u00e4ll\u00e4 varustettu Aidon One on ihanteellinen mobiililaitteella k\u00e4ytett\u00e4v\u00e4 ty\u00f6kalu kentt\u00e4henkil\u00f6st\u00f6lle.<\/strong><\/p>\n<p>Aidon tarjoaa Aidon Onen turvallisena pilvipohjaisena palveluna ja vastaa sen saatavuudesta ja tietoturvasta, mik\u00e4 tekee sen k\u00e4ytt\u00f6\u00f6noton ja k\u00e4yt\u00f6n helpoksi asiakasyritykselle.<\/p>\n<h4>Modulaarisuus tuo asiakaskohtaisen joustavuuden<\/h4>\n<p>Aidon One koostuu moduuleista, jotka on suunniteltu erityyppisiin teht\u00e4viin ja k\u00e4ytt\u00f6tarkoituksiin. N\u00e4it\u00e4 ovat mm. ty\u00f6m\u00e4\u00e4r\u00e4inten hallinta, jakeluverkon hallinta, asiakaspalvelu, yll\u00e4pito sek\u00e4 laiteyhteyksien hallinta. Modulaarisuuden ansiosta asiakas voi valita ja yhdist\u00e4\u00e4 moduuleista omiin tarpeisiinsa sopivan kokonaisuuden. Aidon Onen toiminnallisuus on helposti p\u00e4ivitett\u00e4viss\u00e4 muuttuvien tarpeiden mukaan.<\/p>\n<h4>Yhdist\u00e4\u00e4 eri j\u00e4rjestelmien tiedot yhteen palveluun<\/h4>\n<p>Aidon Onen perusajatuksena on yhdist\u00e4\u00e4 asiakasyrityksen eri j\u00e4rjestelmien tiedot yhteen karttapohjaiseen n\u00e4kym\u00e4\u00e4n ja mahdollistaa saumattomat ty\u00f6nkulut sek\u00e4 tiedon jakaminen ihmisten, tiimien ja j\u00e4rjestelmien v\u00e4lill\u00e4. T\u00e4m\u00e4 tekee esimerkiksi asentajien tai huoltohenkil\u00f6st\u00f6n ty\u00f6st\u00e4 paljon tehokkaampaa verrattuna useiden erillisten j\u00e4rjestelmien rinnakkaisk\u00e4ytt\u00f6\u00f6n.<\/p>\n<h4>Laajat mukauttamismahdollisuudet<\/h4>\n<p>Aidon Onen monipuolisten mukauttamismahdollisuuksien ansiosta palvelu sopii k\u00e4ytett\u00e4v\u00e4ksi erilaisissa tiimeiss\u00e4, joihin voi kuulua my\u00f6s ulkopuolisia yrityksi\u00e4. Monet toiminnallisuudet, kuten ty\u00f6m\u00e4\u00e4r\u00e4imet ja kunnossapitomoduulit, perustuvat muokattaviin lomakepohjiin, mik\u00e4 mahdollistaa niiden asiakaskohtaisen r\u00e4\u00e4t\u00e4l\u00f6innin ja tarvittaessa kokonaan uusien lomakepohjien luomisen.<\/p>\n<p><strong>Ota Aidon One k\u00e4ytt\u00f6\u00f6n, kun haluat tehokkaan ja saumattoman ty\u00f6nkulun ja reaaliaikaisen ajantasaisen tilannekuvan helppok\u00e4ytt\u00f6isen ty\u00f6kalun avulla esimerkiksi seuraavissa teht\u00e4viss\u00e4:<\/strong><\/p>\n<ul>\n<li>kentt\u00e4t\u00f6iden hallinta<\/li>\n<li>AMM-lukemien p\u00e4ivitt\u00e4isen tilan seuraaminen k\u00e4ytt\u00f6paikkakohtaisesti<\/li>\n<li>laiteyhteyksien tilan seuranta ja nopea vianm\u00e4\u00e4ritys ongelmatilanteissa<\/li>\n<li>h\u00e4lytykset pienj\u00e4nniteverkon vioista ja tapahtumista<\/li>\n<li>paikan p\u00e4\u00e4ll\u00e4 teht\u00e4vien tarkastusten ja kunnossapitotoimien suorittaminen ja raportointi<\/li>\n<li>lakis\u00e4\u00e4teisten ty\u00f6maatarkastusten aikatauluttaminen ja tarkastusraporttien laatiminen<\/li>\n<li>asiakastiedotus suunnitelluista ja k\u00e4ynniss\u00e4 olevista palvelukatkoista<\/li>\n<li>vikahavaintojen ja -ilmoitusten ker\u00e4\u00e4minen asiakkailta yrityksesi web-sivuston kautta<\/li>\n<\/ul>\n<p>&nbsp;<\/p>\n<hr \/>\n<p>&nbsp;<\/p>\n<h4>Lue, miten Aidon One auttaa asiakkaitamme tehostamaan ty\u00f6nkulkuaan<\/h4>\n<p>Helen S\u00e4hk\u00f6verkko siirsi mittarointit\u00f6iden hallinnan Aidon Oneen<br \/>\n<a href=\"https:\/\/aidon.com\/fi\/helen-sahkoverkko-siirsi-mittarointitoiden-hallinnan-aidon-oneen\/\" target=\"_blank\" rel=\"noopener\">Lue asiakaskertomus<\/a><\/p>\n<p>Vantaan Energia: Aidon One uudisti kentt\u00e4t\u00f6iden hallinnan ja asentajien ajank\u00e4yt\u00f6n<br \/>\n<a href=\"https:\/\/aidon.com\/fi\/aidon-one-uudisti-kenttatoiden-hallinnan-ja-asentajien-ajankayton\/\" target=\"_blank\" rel=\"noopener\">Lue asiakaskertomus<\/a><\/p>\n<p>Porvoon S\u00e4hk\u00f6verkko: Aidon One nopeuttaa vikojen korjausta ja tuo kustannus\u00ads\u00e4\u00e4st\u00f6j\u00e4<br \/>\n<a href=\"https:\/\/aidon.com\/fi\/aidon-one-nopeuttaa-vikojen-korjausta-ja-tuo-kustannussaastoja\/\" target=\"_blank\" rel=\"noopener\">Lue asiakaskertomus<\/a><\/p>\n","protected":false},"excerpt":{"rendered":"<p>Aidon One on tehokas ja helppok\u00e4ytt\u00f6inen SaaS-ratkaisu kentt\u00e4t\u00f6iden, s\u00e4hk\u00f6verkon, AMM-k\u00e4ytt\u00f6paikkojen ja kommunikaatioyhteyksien sek\u00e4 asiakaspalvelun hallintaan. Aidon One on suunniteltu ja optimoitu energianjakeluyhti\u00f6iden tarpeisiin. Se sopii hyvin my\u00f6s muille yrityksille, joilla on tarve kentt\u00e4ty\u00f6prosessien saumattomaan hallintaan, kuten asennus- ja huoltoyhti\u00f6ille. Mobiilik\u00e4ytt\u00f6\u00f6n suunniteltu karttapohjaisella k\u00e4ytt\u00f6liittym\u00e4ll\u00e4 varustettu Aidon One on ihanteellinen mobiililaitteella k\u00e4ytett\u00e4v\u00e4&hellip;<\/p>\n","protected":false},"author":2,"featured_media":440,"parent":590,"menu_order":6,"comment_status":"closed","ping_status":"closed","template":"page-single-solutions.php","meta":{"_acf_changed":false,"footnotes":""},"class_list":["post-2598","page","type-page","status-publish","has-post-thumbnail","hentry"],"acf":[],"yoast_head":"<!-- This site is optimized with the Yoast SEO plugin v27.0 - https:\/\/yoast.com\/product\/yoast-seo-wordpress\/ -->\n<title>Kentt\u00e4ty\u00f6&shy;prosessien hallintaratkaisu - Aidon<\/title>\n<meta name=\"robots\" content=\"index, follow, max-snippet:-1, max-image-preview:large, max-video-preview:-1\" \/>\n<link rel=\"canonical\" href=\"https:\/\/aidon.com\/fi\/ratkaisut\/aidon-one\/\" \/>\n<meta property=\"og:locale\" content=\"fi_FI\" \/>\n<meta property=\"og:type\" content=\"article\" \/>\n<meta property=\"og:title\" content=\"Kentt\u00e4ty\u00f6&shy;prosessien hallintaratkaisu - Aidon\" \/>\n<meta property=\"og:description\" content=\"Aidon One on tehokas ja helppok\u00e4ytt\u00f6inen SaaS-ratkaisu kentt\u00e4t\u00f6iden, s\u00e4hk\u00f6verkon, AMM-k\u00e4ytt\u00f6paikkojen ja kommunikaatioyhteyksien sek\u00e4 asiakaspalvelun hallintaan. Aidon One on suunniteltu ja optimoitu energianjakeluyhti\u00f6iden tarpeisiin. Se sopii hyvin my\u00f6s muille yrityksille, joilla on tarve kentt\u00e4ty\u00f6prosessien saumattomaan hallintaan, kuten asennus- ja huoltoyhti\u00f6ille. Mobiilik\u00e4ytt\u00f6\u00f6n suunniteltu karttapohjaisella k\u00e4ytt\u00f6liittym\u00e4ll\u00e4 varustettu Aidon One on ihanteellinen mobiililaitteella k\u00e4ytett\u00e4v\u00e4&hellip;\" \/>\n<meta property=\"og:url\" content=\"https:\/\/aidon.com\/fi\/ratkaisut\/aidon-one\/\" \/>\n<meta property=\"og:site_name\" content=\"Aidon\" \/>\n<meta property=\"article:modified_time\" content=\"2023-02-08T19:00:32+00:00\" \/>\n<meta property=\"og:image\" content=\"https:\/\/aidon.com\/wp-content\/uploads\/2022\/08\/aidonone-1.png\" \/>\n\t<meta property=\"og:image:width\" content=\"397\" \/>\n\t<meta property=\"og:image:height\" content=\"397\" \/>\n\t<meta property=\"og:image:type\" content=\"image\/png\" \/>\n<meta name=\"twitter:card\" content=\"summary_large_image\" \/>\n<meta name=\"twitter:label1\" content=\"Arvioitu lukuaika\" \/>\n\t<meta name=\"twitter:data1\" content=\"2 minuuttia\" \/>\n<script type=\"application\/ld+json\" class=\"yoast-schema-graph\">{\"@context\":\"https:\/\/schema.org\",\"@graph\":[{\"@type\":\"WebPage\",\"@id\":\"https:\/\/aidon.com\/fi\/ratkaisut\/aidon-one\/\",\"url\":\"https:\/\/aidon.com\/fi\/ratkaisut\/aidon-one\/\",\"name\":\"Kentt\u00e4ty\u00f6&shy;prosessien hallintaratkaisu - Aidon\",\"isPartOf\":{\"@id\":\"https:\/\/aidon.com\/fi\/#website\"},\"primaryImageOfPage\":{\"@id\":\"https:\/\/aidon.com\/fi\/ratkaisut\/aidon-one\/#primaryimage\"},\"image\":{\"@id\":\"https:\/\/aidon.com\/fi\/ratkaisut\/aidon-one\/#primaryimage\"},\"thumbnailUrl\":\"https:\/\/aidon.com\/wp-content\/uploads\/2022\/08\/aidonone-1.png\",\"datePublished\":\"2022-08-12T12:06:09+00:00\",\"dateModified\":\"2023-02-08T19:00:32+00:00\",\"breadcrumb\":{\"@id\":\"https:\/\/aidon.com\/fi\/ratkaisut\/aidon-one\/#breadcrumb\"},\"inLanguage\":\"fi\",\"potentialAction\":[{\"@type\":\"ReadAction\",\"target\":[\"https:\/\/aidon.com\/fi\/ratkaisut\/aidon-one\/\"]}]},{\"@type\":\"ImageObject\",\"inLanguage\":\"fi\",\"@id\":\"https:\/\/aidon.com\/fi\/ratkaisut\/aidon-one\/#primaryimage\",\"url\":\"https:\/\/aidon.com\/wp-content\/uploads\/2022\/08\/aidonone-1.png\",\"contentUrl\":\"https:\/\/aidon.com\/wp-content\/uploads\/2022\/08\/aidonone-1.png\",\"width\":397,\"height\":397},{\"@type\":\"BreadcrumbList\",\"@id\":\"https:\/\/aidon.com\/fi\/ratkaisut\/aidon-one\/#breadcrumb\",\"itemListElement\":[{\"@type\":\"ListItem\",\"position\":1,\"name\":\"Ratkaisut\",\"item\":\"https:\/\/aidon.com\/fi\/ratkaisut\/\"},{\"@type\":\"ListItem\",\"position\":2,\"name\":\"Kentt\u00e4ty\u00f6&shy;prosessien hallintaratkaisu\"}]},{\"@type\":\"WebSite\",\"@id\":\"https:\/\/aidon.com\/fi\/#website\",\"url\":\"https:\/\/aidon.com\/fi\/\",\"name\":\"Aidon\",\"description\":\"\",\"potentialAction\":[{\"@type\":\"SearchAction\",\"target\":{\"@type\":\"EntryPoint\",\"urlTemplate\":\"https:\/\/aidon.com\/fi\/?s={search_term_string}\"},\"query-input\":{\"@type\":\"PropertyValueSpecification\",\"valueRequired\":true,\"valueName\":\"search_term_string\"}}],\"inLanguage\":\"fi\"}]}<\/script>\n<!-- \/ Yoast SEO plugin. -->","yoast_head_json":{"title":"Kentt\u00e4ty\u00f6&shy;prosessien hallintaratkaisu - Aidon","robots":{"index":"index","follow":"follow","max-snippet":"max-snippet:-1","max-image-preview":"max-image-preview:large","max-video-preview":"max-video-preview:-1"},"canonical":"https:\/\/aidon.com\/fi\/ratkaisut\/aidon-one\/","og_locale":"fi_FI","og_type":"article","og_title":"Kentt\u00e4ty\u00f6&shy;prosessien hallintaratkaisu - Aidon","og_description":"Aidon One on tehokas ja helppok\u00e4ytt\u00f6inen SaaS-ratkaisu kentt\u00e4t\u00f6iden, s\u00e4hk\u00f6verkon, AMM-k\u00e4ytt\u00f6paikkojen ja kommunikaatioyhteyksien sek\u00e4 asiakaspalvelun hallintaan. Aidon One on suunniteltu ja optimoitu energianjakeluyhti\u00f6iden tarpeisiin. Se sopii hyvin my\u00f6s muille yrityksille, joilla on tarve kentt\u00e4ty\u00f6prosessien saumattomaan hallintaan, kuten asennus- ja huoltoyhti\u00f6ille. Mobiilik\u00e4ytt\u00f6\u00f6n suunniteltu karttapohjaisella k\u00e4ytt\u00f6liittym\u00e4ll\u00e4 varustettu Aidon One on ihanteellinen mobiililaitteella k\u00e4ytett\u00e4v\u00e4&hellip;","og_url":"https:\/\/aidon.com\/fi\/ratkaisut\/aidon-one\/","og_site_name":"Aidon","article_modified_time":"2023-02-08T19:00:32+00:00","og_image":[{"width":397,"height":397,"url":"https:\/\/aidon.com\/wp-content\/uploads\/2022\/08\/aidonone-1.png","type":"image\/png"}],"twitter_card":"summary_large_image","twitter_misc":{"Arvioitu lukuaika":"2 minuuttia"},"schema":{"@context":"https:\/\/schema.org","@graph":[{"@type":"WebPage","@id":"https:\/\/aidon.com\/fi\/ratkaisut\/aidon-one\/","url":"https:\/\/aidon.com\/fi\/ratkaisut\/aidon-one\/","name":"Kentt\u00e4ty\u00f6&shy;prosessien hallintaratkaisu - Aidon","isPartOf":{"@id":"https:\/\/aidon.com\/fi\/#website"},"primaryImageOfPage":{"@id":"https:\/\/aidon.com\/fi\/ratkaisut\/aidon-one\/#primaryimage"},"image":{"@id":"https:\/\/aidon.com\/fi\/ratkaisut\/aidon-one\/#primaryimage"},"thumbnailUrl":"https:\/\/aidon.com\/wp-content\/uploads\/2022\/08\/aidonone-1.png","datePublished":"2022-08-12T12:06:09+00:00","dateModified":"2023-02-08T19:00:32+00:00","breadcrumb":{"@id":"https:\/\/aidon.com\/fi\/ratkaisut\/aidon-one\/#breadcrumb"},"inLanguage":"fi","potentialAction":[{"@type":"ReadAction","target":["https:\/\/aidon.com\/fi\/ratkaisut\/aidon-one\/"]}]},{"@type":"ImageObject","inLanguage":"fi","@id":"https:\/\/aidon.com\/fi\/ratkaisut\/aidon-one\/#primaryimage","url":"https:\/\/aidon.com\/wp-content\/uploads\/2022\/08\/aidonone-1.png","contentUrl":"https:\/\/aidon.com\/wp-content\/uploads\/2022\/08\/aidonone-1.png","width":397,"height":397},{"@type":"BreadcrumbList","@id":"https:\/\/aidon.com\/fi\/ratkaisut\/aidon-one\/#breadcrumb","itemListElement":[{"@type":"ListItem","position":1,"name":"Ratkaisut","item":"https:\/\/aidon.com\/fi\/ratkaisut\/"},{"@type":"ListItem","position":2,"name":"Kentt\u00e4ty\u00f6&shy;prosessien hallintaratkaisu"}]},{"@type":"WebSite","@id":"https:\/\/aidon.com\/fi\/#website","url":"https:\/\/aidon.com\/fi\/","name":"Aidon","description":"","potentialAction":[{"@type":"SearchAction","target":{"@type":"EntryPoint","urlTemplate":"https:\/\/aidon.com\/fi\/?s={search_term_string}"},"query-input":{"@type":"PropertyValueSpecification","valueRequired":true,"valueName":"search_term_string"}}],"inLanguage":"fi"}]}},"_links":{"self":[{"href":"https:\/\/aidon.com\/fi\/wp-json\/wp\/v2\/pages\/2598","targetHints":{"allow":["GET"]}}],"collection":[{"href":"https:\/\/aidon.com\/fi\/wp-json\/wp\/v2\/pages"}],"about":[{"href":"https:\/\/aidon.com\/fi\/wp-json\/wp\/v2\/types\/page"}],"author":[{"embeddable":true,"href":"https:\/\/aidon.com\/fi\/wp-json\/wp\/v2\/users\/2"}],"replies":[{"embeddable":true,"href":"https:\/\/aidon.com\/fi\/wp-json\/wp\/v2\/comments?post=2598"}],"version-history":[{"count":30,"href":"https:\/\/aidon.com\/fi\/wp-json\/wp\/v2\/pages\/2598\/revisions"}],"predecessor-version":[{"id":6823,"href":"https:\/\/aidon.com\/fi\/wp-json\/wp\/v2\/pages\/2598\/revisions\/6823"}],"up":[{"embeddable":true,"href":"https:\/\/aidon.com\/fi\/wp-json\/wp\/v2\/pages\/590"}],"wp:featuredmedia":[{"embeddable":true,"href":"https:\/\/aidon.com\/fi\/wp-json\/wp\/v2\/media\/440"}],"wp:attachment":[{"href":"https:\/\/aidon.com\/fi\/wp-json\/wp\/v2\/media?parent=2598"}],"curies":[{"name":"wp","href":"https:\/\/api.w.org\/{rel}","templated":true}]}}