{"id":2596,"date":"2022-08-12T12:05:47","date_gmt":"2022-08-12T09:05:47","guid":{"rendered":"https:\/\/aidon.com\/?page_id=2596"},"modified":"2025-08-15T15:49:25","modified_gmt":"2025-08-15T12:49:25","slug":"smart-grid-intelligence","status":"publish","type":"page","link":"https:\/\/aidon.com\/fi\/ratkaisut\/smart-grid-intelligence\/","title":{"rendered":"Smart Grid intelligence"},"content":{"rendered":"<p><img loading=\"lazy\" decoding=\"async\" class=\"alignnone wp-image-6437 size-full\" src=\"https:\/\/aidon.com\/wp-content\/uploads\/2023\/02\/Aidon_Smart_Grid_Intelligence_web_900.png\" alt=\"\" width=\"900\" height=\"368\" srcset=\"https:\/\/aidon.com\/wp-content\/uploads\/2023\/02\/Aidon_Smart_Grid_Intelligence_web_900.png 900w, https:\/\/aidon.com\/wp-content\/uploads\/2023\/02\/Aidon_Smart_Grid_Intelligence_web_900-300x123.png 300w, https:\/\/aidon.com\/wp-content\/uploads\/2023\/02\/Aidon_Smart_Grid_Intelligence_web_900-768x314.png 768w\" sizes=\"auto, (max-width: 900px) 100vw, 900px\" \/><\/p>\n<p><strong>Jakeluverkkoyhti\u00f6iden ensisijainen teht\u00e4v\u00e4 on varmistaa h\u00e4iri\u00f6t\u00f6n s\u00e4hk\u00f6njakelu asiakkailleen. Aidonin et\u00e4luentaj\u00e4rjestelm\u00e4\u00e4n pohjautuvat Smart Grid Intelligence -ratkaisut tarjoavat t\u00e4h\u00e4n ainutlaatuisen ja kustannustehokkaan apukeinon. Sit\u00e4 hy\u00f6dynt\u00e4en verkkoyhti\u00f6t saavat jakeluverkon tilasta tarkan kuvan avuksi verkonhallintaan ja esimerkiksi kunnossapitoteht\u00e4vien suunnitteluun.<\/strong><\/p>\n<p>Smart Grid Intelligence -toiminnallisuutta voidaan hy\u00f6dynt\u00e4\u00e4 kolmella tasolla:<\/p>\n<ol>\n<li>Ennakoiva valvonta: j\u00e4nnitteen laadun tarkkailu ja ennaltaehk\u00e4isev\u00e4 kunnossapito<\/li>\n<li>Reaktiivinen valvonta: v\u00e4litt\u00f6mi\u00e4 toimenpiteit\u00e4 vaativat reaaliaikah\u00e4lytykset<\/li>\n<li>Analysointi: tiedon tarkempi tarkastelu ja ongelmanratkaisu<\/li>\n<\/ol>\n<p>N\u00e4m\u00e4 yhdess\u00e4 tarjoavat kattavan verkonhallintaratkaisun, joka hy\u00f6dynt\u00e4\u00e4 <strong>mittauslaitteistojen korkeaa n\u00e4ytteenottotaajuutta, \u00e4lykk\u00e4it\u00e4 verkonhallinta-algoritmeja<\/strong> ja <strong>uusimpia IoT-tiedonsiirtoteknologioita<\/strong>.<\/p>\n<h4>Koteihin asennetut \u00e4lykk\u00e4\u00e4t anturit<\/h4>\n<p>Jokaiseen taloon asennetut mittauslaitteistot toimivat \u00e4lykk\u00e4in\u00e4 antureina, jotka tuottavat tietoa k\u00e4ytt\u00f6paikan tilanteesta. Esimerkkej\u00e4 t\u00e4llaisesta informaatiosta ovat j\u00e4nnitteen laadun vaihtelut sek\u00e4 yksityiskohdat vioista tai h\u00e4iri\u00f6ist\u00e4, jotka voivat johtua viallisesta s\u00e4hk\u00f6nsy\u00f6t\u00f6st\u00e4 tai viallisista asennuksista. Antureiden \u00e4lykk\u00e4\u00e4t verkonhallinta-algoritmit hy\u00f6dynt\u00e4v\u00e4t korkealla n\u00e4ytteenottotaajuudella ker\u00e4tty\u00e4 dataa, josta on mahdollista muodostaa tarkka kuva s\u00e4hk\u00f6n toimitustilanteesta. Havaittuaan vian tai tilanteen, jossa sellaisen ilmeneminen on todenn\u00e4k\u00f6ist\u00e4, n\u00e4m\u00e4 edge-algoritmit voivat k\u00e4ynnist\u00e4\u00e4 automaattiset h\u00e4lytysviestit. N\u00e4in jakeluverkkoyhti\u00f6n huoltotiimi pystyy paikantamaan ongelman nopeasti ja k\u00e4ynnist\u00e4m\u00e4\u00e4n korjaavat toimet v\u00e4litt\u00f6m\u00e4sti mahdollisten onnettomuuksien ja lis\u00e4vahinkojen minimoimiseksi.<\/p>\n<h4>Muuntamovalvonnalla laajempi kuva<\/h4>\n<p>Edistyksellisen muuntamovalvontaratkaisumme avulla verkkoyhti\u00f6 saa kokonaistilannekuvan pienj\u00e4nniteverkosta niin s\u00e4hk\u00f6njakelun laadun, m\u00e4\u00e4r\u00e4n kuin kustannusten osalta. Muuntamoille asennetut \u00e4lykk\u00e4\u00e4t mittauslaitteistot pystyv\u00e4t mittaus- ja analytiikkatoiminnallisuuden lis\u00e4ksi tuottamaan tietoa muuntamon tilasta. Esimerkiksi uudistuvien energianl\u00e4hteiden kuten tuuli- ja aurinkovoiman my\u00f6t\u00e4 lis\u00e4\u00e4ntyv\u00e4n mikrotuotannon hallinta asettaa uusia vaatimuksia muuntamon alapuolisen jakeluverkon toiminnalle. Yksitt\u00e4isist\u00e4 kulutuspisteist\u00e4 ja muuntoasemilta saatavan mittaustiedon yhdist\u00e4minen ja hy\u00f6dynt\u00e4minen mahdollistaa tehokkaan verkonhallinnan sek\u00e4 p\u00e4ivitt\u00e4isess\u00e4 ty\u00f6ss\u00e4 ett\u00e4 pidemm\u00e4ll\u00e4 aikav\u00e4lill\u00e4.<\/p>\n<p>Lue my\u00f6s: <strong><a href=\"https:\/\/aidon.com\/fi\/solutions\/smart-energy-devices\/#fmd\">Aidon Feeder Line Measurement Device<\/a><\/strong><\/p>\n<p>Katso my\u00f6s esittelyvideo: <a href=\"https:\/\/aidon.com\/fi\/aidonin-trafo-ratkaisu-uutta-nakyvyytta-pienjanniteverkkoosi\/\" rel=\"noopener\"><strong>Aidonin TRAFO-ratkaisu \u2013 Uutta n\u00e4kyvyytt\u00e4 pienj\u00e4nniteverkkoosi<\/strong><\/a><\/p>\n<h4>Kustannuss\u00e4\u00e4st\u00f6j\u00e4 p\u00e4ivitt\u00e4iseen ty\u00f6h\u00f6n<\/h4>\n<p>Smart Grid Intelligence -toiminnallisuuden hy\u00f6dyt tuovat nopeasti kustannuss\u00e4\u00e4st\u00f6j\u00e4 verkkoyhti\u00f6n asiakaspalvelulle. Vikojen ehk\u00e4isyyn ja korjaamiseen sek\u00e4 verkkoh\u00e4iri\u00f6ihin reagoimiseen liittyv\u00e4t teht\u00e4v\u00e4t hoituvat huomattavasti tehokkaammin, kun vianetsint\u00e4\u00e4n ja korjaust\u00f6ihin kuluu v\u00e4hemm\u00e4n aikaa. Vikojen varhaisen tunnistamisen ja tilastollisten analytiikkamenetelmien ansiosta osa vioista voidaan ehk\u00e4ist\u00e4 kokonaan. Ratkaisussa k\u00e4ytett\u00e4v\u00e4t nykyaikaiset IoT-teknologiat takaavat, ett\u00e4 valvontatieto v\u00e4littyy luotettavasti ja oikea-aikaisesti. Parhaimmillaan verkossa tai asiakkaan kohteessa oleva vika voidaan korjata ennen kuin asiakas edes huomaa sit\u00e4. S\u00e4hk\u00f6njakelun keskeytysten minimointi tarkoittaa my\u00f6s merkitt\u00e4vi\u00e4 s\u00e4\u00e4st\u00f6j\u00e4 asiakkaille maksettavissa korvauksissa.<\/p>\n<h4>Parempaa pitk\u00e4n aikav\u00e4lin tehokkuutta<\/h4>\n<p>Hyv\u00e4 kokonaiskuva jakeluverkon resursseista on verkkotoiminnan tehokkuuden kannalta v\u00e4ltt\u00e4m\u00e4t\u00f6n. J\u00e4nnitetasojen ja muiden jakeluverkon parametrien seuranta muuntoasemilla ja koko linjan pituudelta aina viimeiseen k\u00e4ytt\u00f6paikkaan asti paljastaa mahdolliset jakelun laatupoikkeamat ja niiden syyt ilman investointia erillisiin, kalliisiin laatumittaukseen tarkoitettuihin laitteistoihin. Lis\u00e4ksi muuntamovalvonta antaa tietoa mahdollisesta verkon ylikuormituksesta, mik\u00e4 ilman toimenpiteit\u00e4 johtaa jakeluverkon laitteistojen ennenaikaiseen kulumiseen ja nopeutuvaan vikaantumiseen. Muuntamovalvonnasta ja kotitalouksien \u00e4lymittareilta saatava tieto auttaa huoltot\u00f6iden suunnittelussa ja uusien verkkoinvestointien kohdentamisessa parantaen samalla verkon yleist\u00e4 suorituskyky\u00e4 ja turvallisuutta.<\/p>\n<p>Muuntamolta ja kotitalouksilta ker\u00e4tty\u00e4 mittaustietoa vertaamalla verkkoyhti\u00f6n on mahdollista muodostaa selke\u00e4 kuva siit\u00e4, kuinka suuri osa toimitetusta s\u00e4hk\u00f6st\u00e4 h\u00e4vi\u00e4\u00e4 jakelun aikana. Laskuttamatta j\u00e4\u00e4nyt energia v\u00e4hent\u00e4\u00e4 verkkoyhti\u00f6n tuloja. Verkostoh\u00e4vi\u00f6n aiheuttajien tunnistaminen &#8211; olipa kyse kytkent\u00e4virheest\u00e4, s\u00e4hk\u00f6varkaudesta tai jostain muusta \u2013 ja eliminointi tuottaa siten jakeluverkkoyhti\u00f6lle merkitt\u00e4vi\u00e4 kustannuss\u00e4\u00e4st\u00f6j\u00e4.<\/p>\n<p>&nbsp;<\/p>\n<h4>Tutustu Aidonin TRAFO-ratkaisuun yksityiskohtaisemmin t\u00e4m\u00e4n interaktiivisen demon kautta<\/h4>\n<!-- imagelinks begin -->\n<div id=\"imgl-12-5st9t\" class=\"imgl-map imgl-map-12 \"data-json-src=\"https:\/\/aidon.com\/wp-content\/uploads\/imagelinks\/12\/config.json?ver=\" data-item-id=\"12\" style=\"display:none;\" >\n<div class=\"imgl-store\">\n<div class=\"imgl-pin imgl-pin-1\" data-id=\"1\">\n<div class=\"imgl-pin-pulse\"><\/div>\n<div class=\"imgl-pin-data\">\n<\/div>\n<\/div>\n<div class=\"imgl-pin imgl-pin-2\" data-id=\"2\">\n<div class=\"imgl-pin-pulse\"><\/div>\n<div class=\"imgl-pin-data\">\n<\/div>\n<\/div>\n<div class=\"imgl-pin imgl-pin-3\" data-id=\"3\">\n<div class=\"imgl-pin-pulse\"><\/div>\n<div class=\"imgl-pin-data\">\n<\/div>\n<\/div>\n<div class=\"imgl-pin imgl-pin-4\" data-id=\"4\">\n<div class=\"imgl-pin-pulse\"><\/div>\n<div class=\"imgl-pin-data\">\n<\/div>\n<\/div>\n<div class=\"imgl-pin imgl-pin-5\" data-id=\"5\">\n<div class=\"imgl-pin-pulse\"><\/div>\n<div class=\"imgl-pin-data\">\n<\/div>\n<\/div>\n<div class=\"imgl-pin imgl-pin-6\" data-id=\"6\">\n<div class=\"imgl-pin-pulse\"><\/div>\n<div class=\"imgl-pin-data\">\n<\/div>\n<\/div>\n<div class=\"imgl-pin imgl-pin-7\" data-id=\"7\">\n<div class=\"imgl-pin-pulse\"><\/div>\n<div class=\"imgl-pin-data\">\n<\/div>\n<\/div>\n<div class=\"imgl-pin imgl-pin-8\" data-id=\"8\">\n<div class=\"imgl-pin-pulse\"><\/div>\n<div class=\"imgl-pin-data\">\n<\/div>\n<\/div>\n<div class=\"imgl-pin imgl-pin-9\" data-id=\"9\">\n<div class=\"imgl-pin-pulse\"><\/div>\n<div class=\"imgl-pin-data\">\n<\/div>\n<\/div>\n<div class=\"imgl-pin imgl-pin-10\" data-id=\"10\">\n<div class=\"imgl-pin-pulse\"><\/div>\n<div class=\"imgl-pin-data\">\n<\/div>\n<\/div>\n<div class=\"imgl-pin imgl-pin-11\" data-id=\"11\">\n<div class=\"imgl-pin-pulse\"><\/div>\n<div class=\"imgl-pin-data\">\n<\/div>\n<\/div>\n<div class=\"imgl-pin imgl-pin-12\" data-id=\"12\">\n<div class=\"imgl-pin-pulse\"><\/div>\n<div class=\"imgl-pin-data\">\n<\/div>\n<\/div>\n<div class=\"imgl-pin imgl-pin-13\" data-id=\"13\">\n<div class=\"imgl-pin-pulse\"><\/div>\n<div class=\"imgl-pin-data\">\n<\/div>\n<\/div>\n<div class=\"imgl-pin imgl-pin-14\" data-id=\"14\">\n<div class=\"imgl-pin-pulse\"><\/div>\n<div class=\"imgl-pin-data\">\n<\/div>\n<\/div>\n<div class=\"imgl-pin imgl-pin-15\" data-id=\"15\">\n<div class=\"imgl-pin-pulse\"><\/div>\n<div class=\"imgl-pin-data\">\n<\/div>\n<\/div>\n<div class=\"imgl-pin imgl-pin-16\" data-id=\"16\">\n<div class=\"imgl-pin-pulse\"><\/div>\n<div class=\"imgl-pin-data\">\n<\/div>\n<\/div>\n<div class=\"imgl-pin imgl-pin-17\" data-id=\"17\">\n<div class=\"imgl-pin-pulse\"><\/div>\n<div class=\"imgl-pin-data\">\n<\/div>\n<\/div>\n<div class=\"imgl-pin imgl-pin-18\" data-id=\"18\">\n<div class=\"imgl-pin-pulse\"><\/div>\n<div class=\"imgl-pin-data\">\n<\/div>\n<\/div>\n<div class=\"imgl-pin imgl-pin-19\" data-id=\"19\">\n<div class=\"imgl-pin-pulse\"><\/div>\n<div class=\"imgl-pin-data\">\n<\/div>\n<\/div>\n<div class=\"imgl-tt imgl-tt-1\" data-id=\"1\" >\n<p class=\"boksi-teksti-wrapper\"><span class=\"boksi-teksti\">Reaaliaikaisia muuntamoh\u00e4lytyksi\u00e4 hy\u00f6dynt\u00e4v\u00e4 saumaton ty\u00f6nkulku<\/span><\/p><\/div>\n<div class=\"imgl-tt imgl-tt-2\" data-id=\"2\" >\n<p class=\"boksi-teksti-wrapper\"><span class=\"boksi-teksti\">Modulaarinen mittauslaite muuntamolle, max 18 johtol\u00e4hd\u00f6lle<\/span><\/p><\/div>\n<div class=\"imgl-tt imgl-tt-3\" data-id=\"3\" >\n<p class=\"boksi-teksti-wrapper\"><span class=\"boksi-teksti\">4 kvadrantin johtol\u00e4ht\u00f6kohtaiset energiasarjat vaiheittain ja yhteens\u00e4<\/span><\/p><\/div>\n<div class=\"imgl-tt imgl-tt-4\" data-id=\"4\" >\n<p class=\"boksi-teksti-wrapper\"><span class=\"boksi-teksti\">Johtol\u00e4ht\u00f6mittaukset<\/span><\/p><\/div>\n<div class=\"imgl-tt imgl-tt-5\" data-id=\"5\" >\n<p class=\"boksi-teksti-wrapper\"><span class=\"boksi-teksti\">Vikailmaisin<\/span><\/p><\/div>\n<div class=\"imgl-tt imgl-tt-6\" data-id=\"6\" >\n<p class=\"boksi-teksti-wrapper\"><span class=\"boksi-teksti\">\u00c4lymittareihin perustuva summamittaus<\/span><\/p><\/div>\n<div class=\"imgl-tt imgl-tt-7\" data-id=\"7\" >\n<p class=\"boksi-teksti-wrapper\"><span class=\"boksi-teksti\">Pienj\u00e4nniteverkon valvonta<\/span><\/p><\/div>\n<div class=\"imgl-tt imgl-tt-8\" data-id=\"8\" >\n<p class=\"boksi-teksti-wrapper\"><span class=\"boksi-teksti\">RS-485-kommunikaatio CT-mittari &amp; Gateway-laitteelle<\/span><\/p><\/div>\n<div class=\"imgl-tt imgl-tt-9\" data-id=\"9\" >\n<p class=\"boksi-teksti-wrapper\"><span class=\"boksi-teksti\">L\u00e4mp\u00f6tila-anturi<\/span><\/p><\/div>\n<div class=\"imgl-tt imgl-tt-10\" data-id=\"10\" >\n<p class=\"boksi-teksti-wrapper\"><span class=\"boksi-teksti\">4 kvadrantin kokonais- ja vaihekohtaisilla mittauksilla varustettu CT-mittari<\/span><\/p><\/div>\n<div class=\"imgl-tt imgl-tt-11\" data-id=\"11\" >\n<p class=\"boksi-teksti-wrapper\"><span class=\"boksi-teksti\">J\u00e4nnitteen laadun mittaus, h\u00e4lytykset ja tilastot (esim. j\u00e4nnite, virta, THD)<\/span><\/p><\/div>\n<div class=\"imgl-tt imgl-tt-12\" data-id=\"12\" >\n<p class=\"boksi-teksti-wrapper\"><span class=\"boksi-teksti\">Luotettava 2G\/4G \u2013yhteys luentaj\u00e4rjeste\u00e4m\u00e4\u00e4n<\/span><\/p><\/div>\n<div class=\"imgl-tt imgl-tt-13\" data-id=\"13\" >\n<p class=\"boksi-teksti-wrapper\"><span class=\"boksi-teksti\">Monik\u00e4ytt\u00f6inen, sensori-liit\u00e4nn\u00f6ill\u00e4 varustettu Aidon IO adapteri muuntamon valvontaan<\/span><\/p><\/div>\n<div class=\"imgl-tt imgl-tt-14\" data-id=\"14\" >\n<p class=\"boksi-teksti-wrapper\"><span class=\"boksi-teksti\">8 digitaalista IO-rajapintaa ja rajapintaa PT100-l\u00e4mp\u00f6tila-anturille<\/span><\/p><\/div>\n<div class=\"imgl-tt imgl-tt-15\" data-id=\"15\" >\n<p class=\"boksi-teksti-wrapper\"><span class=\"boksi-teksti\">Vedenpinta-anturi<\/span><\/p><\/div>\n<div class=\"imgl-tt imgl-tt-16\" data-id=\"16\" >\n<p class=\"boksi-teksti-wrapper\"><span class=\"boksi-teksti\">Jakeluverkon kapasiteetin hallinta ja verkon optimointi<\/span><\/p><\/div>\n<div class=\"imgl-tt imgl-tt-17\" data-id=\"17\" >\n<p class=\"boksi-teksti-wrapper\"><span class=\"boksi-teksti\">Muuntajan ylikuormituksen valvonta<\/span><\/p><\/div>\n<div class=\"imgl-tt imgl-tt-18\" data-id=\"18\" >\n<p class=\"boksi-teksti-wrapper\"><span class=\"boksi-teksti\">Muuntajan ja muuntamon tilan valvonta<\/span><\/p><\/div>\n<div class=\"imgl-tt imgl-tt-19\" data-id=\"19\" >\n<p class=\"boksi-teksti-wrapper\"><span class=\"boksi-teksti\">Ovi auki -sensori<\/span><\/p><\/div>\n<\/div>\n<\/div>\n<!-- imagelinks end -->\n\n<p><img loading=\"lazy\" decoding=\"async\" class=\"size-medium wp-image-5815 alignright\" src=\"https:\/\/aidon.com\/wp-content\/uploads\/2023\/02\/Aidon_solutions_legend_FIN-300x98.png\" alt=\"\" width=\"300\" height=\"98\" srcset=\"https:\/\/aidon.com\/wp-content\/uploads\/2023\/02\/Aidon_solutions_legend_FIN-300x98.png 300w, https:\/\/aidon.com\/wp-content\/uploads\/2023\/02\/Aidon_solutions_legend_FIN.png 427w\" sizes=\"auto, (max-width: 300px) 100vw, 300px\" \/><\/p>\n","protected":false},"excerpt":{"rendered":"<p>Jakeluverkkoyhti\u00f6iden ensisijainen teht\u00e4v\u00e4 on varmistaa h\u00e4iri\u00f6t\u00f6n s\u00e4hk\u00f6njakelu asiakkailleen. Aidonin et\u00e4luentaj\u00e4rjestelm\u00e4\u00e4n pohjautuvat Smart Grid Intelligence -ratkaisut tarjoavat t\u00e4h\u00e4n ainutlaatuisen ja kustannustehokkaan apukeinon. Sit\u00e4 hy\u00f6dynt\u00e4en verkkoyhti\u00f6t saavat jakeluverkon tilasta tarkan kuvan avuksi verkonhallintaan ja esimerkiksi kunnossapitoteht\u00e4vien suunnitteluun. Smart Grid Intelligence -toiminnallisuutta voidaan hy\u00f6dynt\u00e4\u00e4 kolmella tasolla: Ennakoiva valvonta: j\u00e4nnitteen laadun tarkkailu ja ennaltaehk\u00e4isev\u00e4&hellip;<\/p>\n","protected":false},"author":2,"featured_media":1052,"parent":590,"menu_order":5,"comment_status":"closed","ping_status":"closed","template":"page-single-solutions.php","meta":{"_acf_changed":false,"footnotes":""},"class_list":["post-2596","page","type-page","status-publish","has-post-thumbnail","hentry"],"acf":[],"yoast_head":"<!-- This site is optimized with the Yoast SEO plugin v27.0 - https:\/\/yoast.com\/product\/yoast-seo-wordpress\/ -->\n<title>Smart Grid intelligence - Aidon<\/title>\n<meta name=\"robots\" content=\"index, follow, max-snippet:-1, max-image-preview:large, max-video-preview:-1\" \/>\n<link rel=\"canonical\" href=\"https:\/\/aidon.com\/fi\/ratkaisut\/smart-grid-intelligence\/\" \/>\n<meta property=\"og:locale\" content=\"fi_FI\" \/>\n<meta property=\"og:type\" content=\"article\" \/>\n<meta property=\"og:title\" content=\"Smart Grid intelligence - Aidon\" \/>\n<meta property=\"og:description\" content=\"Jakeluverkkoyhti\u00f6iden ensisijainen teht\u00e4v\u00e4 on varmistaa h\u00e4iri\u00f6t\u00f6n s\u00e4hk\u00f6njakelu asiakkailleen. Aidonin et\u00e4luentaj\u00e4rjestelm\u00e4\u00e4n pohjautuvat Smart Grid Intelligence -ratkaisut tarjoavat t\u00e4h\u00e4n ainutlaatuisen ja kustannustehokkaan apukeinon. Sit\u00e4 hy\u00f6dynt\u00e4en verkkoyhti\u00f6t saavat jakeluverkon tilasta tarkan kuvan avuksi verkonhallintaan ja esimerkiksi kunnossapitoteht\u00e4vien suunnitteluun. Smart Grid Intelligence -toiminnallisuutta voidaan hy\u00f6dynt\u00e4\u00e4 kolmella tasolla: Ennakoiva valvonta: j\u00e4nnitteen laadun tarkkailu ja ennaltaehk\u00e4isev\u00e4&hellip;\" \/>\n<meta property=\"og:url\" content=\"https:\/\/aidon.com\/fi\/ratkaisut\/smart-grid-intelligence\/\" \/>\n<meta property=\"og:site_name\" content=\"Aidon\" \/>\n<meta property=\"article:modified_time\" content=\"2025-08-15T12:49:25+00:00\" \/>\n<meta property=\"og:image\" content=\"https:\/\/aidon.com\/wp-content\/uploads\/2022\/09\/smartgrid.png\" \/>\n\t<meta property=\"og:image:width\" content=\"528\" \/>\n\t<meta property=\"og:image:height\" content=\"528\" \/>\n\t<meta property=\"og:image:type\" content=\"image\/png\" \/>\n<meta name=\"twitter:card\" content=\"summary_large_image\" \/>\n<meta name=\"twitter:label1\" content=\"Arvioitu lukuaika\" \/>\n\t<meta name=\"twitter:data1\" content=\"3 minuuttia\" \/>\n<script type=\"application\/ld+json\" class=\"yoast-schema-graph\">{\"@context\":\"https:\/\/schema.org\",\"@graph\":[{\"@type\":\"WebPage\",\"@id\":\"https:\/\/aidon.com\/fi\/ratkaisut\/smart-grid-intelligence\/\",\"url\":\"https:\/\/aidon.com\/fi\/ratkaisut\/smart-grid-intelligence\/\",\"name\":\"Smart Grid intelligence - Aidon\",\"isPartOf\":{\"@id\":\"https:\/\/aidon.com\/fi\/#website\"},\"primaryImageOfPage\":{\"@id\":\"https:\/\/aidon.com\/fi\/ratkaisut\/smart-grid-intelligence\/#primaryimage\"},\"image\":{\"@id\":\"https:\/\/aidon.com\/fi\/ratkaisut\/smart-grid-intelligence\/#primaryimage\"},\"thumbnailUrl\":\"https:\/\/aidon.com\/wp-content\/uploads\/2022\/09\/smartgrid.png\",\"datePublished\":\"2022-08-12T09:05:47+00:00\",\"dateModified\":\"2025-08-15T12:49:25+00:00\",\"breadcrumb\":{\"@id\":\"https:\/\/aidon.com\/fi\/ratkaisut\/smart-grid-intelligence\/#breadcrumb\"},\"inLanguage\":\"fi\",\"potentialAction\":[{\"@type\":\"ReadAction\",\"target\":[\"https:\/\/aidon.com\/fi\/ratkaisut\/smart-grid-intelligence\/\"]}]},{\"@type\":\"ImageObject\",\"inLanguage\":\"fi\",\"@id\":\"https:\/\/aidon.com\/fi\/ratkaisut\/smart-grid-intelligence\/#primaryimage\",\"url\":\"https:\/\/aidon.com\/wp-content\/uploads\/2022\/09\/smartgrid.png\",\"contentUrl\":\"https:\/\/aidon.com\/wp-content\/uploads\/2022\/09\/smartgrid.png\",\"width\":528,\"height\":528},{\"@type\":\"BreadcrumbList\",\"@id\":\"https:\/\/aidon.com\/fi\/ratkaisut\/smart-grid-intelligence\/#breadcrumb\",\"itemListElement\":[{\"@type\":\"ListItem\",\"position\":1,\"name\":\"Ratkaisut\",\"item\":\"https:\/\/aidon.com\/fi\/ratkaisut\/\"},{\"@type\":\"ListItem\",\"position\":2,\"name\":\"Smart Grid intelligence\"}]},{\"@type\":\"WebSite\",\"@id\":\"https:\/\/aidon.com\/fi\/#website\",\"url\":\"https:\/\/aidon.com\/fi\/\",\"name\":\"Aidon\",\"description\":\"\",\"potentialAction\":[{\"@type\":\"SearchAction\",\"target\":{\"@type\":\"EntryPoint\",\"urlTemplate\":\"https:\/\/aidon.com\/fi\/?s={search_term_string}\"},\"query-input\":{\"@type\":\"PropertyValueSpecification\",\"valueRequired\":true,\"valueName\":\"search_term_string\"}}],\"inLanguage\":\"fi\"}]}<\/script>\n<!-- \/ Yoast SEO plugin. -->","yoast_head_json":{"title":"Smart Grid intelligence - Aidon","robots":{"index":"index","follow":"follow","max-snippet":"max-snippet:-1","max-image-preview":"max-image-preview:large","max-video-preview":"max-video-preview:-1"},"canonical":"https:\/\/aidon.com\/fi\/ratkaisut\/smart-grid-intelligence\/","og_locale":"fi_FI","og_type":"article","og_title":"Smart Grid intelligence - Aidon","og_description":"Jakeluverkkoyhti\u00f6iden ensisijainen teht\u00e4v\u00e4 on varmistaa h\u00e4iri\u00f6t\u00f6n s\u00e4hk\u00f6njakelu asiakkailleen. Aidonin et\u00e4luentaj\u00e4rjestelm\u00e4\u00e4n pohjautuvat Smart Grid Intelligence -ratkaisut tarjoavat t\u00e4h\u00e4n ainutlaatuisen ja kustannustehokkaan apukeinon. Sit\u00e4 hy\u00f6dynt\u00e4en verkkoyhti\u00f6t saavat jakeluverkon tilasta tarkan kuvan avuksi verkonhallintaan ja esimerkiksi kunnossapitoteht\u00e4vien suunnitteluun. Smart Grid Intelligence -toiminnallisuutta voidaan hy\u00f6dynt\u00e4\u00e4 kolmella tasolla: Ennakoiva valvonta: j\u00e4nnitteen laadun tarkkailu ja ennaltaehk\u00e4isev\u00e4&hellip;","og_url":"https:\/\/aidon.com\/fi\/ratkaisut\/smart-grid-intelligence\/","og_site_name":"Aidon","article_modified_time":"2025-08-15T12:49:25+00:00","og_image":[{"width":528,"height":528,"url":"https:\/\/aidon.com\/wp-content\/uploads\/2022\/09\/smartgrid.png","type":"image\/png"}],"twitter_card":"summary_large_image","twitter_misc":{"Arvioitu lukuaika":"3 minuuttia"},"schema":{"@context":"https:\/\/schema.org","@graph":[{"@type":"WebPage","@id":"https:\/\/aidon.com\/fi\/ratkaisut\/smart-grid-intelligence\/","url":"https:\/\/aidon.com\/fi\/ratkaisut\/smart-grid-intelligence\/","name":"Smart Grid intelligence - Aidon","isPartOf":{"@id":"https:\/\/aidon.com\/fi\/#website"},"primaryImageOfPage":{"@id":"https:\/\/aidon.com\/fi\/ratkaisut\/smart-grid-intelligence\/#primaryimage"},"image":{"@id":"https:\/\/aidon.com\/fi\/ratkaisut\/smart-grid-intelligence\/#primaryimage"},"thumbnailUrl":"https:\/\/aidon.com\/wp-content\/uploads\/2022\/09\/smartgrid.png","datePublished":"2022-08-12T09:05:47+00:00","dateModified":"2025-08-15T12:49:25+00:00","breadcrumb":{"@id":"https:\/\/aidon.com\/fi\/ratkaisut\/smart-grid-intelligence\/#breadcrumb"},"inLanguage":"fi","potentialAction":[{"@type":"ReadAction","target":["https:\/\/aidon.com\/fi\/ratkaisut\/smart-grid-intelligence\/"]}]},{"@type":"ImageObject","inLanguage":"fi","@id":"https:\/\/aidon.com\/fi\/ratkaisut\/smart-grid-intelligence\/#primaryimage","url":"https:\/\/aidon.com\/wp-content\/uploads\/2022\/09\/smartgrid.png","contentUrl":"https:\/\/aidon.com\/wp-content\/uploads\/2022\/09\/smartgrid.png","width":528,"height":528},{"@type":"BreadcrumbList","@id":"https:\/\/aidon.com\/fi\/ratkaisut\/smart-grid-intelligence\/#breadcrumb","itemListElement":[{"@type":"ListItem","position":1,"name":"Ratkaisut","item":"https:\/\/aidon.com\/fi\/ratkaisut\/"},{"@type":"ListItem","position":2,"name":"Smart Grid intelligence"}]},{"@type":"WebSite","@id":"https:\/\/aidon.com\/fi\/#website","url":"https:\/\/aidon.com\/fi\/","name":"Aidon","description":"","potentialAction":[{"@type":"SearchAction","target":{"@type":"EntryPoint","urlTemplate":"https:\/\/aidon.com\/fi\/?s={search_term_string}"},"query-input":{"@type":"PropertyValueSpecification","valueRequired":true,"valueName":"search_term_string"}}],"inLanguage":"fi"}]}},"_links":{"self":[{"href":"https:\/\/aidon.com\/fi\/wp-json\/wp\/v2\/pages\/2596","targetHints":{"allow":["GET"]}}],"collection":[{"href":"https:\/\/aidon.com\/fi\/wp-json\/wp\/v2\/pages"}],"about":[{"href":"https:\/\/aidon.com\/fi\/wp-json\/wp\/v2\/types\/page"}],"author":[{"embeddable":true,"href":"https:\/\/aidon.com\/fi\/wp-json\/wp\/v2\/users\/2"}],"replies":[{"embeddable":true,"href":"https:\/\/aidon.com\/fi\/wp-json\/wp\/v2\/comments?post=2596"}],"version-history":[{"count":23,"href":"https:\/\/aidon.com\/fi\/wp-json\/wp\/v2\/pages\/2596\/revisions"}],"predecessor-version":[{"id":17351,"href":"https:\/\/aidon.com\/fi\/wp-json\/wp\/v2\/pages\/2596\/revisions\/17351"}],"up":[{"embeddable":true,"href":"https:\/\/aidon.com\/fi\/wp-json\/wp\/v2\/pages\/590"}],"wp:featuredmedia":[{"embeddable":true,"href":"https:\/\/aidon.com\/fi\/wp-json\/wp\/v2\/media\/1052"}],"wp:attachment":[{"href":"https:\/\/aidon.com\/fi\/wp-json\/wp\/v2\/media?parent=2596"}],"curies":[{"name":"wp","href":"https:\/\/api.w.org\/{rel}","templated":true}]}}