{"id":2594,"date":"2022-08-12T12:05:16","date_gmt":"2022-08-12T12:05:16","guid":{"rendered":"https:\/\/aidon.com\/?page_id=2594"},"modified":"2023-02-06T13:02:37","modified_gmt":"2023-02-06T13:02:37","slug":"asiantuntijapalvelut","status":"publish","type":"page","link":"https:\/\/aidon.com\/fi\/ratkaisut\/asiantuntijapalvelut\/","title":{"rendered":"Asiantuntija&shy;palvelut"},"content":{"rendered":"<p><img loading=\"lazy\" decoding=\"async\" class=\"alignnone wp-image-6432 size-full\" src=\"https:\/\/aidon.com\/wp-content\/uploads\/2023\/02\/Aidon_Expert_services_web_900.png\" alt=\"\" width=\"900\" height=\"249\" srcset=\"https:\/\/aidon.com\/wp-content\/uploads\/2023\/02\/Aidon_Expert_services_web_900.png 900w, https:\/\/aidon.com\/wp-content\/uploads\/2023\/02\/Aidon_Expert_services_web_900-300x83.png 300w, https:\/\/aidon.com\/wp-content\/uploads\/2023\/02\/Aidon_Expert_services_web_900-768x212.png 768w\" sizes=\"auto, (max-width: 900px) 100vw, 900px\" \/><\/p>\n<p><strong>Asiantuntijapalvelumme ovat asiakkaidemme tukena tuotteidemme k\u00e4yt\u00f6ss\u00e4 ja yll\u00e4pidossa sek\u00e4 ongelmanratkaisussa koko niiden elinkaaren ajan.<\/strong><\/p>\n<p><strong>Service Desk <\/strong>palvelee asiakkaitamme p\u00e4ivitt\u00e4isiss\u00e4 kysymyksiss\u00e4 ja ongelmanratkaisussa. Aidonin tuotteiden ja ratkaisujen sek\u00e4 asiakkaiden erilaisten j\u00e4rjestelm\u00e4ymp\u00e4rist\u00f6jen vahvan tuntemuksen ansiosta Service Desk pystyy tarjoamaan asiantuntija-apua ja tehokasta tukea asiakaspalvelusopimuksen mukaisesti.<\/p>\n<p><strong>Koulutukset<\/strong>\u00a0varmistavat asiakkaille ratkaisujemme k\u00e4ytt\u00f6\u00f6n ja yll\u00e4pitoon tarvittavan osaamisen. Koulutustarjontamme sis\u00e4lt\u00e4\u00e4 sek\u00e4 j\u00e4rjestelmiin ett\u00e4 laitteisiin keskittyvi\u00e4, kaikille asiakkaille avoimia Aidonin j\u00e4rjest\u00e4mi\u00e4 koulutuksia sek\u00e4 asiakaskohtaisia, tarvittaessa r\u00e4\u00e4t\u00e4l\u00f6ityj\u00e4 koulutuksia.<\/p>\n<p><strong>Projektinhallinta- ja konsultaatiopalvelut<\/strong> tuovat kokeneiden ammattilaistemme asiantuntemuksen asiakkaidemme k\u00e4ytt\u00f6\u00f6n yhteisesti sovittavalla tavalla ja laajuudella. Palvelut ovat k\u00e4ytett\u00e4viss\u00e4 niin laajamittaisiin j\u00e4rjestelm\u00e4n roll-out- ja k\u00e4ytt\u00f6\u00f6nottoprojekteihin, pienempiin p\u00e4ivitys- tai integraatioprojekteihin kuin my\u00f6s erityisosaamista vaativiin toimeksiantoihin.<\/p>\n","protected":false},"excerpt":{"rendered":"<p>Asiantuntijapalvelumme ovat asiakkaidemme tukena tuotteidemme k\u00e4yt\u00f6ss\u00e4 ja yll\u00e4pidossa sek\u00e4 ongelmanratkaisussa koko niiden elinkaaren ajan. Service Desk palvelee asiakkaitamme p\u00e4ivitt\u00e4isiss\u00e4 kysymyksiss\u00e4 ja ongelmanratkaisussa. Aidonin tuotteiden ja ratkaisujen sek\u00e4 asiakkaiden erilaisten j\u00e4rjestelm\u00e4ymp\u00e4rist\u00f6jen vahvan tuntemuksen ansiosta Service Desk pystyy tarjoamaan asiantuntija-apua ja tehokasta tukea asiakaspalvelusopimuksen mukaisesti. Koulutukset\u00a0varmistavat asiakkaille ratkaisujemme k\u00e4ytt\u00f6\u00f6n ja yll\u00e4pitoon tarvittavan&hellip;<\/p>\n","protected":false},"author":2,"featured_media":431,"parent":590,"menu_order":4,"comment_status":"closed","ping_status":"closed","template":"page-single-solutions.php","meta":{"_acf_changed":false,"footnotes":""},"class_list":["post-2594","page","type-page","status-publish","has-post-thumbnail","hentry"],"acf":[],"yoast_head":"<!-- This site is optimized with the Yoast SEO plugin v27.0 - https:\/\/yoast.com\/product\/yoast-seo-wordpress\/ -->\n<title>Asiantuntija&shy;palvelut - Aidon<\/title>\n<meta name=\"robots\" content=\"index, follow, max-snippet:-1, max-image-preview:large, max-video-preview:-1\" \/>\n<link rel=\"canonical\" href=\"https:\/\/aidon.com\/fi\/ratkaisut\/asiantuntijapalvelut\/\" \/>\n<meta property=\"og:locale\" content=\"fi_FI\" \/>\n<meta property=\"og:type\" content=\"article\" \/>\n<meta property=\"og:title\" content=\"Asiantuntija&shy;palvelut - Aidon\" \/>\n<meta property=\"og:description\" content=\"Asiantuntijapalvelumme ovat asiakkaidemme tukena tuotteidemme k\u00e4yt\u00f6ss\u00e4 ja yll\u00e4pidossa sek\u00e4 ongelmanratkaisussa koko niiden elinkaaren ajan. Service Desk palvelee asiakkaitamme p\u00e4ivitt\u00e4isiss\u00e4 kysymyksiss\u00e4 ja ongelmanratkaisussa. Aidonin tuotteiden ja ratkaisujen sek\u00e4 asiakkaiden erilaisten j\u00e4rjestelm\u00e4ymp\u00e4rist\u00f6jen vahvan tuntemuksen ansiosta Service Desk pystyy tarjoamaan asiantuntija-apua ja tehokasta tukea asiakaspalvelusopimuksen mukaisesti. Koulutukset\u00a0varmistavat asiakkaille ratkaisujemme k\u00e4ytt\u00f6\u00f6n ja yll\u00e4pitoon tarvittavan&hellip;\" \/>\n<meta property=\"og:url\" content=\"https:\/\/aidon.com\/fi\/ratkaisut\/asiantuntijapalvelut\/\" \/>\n<meta property=\"og:site_name\" content=\"Aidon\" \/>\n<meta property=\"article:modified_time\" content=\"2023-02-06T13:02:37+00:00\" \/>\n<meta property=\"og:image\" content=\"https:\/\/aidon.com\/wp-content\/uploads\/2022\/08\/expert.png\" \/>\n\t<meta property=\"og:image:width\" content=\"397\" \/>\n\t<meta property=\"og:image:height\" content=\"397\" \/>\n\t<meta property=\"og:image:type\" content=\"image\/png\" \/>\n<meta name=\"twitter:card\" content=\"summary_large_image\" \/>\n<meta name=\"twitter:label1\" content=\"Arvioitu lukuaika\" \/>\n\t<meta name=\"twitter:data1\" content=\"1 minuutti\" \/>\n<script type=\"application\/ld+json\" class=\"yoast-schema-graph\">{\"@context\":\"https:\/\/schema.org\",\"@graph\":[{\"@type\":\"WebPage\",\"@id\":\"https:\/\/aidon.com\/fi\/ratkaisut\/asiantuntijapalvelut\/\",\"url\":\"https:\/\/aidon.com\/fi\/ratkaisut\/asiantuntijapalvelut\/\",\"name\":\"Asiantuntija&shy;palvelut - Aidon\",\"isPartOf\":{\"@id\":\"https:\/\/aidon.com\/fi\/#website\"},\"primaryImageOfPage\":{\"@id\":\"https:\/\/aidon.com\/fi\/ratkaisut\/asiantuntijapalvelut\/#primaryimage\"},\"image\":{\"@id\":\"https:\/\/aidon.com\/fi\/ratkaisut\/asiantuntijapalvelut\/#primaryimage\"},\"thumbnailUrl\":\"https:\/\/aidon.com\/wp-content\/uploads\/2022\/08\/expert.png\",\"datePublished\":\"2022-08-12T12:05:16+00:00\",\"dateModified\":\"2023-02-06T13:02:37+00:00\",\"breadcrumb\":{\"@id\":\"https:\/\/aidon.com\/fi\/ratkaisut\/asiantuntijapalvelut\/#breadcrumb\"},\"inLanguage\":\"fi\",\"potentialAction\":[{\"@type\":\"ReadAction\",\"target\":[\"https:\/\/aidon.com\/fi\/ratkaisut\/asiantuntijapalvelut\/\"]}]},{\"@type\":\"ImageObject\",\"inLanguage\":\"fi\",\"@id\":\"https:\/\/aidon.com\/fi\/ratkaisut\/asiantuntijapalvelut\/#primaryimage\",\"url\":\"https:\/\/aidon.com\/wp-content\/uploads\/2022\/08\/expert.png\",\"contentUrl\":\"https:\/\/aidon.com\/wp-content\/uploads\/2022\/08\/expert.png\",\"width\":397,\"height\":397},{\"@type\":\"BreadcrumbList\",\"@id\":\"https:\/\/aidon.com\/fi\/ratkaisut\/asiantuntijapalvelut\/#breadcrumb\",\"itemListElement\":[{\"@type\":\"ListItem\",\"position\":1,\"name\":\"Ratkaisut\",\"item\":\"https:\/\/aidon.com\/fi\/ratkaisut\/\"},{\"@type\":\"ListItem\",\"position\":2,\"name\":\"Asiantuntija&shy;palvelut\"}]},{\"@type\":\"WebSite\",\"@id\":\"https:\/\/aidon.com\/fi\/#website\",\"url\":\"https:\/\/aidon.com\/fi\/\",\"name\":\"Aidon\",\"description\":\"\",\"potentialAction\":[{\"@type\":\"SearchAction\",\"target\":{\"@type\":\"EntryPoint\",\"urlTemplate\":\"https:\/\/aidon.com\/fi\/?s={search_term_string}\"},\"query-input\":{\"@type\":\"PropertyValueSpecification\",\"valueRequired\":true,\"valueName\":\"search_term_string\"}}],\"inLanguage\":\"fi\"}]}<\/script>\n<!-- \/ Yoast SEO plugin. -->","yoast_head_json":{"title":"Asiantuntija&shy;palvelut - Aidon","robots":{"index":"index","follow":"follow","max-snippet":"max-snippet:-1","max-image-preview":"max-image-preview:large","max-video-preview":"max-video-preview:-1"},"canonical":"https:\/\/aidon.com\/fi\/ratkaisut\/asiantuntijapalvelut\/","og_locale":"fi_FI","og_type":"article","og_title":"Asiantuntija&shy;palvelut - Aidon","og_description":"Asiantuntijapalvelumme ovat asiakkaidemme tukena tuotteidemme k\u00e4yt\u00f6ss\u00e4 ja yll\u00e4pidossa sek\u00e4 ongelmanratkaisussa koko niiden elinkaaren ajan. Service Desk palvelee asiakkaitamme p\u00e4ivitt\u00e4isiss\u00e4 kysymyksiss\u00e4 ja ongelmanratkaisussa. Aidonin tuotteiden ja ratkaisujen sek\u00e4 asiakkaiden erilaisten j\u00e4rjestelm\u00e4ymp\u00e4rist\u00f6jen vahvan tuntemuksen ansiosta Service Desk pystyy tarjoamaan asiantuntija-apua ja tehokasta tukea asiakaspalvelusopimuksen mukaisesti. Koulutukset\u00a0varmistavat asiakkaille ratkaisujemme k\u00e4ytt\u00f6\u00f6n ja yll\u00e4pitoon tarvittavan&hellip;","og_url":"https:\/\/aidon.com\/fi\/ratkaisut\/asiantuntijapalvelut\/","og_site_name":"Aidon","article_modified_time":"2023-02-06T13:02:37+00:00","og_image":[{"width":397,"height":397,"url":"https:\/\/aidon.com\/wp-content\/uploads\/2022\/08\/expert.png","type":"image\/png"}],"twitter_card":"summary_large_image","twitter_misc":{"Arvioitu lukuaika":"1 minuutti"},"schema":{"@context":"https:\/\/schema.org","@graph":[{"@type":"WebPage","@id":"https:\/\/aidon.com\/fi\/ratkaisut\/asiantuntijapalvelut\/","url":"https:\/\/aidon.com\/fi\/ratkaisut\/asiantuntijapalvelut\/","name":"Asiantuntija&shy;palvelut - Aidon","isPartOf":{"@id":"https:\/\/aidon.com\/fi\/#website"},"primaryImageOfPage":{"@id":"https:\/\/aidon.com\/fi\/ratkaisut\/asiantuntijapalvelut\/#primaryimage"},"image":{"@id":"https:\/\/aidon.com\/fi\/ratkaisut\/asiantuntijapalvelut\/#primaryimage"},"thumbnailUrl":"https:\/\/aidon.com\/wp-content\/uploads\/2022\/08\/expert.png","datePublished":"2022-08-12T12:05:16+00:00","dateModified":"2023-02-06T13:02:37+00:00","breadcrumb":{"@id":"https:\/\/aidon.com\/fi\/ratkaisut\/asiantuntijapalvelut\/#breadcrumb"},"inLanguage":"fi","potentialAction":[{"@type":"ReadAction","target":["https:\/\/aidon.com\/fi\/ratkaisut\/asiantuntijapalvelut\/"]}]},{"@type":"ImageObject","inLanguage":"fi","@id":"https:\/\/aidon.com\/fi\/ratkaisut\/asiantuntijapalvelut\/#primaryimage","url":"https:\/\/aidon.com\/wp-content\/uploads\/2022\/08\/expert.png","contentUrl":"https:\/\/aidon.com\/wp-content\/uploads\/2022\/08\/expert.png","width":397,"height":397},{"@type":"BreadcrumbList","@id":"https:\/\/aidon.com\/fi\/ratkaisut\/asiantuntijapalvelut\/#breadcrumb","itemListElement":[{"@type":"ListItem","position":1,"name":"Ratkaisut","item":"https:\/\/aidon.com\/fi\/ratkaisut\/"},{"@type":"ListItem","position":2,"name":"Asiantuntija&shy;palvelut"}]},{"@type":"WebSite","@id":"https:\/\/aidon.com\/fi\/#website","url":"https:\/\/aidon.com\/fi\/","name":"Aidon","description":"","potentialAction":[{"@type":"SearchAction","target":{"@type":"EntryPoint","urlTemplate":"https:\/\/aidon.com\/fi\/?s={search_term_string}"},"query-input":{"@type":"PropertyValueSpecification","valueRequired":true,"valueName":"search_term_string"}}],"inLanguage":"fi"}]}},"_links":{"self":[{"href":"https:\/\/aidon.com\/fi\/wp-json\/wp\/v2\/pages\/2594","targetHints":{"allow":["GET"]}}],"collection":[{"href":"https:\/\/aidon.com\/fi\/wp-json\/wp\/v2\/pages"}],"about":[{"href":"https:\/\/aidon.com\/fi\/wp-json\/wp\/v2\/types\/page"}],"author":[{"embeddable":true,"href":"https:\/\/aidon.com\/fi\/wp-json\/wp\/v2\/users\/2"}],"replies":[{"embeddable":true,"href":"https:\/\/aidon.com\/fi\/wp-json\/wp\/v2\/comments?post=2594"}],"version-history":[{"count":10,"href":"https:\/\/aidon.com\/fi\/wp-json\/wp\/v2\/pages\/2594\/revisions"}],"predecessor-version":[{"id":6473,"href":"https:\/\/aidon.com\/fi\/wp-json\/wp\/v2\/pages\/2594\/revisions\/6473"}],"up":[{"embeddable":true,"href":"https:\/\/aidon.com\/fi\/wp-json\/wp\/v2\/pages\/590"}],"wp:featuredmedia":[{"embeddable":true,"href":"https:\/\/aidon.com\/fi\/wp-json\/wp\/v2\/media\/431"}],"wp:attachment":[{"href":"https:\/\/aidon.com\/fi\/wp-json\/wp\/v2\/media?parent=2594"}],"curies":[{"name":"wp","href":"https:\/\/api.w.org\/{rel}","templated":true}]}}