{"id":2590,"date":"2022-08-15T09:54:10","date_gmt":"2022-08-15T06:54:10","guid":{"rendered":"https:\/\/aidon.com\/?page_id=2590"},"modified":"2026-01-27T13:22:05","modified_gmt":"2026-01-27T11:22:05","slug":"visio-ja-arvot","status":"publish","type":"page","link":"https:\/\/aidon.com\/fi\/meista\/visio-ja-arvot\/","title":{"rendered":"Visio &#038; Arvot"},"content":{"rendered":"<p><strong>Visiomme<\/strong> on olla luotettu asiantuntija, Trusted Advisor, ja maailman paras teollisen internetin ja \u00e4lyverkkoteknologian toimittaja.<\/p>\n<p><strong>Missiomme<\/strong> on tarjota \u00e4lyverkkoratkaisuja, jotka edist\u00e4v\u00e4t yhteiskuntamme energiatehokkuutta. N\u00e4ihin perustuu yrityksemme strategia.<\/p>\n<p>Menestyksemme perusta on yrityskulttuuri, joka perustuu <strong>arvoihimme<\/strong>.<\/p>\n","protected":false},"excerpt":{"rendered":"<p>Visiomme on olla luotettu asiantuntija, Trusted Advisor, ja maailman paras teollisen internetin ja \u00e4lyverkkoteknologian toimittaja. Missiomme on tarjota \u00e4lyverkkoratkaisuja, jotka edist\u00e4v\u00e4t yhteiskuntamme energiatehokkuutta. N\u00e4ihin perustuu yrityksemme strategia. Menestyksemme perusta on yrityskulttuuri, joka perustuu arvoihimme.<\/p>\n","protected":false},"author":2,"featured_media":1523,"parent":610,"menu_order":1,"comment_status":"closed","ping_status":"closed","template":"","meta":{"_acf_changed":false,"footnotes":""},"class_list":["post-2590","page","type-page","status-publish","has-post-thumbnail","hentry"],"acf":[],"yoast_head":"<!-- This site is optimized with the Yoast SEO plugin v27.0 - https:\/\/yoast.com\/product\/yoast-seo-wordpress\/ -->\n<title>Visio &amp; Arvot - Aidon<\/title>\n<meta name=\"robots\" content=\"index, follow, max-snippet:-1, max-image-preview:large, max-video-preview:-1\" \/>\n<link rel=\"canonical\" href=\"https:\/\/aidon.com\/fi\/meista\/visio-ja-arvot\/\" \/>\n<meta property=\"og:locale\" content=\"fi_FI\" \/>\n<meta property=\"og:type\" content=\"article\" \/>\n<meta property=\"og:title\" content=\"Visio &amp; Arvot - Aidon\" \/>\n<meta property=\"og:description\" content=\"Visiomme on olla luotettu asiantuntija, Trusted Advisor, ja maailman paras teollisen internetin ja \u00e4lyverkkoteknologian toimittaja. Missiomme on tarjota \u00e4lyverkkoratkaisuja, jotka edist\u00e4v\u00e4t yhteiskuntamme energiatehokkuutta. N\u00e4ihin perustuu yrityksemme strategia. Menestyksemme perusta on yrityskulttuuri, joka perustuu arvoihimme.\" \/>\n<meta property=\"og:url\" content=\"https:\/\/aidon.com\/fi\/meista\/visio-ja-arvot\/\" \/>\n<meta property=\"og:site_name\" content=\"Aidon\" \/>\n<meta property=\"article:modified_time\" content=\"2026-01-27T11:22:05+00:00\" \/>\n<meta property=\"og:image\" content=\"https:\/\/aidon.com\/wp-content\/uploads\/2022\/10\/Vision_and_values_web_2022_cropped_and_cl-1024x576.jpg\" \/>\n\t<meta property=\"og:image:width\" content=\"1024\" \/>\n\t<meta property=\"og:image:height\" content=\"576\" \/>\n\t<meta property=\"og:image:type\" content=\"image\/jpeg\" \/>\n<meta name=\"twitter:card\" content=\"summary_large_image\" \/>\n<meta name=\"twitter:label1\" content=\"Arvioitu lukuaika\" \/>\n\t<meta name=\"twitter:data1\" content=\"1 minuutti\" \/>\n<script type=\"application\/ld+json\" class=\"yoast-schema-graph\">{\"@context\":\"https:\/\/schema.org\",\"@graph\":[{\"@type\":\"WebPage\",\"@id\":\"https:\/\/aidon.com\/fi\/meista\/visio-ja-arvot\/\",\"url\":\"https:\/\/aidon.com\/fi\/meista\/visio-ja-arvot\/\",\"name\":\"Visio & Arvot - Aidon\",\"isPartOf\":{\"@id\":\"https:\/\/aidon.com\/fi\/#website\"},\"primaryImageOfPage\":{\"@id\":\"https:\/\/aidon.com\/fi\/meista\/visio-ja-arvot\/#primaryimage\"},\"image\":{\"@id\":\"https:\/\/aidon.com\/fi\/meista\/visio-ja-arvot\/#primaryimage\"},\"thumbnailUrl\":\"https:\/\/aidon.com\/wp-content\/uploads\/2022\/10\/Vision_and_values_web_2022_cropped_and_cl.jpg\",\"datePublished\":\"2022-08-15T06:54:10+00:00\",\"dateModified\":\"2026-01-27T11:22:05+00:00\",\"breadcrumb\":{\"@id\":\"https:\/\/aidon.com\/fi\/meista\/visio-ja-arvot\/#breadcrumb\"},\"inLanguage\":\"fi\",\"potentialAction\":[{\"@type\":\"ReadAction\",\"target\":[\"https:\/\/aidon.com\/fi\/meista\/visio-ja-arvot\/\"]}]},{\"@type\":\"ImageObject\",\"inLanguage\":\"fi\",\"@id\":\"https:\/\/aidon.com\/fi\/meista\/visio-ja-arvot\/#primaryimage\",\"url\":\"https:\/\/aidon.com\/wp-content\/uploads\/2022\/10\/Vision_and_values_web_2022_cropped_and_cl.jpg\",\"contentUrl\":\"https:\/\/aidon.com\/wp-content\/uploads\/2022\/10\/Vision_and_values_web_2022_cropped_and_cl.jpg\",\"width\":1920,\"height\":1080},{\"@type\":\"BreadcrumbList\",\"@id\":\"https:\/\/aidon.com\/fi\/meista\/visio-ja-arvot\/#breadcrumb\",\"itemListElement\":[{\"@type\":\"ListItem\",\"position\":1,\"name\":\"Meist\u00e4\",\"item\":\"https:\/\/aidon.com\/fi\/meista\/\"},{\"@type\":\"ListItem\",\"position\":2,\"name\":\"Visio &#038; Arvot\"}]},{\"@type\":\"WebSite\",\"@id\":\"https:\/\/aidon.com\/fi\/#website\",\"url\":\"https:\/\/aidon.com\/fi\/\",\"name\":\"Aidon\",\"description\":\"\",\"potentialAction\":[{\"@type\":\"SearchAction\",\"target\":{\"@type\":\"EntryPoint\",\"urlTemplate\":\"https:\/\/aidon.com\/fi\/?s={search_term_string}\"},\"query-input\":{\"@type\":\"PropertyValueSpecification\",\"valueRequired\":true,\"valueName\":\"search_term_string\"}}],\"inLanguage\":\"fi\"}]}<\/script>\n<!-- \/ Yoast SEO plugin. -->","yoast_head_json":{"title":"Visio & Arvot - Aidon","robots":{"index":"index","follow":"follow","max-snippet":"max-snippet:-1","max-image-preview":"max-image-preview:large","max-video-preview":"max-video-preview:-1"},"canonical":"https:\/\/aidon.com\/fi\/meista\/visio-ja-arvot\/","og_locale":"fi_FI","og_type":"article","og_title":"Visio & Arvot - Aidon","og_description":"Visiomme on olla luotettu asiantuntija, Trusted Advisor, ja maailman paras teollisen internetin ja \u00e4lyverkkoteknologian toimittaja. Missiomme on tarjota \u00e4lyverkkoratkaisuja, jotka edist\u00e4v\u00e4t yhteiskuntamme energiatehokkuutta. N\u00e4ihin perustuu yrityksemme strategia. Menestyksemme perusta on yrityskulttuuri, joka perustuu arvoihimme.","og_url":"https:\/\/aidon.com\/fi\/meista\/visio-ja-arvot\/","og_site_name":"Aidon","article_modified_time":"2026-01-27T11:22:05+00:00","og_image":[{"width":1024,"height":576,"url":"https:\/\/aidon.com\/wp-content\/uploads\/2022\/10\/Vision_and_values_web_2022_cropped_and_cl-1024x576.jpg","type":"image\/jpeg"}],"twitter_card":"summary_large_image","twitter_misc":{"Arvioitu lukuaika":"1 minuutti"},"schema":{"@context":"https:\/\/schema.org","@graph":[{"@type":"WebPage","@id":"https:\/\/aidon.com\/fi\/meista\/visio-ja-arvot\/","url":"https:\/\/aidon.com\/fi\/meista\/visio-ja-arvot\/","name":"Visio & Arvot - Aidon","isPartOf":{"@id":"https:\/\/aidon.com\/fi\/#website"},"primaryImageOfPage":{"@id":"https:\/\/aidon.com\/fi\/meista\/visio-ja-arvot\/#primaryimage"},"image":{"@id":"https:\/\/aidon.com\/fi\/meista\/visio-ja-arvot\/#primaryimage"},"thumbnailUrl":"https:\/\/aidon.com\/wp-content\/uploads\/2022\/10\/Vision_and_values_web_2022_cropped_and_cl.jpg","datePublished":"2022-08-15T06:54:10+00:00","dateModified":"2026-01-27T11:22:05+00:00","breadcrumb":{"@id":"https:\/\/aidon.com\/fi\/meista\/visio-ja-arvot\/#breadcrumb"},"inLanguage":"fi","potentialAction":[{"@type":"ReadAction","target":["https:\/\/aidon.com\/fi\/meista\/visio-ja-arvot\/"]}]},{"@type":"ImageObject","inLanguage":"fi","@id":"https:\/\/aidon.com\/fi\/meista\/visio-ja-arvot\/#primaryimage","url":"https:\/\/aidon.com\/wp-content\/uploads\/2022\/10\/Vision_and_values_web_2022_cropped_and_cl.jpg","contentUrl":"https:\/\/aidon.com\/wp-content\/uploads\/2022\/10\/Vision_and_values_web_2022_cropped_and_cl.jpg","width":1920,"height":1080},{"@type":"BreadcrumbList","@id":"https:\/\/aidon.com\/fi\/meista\/visio-ja-arvot\/#breadcrumb","itemListElement":[{"@type":"ListItem","position":1,"name":"Meist\u00e4","item":"https:\/\/aidon.com\/fi\/meista\/"},{"@type":"ListItem","position":2,"name":"Visio &#038; Arvot"}]},{"@type":"WebSite","@id":"https:\/\/aidon.com\/fi\/#website","url":"https:\/\/aidon.com\/fi\/","name":"Aidon","description":"","potentialAction":[{"@type":"SearchAction","target":{"@type":"EntryPoint","urlTemplate":"https:\/\/aidon.com\/fi\/?s={search_term_string}"},"query-input":{"@type":"PropertyValueSpecification","valueRequired":true,"valueName":"search_term_string"}}],"inLanguage":"fi"}]}},"_links":{"self":[{"href":"https:\/\/aidon.com\/fi\/wp-json\/wp\/v2\/pages\/2590","targetHints":{"allow":["GET"]}}],"collection":[{"href":"https:\/\/aidon.com\/fi\/wp-json\/wp\/v2\/pages"}],"about":[{"href":"https:\/\/aidon.com\/fi\/wp-json\/wp\/v2\/types\/page"}],"author":[{"embeddable":true,"href":"https:\/\/aidon.com\/fi\/wp-json\/wp\/v2\/users\/2"}],"replies":[{"embeddable":true,"href":"https:\/\/aidon.com\/fi\/wp-json\/wp\/v2\/comments?post=2590"}],"version-history":[{"count":20,"href":"https:\/\/aidon.com\/fi\/wp-json\/wp\/v2\/pages\/2590\/revisions"}],"predecessor-version":[{"id":18510,"href":"https:\/\/aidon.com\/fi\/wp-json\/wp\/v2\/pages\/2590\/revisions\/18510"}],"up":[{"embeddable":true,"href":"https:\/\/aidon.com\/fi\/wp-json\/wp\/v2\/pages\/610"}],"wp:featuredmedia":[{"embeddable":true,"href":"https:\/\/aidon.com\/fi\/wp-json\/wp\/v2\/media\/1523"}],"wp:attachment":[{"href":"https:\/\/aidon.com\/fi\/wp-json\/wp\/v2\/media?parent=2590"}],"curies":[{"name":"wp","href":"https:\/\/api.w.org\/{rel}","templated":true}]}}