{"id":2588,"date":"2022-08-26T12:43:06","date_gmt":"2022-08-26T09:43:06","guid":{"rendered":"https:\/\/aidon.com\/?page_id=2588"},"modified":"2025-09-18T08:34:59","modified_gmt":"2025-09-18T05:34:59","slug":"sitoumuksemme","status":"publish","type":"page","link":"https:\/\/aidon.com\/fi\/vastuullisuus\/sitoumuksemme\/","title":{"rendered":"Sitoumuksemme"},"content":{"rendered":"<h2>Tavoitteemme on auttaa asiakkaitamme saavuttamaan vastuullisuus\u00adtavoitteensa<\/h2>\n<p>Aidonin missiona on tarjota \u00e4lykk\u00e4\u00e4n s\u00e4hk\u00f6verkon ratkaisuja, jotka mahdollistavat tehokkaan energian k\u00e4yt\u00f6n ja kest\u00e4v\u00e4n el\u00e4m\u00e4ntavan yhteiskunnassamme. Ratkaisujemme avulla asiakkaamme \u2013 jakeluverkkoyhti\u00f6t \u2013 voivat hallita s\u00e4hk\u00f6verkkojaan tehokkaasti ja liitt\u00e4\u00e4 verkkoonsa erilaisia p\u00e4\u00e4st\u00f6tt\u00f6mi\u00e4 energial\u00e4hteit\u00e4. T\u00e4st\u00e4 on hy\u00f6ty\u00e4 my\u00f6s s\u00e4hk\u00f6n kuluttajille.<\/p>\n<p>Olemme sitoutuneet edist\u00e4m\u00e4\u00e4n erityisesti n\u00e4it\u00e4 Agenda 2030:n ja YK:n kest\u00e4v\u00e4n kehityksen tavoitteita:<\/p>\n<p><img loading=\"lazy\" decoding=\"async\" class=\"alignnone wp-image-6137 size-full\" src=\"https:\/\/aidon.com\/wp-content\/uploads\/2023\/02\/UN_Goals_new_web_2023.png\" alt=\"\" width=\"829\" height=\"411\" srcset=\"https:\/\/aidon.com\/wp-content\/uploads\/2023\/02\/UN_Goals_new_web_2023.png 829w, https:\/\/aidon.com\/wp-content\/uploads\/2023\/02\/UN_Goals_new_web_2023-300x149.png 300w, https:\/\/aidon.com\/wp-content\/uploads\/2023\/02\/UN_Goals_new_web_2023-768x381.png 768w\" sizes=\"auto, (max-width: 829px) 100vw, 829px\" \/><\/p>\n<p>Lue lis\u00e4\u00e4 YK:n tavoitteista ja niihin liittyvist\u00e4 toimistamme vuoden 2024 <a href=\"https:\/\/aidon.com\/wp-content\/uploads\/2025\/06\/Aidon_Sustainability_Report_2024_final_web_v2.pdf\">vastuullisuusraportistamme.<\/a><\/p>\n","protected":false},"excerpt":{"rendered":"<p>Tavoitteemme on auttaa asiakkaitamme saavuttamaan vastuullisuus\u00adtavoitteensa Aidonin missiona on tarjota \u00e4lykk\u00e4\u00e4n s\u00e4hk\u00f6verkon ratkaisuja, jotka mahdollistavat tehokkaan energian k\u00e4yt\u00f6n ja kest\u00e4v\u00e4n el\u00e4m\u00e4ntavan yhteiskunnassamme. Ratkaisujemme avulla asiakkaamme \u2013 jakeluverkkoyhti\u00f6t \u2013 voivat hallita s\u00e4hk\u00f6verkkojaan tehokkaasti ja liitt\u00e4\u00e4 verkkoonsa erilaisia p\u00e4\u00e4st\u00f6tt\u00f6mi\u00e4 energial\u00e4hteit\u00e4. T\u00e4st\u00e4 on hy\u00f6ty\u00e4 my\u00f6s s\u00e4hk\u00f6n kuluttajille. Olemme sitoutuneet edist\u00e4m\u00e4\u00e4n erityisesti n\u00e4it\u00e4 Agenda&hellip;<\/p>\n","protected":false},"author":2,"featured_media":836,"parent":586,"menu_order":1,"comment_status":"closed","ping_status":"closed","template":"","meta":{"_acf_changed":false,"footnotes":""},"class_list":["post-2588","page","type-page","status-publish","has-post-thumbnail","hentry"],"acf":[],"yoast_head":"<!-- This site is optimized with the Yoast SEO plugin v27.0 - https:\/\/yoast.com\/product\/yoast-seo-wordpress\/ -->\n<title>Sitoumuksemme - Aidon<\/title>\n<meta name=\"robots\" content=\"index, follow, max-snippet:-1, max-image-preview:large, max-video-preview:-1\" \/>\n<link rel=\"canonical\" href=\"https:\/\/aidon.com\/fi\/vastuullisuus\/sitoumuksemme\/\" \/>\n<meta property=\"og:locale\" content=\"fi_FI\" \/>\n<meta property=\"og:type\" content=\"article\" \/>\n<meta property=\"og:title\" content=\"Sitoumuksemme - Aidon\" \/>\n<meta property=\"og:description\" content=\"Tavoitteemme on auttaa asiakkaitamme saavuttamaan vastuullisuus\u00adtavoitteensa Aidonin missiona on tarjota \u00e4lykk\u00e4\u00e4n s\u00e4hk\u00f6verkon ratkaisuja, jotka mahdollistavat tehokkaan energian k\u00e4yt\u00f6n ja kest\u00e4v\u00e4n el\u00e4m\u00e4ntavan yhteiskunnassamme. Ratkaisujemme avulla asiakkaamme \u2013 jakeluverkkoyhti\u00f6t \u2013 voivat hallita s\u00e4hk\u00f6verkkojaan tehokkaasti ja liitt\u00e4\u00e4 verkkoonsa erilaisia p\u00e4\u00e4st\u00f6tt\u00f6mi\u00e4 energial\u00e4hteit\u00e4. T\u00e4st\u00e4 on hy\u00f6ty\u00e4 my\u00f6s s\u00e4hk\u00f6n kuluttajille. Olemme sitoutuneet edist\u00e4m\u00e4\u00e4n erityisesti n\u00e4it\u00e4 Agenda&hellip;\" \/>\n<meta property=\"og:url\" content=\"https:\/\/aidon.com\/fi\/vastuullisuus\/sitoumuksemme\/\" \/>\n<meta property=\"og:site_name\" content=\"Aidon\" \/>\n<meta property=\"article:modified_time\" content=\"2025-09-18T05:34:59+00:00\" \/>\n<meta property=\"og:image\" content=\"https:\/\/aidon.com\/wp-content\/uploads\/2022\/09\/Our_commitment_1900.jpg\" \/>\n\t<meta property=\"og:image:width\" content=\"1900\" \/>\n\t<meta property=\"og:image:height\" content=\"1267\" \/>\n\t<meta property=\"og:image:type\" content=\"image\/jpeg\" \/>\n<meta name=\"twitter:card\" content=\"summary_large_image\" \/>\n<meta name=\"twitter:label1\" content=\"Arvioitu lukuaika\" \/>\n\t<meta name=\"twitter:data1\" content=\"1 minuutti\" \/>\n<script type=\"application\/ld+json\" class=\"yoast-schema-graph\">{\"@context\":\"https:\/\/schema.org\",\"@graph\":[{\"@type\":\"WebPage\",\"@id\":\"https:\/\/aidon.com\/fi\/vastuullisuus\/sitoumuksemme\/\",\"url\":\"https:\/\/aidon.com\/fi\/vastuullisuus\/sitoumuksemme\/\",\"name\":\"Sitoumuksemme - Aidon\",\"isPartOf\":{\"@id\":\"https:\/\/aidon.com\/fi\/#website\"},\"primaryImageOfPage\":{\"@id\":\"https:\/\/aidon.com\/fi\/vastuullisuus\/sitoumuksemme\/#primaryimage\"},\"image\":{\"@id\":\"https:\/\/aidon.com\/fi\/vastuullisuus\/sitoumuksemme\/#primaryimage\"},\"thumbnailUrl\":\"https:\/\/aidon.com\/wp-content\/uploads\/2022\/09\/Our_commitment_1900.jpg\",\"datePublished\":\"2022-08-26T09:43:06+00:00\",\"dateModified\":\"2025-09-18T05:34:59+00:00\",\"breadcrumb\":{\"@id\":\"https:\/\/aidon.com\/fi\/vastuullisuus\/sitoumuksemme\/#breadcrumb\"},\"inLanguage\":\"fi\",\"potentialAction\":[{\"@type\":\"ReadAction\",\"target\":[\"https:\/\/aidon.com\/fi\/vastuullisuus\/sitoumuksemme\/\"]}]},{\"@type\":\"ImageObject\",\"inLanguage\":\"fi\",\"@id\":\"https:\/\/aidon.com\/fi\/vastuullisuus\/sitoumuksemme\/#primaryimage\",\"url\":\"https:\/\/aidon.com\/wp-content\/uploads\/2022\/09\/Our_commitment_1900.jpg\",\"contentUrl\":\"https:\/\/aidon.com\/wp-content\/uploads\/2022\/09\/Our_commitment_1900.jpg\",\"width\":1900,\"height\":1267},{\"@type\":\"BreadcrumbList\",\"@id\":\"https:\/\/aidon.com\/fi\/vastuullisuus\/sitoumuksemme\/#breadcrumb\",\"itemListElement\":[{\"@type\":\"ListItem\",\"position\":1,\"name\":\"Vastuullisuus\",\"item\":\"https:\/\/aidon.com\/fi\/vastuullisuus\/\"},{\"@type\":\"ListItem\",\"position\":2,\"name\":\"Sitoumuksemme\"}]},{\"@type\":\"WebSite\",\"@id\":\"https:\/\/aidon.com\/fi\/#website\",\"url\":\"https:\/\/aidon.com\/fi\/\",\"name\":\"Aidon\",\"description\":\"\",\"potentialAction\":[{\"@type\":\"SearchAction\",\"target\":{\"@type\":\"EntryPoint\",\"urlTemplate\":\"https:\/\/aidon.com\/fi\/?s={search_term_string}\"},\"query-input\":{\"@type\":\"PropertyValueSpecification\",\"valueRequired\":true,\"valueName\":\"search_term_string\"}}],\"inLanguage\":\"fi\"}]}<\/script>\n<!-- \/ Yoast SEO plugin. -->","yoast_head_json":{"title":"Sitoumuksemme - Aidon","robots":{"index":"index","follow":"follow","max-snippet":"max-snippet:-1","max-image-preview":"max-image-preview:large","max-video-preview":"max-video-preview:-1"},"canonical":"https:\/\/aidon.com\/fi\/vastuullisuus\/sitoumuksemme\/","og_locale":"fi_FI","og_type":"article","og_title":"Sitoumuksemme - Aidon","og_description":"Tavoitteemme on auttaa asiakkaitamme saavuttamaan vastuullisuus\u00adtavoitteensa Aidonin missiona on tarjota \u00e4lykk\u00e4\u00e4n s\u00e4hk\u00f6verkon ratkaisuja, jotka mahdollistavat tehokkaan energian k\u00e4yt\u00f6n ja kest\u00e4v\u00e4n el\u00e4m\u00e4ntavan yhteiskunnassamme. Ratkaisujemme avulla asiakkaamme \u2013 jakeluverkkoyhti\u00f6t \u2013 voivat hallita s\u00e4hk\u00f6verkkojaan tehokkaasti ja liitt\u00e4\u00e4 verkkoonsa erilaisia p\u00e4\u00e4st\u00f6tt\u00f6mi\u00e4 energial\u00e4hteit\u00e4. T\u00e4st\u00e4 on hy\u00f6ty\u00e4 my\u00f6s s\u00e4hk\u00f6n kuluttajille. Olemme sitoutuneet edist\u00e4m\u00e4\u00e4n erityisesti n\u00e4it\u00e4 Agenda&hellip;","og_url":"https:\/\/aidon.com\/fi\/vastuullisuus\/sitoumuksemme\/","og_site_name":"Aidon","article_modified_time":"2025-09-18T05:34:59+00:00","og_image":[{"width":1900,"height":1267,"url":"https:\/\/aidon.com\/wp-content\/uploads\/2022\/09\/Our_commitment_1900.jpg","type":"image\/jpeg"}],"twitter_card":"summary_large_image","twitter_misc":{"Arvioitu lukuaika":"1 minuutti"},"schema":{"@context":"https:\/\/schema.org","@graph":[{"@type":"WebPage","@id":"https:\/\/aidon.com\/fi\/vastuullisuus\/sitoumuksemme\/","url":"https:\/\/aidon.com\/fi\/vastuullisuus\/sitoumuksemme\/","name":"Sitoumuksemme - Aidon","isPartOf":{"@id":"https:\/\/aidon.com\/fi\/#website"},"primaryImageOfPage":{"@id":"https:\/\/aidon.com\/fi\/vastuullisuus\/sitoumuksemme\/#primaryimage"},"image":{"@id":"https:\/\/aidon.com\/fi\/vastuullisuus\/sitoumuksemme\/#primaryimage"},"thumbnailUrl":"https:\/\/aidon.com\/wp-content\/uploads\/2022\/09\/Our_commitment_1900.jpg","datePublished":"2022-08-26T09:43:06+00:00","dateModified":"2025-09-18T05:34:59+00:00","breadcrumb":{"@id":"https:\/\/aidon.com\/fi\/vastuullisuus\/sitoumuksemme\/#breadcrumb"},"inLanguage":"fi","potentialAction":[{"@type":"ReadAction","target":["https:\/\/aidon.com\/fi\/vastuullisuus\/sitoumuksemme\/"]}]},{"@type":"ImageObject","inLanguage":"fi","@id":"https:\/\/aidon.com\/fi\/vastuullisuus\/sitoumuksemme\/#primaryimage","url":"https:\/\/aidon.com\/wp-content\/uploads\/2022\/09\/Our_commitment_1900.jpg","contentUrl":"https:\/\/aidon.com\/wp-content\/uploads\/2022\/09\/Our_commitment_1900.jpg","width":1900,"height":1267},{"@type":"BreadcrumbList","@id":"https:\/\/aidon.com\/fi\/vastuullisuus\/sitoumuksemme\/#breadcrumb","itemListElement":[{"@type":"ListItem","position":1,"name":"Vastuullisuus","item":"https:\/\/aidon.com\/fi\/vastuullisuus\/"},{"@type":"ListItem","position":2,"name":"Sitoumuksemme"}]},{"@type":"WebSite","@id":"https:\/\/aidon.com\/fi\/#website","url":"https:\/\/aidon.com\/fi\/","name":"Aidon","description":"","potentialAction":[{"@type":"SearchAction","target":{"@type":"EntryPoint","urlTemplate":"https:\/\/aidon.com\/fi\/?s={search_term_string}"},"query-input":{"@type":"PropertyValueSpecification","valueRequired":true,"valueName":"search_term_string"}}],"inLanguage":"fi"}]}},"_links":{"self":[{"href":"https:\/\/aidon.com\/fi\/wp-json\/wp\/v2\/pages\/2588","targetHints":{"allow":["GET"]}}],"collection":[{"href":"https:\/\/aidon.com\/fi\/wp-json\/wp\/v2\/pages"}],"about":[{"href":"https:\/\/aidon.com\/fi\/wp-json\/wp\/v2\/types\/page"}],"author":[{"embeddable":true,"href":"https:\/\/aidon.com\/fi\/wp-json\/wp\/v2\/users\/2"}],"replies":[{"embeddable":true,"href":"https:\/\/aidon.com\/fi\/wp-json\/wp\/v2\/comments?post=2588"}],"version-history":[{"count":9,"href":"https:\/\/aidon.com\/fi\/wp-json\/wp\/v2\/pages\/2588\/revisions"}],"predecessor-version":[{"id":17700,"href":"https:\/\/aidon.com\/fi\/wp-json\/wp\/v2\/pages\/2588\/revisions\/17700"}],"up":[{"embeddable":true,"href":"https:\/\/aidon.com\/fi\/wp-json\/wp\/v2\/pages\/586"}],"wp:featuredmedia":[{"embeddable":true,"href":"https:\/\/aidon.com\/fi\/wp-json\/wp\/v2\/media\/836"}],"wp:attachment":[{"href":"https:\/\/aidon.com\/fi\/wp-json\/wp\/v2\/media?parent=2588"}],"curies":[{"name":"wp","href":"https:\/\/api.w.org\/{rel}","templated":true}]}}