{"id":2574,"date":"2022-08-12T11:43:09","date_gmt":"2022-08-12T08:43:09","guid":{"rendered":"https:\/\/aidon.com\/?page_id=2574"},"modified":"2023-02-08T19:02:44","modified_gmt":"2023-02-08T19:02:44","slug":"iot-laiteyhteydet","status":"publish","type":"page","link":"https:\/\/aidon.com\/fi\/ratkaisut\/iot-laiteyhteydet\/","title":{"rendered":"IoT-laiteyhteydet"},"content":{"rendered":"<p><img loading=\"lazy\" decoding=\"async\" class=\"alignnone wp-image-6417 size-full\" src=\"https:\/\/aidon.com\/wp-content\/uploads\/2023\/02\/Aidon_IoT_connectivity_web_900.png\" alt=\"\" width=\"900\" height=\"342\" srcset=\"https:\/\/aidon.com\/wp-content\/uploads\/2023\/02\/Aidon_IoT_connectivity_web_900.png 900w, https:\/\/aidon.com\/wp-content\/uploads\/2023\/02\/Aidon_IoT_connectivity_web_900-300x114.png 300w, https:\/\/aidon.com\/wp-content\/uploads\/2023\/02\/Aidon_IoT_connectivity_web_900-768x292.png 768w\" sizes=\"auto, (max-width: 900px) 100vw, 900px\" \/><\/p>\n<p><strong>Tiedonsiirtoteknologian valinta on keskeinen AMM-j\u00e4rjestelm\u00e4n toimivuuteen ja luotettavuuteen vaikuttava tekij\u00e4. Aidon tarjoaa erilaisiin tarpeisiin ja k\u00e4ytt\u00f6kohteisiin sopivimman tiedonsiirtoratkaisun, joka voi koostua my\u00f6s useamman teknologian yhdistelm\u00e4st\u00e4, ja jonka voi hankkia meilt\u00e4 my\u00f6s palveluna.<\/strong><\/p>\n<p>Tarkoituksenmukaisimman tiedonsiirtoratkaisun valintaan vaikuttaa useita tekij\u00f6it\u00e4. N\u00e4it\u00e4 ovat esimerkiksi<\/p>\n<ul>\n<li>K\u00e4ytt\u00f6paikkojen lukum\u00e4\u00e4r\u00e4 ja tiheys<\/li>\n<li>Maantieteellinen topologia<\/li>\n<li>Tekniset ja toiminnalliset vaatimukset, esimerkiksi siirrett\u00e4v\u00e4n tiedon m\u00e4\u00e4r\u00e4<\/li>\n<li>Saatavilla olevat mobiiliverkot ja niiden kapasiteetti<\/li>\n<li>Aloitusinvestointi ja j\u00e4rjestelm\u00e4n elinkaarikustannukset<\/li>\n<li>Asennusten ja j\u00e4rjestelm\u00e4sukupolvien v\u00e4lisen siirtym\u00e4vaiheen aikataulu<\/li>\n<\/ul>\n<h4>Oikea tiedonsiirtoteknologia oikeaan paikkaan<\/h4>\n<p>Verkkoyhti\u00f6iden tarpeet ja niihin sopivimmat IoT-tiedonsiirtoratkaisut vaihtelevat yhti\u00f6itt\u00e4in. Saman jakeluverkkoalueen sis\u00e4ll\u00e4kin voi olla kulutusprofiililtaan, asutukseltaan ja maantieteelt\u00e4\u00e4n paljonkin toisistaan poikkeavia alueita. Kokoamalla eri tiedonsiirtovaihtoehdoista yhdistelm\u00e4, hybridiratkaisu, voidaan hy\u00f6dynt\u00e4\u00e4 kunkin teknologian tarjoamat hy\u00f6dyt juuri niille sopivimmissa kohteissa.<\/p>\n<p>Aidonin tarjonta koostuu seuraavista tiedonsiirtoteknologia\u00advaihtoehdoista ja niiden yhdistelmist\u00e4:<\/p>\n<h6>Radiopohjainen RF Mesh -verkko<\/h6>\n<p>Energiapalvelulaitteet muodostavat automaattisesti reititt\u00e4v\u00e4n meshverkon, jossa slave-laitteet v\u00e4litt\u00e4v\u00e4t tiedon toisten laitteiden kautta tai suoraan master-laitteelle. Master-laitteet l\u00e4hett\u00e4v\u00e4t tiedot luentaj\u00e4rjestelm\u00e4\u00e4n 2G\/4G-verkon v\u00e4lityksell\u00e4. Vaihtoehtoisesti voidaan k\u00e4ytt\u00e4\u00e4 verkkoyhti\u00f6n omaa Ethernet-yhteytt\u00e4. RF-ratkaisu soveltuu erityisesti kaupunkiverkkoihin ja taajama-alueille, joissa k\u00e4ytt\u00f6paikat ovat riitt\u00e4v\u00e4n l\u00e4hell\u00e4 toisiaan muodostaakseen mikroverkon.<\/p>\n<h6>Point-to-Point (P2P)<\/h6>\n<p>Point-to-Point-ratkaisussa laitteet ovat suoraan yhteydess\u00e4 luentaj\u00e4rjestelm\u00e4\u00e4n LTE-M-\/NB-IoT-verkon kautta kunkin laitteen oman IoT-liittym\u00e4n kautta. T\u00e4m\u00e4 ratkaisu sopii saavutettavuuden, kapasiteetin ja kustannusten kannalta parhaiten et\u00e4\u00e4mp\u00e4n\u00e4 toisistaan sijaitsevien sek\u00e4 suurkulutuskohteiden ratkaisuksi.<\/p>\n<h6>Kaapeloitu RS-v\u00e4yl\u00e4<\/h6>\n<p>Kiinte\u00e4 RS-ratkaisu sopii kohteisiin, joissa mittauslaitteistot sijaitsevat samassa tilassa, esimerkiksi kerrostalon teknisess\u00e4 tilassa. Ratkaisussa mittauslaitteistot kaapeloidaan (RS-485) samaan tietoliikennev\u00e4yl\u00e4\u00e4n ja slave-laitteet v\u00e4litt\u00e4v\u00e4t mittaustiedot luentaj\u00e4rjestelm\u00e4\u00e4n master-laitteen kautta.<\/p>\n<p>Aidon auttaa asiakkaita kuhunkin k\u00e4ytt\u00f6kohteeseen parhaiten soveltuvan ratkaisun suunnittelussa. N\u00e4in varmistetaan my\u00f6s laiteasennusten ja koko j\u00e4rjestelm\u00e4n elinkaaren aikainen joustavuus ja skaalautuvuus esimerkiksi siirrett\u00e4v\u00e4n tiedon m\u00e4\u00e4r\u00e4n kasvaessa tai operaattoripalvelujen kehittyess\u00e4.<\/p>\n<h4>Joustava palvelukokonaisuus<\/h4>\n<p>Asiakas voi halutessaan hankkia AMM-tiedonsiirron Aidonin toimittamana kokonaispalveluna kiinte\u00e4\u00e4n kokonaishintaan. T\u00e4ss\u00e4 Connectivity as a Service -palvelussa Aidon vastaa laitteiden ja j\u00e4rjestelm\u00e4n v\u00e4lisest\u00e4 kommunikaatiosta sovitun palvelutason mukaisesti. Palvelu sis\u00e4lt\u00e4\u00e4 Aidonin valitseman, tarkoitukseen sopivimman IoT-operaattoripalvelun dataliittymineen sek\u00e4 palvelusopimuksen valitun mobiilioperaattorin kanssa. Aidonin tekninen asiantuntemus sis\u00e4ltyy palveluun, eik\u00e4 asiakkaan tarvitse kiinnitt\u00e4\u00e4 omia resurssejaan AMM-datayhteyksien hallintaan, seurantaan ja yll\u00e4pitoon.<\/p>\n<h4>eSIM varmistaa palvelutason koko elinkaaren ajan<\/h4>\n<p>Asiakas voi lis\u00e4ksi hy\u00f6dynt\u00e4\u00e4 eSIM-palveluamme, joka takaa luotettavat, joustavat ja operaattoririippumattomat IoT-yhteydet koko j\u00e4rjestelm\u00e4n elinkaaren ajan. eSIM-ratkaisulla varustetut laitteet voidaan siirt\u00e4\u00e4 automaattisesti tai ohjatusti toisen operaattorin palvelun piiriin esimerkiksi tarvittavan palvelutason tai kilpailukykyisen kustannustason varmistamiseksi.<\/p>\n<p>&nbsp;<\/p>\n<p><strong>\u00a0<\/strong><\/p>\n","protected":false},"excerpt":{"rendered":"<p>Tiedonsiirtoteknologian valinta on keskeinen AMM-j\u00e4rjestelm\u00e4n toimivuuteen ja luotettavuuteen vaikuttava tekij\u00e4. Aidon tarjoaa erilaisiin tarpeisiin ja k\u00e4ytt\u00f6kohteisiin sopivimman tiedonsiirtoratkaisun, joka voi koostua my\u00f6s useamman teknologian yhdistelm\u00e4st\u00e4, ja jonka voi hankkia meilt\u00e4 my\u00f6s palveluna. Tarkoituksenmukaisimman tiedonsiirtoratkaisun valintaan vaikuttaa useita tekij\u00f6it\u00e4. N\u00e4it\u00e4 ovat esimerkiksi K\u00e4ytt\u00f6paikkojen lukum\u00e4\u00e4r\u00e4 ja tiheys Maantieteellinen topologia Tekniset ja toiminnalliset&hellip;<\/p>\n","protected":false},"author":2,"featured_media":425,"parent":590,"menu_order":2,"comment_status":"closed","ping_status":"closed","template":"page-single-solutions.php","meta":{"_acf_changed":false,"footnotes":""},"class_list":["post-2574","page","type-page","status-publish","has-post-thumbnail","hentry"],"acf":[],"yoast_head":"<!-- This site is optimized with the Yoast SEO plugin v27.0 - https:\/\/yoast.com\/product\/yoast-seo-wordpress\/ -->\n<title>IoT-laiteyhteydet - Aidon<\/title>\n<meta name=\"robots\" content=\"index, follow, max-snippet:-1, max-image-preview:large, max-video-preview:-1\" \/>\n<link rel=\"canonical\" href=\"https:\/\/aidon.com\/fi\/ratkaisut\/iot-laiteyhteydet\/\" \/>\n<meta property=\"og:locale\" content=\"fi_FI\" \/>\n<meta property=\"og:type\" content=\"article\" \/>\n<meta property=\"og:title\" content=\"IoT-laiteyhteydet - Aidon\" \/>\n<meta property=\"og:description\" content=\"Tiedonsiirtoteknologian valinta on keskeinen AMM-j\u00e4rjestelm\u00e4n toimivuuteen ja luotettavuuteen vaikuttava tekij\u00e4. Aidon tarjoaa erilaisiin tarpeisiin ja k\u00e4ytt\u00f6kohteisiin sopivimman tiedonsiirtoratkaisun, joka voi koostua my\u00f6s useamman teknologian yhdistelm\u00e4st\u00e4, ja jonka voi hankkia meilt\u00e4 my\u00f6s palveluna. Tarkoituksenmukaisimman tiedonsiirtoratkaisun valintaan vaikuttaa useita tekij\u00f6it\u00e4. N\u00e4it\u00e4 ovat esimerkiksi K\u00e4ytt\u00f6paikkojen lukum\u00e4\u00e4r\u00e4 ja tiheys Maantieteellinen topologia Tekniset ja toiminnalliset&hellip;\" \/>\n<meta property=\"og:url\" content=\"https:\/\/aidon.com\/fi\/ratkaisut\/iot-laiteyhteydet\/\" \/>\n<meta property=\"og:site_name\" content=\"Aidon\" \/>\n<meta property=\"article:modified_time\" content=\"2023-02-08T19:02:44+00:00\" \/>\n<meta property=\"og:image\" content=\"https:\/\/aidon.com\/wp-content\/uploads\/2022\/08\/iot-1.png\" \/>\n\t<meta property=\"og:image:width\" content=\"397\" \/>\n\t<meta property=\"og:image:height\" content=\"397\" \/>\n\t<meta property=\"og:image:type\" content=\"image\/png\" \/>\n<meta name=\"twitter:card\" content=\"summary_large_image\" \/>\n<meta name=\"twitter:label1\" content=\"Arvioitu lukuaika\" \/>\n\t<meta name=\"twitter:data1\" content=\"2 minuuttia\" \/>\n<script type=\"application\/ld+json\" class=\"yoast-schema-graph\">{\"@context\":\"https:\/\/schema.org\",\"@graph\":[{\"@type\":\"WebPage\",\"@id\":\"https:\/\/aidon.com\/fi\/ratkaisut\/iot-laiteyhteydet\/\",\"url\":\"https:\/\/aidon.com\/fi\/ratkaisut\/iot-laiteyhteydet\/\",\"name\":\"IoT-laiteyhteydet - Aidon\",\"isPartOf\":{\"@id\":\"https:\/\/aidon.com\/fi\/#website\"},\"primaryImageOfPage\":{\"@id\":\"https:\/\/aidon.com\/fi\/ratkaisut\/iot-laiteyhteydet\/#primaryimage\"},\"image\":{\"@id\":\"https:\/\/aidon.com\/fi\/ratkaisut\/iot-laiteyhteydet\/#primaryimage\"},\"thumbnailUrl\":\"https:\/\/aidon.com\/wp-content\/uploads\/2022\/08\/iot-1.png\",\"datePublished\":\"2022-08-12T08:43:09+00:00\",\"dateModified\":\"2023-02-08T19:02:44+00:00\",\"breadcrumb\":{\"@id\":\"https:\/\/aidon.com\/fi\/ratkaisut\/iot-laiteyhteydet\/#breadcrumb\"},\"inLanguage\":\"fi\",\"potentialAction\":[{\"@type\":\"ReadAction\",\"target\":[\"https:\/\/aidon.com\/fi\/ratkaisut\/iot-laiteyhteydet\/\"]}]},{\"@type\":\"ImageObject\",\"inLanguage\":\"fi\",\"@id\":\"https:\/\/aidon.com\/fi\/ratkaisut\/iot-laiteyhteydet\/#primaryimage\",\"url\":\"https:\/\/aidon.com\/wp-content\/uploads\/2022\/08\/iot-1.png\",\"contentUrl\":\"https:\/\/aidon.com\/wp-content\/uploads\/2022\/08\/iot-1.png\",\"width\":397,\"height\":397},{\"@type\":\"BreadcrumbList\",\"@id\":\"https:\/\/aidon.com\/fi\/ratkaisut\/iot-laiteyhteydet\/#breadcrumb\",\"itemListElement\":[{\"@type\":\"ListItem\",\"position\":1,\"name\":\"Ratkaisut\",\"item\":\"https:\/\/aidon.com\/fi\/ratkaisut\/\"},{\"@type\":\"ListItem\",\"position\":2,\"name\":\"IoT-laiteyhteydet\"}]},{\"@type\":\"WebSite\",\"@id\":\"https:\/\/aidon.com\/fi\/#website\",\"url\":\"https:\/\/aidon.com\/fi\/\",\"name\":\"Aidon\",\"description\":\"\",\"potentialAction\":[{\"@type\":\"SearchAction\",\"target\":{\"@type\":\"EntryPoint\",\"urlTemplate\":\"https:\/\/aidon.com\/fi\/?s={search_term_string}\"},\"query-input\":{\"@type\":\"PropertyValueSpecification\",\"valueRequired\":true,\"valueName\":\"search_term_string\"}}],\"inLanguage\":\"fi\"}]}<\/script>\n<!-- \/ Yoast SEO plugin. -->","yoast_head_json":{"title":"IoT-laiteyhteydet - Aidon","robots":{"index":"index","follow":"follow","max-snippet":"max-snippet:-1","max-image-preview":"max-image-preview:large","max-video-preview":"max-video-preview:-1"},"canonical":"https:\/\/aidon.com\/fi\/ratkaisut\/iot-laiteyhteydet\/","og_locale":"fi_FI","og_type":"article","og_title":"IoT-laiteyhteydet - Aidon","og_description":"Tiedonsiirtoteknologian valinta on keskeinen AMM-j\u00e4rjestelm\u00e4n toimivuuteen ja luotettavuuteen vaikuttava tekij\u00e4. Aidon tarjoaa erilaisiin tarpeisiin ja k\u00e4ytt\u00f6kohteisiin sopivimman tiedonsiirtoratkaisun, joka voi koostua my\u00f6s useamman teknologian yhdistelm\u00e4st\u00e4, ja jonka voi hankkia meilt\u00e4 my\u00f6s palveluna. Tarkoituksenmukaisimman tiedonsiirtoratkaisun valintaan vaikuttaa useita tekij\u00f6it\u00e4. N\u00e4it\u00e4 ovat esimerkiksi K\u00e4ytt\u00f6paikkojen lukum\u00e4\u00e4r\u00e4 ja tiheys Maantieteellinen topologia Tekniset ja toiminnalliset&hellip;","og_url":"https:\/\/aidon.com\/fi\/ratkaisut\/iot-laiteyhteydet\/","og_site_name":"Aidon","article_modified_time":"2023-02-08T19:02:44+00:00","og_image":[{"width":397,"height":397,"url":"https:\/\/aidon.com\/wp-content\/uploads\/2022\/08\/iot-1.png","type":"image\/png"}],"twitter_card":"summary_large_image","twitter_misc":{"Arvioitu lukuaika":"2 minuuttia"},"schema":{"@context":"https:\/\/schema.org","@graph":[{"@type":"WebPage","@id":"https:\/\/aidon.com\/fi\/ratkaisut\/iot-laiteyhteydet\/","url":"https:\/\/aidon.com\/fi\/ratkaisut\/iot-laiteyhteydet\/","name":"IoT-laiteyhteydet - Aidon","isPartOf":{"@id":"https:\/\/aidon.com\/fi\/#website"},"primaryImageOfPage":{"@id":"https:\/\/aidon.com\/fi\/ratkaisut\/iot-laiteyhteydet\/#primaryimage"},"image":{"@id":"https:\/\/aidon.com\/fi\/ratkaisut\/iot-laiteyhteydet\/#primaryimage"},"thumbnailUrl":"https:\/\/aidon.com\/wp-content\/uploads\/2022\/08\/iot-1.png","datePublished":"2022-08-12T08:43:09+00:00","dateModified":"2023-02-08T19:02:44+00:00","breadcrumb":{"@id":"https:\/\/aidon.com\/fi\/ratkaisut\/iot-laiteyhteydet\/#breadcrumb"},"inLanguage":"fi","potentialAction":[{"@type":"ReadAction","target":["https:\/\/aidon.com\/fi\/ratkaisut\/iot-laiteyhteydet\/"]}]},{"@type":"ImageObject","inLanguage":"fi","@id":"https:\/\/aidon.com\/fi\/ratkaisut\/iot-laiteyhteydet\/#primaryimage","url":"https:\/\/aidon.com\/wp-content\/uploads\/2022\/08\/iot-1.png","contentUrl":"https:\/\/aidon.com\/wp-content\/uploads\/2022\/08\/iot-1.png","width":397,"height":397},{"@type":"BreadcrumbList","@id":"https:\/\/aidon.com\/fi\/ratkaisut\/iot-laiteyhteydet\/#breadcrumb","itemListElement":[{"@type":"ListItem","position":1,"name":"Ratkaisut","item":"https:\/\/aidon.com\/fi\/ratkaisut\/"},{"@type":"ListItem","position":2,"name":"IoT-laiteyhteydet"}]},{"@type":"WebSite","@id":"https:\/\/aidon.com\/fi\/#website","url":"https:\/\/aidon.com\/fi\/","name":"Aidon","description":"","potentialAction":[{"@type":"SearchAction","target":{"@type":"EntryPoint","urlTemplate":"https:\/\/aidon.com\/fi\/?s={search_term_string}"},"query-input":{"@type":"PropertyValueSpecification","valueRequired":true,"valueName":"search_term_string"}}],"inLanguage":"fi"}]}},"_links":{"self":[{"href":"https:\/\/aidon.com\/fi\/wp-json\/wp\/v2\/pages\/2574","targetHints":{"allow":["GET"]}}],"collection":[{"href":"https:\/\/aidon.com\/fi\/wp-json\/wp\/v2\/pages"}],"about":[{"href":"https:\/\/aidon.com\/fi\/wp-json\/wp\/v2\/types\/page"}],"author":[{"embeddable":true,"href":"https:\/\/aidon.com\/fi\/wp-json\/wp\/v2\/users\/2"}],"replies":[{"embeddable":true,"href":"https:\/\/aidon.com\/fi\/wp-json\/wp\/v2\/comments?post=2574"}],"version-history":[{"count":28,"href":"https:\/\/aidon.com\/fi\/wp-json\/wp\/v2\/pages\/2574\/revisions"}],"predecessor-version":[{"id":6829,"href":"https:\/\/aidon.com\/fi\/wp-json\/wp\/v2\/pages\/2574\/revisions\/6829"}],"up":[{"embeddable":true,"href":"https:\/\/aidon.com\/fi\/wp-json\/wp\/v2\/pages\/590"}],"wp:featuredmedia":[{"embeddable":true,"href":"https:\/\/aidon.com\/fi\/wp-json\/wp\/v2\/media\/425"}],"wp:attachment":[{"href":"https:\/\/aidon.com\/fi\/wp-json\/wp\/v2\/media?parent=2574"}],"curies":[{"name":"wp","href":"https:\/\/api.w.org\/{rel}","templated":true}]}}