{"id":2572,"date":"2022-08-10T12:52:49","date_gmt":"2022-08-10T09:52:49","guid":{"rendered":"https:\/\/aidon.com\/?page_id=2572"},"modified":"2026-01-22T16:15:38","modified_gmt":"2026-01-22T14:15:38","slug":"mittauspalvelut-ja-jarjestelmat","status":"publish","type":"page","link":"https:\/\/aidon.com\/fi\/ratkaisut\/mittauspalvelut-ja-jarjestelmat\/","title":{"rendered":"Mittauspalvelut ja -j\u00e4rjestelm\u00e4t"},"content":{"rendered":"<p><img loading=\"lazy\" decoding=\"async\" class=\"alignnone wp-image-6412 size-full\" src=\"https:\/\/aidon.com\/wp-content\/uploads\/2023\/02\/Aidon_Metering_Services_and_Systems_web_900.png\" alt=\"\" width=\"900\" height=\"369\" srcset=\"https:\/\/aidon.com\/wp-content\/uploads\/2023\/02\/Aidon_Metering_Services_and_Systems_web_900.png 900w, https:\/\/aidon.com\/wp-content\/uploads\/2023\/02\/Aidon_Metering_Services_and_Systems_web_900-300x123.png 300w, https:\/\/aidon.com\/wp-content\/uploads\/2023\/02\/Aidon_Metering_Services_and_Systems_web_900-768x315.png 768w\" sizes=\"auto, (max-width: 900px) 100vw, 900px\" \/><\/p>\n<p><strong>Et\u00e4luentaj\u00e4rjestelm\u00e4ll\u00e4 (AMI, Advanced Metering Infrastructure) on jakeluverkossa monta t\u00e4rke\u00e4\u00e4 teht\u00e4v\u00e4\u00e4: se toimii laskutusta varten tarvittavan tiedon tuottajana sek\u00e4 luotettavan energianjakelun ja verkon yll\u00e4pitoprosessien varmistajana. Aidon tarjoaa et\u00e4luentaj\u00e4rjestelm\u00e4n toiminnallisuuksia kolmena erilaisena ratkaisutoteutuksena, joista jakeluverkkoyhti\u00f6 voi valita omaan toimintamalliinsa parhaiten sopivan vaihtoehdon.<\/strong><\/p>\n<p><strong>Metering as a Service\u00a0<\/strong>(MaaS) -malli on kokonaispalvelu, jossa Aidon vastaa asiakkaan mittaustoiminnoista p\u00e4\u00e4st\u00e4 p\u00e4\u00e4h\u00e4n &#8211; laitteilta jakeluverkkoyhti\u00f6n liiketoimintaj\u00e4rjestelmiin saakka. T\u00e4m\u00e4 mittauspalvelu pohjautuu Aidonin kehitt\u00e4m\u00e4\u00e4n moderniin palvelutuotantoalustaan, jonka vahvuutena ovat korkea automaatioaste ja vaivaton integroitavuus asiakkaan j\u00e4rjestelmiin.<\/p>\n<p>Aidon ACloud\u00a0on <strong>Software as a Service<\/strong> (SaaS) -malli, jossa Aidon vastaa luentaj\u00e4rjestelm\u00e4ymp\u00e4rist\u00f6n asennus- ja k\u00e4ytt\u00f6\u00f6nottotoiminnoista sek\u00e4 k\u00e4yt\u00f6n aikaisesta yll\u00e4pidosta ja tietoturvasta. Asiakkaat k\u00e4ytt\u00e4v\u00e4t pilvipohjaista j\u00e4rjestelm\u00e4\u00e4 web-pohjaisen k\u00e4ytt\u00f6liittym\u00e4n ja \/ tai integraatiorajapintojen kautta.<\/p>\n<p><strong>Aidon Gateware<\/strong>\u00a0-vaihtoehdossa asiakas hankkii luentaj\u00e4rjestelm\u00e4n itse hallitsemaansa ja yll\u00e4pit\u00e4m\u00e4\u00e4ns\u00e4 IT-ymp\u00e4rist\u00f6\u00f6n. Asiakas vastaa luentaj\u00e4rjestelm\u00e4n p\u00e4ivitt\u00e4isest\u00e4 k\u00e4yt\u00f6st\u00e4. Gatewaren k\u00e4ytt\u00e4j\u00e4l\u00e4ht\u00f6isesti suunniteltu web-pohjainen k\u00e4ytt\u00f6liittym\u00e4 takaa helppok\u00e4ytt\u00f6isyyden ja toimintojen saumattoman hallittavuuden. J\u00e4rjestelm\u00e4 tarjoaa modernit ja monipuoliset integraatiorajapinnat asiakkaan muihin j\u00e4rjestelmiin.<\/p>\n<p>&nbsp;<\/p>\n<hr \/>\n<p>&nbsp;<\/p>\n<h4>Lue lis\u00e4\u00e4 Aidon MaaS -palvelusta:<\/h4>\n<p>Aidonin energianmittaus\u00adpalvelussa yli miljoona k\u00e4ytt\u00f6paikkaa<br \/>\n<a href=\"https:\/\/aidon.com\/fi\/aidonin-energianmittauspalvelussa-yli-miljoona-kayttopaikkaa\/\" target=\"_blank\" rel=\"noopener\">Lue lehdist\u00f6tiedote<\/a><\/p>\n<p>170 000 Helen S\u00e4hk\u00f6verkon k\u00e4ytt\u00f6paikkaa Aidonin et\u00e4luentapalvelun piiriin<br \/>\n<a href=\"https:\/\/aidon.com\/fi\/170-000-helen-sahkoverkon-kayttopaikkaa-aidonin-etaluentapalvelun-piiriin\/\" target=\"_blank\" rel=\"noopener\">Lue uutinen<\/a><\/p>\n<p>Kaksi polttavan ajankohtaista aihetta: chilien kasvatus ja s\u00e4hk\u00f6mittarien luennan hallinta<br \/>\n<a href=\"https:\/\/aidon.com\/fi\/kaksi-polttavan-ajankohtaista-aihetta-chilien-kasvatus-ja-mittauspalvelu\/\" target=\"_blank\" rel=\"noopener\">Lue Juha J\u00e4rvenp\u00e4\u00e4n pohdinnat<\/a><\/p>\n","protected":false},"excerpt":{"rendered":"<p>Et\u00e4luentaj\u00e4rjestelm\u00e4ll\u00e4 (AMI, Advanced Metering Infrastructure) on jakeluverkossa monta t\u00e4rke\u00e4\u00e4 teht\u00e4v\u00e4\u00e4: se toimii laskutusta varten tarvittavan tiedon tuottajana sek\u00e4 luotettavan energianjakelun ja verkon yll\u00e4pitoprosessien varmistajana. Aidon tarjoaa et\u00e4luentaj\u00e4rjestelm\u00e4n toiminnallisuuksia kolmena erilaisena ratkaisutoteutuksena, joista jakeluverkkoyhti\u00f6 voi valita omaan toimintamalliinsa parhaiten sopivan vaihtoehdon. Metering as a Service\u00a0(MaaS) -malli on kokonaispalvelu, jossa Aidon vastaa&hellip;<\/p>\n","protected":false},"author":2,"featured_media":437,"parent":590,"menu_order":1,"comment_status":"closed","ping_status":"closed","template":"page-single-solutions.php","meta":{"_acf_changed":false,"footnotes":""},"class_list":["post-2572","page","type-page","status-publish","has-post-thumbnail","hentry"],"acf":[],"yoast_head":"<!-- This site is optimized with the Yoast SEO plugin v27.0 - https:\/\/yoast.com\/product\/yoast-seo-wordpress\/ -->\n<title>Mittauspalvelut ja -j\u00e4rjestelm\u00e4t - Aidon<\/title>\n<meta name=\"robots\" content=\"index, follow, max-snippet:-1, max-image-preview:large, max-video-preview:-1\" \/>\n<link rel=\"canonical\" href=\"https:\/\/aidon.com\/fi\/ratkaisut\/mittauspalvelut-ja-jarjestelmat\/\" \/>\n<meta property=\"og:locale\" content=\"fi_FI\" \/>\n<meta property=\"og:type\" content=\"article\" \/>\n<meta property=\"og:title\" content=\"Mittauspalvelut ja -j\u00e4rjestelm\u00e4t - Aidon\" \/>\n<meta property=\"og:description\" content=\"Et\u00e4luentaj\u00e4rjestelm\u00e4ll\u00e4 (AMI, Advanced Metering Infrastructure) on jakeluverkossa monta t\u00e4rke\u00e4\u00e4 teht\u00e4v\u00e4\u00e4: se toimii laskutusta varten tarvittavan tiedon tuottajana sek\u00e4 luotettavan energianjakelun ja verkon yll\u00e4pitoprosessien varmistajana. Aidon tarjoaa et\u00e4luentaj\u00e4rjestelm\u00e4n toiminnallisuuksia kolmena erilaisena ratkaisutoteutuksena, joista jakeluverkkoyhti\u00f6 voi valita omaan toimintamalliinsa parhaiten sopivan vaihtoehdon. Metering as a Service\u00a0(MaaS) -malli on kokonaispalvelu, jossa Aidon vastaa&hellip;\" \/>\n<meta property=\"og:url\" content=\"https:\/\/aidon.com\/fi\/ratkaisut\/mittauspalvelut-ja-jarjestelmat\/\" \/>\n<meta property=\"og:site_name\" content=\"Aidon\" \/>\n<meta property=\"article:modified_time\" content=\"2026-01-22T14:15:38+00:00\" \/>\n<meta property=\"og:image\" content=\"https:\/\/aidon.com\/wp-content\/uploads\/2022\/08\/metering-2.png\" \/>\n\t<meta property=\"og:image:width\" content=\"397\" \/>\n\t<meta property=\"og:image:height\" content=\"397\" \/>\n\t<meta property=\"og:image:type\" content=\"image\/png\" \/>\n<meta name=\"twitter:card\" content=\"summary_large_image\" \/>\n<meta name=\"twitter:label1\" content=\"Arvioitu lukuaika\" \/>\n\t<meta name=\"twitter:data1\" content=\"2 minuuttia\" \/>\n<script type=\"application\/ld+json\" class=\"yoast-schema-graph\">{\"@context\":\"https:\/\/schema.org\",\"@graph\":[{\"@type\":\"WebPage\",\"@id\":\"https:\/\/aidon.com\/fi\/ratkaisut\/mittauspalvelut-ja-jarjestelmat\/\",\"url\":\"https:\/\/aidon.com\/fi\/ratkaisut\/mittauspalvelut-ja-jarjestelmat\/\",\"name\":\"Mittauspalvelut ja -j\u00e4rjestelm\u00e4t - Aidon\",\"isPartOf\":{\"@id\":\"https:\/\/aidon.com\/fi\/#website\"},\"primaryImageOfPage\":{\"@id\":\"https:\/\/aidon.com\/fi\/ratkaisut\/mittauspalvelut-ja-jarjestelmat\/#primaryimage\"},\"image\":{\"@id\":\"https:\/\/aidon.com\/fi\/ratkaisut\/mittauspalvelut-ja-jarjestelmat\/#primaryimage\"},\"thumbnailUrl\":\"https:\/\/aidon.com\/wp-content\/uploads\/2022\/08\/metering-2.png\",\"datePublished\":\"2022-08-10T09:52:49+00:00\",\"dateModified\":\"2026-01-22T14:15:38+00:00\",\"breadcrumb\":{\"@id\":\"https:\/\/aidon.com\/fi\/ratkaisut\/mittauspalvelut-ja-jarjestelmat\/#breadcrumb\"},\"inLanguage\":\"fi\",\"potentialAction\":[{\"@type\":\"ReadAction\",\"target\":[\"https:\/\/aidon.com\/fi\/ratkaisut\/mittauspalvelut-ja-jarjestelmat\/\"]}]},{\"@type\":\"ImageObject\",\"inLanguage\":\"fi\",\"@id\":\"https:\/\/aidon.com\/fi\/ratkaisut\/mittauspalvelut-ja-jarjestelmat\/#primaryimage\",\"url\":\"https:\/\/aidon.com\/wp-content\/uploads\/2022\/08\/metering-2.png\",\"contentUrl\":\"https:\/\/aidon.com\/wp-content\/uploads\/2022\/08\/metering-2.png\",\"width\":397,\"height\":397},{\"@type\":\"BreadcrumbList\",\"@id\":\"https:\/\/aidon.com\/fi\/ratkaisut\/mittauspalvelut-ja-jarjestelmat\/#breadcrumb\",\"itemListElement\":[{\"@type\":\"ListItem\",\"position\":1,\"name\":\"Ratkaisut\",\"item\":\"https:\/\/aidon.com\/fi\/ratkaisut\/\"},{\"@type\":\"ListItem\",\"position\":2,\"name\":\"Mittauspalvelut ja -j\u00e4rjestelm\u00e4t\"}]},{\"@type\":\"WebSite\",\"@id\":\"https:\/\/aidon.com\/fi\/#website\",\"url\":\"https:\/\/aidon.com\/fi\/\",\"name\":\"Aidon\",\"description\":\"\",\"potentialAction\":[{\"@type\":\"SearchAction\",\"target\":{\"@type\":\"EntryPoint\",\"urlTemplate\":\"https:\/\/aidon.com\/fi\/?s={search_term_string}\"},\"query-input\":{\"@type\":\"PropertyValueSpecification\",\"valueRequired\":true,\"valueName\":\"search_term_string\"}}],\"inLanguage\":\"fi\"}]}<\/script>\n<!-- \/ Yoast SEO plugin. -->","yoast_head_json":{"title":"Mittauspalvelut ja -j\u00e4rjestelm\u00e4t - Aidon","robots":{"index":"index","follow":"follow","max-snippet":"max-snippet:-1","max-image-preview":"max-image-preview:large","max-video-preview":"max-video-preview:-1"},"canonical":"https:\/\/aidon.com\/fi\/ratkaisut\/mittauspalvelut-ja-jarjestelmat\/","og_locale":"fi_FI","og_type":"article","og_title":"Mittauspalvelut ja -j\u00e4rjestelm\u00e4t - Aidon","og_description":"Et\u00e4luentaj\u00e4rjestelm\u00e4ll\u00e4 (AMI, Advanced Metering Infrastructure) on jakeluverkossa monta t\u00e4rke\u00e4\u00e4 teht\u00e4v\u00e4\u00e4: se toimii laskutusta varten tarvittavan tiedon tuottajana sek\u00e4 luotettavan energianjakelun ja verkon yll\u00e4pitoprosessien varmistajana. Aidon tarjoaa et\u00e4luentaj\u00e4rjestelm\u00e4n toiminnallisuuksia kolmena erilaisena ratkaisutoteutuksena, joista jakeluverkkoyhti\u00f6 voi valita omaan toimintamalliinsa parhaiten sopivan vaihtoehdon. Metering as a Service\u00a0(MaaS) -malli on kokonaispalvelu, jossa Aidon vastaa&hellip;","og_url":"https:\/\/aidon.com\/fi\/ratkaisut\/mittauspalvelut-ja-jarjestelmat\/","og_site_name":"Aidon","article_modified_time":"2026-01-22T14:15:38+00:00","og_image":[{"width":397,"height":397,"url":"https:\/\/aidon.com\/wp-content\/uploads\/2022\/08\/metering-2.png","type":"image\/png"}],"twitter_card":"summary_large_image","twitter_misc":{"Arvioitu lukuaika":"2 minuuttia"},"schema":{"@context":"https:\/\/schema.org","@graph":[{"@type":"WebPage","@id":"https:\/\/aidon.com\/fi\/ratkaisut\/mittauspalvelut-ja-jarjestelmat\/","url":"https:\/\/aidon.com\/fi\/ratkaisut\/mittauspalvelut-ja-jarjestelmat\/","name":"Mittauspalvelut ja -j\u00e4rjestelm\u00e4t - Aidon","isPartOf":{"@id":"https:\/\/aidon.com\/fi\/#website"},"primaryImageOfPage":{"@id":"https:\/\/aidon.com\/fi\/ratkaisut\/mittauspalvelut-ja-jarjestelmat\/#primaryimage"},"image":{"@id":"https:\/\/aidon.com\/fi\/ratkaisut\/mittauspalvelut-ja-jarjestelmat\/#primaryimage"},"thumbnailUrl":"https:\/\/aidon.com\/wp-content\/uploads\/2022\/08\/metering-2.png","datePublished":"2022-08-10T09:52:49+00:00","dateModified":"2026-01-22T14:15:38+00:00","breadcrumb":{"@id":"https:\/\/aidon.com\/fi\/ratkaisut\/mittauspalvelut-ja-jarjestelmat\/#breadcrumb"},"inLanguage":"fi","potentialAction":[{"@type":"ReadAction","target":["https:\/\/aidon.com\/fi\/ratkaisut\/mittauspalvelut-ja-jarjestelmat\/"]}]},{"@type":"ImageObject","inLanguage":"fi","@id":"https:\/\/aidon.com\/fi\/ratkaisut\/mittauspalvelut-ja-jarjestelmat\/#primaryimage","url":"https:\/\/aidon.com\/wp-content\/uploads\/2022\/08\/metering-2.png","contentUrl":"https:\/\/aidon.com\/wp-content\/uploads\/2022\/08\/metering-2.png","width":397,"height":397},{"@type":"BreadcrumbList","@id":"https:\/\/aidon.com\/fi\/ratkaisut\/mittauspalvelut-ja-jarjestelmat\/#breadcrumb","itemListElement":[{"@type":"ListItem","position":1,"name":"Ratkaisut","item":"https:\/\/aidon.com\/fi\/ratkaisut\/"},{"@type":"ListItem","position":2,"name":"Mittauspalvelut ja -j\u00e4rjestelm\u00e4t"}]},{"@type":"WebSite","@id":"https:\/\/aidon.com\/fi\/#website","url":"https:\/\/aidon.com\/fi\/","name":"Aidon","description":"","potentialAction":[{"@type":"SearchAction","target":{"@type":"EntryPoint","urlTemplate":"https:\/\/aidon.com\/fi\/?s={search_term_string}"},"query-input":{"@type":"PropertyValueSpecification","valueRequired":true,"valueName":"search_term_string"}}],"inLanguage":"fi"}]}},"_links":{"self":[{"href":"https:\/\/aidon.com\/fi\/wp-json\/wp\/v2\/pages\/2572","targetHints":{"allow":["GET"]}}],"collection":[{"href":"https:\/\/aidon.com\/fi\/wp-json\/wp\/v2\/pages"}],"about":[{"href":"https:\/\/aidon.com\/fi\/wp-json\/wp\/v2\/types\/page"}],"author":[{"embeddable":true,"href":"https:\/\/aidon.com\/fi\/wp-json\/wp\/v2\/users\/2"}],"replies":[{"embeddable":true,"href":"https:\/\/aidon.com\/fi\/wp-json\/wp\/v2\/comments?post=2572"}],"version-history":[{"count":18,"href":"https:\/\/aidon.com\/fi\/wp-json\/wp\/v2\/pages\/2572\/revisions"}],"predecessor-version":[{"id":18444,"href":"https:\/\/aidon.com\/fi\/wp-json\/wp\/v2\/pages\/2572\/revisions\/18444"}],"up":[{"embeddable":true,"href":"https:\/\/aidon.com\/fi\/wp-json\/wp\/v2\/pages\/590"}],"wp:featuredmedia":[{"embeddable":true,"href":"https:\/\/aidon.com\/fi\/wp-json\/wp\/v2\/media\/437"}],"wp:attachment":[{"href":"https:\/\/aidon.com\/fi\/wp-json\/wp\/v2\/media?parent=2572"}],"curies":[{"name":"wp","href":"https:\/\/api.w.org\/{rel}","templated":true}]}}