{"id":2562,"date":"2022-08-24T09:45:26","date_gmt":"2022-08-24T09:45:26","guid":{"rendered":"https:\/\/aidon.com\/?page_id=2562"},"modified":"2023-04-11T14:32:52","modified_gmt":"2023-04-11T14:32:52","slug":"asiakkaat","status":"publish","type":"page","link":"https:\/\/aidon.com\/fi\/asiakkaat\/","title":{"rendered":"Asiakkaat"},"content":{"rendered":"<h2>Olemme sitoutuneet tuottamaan pitk\u00e4aikaista arvoa asiakkaillemme<\/h2>\n<p><strong>Yrityksemme perustamisesta, vuodesta 2004 l\u00e4htien olemme ratkaisuillamme auttaneet asiakkaitamme, pohjoismaisia jakeluverkkoyhti\u00f6it\u00e4, parantamaan s\u00e4hk\u00f6njakelun luotettavuutta ja vastaamaan k\u00e4ynniss\u00e4 oleviin energiatoimialan muutoksiin. Aidonin asiakkaina on sek\u00e4 suuria alueellisia jakeluverkonhaltijoita ett\u00e4 pienempi\u00e4 paikallisia yhti\u00f6it\u00e4.<\/strong><\/p>\n<p>Uusimpia teknologioita hy\u00f6dynt\u00e4en ja tiiviiss\u00e4 yhteisty\u00f6ss\u00e4 asiakasyritystemme kanssa autamme niit\u00e4 t\u00e4ytt\u00e4m\u00e4\u00e4n ensisijaisen velvoitteensa: varmistamaan h\u00e4iri\u00f6tt\u00f6m\u00e4n s\u00e4hk\u00f6njakelun omille asiakkailleen. Samalla edist\u00e4mme ratkaisuillamme resurssitehokkuutta, uusiutuvan energian hallintaa ja pitk\u00e4n aikav\u00e4lin kest\u00e4vi\u00e4 investointeja.<\/p>\n<p>Lue asiakaskertomuksia ja artikkeleita alta.<\/p>\n<p>&nbsp;<\/p>\n","protected":false},"excerpt":{"rendered":"<p>Olemme sitoutuneet tuottamaan pitk\u00e4aikaista arvoa asiakkaillemme Yrityksemme perustamisesta, vuodesta 2004 l\u00e4htien olemme ratkaisuillamme auttaneet asiakkaitamme, pohjoismaisia jakeluverkkoyhti\u00f6it\u00e4, parantamaan s\u00e4hk\u00f6njakelun luotettavuutta ja vastaamaan k\u00e4ynniss\u00e4 oleviin energiatoimialan muutoksiin. Aidonin asiakkaina on sek\u00e4 suuria alueellisia jakeluverkonhaltijoita ett\u00e4 pienempi\u00e4 paikallisia yhti\u00f6it\u00e4. Uusimpia teknologioita hy\u00f6dynt\u00e4en ja tiiviiss\u00e4 yhteisty\u00f6ss\u00e4 asiakasyritystemme kanssa autamme niit\u00e4 t\u00e4ytt\u00e4m\u00e4\u00e4n ensisijaisen velvoitteensa:&hellip;<\/p>\n","protected":false},"author":2,"featured_media":950,"parent":0,"menu_order":0,"comment_status":"closed","ping_status":"closed","template":"page-customers.php","meta":{"_acf_changed":false,"footnotes":""},"class_list":["post-2562","page","type-page","status-publish","has-post-thumbnail","hentry"],"acf":[],"yoast_head":"<!-- This site is optimized with the Yoast SEO plugin v27.0 - https:\/\/yoast.com\/product\/yoast-seo-wordpress\/ -->\n<title>Asiakkaat - Aidon<\/title>\n<meta name=\"robots\" content=\"index, follow, max-snippet:-1, max-image-preview:large, max-video-preview:-1\" \/>\n<link rel=\"canonical\" href=\"https:\/\/aidon.com\/fi\/asiakkaat\/\" \/>\n<meta property=\"og:locale\" content=\"fi_FI\" \/>\n<meta property=\"og:type\" content=\"article\" \/>\n<meta property=\"og:title\" content=\"Asiakkaat - Aidon\" \/>\n<meta property=\"og:description\" content=\"Olemme sitoutuneet tuottamaan pitk\u00e4aikaista arvoa asiakkaillemme Yrityksemme perustamisesta, vuodesta 2004 l\u00e4htien olemme ratkaisuillamme auttaneet asiakkaitamme, pohjoismaisia jakeluverkkoyhti\u00f6it\u00e4, parantamaan s\u00e4hk\u00f6njakelun luotettavuutta ja vastaamaan k\u00e4ynniss\u00e4 oleviin energiatoimialan muutoksiin. Aidonin asiakkaina on sek\u00e4 suuria alueellisia jakeluverkonhaltijoita ett\u00e4 pienempi\u00e4 paikallisia yhti\u00f6it\u00e4. Uusimpia teknologioita hy\u00f6dynt\u00e4en ja tiiviiss\u00e4 yhteisty\u00f6ss\u00e4 asiakasyritystemme kanssa autamme niit\u00e4 t\u00e4ytt\u00e4m\u00e4\u00e4n ensisijaisen velvoitteensa:&hellip;\" \/>\n<meta property=\"og:url\" content=\"https:\/\/aidon.com\/fi\/asiakkaat\/\" \/>\n<meta property=\"og:site_name\" content=\"Aidon\" \/>\n<meta property=\"article:modified_time\" content=\"2023-04-11T14:32:52+00:00\" \/>\n<meta property=\"og:image\" content=\"https:\/\/aidon.com\/wp-content\/uploads\/2022\/09\/Aidon_Helsinki_Toolo_24x_small_RGB2.jpg\" \/>\n\t<meta property=\"og:image:width\" content=\"2000\" \/>\n\t<meta property=\"og:image:height\" content=\"1300\" \/>\n\t<meta property=\"og:image:type\" content=\"image\/jpeg\" \/>\n<meta name=\"twitter:card\" content=\"summary_large_image\" \/>\n<meta name=\"twitter:label1\" content=\"Arvioitu lukuaika\" \/>\n\t<meta name=\"twitter:data1\" content=\"1 minuutti\" \/>\n<script type=\"application\/ld+json\" class=\"yoast-schema-graph\">{\"@context\":\"https:\/\/schema.org\",\"@graph\":[{\"@type\":\"WebPage\",\"@id\":\"https:\/\/aidon.com\/fi\/asiakkaat\/\",\"url\":\"https:\/\/aidon.com\/fi\/asiakkaat\/\",\"name\":\"Asiakkaat - Aidon\",\"isPartOf\":{\"@id\":\"https:\/\/aidon.com\/fi\/#website\"},\"primaryImageOfPage\":{\"@id\":\"https:\/\/aidon.com\/fi\/asiakkaat\/#primaryimage\"},\"image\":{\"@id\":\"https:\/\/aidon.com\/fi\/asiakkaat\/#primaryimage\"},\"thumbnailUrl\":\"https:\/\/aidon.com\/wp-content\/uploads\/2022\/09\/Aidon_Helsinki_Toolo_24x_small_RGB2.jpg\",\"datePublished\":\"2022-08-24T09:45:26+00:00\",\"dateModified\":\"2023-04-11T14:32:52+00:00\",\"inLanguage\":\"fi\",\"potentialAction\":[{\"@type\":\"ReadAction\",\"target\":[\"https:\/\/aidon.com\/fi\/asiakkaat\/\"]}]},{\"@type\":\"ImageObject\",\"inLanguage\":\"fi\",\"@id\":\"https:\/\/aidon.com\/fi\/asiakkaat\/#primaryimage\",\"url\":\"https:\/\/aidon.com\/wp-content\/uploads\/2022\/09\/Aidon_Helsinki_Toolo_24x_small_RGB2.jpg\",\"contentUrl\":\"https:\/\/aidon.com\/wp-content\/uploads\/2022\/09\/Aidon_Helsinki_Toolo_24x_small_RGB2.jpg\",\"width\":2000,\"height\":1300},{\"@type\":\"WebSite\",\"@id\":\"https:\/\/aidon.com\/fi\/#website\",\"url\":\"https:\/\/aidon.com\/fi\/\",\"name\":\"Aidon\",\"description\":\"\",\"potentialAction\":[{\"@type\":\"SearchAction\",\"target\":{\"@type\":\"EntryPoint\",\"urlTemplate\":\"https:\/\/aidon.com\/fi\/?s={search_term_string}\"},\"query-input\":{\"@type\":\"PropertyValueSpecification\",\"valueRequired\":true,\"valueName\":\"search_term_string\"}}],\"inLanguage\":\"fi\"}]}<\/script>\n<!-- \/ Yoast SEO plugin. -->","yoast_head_json":{"title":"Asiakkaat - Aidon","robots":{"index":"index","follow":"follow","max-snippet":"max-snippet:-1","max-image-preview":"max-image-preview:large","max-video-preview":"max-video-preview:-1"},"canonical":"https:\/\/aidon.com\/fi\/asiakkaat\/","og_locale":"fi_FI","og_type":"article","og_title":"Asiakkaat - Aidon","og_description":"Olemme sitoutuneet tuottamaan pitk\u00e4aikaista arvoa asiakkaillemme Yrityksemme perustamisesta, vuodesta 2004 l\u00e4htien olemme ratkaisuillamme auttaneet asiakkaitamme, pohjoismaisia jakeluverkkoyhti\u00f6it\u00e4, parantamaan s\u00e4hk\u00f6njakelun luotettavuutta ja vastaamaan k\u00e4ynniss\u00e4 oleviin energiatoimialan muutoksiin. Aidonin asiakkaina on sek\u00e4 suuria alueellisia jakeluverkonhaltijoita ett\u00e4 pienempi\u00e4 paikallisia yhti\u00f6it\u00e4. Uusimpia teknologioita hy\u00f6dynt\u00e4en ja tiiviiss\u00e4 yhteisty\u00f6ss\u00e4 asiakasyritystemme kanssa autamme niit\u00e4 t\u00e4ytt\u00e4m\u00e4\u00e4n ensisijaisen velvoitteensa:&hellip;","og_url":"https:\/\/aidon.com\/fi\/asiakkaat\/","og_site_name":"Aidon","article_modified_time":"2023-04-11T14:32:52+00:00","og_image":[{"width":2000,"height":1300,"url":"https:\/\/aidon.com\/wp-content\/uploads\/2022\/09\/Aidon_Helsinki_Toolo_24x_small_RGB2.jpg","type":"image\/jpeg"}],"twitter_card":"summary_large_image","twitter_misc":{"Arvioitu lukuaika":"1 minuutti"},"schema":{"@context":"https:\/\/schema.org","@graph":[{"@type":"WebPage","@id":"https:\/\/aidon.com\/fi\/asiakkaat\/","url":"https:\/\/aidon.com\/fi\/asiakkaat\/","name":"Asiakkaat - Aidon","isPartOf":{"@id":"https:\/\/aidon.com\/fi\/#website"},"primaryImageOfPage":{"@id":"https:\/\/aidon.com\/fi\/asiakkaat\/#primaryimage"},"image":{"@id":"https:\/\/aidon.com\/fi\/asiakkaat\/#primaryimage"},"thumbnailUrl":"https:\/\/aidon.com\/wp-content\/uploads\/2022\/09\/Aidon_Helsinki_Toolo_24x_small_RGB2.jpg","datePublished":"2022-08-24T09:45:26+00:00","dateModified":"2023-04-11T14:32:52+00:00","inLanguage":"fi","potentialAction":[{"@type":"ReadAction","target":["https:\/\/aidon.com\/fi\/asiakkaat\/"]}]},{"@type":"ImageObject","inLanguage":"fi","@id":"https:\/\/aidon.com\/fi\/asiakkaat\/#primaryimage","url":"https:\/\/aidon.com\/wp-content\/uploads\/2022\/09\/Aidon_Helsinki_Toolo_24x_small_RGB2.jpg","contentUrl":"https:\/\/aidon.com\/wp-content\/uploads\/2022\/09\/Aidon_Helsinki_Toolo_24x_small_RGB2.jpg","width":2000,"height":1300},{"@type":"WebSite","@id":"https:\/\/aidon.com\/fi\/#website","url":"https:\/\/aidon.com\/fi\/","name":"Aidon","description":"","potentialAction":[{"@type":"SearchAction","target":{"@type":"EntryPoint","urlTemplate":"https:\/\/aidon.com\/fi\/?s={search_term_string}"},"query-input":{"@type":"PropertyValueSpecification","valueRequired":true,"valueName":"search_term_string"}}],"inLanguage":"fi"}]}},"_links":{"self":[{"href":"https:\/\/aidon.com\/fi\/wp-json\/wp\/v2\/pages\/2562","targetHints":{"allow":["GET"]}}],"collection":[{"href":"https:\/\/aidon.com\/fi\/wp-json\/wp\/v2\/pages"}],"about":[{"href":"https:\/\/aidon.com\/fi\/wp-json\/wp\/v2\/types\/page"}],"author":[{"embeddable":true,"href":"https:\/\/aidon.com\/fi\/wp-json\/wp\/v2\/users\/2"}],"replies":[{"embeddable":true,"href":"https:\/\/aidon.com\/fi\/wp-json\/wp\/v2\/comments?post=2562"}],"version-history":[{"count":8,"href":"https:\/\/aidon.com\/fi\/wp-json\/wp\/v2\/pages\/2562\/revisions"}],"predecessor-version":[{"id":9671,"href":"https:\/\/aidon.com\/fi\/wp-json\/wp\/v2\/pages\/2562\/revisions\/9671"}],"wp:featuredmedia":[{"embeddable":true,"href":"https:\/\/aidon.com\/fi\/wp-json\/wp\/v2\/media\/950"}],"wp:attachment":[{"href":"https:\/\/aidon.com\/fi\/wp-json\/wp\/v2\/media?parent=2562"}],"curies":[{"name":"wp","href":"https:\/\/api.w.org\/{rel}","templated":true}]}}