{"id":2124,"date":"2022-08-23T11:24:48","date_gmt":"2022-08-23T08:24:48","guid":{"rendered":"https:\/\/aidon.com\/?page_id=2124"},"modified":"2026-01-27T11:30:15","modified_gmt":"2026-01-27T09:30:15","slug":"yhteystiedot","status":"publish","type":"page","link":"https:\/\/aidon.com\/fi\/yhteystiedot\/","title":{"rendered":"Yhteystiedot"},"content":{"rendered":"<h2>Kuinka voimme auttaa?<\/h2>\n<p>Oletko kiinnostunut ratkaisuistamme tai haluatko olla meihin yhteydess\u00e4 muissa asioissa? Alla olevan linkin kautta p\u00e4\u00e4set lomakkeelle, jolla voit antaa yhteystietosi ja kertoa yhteydenottosi aiheen.<\/p>\n<p>Jos sinulla on k\u00e4yt\u00f6ss\u00e4si Aidonin s\u00e4hk\u00f6mittari ja sinulla on kysytt\u00e4v\u00e4\u00e4 sen toiminnasta tai ominaisuuksista, esimerkiksi HAN-rajapinnasta, ota yhteytt\u00e4 jakeluverkkoyhti\u00f6si asiakaspalveluun tai tekniseen tukeen. Aidon ei valitettavasti vastaa suoraan verkkoyhti\u00f6iden asiakkaiden tiedusteluihin.<\/p>\n<p><a class=\"cta inside\" href=\"https:\/\/aidon.com\/fi\/yhteydenottolomake\/\" target=\"_blank\" rel=\"noopener\">Ota yhteytt\u00e4!<\/a><\/p>\n<p>&nbsp;<\/p>\n","protected":false},"excerpt":{"rendered":"<p>Kuinka voimme auttaa? Oletko kiinnostunut ratkaisuistamme tai haluatko olla meihin yhteydess\u00e4 muissa asioissa? Alla olevan linkin kautta p\u00e4\u00e4set lomakkeelle, jolla voit antaa yhteystietosi ja kertoa yhteydenottosi aiheen. Jos sinulla on k\u00e4yt\u00f6ss\u00e4si Aidonin s\u00e4hk\u00f6mittari ja sinulla on kysytt\u00e4v\u00e4\u00e4 sen toiminnasta tai ominaisuuksista, esimerkiksi HAN-rajapinnasta, ota yhteytt\u00e4 jakeluverkkoyhti\u00f6si asiakaspalveluun tai tekniseen tukeen.&hellip;<\/p>\n","protected":false},"author":2,"featured_media":485,"parent":0,"menu_order":0,"comment_status":"closed","ping_status":"closed","template":"","meta":{"_acf_changed":false,"footnotes":""},"class_list":["post-2124","page","type-page","status-publish","has-post-thumbnail","hentry"],"acf":[],"yoast_head":"<!-- This site is optimized with the Yoast SEO plugin v27.0 - https:\/\/yoast.com\/product\/yoast-seo-wordpress\/ -->\n<title>Yhteystiedot - Aidon<\/title>\n<meta name=\"robots\" content=\"index, follow, max-snippet:-1, max-image-preview:large, max-video-preview:-1\" \/>\n<link rel=\"canonical\" href=\"https:\/\/aidon.com\/fi\/yhteystiedot\/\" \/>\n<meta property=\"og:locale\" content=\"fi_FI\" \/>\n<meta property=\"og:type\" content=\"article\" \/>\n<meta property=\"og:title\" content=\"Yhteystiedot - Aidon\" \/>\n<meta property=\"og:description\" content=\"Kuinka voimme auttaa? Oletko kiinnostunut ratkaisuistamme tai haluatko olla meihin yhteydess\u00e4 muissa asioissa? Alla olevan linkin kautta p\u00e4\u00e4set lomakkeelle, jolla voit antaa yhteystietosi ja kertoa yhteydenottosi aiheen. Jos sinulla on k\u00e4yt\u00f6ss\u00e4si Aidonin s\u00e4hk\u00f6mittari ja sinulla on kysytt\u00e4v\u00e4\u00e4 sen toiminnasta tai ominaisuuksista, esimerkiksi HAN-rajapinnasta, ota yhteytt\u00e4 jakeluverkkoyhti\u00f6si asiakaspalveluun tai tekniseen tukeen.&hellip;\" \/>\n<meta property=\"og:url\" content=\"https:\/\/aidon.com\/fi\/yhteystiedot\/\" \/>\n<meta property=\"og:site_name\" content=\"Aidon\" \/>\n<meta property=\"article:modified_time\" content=\"2026-01-27T09:30:15+00:00\" \/>\n<meta property=\"og:image\" content=\"https:\/\/aidon.com\/wp-content\/uploads\/2022\/08\/AidonCom_Contact_Desktop.jpg\" \/>\n\t<meta property=\"og:image:width\" content=\"1920\" \/>\n\t<meta property=\"og:image:height\" content=\"768\" \/>\n\t<meta property=\"og:image:type\" content=\"image\/jpeg\" \/>\n<meta name=\"twitter:card\" content=\"summary_large_image\" \/>\n<meta name=\"twitter:label1\" content=\"Arvioitu lukuaika\" \/>\n\t<meta name=\"twitter:data1\" content=\"1 minuutti\" \/>\n<script type=\"application\/ld+json\" class=\"yoast-schema-graph\">{\"@context\":\"https:\/\/schema.org\",\"@graph\":[{\"@type\":\"WebPage\",\"@id\":\"https:\/\/aidon.com\/fi\/yhteystiedot\/\",\"url\":\"https:\/\/aidon.com\/fi\/yhteystiedot\/\",\"name\":\"Yhteystiedot - Aidon\",\"isPartOf\":{\"@id\":\"https:\/\/aidon.com\/fi\/#website\"},\"primaryImageOfPage\":{\"@id\":\"https:\/\/aidon.com\/fi\/yhteystiedot\/#primaryimage\"},\"image\":{\"@id\":\"https:\/\/aidon.com\/fi\/yhteystiedot\/#primaryimage\"},\"thumbnailUrl\":\"https:\/\/aidon.com\/wp-content\/uploads\/2022\/08\/AidonCom_Contact_Desktop.jpg\",\"datePublished\":\"2022-08-23T08:24:48+00:00\",\"dateModified\":\"2026-01-27T09:30:15+00:00\",\"inLanguage\":\"fi\",\"potentialAction\":[{\"@type\":\"ReadAction\",\"target\":[\"https:\/\/aidon.com\/fi\/yhteystiedot\/\"]}]},{\"@type\":\"ImageObject\",\"inLanguage\":\"fi\",\"@id\":\"https:\/\/aidon.com\/fi\/yhteystiedot\/#primaryimage\",\"url\":\"https:\/\/aidon.com\/wp-content\/uploads\/2022\/08\/AidonCom_Contact_Desktop.jpg\",\"contentUrl\":\"https:\/\/aidon.com\/wp-content\/uploads\/2022\/08\/AidonCom_Contact_Desktop.jpg\",\"width\":1920,\"height\":768},{\"@type\":\"WebSite\",\"@id\":\"https:\/\/aidon.com\/fi\/#website\",\"url\":\"https:\/\/aidon.com\/fi\/\",\"name\":\"Aidon\",\"description\":\"\",\"potentialAction\":[{\"@type\":\"SearchAction\",\"target\":{\"@type\":\"EntryPoint\",\"urlTemplate\":\"https:\/\/aidon.com\/fi\/?s={search_term_string}\"},\"query-input\":{\"@type\":\"PropertyValueSpecification\",\"valueRequired\":true,\"valueName\":\"search_term_string\"}}],\"inLanguage\":\"fi\"}]}<\/script>\n<!-- \/ Yoast SEO plugin. -->","yoast_head_json":{"title":"Yhteystiedot - Aidon","robots":{"index":"index","follow":"follow","max-snippet":"max-snippet:-1","max-image-preview":"max-image-preview:large","max-video-preview":"max-video-preview:-1"},"canonical":"https:\/\/aidon.com\/fi\/yhteystiedot\/","og_locale":"fi_FI","og_type":"article","og_title":"Yhteystiedot - Aidon","og_description":"Kuinka voimme auttaa? Oletko kiinnostunut ratkaisuistamme tai haluatko olla meihin yhteydess\u00e4 muissa asioissa? Alla olevan linkin kautta p\u00e4\u00e4set lomakkeelle, jolla voit antaa yhteystietosi ja kertoa yhteydenottosi aiheen. Jos sinulla on k\u00e4yt\u00f6ss\u00e4si Aidonin s\u00e4hk\u00f6mittari ja sinulla on kysytt\u00e4v\u00e4\u00e4 sen toiminnasta tai ominaisuuksista, esimerkiksi HAN-rajapinnasta, ota yhteytt\u00e4 jakeluverkkoyhti\u00f6si asiakaspalveluun tai tekniseen tukeen.&hellip;","og_url":"https:\/\/aidon.com\/fi\/yhteystiedot\/","og_site_name":"Aidon","article_modified_time":"2026-01-27T09:30:15+00:00","og_image":[{"width":1920,"height":768,"url":"https:\/\/aidon.com\/wp-content\/uploads\/2022\/08\/AidonCom_Contact_Desktop.jpg","type":"image\/jpeg"}],"twitter_card":"summary_large_image","twitter_misc":{"Arvioitu lukuaika":"1 minuutti"},"schema":{"@context":"https:\/\/schema.org","@graph":[{"@type":"WebPage","@id":"https:\/\/aidon.com\/fi\/yhteystiedot\/","url":"https:\/\/aidon.com\/fi\/yhteystiedot\/","name":"Yhteystiedot - Aidon","isPartOf":{"@id":"https:\/\/aidon.com\/fi\/#website"},"primaryImageOfPage":{"@id":"https:\/\/aidon.com\/fi\/yhteystiedot\/#primaryimage"},"image":{"@id":"https:\/\/aidon.com\/fi\/yhteystiedot\/#primaryimage"},"thumbnailUrl":"https:\/\/aidon.com\/wp-content\/uploads\/2022\/08\/AidonCom_Contact_Desktop.jpg","datePublished":"2022-08-23T08:24:48+00:00","dateModified":"2026-01-27T09:30:15+00:00","inLanguage":"fi","potentialAction":[{"@type":"ReadAction","target":["https:\/\/aidon.com\/fi\/yhteystiedot\/"]}]},{"@type":"ImageObject","inLanguage":"fi","@id":"https:\/\/aidon.com\/fi\/yhteystiedot\/#primaryimage","url":"https:\/\/aidon.com\/wp-content\/uploads\/2022\/08\/AidonCom_Contact_Desktop.jpg","contentUrl":"https:\/\/aidon.com\/wp-content\/uploads\/2022\/08\/AidonCom_Contact_Desktop.jpg","width":1920,"height":768},{"@type":"WebSite","@id":"https:\/\/aidon.com\/fi\/#website","url":"https:\/\/aidon.com\/fi\/","name":"Aidon","description":"","potentialAction":[{"@type":"SearchAction","target":{"@type":"EntryPoint","urlTemplate":"https:\/\/aidon.com\/fi\/?s={search_term_string}"},"query-input":{"@type":"PropertyValueSpecification","valueRequired":true,"valueName":"search_term_string"}}],"inLanguage":"fi"}]}},"_links":{"self":[{"href":"https:\/\/aidon.com\/fi\/wp-json\/wp\/v2\/pages\/2124","targetHints":{"allow":["GET"]}}],"collection":[{"href":"https:\/\/aidon.com\/fi\/wp-json\/wp\/v2\/pages"}],"about":[{"href":"https:\/\/aidon.com\/fi\/wp-json\/wp\/v2\/types\/page"}],"author":[{"embeddable":true,"href":"https:\/\/aidon.com\/fi\/wp-json\/wp\/v2\/users\/2"}],"replies":[{"embeddable":true,"href":"https:\/\/aidon.com\/fi\/wp-json\/wp\/v2\/comments?post=2124"}],"version-history":[{"count":94,"href":"https:\/\/aidon.com\/fi\/wp-json\/wp\/v2\/pages\/2124\/revisions"}],"predecessor-version":[{"id":18493,"href":"https:\/\/aidon.com\/fi\/wp-json\/wp\/v2\/pages\/2124\/revisions\/18493"}],"wp:featuredmedia":[{"embeddable":true,"href":"https:\/\/aidon.com\/fi\/wp-json\/wp\/v2\/media\/485"}],"wp:attachment":[{"href":"https:\/\/aidon.com\/fi\/wp-json\/wp\/v2\/media?parent=2124"}],"curies":[{"name":"wp","href":"https:\/\/api.w.org\/{rel}","templated":true}]}}