{"id":9768,"date":"2023-04-25T07:34:34","date_gmt":"2023-04-25T07:34:34","guid":{"rendered":"https:\/\/aidon.com\/?page_id=9768"},"modified":"2023-05-31T19:23:15","modified_gmt":"2023-05-31T19:23:15","slug":"fremtidens-netselskab","status":"publish","type":"page","link":"https:\/\/aidon.com\/dk\/fremtidens-netselskab\/","title":{"rendered":"Fremtidens netselskab"},"content":{"rendered":"<p><img loading=\"lazy\" decoding=\"async\" class=\"alignnone wp-image-9953 size-full\" src=\"https:\/\/aidon.com\/wp-content\/uploads\/2023\/04\/Denmark_landing_page_1_banner_7.png\" alt=\"\" width=\"717\" height=\"400\" srcset=\"https:\/\/aidon.com\/wp-content\/uploads\/2023\/04\/Denmark_landing_page_1_banner_7.png 717w, https:\/\/aidon.com\/wp-content\/uploads\/2023\/04\/Denmark_landing_page_1_banner_7-300x167.png 300w\" sizes=\"auto, (max-width: 717px) 100vw, 717px\" \/><\/p>\n<h2><\/h2>\n<h2><\/h2>\n<h2 style=\"color: #00a7ff;\">ER I KLAR TIL FREMTIDEN SOM NETSELSKAB?<\/h2>\n<p>Netselskaberne st\u00e5r overfor en r\u00e6kke udfordringer, og det er nemt at overse nogle ellers v\u00e6sentlige fokuspunkter.<\/p>\n<p><strong>Hent vores 10 gode r\u00e5d til hvordan man kan optimere, og hvad man skal v\u00e6re opm\u00e6rksom p\u00e5 som en del af forsyningsbranchen.<\/strong><\/p>\n<p>T\u00e6nk smart og udskyd de tunge investeringer i bl.a. elnettet. Aidon er klar med r\u00e5dgivning og l\u00f8sninger.<\/p>\n<p>&nbsp;<\/p>\n<p><a class=\"cta inside\" href=\"https:\/\/aidon.com\/dk\/fremtidens-netselskab\/download-formular\/\" target=\"_blank\" rel=\"noopener\">Klik her og hent de 10 punkter til eftertanke<\/a><\/p>\n<p>&nbsp;<\/p>\n<p><strong>En af vores l\u00f8sninger er Aidon One, vores SaaS-baserede planl\u00e6gnings- og styrings-software. Aidon One er designet til effektivt at styre arbejdet i marken for alle typer forsyningsselskaber.<\/strong><\/p>\n<p>&nbsp;<\/p>\n","protected":false},"excerpt":{"rendered":"<p>ER I KLAR TIL FREMTIDEN SOM NETSELSKAB? Netselskaberne st\u00e5r overfor en r\u00e6kke udfordringer, og det er nemt at overse nogle ellers v\u00e6sentlige fokuspunkter. Hent vores 10 gode r\u00e5d til hvordan man kan optimere, og hvad man skal v\u00e6re opm\u00e6rksom p\u00e5 som en del af forsyningsbranchen. T\u00e6nk smart og udskyd de&hellip;<\/p>\n","protected":false},"author":2,"featured_media":0,"parent":0,"menu_order":0,"comment_status":"closed","ping_status":"closed","template":"page-landingpage-with-nav.php","meta":{"_acf_changed":false,"footnotes":""},"class_list":["post-9768","page","type-page","status-publish","hentry"],"acf":[],"yoast_head":"<!-- This site is optimized with the Yoast SEO plugin v27.5 - https:\/\/yoast.com\/product\/yoast-seo-wordpress\/ -->\n<title>Fremtidens netselskab - Aidon<\/title>\n<meta name=\"robots\" content=\"index, follow, max-snippet:-1, max-image-preview:large, max-video-preview:-1\" \/>\n<link rel=\"canonical\" href=\"https:\/\/aidon.com\/dk\/fremtidens-netselskab\/\" \/>\n<meta property=\"og:locale\" content=\"en_US\" \/>\n<meta property=\"og:type\" content=\"article\" \/>\n<meta property=\"og:title\" content=\"Fremtidens netselskab - Aidon\" \/>\n<meta property=\"og:description\" content=\"ER I KLAR TIL FREMTIDEN SOM NETSELSKAB? Netselskaberne st\u00e5r overfor en r\u00e6kke udfordringer, og det er nemt at overse nogle ellers v\u00e6sentlige fokuspunkter. Hent vores 10 gode r\u00e5d til hvordan man kan optimere, og hvad man skal v\u00e6re opm\u00e6rksom p\u00e5 som en del af forsyningsbranchen. T\u00e6nk smart og udskyd de&hellip;\" \/>\n<meta property=\"og:url\" content=\"https:\/\/aidon.com\/dk\/fremtidens-netselskab\/\" \/>\n<meta property=\"og:site_name\" content=\"Aidon\" \/>\n<meta property=\"article:modified_time\" content=\"2023-05-31T19:23:15+00:00\" \/>\n<meta property=\"og:image\" content=\"https:\/\/aidon.com\/wp-content\/uploads\/2023\/04\/Denmark_landing_page_1_banner_7.png\" \/>\n<meta name=\"twitter:card\" content=\"summary_large_image\" \/>\n<meta name=\"twitter:label1\" content=\"Est. reading time\" \/>\n\t<meta name=\"twitter:data1\" content=\"1 minute\" \/>\n<script type=\"application\/ld+json\" class=\"yoast-schema-graph\">{\"@context\":\"https:\\\/\\\/schema.org\",\"@graph\":[{\"@type\":\"WebPage\",\"@id\":\"https:\\\/\\\/aidon.com\\\/dk\\\/fremtidens-netselskab\\\/\",\"url\":\"https:\\\/\\\/aidon.com\\\/dk\\\/fremtidens-netselskab\\\/\",\"name\":\"Fremtidens netselskab - Aidon\",\"isPartOf\":{\"@id\":\"https:\\\/\\\/aidon.com\\\/dk\\\/#website\"},\"primaryImageOfPage\":{\"@id\":\"https:\\\/\\\/aidon.com\\\/dk\\\/fremtidens-netselskab\\\/#primaryimage\"},\"image\":{\"@id\":\"https:\\\/\\\/aidon.com\\\/dk\\\/fremtidens-netselskab\\\/#primaryimage\"},\"thumbnailUrl\":\"https:\\\/\\\/aidon.com\\\/wp-content\\\/uploads\\\/2023\\\/04\\\/Denmark_landing_page_1_banner_7.png\",\"datePublished\":\"2023-04-25T07:34:34+00:00\",\"dateModified\":\"2023-05-31T19:23:15+00:00\",\"inLanguage\":\"dk-DK\",\"potentialAction\":[{\"@type\":\"ReadAction\",\"target\":[\"https:\\\/\\\/aidon.com\\\/dk\\\/fremtidens-netselskab\\\/\"]}]},{\"@type\":\"ImageObject\",\"inLanguage\":\"dk-DK\",\"@id\":\"https:\\\/\\\/aidon.com\\\/dk\\\/fremtidens-netselskab\\\/#primaryimage\",\"url\":\"https:\\\/\\\/aidon.com\\\/wp-content\\\/uploads\\\/2023\\\/04\\\/Denmark_landing_page_1_banner_7.png\",\"contentUrl\":\"https:\\\/\\\/aidon.com\\\/wp-content\\\/uploads\\\/2023\\\/04\\\/Denmark_landing_page_1_banner_7.png\"},{\"@type\":\"WebSite\",\"@id\":\"https:\\\/\\\/aidon.com\\\/dk\\\/#website\",\"url\":\"https:\\\/\\\/aidon.com\\\/dk\\\/\",\"name\":\"Aidon\",\"description\":\"\",\"potentialAction\":[{\"@type\":\"SearchAction\",\"target\":{\"@type\":\"EntryPoint\",\"urlTemplate\":\"https:\\\/\\\/aidon.com\\\/dk\\\/?s={search_term_string}\"},\"query-input\":{\"@type\":\"PropertyValueSpecification\",\"valueRequired\":true,\"valueName\":\"search_term_string\"}}],\"inLanguage\":\"dk-DK\"}]}<\/script>\n<!-- \/ Yoast SEO plugin. -->","yoast_head_json":{"title":"Fremtidens netselskab - Aidon","robots":{"index":"index","follow":"follow","max-snippet":"max-snippet:-1","max-image-preview":"max-image-preview:large","max-video-preview":"max-video-preview:-1"},"canonical":"https:\/\/aidon.com\/dk\/fremtidens-netselskab\/","og_locale":"en_US","og_type":"article","og_title":"Fremtidens netselskab - Aidon","og_description":"ER I KLAR TIL FREMTIDEN SOM NETSELSKAB? Netselskaberne st\u00e5r overfor en r\u00e6kke udfordringer, og det er nemt at overse nogle ellers v\u00e6sentlige fokuspunkter. Hent vores 10 gode r\u00e5d til hvordan man kan optimere, og hvad man skal v\u00e6re opm\u00e6rksom p\u00e5 som en del af forsyningsbranchen. T\u00e6nk smart og udskyd de&hellip;","og_url":"https:\/\/aidon.com\/dk\/fremtidens-netselskab\/","og_site_name":"Aidon","article_modified_time":"2023-05-31T19:23:15+00:00","og_image":[{"url":"https:\/\/aidon.com\/wp-content\/uploads\/2023\/04\/Denmark_landing_page_1_banner_7.png","type":"","width":"","height":""}],"twitter_card":"summary_large_image","twitter_misc":{"Est. reading time":"1 minute"},"schema":{"@context":"https:\/\/schema.org","@graph":[{"@type":"WebPage","@id":"https:\/\/aidon.com\/dk\/fremtidens-netselskab\/","url":"https:\/\/aidon.com\/dk\/fremtidens-netselskab\/","name":"Fremtidens netselskab - Aidon","isPartOf":{"@id":"https:\/\/aidon.com\/dk\/#website"},"primaryImageOfPage":{"@id":"https:\/\/aidon.com\/dk\/fremtidens-netselskab\/#primaryimage"},"image":{"@id":"https:\/\/aidon.com\/dk\/fremtidens-netselskab\/#primaryimage"},"thumbnailUrl":"https:\/\/aidon.com\/wp-content\/uploads\/2023\/04\/Denmark_landing_page_1_banner_7.png","datePublished":"2023-04-25T07:34:34+00:00","dateModified":"2023-05-31T19:23:15+00:00","inLanguage":"dk-DK","potentialAction":[{"@type":"ReadAction","target":["https:\/\/aidon.com\/dk\/fremtidens-netselskab\/"]}]},{"@type":"ImageObject","inLanguage":"dk-DK","@id":"https:\/\/aidon.com\/dk\/fremtidens-netselskab\/#primaryimage","url":"https:\/\/aidon.com\/wp-content\/uploads\/2023\/04\/Denmark_landing_page_1_banner_7.png","contentUrl":"https:\/\/aidon.com\/wp-content\/uploads\/2023\/04\/Denmark_landing_page_1_banner_7.png"},{"@type":"WebSite","@id":"https:\/\/aidon.com\/dk\/#website","url":"https:\/\/aidon.com\/dk\/","name":"Aidon","description":"","potentialAction":[{"@type":"SearchAction","target":{"@type":"EntryPoint","urlTemplate":"https:\/\/aidon.com\/dk\/?s={search_term_string}"},"query-input":{"@type":"PropertyValueSpecification","valueRequired":true,"valueName":"search_term_string"}}],"inLanguage":"dk-DK"}]}},"_links":{"self":[{"href":"https:\/\/aidon.com\/dk\/wp-json\/wp\/v2\/pages\/9768","targetHints":{"allow":["GET"]}}],"collection":[{"href":"https:\/\/aidon.com\/dk\/wp-json\/wp\/v2\/pages"}],"about":[{"href":"https:\/\/aidon.com\/dk\/wp-json\/wp\/v2\/types\/page"}],"author":[{"embeddable":true,"href":"https:\/\/aidon.com\/dk\/wp-json\/wp\/v2\/users\/2"}],"replies":[{"embeddable":true,"href":"https:\/\/aidon.com\/dk\/wp-json\/wp\/v2\/comments?post=9768"}],"version-history":[{"count":121,"href":"https:\/\/aidon.com\/dk\/wp-json\/wp\/v2\/pages\/9768\/revisions"}],"predecessor-version":[{"id":9770,"href":"https:\/\/aidon.com\/dk\/wp-json\/wp\/v2\/pages\/9768\/revisions\/9770"}],"wp:attachment":[{"href":"https:\/\/aidon.com\/dk\/wp-json\/wp\/v2\/media?parent=9768"}],"curies":[{"name":"wp","href":"https:\/\/api.w.org\/{rel}","templated":true}]}}